{"id":5443,"date":"2019-03-21T17:52:01","date_gmt":"2019-03-21T17:52:01","guid":{"rendered":"https:\/\/annaalbert.com\/producto\/taller-de-batik-sobre-seda\/"},"modified":"2023-10-26T14:09:02","modified_gmt":"2023-10-26T14:09:02","slug":"taller-de-batik-sobre-seda","status":"publish","type":"product","link":"https:\/\/annaalbert.com\/es\/producto-es\/taller-de-batik-sobre-seda\/","title":{"rendered":"TALLER DE BATIK SOBRE SEDA"},"content":{"rendered":"<p>\u00a1Descubre la magia del Batik en nuestro taller de batik sobre seda! Si eres un amante de las artes y te gustar\u00eda explorar una t\u00e9cnica \u00fanica y fascinante, este taller es tu oportunidad.<\/p>\n<p>El batik es una forma de arte que tiene ra\u00edces profundas en varias culturas de todo el mundo. Este taller te abrir\u00e1 las puertas a una tradici\u00f3n que se remonta en siglos atr\u00e1s, pero que todav\u00eda es muy relevante en el mundo del arte contempor\u00e1neo. Podr\u00e1s combinar las t\u00e9cnicas tradicionales con tu propia creatividad, creando piezas que cautivar\u00e1n la atenci\u00f3n de todo el mundo. El Batik sobre seda es una antigua t\u00e9cnica de arte textil que se caracteriza por su belleza y complejidad. En este taller, te guiaremos a trav\u00e9s de todo el proceso, desde los materiales hasta la creaci\u00f3n de piezas maestras. Trabajaremos con seda natural de la m\u00e1xima calidad y aprenderemos a crear patrones y dise\u00f1os espectaculares con una paleta de colores ilimitada.<\/p>\n<p>Adem\u00e1s, este taller te proporcionar\u00e1 las herramientas y los conocimientos necesarios para continuar creando obras de arte \u00fanicas despu\u00e9s de su finalizaci\u00f3n. Ya sea para tu propia satisfacci\u00f3n personal o para la posibilidad de vender tus creaciones, el Batik sobre seda abre un mundo de posibilidades.<\/p>\n<p>No esperes m\u00e1s para explorar esta t\u00e9cnica art\u00edstica \u00fanica. \u00danete a nuestro taller de Batik sobre seda y deja que tu creatividad se exprese a trav\u00e9s de colores y patrones fascinantes. No esperes m\u00e1s y c\u00f3mpralo hoy mismo y empieza tu aventura en el mundo de la seda y el Batik.<\/p>\n","protected":false},"excerpt":{"rendered":"<p>\u00a1Descubre la magia del Batik en nuestro taller de batik sobre seda! Si eres un amante de las artes y te gustar\u00eda explorar una t\u00e9cnica \u00fanica y fascinante, este taller es tu oportunidad. El batik es una forma de arte que tiene ra\u00edces profundas en varias culturas de todo el mundo. Este taller te abrir\u00e1 [&hellip;]<\/p>\n","protected":false},"featured_media":4669,"comment_status":"closed","ping_status":"closed","template":"","meta":{"_et_pb_use_builder":"","_et_pb_old_content":"","_et_gb_content_width":""},"product_brand":[],"product_cat":[159],"product_tag":[],"class_list":{"0":"post-5443","1":"product","2":"type-product","3":"status-publish","4":"has-post-thumbnail","6":"product_cat-tallers-es","8":"first","9":"instock","10":"purchasable","11":"product-type-simple"},"yoast_head":"<!-- This site is optimized with the Yoast SEO plugin v27.0 - https:\/\/yoast.com\/product\/yoast-seo-wordpress\/ -->\n<title>TALLER DE BATIK SOBRE SEDA - Art en Seda<\/title>\n<meta name=\"description\" content=\"Si os interesa un taller de batik sobre seda, aqu\u00ed encontrar\u00e9is un sobre este tema. No hay que ser un experto para poder disfrutar de este taller.\" \/>\n<meta name=\"robots\" content=\"index, follow, max-snippet:-1, max-image-preview:large, max-video-preview:-1\" \/>\n<link rel=\"canonical\" href=\"https:\/\/annaalbert.com\/es\/producto-es\/taller-de-batik-sobre-seda\/\" \/>\n<meta property=\"og:locale\" content=\"es_ES\" \/>\n<meta property=\"og:type\" content=\"article\" \/>\n<meta property=\"og:title\" content=\"TALLER DE BATIK SOBRE SEDA - Art en Seda\" \/>\n<meta property=\"og:description\" content=\"Si os interesa un taller de batik sobre seda, aqu\u00ed encontrar\u00e9is un sobre este tema. No hay que ser un experto para poder disfrutar de este taller.\" \/>\n<meta property=\"og:url\" content=\"https:\/\/annaalbert.com\/es\/producto-es\/taller-de-batik-sobre-seda\/\" \/>\n<meta property=\"og:site_name\" content=\"Art en Seda\" \/>\n<meta property=\"article:modified_time\" content=\"2023-10-26T14:09:02+00:00\" \/>\n<meta property=\"og:image\" content=\"https:\/\/annaalbert.com\/wp-content\/uploads\/2019\/02\/9.jpg\" \/>\n\t<meta property=\"og:image:width\" content=\"500\" \/>\n\t<meta property=\"og:image:height\" content=\"334\" \/>\n\t<meta property=\"og:image:type\" content=\"image\/jpeg\" \/>\n<meta name=\"twitter:card\" content=\"summary_large_image\" \/>\n<meta name=\"twitter:label1\" content=\"Tiempo de lectura\" \/>\n\t<meta name=\"twitter:data1\" content=\"1 minuto\" \/>\n<script type=\"application\/ld+json\" class=\"yoast-schema-graph\">{\"@context\":\"https:\/\/schema.org\",\"@graph\":[{\"@type\":\"WebPage\",\"@id\":\"https:\/\/annaalbert.com\/es\/producto-es\/taller-de-batik-sobre-seda\/\",\"url\":\"https:\/\/annaalbert.com\/es\/producto-es\/taller-de-batik-sobre-seda\/\",\"name\":\"TALLER DE BATIK SOBRE SEDA - Art en Seda\",\"isPartOf\":{\"@id\":\"https:\/\/annaalbert.com\/es\/#website\"},\"primaryImageOfPage\":{\"@id\":\"https:\/\/annaalbert.com\/es\/producto-es\/taller-de-batik-sobre-seda\/#primaryimage\"},\"image\":{\"@id\":\"https:\/\/annaalbert.com\/es\/producto-es\/taller-de-batik-sobre-seda\/#primaryimage\"},\"thumbnailUrl\":\"https:\/\/annaalbert.com\/wp-content\/uploads\/2019\/02\/9.jpg\",\"datePublished\":\"2019-03-21T17:52:01+00:00\",\"dateModified\":\"2023-10-26T14:09:02+00:00\",\"description\":\"Si os interesa un taller de batik sobre seda, aqu\u00ed encontrar\u00e9is un sobre este tema. No hay que ser un experto para poder disfrutar de este taller.\",\"breadcrumb\":{\"@id\":\"https:\/\/annaalbert.com\/es\/producto-es\/taller-de-batik-sobre-seda\/#breadcrumb\"},\"inLanguage\":\"es\",\"potentialAction\":[{\"@type\":\"ReadAction\",\"target\":[\"https:\/\/annaalbert.com\/es\/producto-es\/taller-de-batik-sobre-seda\/\"]}]},{\"@type\":\"ImageObject\",\"inLanguage\":\"es\",\"@id\":\"https:\/\/annaalbert.com\/es\/producto-es\/taller-de-batik-sobre-seda\/#primaryimage\",\"url\":\"https:\/\/annaalbert.com\/wp-content\/uploads\/2019\/02\/9.jpg\",\"contentUrl\":\"https:\/\/annaalbert.com\/wp-content\/uploads\/2019\/02\/9.jpg\",\"width\":500,\"height\":334,\"caption\":\"b\u00e0tik sobre seda\"},{\"@type\":\"BreadcrumbList\",\"@id\":\"https:\/\/annaalbert.com\/es\/producto-es\/taller-de-batik-sobre-seda\/#breadcrumb\",\"itemListElement\":[{\"@type\":\"ListItem\",\"position\":1,\"name\":\"Portada\",\"item\":\"https:\/\/annaalbert.com\/es\/\"},{\"@type\":\"ListItem\",\"position\":2,\"name\":\"Tienda\",\"item\":\"https:\/\/annaalbert.com\/tienda\/\"},{\"@type\":\"ListItem\",\"position\":3,\"name\":\"TALLER DE BATIK SOBRE SEDA\"}]},{\"@type\":\"WebSite\",\"@id\":\"https:\/\/annaalbert.com\/es\/#website\",\"url\":\"https:\/\/annaalbert.com\/es\/\",\"name\":\"Art en Seda\",\"description\":\"Productos de seda pintada a mano, asi como cursos, talleres, experiencias por la artesana Anna Albert\",\"publisher\":{\"@id\":\"https:\/\/annaalbert.com\/es\/#organization\"},\"potentialAction\":[{\"@type\":\"SearchAction\",\"target\":{\"@type\":\"EntryPoint\",\"urlTemplate\":\"https:\/\/annaalbert.com\/es\/?s={search_term_string}\"},\"query-input\":{\"@type\":\"PropertyValueSpecification\",\"valueRequired\":true,\"valueName\":\"search_term_string\"}}],\"inLanguage\":\"es\"},{\"@type\":\"Organization\",\"@id\":\"https:\/\/annaalbert.com\/es\/#organization\",\"name\":\"Art en Seda by Anna Albert\",\"url\":\"https:\/\/annaalbert.com\/es\/\",\"logo\":{\"@type\":\"ImageObject\",\"inLanguage\":\"es\",\"@id\":\"https:\/\/annaalbert.com\/es\/#\/schema\/logo\/image\/\",\"url\":\"https:\/\/annaalbert.com\/wp-content\/uploads\/2021\/01\/horitzontal_fonsblanc-scaled.jpg\",\"contentUrl\":\"https:\/\/annaalbert.com\/wp-content\/uploads\/2021\/01\/horitzontal_fonsblanc-scaled.jpg\",\"width\":2560,\"height\":779,\"caption\":\"Art en Seda by Anna Albert\"},\"image\":{\"@id\":\"https:\/\/annaalbert.com\/es\/#\/schema\/logo\/image\/\"}}]}<\/script>\n<!-- \/ Yoast SEO plugin. -->","yoast_head_json":{"title":"TALLER DE BATIK SOBRE SEDA - Art en Seda","description":"Si os interesa un taller de batik sobre seda, aqu\u00ed encontrar\u00e9is un sobre este tema. No hay que ser un experto para poder disfrutar de este taller.","robots":{"index":"index","follow":"follow","max-snippet":"max-snippet:-1","max-image-preview":"max-image-preview:large","max-video-preview":"max-video-preview:-1"},"canonical":"https:\/\/annaalbert.com\/es\/producto-es\/taller-de-batik-sobre-seda\/","og_locale":"es_ES","og_type":"article","og_title":"TALLER DE BATIK SOBRE SEDA - Art en Seda","og_description":"Si os interesa un taller de batik sobre seda, aqu\u00ed encontrar\u00e9is un sobre este tema. No hay que ser un experto para poder disfrutar de este taller.","og_url":"https:\/\/annaalbert.com\/es\/producto-es\/taller-de-batik-sobre-seda\/","og_site_name":"Art en Seda","article_modified_time":"2023-10-26T14:09:02+00:00","og_image":[{"width":500,"height":334,"url":"https:\/\/annaalbert.com\/wp-content\/uploads\/2019\/02\/9.jpg","type":"image\/jpeg"}],"twitter_card":"summary_large_image","twitter_misc":{"Tiempo de lectura":"1 minuto"},"schema":{"@context":"https:\/\/schema.org","@graph":[{"@type":"WebPage","@id":"https:\/\/annaalbert.com\/es\/producto-es\/taller-de-batik-sobre-seda\/","url":"https:\/\/annaalbert.com\/es\/producto-es\/taller-de-batik-sobre-seda\/","name":"TALLER DE BATIK SOBRE SEDA - Art en Seda","isPartOf":{"@id":"https:\/\/annaalbert.com\/es\/#website"},"primaryImageOfPage":{"@id":"https:\/\/annaalbert.com\/es\/producto-es\/taller-de-batik-sobre-seda\/#primaryimage"},"image":{"@id":"https:\/\/annaalbert.com\/es\/producto-es\/taller-de-batik-sobre-seda\/#primaryimage"},"thumbnailUrl":"https:\/\/annaalbert.com\/wp-content\/uploads\/2019\/02\/9.jpg","datePublished":"2019-03-21T17:52:01+00:00","dateModified":"2023-10-26T14:09:02+00:00","description":"Si os interesa un taller de batik sobre seda, aqu\u00ed encontrar\u00e9is un sobre este tema. No hay que ser un experto para poder disfrutar de este taller.","breadcrumb":{"@id":"https:\/\/annaalbert.com\/es\/producto-es\/taller-de-batik-sobre-seda\/#breadcrumb"},"inLanguage":"es","potentialAction":[{"@type":"ReadAction","target":["https:\/\/annaalbert.com\/es\/producto-es\/taller-de-batik-sobre-seda\/"]}]},{"@type":"ImageObject","inLanguage":"es","@id":"https:\/\/annaalbert.com\/es\/producto-es\/taller-de-batik-sobre-seda\/#primaryimage","url":"https:\/\/annaalbert.com\/wp-content\/uploads\/2019\/02\/9.jpg","contentUrl":"https:\/\/annaalbert.com\/wp-content\/uploads\/2019\/02\/9.jpg","width":500,"height":334,"caption":"b\u00e0tik sobre seda"},{"@type":"BreadcrumbList","@id":"https:\/\/annaalbert.com\/es\/producto-es\/taller-de-batik-sobre-seda\/#breadcrumb","itemListElement":[{"@type":"ListItem","position":1,"name":"Portada","item":"https:\/\/annaalbert.com\/es\/"},{"@type":"ListItem","position":2,"name":"Tienda","item":"https:\/\/annaalbert.com\/tienda\/"},{"@type":"ListItem","position":3,"name":"TALLER DE BATIK SOBRE SEDA"}]},{"@type":"WebSite","@id":"https:\/\/annaalbert.com\/es\/#website","url":"https:\/\/annaalbert.com\/es\/","name":"Art en Seda","description":"Productos de seda pintada a mano, asi como cursos, talleres, experiencias por la artesana Anna Albert","publisher":{"@id":"https:\/\/annaalbert.com\/es\/#organization"},"potentialAction":[{"@type":"SearchAction","target":{"@type":"EntryPoint","urlTemplate":"https:\/\/annaalbert.com\/es\/?s={search_term_string}"},"query-input":{"@type":"PropertyValueSpecification","valueRequired":true,"valueName":"search_term_string"}}],"inLanguage":"es"},{"@type":"Organization","@id":"https:\/\/annaalbert.com\/es\/#organization","name":"Art en Seda by Anna Albert","url":"https:\/\/annaalbert.com\/es\/","logo":{"@type":"ImageObject","inLanguage":"es","@id":"https:\/\/annaalbert.com\/es\/#\/schema\/logo\/image\/","url":"https:\/\/annaalbert.com\/wp-content\/uploads\/2021\/01\/horitzontal_fonsblanc-scaled.jpg","contentUrl":"https:\/\/annaalbert.com\/wp-content\/uploads\/2021\/01\/horitzontal_fonsblanc-scaled.jpg","width":2560,"height":779,"caption":"Art en Seda by Anna Albert"},"image":{"@id":"https:\/\/annaalbert.com\/es\/#\/schema\/logo\/image\/"}}]}},"_links":{"self":[{"href":"https:\/\/annaalbert.com\/es\/wp-json\/wp\/v2\/product\/5443","targetHints":{"allow":["GET"]}}],"collection":[{"href":"https:\/\/annaalbert.com\/es\/wp-json\/wp\/v2\/product"}],"about":[{"href":"https:\/\/annaalbert.com\/es\/wp-json\/wp\/v2\/types\/product"}],"replies":[{"embeddable":true,"href":"https:\/\/annaalbert.com\/es\/wp-json\/wp\/v2\/comments?post=5443"}],"wp:featuredmedia":[{"embeddable":true,"href":"https:\/\/annaalbert.com\/es\/wp-json\/wp\/v2\/media\/4669"}],"wp:attachment":[{"href":"https:\/\/annaalbert.com\/es\/wp-json\/wp\/v2\/media?parent=5443"}],"wp:term":[{"taxonomy":"product_brand","embeddable":true,"href":"https:\/\/annaalbert.com\/es\/wp-json\/wp\/v2\/product_brand?post=5443"},{"taxonomy":"product_cat","embeddable":true,"href":"https:\/\/annaalbert.com\/es\/wp-json\/wp\/v2\/product_cat?post=5443"},{"taxonomy":"product_tag","embeddable":true,"href":"https:\/\/annaalbert.com\/es\/wp-json\/wp\/v2\/product_tag?post=5443"}],"curies":[{"name":"wp","href":"https:\/\/api.w.org\/{rel}","templated":true}]}}