{"id":5439,"date":"2019-03-21T17:52:01","date_gmt":"2019-03-21T17:52:01","guid":{"rendered":"https:\/\/annaalbert.com\/producto\/taller-de-mandalas-sobre-seda\/"},"modified":"2023-10-26T14:31:40","modified_gmt":"2023-10-26T14:31:40","slug":"taller-de-mandalas-sobre-seda","status":"publish","type":"product","link":"https:\/\/annaalbert.com\/es\/producto-es\/taller-de-mandalas-sobre-seda\/","title":{"rendered":"TALLER DE MANDALAS SOBRE SEDA"},"content":{"rendered":"<p>Descubre la magia de la seda a trav\u00e9s de nuestro apasionante taller de mandalas sobre seda. Esta es una oportunidad \u00fanica para profundizar en el arte ancestral de la seda y crear piezas \u00fanicas que reflejen tu propia creatividad y personalidad.<\/p>\n<p>En este taller, te sumergir\u00e1s en el universo fascinante de la seda, aprendiendo la historia y las t\u00e9cnicas tradicionales de esta preciosa fibra natural. La seda es conocida por su suavidad y brillantez, y es el apoyo ideal para la creaci\u00f3n de mandalas, con sus colores intensos y patrones intrincados. Aprender\u00e1s como pintar y decorar mandalas sobre seda con t\u00e9cnicas especializadas, incluyendo la pintura con acuarela de seda y el uso de saltos y resistencias para crear efectos \u00fanicos.<\/p>\n<p>Nuestro taller es adecuado para todo el mundo, tanto si eres un artista experimentado como si est\u00e1s explorando esta forma de expresi\u00f3n art\u00edstica por primera vez. Por eso, una experta te acompa\u00f1ar\u00e1 paso a paso, proporcionando orientaci\u00f3n personalizada para ayudarte a desarrollar tus propias habilidades y estilo. Adem\u00e1s, trabajar con la seda es relajante y meditativo, el que te permitir\u00e1 conectar con tu propia creatividad de manera profunda y significativa.<\/p>\n<p>Ven a unirte a nosotros en esta experiencia \u00fanica y llevar a casa tu propio mandala de seda como recuerdo inolvidable. Es el momento perfecto para explorar la belleza de la seda y la creatividad que rae dentro de tuyo. No dejes pasar esta oportunidad de descubrir el arte de la seda en un entorno acogedor e inspirador. Por lo tanto, ap\u00fantate ahora y deja volar tu imaginaci\u00f3n en un mundo de colores y textura que solo la seda puede ofrecer.<\/p>\n","protected":false},"excerpt":{"rendered":"<p>Descubre la magia de la seda a trav\u00e9s de nuestro apasionante taller de mandalas sobre seda. Esta es una oportunidad \u00fanica para profundizar en el arte ancestral de la seda y crear piezas \u00fanicas que reflejen tu propia creatividad y personalidad. En este taller, te sumergir\u00e1s en el universo fascinante de la seda, aprendiendo la [&hellip;]<\/p>\n","protected":false},"featured_media":5440,"comment_status":"closed","ping_status":"closed","template":"","meta":{"_et_pb_use_builder":"","_et_pb_old_content":"","_et_gb_content_width":""},"product_brand":[],"product_cat":[159],"product_tag":[],"class_list":{"0":"post-5439","1":"product","2":"type-product","3":"status-publish","4":"has-post-thumbnail","6":"product_cat-tallers-es","8":"first","9":"instock","10":"purchasable","11":"product-type-simple"},"yoast_head":"<!-- This site is optimized with the Yoast SEO plugin v27.0 - https:\/\/yoast.com\/product\/yoast-seo-wordpress\/ -->\n<title>TALLER DE MANDALAS SOBRE SEDA - Art en Seda<\/title>\n<meta name=\"description\" content=\"\u00a1Descubre como pintar mandalas en este taller de mandalas sobre seda! \u00a1Para todas las edades y no es necesario que tengas experiencia previa!\" \/>\n<meta name=\"robots\" content=\"index, follow, max-snippet:-1, max-image-preview:large, max-video-preview:-1\" \/>\n<link rel=\"canonical\" href=\"https:\/\/annaalbert.com\/es\/producto-es\/taller-de-mandalas-sobre-seda\/\" \/>\n<meta property=\"og:locale\" content=\"es_ES\" \/>\n<meta property=\"og:type\" content=\"article\" \/>\n<meta property=\"og:title\" content=\"TALLER DE MANDALAS SOBRE SEDA - Art en Seda\" \/>\n<meta property=\"og:description\" content=\"\u00a1Descubre como pintar mandalas en este taller de mandalas sobre seda! \u00a1Para todas las edades y no es necesario que tengas experiencia previa!\" \/>\n<meta property=\"og:url\" content=\"https:\/\/annaalbert.com\/es\/producto-es\/taller-de-mandalas-sobre-seda\/\" \/>\n<meta property=\"og:site_name\" content=\"Art en Seda\" \/>\n<meta property=\"article:modified_time\" content=\"2023-10-26T14:31:40+00:00\" \/>\n<meta property=\"og:image\" content=\"https:\/\/annaalbert.com\/wp-content\/uploads\/2019\/02\/48.jpg\" \/>\n\t<meta property=\"og:image:width\" content=\"870\" \/>\n\t<meta property=\"og:image:height\" content=\"588\" \/>\n\t<meta property=\"og:image:type\" content=\"image\/jpeg\" \/>\n<meta name=\"twitter:card\" content=\"summary_large_image\" \/>\n<script type=\"application\/ld+json\" class=\"yoast-schema-graph\">{\"@context\":\"https:\/\/schema.org\",\"@graph\":[{\"@type\":\"WebPage\",\"@id\":\"https:\/\/annaalbert.com\/es\/producto-es\/taller-de-mandalas-sobre-seda\/\",\"url\":\"https:\/\/annaalbert.com\/es\/producto-es\/taller-de-mandalas-sobre-seda\/\",\"name\":\"TALLER DE MANDALAS SOBRE SEDA - Art en Seda\",\"isPartOf\":{\"@id\":\"https:\/\/annaalbert.com\/es\/#website\"},\"primaryImageOfPage\":{\"@id\":\"https:\/\/annaalbert.com\/es\/producto-es\/taller-de-mandalas-sobre-seda\/#primaryimage\"},\"image\":{\"@id\":\"https:\/\/annaalbert.com\/es\/producto-es\/taller-de-mandalas-sobre-seda\/#primaryimage\"},\"thumbnailUrl\":\"https:\/\/annaalbert.com\/wp-content\/uploads\/2019\/02\/48.jpg\",\"datePublished\":\"2019-03-21T17:52:01+00:00\",\"dateModified\":\"2023-10-26T14:31:40+00:00\",\"description\":\"\u00a1Descubre como pintar mandalas en este taller de mandalas sobre seda! \u00a1Para todas las edades y no es necesario que tengas experiencia previa!\",\"breadcrumb\":{\"@id\":\"https:\/\/annaalbert.com\/es\/producto-es\/taller-de-mandalas-sobre-seda\/#breadcrumb\"},\"inLanguage\":\"es\",\"potentialAction\":[{\"@type\":\"ReadAction\",\"target\":[\"https:\/\/annaalbert.com\/es\/producto-es\/taller-de-mandalas-sobre-seda\/\"]}]},{\"@type\":\"ImageObject\",\"inLanguage\":\"es\",\"@id\":\"https:\/\/annaalbert.com\/es\/producto-es\/taller-de-mandalas-sobre-seda\/#primaryimage\",\"url\":\"https:\/\/annaalbert.com\/wp-content\/uploads\/2019\/02\/48.jpg\",\"contentUrl\":\"https:\/\/annaalbert.com\/wp-content\/uploads\/2019\/02\/48.jpg\",\"width\":870,\"height\":588,\"caption\":\"mandales sobre seda\"},{\"@type\":\"BreadcrumbList\",\"@id\":\"https:\/\/annaalbert.com\/es\/producto-es\/taller-de-mandalas-sobre-seda\/#breadcrumb\",\"itemListElement\":[{\"@type\":\"ListItem\",\"position\":1,\"name\":\"Portada\",\"item\":\"https:\/\/annaalbert.com\/es\/\"},{\"@type\":\"ListItem\",\"position\":2,\"name\":\"Tienda\",\"item\":\"https:\/\/annaalbert.com\/tienda\/\"},{\"@type\":\"ListItem\",\"position\":3,\"name\":\"TALLER DE MANDALAS SOBRE SEDA\"}]},{\"@type\":\"WebSite\",\"@id\":\"https:\/\/annaalbert.com\/es\/#website\",\"url\":\"https:\/\/annaalbert.com\/es\/\",\"name\":\"Art en Seda\",\"description\":\"Productos de seda pintada a mano, asi como cursos, talleres, experiencias por la artesana Anna Albert\",\"publisher\":{\"@id\":\"https:\/\/annaalbert.com\/es\/#organization\"},\"potentialAction\":[{\"@type\":\"SearchAction\",\"target\":{\"@type\":\"EntryPoint\",\"urlTemplate\":\"https:\/\/annaalbert.com\/es\/?s={search_term_string}\"},\"query-input\":{\"@type\":\"PropertyValueSpecification\",\"valueRequired\":true,\"valueName\":\"search_term_string\"}}],\"inLanguage\":\"es\"},{\"@type\":\"Organization\",\"@id\":\"https:\/\/annaalbert.com\/es\/#organization\",\"name\":\"Art en Seda by Anna Albert\",\"url\":\"https:\/\/annaalbert.com\/es\/\",\"logo\":{\"@type\":\"ImageObject\",\"inLanguage\":\"es\",\"@id\":\"https:\/\/annaalbert.com\/es\/#\/schema\/logo\/image\/\",\"url\":\"https:\/\/annaalbert.com\/wp-content\/uploads\/2021\/01\/horitzontal_fonsblanc-scaled.jpg\",\"contentUrl\":\"https:\/\/annaalbert.com\/wp-content\/uploads\/2021\/01\/horitzontal_fonsblanc-scaled.jpg\",\"width\":2560,\"height\":779,\"caption\":\"Art en Seda by Anna Albert\"},\"image\":{\"@id\":\"https:\/\/annaalbert.com\/es\/#\/schema\/logo\/image\/\"}}]}<\/script>\n<!-- \/ Yoast SEO plugin. -->","yoast_head_json":{"title":"TALLER DE MANDALAS SOBRE SEDA - Art en Seda","description":"\u00a1Descubre como pintar mandalas en este taller de mandalas sobre seda! \u00a1Para todas las edades y no es necesario que tengas experiencia previa!","robots":{"index":"index","follow":"follow","max-snippet":"max-snippet:-1","max-image-preview":"max-image-preview:large","max-video-preview":"max-video-preview:-1"},"canonical":"https:\/\/annaalbert.com\/es\/producto-es\/taller-de-mandalas-sobre-seda\/","og_locale":"es_ES","og_type":"article","og_title":"TALLER DE MANDALAS SOBRE SEDA - Art en Seda","og_description":"\u00a1Descubre como pintar mandalas en este taller de mandalas sobre seda! \u00a1Para todas las edades y no es necesario que tengas experiencia previa!","og_url":"https:\/\/annaalbert.com\/es\/producto-es\/taller-de-mandalas-sobre-seda\/","og_site_name":"Art en Seda","article_modified_time":"2023-10-26T14:31:40+00:00","og_image":[{"width":870,"height":588,"url":"https:\/\/annaalbert.com\/wp-content\/uploads\/2019\/02\/48.jpg","type":"image\/jpeg"}],"twitter_card":"summary_large_image","schema":{"@context":"https:\/\/schema.org","@graph":[{"@type":"WebPage","@id":"https:\/\/annaalbert.com\/es\/producto-es\/taller-de-mandalas-sobre-seda\/","url":"https:\/\/annaalbert.com\/es\/producto-es\/taller-de-mandalas-sobre-seda\/","name":"TALLER DE MANDALAS SOBRE SEDA - Art en Seda","isPartOf":{"@id":"https:\/\/annaalbert.com\/es\/#website"},"primaryImageOfPage":{"@id":"https:\/\/annaalbert.com\/es\/producto-es\/taller-de-mandalas-sobre-seda\/#primaryimage"},"image":{"@id":"https:\/\/annaalbert.com\/es\/producto-es\/taller-de-mandalas-sobre-seda\/#primaryimage"},"thumbnailUrl":"https:\/\/annaalbert.com\/wp-content\/uploads\/2019\/02\/48.jpg","datePublished":"2019-03-21T17:52:01+00:00","dateModified":"2023-10-26T14:31:40+00:00","description":"\u00a1Descubre como pintar mandalas en este taller de mandalas sobre seda! \u00a1Para todas las edades y no es necesario que tengas experiencia previa!","breadcrumb":{"@id":"https:\/\/annaalbert.com\/es\/producto-es\/taller-de-mandalas-sobre-seda\/#breadcrumb"},"inLanguage":"es","potentialAction":[{"@type":"ReadAction","target":["https:\/\/annaalbert.com\/es\/producto-es\/taller-de-mandalas-sobre-seda\/"]}]},{"@type":"ImageObject","inLanguage":"es","@id":"https:\/\/annaalbert.com\/es\/producto-es\/taller-de-mandalas-sobre-seda\/#primaryimage","url":"https:\/\/annaalbert.com\/wp-content\/uploads\/2019\/02\/48.jpg","contentUrl":"https:\/\/annaalbert.com\/wp-content\/uploads\/2019\/02\/48.jpg","width":870,"height":588,"caption":"mandales sobre seda"},{"@type":"BreadcrumbList","@id":"https:\/\/annaalbert.com\/es\/producto-es\/taller-de-mandalas-sobre-seda\/#breadcrumb","itemListElement":[{"@type":"ListItem","position":1,"name":"Portada","item":"https:\/\/annaalbert.com\/es\/"},{"@type":"ListItem","position":2,"name":"Tienda","item":"https:\/\/annaalbert.com\/tienda\/"},{"@type":"ListItem","position":3,"name":"TALLER DE MANDALAS SOBRE SEDA"}]},{"@type":"WebSite","@id":"https:\/\/annaalbert.com\/es\/#website","url":"https:\/\/annaalbert.com\/es\/","name":"Art en Seda","description":"Productos de seda pintada a mano, asi como cursos, talleres, experiencias por la artesana Anna Albert","publisher":{"@id":"https:\/\/annaalbert.com\/es\/#organization"},"potentialAction":[{"@type":"SearchAction","target":{"@type":"EntryPoint","urlTemplate":"https:\/\/annaalbert.com\/es\/?s={search_term_string}"},"query-input":{"@type":"PropertyValueSpecification","valueRequired":true,"valueName":"search_term_string"}}],"inLanguage":"es"},{"@type":"Organization","@id":"https:\/\/annaalbert.com\/es\/#organization","name":"Art en Seda by Anna Albert","url":"https:\/\/annaalbert.com\/es\/","logo":{"@type":"ImageObject","inLanguage":"es","@id":"https:\/\/annaalbert.com\/es\/#\/schema\/logo\/image\/","url":"https:\/\/annaalbert.com\/wp-content\/uploads\/2021\/01\/horitzontal_fonsblanc-scaled.jpg","contentUrl":"https:\/\/annaalbert.com\/wp-content\/uploads\/2021\/01\/horitzontal_fonsblanc-scaled.jpg","width":2560,"height":779,"caption":"Art en Seda by Anna Albert"},"image":{"@id":"https:\/\/annaalbert.com\/es\/#\/schema\/logo\/image\/"}}]}},"_links":{"self":[{"href":"https:\/\/annaalbert.com\/es\/wp-json\/wp\/v2\/product\/5439","targetHints":{"allow":["GET"]}}],"collection":[{"href":"https:\/\/annaalbert.com\/es\/wp-json\/wp\/v2\/product"}],"about":[{"href":"https:\/\/annaalbert.com\/es\/wp-json\/wp\/v2\/types\/product"}],"replies":[{"embeddable":true,"href":"https:\/\/annaalbert.com\/es\/wp-json\/wp\/v2\/comments?post=5439"}],"wp:featuredmedia":[{"embeddable":true,"href":"https:\/\/annaalbert.com\/es\/wp-json\/wp\/v2\/media\/5440"}],"wp:attachment":[{"href":"https:\/\/annaalbert.com\/es\/wp-json\/wp\/v2\/media?parent=5439"}],"wp:term":[{"taxonomy":"product_brand","embeddable":true,"href":"https:\/\/annaalbert.com\/es\/wp-json\/wp\/v2\/product_brand?post=5439"},{"taxonomy":"product_cat","embeddable":true,"href":"https:\/\/annaalbert.com\/es\/wp-json\/wp\/v2\/product_cat?post=5439"},{"taxonomy":"product_tag","embeddable":true,"href":"https:\/\/annaalbert.com\/es\/wp-json\/wp\/v2\/product_tag?post=5439"}],"curies":[{"name":"wp","href":"https:\/\/api.w.org\/{rel}","templated":true}]}}