{"id":4735,"date":"2019-03-21T17:51:02","date_gmt":"2019-03-21T17:51:02","guid":{"rendered":"https:\/\/annaalbert.com\/producto\/fulardd-el-virolai\/"},"modified":"2024-04-03T15:42:42","modified_gmt":"2024-04-03T15:42:42","slug":"fular-seda-natural-montserrat","status":"publish","type":"product","link":"https:\/\/annaalbert.com\/es\/producto-es\/fular-seda-natural-montserrat\/","title":{"rendered":"PA\u00d1UELO DE SEDA NATURAL MONTSERRAT"},"content":{"rendered":"<p style=\"text-align: justify;\"><strong>Este pa\u00f1uelo de seda natural montserrat es un peque\u00f1o homenaje a las monta\u00f1as de Montserrat.<\/strong><\/p>\n<p style=\"text-align: justify;\">He esbozado las siluetas de las monta\u00f1as m\u00e1gicas con un oro discreto que contrasta con el color terroso de la bufanda. Escribi\u00f3 a mano las letras de Virolai o \u00abRosa d&#8217;abril\u00bb.<\/p>\n<p style=\"text-align: justify;\"><strong><em>Virolai <\/em>es un himno dedicado a la Virgen de Montserrat que, con el tiempo, se ha convertido en un s\u00edmbolo espritual y patri\u00f3tico de los catalanes.<\/strong><\/p>\n<p style=\"text-align: justify;\">Es un dise\u00f1o sutil, que se ve y no se ve al mismo tiempo. Para ir discreto pero original y la gente que quiere ver una parte de nuestra herencia.<\/p>\n<h6><strong>VIROLAI<\/strong><\/h6>\n<p>Rosa de abril, Morena de la sierra,<br \/>\nde Montserrat lucero,<br \/>\niluminad la catalana tierra,<br \/>\nguiadnos hacia el Cielo.<\/p>\n<p>Con sierra de\u00a0<span class=\"hiddenGrammarError\">oro<\/span>\u00a0los angelitos serraron<br \/>\nesas colinas para haceros un palacio;<br \/>\nReina del Cielo que los Serafines bajaron,<br \/>\ndanos abrigo en vuestro manto azul.<\/p>\n<p>Alba naciente de estrellas coronada,<br \/>\nCiudad de Dios que so\u00f1\u00f3 David,<br \/>\nen vuestros pies la luna pone,<br \/>\nEl sol sus rayos os da por vestido.<\/p>\n<p>De los catalanes siempre ser\u00e9is Princesa,<br \/>\nde los espa\u00f1oles Estrella de Oriente,<br \/>\nsed para los buenos pilar de fortaleza,<br \/>\npara los pecadores puerto de salvamento.<\/p>\n<p><span class=\"hiddenGrammarError\">Dad<\/span>\u00a0<span class=\"hiddenGrammarError\">consuelo<\/span>\u00a0a quien la patria a\u00f1ora,<br \/>\nsin ver jam\u00e1s las cimas de Montserrat;<br \/>\nen tierra y mar o\u00edd a quien os implora,<br \/>\ndevolved a Dios los corazones que lo han dejado.<\/p>\n<p>M\u00edstica Fuente del agua de la vida,<br \/>\nmanad del Cielo al coraz\u00f3n de mi pa\u00eds;<br \/>\ndones y\u00a0<span class=\"hiddenGrammarError\">virtudes<\/span>\u00a0dejadle por florida;<br \/>\nhaced, por favor, vuestro para\u00edso.<\/p>\n<p>\u00a1Dichosos ojos, Mar\u00eda, los que os vean!<\/p>\n<p>\u00a1Dichoso\u00a0el coraz\u00f3n que se abre a vuestra luz!<\/p>\n<p>Rosal del Cielo, que los serafines recorren,<br \/>\na mi oraci\u00f3n dad vuestro perfume.<\/p>\n<p>Cedro gentil, del\u00a0<span class=\"hiddenGrammarError\">L\u00edbano<\/span>\u00a0corona,<br \/>\n\u00c1rbol de incienso, Palmera de\u00a0<span class=\"hiddenSpellError\">Sion<\/span>,<br \/>\nel fruto sagrado que vuestro amor nos da<br \/>\nes Jesucristo, el Redentor del mundo.<\/p>\n<p>Con vuestro nombre empieza nuestra historia<br \/>\ny es Montserrat nuestro Sina\u00ed:<br \/>\nsiendo para todos la escalera de la gloria<br \/>\nesos pe\u00f1ones cubiertos de romero.<\/p>\n<p>Rosa de abril, Morena de la sierra,<br \/>\nde Montserrat lucero:<br \/>\niluminad la catalana tierra,<br \/>\nguiadnos hacia el Cielo.<\/p>\n","protected":false},"excerpt":{"rendered":"<p>Bufanda de seda de Mousseline con ladrillo negro en las monta\u00f1as de Montserrat y Virolai.<\/p>\n<p>Medidas 180&#215;55.<\/p>\n","protected":false},"featured_media":4573,"comment_status":"closed","ping_status":"closed","template":"","meta":{"_et_pb_use_builder":"","_et_pb_old_content":"","_et_gb_content_width":""},"product_brand":[],"product_cat":[174],"product_tag":[],"class_list":{"0":"post-4735","1":"product","2":"type-product","3":"status-publish","4":"has-post-thumbnail","6":"product_cat-fulards","8":"first","9":"instock","10":"purchasable","11":"product-type-simple"},"yoast_head":"<!-- This site is optimized with the Yoast SEO plugin v27.4 - https:\/\/yoast.com\/product\/yoast-seo-wordpress\/ -->\n<title>Pa\u00f1uelo de seda natural montserrat - Art en Seda<\/title>\n<meta name=\"description\" content=\"Pa\u00f1uelo de seda natural montserrat como un peque\u00f1o homenaje a las monta\u00f1as de Montserrat. Dise\u00f1o sutil, para ir discreto pero original.\" \/>\n<meta name=\"robots\" content=\"index, follow, max-snippet:-1, max-image-preview:large, max-video-preview:-1\" \/>\n<link rel=\"canonical\" href=\"https:\/\/annaalbert.com\/es\/producto-es\/fular-seda-natural-montserrat\/\" \/>\n<meta property=\"og:locale\" content=\"es_ES\" \/>\n<meta property=\"og:type\" content=\"article\" \/>\n<meta property=\"og:title\" content=\"Pa\u00f1uelo de seda natural montserrat - Art en Seda\" \/>\n<meta property=\"og:description\" content=\"Pa\u00f1uelo de seda natural montserrat como un peque\u00f1o homenaje a las monta\u00f1as de Montserrat. Dise\u00f1o sutil, para ir discreto pero original.\" \/>\n<meta property=\"og:url\" content=\"https:\/\/annaalbert.com\/es\/producto-es\/fular-seda-natural-montserrat\/\" \/>\n<meta property=\"og:site_name\" content=\"Art en Seda\" \/>\n<meta property=\"article:modified_time\" content=\"2024-04-03T15:42:42+00:00\" \/>\n<meta property=\"og:image\" content=\"https:\/\/annaalbert.com\/wp-content\/uploads\/2019\/02\/285.jpg\" \/>\n\t<meta property=\"og:image:width\" content=\"800\" \/>\n\t<meta property=\"og:image:height\" content=\"960\" \/>\n\t<meta property=\"og:image:type\" content=\"image\/jpeg\" \/>\n<meta name=\"twitter:card\" content=\"summary_large_image\" \/>\n<meta name=\"twitter:label1\" content=\"Tiempo de lectura\" \/>\n\t<meta name=\"twitter:data1\" content=\"3 minutos\" \/>\n<script type=\"application\/ld+json\" class=\"yoast-schema-graph\">{\"@context\":\"https:\\\/\\\/schema.org\",\"@graph\":[{\"@type\":\"WebPage\",\"@id\":\"https:\\\/\\\/annaalbert.com\\\/es\\\/producto-es\\\/fular-seda-natural-montserrat\\\/\",\"url\":\"https:\\\/\\\/annaalbert.com\\\/es\\\/producto-es\\\/fular-seda-natural-montserrat\\\/\",\"name\":\"Pa\u00f1uelo de seda natural montserrat - Art en Seda\",\"isPartOf\":{\"@id\":\"https:\\\/\\\/annaalbert.com\\\/es\\\/#website\"},\"primaryImageOfPage\":{\"@id\":\"https:\\\/\\\/annaalbert.com\\\/es\\\/producto-es\\\/fular-seda-natural-montserrat\\\/#primaryimage\"},\"image\":{\"@id\":\"https:\\\/\\\/annaalbert.com\\\/es\\\/producto-es\\\/fular-seda-natural-montserrat\\\/#primaryimage\"},\"thumbnailUrl\":\"https:\\\/\\\/annaalbert.com\\\/wp-content\\\/uploads\\\/2019\\\/02\\\/285.jpg\",\"datePublished\":\"2019-03-21T17:51:02+00:00\",\"dateModified\":\"2024-04-03T15:42:42+00:00\",\"description\":\"Pa\u00f1uelo de seda natural montserrat como un peque\u00f1o homenaje a las monta\u00f1as de Montserrat. Dise\u00f1o sutil, para ir discreto pero original.\",\"breadcrumb\":{\"@id\":\"https:\\\/\\\/annaalbert.com\\\/es\\\/producto-es\\\/fular-seda-natural-montserrat\\\/#breadcrumb\"},\"inLanguage\":\"es\",\"potentialAction\":[{\"@type\":\"ReadAction\",\"target\":[\"https:\\\/\\\/annaalbert.com\\\/es\\\/producto-es\\\/fular-seda-natural-montserrat\\\/\"]}]},{\"@type\":\"ImageObject\",\"inLanguage\":\"es\",\"@id\":\"https:\\\/\\\/annaalbert.com\\\/es\\\/producto-es\\\/fular-seda-natural-montserrat\\\/#primaryimage\",\"url\":\"https:\\\/\\\/annaalbert.com\\\/wp-content\\\/uploads\\\/2019\\\/02\\\/285.jpg\",\"contentUrl\":\"https:\\\/\\\/annaalbert.com\\\/wp-content\\\/uploads\\\/2019\\\/02\\\/285.jpg\",\"width\":800,\"height\":960},{\"@type\":\"BreadcrumbList\",\"@id\":\"https:\\\/\\\/annaalbert.com\\\/es\\\/producto-es\\\/fular-seda-natural-montserrat\\\/#breadcrumb\",\"itemListElement\":[{\"@type\":\"ListItem\",\"position\":1,\"name\":\"Portada\",\"item\":\"https:\\\/\\\/annaalbert.com\\\/es\\\/\"},{\"@type\":\"ListItem\",\"position\":2,\"name\":\"Tienda\",\"item\":\"https:\\\/\\\/annaalbert.com\\\/tienda\\\/\"},{\"@type\":\"ListItem\",\"position\":3,\"name\":\"PA\u00d1UELO DE SEDA NATURAL MONTSERRAT\"}]},{\"@type\":\"WebSite\",\"@id\":\"https:\\\/\\\/annaalbert.com\\\/es\\\/#website\",\"url\":\"https:\\\/\\\/annaalbert.com\\\/es\\\/\",\"name\":\"Art en Seda\",\"description\":\"Productos de seda pintada a mano, asi como cursos, talleres, experiencias por la artesana Anna Albert\",\"publisher\":{\"@id\":\"https:\\\/\\\/annaalbert.com\\\/es\\\/#organization\"},\"potentialAction\":[{\"@type\":\"SearchAction\",\"target\":{\"@type\":\"EntryPoint\",\"urlTemplate\":\"https:\\\/\\\/annaalbert.com\\\/es\\\/?s={search_term_string}\"},\"query-input\":{\"@type\":\"PropertyValueSpecification\",\"valueRequired\":true,\"valueName\":\"search_term_string\"}}],\"inLanguage\":\"es\"},{\"@type\":\"Organization\",\"@id\":\"https:\\\/\\\/annaalbert.com\\\/es\\\/#organization\",\"name\":\"Art en Seda by Anna Albert\",\"url\":\"https:\\\/\\\/annaalbert.com\\\/es\\\/\",\"logo\":{\"@type\":\"ImageObject\",\"inLanguage\":\"es\",\"@id\":\"https:\\\/\\\/annaalbert.com\\\/es\\\/#\\\/schema\\\/logo\\\/image\\\/\",\"url\":\"https:\\\/\\\/annaalbert.com\\\/wp-content\\\/uploads\\\/2021\\\/01\\\/horitzontal_fonsblanc-scaled.jpg\",\"contentUrl\":\"https:\\\/\\\/annaalbert.com\\\/wp-content\\\/uploads\\\/2021\\\/01\\\/horitzontal_fonsblanc-scaled.jpg\",\"width\":2560,\"height\":779,\"caption\":\"Art en Seda by Anna Albert\"},\"image\":{\"@id\":\"https:\\\/\\\/annaalbert.com\\\/es\\\/#\\\/schema\\\/logo\\\/image\\\/\"}}]}<\/script>\n<!-- \/ Yoast SEO plugin. -->","yoast_head_json":{"title":"Pa\u00f1uelo de seda natural montserrat - Art en Seda","description":"Pa\u00f1uelo de seda natural montserrat como un peque\u00f1o homenaje a las monta\u00f1as de Montserrat. Dise\u00f1o sutil, para ir discreto pero original.","robots":{"index":"index","follow":"follow","max-snippet":"max-snippet:-1","max-image-preview":"max-image-preview:large","max-video-preview":"max-video-preview:-1"},"canonical":"https:\/\/annaalbert.com\/es\/producto-es\/fular-seda-natural-montserrat\/","og_locale":"es_ES","og_type":"article","og_title":"Pa\u00f1uelo de seda natural montserrat - Art en Seda","og_description":"Pa\u00f1uelo de seda natural montserrat como un peque\u00f1o homenaje a las monta\u00f1as de Montserrat. Dise\u00f1o sutil, para ir discreto pero original.","og_url":"https:\/\/annaalbert.com\/es\/producto-es\/fular-seda-natural-montserrat\/","og_site_name":"Art en Seda","article_modified_time":"2024-04-03T15:42:42+00:00","og_image":[{"width":800,"height":960,"url":"https:\/\/annaalbert.com\/wp-content\/uploads\/2019\/02\/285.jpg","type":"image\/jpeg"}],"twitter_card":"summary_large_image","twitter_misc":{"Tiempo de lectura":"3 minutos"},"schema":{"@context":"https:\/\/schema.org","@graph":[{"@type":"WebPage","@id":"https:\/\/annaalbert.com\/es\/producto-es\/fular-seda-natural-montserrat\/","url":"https:\/\/annaalbert.com\/es\/producto-es\/fular-seda-natural-montserrat\/","name":"Pa\u00f1uelo de seda natural montserrat - Art en Seda","isPartOf":{"@id":"https:\/\/annaalbert.com\/es\/#website"},"primaryImageOfPage":{"@id":"https:\/\/annaalbert.com\/es\/producto-es\/fular-seda-natural-montserrat\/#primaryimage"},"image":{"@id":"https:\/\/annaalbert.com\/es\/producto-es\/fular-seda-natural-montserrat\/#primaryimage"},"thumbnailUrl":"https:\/\/annaalbert.com\/wp-content\/uploads\/2019\/02\/285.jpg","datePublished":"2019-03-21T17:51:02+00:00","dateModified":"2024-04-03T15:42:42+00:00","description":"Pa\u00f1uelo de seda natural montserrat como un peque\u00f1o homenaje a las monta\u00f1as de Montserrat. Dise\u00f1o sutil, para ir discreto pero original.","breadcrumb":{"@id":"https:\/\/annaalbert.com\/es\/producto-es\/fular-seda-natural-montserrat\/#breadcrumb"},"inLanguage":"es","potentialAction":[{"@type":"ReadAction","target":["https:\/\/annaalbert.com\/es\/producto-es\/fular-seda-natural-montserrat\/"]}]},{"@type":"ImageObject","inLanguage":"es","@id":"https:\/\/annaalbert.com\/es\/producto-es\/fular-seda-natural-montserrat\/#primaryimage","url":"https:\/\/annaalbert.com\/wp-content\/uploads\/2019\/02\/285.jpg","contentUrl":"https:\/\/annaalbert.com\/wp-content\/uploads\/2019\/02\/285.jpg","width":800,"height":960},{"@type":"BreadcrumbList","@id":"https:\/\/annaalbert.com\/es\/producto-es\/fular-seda-natural-montserrat\/#breadcrumb","itemListElement":[{"@type":"ListItem","position":1,"name":"Portada","item":"https:\/\/annaalbert.com\/es\/"},{"@type":"ListItem","position":2,"name":"Tienda","item":"https:\/\/annaalbert.com\/tienda\/"},{"@type":"ListItem","position":3,"name":"PA\u00d1UELO DE SEDA NATURAL MONTSERRAT"}]},{"@type":"WebSite","@id":"https:\/\/annaalbert.com\/es\/#website","url":"https:\/\/annaalbert.com\/es\/","name":"Art en Seda","description":"Productos de seda pintada a mano, asi como cursos, talleres, experiencias por la artesana Anna Albert","publisher":{"@id":"https:\/\/annaalbert.com\/es\/#organization"},"potentialAction":[{"@type":"SearchAction","target":{"@type":"EntryPoint","urlTemplate":"https:\/\/annaalbert.com\/es\/?s={search_term_string}"},"query-input":{"@type":"PropertyValueSpecification","valueRequired":true,"valueName":"search_term_string"}}],"inLanguage":"es"},{"@type":"Organization","@id":"https:\/\/annaalbert.com\/es\/#organization","name":"Art en Seda by Anna Albert","url":"https:\/\/annaalbert.com\/es\/","logo":{"@type":"ImageObject","inLanguage":"es","@id":"https:\/\/annaalbert.com\/es\/#\/schema\/logo\/image\/","url":"https:\/\/annaalbert.com\/wp-content\/uploads\/2021\/01\/horitzontal_fonsblanc-scaled.jpg","contentUrl":"https:\/\/annaalbert.com\/wp-content\/uploads\/2021\/01\/horitzontal_fonsblanc-scaled.jpg","width":2560,"height":779,"caption":"Art en Seda by Anna Albert"},"image":{"@id":"https:\/\/annaalbert.com\/es\/#\/schema\/logo\/image\/"}}]}},"_links":{"self":[{"href":"https:\/\/annaalbert.com\/es\/wp-json\/wp\/v2\/product\/4735","targetHints":{"allow":["GET"]}}],"collection":[{"href":"https:\/\/annaalbert.com\/es\/wp-json\/wp\/v2\/product"}],"about":[{"href":"https:\/\/annaalbert.com\/es\/wp-json\/wp\/v2\/types\/product"}],"replies":[{"embeddable":true,"href":"https:\/\/annaalbert.com\/es\/wp-json\/wp\/v2\/comments?post=4735"}],"wp:featuredmedia":[{"embeddable":true,"href":"https:\/\/annaalbert.com\/es\/wp-json\/wp\/v2\/media\/4573"}],"wp:attachment":[{"href":"https:\/\/annaalbert.com\/es\/wp-json\/wp\/v2\/media?parent=4735"}],"wp:term":[{"taxonomy":"product_brand","embeddable":true,"href":"https:\/\/annaalbert.com\/es\/wp-json\/wp\/v2\/product_brand?post=4735"},{"taxonomy":"product_cat","embeddable":true,"href":"https:\/\/annaalbert.com\/es\/wp-json\/wp\/v2\/product_cat?post=4735"},{"taxonomy":"product_tag","embeddable":true,"href":"https:\/\/annaalbert.com\/es\/wp-json\/wp\/v2\/product_tag?post=4735"}],"curies":[{"name":"wp","href":"https:\/\/api.w.org\/{rel}","templated":true}]}}