{"id":11508,"date":"2019-03-21T17:48:17","date_gmt":"2019-03-21T17:48:17","guid":{"rendered":"https:\/\/annaalbert.com\/producto\/fular-seda-natural-flores-grandes\/"},"modified":"2025-10-17T13:09:10","modified_gmt":"2025-10-17T13:09:10","slug":"fular-seda-natural-flores-grandes","status":"publish","type":"product","link":"https:\/\/annaalbert.com\/es\/producto-es\/fular-seda-natural-flores-grandes\/","title":{"rendered":"FULAR SEDA NATURAL FLORES GRANDES"},"content":{"rendered":"<p style=\"text-align: justify;\">Fular de seda natural con flores grandes, ideal para cualquier ocasi\u00f3n de d\u00eda o de noche. Para la mujer discreta pero que busca diferenciarse del resto.<\/p>\n<p style=\"text-align: justify;\"><strong>Lo he realizado con seda cr\u00eape<\/strong> <strong>porque es una seda con mucho de cuerpo y cayendo y permite que toda la gama de colores que hay en cada flor luzca con toda su intensidad.<\/strong><\/p>\n<p style=\"text-align: justify;\"><strong>Este fular de seda cr\u00eape quiere ser un homenaje personal al mundo de la fantas\u00eda y a la belleza de la naturaleza.<\/strong> Flores grandes se dispersan en toda la superficie del pa\u00f1uelo como si quisieran exigir su espacio, respet\u00e1ndose las unas a las otras. Y con el fondo negro, brillan por ellas mismas. Adem\u00e1s, cada una tiene su personalidad, sus matices de colores que he ido degradando cuidadosamente con el pincel.<\/p>\n<p style=\"text-align: justify;\">Es un placer pintar estas flores. Puedo entender a tantos de artistas de todas las \u00e9pocas que se han dejado llevar por la vitalidad de las flores en su obra. En mi caso, el <strong>modernismo floral<\/strong> ha sido un referente que me acompa\u00f1a y desde el cual fluye mucha de la inspiraci\u00f3n.<\/p>\n<p style=\"text-align: justify;\">Este fular seda natural flores grandes se puede combinar con el <a href=\"https:\/\/annaalbert.com\/producto\/ventall-seda-natural-flors-grans\/\">ABANICO EXOTIC FLOWERS<\/a>.<\/p>\n","protected":false},"excerpt":{"rendered":"<p><strong>Fular de seda cr\u00eape con flores grandes y fondo pintado de negro.<\/strong><\/p>\n<p> Medidas de 150&#215;45.<\/p>\n","protected":false},"featured_media":11509,"comment_status":"closed","ping_status":"closed","template":"","meta":{"_et_pb_use_builder":"","_et_pb_old_content":"","_et_gb_content_width":""},"product_brand":[],"product_cat":[162,174],"product_tag":[],"class_list":{"0":"post-11508","1":"product","2":"type-product","3":"status-publish","4":"has-post-thumbnail","6":"product_cat-home-es","7":"product_cat-fulards","9":"first","10":"instock","11":"purchasable","12":"product-type-simple"},"yoast_head":"<!-- This site is optimized with the Yoast SEO plugin v27.0 - https:\/\/yoast.com\/product\/yoast-seo-wordpress\/ -->\n<title>Fular de seda natural con flores grandes - Art en Seda<\/title>\n<meta name=\"description\" content=\"Fular de seda natural con flores grandes ideal para cualquier ocasi\u00f3n de d\u00eda o de noche. Por la mujer discreta pero que busca diferenciarse.\" \/>\n<meta name=\"robots\" content=\"index, follow, max-snippet:-1, max-image-preview:large, max-video-preview:-1\" \/>\n<link rel=\"canonical\" href=\"https:\/\/annaalbert.com\/es\/producto-es\/fular-seda-natural-flores-grandes\/\" \/>\n<meta property=\"og:locale\" content=\"es_ES\" \/>\n<meta property=\"og:type\" content=\"article\" \/>\n<meta property=\"og:title\" content=\"Fular de seda natural con flores grandes - Art en Seda\" \/>\n<meta property=\"og:description\" content=\"Fular de seda natural con flores grandes ideal para cualquier ocasi\u00f3n de d\u00eda o de noche. Por la mujer discreta pero que busca diferenciarse.\" \/>\n<meta property=\"og:url\" content=\"https:\/\/annaalbert.com\/es\/producto-es\/fular-seda-natural-flores-grandes\/\" \/>\n<meta property=\"og:site_name\" content=\"Art en Seda\" \/>\n<meta property=\"article:modified_time\" content=\"2025-10-17T13:09:10+00:00\" \/>\n<meta property=\"og:image\" content=\"https:\/\/annaalbert.com\/wp-content\/uploads\/2019\/03\/IMG_0081.jpg\" \/>\n\t<meta property=\"og:image:width\" content=\"800\" \/>\n\t<meta property=\"og:image:height\" content=\"960\" \/>\n\t<meta property=\"og:image:type\" content=\"image\/jpeg\" \/>\n<meta name=\"twitter:card\" content=\"summary_large_image\" \/>\n<meta name=\"twitter:label1\" content=\"Tiempo de lectura\" \/>\n\t<meta name=\"twitter:data1\" content=\"1 minuto\" \/>\n<script type=\"application\/ld+json\" class=\"yoast-schema-graph\">{\"@context\":\"https:\/\/schema.org\",\"@graph\":[{\"@type\":\"WebPage\",\"@id\":\"https:\/\/annaalbert.com\/es\/producto-es\/fular-seda-natural-flores-grandes\/\",\"url\":\"https:\/\/annaalbert.com\/es\/producto-es\/fular-seda-natural-flores-grandes\/\",\"name\":\"Fular de seda natural con flores grandes - Art en Seda\",\"isPartOf\":{\"@id\":\"https:\/\/annaalbert.com\/es\/#website\"},\"primaryImageOfPage\":{\"@id\":\"https:\/\/annaalbert.com\/es\/producto-es\/fular-seda-natural-flores-grandes\/#primaryimage\"},\"image\":{\"@id\":\"https:\/\/annaalbert.com\/es\/producto-es\/fular-seda-natural-flores-grandes\/#primaryimage\"},\"thumbnailUrl\":\"https:\/\/annaalbert.com\/wp-content\/uploads\/2019\/03\/IMG_0081.jpg\",\"datePublished\":\"2019-03-21T17:48:17+00:00\",\"dateModified\":\"2025-10-17T13:09:10+00:00\",\"description\":\"Fular de seda natural con flores grandes ideal para cualquier ocasi\u00f3n de d\u00eda o de noche. Por la mujer discreta pero que busca diferenciarse.\",\"breadcrumb\":{\"@id\":\"https:\/\/annaalbert.com\/es\/producto-es\/fular-seda-natural-flores-grandes\/#breadcrumb\"},\"inLanguage\":\"es\",\"potentialAction\":[{\"@type\":\"ReadAction\",\"target\":[\"https:\/\/annaalbert.com\/es\/producto-es\/fular-seda-natural-flores-grandes\/\"]}]},{\"@type\":\"ImageObject\",\"inLanguage\":\"es\",\"@id\":\"https:\/\/annaalbert.com\/es\/producto-es\/fular-seda-natural-flores-grandes\/#primaryimage\",\"url\":\"https:\/\/annaalbert.com\/wp-content\/uploads\/2019\/03\/IMG_0081.jpg\",\"contentUrl\":\"https:\/\/annaalbert.com\/wp-content\/uploads\/2019\/03\/IMG_0081.jpg\",\"width\":800,\"height\":960,\"caption\":\"fulard seda natural flors grans\"},{\"@type\":\"BreadcrumbList\",\"@id\":\"https:\/\/annaalbert.com\/es\/producto-es\/fular-seda-natural-flores-grandes\/#breadcrumb\",\"itemListElement\":[{\"@type\":\"ListItem\",\"position\":1,\"name\":\"Portada\",\"item\":\"https:\/\/annaalbert.com\/es\/\"},{\"@type\":\"ListItem\",\"position\":2,\"name\":\"Tienda\",\"item\":\"https:\/\/annaalbert.com\/tienda\/\"},{\"@type\":\"ListItem\",\"position\":3,\"name\":\"FULAR SEDA NATURAL FLORES GRANDES\"}]},{\"@type\":\"WebSite\",\"@id\":\"https:\/\/annaalbert.com\/es\/#website\",\"url\":\"https:\/\/annaalbert.com\/es\/\",\"name\":\"Art en Seda\",\"description\":\"Productos de seda pintada a mano, asi como cursos, talleres, experiencias por la artesana Anna Albert\",\"publisher\":{\"@id\":\"https:\/\/annaalbert.com\/es\/#organization\"},\"potentialAction\":[{\"@type\":\"SearchAction\",\"target\":{\"@type\":\"EntryPoint\",\"urlTemplate\":\"https:\/\/annaalbert.com\/es\/?s={search_term_string}\"},\"query-input\":{\"@type\":\"PropertyValueSpecification\",\"valueRequired\":true,\"valueName\":\"search_term_string\"}}],\"inLanguage\":\"es\"},{\"@type\":\"Organization\",\"@id\":\"https:\/\/annaalbert.com\/es\/#organization\",\"name\":\"Art en Seda by Anna Albert\",\"url\":\"https:\/\/annaalbert.com\/es\/\",\"logo\":{\"@type\":\"ImageObject\",\"inLanguage\":\"es\",\"@id\":\"https:\/\/annaalbert.com\/es\/#\/schema\/logo\/image\/\",\"url\":\"https:\/\/annaalbert.com\/wp-content\/uploads\/2021\/01\/horitzontal_fonsblanc-scaled.jpg\",\"contentUrl\":\"https:\/\/annaalbert.com\/wp-content\/uploads\/2021\/01\/horitzontal_fonsblanc-scaled.jpg\",\"width\":2560,\"height\":779,\"caption\":\"Art en Seda by Anna Albert\"},\"image\":{\"@id\":\"https:\/\/annaalbert.com\/es\/#\/schema\/logo\/image\/\"}}]}<\/script>\n<!-- \/ Yoast SEO plugin. -->","yoast_head_json":{"title":"Fular de seda natural con flores grandes - Art en Seda","description":"Fular de seda natural con flores grandes ideal para cualquier ocasi\u00f3n de d\u00eda o de noche. Por la mujer discreta pero que busca diferenciarse.","robots":{"index":"index","follow":"follow","max-snippet":"max-snippet:-1","max-image-preview":"max-image-preview:large","max-video-preview":"max-video-preview:-1"},"canonical":"https:\/\/annaalbert.com\/es\/producto-es\/fular-seda-natural-flores-grandes\/","og_locale":"es_ES","og_type":"article","og_title":"Fular de seda natural con flores grandes - Art en Seda","og_description":"Fular de seda natural con flores grandes ideal para cualquier ocasi\u00f3n de d\u00eda o de noche. Por la mujer discreta pero que busca diferenciarse.","og_url":"https:\/\/annaalbert.com\/es\/producto-es\/fular-seda-natural-flores-grandes\/","og_site_name":"Art en Seda","article_modified_time":"2025-10-17T13:09:10+00:00","og_image":[{"width":800,"height":960,"url":"https:\/\/annaalbert.com\/wp-content\/uploads\/2019\/03\/IMG_0081.jpg","type":"image\/jpeg"}],"twitter_card":"summary_large_image","twitter_misc":{"Tiempo de lectura":"1 minuto"},"schema":{"@context":"https:\/\/schema.org","@graph":[{"@type":"WebPage","@id":"https:\/\/annaalbert.com\/es\/producto-es\/fular-seda-natural-flores-grandes\/","url":"https:\/\/annaalbert.com\/es\/producto-es\/fular-seda-natural-flores-grandes\/","name":"Fular de seda natural con flores grandes - Art en Seda","isPartOf":{"@id":"https:\/\/annaalbert.com\/es\/#website"},"primaryImageOfPage":{"@id":"https:\/\/annaalbert.com\/es\/producto-es\/fular-seda-natural-flores-grandes\/#primaryimage"},"image":{"@id":"https:\/\/annaalbert.com\/es\/producto-es\/fular-seda-natural-flores-grandes\/#primaryimage"},"thumbnailUrl":"https:\/\/annaalbert.com\/wp-content\/uploads\/2019\/03\/IMG_0081.jpg","datePublished":"2019-03-21T17:48:17+00:00","dateModified":"2025-10-17T13:09:10+00:00","description":"Fular de seda natural con flores grandes ideal para cualquier ocasi\u00f3n de d\u00eda o de noche. Por la mujer discreta pero que busca diferenciarse.","breadcrumb":{"@id":"https:\/\/annaalbert.com\/es\/producto-es\/fular-seda-natural-flores-grandes\/#breadcrumb"},"inLanguage":"es","potentialAction":[{"@type":"ReadAction","target":["https:\/\/annaalbert.com\/es\/producto-es\/fular-seda-natural-flores-grandes\/"]}]},{"@type":"ImageObject","inLanguage":"es","@id":"https:\/\/annaalbert.com\/es\/producto-es\/fular-seda-natural-flores-grandes\/#primaryimage","url":"https:\/\/annaalbert.com\/wp-content\/uploads\/2019\/03\/IMG_0081.jpg","contentUrl":"https:\/\/annaalbert.com\/wp-content\/uploads\/2019\/03\/IMG_0081.jpg","width":800,"height":960,"caption":"fulard seda natural flors grans"},{"@type":"BreadcrumbList","@id":"https:\/\/annaalbert.com\/es\/producto-es\/fular-seda-natural-flores-grandes\/#breadcrumb","itemListElement":[{"@type":"ListItem","position":1,"name":"Portada","item":"https:\/\/annaalbert.com\/es\/"},{"@type":"ListItem","position":2,"name":"Tienda","item":"https:\/\/annaalbert.com\/tienda\/"},{"@type":"ListItem","position":3,"name":"FULAR SEDA NATURAL FLORES GRANDES"}]},{"@type":"WebSite","@id":"https:\/\/annaalbert.com\/es\/#website","url":"https:\/\/annaalbert.com\/es\/","name":"Art en Seda","description":"Productos de seda pintada a mano, asi como cursos, talleres, experiencias por la artesana Anna Albert","publisher":{"@id":"https:\/\/annaalbert.com\/es\/#organization"},"potentialAction":[{"@type":"SearchAction","target":{"@type":"EntryPoint","urlTemplate":"https:\/\/annaalbert.com\/es\/?s={search_term_string}"},"query-input":{"@type":"PropertyValueSpecification","valueRequired":true,"valueName":"search_term_string"}}],"inLanguage":"es"},{"@type":"Organization","@id":"https:\/\/annaalbert.com\/es\/#organization","name":"Art en Seda by Anna Albert","url":"https:\/\/annaalbert.com\/es\/","logo":{"@type":"ImageObject","inLanguage":"es","@id":"https:\/\/annaalbert.com\/es\/#\/schema\/logo\/image\/","url":"https:\/\/annaalbert.com\/wp-content\/uploads\/2021\/01\/horitzontal_fonsblanc-scaled.jpg","contentUrl":"https:\/\/annaalbert.com\/wp-content\/uploads\/2021\/01\/horitzontal_fonsblanc-scaled.jpg","width":2560,"height":779,"caption":"Art en Seda by Anna Albert"},"image":{"@id":"https:\/\/annaalbert.com\/es\/#\/schema\/logo\/image\/"}}]}},"_links":{"self":[{"href":"https:\/\/annaalbert.com\/es\/wp-json\/wp\/v2\/product\/11508","targetHints":{"allow":["GET"]}}],"collection":[{"href":"https:\/\/annaalbert.com\/es\/wp-json\/wp\/v2\/product"}],"about":[{"href":"https:\/\/annaalbert.com\/es\/wp-json\/wp\/v2\/types\/product"}],"replies":[{"embeddable":true,"href":"https:\/\/annaalbert.com\/es\/wp-json\/wp\/v2\/comments?post=11508"}],"wp:featuredmedia":[{"embeddable":true,"href":"https:\/\/annaalbert.com\/es\/wp-json\/wp\/v2\/media\/11509"}],"wp:attachment":[{"href":"https:\/\/annaalbert.com\/es\/wp-json\/wp\/v2\/media?parent=11508"}],"wp:term":[{"taxonomy":"product_brand","embeddable":true,"href":"https:\/\/annaalbert.com\/es\/wp-json\/wp\/v2\/product_brand?post=11508"},{"taxonomy":"product_cat","embeddable":true,"href":"https:\/\/annaalbert.com\/es\/wp-json\/wp\/v2\/product_cat?post=11508"},{"taxonomy":"product_tag","embeddable":true,"href":"https:\/\/annaalbert.com\/es\/wp-json\/wp\/v2\/product_tag?post=11508"}],"curies":[{"name":"wp","href":"https:\/\/api.w.org\/{rel}","templated":true}]}}