{"id":11499,"date":"2019-03-21T17:48:17","date_gmt":"2019-03-21T17:48:17","guid":{"rendered":"https:\/\/annaalbert.com\/producto\/buff-flores-impresionistas\/"},"modified":"2023-12-04T15:17:06","modified_gmt":"2023-12-04T15:17:06","slug":"buff-flores-impresionistas","status":"publish","type":"product","link":"https:\/\/annaalbert.com\/es\/producto-es\/buff-flores-impresionistas\/","title":{"rendered":"BUFF FLORES IMPRESIONISTAS"},"content":{"rendered":"<p>Descubre la subtilidad y elegancia de nuestro buff de seda natural, una obra de arte con flores impresionistas meticulosamente pintadas a mano. Adem\u00e1s, este accesorio exquisito realza tu distinci\u00f3n con cada gesto. La seda, delicada y ligera, acaricia tu piel con suavidad, mientras las flores pintadas a mano dan vida a tu estilo. Es como llevar una pintura impresionista a cada paso.<\/p>\n<p style=\"text-align: justify;\">El <strong>buff o calentador<\/strong> de cuello es \u00fatil y pr\u00e1ctico en tiempos de fr\u00edo. Tambi\u00e9n, las flores, capturadas con detalle art\u00edstico, convierten este buff en una expresi\u00f3n aut\u00e9ntica de tu personalidad. Cada pieza es \u00fanica, como t\u00fa.<\/p>\n<p style=\"text-align: justify;\">Aqu\u00ed lo presentamos de forma innovadora mezclando polar y seda pintada a mano, encontrando el punto de equilibrio al calentar y lucir un complemento colorista original.<\/p>\n<p style=\"text-align: justify;\">Nos permite llevarlo de diferentes maneras, unos m\u00e1s deporte, otros m\u00e1s para vestir. Con esta obra maestra de seda natural, llevar\u00e1s la belleza del arte contigo. Sea a una reuni\u00f3n elegante o en un d\u00eda casual, este <span class=\"hiddenSpellError\">buff te<\/span> distingue con clase. Pensado para gente joven y no tan joven.<\/p>\n<p>Aprovecha ahora la oportunidad de adquirir este buff de flores impresionistas. Cada vez que te ligues este buff, recordar\u00e1s que llevas una obra de arte exclusiva y te distinguir\u00e1s con gracia y estilo.<\/p>\n","protected":false},"excerpt":{"rendered":"<p><strong>Buff<\/strong> de polar de color negro y seda pintada con flores de colores<\/p>\n","protected":false},"featured_media":4237,"comment_status":"closed","ping_status":"closed","template":"","meta":{"_et_pb_use_builder":"","_et_pb_old_content":"","_et_gb_content_width":""},"product_brand":[],"product_cat":[162],"product_tag":[],"class_list":{"0":"post-11499","1":"product","2":"type-product","3":"status-publish","4":"has-post-thumbnail","6":"product_cat-home-es","8":"first","9":"outofstock","10":"purchasable","11":"product-type-simple"},"yoast_head":"<!-- This site is optimized with the Yoast SEO plugin v27.0 - https:\/\/yoast.com\/product\/yoast-seo-wordpress\/ -->\n<title>BUFF FLORES IMPRESIONISTAS - Art en Seda<\/title>\n<meta name=\"description\" content=\"Descubre la subtilidad y elegancia de nuestro buff de seda natural, una obra de arte con flores impresionistas meticulosamente pintadas a mano.\" \/>\n<meta name=\"robots\" content=\"index, follow, max-snippet:-1, max-image-preview:large, max-video-preview:-1\" \/>\n<link rel=\"canonical\" href=\"https:\/\/annaalbert.com\/es\/producto-es\/buff-flores-impresionistas\/\" \/>\n<meta property=\"og:locale\" content=\"es_ES\" \/>\n<meta property=\"og:type\" content=\"article\" \/>\n<meta property=\"og:title\" content=\"BUFF FLORES IMPRESIONISTAS - Art en Seda\" \/>\n<meta property=\"og:description\" content=\"Descubre la subtilidad y elegancia de nuestro buff de seda natural, una obra de arte con flores impresionistas meticulosamente pintadas a mano.\" \/>\n<meta property=\"og:url\" content=\"https:\/\/annaalbert.com\/es\/producto-es\/buff-flores-impresionistas\/\" \/>\n<meta property=\"og:site_name\" content=\"Art en Seda\" \/>\n<meta property=\"article:modified_time\" content=\"2023-12-04T15:17:06+00:00\" \/>\n<meta property=\"og:image\" content=\"https:\/\/annaalbert.com\/wp-content\/uploads\/2019\/02\/378.jpg\" \/>\n\t<meta property=\"og:image:width\" content=\"800\" \/>\n\t<meta property=\"og:image:height\" content=\"960\" \/>\n\t<meta property=\"og:image:type\" content=\"image\/jpeg\" \/>\n<meta name=\"twitter:card\" content=\"summary_large_image\" \/>\n<meta name=\"twitter:label1\" content=\"Tiempo de lectura\" \/>\n\t<meta name=\"twitter:data1\" content=\"1 minuto\" \/>\n<script type=\"application\/ld+json\" class=\"yoast-schema-graph\">{\"@context\":\"https:\/\/schema.org\",\"@graph\":[{\"@type\":\"WebPage\",\"@id\":\"https:\/\/annaalbert.com\/es\/producto-es\/buff-flores-impresionistas\/\",\"url\":\"https:\/\/annaalbert.com\/es\/producto-es\/buff-flores-impresionistas\/\",\"name\":\"BUFF FLORES IMPRESIONISTAS - Art en Seda\",\"isPartOf\":{\"@id\":\"https:\/\/annaalbert.com\/es\/#website\"},\"primaryImageOfPage\":{\"@id\":\"https:\/\/annaalbert.com\/es\/producto-es\/buff-flores-impresionistas\/#primaryimage\"},\"image\":{\"@id\":\"https:\/\/annaalbert.com\/es\/producto-es\/buff-flores-impresionistas\/#primaryimage\"},\"thumbnailUrl\":\"https:\/\/annaalbert.com\/wp-content\/uploads\/2019\/02\/378.jpg\",\"datePublished\":\"2019-03-21T17:48:17+00:00\",\"dateModified\":\"2023-12-04T15:17:06+00:00\",\"description\":\"Descubre la subtilidad y elegancia de nuestro buff de seda natural, una obra de arte con flores impresionistas meticulosamente pintadas a mano.\",\"breadcrumb\":{\"@id\":\"https:\/\/annaalbert.com\/es\/producto-es\/buff-flores-impresionistas\/#breadcrumb\"},\"inLanguage\":\"es\",\"potentialAction\":[{\"@type\":\"ReadAction\",\"target\":[\"https:\/\/annaalbert.com\/es\/producto-es\/buff-flores-impresionistas\/\"]}]},{\"@type\":\"ImageObject\",\"inLanguage\":\"es\",\"@id\":\"https:\/\/annaalbert.com\/es\/producto-es\/buff-flores-impresionistas\/#primaryimage\",\"url\":\"https:\/\/annaalbert.com\/wp-content\/uploads\/2019\/02\/378.jpg\",\"contentUrl\":\"https:\/\/annaalbert.com\/wp-content\/uploads\/2019\/02\/378.jpg\",\"width\":800,\"height\":960,\"caption\":\"buff flors impressionistes\"},{\"@type\":\"BreadcrumbList\",\"@id\":\"https:\/\/annaalbert.com\/es\/producto-es\/buff-flores-impresionistas\/#breadcrumb\",\"itemListElement\":[{\"@type\":\"ListItem\",\"position\":1,\"name\":\"Portada\",\"item\":\"https:\/\/annaalbert.com\/es\/\"},{\"@type\":\"ListItem\",\"position\":2,\"name\":\"Tienda\",\"item\":\"https:\/\/annaalbert.com\/tienda\/\"},{\"@type\":\"ListItem\",\"position\":3,\"name\":\"BUFF FLORES IMPRESIONISTAS\"}]},{\"@type\":\"WebSite\",\"@id\":\"https:\/\/annaalbert.com\/es\/#website\",\"url\":\"https:\/\/annaalbert.com\/es\/\",\"name\":\"Art en Seda\",\"description\":\"Productos de seda pintada a mano, asi como cursos, talleres, experiencias por la artesana Anna Albert\",\"publisher\":{\"@id\":\"https:\/\/annaalbert.com\/es\/#organization\"},\"potentialAction\":[{\"@type\":\"SearchAction\",\"target\":{\"@type\":\"EntryPoint\",\"urlTemplate\":\"https:\/\/annaalbert.com\/es\/?s={search_term_string}\"},\"query-input\":{\"@type\":\"PropertyValueSpecification\",\"valueRequired\":true,\"valueName\":\"search_term_string\"}}],\"inLanguage\":\"es\"},{\"@type\":\"Organization\",\"@id\":\"https:\/\/annaalbert.com\/es\/#organization\",\"name\":\"Art en Seda by Anna Albert\",\"url\":\"https:\/\/annaalbert.com\/es\/\",\"logo\":{\"@type\":\"ImageObject\",\"inLanguage\":\"es\",\"@id\":\"https:\/\/annaalbert.com\/es\/#\/schema\/logo\/image\/\",\"url\":\"https:\/\/annaalbert.com\/wp-content\/uploads\/2021\/01\/horitzontal_fonsblanc-scaled.jpg\",\"contentUrl\":\"https:\/\/annaalbert.com\/wp-content\/uploads\/2021\/01\/horitzontal_fonsblanc-scaled.jpg\",\"width\":2560,\"height\":779,\"caption\":\"Art en Seda by Anna Albert\"},\"image\":{\"@id\":\"https:\/\/annaalbert.com\/es\/#\/schema\/logo\/image\/\"}}]}<\/script>\n<!-- \/ Yoast SEO plugin. -->","yoast_head_json":{"title":"BUFF FLORES IMPRESIONISTAS - Art en Seda","description":"Descubre la subtilidad y elegancia de nuestro buff de seda natural, una obra de arte con flores impresionistas meticulosamente pintadas a mano.","robots":{"index":"index","follow":"follow","max-snippet":"max-snippet:-1","max-image-preview":"max-image-preview:large","max-video-preview":"max-video-preview:-1"},"canonical":"https:\/\/annaalbert.com\/es\/producto-es\/buff-flores-impresionistas\/","og_locale":"es_ES","og_type":"article","og_title":"BUFF FLORES IMPRESIONISTAS - Art en Seda","og_description":"Descubre la subtilidad y elegancia de nuestro buff de seda natural, una obra de arte con flores impresionistas meticulosamente pintadas a mano.","og_url":"https:\/\/annaalbert.com\/es\/producto-es\/buff-flores-impresionistas\/","og_site_name":"Art en Seda","article_modified_time":"2023-12-04T15:17:06+00:00","og_image":[{"width":800,"height":960,"url":"https:\/\/annaalbert.com\/wp-content\/uploads\/2019\/02\/378.jpg","type":"image\/jpeg"}],"twitter_card":"summary_large_image","twitter_misc":{"Tiempo de lectura":"1 minuto"},"schema":{"@context":"https:\/\/schema.org","@graph":[{"@type":"WebPage","@id":"https:\/\/annaalbert.com\/es\/producto-es\/buff-flores-impresionistas\/","url":"https:\/\/annaalbert.com\/es\/producto-es\/buff-flores-impresionistas\/","name":"BUFF FLORES IMPRESIONISTAS - Art en Seda","isPartOf":{"@id":"https:\/\/annaalbert.com\/es\/#website"},"primaryImageOfPage":{"@id":"https:\/\/annaalbert.com\/es\/producto-es\/buff-flores-impresionistas\/#primaryimage"},"image":{"@id":"https:\/\/annaalbert.com\/es\/producto-es\/buff-flores-impresionistas\/#primaryimage"},"thumbnailUrl":"https:\/\/annaalbert.com\/wp-content\/uploads\/2019\/02\/378.jpg","datePublished":"2019-03-21T17:48:17+00:00","dateModified":"2023-12-04T15:17:06+00:00","description":"Descubre la subtilidad y elegancia de nuestro buff de seda natural, una obra de arte con flores impresionistas meticulosamente pintadas a mano.","breadcrumb":{"@id":"https:\/\/annaalbert.com\/es\/producto-es\/buff-flores-impresionistas\/#breadcrumb"},"inLanguage":"es","potentialAction":[{"@type":"ReadAction","target":["https:\/\/annaalbert.com\/es\/producto-es\/buff-flores-impresionistas\/"]}]},{"@type":"ImageObject","inLanguage":"es","@id":"https:\/\/annaalbert.com\/es\/producto-es\/buff-flores-impresionistas\/#primaryimage","url":"https:\/\/annaalbert.com\/wp-content\/uploads\/2019\/02\/378.jpg","contentUrl":"https:\/\/annaalbert.com\/wp-content\/uploads\/2019\/02\/378.jpg","width":800,"height":960,"caption":"buff flors impressionistes"},{"@type":"BreadcrumbList","@id":"https:\/\/annaalbert.com\/es\/producto-es\/buff-flores-impresionistas\/#breadcrumb","itemListElement":[{"@type":"ListItem","position":1,"name":"Portada","item":"https:\/\/annaalbert.com\/es\/"},{"@type":"ListItem","position":2,"name":"Tienda","item":"https:\/\/annaalbert.com\/tienda\/"},{"@type":"ListItem","position":3,"name":"BUFF FLORES IMPRESIONISTAS"}]},{"@type":"WebSite","@id":"https:\/\/annaalbert.com\/es\/#website","url":"https:\/\/annaalbert.com\/es\/","name":"Art en Seda","description":"Productos de seda pintada a mano, asi como cursos, talleres, experiencias por la artesana Anna Albert","publisher":{"@id":"https:\/\/annaalbert.com\/es\/#organization"},"potentialAction":[{"@type":"SearchAction","target":{"@type":"EntryPoint","urlTemplate":"https:\/\/annaalbert.com\/es\/?s={search_term_string}"},"query-input":{"@type":"PropertyValueSpecification","valueRequired":true,"valueName":"search_term_string"}}],"inLanguage":"es"},{"@type":"Organization","@id":"https:\/\/annaalbert.com\/es\/#organization","name":"Art en Seda by Anna Albert","url":"https:\/\/annaalbert.com\/es\/","logo":{"@type":"ImageObject","inLanguage":"es","@id":"https:\/\/annaalbert.com\/es\/#\/schema\/logo\/image\/","url":"https:\/\/annaalbert.com\/wp-content\/uploads\/2021\/01\/horitzontal_fonsblanc-scaled.jpg","contentUrl":"https:\/\/annaalbert.com\/wp-content\/uploads\/2021\/01\/horitzontal_fonsblanc-scaled.jpg","width":2560,"height":779,"caption":"Art en Seda by Anna Albert"},"image":{"@id":"https:\/\/annaalbert.com\/es\/#\/schema\/logo\/image\/"}}]}},"_links":{"self":[{"href":"https:\/\/annaalbert.com\/es\/wp-json\/wp\/v2\/product\/11499","targetHints":{"allow":["GET"]}}],"collection":[{"href":"https:\/\/annaalbert.com\/es\/wp-json\/wp\/v2\/product"}],"about":[{"href":"https:\/\/annaalbert.com\/es\/wp-json\/wp\/v2\/types\/product"}],"replies":[{"embeddable":true,"href":"https:\/\/annaalbert.com\/es\/wp-json\/wp\/v2\/comments?post=11499"}],"wp:featuredmedia":[{"embeddable":true,"href":"https:\/\/annaalbert.com\/es\/wp-json\/wp\/v2\/media\/4237"}],"wp:attachment":[{"href":"https:\/\/annaalbert.com\/es\/wp-json\/wp\/v2\/media?parent=11499"}],"wp:term":[{"taxonomy":"product_brand","embeddable":true,"href":"https:\/\/annaalbert.com\/es\/wp-json\/wp\/v2\/product_brand?post=11499"},{"taxonomy":"product_cat","embeddable":true,"href":"https:\/\/annaalbert.com\/es\/wp-json\/wp\/v2\/product_cat?post=11499"},{"taxonomy":"product_tag","embeddable":true,"href":"https:\/\/annaalbert.com\/es\/wp-json\/wp\/v2\/product_tag?post=11499"}],"curies":[{"name":"wp","href":"https:\/\/api.w.org\/{rel}","templated":true}]}}