{"id":11497,"date":"2019-03-21T17:48:17","date_gmt":"2019-03-21T17:48:17","guid":{"rendered":"https:\/\/annaalbert.com\/producto\/buff-seda-natural-rojo-lila\/"},"modified":"2023-12-04T15:01:56","modified_gmt":"2023-12-04T15:01:56","slug":"buff-seda-natural-rojo-lila","status":"publish","type":"product","link":"https:\/\/annaalbert.com\/es\/producto-es\/buff-seda-natural-rojo-lila\/","title":{"rendered":"BUFF SEDA NATURAL ROJO LILA"},"content":{"rendered":"<p>Descubre la subtilidad y elegancia de nuestro buff de seda natural de color rojo y lila. Con una textura ligera y suave, esta pieza te transportar\u00e1 en un mundo de confort y estilo.<\/p>\n<p>El <strong>buff o calentador de cuello<\/strong> es \u00fatil y pr\u00e1ctico en tiempos de fr\u00edo. El rojo intenso simboliza la pasi\u00f3n, mientras que el lila evoca la tranquilidad, creando una fusi\u00f3n \u00fanica de emociones. Ideal para todas las estaciones, este buff es vers\u00e1til y se puede adaptar a diferentes estilos y ocasiones.<\/p>\n<p>Aqu\u00ed lo presentamos de forma innovadora <strong>mezclando polar y seda pintada a mano<\/strong>, encontrando el punto de equilibrio al calentar y lucir un complemento colorista original. La seda natural proporciona una sensaci\u00f3n lujosa contra la piel, ofreciendo una experiencia de portabilidad excepcional. El tejido transpirable mantiene la frescura durante los meses c\u00e1lidos y proporciona calidez cuando llega la fresca brisa.<\/p>\n<p>Con un dise\u00f1o meticulosamente elaborado, este buff es m\u00e1s que una simple pieza de accesorio; es una declaraci\u00f3n de moda. Ya sea para un encuentro casual o una ocasi\u00f3n especial, esta combinaci\u00f3n de colores cautivar\u00e1 las miradas y te distinguir\u00e1 con elegancia.<\/p>\n<p>Nos permite llevarlo de diferentes maneras, unas m\u00e1s deporte, otros m\u00e1s para vestir. Pensado para gente joven y no tan joven.<\/p>\n","protected":false},"excerpt":{"rendered":"<p><strong>Buff<\/strong> de polar rojo y seda pincelada en tonos rojos y negros.<\/p>\n","protected":false},"featured_media":4234,"comment_status":"closed","ping_status":"closed","template":"","meta":{"_et_pb_use_builder":"","_et_pb_old_content":"","_et_gb_content_width":""},"product_brand":[],"product_cat":[417,416],"product_tag":[],"class_list":{"0":"post-11497","1":"product","2":"type-product","3":"status-publish","4":"has-post-thumbnail","6":"product_cat-buff-es","7":"product_cat-otros-complementos-es","9":"first","10":"instock","11":"purchasable","12":"product-type-simple"},"yoast_head":"<!-- This site is optimized with the Yoast SEO plugin v27.0 - https:\/\/yoast.com\/product\/yoast-seo-wordpress\/ -->\n<title>Buff seda natural rojo lila - Art en Seda<\/title>\n<meta name=\"description\" content=\"Buff de seda natural rojo y lila. \u00datil y pr\u00e1ctico en tiempo de fr\u00edo. Nos permite llevarlo de diferentes maneras, tanto para deporte como para vestir.\" \/>\n<meta name=\"robots\" content=\"index, follow, max-snippet:-1, max-image-preview:large, max-video-preview:-1\" \/>\n<link rel=\"canonical\" href=\"https:\/\/annaalbert.com\/es\/producto-es\/buff-seda-natural-rojo-lila\/\" \/>\n<meta property=\"og:locale\" content=\"es_ES\" \/>\n<meta property=\"og:type\" content=\"article\" \/>\n<meta property=\"og:title\" content=\"Buff seda natural rojo lila - Art en Seda\" \/>\n<meta property=\"og:description\" content=\"Buff de seda natural rojo y lila. \u00datil y pr\u00e1ctico en tiempo de fr\u00edo. Nos permite llevarlo de diferentes maneras, tanto para deporte como para vestir.\" \/>\n<meta property=\"og:url\" content=\"https:\/\/annaalbert.com\/es\/producto-es\/buff-seda-natural-rojo-lila\/\" \/>\n<meta property=\"og:site_name\" content=\"Art en Seda\" \/>\n<meta property=\"article:modified_time\" content=\"2023-12-04T15:01:56+00:00\" \/>\n<meta property=\"og:image\" content=\"https:\/\/annaalbert.com\/wp-content\/uploads\/2019\/02\/470.jpg\" \/>\n\t<meta property=\"og:image:width\" content=\"800\" \/>\n\t<meta property=\"og:image:height\" content=\"960\" \/>\n\t<meta property=\"og:image:type\" content=\"image\/jpeg\" \/>\n<meta name=\"twitter:card\" content=\"summary_large_image\" \/>\n<meta name=\"twitter:label1\" content=\"Tiempo de lectura\" \/>\n\t<meta name=\"twitter:data1\" content=\"1 minuto\" \/>\n<script type=\"application\/ld+json\" class=\"yoast-schema-graph\">{\"@context\":\"https:\/\/schema.org\",\"@graph\":[{\"@type\":\"WebPage\",\"@id\":\"https:\/\/annaalbert.com\/es\/producto-es\/buff-seda-natural-rojo-lila\/\",\"url\":\"https:\/\/annaalbert.com\/es\/producto-es\/buff-seda-natural-rojo-lila\/\",\"name\":\"Buff seda natural rojo lila - Art en Seda\",\"isPartOf\":{\"@id\":\"https:\/\/annaalbert.com\/es\/#website\"},\"primaryImageOfPage\":{\"@id\":\"https:\/\/annaalbert.com\/es\/producto-es\/buff-seda-natural-rojo-lila\/#primaryimage\"},\"image\":{\"@id\":\"https:\/\/annaalbert.com\/es\/producto-es\/buff-seda-natural-rojo-lila\/#primaryimage\"},\"thumbnailUrl\":\"https:\/\/annaalbert.com\/wp-content\/uploads\/2019\/02\/470.jpg\",\"datePublished\":\"2019-03-21T17:48:17+00:00\",\"dateModified\":\"2023-12-04T15:01:56+00:00\",\"description\":\"Buff de seda natural rojo y lila. \u00datil y pr\u00e1ctico en tiempo de fr\u00edo. Nos permite llevarlo de diferentes maneras, tanto para deporte como para vestir.\",\"breadcrumb\":{\"@id\":\"https:\/\/annaalbert.com\/es\/producto-es\/buff-seda-natural-rojo-lila\/#breadcrumb\"},\"inLanguage\":\"es\",\"potentialAction\":[{\"@type\":\"ReadAction\",\"target\":[\"https:\/\/annaalbert.com\/es\/producto-es\/buff-seda-natural-rojo-lila\/\"]}]},{\"@type\":\"ImageObject\",\"inLanguage\":\"es\",\"@id\":\"https:\/\/annaalbert.com\/es\/producto-es\/buff-seda-natural-rojo-lila\/#primaryimage\",\"url\":\"https:\/\/annaalbert.com\/wp-content\/uploads\/2019\/02\/470.jpg\",\"contentUrl\":\"https:\/\/annaalbert.com\/wp-content\/uploads\/2019\/02\/470.jpg\",\"width\":800,\"height\":960,\"caption\":\"Buff seda natural vermell lila\"},{\"@type\":\"BreadcrumbList\",\"@id\":\"https:\/\/annaalbert.com\/es\/producto-es\/buff-seda-natural-rojo-lila\/#breadcrumb\",\"itemListElement\":[{\"@type\":\"ListItem\",\"position\":1,\"name\":\"Portada\",\"item\":\"https:\/\/annaalbert.com\/es\/\"},{\"@type\":\"ListItem\",\"position\":2,\"name\":\"Tienda\",\"item\":\"https:\/\/annaalbert.com\/tienda\/\"},{\"@type\":\"ListItem\",\"position\":3,\"name\":\"BUFF SEDA NATURAL ROJO LILA\"}]},{\"@type\":\"WebSite\",\"@id\":\"https:\/\/annaalbert.com\/es\/#website\",\"url\":\"https:\/\/annaalbert.com\/es\/\",\"name\":\"Art en Seda\",\"description\":\"Productos de seda pintada a mano, asi como cursos, talleres, experiencias por la artesana Anna Albert\",\"publisher\":{\"@id\":\"https:\/\/annaalbert.com\/es\/#organization\"},\"potentialAction\":[{\"@type\":\"SearchAction\",\"target\":{\"@type\":\"EntryPoint\",\"urlTemplate\":\"https:\/\/annaalbert.com\/es\/?s={search_term_string}\"},\"query-input\":{\"@type\":\"PropertyValueSpecification\",\"valueRequired\":true,\"valueName\":\"search_term_string\"}}],\"inLanguage\":\"es\"},{\"@type\":\"Organization\",\"@id\":\"https:\/\/annaalbert.com\/es\/#organization\",\"name\":\"Art en Seda by Anna Albert\",\"url\":\"https:\/\/annaalbert.com\/es\/\",\"logo\":{\"@type\":\"ImageObject\",\"inLanguage\":\"es\",\"@id\":\"https:\/\/annaalbert.com\/es\/#\/schema\/logo\/image\/\",\"url\":\"https:\/\/annaalbert.com\/wp-content\/uploads\/2021\/01\/horitzontal_fonsblanc-scaled.jpg\",\"contentUrl\":\"https:\/\/annaalbert.com\/wp-content\/uploads\/2021\/01\/horitzontal_fonsblanc-scaled.jpg\",\"width\":2560,\"height\":779,\"caption\":\"Art en Seda by Anna Albert\"},\"image\":{\"@id\":\"https:\/\/annaalbert.com\/es\/#\/schema\/logo\/image\/\"}}]}<\/script>\n<!-- \/ Yoast SEO plugin. -->","yoast_head_json":{"title":"Buff seda natural rojo lila - Art en Seda","description":"Buff de seda natural rojo y lila. \u00datil y pr\u00e1ctico en tiempo de fr\u00edo. Nos permite llevarlo de diferentes maneras, tanto para deporte como para vestir.","robots":{"index":"index","follow":"follow","max-snippet":"max-snippet:-1","max-image-preview":"max-image-preview:large","max-video-preview":"max-video-preview:-1"},"canonical":"https:\/\/annaalbert.com\/es\/producto-es\/buff-seda-natural-rojo-lila\/","og_locale":"es_ES","og_type":"article","og_title":"Buff seda natural rojo lila - Art en Seda","og_description":"Buff de seda natural rojo y lila. \u00datil y pr\u00e1ctico en tiempo de fr\u00edo. Nos permite llevarlo de diferentes maneras, tanto para deporte como para vestir.","og_url":"https:\/\/annaalbert.com\/es\/producto-es\/buff-seda-natural-rojo-lila\/","og_site_name":"Art en Seda","article_modified_time":"2023-12-04T15:01:56+00:00","og_image":[{"width":800,"height":960,"url":"https:\/\/annaalbert.com\/wp-content\/uploads\/2019\/02\/470.jpg","type":"image\/jpeg"}],"twitter_card":"summary_large_image","twitter_misc":{"Tiempo de lectura":"1 minuto"},"schema":{"@context":"https:\/\/schema.org","@graph":[{"@type":"WebPage","@id":"https:\/\/annaalbert.com\/es\/producto-es\/buff-seda-natural-rojo-lila\/","url":"https:\/\/annaalbert.com\/es\/producto-es\/buff-seda-natural-rojo-lila\/","name":"Buff seda natural rojo lila - Art en Seda","isPartOf":{"@id":"https:\/\/annaalbert.com\/es\/#website"},"primaryImageOfPage":{"@id":"https:\/\/annaalbert.com\/es\/producto-es\/buff-seda-natural-rojo-lila\/#primaryimage"},"image":{"@id":"https:\/\/annaalbert.com\/es\/producto-es\/buff-seda-natural-rojo-lila\/#primaryimage"},"thumbnailUrl":"https:\/\/annaalbert.com\/wp-content\/uploads\/2019\/02\/470.jpg","datePublished":"2019-03-21T17:48:17+00:00","dateModified":"2023-12-04T15:01:56+00:00","description":"Buff de seda natural rojo y lila. \u00datil y pr\u00e1ctico en tiempo de fr\u00edo. Nos permite llevarlo de diferentes maneras, tanto para deporte como para vestir.","breadcrumb":{"@id":"https:\/\/annaalbert.com\/es\/producto-es\/buff-seda-natural-rojo-lila\/#breadcrumb"},"inLanguage":"es","potentialAction":[{"@type":"ReadAction","target":["https:\/\/annaalbert.com\/es\/producto-es\/buff-seda-natural-rojo-lila\/"]}]},{"@type":"ImageObject","inLanguage":"es","@id":"https:\/\/annaalbert.com\/es\/producto-es\/buff-seda-natural-rojo-lila\/#primaryimage","url":"https:\/\/annaalbert.com\/wp-content\/uploads\/2019\/02\/470.jpg","contentUrl":"https:\/\/annaalbert.com\/wp-content\/uploads\/2019\/02\/470.jpg","width":800,"height":960,"caption":"Buff seda natural vermell lila"},{"@type":"BreadcrumbList","@id":"https:\/\/annaalbert.com\/es\/producto-es\/buff-seda-natural-rojo-lila\/#breadcrumb","itemListElement":[{"@type":"ListItem","position":1,"name":"Portada","item":"https:\/\/annaalbert.com\/es\/"},{"@type":"ListItem","position":2,"name":"Tienda","item":"https:\/\/annaalbert.com\/tienda\/"},{"@type":"ListItem","position":3,"name":"BUFF SEDA NATURAL ROJO LILA"}]},{"@type":"WebSite","@id":"https:\/\/annaalbert.com\/es\/#website","url":"https:\/\/annaalbert.com\/es\/","name":"Art en Seda","description":"Productos de seda pintada a mano, asi como cursos, talleres, experiencias por la artesana Anna Albert","publisher":{"@id":"https:\/\/annaalbert.com\/es\/#organization"},"potentialAction":[{"@type":"SearchAction","target":{"@type":"EntryPoint","urlTemplate":"https:\/\/annaalbert.com\/es\/?s={search_term_string}"},"query-input":{"@type":"PropertyValueSpecification","valueRequired":true,"valueName":"search_term_string"}}],"inLanguage":"es"},{"@type":"Organization","@id":"https:\/\/annaalbert.com\/es\/#organization","name":"Art en Seda by Anna Albert","url":"https:\/\/annaalbert.com\/es\/","logo":{"@type":"ImageObject","inLanguage":"es","@id":"https:\/\/annaalbert.com\/es\/#\/schema\/logo\/image\/","url":"https:\/\/annaalbert.com\/wp-content\/uploads\/2021\/01\/horitzontal_fonsblanc-scaled.jpg","contentUrl":"https:\/\/annaalbert.com\/wp-content\/uploads\/2021\/01\/horitzontal_fonsblanc-scaled.jpg","width":2560,"height":779,"caption":"Art en Seda by Anna Albert"},"image":{"@id":"https:\/\/annaalbert.com\/es\/#\/schema\/logo\/image\/"}}]}},"_links":{"self":[{"href":"https:\/\/annaalbert.com\/es\/wp-json\/wp\/v2\/product\/11497","targetHints":{"allow":["GET"]}}],"collection":[{"href":"https:\/\/annaalbert.com\/es\/wp-json\/wp\/v2\/product"}],"about":[{"href":"https:\/\/annaalbert.com\/es\/wp-json\/wp\/v2\/types\/product"}],"replies":[{"embeddable":true,"href":"https:\/\/annaalbert.com\/es\/wp-json\/wp\/v2\/comments?post=11497"}],"wp:featuredmedia":[{"embeddable":true,"href":"https:\/\/annaalbert.com\/es\/wp-json\/wp\/v2\/media\/4234"}],"wp:attachment":[{"href":"https:\/\/annaalbert.com\/es\/wp-json\/wp\/v2\/media?parent=11497"}],"wp:term":[{"taxonomy":"product_brand","embeddable":true,"href":"https:\/\/annaalbert.com\/es\/wp-json\/wp\/v2\/product_brand?post=11497"},{"taxonomy":"product_cat","embeddable":true,"href":"https:\/\/annaalbert.com\/es\/wp-json\/wp\/v2\/product_cat?post=11497"},{"taxonomy":"product_tag","embeddable":true,"href":"https:\/\/annaalbert.com\/es\/wp-json\/wp\/v2\/product_tag?post=11497"}],"curies":[{"name":"wp","href":"https:\/\/api.w.org\/{rel}","templated":true}]}}