{"id":11485,"date":"2019-03-21T17:48:17","date_gmt":"2019-03-21T17:48:17","guid":{"rendered":"https:\/\/annaalbert.com\/producto\/llavero-seda-hierro-ibero-da-ta\/"},"modified":"2023-12-04T14:41:43","modified_gmt":"2023-12-04T14:41:43","slug":"llavero-seda-hierro-ibero-da-ta","status":"publish","type":"product","link":"https:\/\/annaalbert.com\/es\/producto-es\/llavero-seda-hierro-ibero-da-ta\/","title":{"rendered":"LLAVERO SEDA HIERRO \u00cdBERO DA\/TA"},"content":{"rendered":"<p style=\"text-align: justify;\">Llavero seda hierro \u00edbero da\/ta.<\/p>\n<p style=\"text-align: justify;\">En Catalu\u00f1a conservamos las ruinas de muchos <strong>poblados ib\u00e9ricos<\/strong> y gracias a los estudios que se han realizado conocemos costumbres y h\u00e1bitos, herramientas agr\u00edcolas, materiales utilizados, comida, festivales tradicionales, en definitiva, la <strong>cultura<\/strong> de entonces.<\/p>\n<p style=\"text-align: justify;\">El <strong>\u00edbero<\/strong> fue la lengua hablada durante muchos siglos en nuestro territorio por nuestros antepasados.<\/p>\n<p style=\"text-align: justify;\">Desde el inicio de la cultura Ib\u00e9rica tenemos escritura: el texto m\u00e1s antiguo escrito en la lengua Ib\u00e9rica se remonta al siglo VI aC y proviene de Ullastret (Empord\u00e0)<\/p>\n<p style=\"text-align: justify;\">Los textos m\u00e1s modernos son del S. I dC: algunos grafitis en Guissona y una estela funeraria de Requena del s. I dC<\/p>\n<p style=\"text-align: justify;\">A pesar de que hay m\u00e1s de dos mil textos en escritura ib\u00e9rica en todo tipo de apoyos, y que m\u00e1s o menos se conocen las equivalencias fon\u00e9ticas con el <strong>alfabeto latino<\/strong>, la lengua representada con la escritura ib\u00e9rica no ha estado del todo descifrada.<\/p>\n<p style=\"text-align: justify;\">Los s\u00edmbolos de este alfabeto son, por lo tanto, fon\u00e9ticos. Este s\u00edmbolo corresponder\u00eda al sonido DA\/TA de nuestro abecedario.<\/p>\n<p style=\"text-align: justify;\">Se ha cortado el hierro artesanalmente, se ha enmohecido con el agua de la lluvia y barnizado. El cord\u00f3n de seda ha sido <strong>te\u00f1ido a mano<\/strong>. El contraste de un material fr\u00edo y r\u00fastico como el <strong>hierro<\/strong> con la <strong>seda<\/strong> suave y fina le da car\u00e1cter y personalidad. Es una <strong>pieza \u00fanica<\/strong>.<\/p>\n<p style=\"text-align: justify;\">Se puede escoger el color de la seda del llavero seda hierro \u00edbero da\/ta.<\/p>\n","protected":false},"excerpt":{"rendered":"<p><strong>Llavero de hierro y montado con seda. S\u00edmbolo ib\u00e9rico.<\/strong> Corresponde al sonido DA\/TA de nuestro alfabeto<\/p>\n","protected":false},"featured_media":4222,"comment_status":"closed","ping_status":"closed","template":"","meta":{"_et_pb_use_builder":"","_et_pb_old_content":"","_et_gb_content_width":""},"product_brand":[],"product_cat":[453],"product_tag":[],"class_list":{"0":"post-11485","1":"product","2":"type-product","3":"status-publish","4":"has-post-thumbnail","6":"product_cat-llaveros-es","8":"first","9":"instock","10":"purchasable","11":"product-type-simple"},"yoast_head":"<!-- This site is optimized with the Yoast SEO plugin v27.0 - https:\/\/yoast.com\/product\/yoast-seo-wordpress\/ -->\n<title>Llavero seda hierro \u00edbero da\/ta - Art en Seda<\/title>\n<meta name=\"description\" content=\"Llavero seda hierro \u00edbero da\/ta en honor a los poblados ib\u00e9ricos del pasado. Pieza \u00fanica artesanal tajada a hierro y de seda, a escoger el color.\" \/>\n<meta name=\"robots\" content=\"index, follow, max-snippet:-1, max-image-preview:large, max-video-preview:-1\" \/>\n<link rel=\"canonical\" href=\"https:\/\/annaalbert.com\/es\/producto-es\/llavero-seda-hierro-ibero-da-ta\/\" \/>\n<meta property=\"og:locale\" content=\"es_ES\" \/>\n<meta property=\"og:type\" content=\"article\" \/>\n<meta property=\"og:title\" content=\"Llavero seda hierro \u00edbero da\/ta - Art en Seda\" \/>\n<meta property=\"og:description\" content=\"Llavero seda hierro \u00edbero da\/ta en honor a los poblados ib\u00e9ricos del pasado. Pieza \u00fanica artesanal tajada a hierro y de seda, a escoger el color.\" \/>\n<meta property=\"og:url\" content=\"https:\/\/annaalbert.com\/es\/producto-es\/llavero-seda-hierro-ibero-da-ta\/\" \/>\n<meta property=\"og:site_name\" content=\"Art en Seda\" \/>\n<meta property=\"article:modified_time\" content=\"2023-12-04T14:41:43+00:00\" \/>\n<meta property=\"og:image\" content=\"https:\/\/annaalbert.com\/wp-content\/uploads\/2019\/02\/190.jpg\" \/>\n\t<meta property=\"og:image:width\" content=\"800\" \/>\n\t<meta property=\"og:image:height\" content=\"960\" \/>\n\t<meta property=\"og:image:type\" content=\"image\/jpeg\" \/>\n<meta name=\"twitter:card\" content=\"summary_large_image\" \/>\n<meta name=\"twitter:label1\" content=\"Tiempo de lectura\" \/>\n\t<meta name=\"twitter:data1\" content=\"1 minuto\" \/>\n<script type=\"application\/ld+json\" class=\"yoast-schema-graph\">{\"@context\":\"https:\/\/schema.org\",\"@graph\":[{\"@type\":\"WebPage\",\"@id\":\"https:\/\/annaalbert.com\/es\/producto-es\/llavero-seda-hierro-ibero-da-ta\/\",\"url\":\"https:\/\/annaalbert.com\/es\/producto-es\/llavero-seda-hierro-ibero-da-ta\/\",\"name\":\"Llavero seda hierro \u00edbero da\/ta - Art en Seda\",\"isPartOf\":{\"@id\":\"https:\/\/annaalbert.com\/es\/#website\"},\"primaryImageOfPage\":{\"@id\":\"https:\/\/annaalbert.com\/es\/producto-es\/llavero-seda-hierro-ibero-da-ta\/#primaryimage\"},\"image\":{\"@id\":\"https:\/\/annaalbert.com\/es\/producto-es\/llavero-seda-hierro-ibero-da-ta\/#primaryimage\"},\"thumbnailUrl\":\"https:\/\/annaalbert.com\/wp-content\/uploads\/2019\/02\/190.jpg\",\"datePublished\":\"2019-03-21T17:48:17+00:00\",\"dateModified\":\"2023-12-04T14:41:43+00:00\",\"description\":\"Llavero seda hierro \u00edbero da\/ta en honor a los poblados ib\u00e9ricos del pasado. Pieza \u00fanica artesanal tajada a hierro y de seda, a escoger el color.\",\"breadcrumb\":{\"@id\":\"https:\/\/annaalbert.com\/es\/producto-es\/llavero-seda-hierro-ibero-da-ta\/#breadcrumb\"},\"inLanguage\":\"es\",\"potentialAction\":[{\"@type\":\"ReadAction\",\"target\":[\"https:\/\/annaalbert.com\/es\/producto-es\/llavero-seda-hierro-ibero-da-ta\/\"]}]},{\"@type\":\"ImageObject\",\"inLanguage\":\"es\",\"@id\":\"https:\/\/annaalbert.com\/es\/producto-es\/llavero-seda-hierro-ibero-da-ta\/#primaryimage\",\"url\":\"https:\/\/annaalbert.com\/wp-content\/uploads\/2019\/02\/190.jpg\",\"contentUrl\":\"https:\/\/annaalbert.com\/wp-content\/uploads\/2019\/02\/190.jpg\",\"width\":800,\"height\":960,\"caption\":\"clauer seda ferro iber da\/ta\"},{\"@type\":\"BreadcrumbList\",\"@id\":\"https:\/\/annaalbert.com\/es\/producto-es\/llavero-seda-hierro-ibero-da-ta\/#breadcrumb\",\"itemListElement\":[{\"@type\":\"ListItem\",\"position\":1,\"name\":\"Portada\",\"item\":\"https:\/\/annaalbert.com\/es\/\"},{\"@type\":\"ListItem\",\"position\":2,\"name\":\"Tienda\",\"item\":\"https:\/\/annaalbert.com\/tienda\/\"},{\"@type\":\"ListItem\",\"position\":3,\"name\":\"LLAVERO SEDA HIERRO \u00cdBERO DA\/TA\"}]},{\"@type\":\"WebSite\",\"@id\":\"https:\/\/annaalbert.com\/es\/#website\",\"url\":\"https:\/\/annaalbert.com\/es\/\",\"name\":\"Art en Seda\",\"description\":\"Productos de seda pintada a mano, asi como cursos, talleres, experiencias por la artesana Anna Albert\",\"publisher\":{\"@id\":\"https:\/\/annaalbert.com\/es\/#organization\"},\"potentialAction\":[{\"@type\":\"SearchAction\",\"target\":{\"@type\":\"EntryPoint\",\"urlTemplate\":\"https:\/\/annaalbert.com\/es\/?s={search_term_string}\"},\"query-input\":{\"@type\":\"PropertyValueSpecification\",\"valueRequired\":true,\"valueName\":\"search_term_string\"}}],\"inLanguage\":\"es\"},{\"@type\":\"Organization\",\"@id\":\"https:\/\/annaalbert.com\/es\/#organization\",\"name\":\"Art en Seda by Anna Albert\",\"url\":\"https:\/\/annaalbert.com\/es\/\",\"logo\":{\"@type\":\"ImageObject\",\"inLanguage\":\"es\",\"@id\":\"https:\/\/annaalbert.com\/es\/#\/schema\/logo\/image\/\",\"url\":\"https:\/\/annaalbert.com\/wp-content\/uploads\/2021\/01\/horitzontal_fonsblanc-scaled.jpg\",\"contentUrl\":\"https:\/\/annaalbert.com\/wp-content\/uploads\/2021\/01\/horitzontal_fonsblanc-scaled.jpg\",\"width\":2560,\"height\":779,\"caption\":\"Art en Seda by Anna Albert\"},\"image\":{\"@id\":\"https:\/\/annaalbert.com\/es\/#\/schema\/logo\/image\/\"}}]}<\/script>\n<!-- \/ Yoast SEO plugin. -->","yoast_head_json":{"title":"Llavero seda hierro \u00edbero da\/ta - Art en Seda","description":"Llavero seda hierro \u00edbero da\/ta en honor a los poblados ib\u00e9ricos del pasado. Pieza \u00fanica artesanal tajada a hierro y de seda, a escoger el color.","robots":{"index":"index","follow":"follow","max-snippet":"max-snippet:-1","max-image-preview":"max-image-preview:large","max-video-preview":"max-video-preview:-1"},"canonical":"https:\/\/annaalbert.com\/es\/producto-es\/llavero-seda-hierro-ibero-da-ta\/","og_locale":"es_ES","og_type":"article","og_title":"Llavero seda hierro \u00edbero da\/ta - Art en Seda","og_description":"Llavero seda hierro \u00edbero da\/ta en honor a los poblados ib\u00e9ricos del pasado. Pieza \u00fanica artesanal tajada a hierro y de seda, a escoger el color.","og_url":"https:\/\/annaalbert.com\/es\/producto-es\/llavero-seda-hierro-ibero-da-ta\/","og_site_name":"Art en Seda","article_modified_time":"2023-12-04T14:41:43+00:00","og_image":[{"width":800,"height":960,"url":"https:\/\/annaalbert.com\/wp-content\/uploads\/2019\/02\/190.jpg","type":"image\/jpeg"}],"twitter_card":"summary_large_image","twitter_misc":{"Tiempo de lectura":"1 minuto"},"schema":{"@context":"https:\/\/schema.org","@graph":[{"@type":"WebPage","@id":"https:\/\/annaalbert.com\/es\/producto-es\/llavero-seda-hierro-ibero-da-ta\/","url":"https:\/\/annaalbert.com\/es\/producto-es\/llavero-seda-hierro-ibero-da-ta\/","name":"Llavero seda hierro \u00edbero da\/ta - Art en Seda","isPartOf":{"@id":"https:\/\/annaalbert.com\/es\/#website"},"primaryImageOfPage":{"@id":"https:\/\/annaalbert.com\/es\/producto-es\/llavero-seda-hierro-ibero-da-ta\/#primaryimage"},"image":{"@id":"https:\/\/annaalbert.com\/es\/producto-es\/llavero-seda-hierro-ibero-da-ta\/#primaryimage"},"thumbnailUrl":"https:\/\/annaalbert.com\/wp-content\/uploads\/2019\/02\/190.jpg","datePublished":"2019-03-21T17:48:17+00:00","dateModified":"2023-12-04T14:41:43+00:00","description":"Llavero seda hierro \u00edbero da\/ta en honor a los poblados ib\u00e9ricos del pasado. Pieza \u00fanica artesanal tajada a hierro y de seda, a escoger el color.","breadcrumb":{"@id":"https:\/\/annaalbert.com\/es\/producto-es\/llavero-seda-hierro-ibero-da-ta\/#breadcrumb"},"inLanguage":"es","potentialAction":[{"@type":"ReadAction","target":["https:\/\/annaalbert.com\/es\/producto-es\/llavero-seda-hierro-ibero-da-ta\/"]}]},{"@type":"ImageObject","inLanguage":"es","@id":"https:\/\/annaalbert.com\/es\/producto-es\/llavero-seda-hierro-ibero-da-ta\/#primaryimage","url":"https:\/\/annaalbert.com\/wp-content\/uploads\/2019\/02\/190.jpg","contentUrl":"https:\/\/annaalbert.com\/wp-content\/uploads\/2019\/02\/190.jpg","width":800,"height":960,"caption":"clauer seda ferro iber da\/ta"},{"@type":"BreadcrumbList","@id":"https:\/\/annaalbert.com\/es\/producto-es\/llavero-seda-hierro-ibero-da-ta\/#breadcrumb","itemListElement":[{"@type":"ListItem","position":1,"name":"Portada","item":"https:\/\/annaalbert.com\/es\/"},{"@type":"ListItem","position":2,"name":"Tienda","item":"https:\/\/annaalbert.com\/tienda\/"},{"@type":"ListItem","position":3,"name":"LLAVERO SEDA HIERRO \u00cdBERO DA\/TA"}]},{"@type":"WebSite","@id":"https:\/\/annaalbert.com\/es\/#website","url":"https:\/\/annaalbert.com\/es\/","name":"Art en Seda","description":"Productos de seda pintada a mano, asi como cursos, talleres, experiencias por la artesana Anna Albert","publisher":{"@id":"https:\/\/annaalbert.com\/es\/#organization"},"potentialAction":[{"@type":"SearchAction","target":{"@type":"EntryPoint","urlTemplate":"https:\/\/annaalbert.com\/es\/?s={search_term_string}"},"query-input":{"@type":"PropertyValueSpecification","valueRequired":true,"valueName":"search_term_string"}}],"inLanguage":"es"},{"@type":"Organization","@id":"https:\/\/annaalbert.com\/es\/#organization","name":"Art en Seda by Anna Albert","url":"https:\/\/annaalbert.com\/es\/","logo":{"@type":"ImageObject","inLanguage":"es","@id":"https:\/\/annaalbert.com\/es\/#\/schema\/logo\/image\/","url":"https:\/\/annaalbert.com\/wp-content\/uploads\/2021\/01\/horitzontal_fonsblanc-scaled.jpg","contentUrl":"https:\/\/annaalbert.com\/wp-content\/uploads\/2021\/01\/horitzontal_fonsblanc-scaled.jpg","width":2560,"height":779,"caption":"Art en Seda by Anna Albert"},"image":{"@id":"https:\/\/annaalbert.com\/es\/#\/schema\/logo\/image\/"}}]}},"_links":{"self":[{"href":"https:\/\/annaalbert.com\/es\/wp-json\/wp\/v2\/product\/11485","targetHints":{"allow":["GET"]}}],"collection":[{"href":"https:\/\/annaalbert.com\/es\/wp-json\/wp\/v2\/product"}],"about":[{"href":"https:\/\/annaalbert.com\/es\/wp-json\/wp\/v2\/types\/product"}],"replies":[{"embeddable":true,"href":"https:\/\/annaalbert.com\/es\/wp-json\/wp\/v2\/comments?post=11485"}],"wp:featuredmedia":[{"embeddable":true,"href":"https:\/\/annaalbert.com\/es\/wp-json\/wp\/v2\/media\/4222"}],"wp:attachment":[{"href":"https:\/\/annaalbert.com\/es\/wp-json\/wp\/v2\/media?parent=11485"}],"wp:term":[{"taxonomy":"product_brand","embeddable":true,"href":"https:\/\/annaalbert.com\/es\/wp-json\/wp\/v2\/product_brand?post=11485"},{"taxonomy":"product_cat","embeddable":true,"href":"https:\/\/annaalbert.com\/es\/wp-json\/wp\/v2\/product_cat?post=11485"},{"taxonomy":"product_tag","embeddable":true,"href":"https:\/\/annaalbert.com\/es\/wp-json\/wp\/v2\/product_tag?post=11485"}],"curies":[{"name":"wp","href":"https:\/\/api.w.org\/{rel}","templated":true}]}}