{"id":11472,"date":"2019-03-21T17:48:17","date_gmt":"2019-03-21T17:48:17","guid":{"rendered":"https:\/\/annaalbert.com\/producto\/fular-seda-natural-rosas-rojas\/"},"modified":"2023-12-04T12:38:02","modified_gmt":"2023-12-04T12:38:02","slug":"fular-seda-natural-rosas-rojas","status":"publish","type":"product","link":"https:\/\/annaalbert.com\/es\/producto-es\/fular-seda-natural-rosas-rojas\/","title":{"rendered":"FULAR SEDA NATURAL ROSAS ROJAS"},"content":{"rendered":"<p>Descubre la elegancia suprema con nuestro fular de seda natural con rosas rojas. Cada rosa roja, meticulosamente pintada a mano, transmite pasi\u00f3n y sofisticaci\u00f3n. Adem\u00e1s, la suavidad de la seda acaricia la piel, ofreciendo una experiencia lujosa y confortable.<\/p>\n<p style=\"text-align: justify;\">Fular de medida generosa con un color rojo muy atractivo. Rosas grandes y rojas y un punto de burdeos se distribuyen por todo el fular perfiladas con dorado.<\/p>\n<p style=\"text-align: justify;\"><strong>El rojo es pasi\u00f3n. Muy adecuado para un traje de noche pero tambi\u00e9n para lucir m\u00e1s informal. Un cl\u00e1sico para tu fondo de armario que te har\u00e1 quedar bien en todas las ocasiones.<\/strong><\/p>\n<p style=\"text-align: justify;\">Tambi\u00e9n, artistas de todas las \u00e9pocas se han inspirado con las flores. En mi caso, el modernismo floral ha sido un referente que me acompa\u00f1a y desde el cual fluye mucha de mi inspiraci\u00f3n.<\/p>\n<p style=\"text-align: justify;\">Las flores asociadas al rojo inspiran amor y felicidad. <strong>Regalar este fular de seda natural con rosas rojas puede ser un gesto simb\u00f3lico en fechas se\u00f1aladas de una relaci\u00f3n y, en Catalu\u00f1a, por ejemplo, tenemos el d\u00eda de San Jordi que puede ser un d\u00eda oportuno.<\/strong><\/p>\n<p>Deja que este fular sea tu testigo del amor por el detalle, la belleza y el estilo inigualables. Eleva tu estilo con una obra maestra de la moda.<\/p>\n","protected":false},"excerpt":{"rendered":"<p><strong>Fular de seda musselina de color rojo con rosas rojas y un punto de burdeos.<\/strong><\/p>\n<p>Medidas 180&#215;55.<\/p>\n","protected":false},"featured_media":11473,"comment_status":"closed","ping_status":"closed","template":"","meta":{"_et_pb_use_builder":"","_et_pb_old_content":"","_et_gb_content_width":""},"product_brand":[],"product_cat":[174],"product_tag":[],"class_list":{"0":"post-11472","1":"product","2":"type-product","3":"status-publish","4":"has-post-thumbnail","6":"product_cat-fulards","8":"first","9":"instock","10":"purchasable","11":"product-type-simple"},"yoast_head":"<!-- This site is optimized with the Yoast SEO plugin v27.0 - https:\/\/yoast.com\/product\/yoast-seo-wordpress\/ -->\n<title>Fular de seda natural con rosas rojas - Art en Seda<\/title>\n<meta name=\"description\" content=\"Fular seda natural rosas rojas apasionadas, muy adecuada para un traje de noche pero tambi\u00e9n para lucir m\u00e1s informal. Ideal para todas las ocasiones.\" \/>\n<meta name=\"robots\" content=\"index, follow, max-snippet:-1, max-image-preview:large, max-video-preview:-1\" \/>\n<link rel=\"canonical\" href=\"https:\/\/annaalbert.com\/es\/producto-es\/fular-seda-natural-rosas-rojas\/\" \/>\n<meta property=\"og:locale\" content=\"es_ES\" \/>\n<meta property=\"og:type\" content=\"article\" \/>\n<meta property=\"og:title\" content=\"Fular de seda natural con rosas rojas - Art en Seda\" \/>\n<meta property=\"og:description\" content=\"Fular seda natural rosas rojas apasionadas, muy adecuada para un traje de noche pero tambi\u00e9n para lucir m\u00e1s informal. Ideal para todas las ocasiones.\" \/>\n<meta property=\"og:url\" content=\"https:\/\/annaalbert.com\/es\/producto-es\/fular-seda-natural-rosas-rojas\/\" \/>\n<meta property=\"og:site_name\" content=\"Art en Seda\" \/>\n<meta property=\"article:modified_time\" content=\"2023-12-04T12:38:02+00:00\" \/>\n<meta property=\"og:image\" content=\"https:\/\/annaalbert.com\/wp-content\/uploads\/2019\/03\/2489-a-mida.jpg\" \/>\n\t<meta property=\"og:image:width\" content=\"800\" \/>\n\t<meta property=\"og:image:height\" content=\"960\" \/>\n\t<meta property=\"og:image:type\" content=\"image\/jpeg\" \/>\n<meta name=\"twitter:card\" content=\"summary_large_image\" \/>\n<meta name=\"twitter:label1\" content=\"Tiempo de lectura\" \/>\n\t<meta name=\"twitter:data1\" content=\"1 minuto\" \/>\n<script type=\"application\/ld+json\" class=\"yoast-schema-graph\">{\"@context\":\"https:\/\/schema.org\",\"@graph\":[{\"@type\":\"WebPage\",\"@id\":\"https:\/\/annaalbert.com\/es\/producto-es\/fular-seda-natural-rosas-rojas\/\",\"url\":\"https:\/\/annaalbert.com\/es\/producto-es\/fular-seda-natural-rosas-rojas\/\",\"name\":\"Fular de seda natural con rosas rojas - Art en Seda\",\"isPartOf\":{\"@id\":\"https:\/\/annaalbert.com\/es\/#website\"},\"primaryImageOfPage\":{\"@id\":\"https:\/\/annaalbert.com\/es\/producto-es\/fular-seda-natural-rosas-rojas\/#primaryimage\"},\"image\":{\"@id\":\"https:\/\/annaalbert.com\/es\/producto-es\/fular-seda-natural-rosas-rojas\/#primaryimage\"},\"thumbnailUrl\":\"https:\/\/annaalbert.com\/wp-content\/uploads\/2019\/03\/2489-a-mida.jpg\",\"datePublished\":\"2019-03-21T17:48:17+00:00\",\"dateModified\":\"2023-12-04T12:38:02+00:00\",\"description\":\"Fular seda natural rosas rojas apasionadas, muy adecuada para un traje de noche pero tambi\u00e9n para lucir m\u00e1s informal. Ideal para todas las ocasiones.\",\"breadcrumb\":{\"@id\":\"https:\/\/annaalbert.com\/es\/producto-es\/fular-seda-natural-rosas-rojas\/#breadcrumb\"},\"inLanguage\":\"es\",\"potentialAction\":[{\"@type\":\"ReadAction\",\"target\":[\"https:\/\/annaalbert.com\/es\/producto-es\/fular-seda-natural-rosas-rojas\/\"]}]},{\"@type\":\"ImageObject\",\"inLanguage\":\"es\",\"@id\":\"https:\/\/annaalbert.com\/es\/producto-es\/fular-seda-natural-rosas-rojas\/#primaryimage\",\"url\":\"https:\/\/annaalbert.com\/wp-content\/uploads\/2019\/03\/2489-a-mida.jpg\",\"contentUrl\":\"https:\/\/annaalbert.com\/wp-content\/uploads\/2019\/03\/2489-a-mida.jpg\",\"width\":800,\"height\":960,\"caption\":\"fulard seda natural roses vermelles\"},{\"@type\":\"BreadcrumbList\",\"@id\":\"https:\/\/annaalbert.com\/es\/producto-es\/fular-seda-natural-rosas-rojas\/#breadcrumb\",\"itemListElement\":[{\"@type\":\"ListItem\",\"position\":1,\"name\":\"Portada\",\"item\":\"https:\/\/annaalbert.com\/es\/\"},{\"@type\":\"ListItem\",\"position\":2,\"name\":\"Tienda\",\"item\":\"https:\/\/annaalbert.com\/tienda\/\"},{\"@type\":\"ListItem\",\"position\":3,\"name\":\"FULAR SEDA NATURAL ROSAS ROJAS\"}]},{\"@type\":\"WebSite\",\"@id\":\"https:\/\/annaalbert.com\/es\/#website\",\"url\":\"https:\/\/annaalbert.com\/es\/\",\"name\":\"Art en Seda\",\"description\":\"Productos de seda pintada a mano, asi como cursos, talleres, experiencias por la artesana Anna Albert\",\"publisher\":{\"@id\":\"https:\/\/annaalbert.com\/es\/#organization\"},\"potentialAction\":[{\"@type\":\"SearchAction\",\"target\":{\"@type\":\"EntryPoint\",\"urlTemplate\":\"https:\/\/annaalbert.com\/es\/?s={search_term_string}\"},\"query-input\":{\"@type\":\"PropertyValueSpecification\",\"valueRequired\":true,\"valueName\":\"search_term_string\"}}],\"inLanguage\":\"es\"},{\"@type\":\"Organization\",\"@id\":\"https:\/\/annaalbert.com\/es\/#organization\",\"name\":\"Art en Seda by Anna Albert\",\"url\":\"https:\/\/annaalbert.com\/es\/\",\"logo\":{\"@type\":\"ImageObject\",\"inLanguage\":\"es\",\"@id\":\"https:\/\/annaalbert.com\/es\/#\/schema\/logo\/image\/\",\"url\":\"https:\/\/annaalbert.com\/wp-content\/uploads\/2021\/01\/horitzontal_fonsblanc-scaled.jpg\",\"contentUrl\":\"https:\/\/annaalbert.com\/wp-content\/uploads\/2021\/01\/horitzontal_fonsblanc-scaled.jpg\",\"width\":2560,\"height\":779,\"caption\":\"Art en Seda by Anna Albert\"},\"image\":{\"@id\":\"https:\/\/annaalbert.com\/es\/#\/schema\/logo\/image\/\"}}]}<\/script>\n<!-- \/ Yoast SEO plugin. -->","yoast_head_json":{"title":"Fular de seda natural con rosas rojas - Art en Seda","description":"Fular seda natural rosas rojas apasionadas, muy adecuada para un traje de noche pero tambi\u00e9n para lucir m\u00e1s informal. Ideal para todas las ocasiones.","robots":{"index":"index","follow":"follow","max-snippet":"max-snippet:-1","max-image-preview":"max-image-preview:large","max-video-preview":"max-video-preview:-1"},"canonical":"https:\/\/annaalbert.com\/es\/producto-es\/fular-seda-natural-rosas-rojas\/","og_locale":"es_ES","og_type":"article","og_title":"Fular de seda natural con rosas rojas - Art en Seda","og_description":"Fular seda natural rosas rojas apasionadas, muy adecuada para un traje de noche pero tambi\u00e9n para lucir m\u00e1s informal. Ideal para todas las ocasiones.","og_url":"https:\/\/annaalbert.com\/es\/producto-es\/fular-seda-natural-rosas-rojas\/","og_site_name":"Art en Seda","article_modified_time":"2023-12-04T12:38:02+00:00","og_image":[{"width":800,"height":960,"url":"https:\/\/annaalbert.com\/wp-content\/uploads\/2019\/03\/2489-a-mida.jpg","type":"image\/jpeg"}],"twitter_card":"summary_large_image","twitter_misc":{"Tiempo de lectura":"1 minuto"},"schema":{"@context":"https:\/\/schema.org","@graph":[{"@type":"WebPage","@id":"https:\/\/annaalbert.com\/es\/producto-es\/fular-seda-natural-rosas-rojas\/","url":"https:\/\/annaalbert.com\/es\/producto-es\/fular-seda-natural-rosas-rojas\/","name":"Fular de seda natural con rosas rojas - Art en Seda","isPartOf":{"@id":"https:\/\/annaalbert.com\/es\/#website"},"primaryImageOfPage":{"@id":"https:\/\/annaalbert.com\/es\/producto-es\/fular-seda-natural-rosas-rojas\/#primaryimage"},"image":{"@id":"https:\/\/annaalbert.com\/es\/producto-es\/fular-seda-natural-rosas-rojas\/#primaryimage"},"thumbnailUrl":"https:\/\/annaalbert.com\/wp-content\/uploads\/2019\/03\/2489-a-mida.jpg","datePublished":"2019-03-21T17:48:17+00:00","dateModified":"2023-12-04T12:38:02+00:00","description":"Fular seda natural rosas rojas apasionadas, muy adecuada para un traje de noche pero tambi\u00e9n para lucir m\u00e1s informal. Ideal para todas las ocasiones.","breadcrumb":{"@id":"https:\/\/annaalbert.com\/es\/producto-es\/fular-seda-natural-rosas-rojas\/#breadcrumb"},"inLanguage":"es","potentialAction":[{"@type":"ReadAction","target":["https:\/\/annaalbert.com\/es\/producto-es\/fular-seda-natural-rosas-rojas\/"]}]},{"@type":"ImageObject","inLanguage":"es","@id":"https:\/\/annaalbert.com\/es\/producto-es\/fular-seda-natural-rosas-rojas\/#primaryimage","url":"https:\/\/annaalbert.com\/wp-content\/uploads\/2019\/03\/2489-a-mida.jpg","contentUrl":"https:\/\/annaalbert.com\/wp-content\/uploads\/2019\/03\/2489-a-mida.jpg","width":800,"height":960,"caption":"fulard seda natural roses vermelles"},{"@type":"BreadcrumbList","@id":"https:\/\/annaalbert.com\/es\/producto-es\/fular-seda-natural-rosas-rojas\/#breadcrumb","itemListElement":[{"@type":"ListItem","position":1,"name":"Portada","item":"https:\/\/annaalbert.com\/es\/"},{"@type":"ListItem","position":2,"name":"Tienda","item":"https:\/\/annaalbert.com\/tienda\/"},{"@type":"ListItem","position":3,"name":"FULAR SEDA NATURAL ROSAS ROJAS"}]},{"@type":"WebSite","@id":"https:\/\/annaalbert.com\/es\/#website","url":"https:\/\/annaalbert.com\/es\/","name":"Art en Seda","description":"Productos de seda pintada a mano, asi como cursos, talleres, experiencias por la artesana Anna Albert","publisher":{"@id":"https:\/\/annaalbert.com\/es\/#organization"},"potentialAction":[{"@type":"SearchAction","target":{"@type":"EntryPoint","urlTemplate":"https:\/\/annaalbert.com\/es\/?s={search_term_string}"},"query-input":{"@type":"PropertyValueSpecification","valueRequired":true,"valueName":"search_term_string"}}],"inLanguage":"es"},{"@type":"Organization","@id":"https:\/\/annaalbert.com\/es\/#organization","name":"Art en Seda by Anna Albert","url":"https:\/\/annaalbert.com\/es\/","logo":{"@type":"ImageObject","inLanguage":"es","@id":"https:\/\/annaalbert.com\/es\/#\/schema\/logo\/image\/","url":"https:\/\/annaalbert.com\/wp-content\/uploads\/2021\/01\/horitzontal_fonsblanc-scaled.jpg","contentUrl":"https:\/\/annaalbert.com\/wp-content\/uploads\/2021\/01\/horitzontal_fonsblanc-scaled.jpg","width":2560,"height":779,"caption":"Art en Seda by Anna Albert"},"image":{"@id":"https:\/\/annaalbert.com\/es\/#\/schema\/logo\/image\/"}}]}},"_links":{"self":[{"href":"https:\/\/annaalbert.com\/es\/wp-json\/wp\/v2\/product\/11472","targetHints":{"allow":["GET"]}}],"collection":[{"href":"https:\/\/annaalbert.com\/es\/wp-json\/wp\/v2\/product"}],"about":[{"href":"https:\/\/annaalbert.com\/es\/wp-json\/wp\/v2\/types\/product"}],"replies":[{"embeddable":true,"href":"https:\/\/annaalbert.com\/es\/wp-json\/wp\/v2\/comments?post=11472"}],"wp:featuredmedia":[{"embeddable":true,"href":"https:\/\/annaalbert.com\/es\/wp-json\/wp\/v2\/media\/11473"}],"wp:attachment":[{"href":"https:\/\/annaalbert.com\/es\/wp-json\/wp\/v2\/media?parent=11472"}],"wp:term":[{"taxonomy":"product_brand","embeddable":true,"href":"https:\/\/annaalbert.com\/es\/wp-json\/wp\/v2\/product_brand?post=11472"},{"taxonomy":"product_cat","embeddable":true,"href":"https:\/\/annaalbert.com\/es\/wp-json\/wp\/v2\/product_cat?post=11472"},{"taxonomy":"product_tag","embeddable":true,"href":"https:\/\/annaalbert.com\/es\/wp-json\/wp\/v2\/product_tag?post=11472"}],"curies":[{"name":"wp","href":"https:\/\/api.w.org\/{rel}","templated":true}]}}