{"id":11469,"date":"2019-03-21T17:48:53","date_gmt":"2019-03-21T17:48:53","guid":{"rendered":"https:\/\/annaalbert.com\/producto\/abanico-madera-seda-natural-flores\/"},"modified":"2025-10-15T09:15:24","modified_gmt":"2025-10-15T09:15:24","slug":"abanico-madera-seda-natural-flores","status":"publish","type":"product","link":"https:\/\/annaalbert.com\/es\/producto-es\/abanico-madera-seda-natural-flores\/","title":{"rendered":"ABANICO MADERA SEDA NATURAL FLORES"},"content":{"rendered":"<p>Este abanico madera seda natural flores es claramente una <strong>inspiraci\u00f3n impresionista.<\/strong><\/p>\n<p>Flores de todos colores invaden la superficie como s\u00ed quisieran salir de su marco.<\/p>\n<p>Pensado para una mujer que le guste el color y no quiera dejar indiferente a nadie.<\/p>\n<p>El abanico es un complemento que cada vez se lleva m\u00e1s. Ha dejado de ser exclusivo de la mujer madura y cada vez se ven m\u00e1s chicas j\u00f3venes y hombres que lo utilizan como accesorio. Adem\u00e1s, es un objeto pr\u00e1ctico para abanicarnos en momentos de calor pero tambi\u00e9n es un objeto decorativo y de coleccionista.<\/p>\n<p>Tambi\u00e9n se ha convertido en un regalo t\u00edpico por el p\u00fablico extranjero dada nuestra tradici\u00f3n cultural que nos llega de la Asia el siglo XVIII.<\/p>\n<p>Este abanico de seda tiene las varillas de madera de peral, muy apreciada por su calidad.<\/p>\n<p><strong>Es una madera robusta y liviana, que no pesa y se abre y cierra muy bien.<\/strong><\/p>\n<p>Un abanico de estas caracter\u00edsticas es laborioso de realizar. En primer lugar se pinta la seda a mano, se fija el color a alta temperatura, se lava, se tiene que almidonar para poder plisar y montar las varillas. Y todo, se hace artesanalmente.<\/p>\n<p>Este abanico madera seda natural flores se puede combinar con el <a href=\"http:\/\/annaalbert.com\/artenseda\/ca\/mocadors\/101-xal-flors-impressionistes.html\">\u00abCHAL FLORES IMPRESIONISTAS\u00bb.<\/a><\/p>\n","protected":false},"excerpt":{"rendered":"<p>Abanico de seda y madera de peral con <strong>flores impresionistas de colores.<\/strong><\/p>\n<p> Medidas 42&#215;23<\/p>\n","protected":false},"featured_media":4318,"comment_status":"closed","ping_status":"closed","template":"","meta":{"_et_pb_use_builder":"","_et_pb_old_content":"","_et_gb_content_width":""},"product_brand":[],"product_cat":[402],"product_tag":[],"class_list":{"0":"post-11469","1":"product","2":"type-product","3":"status-publish","4":"has-post-thumbnail","6":"product_cat-abanicos-es","8":"first","9":"instock","10":"purchasable","11":"product-type-simple"},"yoast_head":"<!-- This site is optimized with the Yoast SEO plugin v27.0 - https:\/\/yoast.com\/product\/yoast-seo-wordpress\/ -->\n<title>Abanico madera seda natural flores - Art en Seda<\/title>\n<meta name=\"description\" content=\"Abanico madera seda natural flores de inspiraci\u00f3n impresionista. Pensado para una mujer que le guste el color y no quiera dejar indiferente a nadie.\" \/>\n<meta name=\"robots\" content=\"index, follow, max-snippet:-1, max-image-preview:large, max-video-preview:-1\" \/>\n<link rel=\"canonical\" href=\"https:\/\/annaalbert.com\/es\/producto-es\/abanico-madera-seda-natural-flores\/\" \/>\n<meta property=\"og:locale\" content=\"es_ES\" \/>\n<meta property=\"og:type\" content=\"article\" \/>\n<meta property=\"og:title\" content=\"Abanico madera seda natural flores - Art en Seda\" \/>\n<meta property=\"og:description\" content=\"Abanico madera seda natural flores de inspiraci\u00f3n impresionista. Pensado para una mujer que le guste el color y no quiera dejar indiferente a nadie.\" \/>\n<meta property=\"og:url\" content=\"https:\/\/annaalbert.com\/es\/producto-es\/abanico-madera-seda-natural-flores\/\" \/>\n<meta property=\"og:site_name\" content=\"Art en Seda\" \/>\n<meta property=\"article:modified_time\" content=\"2025-10-15T09:15:24+00:00\" \/>\n<meta property=\"og:image\" content=\"https:\/\/annaalbert.com\/wp-content\/uploads\/2019\/02\/148.jpg\" \/>\n\t<meta property=\"og:image:width\" content=\"800\" \/>\n\t<meta property=\"og:image:height\" content=\"960\" \/>\n\t<meta property=\"og:image:type\" content=\"image\/jpeg\" \/>\n<meta name=\"twitter:card\" content=\"summary_large_image\" \/>\n<meta name=\"twitter:label1\" content=\"Tiempo de lectura\" \/>\n\t<meta name=\"twitter:data1\" content=\"1 minuto\" \/>\n<script type=\"application\/ld+json\" class=\"yoast-schema-graph\">{\"@context\":\"https:\/\/schema.org\",\"@graph\":[{\"@type\":\"WebPage\",\"@id\":\"https:\/\/annaalbert.com\/es\/producto-es\/abanico-madera-seda-natural-flores\/\",\"url\":\"https:\/\/annaalbert.com\/es\/producto-es\/abanico-madera-seda-natural-flores\/\",\"name\":\"Abanico madera seda natural flores - Art en Seda\",\"isPartOf\":{\"@id\":\"https:\/\/annaalbert.com\/es\/#website\"},\"primaryImageOfPage\":{\"@id\":\"https:\/\/annaalbert.com\/es\/producto-es\/abanico-madera-seda-natural-flores\/#primaryimage\"},\"image\":{\"@id\":\"https:\/\/annaalbert.com\/es\/producto-es\/abanico-madera-seda-natural-flores\/#primaryimage\"},\"thumbnailUrl\":\"https:\/\/annaalbert.com\/wp-content\/uploads\/2019\/02\/148.jpg\",\"datePublished\":\"2019-03-21T17:48:53+00:00\",\"dateModified\":\"2025-10-15T09:15:24+00:00\",\"description\":\"Abanico madera seda natural flores de inspiraci\u00f3n impresionista. Pensado para una mujer que le guste el color y no quiera dejar indiferente a nadie.\",\"breadcrumb\":{\"@id\":\"https:\/\/annaalbert.com\/es\/producto-es\/abanico-madera-seda-natural-flores\/#breadcrumb\"},\"inLanguage\":\"es\",\"potentialAction\":[{\"@type\":\"ReadAction\",\"target\":[\"https:\/\/annaalbert.com\/es\/producto-es\/abanico-madera-seda-natural-flores\/\"]}]},{\"@type\":\"ImageObject\",\"inLanguage\":\"es\",\"@id\":\"https:\/\/annaalbert.com\/es\/producto-es\/abanico-madera-seda-natural-flores\/#primaryimage\",\"url\":\"https:\/\/annaalbert.com\/wp-content\/uploads\/2019\/02\/148.jpg\",\"contentUrl\":\"https:\/\/annaalbert.com\/wp-content\/uploads\/2019\/02\/148.jpg\",\"width\":800,\"height\":960,\"caption\":\"ventall fusta seda natural flors\"},{\"@type\":\"BreadcrumbList\",\"@id\":\"https:\/\/annaalbert.com\/es\/producto-es\/abanico-madera-seda-natural-flores\/#breadcrumb\",\"itemListElement\":[{\"@type\":\"ListItem\",\"position\":1,\"name\":\"Portada\",\"item\":\"https:\/\/annaalbert.com\/es\/\"},{\"@type\":\"ListItem\",\"position\":2,\"name\":\"Tienda\",\"item\":\"https:\/\/annaalbert.com\/tienda\/\"},{\"@type\":\"ListItem\",\"position\":3,\"name\":\"ABANICO MADERA SEDA NATURAL FLORES\"}]},{\"@type\":\"WebSite\",\"@id\":\"https:\/\/annaalbert.com\/es\/#website\",\"url\":\"https:\/\/annaalbert.com\/es\/\",\"name\":\"Art en Seda\",\"description\":\"Productos de seda pintada a mano, asi como cursos, talleres, experiencias por la artesana Anna Albert\",\"publisher\":{\"@id\":\"https:\/\/annaalbert.com\/es\/#organization\"},\"potentialAction\":[{\"@type\":\"SearchAction\",\"target\":{\"@type\":\"EntryPoint\",\"urlTemplate\":\"https:\/\/annaalbert.com\/es\/?s={search_term_string}\"},\"query-input\":{\"@type\":\"PropertyValueSpecification\",\"valueRequired\":true,\"valueName\":\"search_term_string\"}}],\"inLanguage\":\"es\"},{\"@type\":\"Organization\",\"@id\":\"https:\/\/annaalbert.com\/es\/#organization\",\"name\":\"Art en Seda by Anna Albert\",\"url\":\"https:\/\/annaalbert.com\/es\/\",\"logo\":{\"@type\":\"ImageObject\",\"inLanguage\":\"es\",\"@id\":\"https:\/\/annaalbert.com\/es\/#\/schema\/logo\/image\/\",\"url\":\"https:\/\/annaalbert.com\/wp-content\/uploads\/2021\/01\/horitzontal_fonsblanc-scaled.jpg\",\"contentUrl\":\"https:\/\/annaalbert.com\/wp-content\/uploads\/2021\/01\/horitzontal_fonsblanc-scaled.jpg\",\"width\":2560,\"height\":779,\"caption\":\"Art en Seda by Anna Albert\"},\"image\":{\"@id\":\"https:\/\/annaalbert.com\/es\/#\/schema\/logo\/image\/\"}}]}<\/script>\n<!-- \/ Yoast SEO plugin. -->","yoast_head_json":{"title":"Abanico madera seda natural flores - Art en Seda","description":"Abanico madera seda natural flores de inspiraci\u00f3n impresionista. Pensado para una mujer que le guste el color y no quiera dejar indiferente a nadie.","robots":{"index":"index","follow":"follow","max-snippet":"max-snippet:-1","max-image-preview":"max-image-preview:large","max-video-preview":"max-video-preview:-1"},"canonical":"https:\/\/annaalbert.com\/es\/producto-es\/abanico-madera-seda-natural-flores\/","og_locale":"es_ES","og_type":"article","og_title":"Abanico madera seda natural flores - Art en Seda","og_description":"Abanico madera seda natural flores de inspiraci\u00f3n impresionista. Pensado para una mujer que le guste el color y no quiera dejar indiferente a nadie.","og_url":"https:\/\/annaalbert.com\/es\/producto-es\/abanico-madera-seda-natural-flores\/","og_site_name":"Art en Seda","article_modified_time":"2025-10-15T09:15:24+00:00","og_image":[{"width":800,"height":960,"url":"https:\/\/annaalbert.com\/wp-content\/uploads\/2019\/02\/148.jpg","type":"image\/jpeg"}],"twitter_card":"summary_large_image","twitter_misc":{"Tiempo de lectura":"1 minuto"},"schema":{"@context":"https:\/\/schema.org","@graph":[{"@type":"WebPage","@id":"https:\/\/annaalbert.com\/es\/producto-es\/abanico-madera-seda-natural-flores\/","url":"https:\/\/annaalbert.com\/es\/producto-es\/abanico-madera-seda-natural-flores\/","name":"Abanico madera seda natural flores - Art en Seda","isPartOf":{"@id":"https:\/\/annaalbert.com\/es\/#website"},"primaryImageOfPage":{"@id":"https:\/\/annaalbert.com\/es\/producto-es\/abanico-madera-seda-natural-flores\/#primaryimage"},"image":{"@id":"https:\/\/annaalbert.com\/es\/producto-es\/abanico-madera-seda-natural-flores\/#primaryimage"},"thumbnailUrl":"https:\/\/annaalbert.com\/wp-content\/uploads\/2019\/02\/148.jpg","datePublished":"2019-03-21T17:48:53+00:00","dateModified":"2025-10-15T09:15:24+00:00","description":"Abanico madera seda natural flores de inspiraci\u00f3n impresionista. Pensado para una mujer que le guste el color y no quiera dejar indiferente a nadie.","breadcrumb":{"@id":"https:\/\/annaalbert.com\/es\/producto-es\/abanico-madera-seda-natural-flores\/#breadcrumb"},"inLanguage":"es","potentialAction":[{"@type":"ReadAction","target":["https:\/\/annaalbert.com\/es\/producto-es\/abanico-madera-seda-natural-flores\/"]}]},{"@type":"ImageObject","inLanguage":"es","@id":"https:\/\/annaalbert.com\/es\/producto-es\/abanico-madera-seda-natural-flores\/#primaryimage","url":"https:\/\/annaalbert.com\/wp-content\/uploads\/2019\/02\/148.jpg","contentUrl":"https:\/\/annaalbert.com\/wp-content\/uploads\/2019\/02\/148.jpg","width":800,"height":960,"caption":"ventall fusta seda natural flors"},{"@type":"BreadcrumbList","@id":"https:\/\/annaalbert.com\/es\/producto-es\/abanico-madera-seda-natural-flores\/#breadcrumb","itemListElement":[{"@type":"ListItem","position":1,"name":"Portada","item":"https:\/\/annaalbert.com\/es\/"},{"@type":"ListItem","position":2,"name":"Tienda","item":"https:\/\/annaalbert.com\/tienda\/"},{"@type":"ListItem","position":3,"name":"ABANICO MADERA SEDA NATURAL FLORES"}]},{"@type":"WebSite","@id":"https:\/\/annaalbert.com\/es\/#website","url":"https:\/\/annaalbert.com\/es\/","name":"Art en Seda","description":"Productos de seda pintada a mano, asi como cursos, talleres, experiencias por la artesana Anna Albert","publisher":{"@id":"https:\/\/annaalbert.com\/es\/#organization"},"potentialAction":[{"@type":"SearchAction","target":{"@type":"EntryPoint","urlTemplate":"https:\/\/annaalbert.com\/es\/?s={search_term_string}"},"query-input":{"@type":"PropertyValueSpecification","valueRequired":true,"valueName":"search_term_string"}}],"inLanguage":"es"},{"@type":"Organization","@id":"https:\/\/annaalbert.com\/es\/#organization","name":"Art en Seda by Anna Albert","url":"https:\/\/annaalbert.com\/es\/","logo":{"@type":"ImageObject","inLanguage":"es","@id":"https:\/\/annaalbert.com\/es\/#\/schema\/logo\/image\/","url":"https:\/\/annaalbert.com\/wp-content\/uploads\/2021\/01\/horitzontal_fonsblanc-scaled.jpg","contentUrl":"https:\/\/annaalbert.com\/wp-content\/uploads\/2021\/01\/horitzontal_fonsblanc-scaled.jpg","width":2560,"height":779,"caption":"Art en Seda by Anna Albert"},"image":{"@id":"https:\/\/annaalbert.com\/es\/#\/schema\/logo\/image\/"}}]}},"_links":{"self":[{"href":"https:\/\/annaalbert.com\/es\/wp-json\/wp\/v2\/product\/11469","targetHints":{"allow":["GET"]}}],"collection":[{"href":"https:\/\/annaalbert.com\/es\/wp-json\/wp\/v2\/product"}],"about":[{"href":"https:\/\/annaalbert.com\/es\/wp-json\/wp\/v2\/types\/product"}],"replies":[{"embeddable":true,"href":"https:\/\/annaalbert.com\/es\/wp-json\/wp\/v2\/comments?post=11469"}],"wp:featuredmedia":[{"embeddable":true,"href":"https:\/\/annaalbert.com\/es\/wp-json\/wp\/v2\/media\/4318"}],"wp:attachment":[{"href":"https:\/\/annaalbert.com\/es\/wp-json\/wp\/v2\/media?parent=11469"}],"wp:term":[{"taxonomy":"product_brand","embeddable":true,"href":"https:\/\/annaalbert.com\/es\/wp-json\/wp\/v2\/product_brand?post=11469"},{"taxonomy":"product_cat","embeddable":true,"href":"https:\/\/annaalbert.com\/es\/wp-json\/wp\/v2\/product_cat?post=11469"},{"taxonomy":"product_tag","embeddable":true,"href":"https:\/\/annaalbert.com\/es\/wp-json\/wp\/v2\/product_tag?post=11469"}],"curies":[{"name":"wp","href":"https:\/\/api.w.org\/{rel}","templated":true}]}}