{"id":11465,"date":"2019-03-21T17:48:53","date_gmt":"2019-03-21T17:48:53","guid":{"rendered":"https:\/\/annaalbert.com\/producto\/buff-seda-natural-blanco-negro\/"},"modified":"2023-12-04T12:17:03","modified_gmt":"2023-12-04T12:17:03","slug":"buff-seda-natural-blanco-negro","status":"publish","type":"product","link":"https:\/\/annaalbert.com\/es\/producto-es\/buff-seda-natural-blanco-negro\/","title":{"rendered":"BUFF SEDA NATURAL BLANCO Y NEGRO"},"content":{"rendered":"<p>Descubre la elegancia en estado puro con nuestro buff de seda natural blanco y negro, dos tonos cl\u00e1sicos que nunca pasan de moda. Esta pieza exquisita combina artesan\u00eda y lujo, ofreciendo un toque de sofisticaci\u00f3n a cada ocasi\u00f3n.<\/p>\n<p>El blanco, s\u00edmbolo de pureza y elegancia, se fusiona con el negro, evocando la magia de la noche. Esta combinaci\u00f3n intemporal te permite expresar tu estilo con sutilidad y distinci\u00f3n.<\/p>\n<p>Adem\u00e1s, la suavidad excepcional de la seda natural te proporciona una experiencia inigualable. Tambi\u00e9n es ligera y transpirable, adapt\u00e1ndose con gracia a cualquier clima. Con cada movimiento, el buff de seda natural blanco y negro acaricia tu piel, creando una sensaci\u00f3n de confort y lujo.<\/p>\n<p style=\"text-align: justify;\">El <strong>buff o calentador de cuello<\/strong> es \u00fatil y pr\u00e1ctico en tiempos de fr\u00edo.<\/p>\n<p style=\"text-align: justify;\">Aqu\u00ed lo presentamos de forma innovadora <strong>mezclando polar y seda pintada a mano<\/strong>, encontrando el punto de equilibrio al calentar y lucir un complemento colorista original.<\/p>\n<p style=\"text-align: justify;\">Nos permite llevarlo de diferentes maneras, unos m\u00e1s deporte, otros m\u00e1s para vestir. Sea para una velada elegante o un encuentro casual, este <span class=\"hiddenSpellError\">buff<\/span> vers\u00e1til cumple las expectativas de moda y funcionalidad. Su versatilidad te permite llevarlo como accesorios para el cabello, cuello, o incluso como brazalete estiloso.<\/p>\n<p style=\"text-align: justify;\">Pensado para gente joven y no tan joven.<\/p>\n","protected":false},"excerpt":{"rendered":"<p><strong>Buff de polar<\/strong> negro y seda pincelada blanco y negro<\/p>\n","protected":false},"featured_media":4312,"comment_status":"closed","ping_status":"closed","template":"","meta":{"_et_pb_use_builder":"","_et_pb_old_content":"","_et_gb_content_width":""},"product_brand":[],"product_cat":[417,416],"product_tag":[],"class_list":{"0":"post-11465","1":"product","2":"type-product","3":"status-publish","4":"has-post-thumbnail","6":"product_cat-buff-es","7":"product_cat-otros-complementos-es","9":"first","10":"instock","11":"purchasable","12":"product-type-simple"},"yoast_head":"<!-- This site is optimized with the Yoast SEO plugin v27.0 - https:\/\/yoast.com\/product\/yoast-seo-wordpress\/ -->\n<title>Buff seda natural blanco negro - Art en Seda<\/title>\n<meta name=\"description\" content=\"Buff seda natural blanco negro en tiempo de fr\u00edo. Nos permite llevarlo de diferentes maneras, tanto para deporte como para vestir.\" \/>\n<meta name=\"robots\" content=\"index, follow, max-snippet:-1, max-image-preview:large, max-video-preview:-1\" \/>\n<link rel=\"canonical\" href=\"https:\/\/annaalbert.com\/es\/producto-es\/buff-seda-natural-blanco-negro\/\" \/>\n<meta property=\"og:locale\" content=\"es_ES\" \/>\n<meta property=\"og:type\" content=\"article\" \/>\n<meta property=\"og:title\" content=\"Buff seda natural blanco negro - Art en Seda\" \/>\n<meta property=\"og:description\" content=\"Buff seda natural blanco negro en tiempo de fr\u00edo. Nos permite llevarlo de diferentes maneras, tanto para deporte como para vestir.\" \/>\n<meta property=\"og:url\" content=\"https:\/\/annaalbert.com\/es\/producto-es\/buff-seda-natural-blanco-negro\/\" \/>\n<meta property=\"og:site_name\" content=\"Art en Seda\" \/>\n<meta property=\"article:modified_time\" content=\"2023-12-04T12:17:03+00:00\" \/>\n<meta property=\"og:image\" content=\"https:\/\/annaalbert.com\/wp-content\/uploads\/2019\/02\/373.jpg\" \/>\n\t<meta property=\"og:image:width\" content=\"800\" \/>\n\t<meta property=\"og:image:height\" content=\"960\" \/>\n\t<meta property=\"og:image:type\" content=\"image\/jpeg\" \/>\n<meta name=\"twitter:card\" content=\"summary_large_image\" \/>\n<meta name=\"twitter:label1\" content=\"Tiempo de lectura\" \/>\n\t<meta name=\"twitter:data1\" content=\"1 minuto\" \/>\n<script type=\"application\/ld+json\" class=\"yoast-schema-graph\">{\"@context\":\"https:\/\/schema.org\",\"@graph\":[{\"@type\":\"WebPage\",\"@id\":\"https:\/\/annaalbert.com\/es\/producto-es\/buff-seda-natural-blanco-negro\/\",\"url\":\"https:\/\/annaalbert.com\/es\/producto-es\/buff-seda-natural-blanco-negro\/\",\"name\":\"Buff seda natural blanco negro - Art en Seda\",\"isPartOf\":{\"@id\":\"https:\/\/annaalbert.com\/es\/#website\"},\"primaryImageOfPage\":{\"@id\":\"https:\/\/annaalbert.com\/es\/producto-es\/buff-seda-natural-blanco-negro\/#primaryimage\"},\"image\":{\"@id\":\"https:\/\/annaalbert.com\/es\/producto-es\/buff-seda-natural-blanco-negro\/#primaryimage\"},\"thumbnailUrl\":\"https:\/\/annaalbert.com\/wp-content\/uploads\/2019\/02\/373.jpg\",\"datePublished\":\"2019-03-21T17:48:53+00:00\",\"dateModified\":\"2023-12-04T12:17:03+00:00\",\"description\":\"Buff seda natural blanco negro en tiempo de fr\u00edo. Nos permite llevarlo de diferentes maneras, tanto para deporte como para vestir.\",\"breadcrumb\":{\"@id\":\"https:\/\/annaalbert.com\/es\/producto-es\/buff-seda-natural-blanco-negro\/#breadcrumb\"},\"inLanguage\":\"es\",\"potentialAction\":[{\"@type\":\"ReadAction\",\"target\":[\"https:\/\/annaalbert.com\/es\/producto-es\/buff-seda-natural-blanco-negro\/\"]}]},{\"@type\":\"ImageObject\",\"inLanguage\":\"es\",\"@id\":\"https:\/\/annaalbert.com\/es\/producto-es\/buff-seda-natural-blanco-negro\/#primaryimage\",\"url\":\"https:\/\/annaalbert.com\/wp-content\/uploads\/2019\/02\/373.jpg\",\"contentUrl\":\"https:\/\/annaalbert.com\/wp-content\/uploads\/2019\/02\/373.jpg\",\"width\":800,\"height\":960,\"caption\":\"Buff seda natural blanc negre\"},{\"@type\":\"BreadcrumbList\",\"@id\":\"https:\/\/annaalbert.com\/es\/producto-es\/buff-seda-natural-blanco-negro\/#breadcrumb\",\"itemListElement\":[{\"@type\":\"ListItem\",\"position\":1,\"name\":\"Portada\",\"item\":\"https:\/\/annaalbert.com\/es\/\"},{\"@type\":\"ListItem\",\"position\":2,\"name\":\"Tienda\",\"item\":\"https:\/\/annaalbert.com\/tienda\/\"},{\"@type\":\"ListItem\",\"position\":3,\"name\":\"BUFF SEDA NATURAL BLANCO Y NEGRO\"}]},{\"@type\":\"WebSite\",\"@id\":\"https:\/\/annaalbert.com\/es\/#website\",\"url\":\"https:\/\/annaalbert.com\/es\/\",\"name\":\"Art en Seda\",\"description\":\"Productos de seda pintada a mano, asi como cursos, talleres, experiencias por la artesana Anna Albert\",\"publisher\":{\"@id\":\"https:\/\/annaalbert.com\/es\/#organization\"},\"potentialAction\":[{\"@type\":\"SearchAction\",\"target\":{\"@type\":\"EntryPoint\",\"urlTemplate\":\"https:\/\/annaalbert.com\/es\/?s={search_term_string}\"},\"query-input\":{\"@type\":\"PropertyValueSpecification\",\"valueRequired\":true,\"valueName\":\"search_term_string\"}}],\"inLanguage\":\"es\"},{\"@type\":\"Organization\",\"@id\":\"https:\/\/annaalbert.com\/es\/#organization\",\"name\":\"Art en Seda by Anna Albert\",\"url\":\"https:\/\/annaalbert.com\/es\/\",\"logo\":{\"@type\":\"ImageObject\",\"inLanguage\":\"es\",\"@id\":\"https:\/\/annaalbert.com\/es\/#\/schema\/logo\/image\/\",\"url\":\"https:\/\/annaalbert.com\/wp-content\/uploads\/2021\/01\/horitzontal_fonsblanc-scaled.jpg\",\"contentUrl\":\"https:\/\/annaalbert.com\/wp-content\/uploads\/2021\/01\/horitzontal_fonsblanc-scaled.jpg\",\"width\":2560,\"height\":779,\"caption\":\"Art en Seda by Anna Albert\"},\"image\":{\"@id\":\"https:\/\/annaalbert.com\/es\/#\/schema\/logo\/image\/\"}}]}<\/script>\n<!-- \/ Yoast SEO plugin. -->","yoast_head_json":{"title":"Buff seda natural blanco negro - Art en Seda","description":"Buff seda natural blanco negro en tiempo de fr\u00edo. Nos permite llevarlo de diferentes maneras, tanto para deporte como para vestir.","robots":{"index":"index","follow":"follow","max-snippet":"max-snippet:-1","max-image-preview":"max-image-preview:large","max-video-preview":"max-video-preview:-1"},"canonical":"https:\/\/annaalbert.com\/es\/producto-es\/buff-seda-natural-blanco-negro\/","og_locale":"es_ES","og_type":"article","og_title":"Buff seda natural blanco negro - Art en Seda","og_description":"Buff seda natural blanco negro en tiempo de fr\u00edo. Nos permite llevarlo de diferentes maneras, tanto para deporte como para vestir.","og_url":"https:\/\/annaalbert.com\/es\/producto-es\/buff-seda-natural-blanco-negro\/","og_site_name":"Art en Seda","article_modified_time":"2023-12-04T12:17:03+00:00","og_image":[{"width":800,"height":960,"url":"https:\/\/annaalbert.com\/wp-content\/uploads\/2019\/02\/373.jpg","type":"image\/jpeg"}],"twitter_card":"summary_large_image","twitter_misc":{"Tiempo de lectura":"1 minuto"},"schema":{"@context":"https:\/\/schema.org","@graph":[{"@type":"WebPage","@id":"https:\/\/annaalbert.com\/es\/producto-es\/buff-seda-natural-blanco-negro\/","url":"https:\/\/annaalbert.com\/es\/producto-es\/buff-seda-natural-blanco-negro\/","name":"Buff seda natural blanco negro - Art en Seda","isPartOf":{"@id":"https:\/\/annaalbert.com\/es\/#website"},"primaryImageOfPage":{"@id":"https:\/\/annaalbert.com\/es\/producto-es\/buff-seda-natural-blanco-negro\/#primaryimage"},"image":{"@id":"https:\/\/annaalbert.com\/es\/producto-es\/buff-seda-natural-blanco-negro\/#primaryimage"},"thumbnailUrl":"https:\/\/annaalbert.com\/wp-content\/uploads\/2019\/02\/373.jpg","datePublished":"2019-03-21T17:48:53+00:00","dateModified":"2023-12-04T12:17:03+00:00","description":"Buff seda natural blanco negro en tiempo de fr\u00edo. Nos permite llevarlo de diferentes maneras, tanto para deporte como para vestir.","breadcrumb":{"@id":"https:\/\/annaalbert.com\/es\/producto-es\/buff-seda-natural-blanco-negro\/#breadcrumb"},"inLanguage":"es","potentialAction":[{"@type":"ReadAction","target":["https:\/\/annaalbert.com\/es\/producto-es\/buff-seda-natural-blanco-negro\/"]}]},{"@type":"ImageObject","inLanguage":"es","@id":"https:\/\/annaalbert.com\/es\/producto-es\/buff-seda-natural-blanco-negro\/#primaryimage","url":"https:\/\/annaalbert.com\/wp-content\/uploads\/2019\/02\/373.jpg","contentUrl":"https:\/\/annaalbert.com\/wp-content\/uploads\/2019\/02\/373.jpg","width":800,"height":960,"caption":"Buff seda natural blanc negre"},{"@type":"BreadcrumbList","@id":"https:\/\/annaalbert.com\/es\/producto-es\/buff-seda-natural-blanco-negro\/#breadcrumb","itemListElement":[{"@type":"ListItem","position":1,"name":"Portada","item":"https:\/\/annaalbert.com\/es\/"},{"@type":"ListItem","position":2,"name":"Tienda","item":"https:\/\/annaalbert.com\/tienda\/"},{"@type":"ListItem","position":3,"name":"BUFF SEDA NATURAL BLANCO Y NEGRO"}]},{"@type":"WebSite","@id":"https:\/\/annaalbert.com\/es\/#website","url":"https:\/\/annaalbert.com\/es\/","name":"Art en Seda","description":"Productos de seda pintada a mano, asi como cursos, talleres, experiencias por la artesana Anna Albert","publisher":{"@id":"https:\/\/annaalbert.com\/es\/#organization"},"potentialAction":[{"@type":"SearchAction","target":{"@type":"EntryPoint","urlTemplate":"https:\/\/annaalbert.com\/es\/?s={search_term_string}"},"query-input":{"@type":"PropertyValueSpecification","valueRequired":true,"valueName":"search_term_string"}}],"inLanguage":"es"},{"@type":"Organization","@id":"https:\/\/annaalbert.com\/es\/#organization","name":"Art en Seda by Anna Albert","url":"https:\/\/annaalbert.com\/es\/","logo":{"@type":"ImageObject","inLanguage":"es","@id":"https:\/\/annaalbert.com\/es\/#\/schema\/logo\/image\/","url":"https:\/\/annaalbert.com\/wp-content\/uploads\/2021\/01\/horitzontal_fonsblanc-scaled.jpg","contentUrl":"https:\/\/annaalbert.com\/wp-content\/uploads\/2021\/01\/horitzontal_fonsblanc-scaled.jpg","width":2560,"height":779,"caption":"Art en Seda by Anna Albert"},"image":{"@id":"https:\/\/annaalbert.com\/es\/#\/schema\/logo\/image\/"}}]}},"_links":{"self":[{"href":"https:\/\/annaalbert.com\/es\/wp-json\/wp\/v2\/product\/11465","targetHints":{"allow":["GET"]}}],"collection":[{"href":"https:\/\/annaalbert.com\/es\/wp-json\/wp\/v2\/product"}],"about":[{"href":"https:\/\/annaalbert.com\/es\/wp-json\/wp\/v2\/types\/product"}],"replies":[{"embeddable":true,"href":"https:\/\/annaalbert.com\/es\/wp-json\/wp\/v2\/comments?post=11465"}],"wp:featuredmedia":[{"embeddable":true,"href":"https:\/\/annaalbert.com\/es\/wp-json\/wp\/v2\/media\/4312"}],"wp:attachment":[{"href":"https:\/\/annaalbert.com\/es\/wp-json\/wp\/v2\/media?parent=11465"}],"wp:term":[{"taxonomy":"product_brand","embeddable":true,"href":"https:\/\/annaalbert.com\/es\/wp-json\/wp\/v2\/product_brand?post=11465"},{"taxonomy":"product_cat","embeddable":true,"href":"https:\/\/annaalbert.com\/es\/wp-json\/wp\/v2\/product_cat?post=11465"},{"taxonomy":"product_tag","embeddable":true,"href":"https:\/\/annaalbert.com\/es\/wp-json\/wp\/v2\/product_tag?post=11465"}],"curies":[{"name":"wp","href":"https:\/\/api.w.org\/{rel}","templated":true}]}}