{"id":11455,"date":"2019-03-21T17:48:53","date_gmt":"2019-03-21T17:48:53","guid":{"rendered":"https:\/\/annaalbert.com\/producto\/trencadis-gaudi-bolso\/"},"modified":"2023-12-04T11:40:20","modified_gmt":"2023-12-04T11:40:20","slug":"bolso-gaudi-trencadis","status":"publish","type":"product","link":"https:\/\/annaalbert.com\/es\/producto-es\/bolso-gaudi-trencadis\/","title":{"rendered":"BOLSO GAUD\u00cd TRENCAD\u00cdS"},"content":{"rendered":"<p>Descubre nuestro exclusiva bolso Gaud\u00ed Trencad\u00eds, una obra de arte port\u00e1til que captura la esencia del modernismo catal\u00e1n. Inspirada en las ic\u00f3nicas baldosas rotas de Gaud\u00ed, este bolso fusiona elegancia y creatividad.<\/p>\n<p>Con un dise\u00f1o \u00fanico, cada bolso es una expresi\u00f3n individual de arte y estilo, con una combinaci\u00f3n de colores intensos y formas geom\u00e9tricas que te transportar\u00e1n en el coraz\u00f3n de Barcelona. Adem\u00e1s, est\u00e1 fabricada con materiales de calidad, esta bolso es tanto pr\u00e1ctica como estilosa.<\/p>\n<p>Lleva una pieza de historia catalana all\u00e1 donde vayas con la bolso Gaud\u00ed Trencad\u00eds. Ideal para amantes del arte y la moda, esta pieza singular te distinguir\u00e1 con elegancia y autenticidad. S\u00e9 parte de la tradici\u00f3n modernista con esta pieza \u00fanica y funcional. Perfecto para cualquier ocasi\u00f3n, el bolso Gaud\u00ed Trencad\u00eds es m\u00e1s que un accesorio; es una declaraci\u00f3n de estilo con un toque cultural. Disfruta de la practicidad con una pieza que destaca y resuena con el encanto art\u00edstico de Gaud\u00ed. No te conformes con la corriente, destaca con nuestro bolso exclusivo que habla el lenguaje del arte catal\u00e1n.<\/p>\n<p>Pensado tanto para gente joven como no tan joven, no te lo pienses dos veces y aprovecha, que nos la sacan de las manos. Tambi\u00e9n es ideal tanto por el d\u00eda a d\u00eda como para ocasiones especiales.<\/p>\n","protected":false},"excerpt":{"rendered":"<p>Descubre nuestro exclusiva bolso Gaud\u00ed Trencad\u00eds, una obra de arte port\u00e1til que captura la esencia del modernismo catal\u00e1n. Inspirada en las ic\u00f3nicas baldosas rotas de Gaud\u00ed, este bolso fusiona elegancia y creatividad. Con un dise\u00f1o \u00fanico, cada bolso es una expresi\u00f3n individual de arte y estilo, con una combinaci\u00f3n de colores intensos y formas geom\u00e9tricas [&hellip;]<\/p>\n","protected":false},"featured_media":4294,"comment_status":"closed","ping_status":"closed","template":"","meta":{"_et_pb_use_builder":"","_et_pb_old_content":"","_et_gb_content_width":""},"product_brand":[],"product_cat":[162],"product_tag":[],"class_list":{"0":"post-11455","1":"product","2":"type-product","3":"status-publish","4":"has-post-thumbnail","6":"product_cat-home-es","8":"first","9":"instock","10":"purchasable","11":"product-type-simple"},"yoast_head":"<!-- This site is optimized with the Yoast SEO plugin v27.0 - https:\/\/yoast.com\/product\/yoast-seo-wordpress\/ -->\n<title>BOLSO GAUD\u00cd TRENCAD\u00cdS - Art en Seda<\/title>\n<meta name=\"description\" content=\"Descubre nuestro exclusiva bolso Gaud\u00ed Trencad\u00eds, una obra de arte port\u00e1til que captura la esencia del modernismo catal\u00e1n.\" \/>\n<meta name=\"robots\" content=\"index, follow, max-snippet:-1, max-image-preview:large, max-video-preview:-1\" \/>\n<link rel=\"canonical\" href=\"https:\/\/annaalbert.com\/es\/producto-es\/bolso-gaudi-trencadis\/\" \/>\n<meta property=\"og:locale\" content=\"es_ES\" \/>\n<meta property=\"og:type\" content=\"article\" \/>\n<meta property=\"og:title\" content=\"BOLSO GAUD\u00cd TRENCAD\u00cdS - Art en Seda\" \/>\n<meta property=\"og:description\" content=\"Descubre nuestro exclusiva bolso Gaud\u00ed Trencad\u00eds, una obra de arte port\u00e1til que captura la esencia del modernismo catal\u00e1n.\" \/>\n<meta property=\"og:url\" content=\"https:\/\/annaalbert.com\/es\/producto-es\/bolso-gaudi-trencadis\/\" \/>\n<meta property=\"og:site_name\" content=\"Art en Seda\" \/>\n<meta property=\"article:modified_time\" content=\"2023-12-04T11:40:20+00:00\" \/>\n<meta property=\"og:image\" content=\"https:\/\/annaalbert.com\/wp-content\/uploads\/2019\/02\/337.jpg\" \/>\n\t<meta property=\"og:image:width\" content=\"800\" \/>\n\t<meta property=\"og:image:height\" content=\"960\" \/>\n\t<meta property=\"og:image:type\" content=\"image\/jpeg\" \/>\n<meta name=\"twitter:card\" content=\"summary_large_image\" \/>\n<meta name=\"twitter:label1\" content=\"Tiempo de lectura\" \/>\n\t<meta name=\"twitter:data1\" content=\"1 minuto\" \/>\n<script type=\"application\/ld+json\" class=\"yoast-schema-graph\">{\"@context\":\"https:\/\/schema.org\",\"@graph\":[{\"@type\":\"WebPage\",\"@id\":\"https:\/\/annaalbert.com\/es\/producto-es\/bolso-gaudi-trencadis\/\",\"url\":\"https:\/\/annaalbert.com\/es\/producto-es\/bolso-gaudi-trencadis\/\",\"name\":\"BOLSO GAUD\u00cd TRENCAD\u00cdS - Art en Seda\",\"isPartOf\":{\"@id\":\"https:\/\/annaalbert.com\/es\/#website\"},\"primaryImageOfPage\":{\"@id\":\"https:\/\/annaalbert.com\/es\/producto-es\/bolso-gaudi-trencadis\/#primaryimage\"},\"image\":{\"@id\":\"https:\/\/annaalbert.com\/es\/producto-es\/bolso-gaudi-trencadis\/#primaryimage\"},\"thumbnailUrl\":\"https:\/\/annaalbert.com\/wp-content\/uploads\/2019\/02\/337.jpg\",\"datePublished\":\"2019-03-21T17:48:53+00:00\",\"dateModified\":\"2023-12-04T11:40:20+00:00\",\"description\":\"Descubre nuestro exclusiva bolso Gaud\u00ed Trencad\u00eds, una obra de arte port\u00e1til que captura la esencia del modernismo catal\u00e1n.\",\"breadcrumb\":{\"@id\":\"https:\/\/annaalbert.com\/es\/producto-es\/bolso-gaudi-trencadis\/#breadcrumb\"},\"inLanguage\":\"es\",\"potentialAction\":[{\"@type\":\"ReadAction\",\"target\":[\"https:\/\/annaalbert.com\/es\/producto-es\/bolso-gaudi-trencadis\/\"]}]},{\"@type\":\"ImageObject\",\"inLanguage\":\"es\",\"@id\":\"https:\/\/annaalbert.com\/es\/producto-es\/bolso-gaudi-trencadis\/#primaryimage\",\"url\":\"https:\/\/annaalbert.com\/wp-content\/uploads\/2019\/02\/337.jpg\",\"contentUrl\":\"https:\/\/annaalbert.com\/wp-content\/uploads\/2019\/02\/337.jpg\",\"width\":800,\"height\":960,\"caption\":\"bossa Gaud\u00ed trencad\u00eds\"},{\"@type\":\"BreadcrumbList\",\"@id\":\"https:\/\/annaalbert.com\/es\/producto-es\/bolso-gaudi-trencadis\/#breadcrumb\",\"itemListElement\":[{\"@type\":\"ListItem\",\"position\":1,\"name\":\"Portada\",\"item\":\"https:\/\/annaalbert.com\/es\/\"},{\"@type\":\"ListItem\",\"position\":2,\"name\":\"Tienda\",\"item\":\"https:\/\/annaalbert.com\/tienda\/\"},{\"@type\":\"ListItem\",\"position\":3,\"name\":\"BOLSO GAUD\u00cd TRENCAD\u00cdS\"}]},{\"@type\":\"WebSite\",\"@id\":\"https:\/\/annaalbert.com\/es\/#website\",\"url\":\"https:\/\/annaalbert.com\/es\/\",\"name\":\"Art en Seda\",\"description\":\"Productos de seda pintada a mano, asi como cursos, talleres, experiencias por la artesana Anna Albert\",\"publisher\":{\"@id\":\"https:\/\/annaalbert.com\/es\/#organization\"},\"potentialAction\":[{\"@type\":\"SearchAction\",\"target\":{\"@type\":\"EntryPoint\",\"urlTemplate\":\"https:\/\/annaalbert.com\/es\/?s={search_term_string}\"},\"query-input\":{\"@type\":\"PropertyValueSpecification\",\"valueRequired\":true,\"valueName\":\"search_term_string\"}}],\"inLanguage\":\"es\"},{\"@type\":\"Organization\",\"@id\":\"https:\/\/annaalbert.com\/es\/#organization\",\"name\":\"Art en Seda by Anna Albert\",\"url\":\"https:\/\/annaalbert.com\/es\/\",\"logo\":{\"@type\":\"ImageObject\",\"inLanguage\":\"es\",\"@id\":\"https:\/\/annaalbert.com\/es\/#\/schema\/logo\/image\/\",\"url\":\"https:\/\/annaalbert.com\/wp-content\/uploads\/2021\/01\/horitzontal_fonsblanc-scaled.jpg\",\"contentUrl\":\"https:\/\/annaalbert.com\/wp-content\/uploads\/2021\/01\/horitzontal_fonsblanc-scaled.jpg\",\"width\":2560,\"height\":779,\"caption\":\"Art en Seda by Anna Albert\"},\"image\":{\"@id\":\"https:\/\/annaalbert.com\/es\/#\/schema\/logo\/image\/\"}}]}<\/script>\n<!-- \/ Yoast SEO plugin. -->","yoast_head_json":{"title":"BOLSO GAUD\u00cd TRENCAD\u00cdS - Art en Seda","description":"Descubre nuestro exclusiva bolso Gaud\u00ed Trencad\u00eds, una obra de arte port\u00e1til que captura la esencia del modernismo catal\u00e1n.","robots":{"index":"index","follow":"follow","max-snippet":"max-snippet:-1","max-image-preview":"max-image-preview:large","max-video-preview":"max-video-preview:-1"},"canonical":"https:\/\/annaalbert.com\/es\/producto-es\/bolso-gaudi-trencadis\/","og_locale":"es_ES","og_type":"article","og_title":"BOLSO GAUD\u00cd TRENCAD\u00cdS - Art en Seda","og_description":"Descubre nuestro exclusiva bolso Gaud\u00ed Trencad\u00eds, una obra de arte port\u00e1til que captura la esencia del modernismo catal\u00e1n.","og_url":"https:\/\/annaalbert.com\/es\/producto-es\/bolso-gaudi-trencadis\/","og_site_name":"Art en Seda","article_modified_time":"2023-12-04T11:40:20+00:00","og_image":[{"width":800,"height":960,"url":"https:\/\/annaalbert.com\/wp-content\/uploads\/2019\/02\/337.jpg","type":"image\/jpeg"}],"twitter_card":"summary_large_image","twitter_misc":{"Tiempo de lectura":"1 minuto"},"schema":{"@context":"https:\/\/schema.org","@graph":[{"@type":"WebPage","@id":"https:\/\/annaalbert.com\/es\/producto-es\/bolso-gaudi-trencadis\/","url":"https:\/\/annaalbert.com\/es\/producto-es\/bolso-gaudi-trencadis\/","name":"BOLSO GAUD\u00cd TRENCAD\u00cdS - Art en Seda","isPartOf":{"@id":"https:\/\/annaalbert.com\/es\/#website"},"primaryImageOfPage":{"@id":"https:\/\/annaalbert.com\/es\/producto-es\/bolso-gaudi-trencadis\/#primaryimage"},"image":{"@id":"https:\/\/annaalbert.com\/es\/producto-es\/bolso-gaudi-trencadis\/#primaryimage"},"thumbnailUrl":"https:\/\/annaalbert.com\/wp-content\/uploads\/2019\/02\/337.jpg","datePublished":"2019-03-21T17:48:53+00:00","dateModified":"2023-12-04T11:40:20+00:00","description":"Descubre nuestro exclusiva bolso Gaud\u00ed Trencad\u00eds, una obra de arte port\u00e1til que captura la esencia del modernismo catal\u00e1n.","breadcrumb":{"@id":"https:\/\/annaalbert.com\/es\/producto-es\/bolso-gaudi-trencadis\/#breadcrumb"},"inLanguage":"es","potentialAction":[{"@type":"ReadAction","target":["https:\/\/annaalbert.com\/es\/producto-es\/bolso-gaudi-trencadis\/"]}]},{"@type":"ImageObject","inLanguage":"es","@id":"https:\/\/annaalbert.com\/es\/producto-es\/bolso-gaudi-trencadis\/#primaryimage","url":"https:\/\/annaalbert.com\/wp-content\/uploads\/2019\/02\/337.jpg","contentUrl":"https:\/\/annaalbert.com\/wp-content\/uploads\/2019\/02\/337.jpg","width":800,"height":960,"caption":"bossa Gaud\u00ed trencad\u00eds"},{"@type":"BreadcrumbList","@id":"https:\/\/annaalbert.com\/es\/producto-es\/bolso-gaudi-trencadis\/#breadcrumb","itemListElement":[{"@type":"ListItem","position":1,"name":"Portada","item":"https:\/\/annaalbert.com\/es\/"},{"@type":"ListItem","position":2,"name":"Tienda","item":"https:\/\/annaalbert.com\/tienda\/"},{"@type":"ListItem","position":3,"name":"BOLSO GAUD\u00cd TRENCAD\u00cdS"}]},{"@type":"WebSite","@id":"https:\/\/annaalbert.com\/es\/#website","url":"https:\/\/annaalbert.com\/es\/","name":"Art en Seda","description":"Productos de seda pintada a mano, asi como cursos, talleres, experiencias por la artesana Anna Albert","publisher":{"@id":"https:\/\/annaalbert.com\/es\/#organization"},"potentialAction":[{"@type":"SearchAction","target":{"@type":"EntryPoint","urlTemplate":"https:\/\/annaalbert.com\/es\/?s={search_term_string}"},"query-input":{"@type":"PropertyValueSpecification","valueRequired":true,"valueName":"search_term_string"}}],"inLanguage":"es"},{"@type":"Organization","@id":"https:\/\/annaalbert.com\/es\/#organization","name":"Art en Seda by Anna Albert","url":"https:\/\/annaalbert.com\/es\/","logo":{"@type":"ImageObject","inLanguage":"es","@id":"https:\/\/annaalbert.com\/es\/#\/schema\/logo\/image\/","url":"https:\/\/annaalbert.com\/wp-content\/uploads\/2021\/01\/horitzontal_fonsblanc-scaled.jpg","contentUrl":"https:\/\/annaalbert.com\/wp-content\/uploads\/2021\/01\/horitzontal_fonsblanc-scaled.jpg","width":2560,"height":779,"caption":"Art en Seda by Anna Albert"},"image":{"@id":"https:\/\/annaalbert.com\/es\/#\/schema\/logo\/image\/"}}]}},"_links":{"self":[{"href":"https:\/\/annaalbert.com\/es\/wp-json\/wp\/v2\/product\/11455","targetHints":{"allow":["GET"]}}],"collection":[{"href":"https:\/\/annaalbert.com\/es\/wp-json\/wp\/v2\/product"}],"about":[{"href":"https:\/\/annaalbert.com\/es\/wp-json\/wp\/v2\/types\/product"}],"replies":[{"embeddable":true,"href":"https:\/\/annaalbert.com\/es\/wp-json\/wp\/v2\/comments?post=11455"}],"wp:featuredmedia":[{"embeddable":true,"href":"https:\/\/annaalbert.com\/es\/wp-json\/wp\/v2\/media\/4294"}],"wp:attachment":[{"href":"https:\/\/annaalbert.com\/es\/wp-json\/wp\/v2\/media?parent=11455"}],"wp:term":[{"taxonomy":"product_brand","embeddable":true,"href":"https:\/\/annaalbert.com\/es\/wp-json\/wp\/v2\/product_brand?post=11455"},{"taxonomy":"product_cat","embeddable":true,"href":"https:\/\/annaalbert.com\/es\/wp-json\/wp\/v2\/product_cat?post=11455"},{"taxonomy":"product_tag","embeddable":true,"href":"https:\/\/annaalbert.com\/es\/wp-json\/wp\/v2\/product_tag?post=11455"}],"curies":[{"name":"wp","href":"https:\/\/api.w.org\/{rel}","templated":true}]}}