{"id":11415,"date":"2019-03-21T17:49:27","date_gmt":"2019-03-21T17:49:27","guid":{"rendered":"https:\/\/annaalbert.com\/producto\/fular-seda-natural-barcas\/"},"modified":"2023-12-01T16:27:08","modified_gmt":"2023-12-01T16:27:08","slug":"fular-seda-natural-barcas","status":"publish","type":"product","link":"https:\/\/annaalbert.com\/es\/producto-es\/fular-seda-natural-barcas\/","title":{"rendered":"FULAR SEDA NATURAL BARCAS"},"content":{"rendered":"<p>Fular seda natural barcas.<\/p>\n<p style=\"text-align: justify;\"><strong>Fular<\/strong> seda natural barcas de medida generosa y muy portable para todas las ocasiones y edades.<\/p>\n<p style=\"text-align: justify;\"><strong>Un fondo de azul tranquilo, mediterr\u00e1neo, donde, adem\u00e1s, he pintado barcas y oleadas que pasean la poes\u00eda de uno del grandes poetas de nuestra historia, Joan Maragall.<\/strong><\/p>\n<p style=\"text-align: justify;\">Maragall nos invita a admirar la belleza del <strong>Mediterr\u00e1neo<\/strong>, el azulado del mar y el verdor de los pinos. Con sus versos parece que sientes el rumor de las oleadas, pero tambi\u00e9n el perfume de la resina y las barcas danzando al horizonte.<\/p>\n<p><strong>VISTES AL MAR<\/strong><\/p>\n<p>El cel ben ser\u00e8<br \/>\ntorna el mar m\u00e9s blau,<br \/>\nd&#8217;un blau que enamora<br \/>\nal migdia clar:<br \/>\nentre els pins me&#8217;l miro&#8230;<br \/>\nDues coses hi ha<br \/>\nque el mirar-les juntes<br \/>\nme fa el cor m\u00e9s gran:<br \/>\nla verdor dels pins,<br \/>\nla blavor del mar.<\/p>\n<p>El vent se desferma<\/p>\n<p>i tot el mar canta.<\/p>\n<p>Mar brava, mar verda, mar escumejanta!<\/p>\n<p>L&#8217;onada s&#8217;adre\u00e7a,<br \/>\nvenint s&#8217;ageganta,<br \/>\naven\u00e7a i s&#8217;acosta<br \/>\ncallada que espanta.<br \/>\nL&#8217;escuma enlluerna,<br \/>\nel sol l&#8217;abrillanta,<br \/>\nl&#8217;onada l&#8217;esberla<br \/>\ni cau ressonanta.<br \/>\nMar brava, mar verda, mar escumejanta!<\/p>\n<p>Una a una, com verges a la dansa,<br \/>\nentren lliscant les barques en el mar;<br \/>\ns&#8217;obre la vela com una ala al sol,<br \/>\ni per camins que nom\u00e9s ells veuen<br \/>\ns&#8217;allunyen mar endintre&#8230;<br \/>\nOh cel blau! Oh mar blau, platja deserta,<br \/>\ngroga de sol! De prop el mar te canta,<br \/>\nmentres tu esperes el retorn magn\u00edfic,<br \/>\na sol ponent, de la primera barca,<br \/>\nque sortir\u00e0 el mar tota olorosa.<\/p>\n","protected":false},"excerpt":{"rendered":"<p><strong>Fular de seda muselina con paisaje mediterr\u00e1neo y poes\u00eda de Joan Maragall.<\/strong><\/p>\n<p>Medidas 180&#215;55.<\/p>\n","protected":false},"featured_media":11416,"comment_status":"closed","ping_status":"closed","template":"","meta":{"_et_pb_use_builder":"","_et_pb_old_content":"","_et_gb_content_width":""},"product_brand":[],"product_cat":[174],"product_tag":[],"class_list":{"0":"post-11415","1":"product","2":"type-product","3":"status-publish","4":"has-post-thumbnail","6":"product_cat-fulards","8":"first","9":"outofstock","10":"purchasable","11":"product-type-simple"},"yoast_head":"<!-- This site is optimized with the Yoast SEO plugin v27.0 - https:\/\/yoast.com\/product\/yoast-seo-wordpress\/ -->\n<title>Fular seda natural barcas - Art en Seda<\/title>\n<meta name=\"description\" content=\"Fular seda natural barcas para todas las ocasiones y edades. Inspirado en Vistes al Mar, poema de un gran poeta de la historia catalana, Joan Maragall.\" \/>\n<meta name=\"robots\" content=\"index, follow, max-snippet:-1, max-image-preview:large, max-video-preview:-1\" \/>\n<link rel=\"canonical\" href=\"https:\/\/annaalbert.com\/es\/producto-es\/fular-seda-natural-barcas\/\" \/>\n<meta property=\"og:locale\" content=\"es_ES\" \/>\n<meta property=\"og:type\" content=\"article\" \/>\n<meta property=\"og:title\" content=\"Fular seda natural barcas - Art en Seda\" \/>\n<meta property=\"og:description\" content=\"Fular seda natural barcas para todas las ocasiones y edades. Inspirado en Vistes al Mar, poema de un gran poeta de la historia catalana, Joan Maragall.\" \/>\n<meta property=\"og:url\" content=\"https:\/\/annaalbert.com\/es\/producto-es\/fular-seda-natural-barcas\/\" \/>\n<meta property=\"og:site_name\" content=\"Art en Seda\" \/>\n<meta property=\"article:modified_time\" content=\"2023-12-01T16:27:08+00:00\" \/>\n<meta property=\"og:image\" content=\"https:\/\/annaalbert.com\/wp-content\/uploads\/2019\/03\/2608.jpg\" \/>\n\t<meta property=\"og:image:width\" content=\"800\" \/>\n\t<meta property=\"og:image:height\" content=\"960\" \/>\n\t<meta property=\"og:image:type\" content=\"image\/jpeg\" \/>\n<meta name=\"twitter:card\" content=\"summary_large_image\" \/>\n<meta name=\"twitter:label1\" content=\"Tiempo de lectura\" \/>\n\t<meta name=\"twitter:data1\" content=\"1 minuto\" \/>\n<script type=\"application\/ld+json\" class=\"yoast-schema-graph\">{\"@context\":\"https:\/\/schema.org\",\"@graph\":[{\"@type\":\"WebPage\",\"@id\":\"https:\/\/annaalbert.com\/es\/producto-es\/fular-seda-natural-barcas\/\",\"url\":\"https:\/\/annaalbert.com\/es\/producto-es\/fular-seda-natural-barcas\/\",\"name\":\"Fular seda natural barcas - Art en Seda\",\"isPartOf\":{\"@id\":\"https:\/\/annaalbert.com\/es\/#website\"},\"primaryImageOfPage\":{\"@id\":\"https:\/\/annaalbert.com\/es\/producto-es\/fular-seda-natural-barcas\/#primaryimage\"},\"image\":{\"@id\":\"https:\/\/annaalbert.com\/es\/producto-es\/fular-seda-natural-barcas\/#primaryimage\"},\"thumbnailUrl\":\"https:\/\/annaalbert.com\/wp-content\/uploads\/2019\/03\/2608.jpg\",\"datePublished\":\"2019-03-21T17:49:27+00:00\",\"dateModified\":\"2023-12-01T16:27:08+00:00\",\"description\":\"Fular seda natural barcas para todas las ocasiones y edades. Inspirado en Vistes al Mar, poema de un gran poeta de la historia catalana, Joan Maragall.\",\"breadcrumb\":{\"@id\":\"https:\/\/annaalbert.com\/es\/producto-es\/fular-seda-natural-barcas\/#breadcrumb\"},\"inLanguage\":\"es\",\"potentialAction\":[{\"@type\":\"ReadAction\",\"target\":[\"https:\/\/annaalbert.com\/es\/producto-es\/fular-seda-natural-barcas\/\"]}]},{\"@type\":\"ImageObject\",\"inLanguage\":\"es\",\"@id\":\"https:\/\/annaalbert.com\/es\/producto-es\/fular-seda-natural-barcas\/#primaryimage\",\"url\":\"https:\/\/annaalbert.com\/wp-content\/uploads\/2019\/03\/2608.jpg\",\"contentUrl\":\"https:\/\/annaalbert.com\/wp-content\/uploads\/2019\/03\/2608.jpg\",\"width\":800,\"height\":960,\"caption\":\"fulard seda natural barques\"},{\"@type\":\"BreadcrumbList\",\"@id\":\"https:\/\/annaalbert.com\/es\/producto-es\/fular-seda-natural-barcas\/#breadcrumb\",\"itemListElement\":[{\"@type\":\"ListItem\",\"position\":1,\"name\":\"Portada\",\"item\":\"https:\/\/annaalbert.com\/es\/\"},{\"@type\":\"ListItem\",\"position\":2,\"name\":\"Tienda\",\"item\":\"https:\/\/annaalbert.com\/tienda\/\"},{\"@type\":\"ListItem\",\"position\":3,\"name\":\"FULAR SEDA NATURAL BARCAS\"}]},{\"@type\":\"WebSite\",\"@id\":\"https:\/\/annaalbert.com\/es\/#website\",\"url\":\"https:\/\/annaalbert.com\/es\/\",\"name\":\"Art en Seda\",\"description\":\"Productos de seda pintada a mano, asi como cursos, talleres, experiencias por la artesana Anna Albert\",\"publisher\":{\"@id\":\"https:\/\/annaalbert.com\/es\/#organization\"},\"potentialAction\":[{\"@type\":\"SearchAction\",\"target\":{\"@type\":\"EntryPoint\",\"urlTemplate\":\"https:\/\/annaalbert.com\/es\/?s={search_term_string}\"},\"query-input\":{\"@type\":\"PropertyValueSpecification\",\"valueRequired\":true,\"valueName\":\"search_term_string\"}}],\"inLanguage\":\"es\"},{\"@type\":\"Organization\",\"@id\":\"https:\/\/annaalbert.com\/es\/#organization\",\"name\":\"Art en Seda by Anna Albert\",\"url\":\"https:\/\/annaalbert.com\/es\/\",\"logo\":{\"@type\":\"ImageObject\",\"inLanguage\":\"es\",\"@id\":\"https:\/\/annaalbert.com\/es\/#\/schema\/logo\/image\/\",\"url\":\"https:\/\/annaalbert.com\/wp-content\/uploads\/2021\/01\/horitzontal_fonsblanc-scaled.jpg\",\"contentUrl\":\"https:\/\/annaalbert.com\/wp-content\/uploads\/2021\/01\/horitzontal_fonsblanc-scaled.jpg\",\"width\":2560,\"height\":779,\"caption\":\"Art en Seda by Anna Albert\"},\"image\":{\"@id\":\"https:\/\/annaalbert.com\/es\/#\/schema\/logo\/image\/\"}}]}<\/script>\n<!-- \/ Yoast SEO plugin. -->","yoast_head_json":{"title":"Fular seda natural barcas - Art en Seda","description":"Fular seda natural barcas para todas las ocasiones y edades. Inspirado en Vistes al Mar, poema de un gran poeta de la historia catalana, Joan Maragall.","robots":{"index":"index","follow":"follow","max-snippet":"max-snippet:-1","max-image-preview":"max-image-preview:large","max-video-preview":"max-video-preview:-1"},"canonical":"https:\/\/annaalbert.com\/es\/producto-es\/fular-seda-natural-barcas\/","og_locale":"es_ES","og_type":"article","og_title":"Fular seda natural barcas - Art en Seda","og_description":"Fular seda natural barcas para todas las ocasiones y edades. Inspirado en Vistes al Mar, poema de un gran poeta de la historia catalana, Joan Maragall.","og_url":"https:\/\/annaalbert.com\/es\/producto-es\/fular-seda-natural-barcas\/","og_site_name":"Art en Seda","article_modified_time":"2023-12-01T16:27:08+00:00","og_image":[{"width":800,"height":960,"url":"https:\/\/annaalbert.com\/wp-content\/uploads\/2019\/03\/2608.jpg","type":"image\/jpeg"}],"twitter_card":"summary_large_image","twitter_misc":{"Tiempo de lectura":"1 minuto"},"schema":{"@context":"https:\/\/schema.org","@graph":[{"@type":"WebPage","@id":"https:\/\/annaalbert.com\/es\/producto-es\/fular-seda-natural-barcas\/","url":"https:\/\/annaalbert.com\/es\/producto-es\/fular-seda-natural-barcas\/","name":"Fular seda natural barcas - Art en Seda","isPartOf":{"@id":"https:\/\/annaalbert.com\/es\/#website"},"primaryImageOfPage":{"@id":"https:\/\/annaalbert.com\/es\/producto-es\/fular-seda-natural-barcas\/#primaryimage"},"image":{"@id":"https:\/\/annaalbert.com\/es\/producto-es\/fular-seda-natural-barcas\/#primaryimage"},"thumbnailUrl":"https:\/\/annaalbert.com\/wp-content\/uploads\/2019\/03\/2608.jpg","datePublished":"2019-03-21T17:49:27+00:00","dateModified":"2023-12-01T16:27:08+00:00","description":"Fular seda natural barcas para todas las ocasiones y edades. Inspirado en Vistes al Mar, poema de un gran poeta de la historia catalana, Joan Maragall.","breadcrumb":{"@id":"https:\/\/annaalbert.com\/es\/producto-es\/fular-seda-natural-barcas\/#breadcrumb"},"inLanguage":"es","potentialAction":[{"@type":"ReadAction","target":["https:\/\/annaalbert.com\/es\/producto-es\/fular-seda-natural-barcas\/"]}]},{"@type":"ImageObject","inLanguage":"es","@id":"https:\/\/annaalbert.com\/es\/producto-es\/fular-seda-natural-barcas\/#primaryimage","url":"https:\/\/annaalbert.com\/wp-content\/uploads\/2019\/03\/2608.jpg","contentUrl":"https:\/\/annaalbert.com\/wp-content\/uploads\/2019\/03\/2608.jpg","width":800,"height":960,"caption":"fulard seda natural barques"},{"@type":"BreadcrumbList","@id":"https:\/\/annaalbert.com\/es\/producto-es\/fular-seda-natural-barcas\/#breadcrumb","itemListElement":[{"@type":"ListItem","position":1,"name":"Portada","item":"https:\/\/annaalbert.com\/es\/"},{"@type":"ListItem","position":2,"name":"Tienda","item":"https:\/\/annaalbert.com\/tienda\/"},{"@type":"ListItem","position":3,"name":"FULAR SEDA NATURAL BARCAS"}]},{"@type":"WebSite","@id":"https:\/\/annaalbert.com\/es\/#website","url":"https:\/\/annaalbert.com\/es\/","name":"Art en Seda","description":"Productos de seda pintada a mano, asi como cursos, talleres, experiencias por la artesana Anna Albert","publisher":{"@id":"https:\/\/annaalbert.com\/es\/#organization"},"potentialAction":[{"@type":"SearchAction","target":{"@type":"EntryPoint","urlTemplate":"https:\/\/annaalbert.com\/es\/?s={search_term_string}"},"query-input":{"@type":"PropertyValueSpecification","valueRequired":true,"valueName":"search_term_string"}}],"inLanguage":"es"},{"@type":"Organization","@id":"https:\/\/annaalbert.com\/es\/#organization","name":"Art en Seda by Anna Albert","url":"https:\/\/annaalbert.com\/es\/","logo":{"@type":"ImageObject","inLanguage":"es","@id":"https:\/\/annaalbert.com\/es\/#\/schema\/logo\/image\/","url":"https:\/\/annaalbert.com\/wp-content\/uploads\/2021\/01\/horitzontal_fonsblanc-scaled.jpg","contentUrl":"https:\/\/annaalbert.com\/wp-content\/uploads\/2021\/01\/horitzontal_fonsblanc-scaled.jpg","width":2560,"height":779,"caption":"Art en Seda by Anna Albert"},"image":{"@id":"https:\/\/annaalbert.com\/es\/#\/schema\/logo\/image\/"}}]}},"_links":{"self":[{"href":"https:\/\/annaalbert.com\/es\/wp-json\/wp\/v2\/product\/11415","targetHints":{"allow":["GET"]}}],"collection":[{"href":"https:\/\/annaalbert.com\/es\/wp-json\/wp\/v2\/product"}],"about":[{"href":"https:\/\/annaalbert.com\/es\/wp-json\/wp\/v2\/types\/product"}],"replies":[{"embeddable":true,"href":"https:\/\/annaalbert.com\/es\/wp-json\/wp\/v2\/comments?post=11415"}],"wp:featuredmedia":[{"embeddable":true,"href":"https:\/\/annaalbert.com\/es\/wp-json\/wp\/v2\/media\/11416"}],"wp:attachment":[{"href":"https:\/\/annaalbert.com\/es\/wp-json\/wp\/v2\/media?parent=11415"}],"wp:term":[{"taxonomy":"product_brand","embeddable":true,"href":"https:\/\/annaalbert.com\/es\/wp-json\/wp\/v2\/product_brand?post=11415"},{"taxonomy":"product_cat","embeddable":true,"href":"https:\/\/annaalbert.com\/es\/wp-json\/wp\/v2\/product_cat?post=11415"},{"taxonomy":"product_tag","embeddable":true,"href":"https:\/\/annaalbert.com\/es\/wp-json\/wp\/v2\/product_tag?post=11415"}],"curies":[{"name":"wp","href":"https:\/\/api.w.org\/{rel}","templated":true}]}}