{"id":11413,"date":"2019-03-21T17:49:27","date_gmt":"2019-03-21T17:49:27","guid":{"rendered":"https:\/\/annaalbert.com\/producto\/abanico-seda-natural-cuadrados\/"},"modified":"2025-10-15T09:13:57","modified_gmt":"2025-10-15T09:13:57","slug":"abanico-seda-natural-cuadrados","status":"publish","type":"product","link":"https:\/\/annaalbert.com\/es\/producto-es\/abanico-seda-natural-cuadrados\/","title":{"rendered":"ABANICO SEDA NATURAL CUADRADOS"},"content":{"rendered":"<p>Abanico seda natural cuadrados.<\/p>\n<p>Cada ventana y cada color nos evoca cosas diferentes,sorprendidas para descubrir.<\/p>\n<p>En todo caso, el resultado es <strong>una explosi\u00f3n de colores con vida y personalidad.<\/strong><\/p>\n<p>Los que conoc\u00e9is la obra de <strong>Mondrian<\/strong> os la puede recordar. \u00c9l jugaba con menos colores y los espacios en blanco tienen mucha importancia en sus trabajos.<\/p>\n<p>El abanico es un complemento que cada vez se lleva m\u00e1s. Adem\u00e1s, ha dejado de ser <strong>exclusivo de la mujer madura<\/strong> y cada vez se ven m\u00e1s chicas j\u00f3venes y hombres que lo utilizan como accesorio.<\/p>\n<p>Es un objeto pr\u00e1ctico para abanicarnos en momentos de calor pero tambi\u00e9n es un objeto decorativo y de coleccionista.<\/p>\n<p>Se ha convertido en un regalo t\u00edpico por el p\u00fablico extranjero dada nuestra tradici\u00f3n cultural que nos llega de la Asia del siglo XVIII.<\/p>\n<p>Este abanico de seda tiene las varillas de madera de peral, muy apreciada por su calidad.<\/p>\n<p>Es una madera robusta y liviana, que no pesa y se abre y cierra muy bien.<\/p>\n<p>Un abanico de estas caracter\u00edsticas es laborioso de realizar. <strong>En primer lugar se pinta la seda a mano, se fija el color a alta temperatura, se lava, se tiene que almidonar para poder plisar y montar las varillas. Y todo, se hace artesanalmente.<\/strong><\/p>\n<p>Como que cada pieza es \u00fanica, los cuadrados pueden variar un poco las medidas y jugando siempre con diferentes colores, hay que saber que pueden estar distribuidos de forma diferente.<\/p>\n<p>Este abanico seda natural cuadrados se puede combinar con el \u00ab<a href=\"http:\/\/annaalbert.com\/artenseda\/ca\/home\/59-fulard-mondrian-.html\">FULAR MONDRIAN<\/a>\u00ab.<\/p>\n","protected":false},"excerpt":{"rendered":"<p>Abanico de seda y madera de peral.<\/p>\n<p> Medidas 42&#215;23.<\/p>\n","protected":false},"featured_media":4363,"comment_status":"closed","ping_status":"closed","template":"","meta":{"_et_pb_use_builder":"","_et_pb_old_content":"","_et_gb_content_width":""},"product_brand":[],"product_cat":[402],"product_tag":[],"class_list":{"0":"post-11413","1":"product","2":"type-product","3":"status-publish","4":"has-post-thumbnail","6":"product_cat-abanicos-es","8":"first","9":"outofstock","10":"purchasable","11":"product-type-simple"},"yoast_head":"<!-- This site is optimized with the Yoast SEO plugin v27.0 - https:\/\/yoast.com\/product\/yoast-seo-wordpress\/ -->\n<title>Abanico seda natural cuadrados - Art en Seda<\/title>\n<meta name=\"description\" content=\"Abanico seda natural cuadrados inspirado en la obra de Mondrian, el cual jugaba con menos colores y los espacios en blanco tienen mucha importancia.\" \/>\n<meta name=\"robots\" content=\"index, follow, max-snippet:-1, max-image-preview:large, max-video-preview:-1\" \/>\n<link rel=\"canonical\" href=\"https:\/\/annaalbert.com\/es\/producto-es\/abanico-seda-natural-cuadrados\/\" \/>\n<meta property=\"og:locale\" content=\"es_ES\" \/>\n<meta property=\"og:type\" content=\"article\" \/>\n<meta property=\"og:title\" content=\"Abanico seda natural cuadrados - Art en Seda\" \/>\n<meta property=\"og:description\" content=\"Abanico seda natural cuadrados inspirado en la obra de Mondrian, el cual jugaba con menos colores y los espacios en blanco tienen mucha importancia.\" \/>\n<meta property=\"og:url\" content=\"https:\/\/annaalbert.com\/es\/producto-es\/abanico-seda-natural-cuadrados\/\" \/>\n<meta property=\"og:site_name\" content=\"Art en Seda\" \/>\n<meta property=\"article:modified_time\" content=\"2025-10-15T09:13:57+00:00\" \/>\n<meta property=\"og:image\" content=\"https:\/\/annaalbert.com\/wp-content\/uploads\/2019\/02\/40-1.jpg\" \/>\n\t<meta property=\"og:image:width\" content=\"500\" \/>\n\t<meta property=\"og:image:height\" content=\"600\" \/>\n\t<meta property=\"og:image:type\" content=\"image\/jpeg\" \/>\n<meta name=\"twitter:card\" content=\"summary_large_image\" \/>\n<meta name=\"twitter:label1\" content=\"Tiempo de lectura\" \/>\n\t<meta name=\"twitter:data1\" content=\"1 minuto\" \/>\n<script type=\"application\/ld+json\" class=\"yoast-schema-graph\">{\"@context\":\"https:\/\/schema.org\",\"@graph\":[{\"@type\":\"WebPage\",\"@id\":\"https:\/\/annaalbert.com\/es\/producto-es\/abanico-seda-natural-cuadrados\/\",\"url\":\"https:\/\/annaalbert.com\/es\/producto-es\/abanico-seda-natural-cuadrados\/\",\"name\":\"Abanico seda natural cuadrados - Art en Seda\",\"isPartOf\":{\"@id\":\"https:\/\/annaalbert.com\/es\/#website\"},\"primaryImageOfPage\":{\"@id\":\"https:\/\/annaalbert.com\/es\/producto-es\/abanico-seda-natural-cuadrados\/#primaryimage\"},\"image\":{\"@id\":\"https:\/\/annaalbert.com\/es\/producto-es\/abanico-seda-natural-cuadrados\/#primaryimage\"},\"thumbnailUrl\":\"https:\/\/annaalbert.com\/wp-content\/uploads\/2019\/02\/40-1.jpg\",\"datePublished\":\"2019-03-21T17:49:27+00:00\",\"dateModified\":\"2025-10-15T09:13:57+00:00\",\"description\":\"Abanico seda natural cuadrados inspirado en la obra de Mondrian, el cual jugaba con menos colores y los espacios en blanco tienen mucha importancia.\",\"breadcrumb\":{\"@id\":\"https:\/\/annaalbert.com\/es\/producto-es\/abanico-seda-natural-cuadrados\/#breadcrumb\"},\"inLanguage\":\"es\",\"potentialAction\":[{\"@type\":\"ReadAction\",\"target\":[\"https:\/\/annaalbert.com\/es\/producto-es\/abanico-seda-natural-cuadrados\/\"]}]},{\"@type\":\"ImageObject\",\"inLanguage\":\"es\",\"@id\":\"https:\/\/annaalbert.com\/es\/producto-es\/abanico-seda-natural-cuadrados\/#primaryimage\",\"url\":\"https:\/\/annaalbert.com\/wp-content\/uploads\/2019\/02\/40-1.jpg\",\"contentUrl\":\"https:\/\/annaalbert.com\/wp-content\/uploads\/2019\/02\/40-1.jpg\",\"width\":500,\"height\":600,\"caption\":\"ventall seda natural quadrats\"},{\"@type\":\"BreadcrumbList\",\"@id\":\"https:\/\/annaalbert.com\/es\/producto-es\/abanico-seda-natural-cuadrados\/#breadcrumb\",\"itemListElement\":[{\"@type\":\"ListItem\",\"position\":1,\"name\":\"Portada\",\"item\":\"https:\/\/annaalbert.com\/es\/\"},{\"@type\":\"ListItem\",\"position\":2,\"name\":\"Tienda\",\"item\":\"https:\/\/annaalbert.com\/tienda\/\"},{\"@type\":\"ListItem\",\"position\":3,\"name\":\"ABANICO SEDA NATURAL CUADRADOS\"}]},{\"@type\":\"WebSite\",\"@id\":\"https:\/\/annaalbert.com\/es\/#website\",\"url\":\"https:\/\/annaalbert.com\/es\/\",\"name\":\"Art en Seda\",\"description\":\"Productos de seda pintada a mano, asi como cursos, talleres, experiencias por la artesana Anna Albert\",\"publisher\":{\"@id\":\"https:\/\/annaalbert.com\/es\/#organization\"},\"potentialAction\":[{\"@type\":\"SearchAction\",\"target\":{\"@type\":\"EntryPoint\",\"urlTemplate\":\"https:\/\/annaalbert.com\/es\/?s={search_term_string}\"},\"query-input\":{\"@type\":\"PropertyValueSpecification\",\"valueRequired\":true,\"valueName\":\"search_term_string\"}}],\"inLanguage\":\"es\"},{\"@type\":\"Organization\",\"@id\":\"https:\/\/annaalbert.com\/es\/#organization\",\"name\":\"Art en Seda by Anna Albert\",\"url\":\"https:\/\/annaalbert.com\/es\/\",\"logo\":{\"@type\":\"ImageObject\",\"inLanguage\":\"es\",\"@id\":\"https:\/\/annaalbert.com\/es\/#\/schema\/logo\/image\/\",\"url\":\"https:\/\/annaalbert.com\/wp-content\/uploads\/2021\/01\/horitzontal_fonsblanc-scaled.jpg\",\"contentUrl\":\"https:\/\/annaalbert.com\/wp-content\/uploads\/2021\/01\/horitzontal_fonsblanc-scaled.jpg\",\"width\":2560,\"height\":779,\"caption\":\"Art en Seda by Anna Albert\"},\"image\":{\"@id\":\"https:\/\/annaalbert.com\/es\/#\/schema\/logo\/image\/\"}}]}<\/script>\n<!-- \/ Yoast SEO plugin. -->","yoast_head_json":{"title":"Abanico seda natural cuadrados - Art en Seda","description":"Abanico seda natural cuadrados inspirado en la obra de Mondrian, el cual jugaba con menos colores y los espacios en blanco tienen mucha importancia.","robots":{"index":"index","follow":"follow","max-snippet":"max-snippet:-1","max-image-preview":"max-image-preview:large","max-video-preview":"max-video-preview:-1"},"canonical":"https:\/\/annaalbert.com\/es\/producto-es\/abanico-seda-natural-cuadrados\/","og_locale":"es_ES","og_type":"article","og_title":"Abanico seda natural cuadrados - Art en Seda","og_description":"Abanico seda natural cuadrados inspirado en la obra de Mondrian, el cual jugaba con menos colores y los espacios en blanco tienen mucha importancia.","og_url":"https:\/\/annaalbert.com\/es\/producto-es\/abanico-seda-natural-cuadrados\/","og_site_name":"Art en Seda","article_modified_time":"2025-10-15T09:13:57+00:00","og_image":[{"width":500,"height":600,"url":"https:\/\/annaalbert.com\/wp-content\/uploads\/2019\/02\/40-1.jpg","type":"image\/jpeg"}],"twitter_card":"summary_large_image","twitter_misc":{"Tiempo de lectura":"1 minuto"},"schema":{"@context":"https:\/\/schema.org","@graph":[{"@type":"WebPage","@id":"https:\/\/annaalbert.com\/es\/producto-es\/abanico-seda-natural-cuadrados\/","url":"https:\/\/annaalbert.com\/es\/producto-es\/abanico-seda-natural-cuadrados\/","name":"Abanico seda natural cuadrados - Art en Seda","isPartOf":{"@id":"https:\/\/annaalbert.com\/es\/#website"},"primaryImageOfPage":{"@id":"https:\/\/annaalbert.com\/es\/producto-es\/abanico-seda-natural-cuadrados\/#primaryimage"},"image":{"@id":"https:\/\/annaalbert.com\/es\/producto-es\/abanico-seda-natural-cuadrados\/#primaryimage"},"thumbnailUrl":"https:\/\/annaalbert.com\/wp-content\/uploads\/2019\/02\/40-1.jpg","datePublished":"2019-03-21T17:49:27+00:00","dateModified":"2025-10-15T09:13:57+00:00","description":"Abanico seda natural cuadrados inspirado en la obra de Mondrian, el cual jugaba con menos colores y los espacios en blanco tienen mucha importancia.","breadcrumb":{"@id":"https:\/\/annaalbert.com\/es\/producto-es\/abanico-seda-natural-cuadrados\/#breadcrumb"},"inLanguage":"es","potentialAction":[{"@type":"ReadAction","target":["https:\/\/annaalbert.com\/es\/producto-es\/abanico-seda-natural-cuadrados\/"]}]},{"@type":"ImageObject","inLanguage":"es","@id":"https:\/\/annaalbert.com\/es\/producto-es\/abanico-seda-natural-cuadrados\/#primaryimage","url":"https:\/\/annaalbert.com\/wp-content\/uploads\/2019\/02\/40-1.jpg","contentUrl":"https:\/\/annaalbert.com\/wp-content\/uploads\/2019\/02\/40-1.jpg","width":500,"height":600,"caption":"ventall seda natural quadrats"},{"@type":"BreadcrumbList","@id":"https:\/\/annaalbert.com\/es\/producto-es\/abanico-seda-natural-cuadrados\/#breadcrumb","itemListElement":[{"@type":"ListItem","position":1,"name":"Portada","item":"https:\/\/annaalbert.com\/es\/"},{"@type":"ListItem","position":2,"name":"Tienda","item":"https:\/\/annaalbert.com\/tienda\/"},{"@type":"ListItem","position":3,"name":"ABANICO SEDA NATURAL CUADRADOS"}]},{"@type":"WebSite","@id":"https:\/\/annaalbert.com\/es\/#website","url":"https:\/\/annaalbert.com\/es\/","name":"Art en Seda","description":"Productos de seda pintada a mano, asi como cursos, talleres, experiencias por la artesana Anna Albert","publisher":{"@id":"https:\/\/annaalbert.com\/es\/#organization"},"potentialAction":[{"@type":"SearchAction","target":{"@type":"EntryPoint","urlTemplate":"https:\/\/annaalbert.com\/es\/?s={search_term_string}"},"query-input":{"@type":"PropertyValueSpecification","valueRequired":true,"valueName":"search_term_string"}}],"inLanguage":"es"},{"@type":"Organization","@id":"https:\/\/annaalbert.com\/es\/#organization","name":"Art en Seda by Anna Albert","url":"https:\/\/annaalbert.com\/es\/","logo":{"@type":"ImageObject","inLanguage":"es","@id":"https:\/\/annaalbert.com\/es\/#\/schema\/logo\/image\/","url":"https:\/\/annaalbert.com\/wp-content\/uploads\/2021\/01\/horitzontal_fonsblanc-scaled.jpg","contentUrl":"https:\/\/annaalbert.com\/wp-content\/uploads\/2021\/01\/horitzontal_fonsblanc-scaled.jpg","width":2560,"height":779,"caption":"Art en Seda by Anna Albert"},"image":{"@id":"https:\/\/annaalbert.com\/es\/#\/schema\/logo\/image\/"}}]}},"_links":{"self":[{"href":"https:\/\/annaalbert.com\/es\/wp-json\/wp\/v2\/product\/11413","targetHints":{"allow":["GET"]}}],"collection":[{"href":"https:\/\/annaalbert.com\/es\/wp-json\/wp\/v2\/product"}],"about":[{"href":"https:\/\/annaalbert.com\/es\/wp-json\/wp\/v2\/types\/product"}],"replies":[{"embeddable":true,"href":"https:\/\/annaalbert.com\/es\/wp-json\/wp\/v2\/comments?post=11413"}],"wp:featuredmedia":[{"embeddable":true,"href":"https:\/\/annaalbert.com\/es\/wp-json\/wp\/v2\/media\/4363"}],"wp:attachment":[{"href":"https:\/\/annaalbert.com\/es\/wp-json\/wp\/v2\/media?parent=11413"}],"wp:term":[{"taxonomy":"product_brand","embeddable":true,"href":"https:\/\/annaalbert.com\/es\/wp-json\/wp\/v2\/product_brand?post=11413"},{"taxonomy":"product_cat","embeddable":true,"href":"https:\/\/annaalbert.com\/es\/wp-json\/wp\/v2\/product_cat?post=11413"},{"taxonomy":"product_tag","embeddable":true,"href":"https:\/\/annaalbert.com\/es\/wp-json\/wp\/v2\/product_tag?post=11413"}],"curies":[{"name":"wp","href":"https:\/\/api.w.org\/{rel}","templated":true}]}}