{"id":11403,"date":"2019-03-21T17:49:27","date_gmt":"2019-03-21T17:49:27","guid":{"rendered":"https:\/\/annaalbert.com\/producto\/gaudi-pink-bag\/"},"modified":"2023-12-01T15:44:24","modified_gmt":"2023-12-01T15:44:24","slug":"bolso-gaudi-rosa","status":"publish","type":"product","link":"https:\/\/annaalbert.com\/es\/producto-es\/bolso-gaudi-rosa\/","title":{"rendered":"BOLSO GAUD\u00cd ROSA"},"content":{"rendered":"<p>Descubre la elegancia vibrante con nuestro bolso Gaud\u00ed en tonos de rosa. Inspirada en el arte catal\u00e1n, esta pieza \u00fanica captura la vitalidad de las obras de Gaud\u00ed.<\/p>\n<p>Con un dise\u00f1o meticulosamente detallado, el bolso exhibe elementos arquitect\u00f3nicos emblem\u00e1ticos, fusionando la modernidad con la tradici\u00f3n. Los suaves tonos de rosa reflejan la calidez de la cultura mediterr\u00e1nea.<\/p>\n<p>Ideal para todos los momentos, desde salidas casuales hasta acontecimientos especiales. El bolso Gaud\u00ed de colores rosas es m\u00e1s que unos accesorios, es una expresi\u00f3n de tu individualidad.<\/p>\n<p>La calidad excepcional del bolso asegura durabilidad y comodidad, y te permite mantenerlo todo organizado.<\/p>\n<p>Es la opci\u00f3n perfecta por aquellos que buscan un toque de sofisticaci\u00f3n en su vida cotidiana. La combinaci\u00f3n de funcionalidad y estilo convierte este bolso en un imprescindible.<\/p>\n<p>Esta temporada, tendr\u00e9is un estilo \u00fanico con nuestro bolso Gaud\u00ed rosa. Descubre el arte en movimiento mientras puertas esta obra maestra rosa que cumple con elegancia y originalidad.<\/p>\n<p>Hecho totalmente a mano, este bolso est\u00e1 hecho con todo el amor por parte de la Anna Albert, experta artesana que hace maravillas con la seda natural. No te lo pienses dos veces y aprovecha esta oportunidad de obtener un producto exclusivo. Para mujeres de todas las edades.<\/p>\n","protected":false},"excerpt":{"rendered":"<p>Descubre la elegancia vibrante con nuestro bolso Gaud\u00ed en tonos de rosa. Inspirada en el arte catal\u00e1n, esta pieza \u00fanica captura la vitalidad de las obras de Gaud\u00ed. Con un dise\u00f1o meticulosamente detallado, el bolso exhibe elementos arquitect\u00f3nicos emblem\u00e1ticos, fusionando la modernidad con la tradici\u00f3n. Los suaves tonos de rosa reflejan la calidez de la [&hellip;]<\/p>\n","protected":false},"featured_media":4351,"comment_status":"closed","ping_status":"closed","template":"","meta":{"_et_pb_use_builder":"","_et_pb_old_content":"","_et_gb_content_width":""},"product_brand":[],"product_cat":[162],"product_tag":[],"class_list":{"0":"post-11403","1":"product","2":"type-product","3":"status-publish","4":"has-post-thumbnail","6":"product_cat-home-es","8":"first","9":"outofstock","10":"purchasable","11":"product-type-simple"},"yoast_head":"<!-- This site is optimized with the Yoast SEO plugin v27.4 - https:\/\/yoast.com\/product\/yoast-seo-wordpress\/ -->\n<title>BOLSO GAUD\u00cd ROSA - Art en Seda<\/title>\n<meta name=\"description\" content=\"Descubre la elegancia vibrante con nuestro bolso Gaud\u00ed en tonos de rosa. Esta pieza \u00fanica captura la vitalidad de las obras de Gaud\u00ed.\" \/>\n<meta name=\"robots\" content=\"index, follow, max-snippet:-1, max-image-preview:large, max-video-preview:-1\" \/>\n<link rel=\"canonical\" href=\"https:\/\/annaalbert.com\/es\/producto-es\/bolso-gaudi-rosa\/\" \/>\n<meta property=\"og:locale\" content=\"es_ES\" \/>\n<meta property=\"og:type\" content=\"article\" \/>\n<meta property=\"og:title\" content=\"BOLSO GAUD\u00cd ROSA - Art en Seda\" \/>\n<meta property=\"og:description\" content=\"Descubre la elegancia vibrante con nuestro bolso Gaud\u00ed en tonos de rosa. Esta pieza \u00fanica captura la vitalidad de las obras de Gaud\u00ed.\" \/>\n<meta property=\"og:url\" content=\"https:\/\/annaalbert.com\/es\/producto-es\/bolso-gaudi-rosa\/\" \/>\n<meta property=\"og:site_name\" content=\"Art en Seda\" \/>\n<meta property=\"article:modified_time\" content=\"2023-12-01T15:44:24+00:00\" \/>\n<meta property=\"og:image\" content=\"https:\/\/annaalbert.com\/wp-content\/uploads\/2019\/02\/339.jpg\" \/>\n\t<meta property=\"og:image:width\" content=\"800\" \/>\n\t<meta property=\"og:image:height\" content=\"960\" \/>\n\t<meta property=\"og:image:type\" content=\"image\/jpeg\" \/>\n<meta name=\"twitter:card\" content=\"summary_large_image\" \/>\n<meta name=\"twitter:label1\" content=\"Tiempo de lectura\" \/>\n\t<meta name=\"twitter:data1\" content=\"1 minuto\" \/>\n<script type=\"application\/ld+json\" class=\"yoast-schema-graph\">{\"@context\":\"https:\\\/\\\/schema.org\",\"@graph\":[{\"@type\":\"WebPage\",\"@id\":\"https:\\\/\\\/annaalbert.com\\\/es\\\/producto-es\\\/bolso-gaudi-rosa\\\/\",\"url\":\"https:\\\/\\\/annaalbert.com\\\/es\\\/producto-es\\\/bolso-gaudi-rosa\\\/\",\"name\":\"BOLSO GAUD\u00cd ROSA - Art en Seda\",\"isPartOf\":{\"@id\":\"https:\\\/\\\/annaalbert.com\\\/es\\\/#website\"},\"primaryImageOfPage\":{\"@id\":\"https:\\\/\\\/annaalbert.com\\\/es\\\/producto-es\\\/bolso-gaudi-rosa\\\/#primaryimage\"},\"image\":{\"@id\":\"https:\\\/\\\/annaalbert.com\\\/es\\\/producto-es\\\/bolso-gaudi-rosa\\\/#primaryimage\"},\"thumbnailUrl\":\"https:\\\/\\\/annaalbert.com\\\/wp-content\\\/uploads\\\/2019\\\/02\\\/339.jpg\",\"datePublished\":\"2019-03-21T17:49:27+00:00\",\"dateModified\":\"2023-12-01T15:44:24+00:00\",\"description\":\"Descubre la elegancia vibrante con nuestro bolso Gaud\u00ed en tonos de rosa. Esta pieza \u00fanica captura la vitalidad de las obras de Gaud\u00ed.\",\"breadcrumb\":{\"@id\":\"https:\\\/\\\/annaalbert.com\\\/es\\\/producto-es\\\/bolso-gaudi-rosa\\\/#breadcrumb\"},\"inLanguage\":\"es\",\"potentialAction\":[{\"@type\":\"ReadAction\",\"target\":[\"https:\\\/\\\/annaalbert.com\\\/es\\\/producto-es\\\/bolso-gaudi-rosa\\\/\"]}]},{\"@type\":\"ImageObject\",\"inLanguage\":\"es\",\"@id\":\"https:\\\/\\\/annaalbert.com\\\/es\\\/producto-es\\\/bolso-gaudi-rosa\\\/#primaryimage\",\"url\":\"https:\\\/\\\/annaalbert.com\\\/wp-content\\\/uploads\\\/2019\\\/02\\\/339.jpg\",\"contentUrl\":\"https:\\\/\\\/annaalbert.com\\\/wp-content\\\/uploads\\\/2019\\\/02\\\/339.jpg\",\"width\":800,\"height\":960,\"caption\":\"bossa gaud\u00ed rosa\"},{\"@type\":\"BreadcrumbList\",\"@id\":\"https:\\\/\\\/annaalbert.com\\\/es\\\/producto-es\\\/bolso-gaudi-rosa\\\/#breadcrumb\",\"itemListElement\":[{\"@type\":\"ListItem\",\"position\":1,\"name\":\"Portada\",\"item\":\"https:\\\/\\\/annaalbert.com\\\/es\\\/\"},{\"@type\":\"ListItem\",\"position\":2,\"name\":\"Tienda\",\"item\":\"https:\\\/\\\/annaalbert.com\\\/tienda\\\/\"},{\"@type\":\"ListItem\",\"position\":3,\"name\":\"BOLSO GAUD\u00cd ROSA\"}]},{\"@type\":\"WebSite\",\"@id\":\"https:\\\/\\\/annaalbert.com\\\/es\\\/#website\",\"url\":\"https:\\\/\\\/annaalbert.com\\\/es\\\/\",\"name\":\"Art en Seda\",\"description\":\"Productos de seda pintada a mano, asi como cursos, talleres, experiencias por la artesana Anna Albert\",\"publisher\":{\"@id\":\"https:\\\/\\\/annaalbert.com\\\/es\\\/#organization\"},\"potentialAction\":[{\"@type\":\"SearchAction\",\"target\":{\"@type\":\"EntryPoint\",\"urlTemplate\":\"https:\\\/\\\/annaalbert.com\\\/es\\\/?s={search_term_string}\"},\"query-input\":{\"@type\":\"PropertyValueSpecification\",\"valueRequired\":true,\"valueName\":\"search_term_string\"}}],\"inLanguage\":\"es\"},{\"@type\":\"Organization\",\"@id\":\"https:\\\/\\\/annaalbert.com\\\/es\\\/#organization\",\"name\":\"Art en Seda by Anna Albert\",\"url\":\"https:\\\/\\\/annaalbert.com\\\/es\\\/\",\"logo\":{\"@type\":\"ImageObject\",\"inLanguage\":\"es\",\"@id\":\"https:\\\/\\\/annaalbert.com\\\/es\\\/#\\\/schema\\\/logo\\\/image\\\/\",\"url\":\"https:\\\/\\\/annaalbert.com\\\/wp-content\\\/uploads\\\/2021\\\/01\\\/horitzontal_fonsblanc-scaled.jpg\",\"contentUrl\":\"https:\\\/\\\/annaalbert.com\\\/wp-content\\\/uploads\\\/2021\\\/01\\\/horitzontal_fonsblanc-scaled.jpg\",\"width\":2560,\"height\":779,\"caption\":\"Art en Seda by Anna Albert\"},\"image\":{\"@id\":\"https:\\\/\\\/annaalbert.com\\\/es\\\/#\\\/schema\\\/logo\\\/image\\\/\"}}]}<\/script>\n<!-- \/ Yoast SEO plugin. -->","yoast_head_json":{"title":"BOLSO GAUD\u00cd ROSA - Art en Seda","description":"Descubre la elegancia vibrante con nuestro bolso Gaud\u00ed en tonos de rosa. Esta pieza \u00fanica captura la vitalidad de las obras de Gaud\u00ed.","robots":{"index":"index","follow":"follow","max-snippet":"max-snippet:-1","max-image-preview":"max-image-preview:large","max-video-preview":"max-video-preview:-1"},"canonical":"https:\/\/annaalbert.com\/es\/producto-es\/bolso-gaudi-rosa\/","og_locale":"es_ES","og_type":"article","og_title":"BOLSO GAUD\u00cd ROSA - Art en Seda","og_description":"Descubre la elegancia vibrante con nuestro bolso Gaud\u00ed en tonos de rosa. Esta pieza \u00fanica captura la vitalidad de las obras de Gaud\u00ed.","og_url":"https:\/\/annaalbert.com\/es\/producto-es\/bolso-gaudi-rosa\/","og_site_name":"Art en Seda","article_modified_time":"2023-12-01T15:44:24+00:00","og_image":[{"width":800,"height":960,"url":"https:\/\/annaalbert.com\/wp-content\/uploads\/2019\/02\/339.jpg","type":"image\/jpeg"}],"twitter_card":"summary_large_image","twitter_misc":{"Tiempo de lectura":"1 minuto"},"schema":{"@context":"https:\/\/schema.org","@graph":[{"@type":"WebPage","@id":"https:\/\/annaalbert.com\/es\/producto-es\/bolso-gaudi-rosa\/","url":"https:\/\/annaalbert.com\/es\/producto-es\/bolso-gaudi-rosa\/","name":"BOLSO GAUD\u00cd ROSA - Art en Seda","isPartOf":{"@id":"https:\/\/annaalbert.com\/es\/#website"},"primaryImageOfPage":{"@id":"https:\/\/annaalbert.com\/es\/producto-es\/bolso-gaudi-rosa\/#primaryimage"},"image":{"@id":"https:\/\/annaalbert.com\/es\/producto-es\/bolso-gaudi-rosa\/#primaryimage"},"thumbnailUrl":"https:\/\/annaalbert.com\/wp-content\/uploads\/2019\/02\/339.jpg","datePublished":"2019-03-21T17:49:27+00:00","dateModified":"2023-12-01T15:44:24+00:00","description":"Descubre la elegancia vibrante con nuestro bolso Gaud\u00ed en tonos de rosa. Esta pieza \u00fanica captura la vitalidad de las obras de Gaud\u00ed.","breadcrumb":{"@id":"https:\/\/annaalbert.com\/es\/producto-es\/bolso-gaudi-rosa\/#breadcrumb"},"inLanguage":"es","potentialAction":[{"@type":"ReadAction","target":["https:\/\/annaalbert.com\/es\/producto-es\/bolso-gaudi-rosa\/"]}]},{"@type":"ImageObject","inLanguage":"es","@id":"https:\/\/annaalbert.com\/es\/producto-es\/bolso-gaudi-rosa\/#primaryimage","url":"https:\/\/annaalbert.com\/wp-content\/uploads\/2019\/02\/339.jpg","contentUrl":"https:\/\/annaalbert.com\/wp-content\/uploads\/2019\/02\/339.jpg","width":800,"height":960,"caption":"bossa gaud\u00ed rosa"},{"@type":"BreadcrumbList","@id":"https:\/\/annaalbert.com\/es\/producto-es\/bolso-gaudi-rosa\/#breadcrumb","itemListElement":[{"@type":"ListItem","position":1,"name":"Portada","item":"https:\/\/annaalbert.com\/es\/"},{"@type":"ListItem","position":2,"name":"Tienda","item":"https:\/\/annaalbert.com\/tienda\/"},{"@type":"ListItem","position":3,"name":"BOLSO GAUD\u00cd ROSA"}]},{"@type":"WebSite","@id":"https:\/\/annaalbert.com\/es\/#website","url":"https:\/\/annaalbert.com\/es\/","name":"Art en Seda","description":"Productos de seda pintada a mano, asi como cursos, talleres, experiencias por la artesana Anna Albert","publisher":{"@id":"https:\/\/annaalbert.com\/es\/#organization"},"potentialAction":[{"@type":"SearchAction","target":{"@type":"EntryPoint","urlTemplate":"https:\/\/annaalbert.com\/es\/?s={search_term_string}"},"query-input":{"@type":"PropertyValueSpecification","valueRequired":true,"valueName":"search_term_string"}}],"inLanguage":"es"},{"@type":"Organization","@id":"https:\/\/annaalbert.com\/es\/#organization","name":"Art en Seda by Anna Albert","url":"https:\/\/annaalbert.com\/es\/","logo":{"@type":"ImageObject","inLanguage":"es","@id":"https:\/\/annaalbert.com\/es\/#\/schema\/logo\/image\/","url":"https:\/\/annaalbert.com\/wp-content\/uploads\/2021\/01\/horitzontal_fonsblanc-scaled.jpg","contentUrl":"https:\/\/annaalbert.com\/wp-content\/uploads\/2021\/01\/horitzontal_fonsblanc-scaled.jpg","width":2560,"height":779,"caption":"Art en Seda by Anna Albert"},"image":{"@id":"https:\/\/annaalbert.com\/es\/#\/schema\/logo\/image\/"}}]}},"_links":{"self":[{"href":"https:\/\/annaalbert.com\/es\/wp-json\/wp\/v2\/product\/11403","targetHints":{"allow":["GET"]}}],"collection":[{"href":"https:\/\/annaalbert.com\/es\/wp-json\/wp\/v2\/product"}],"about":[{"href":"https:\/\/annaalbert.com\/es\/wp-json\/wp\/v2\/types\/product"}],"replies":[{"embeddable":true,"href":"https:\/\/annaalbert.com\/es\/wp-json\/wp\/v2\/comments?post=11403"}],"wp:featuredmedia":[{"embeddable":true,"href":"https:\/\/annaalbert.com\/es\/wp-json\/wp\/v2\/media\/4351"}],"wp:attachment":[{"href":"https:\/\/annaalbert.com\/es\/wp-json\/wp\/v2\/media?parent=11403"}],"wp:term":[{"taxonomy":"product_brand","embeddable":true,"href":"https:\/\/annaalbert.com\/es\/wp-json\/wp\/v2\/product_brand?post=11403"},{"taxonomy":"product_cat","embeddable":true,"href":"https:\/\/annaalbert.com\/es\/wp-json\/wp\/v2\/product_cat?post=11403"},{"taxonomy":"product_tag","embeddable":true,"href":"https:\/\/annaalbert.com\/es\/wp-json\/wp\/v2\/product_tag?post=11403"}],"curies":[{"name":"wp","href":"https:\/\/api.w.org\/{rel}","templated":true}]}}