{"id":11401,"date":"2019-03-21T17:49:27","date_gmt":"2019-03-21T17:49:27","guid":{"rendered":"https:\/\/annaalbert.com\/producto\/buff-seda-natural-marrones\/"},"modified":"2023-12-01T15:25:14","modified_gmt":"2023-12-01T15:25:14","slug":"buff-seda-natural-marrones","status":"publish","type":"product","link":"https:\/\/annaalbert.com\/es\/producto-es\/buff-seda-natural-marrones\/","title":{"rendered":"BUFF SEDA NATURAL MARRONES"},"content":{"rendered":"<p>Experimenta la suavidad exquisita con nuestro <span class=\"hiddenSpellError\">buff<\/span> de seda natural en encantadores tonos marrones. Este accesorio vers\u00e1til combina elegancia y comodidad, ofreciendo un toque distintivo a tu estilo.<\/p>\n<p>Con una paleta de marrones rica y c\u00e1lida, este <span class=\"hiddenSpellError\">buff<\/span> es perfecto para todas las estaciones. Desde tonalidades terrosas hasta caf\u00e9 intenso, te proporciona una ancha variedad de opciones para complementar tu vestuario con elegancia.<\/p>\n<p>La seda natural utilizada en este <span class=\"hiddenSpellError\">buff<\/span> ofrece una sensaci\u00f3n lujosa a la piel, con una ligereza excepcional y una textura suave. Es ideal para m\u00faltiples ocasiones, desde salidas casuales hasta acontecimientos m\u00e1s formales.<\/p>\n<p>Su versatilidad te permite usarlo como bufanda, pa\u00f1uelo en la cabeza o incluso como brazalete estiloso. Es la pieza perfecta para realzar tu individualidad y expresar tu estilo personal.<\/p>\n<p>Consigue ahora tu <span class=\"hiddenSpellError\">buff<\/span> de seda natural en tonos marrones y experimenta la fusi\u00f3n de confort y elegancia. Eleva tu estilo con esta pieza \u00fanica que captura la belleza de la naturaleza en cada detalle.<\/p>\n<p>El <strong>buff o calentador de cuello<\/strong> es \u00fatil y pr\u00e1ctico en tiempos de fr\u00edo.<\/p>\n<p>Aqu\u00ed lo presentamos de forma innovadora <strong>mezclando polar y seda pintada a mano<\/strong>, encontrando el punto de equilibrio al calentar y lucir un complemento colorista original.<\/p>\n<p>Nos permite llevarlo de diferentes maneras, unos m\u00e1s deporte, otros m\u00e1s para vestir. Pensado para gente joven y no tan joven.<\/p>\n","protected":false},"excerpt":{"rendered":"<p><strong>Buff<\/strong> de polar burdeos y seda pintada con tonos tierra.<\/p>\n","protected":false},"featured_media":4348,"comment_status":"closed","ping_status":"closed","template":"","meta":{"_et_pb_use_builder":"","_et_pb_old_content":"","_et_gb_content_width":""},"product_brand":[],"product_cat":[417,416],"product_tag":[],"class_list":{"0":"post-11401","1":"product","2":"type-product","3":"status-publish","4":"has-post-thumbnail","6":"product_cat-buff-es","7":"product_cat-otros-complementos-es","9":"first","10":"outofstock","11":"purchasable","12":"product-type-simple"},"yoast_head":"<!-- This site is optimized with the Yoast SEO plugin v27.0 - https:\/\/yoast.com\/product\/yoast-seo-wordpress\/ -->\n<title>Buff seda natural marrones - Art en Seda<\/title>\n<meta name=\"description\" content=\"Experimenta la suavidad exquisita con nuestro Buff de seda natural en encantadores tonos marrones. Totalmente hecho y pintado a mano.\" \/>\n<meta name=\"robots\" content=\"index, follow, max-snippet:-1, max-image-preview:large, max-video-preview:-1\" \/>\n<link rel=\"canonical\" href=\"https:\/\/annaalbert.com\/es\/producto-es\/buff-seda-natural-marrones\/\" \/>\n<meta property=\"og:locale\" content=\"es_ES\" \/>\n<meta property=\"og:type\" content=\"article\" \/>\n<meta property=\"og:title\" content=\"Buff seda natural marrones - Art en Seda\" \/>\n<meta property=\"og:description\" content=\"Experimenta la suavidad exquisita con nuestro Buff de seda natural en encantadores tonos marrones. Totalmente hecho y pintado a mano.\" \/>\n<meta property=\"og:url\" content=\"https:\/\/annaalbert.com\/es\/producto-es\/buff-seda-natural-marrones\/\" \/>\n<meta property=\"og:site_name\" content=\"Art en Seda\" \/>\n<meta property=\"article:modified_time\" content=\"2023-12-01T15:25:14+00:00\" \/>\n<meta property=\"og:image\" content=\"https:\/\/annaalbert.com\/wp-content\/uploads\/2019\/02\/473.jpg\" \/>\n\t<meta property=\"og:image:width\" content=\"800\" \/>\n\t<meta property=\"og:image:height\" content=\"960\" \/>\n\t<meta property=\"og:image:type\" content=\"image\/jpeg\" \/>\n<meta name=\"twitter:card\" content=\"summary_large_image\" \/>\n<meta name=\"twitter:label1\" content=\"Tiempo de lectura\" \/>\n\t<meta name=\"twitter:data1\" content=\"1 minuto\" \/>\n<script type=\"application\/ld+json\" class=\"yoast-schema-graph\">{\"@context\":\"https:\/\/schema.org\",\"@graph\":[{\"@type\":\"WebPage\",\"@id\":\"https:\/\/annaalbert.com\/es\/producto-es\/buff-seda-natural-marrones\/\",\"url\":\"https:\/\/annaalbert.com\/es\/producto-es\/buff-seda-natural-marrones\/\",\"name\":\"Buff seda natural marrones - Art en Seda\",\"isPartOf\":{\"@id\":\"https:\/\/annaalbert.com\/es\/#website\"},\"primaryImageOfPage\":{\"@id\":\"https:\/\/annaalbert.com\/es\/producto-es\/buff-seda-natural-marrones\/#primaryimage\"},\"image\":{\"@id\":\"https:\/\/annaalbert.com\/es\/producto-es\/buff-seda-natural-marrones\/#primaryimage\"},\"thumbnailUrl\":\"https:\/\/annaalbert.com\/wp-content\/uploads\/2019\/02\/473.jpg\",\"datePublished\":\"2019-03-21T17:49:27+00:00\",\"dateModified\":\"2023-12-01T15:25:14+00:00\",\"description\":\"Experimenta la suavidad exquisita con nuestro Buff de seda natural en encantadores tonos marrones. Totalmente hecho y pintado a mano.\",\"breadcrumb\":{\"@id\":\"https:\/\/annaalbert.com\/es\/producto-es\/buff-seda-natural-marrones\/#breadcrumb\"},\"inLanguage\":\"es\",\"potentialAction\":[{\"@type\":\"ReadAction\",\"target\":[\"https:\/\/annaalbert.com\/es\/producto-es\/buff-seda-natural-marrones\/\"]}]},{\"@type\":\"ImageObject\",\"inLanguage\":\"es\",\"@id\":\"https:\/\/annaalbert.com\/es\/producto-es\/buff-seda-natural-marrones\/#primaryimage\",\"url\":\"https:\/\/annaalbert.com\/wp-content\/uploads\/2019\/02\/473.jpg\",\"contentUrl\":\"https:\/\/annaalbert.com\/wp-content\/uploads\/2019\/02\/473.jpg\",\"width\":800,\"height\":960,\"caption\":\"Buff seda natural marrons\"},{\"@type\":\"BreadcrumbList\",\"@id\":\"https:\/\/annaalbert.com\/es\/producto-es\/buff-seda-natural-marrones\/#breadcrumb\",\"itemListElement\":[{\"@type\":\"ListItem\",\"position\":1,\"name\":\"Portada\",\"item\":\"https:\/\/annaalbert.com\/es\/\"},{\"@type\":\"ListItem\",\"position\":2,\"name\":\"Tienda\",\"item\":\"https:\/\/annaalbert.com\/tienda\/\"},{\"@type\":\"ListItem\",\"position\":3,\"name\":\"BUFF SEDA NATURAL MARRONES\"}]},{\"@type\":\"WebSite\",\"@id\":\"https:\/\/annaalbert.com\/es\/#website\",\"url\":\"https:\/\/annaalbert.com\/es\/\",\"name\":\"Art en Seda\",\"description\":\"Productos de seda pintada a mano, asi como cursos, talleres, experiencias por la artesana Anna Albert\",\"publisher\":{\"@id\":\"https:\/\/annaalbert.com\/es\/#organization\"},\"potentialAction\":[{\"@type\":\"SearchAction\",\"target\":{\"@type\":\"EntryPoint\",\"urlTemplate\":\"https:\/\/annaalbert.com\/es\/?s={search_term_string}\"},\"query-input\":{\"@type\":\"PropertyValueSpecification\",\"valueRequired\":true,\"valueName\":\"search_term_string\"}}],\"inLanguage\":\"es\"},{\"@type\":\"Organization\",\"@id\":\"https:\/\/annaalbert.com\/es\/#organization\",\"name\":\"Art en Seda by Anna Albert\",\"url\":\"https:\/\/annaalbert.com\/es\/\",\"logo\":{\"@type\":\"ImageObject\",\"inLanguage\":\"es\",\"@id\":\"https:\/\/annaalbert.com\/es\/#\/schema\/logo\/image\/\",\"url\":\"https:\/\/annaalbert.com\/wp-content\/uploads\/2021\/01\/horitzontal_fonsblanc-scaled.jpg\",\"contentUrl\":\"https:\/\/annaalbert.com\/wp-content\/uploads\/2021\/01\/horitzontal_fonsblanc-scaled.jpg\",\"width\":2560,\"height\":779,\"caption\":\"Art en Seda by Anna Albert\"},\"image\":{\"@id\":\"https:\/\/annaalbert.com\/es\/#\/schema\/logo\/image\/\"}}]}<\/script>\n<!-- \/ Yoast SEO plugin. -->","yoast_head_json":{"title":"Buff seda natural marrones - Art en Seda","description":"Experimenta la suavidad exquisita con nuestro Buff de seda natural en encantadores tonos marrones. Totalmente hecho y pintado a mano.","robots":{"index":"index","follow":"follow","max-snippet":"max-snippet:-1","max-image-preview":"max-image-preview:large","max-video-preview":"max-video-preview:-1"},"canonical":"https:\/\/annaalbert.com\/es\/producto-es\/buff-seda-natural-marrones\/","og_locale":"es_ES","og_type":"article","og_title":"Buff seda natural marrones - Art en Seda","og_description":"Experimenta la suavidad exquisita con nuestro Buff de seda natural en encantadores tonos marrones. Totalmente hecho y pintado a mano.","og_url":"https:\/\/annaalbert.com\/es\/producto-es\/buff-seda-natural-marrones\/","og_site_name":"Art en Seda","article_modified_time":"2023-12-01T15:25:14+00:00","og_image":[{"width":800,"height":960,"url":"https:\/\/annaalbert.com\/wp-content\/uploads\/2019\/02\/473.jpg","type":"image\/jpeg"}],"twitter_card":"summary_large_image","twitter_misc":{"Tiempo de lectura":"1 minuto"},"schema":{"@context":"https:\/\/schema.org","@graph":[{"@type":"WebPage","@id":"https:\/\/annaalbert.com\/es\/producto-es\/buff-seda-natural-marrones\/","url":"https:\/\/annaalbert.com\/es\/producto-es\/buff-seda-natural-marrones\/","name":"Buff seda natural marrones - Art en Seda","isPartOf":{"@id":"https:\/\/annaalbert.com\/es\/#website"},"primaryImageOfPage":{"@id":"https:\/\/annaalbert.com\/es\/producto-es\/buff-seda-natural-marrones\/#primaryimage"},"image":{"@id":"https:\/\/annaalbert.com\/es\/producto-es\/buff-seda-natural-marrones\/#primaryimage"},"thumbnailUrl":"https:\/\/annaalbert.com\/wp-content\/uploads\/2019\/02\/473.jpg","datePublished":"2019-03-21T17:49:27+00:00","dateModified":"2023-12-01T15:25:14+00:00","description":"Experimenta la suavidad exquisita con nuestro Buff de seda natural en encantadores tonos marrones. Totalmente hecho y pintado a mano.","breadcrumb":{"@id":"https:\/\/annaalbert.com\/es\/producto-es\/buff-seda-natural-marrones\/#breadcrumb"},"inLanguage":"es","potentialAction":[{"@type":"ReadAction","target":["https:\/\/annaalbert.com\/es\/producto-es\/buff-seda-natural-marrones\/"]}]},{"@type":"ImageObject","inLanguage":"es","@id":"https:\/\/annaalbert.com\/es\/producto-es\/buff-seda-natural-marrones\/#primaryimage","url":"https:\/\/annaalbert.com\/wp-content\/uploads\/2019\/02\/473.jpg","contentUrl":"https:\/\/annaalbert.com\/wp-content\/uploads\/2019\/02\/473.jpg","width":800,"height":960,"caption":"Buff seda natural marrons"},{"@type":"BreadcrumbList","@id":"https:\/\/annaalbert.com\/es\/producto-es\/buff-seda-natural-marrones\/#breadcrumb","itemListElement":[{"@type":"ListItem","position":1,"name":"Portada","item":"https:\/\/annaalbert.com\/es\/"},{"@type":"ListItem","position":2,"name":"Tienda","item":"https:\/\/annaalbert.com\/tienda\/"},{"@type":"ListItem","position":3,"name":"BUFF SEDA NATURAL MARRONES"}]},{"@type":"WebSite","@id":"https:\/\/annaalbert.com\/es\/#website","url":"https:\/\/annaalbert.com\/es\/","name":"Art en Seda","description":"Productos de seda pintada a mano, asi como cursos, talleres, experiencias por la artesana Anna Albert","publisher":{"@id":"https:\/\/annaalbert.com\/es\/#organization"},"potentialAction":[{"@type":"SearchAction","target":{"@type":"EntryPoint","urlTemplate":"https:\/\/annaalbert.com\/es\/?s={search_term_string}"},"query-input":{"@type":"PropertyValueSpecification","valueRequired":true,"valueName":"search_term_string"}}],"inLanguage":"es"},{"@type":"Organization","@id":"https:\/\/annaalbert.com\/es\/#organization","name":"Art en Seda by Anna Albert","url":"https:\/\/annaalbert.com\/es\/","logo":{"@type":"ImageObject","inLanguage":"es","@id":"https:\/\/annaalbert.com\/es\/#\/schema\/logo\/image\/","url":"https:\/\/annaalbert.com\/wp-content\/uploads\/2021\/01\/horitzontal_fonsblanc-scaled.jpg","contentUrl":"https:\/\/annaalbert.com\/wp-content\/uploads\/2021\/01\/horitzontal_fonsblanc-scaled.jpg","width":2560,"height":779,"caption":"Art en Seda by Anna Albert"},"image":{"@id":"https:\/\/annaalbert.com\/es\/#\/schema\/logo\/image\/"}}]}},"_links":{"self":[{"href":"https:\/\/annaalbert.com\/es\/wp-json\/wp\/v2\/product\/11401","targetHints":{"allow":["GET"]}}],"collection":[{"href":"https:\/\/annaalbert.com\/es\/wp-json\/wp\/v2\/product"}],"about":[{"href":"https:\/\/annaalbert.com\/es\/wp-json\/wp\/v2\/types\/product"}],"replies":[{"embeddable":true,"href":"https:\/\/annaalbert.com\/es\/wp-json\/wp\/v2\/comments?post=11401"}],"wp:featuredmedia":[{"embeddable":true,"href":"https:\/\/annaalbert.com\/es\/wp-json\/wp\/v2\/media\/4348"}],"wp:attachment":[{"href":"https:\/\/annaalbert.com\/es\/wp-json\/wp\/v2\/media?parent=11401"}],"wp:term":[{"taxonomy":"product_brand","embeddable":true,"href":"https:\/\/annaalbert.com\/es\/wp-json\/wp\/v2\/product_brand?post=11401"},{"taxonomy":"product_cat","embeddable":true,"href":"https:\/\/annaalbert.com\/es\/wp-json\/wp\/v2\/product_cat?post=11401"},{"taxonomy":"product_tag","embeddable":true,"href":"https:\/\/annaalbert.com\/es\/wp-json\/wp\/v2\/product_tag?post=11401"}],"curies":[{"name":"wp","href":"https:\/\/api.w.org\/{rel}","templated":true}]}}