{"id":11380,"date":"2019-03-21T17:49:48","date_gmt":"2019-03-21T17:49:48","guid":{"rendered":"https:\/\/annaalbert.com\/producto\/abanico-vitral-modernista\/"},"modified":"2025-10-15T09:04:53","modified_gmt":"2025-10-15T09:04:53","slug":"abanico-vitral-modernista","status":"publish","type":"product","link":"https:\/\/annaalbert.com\/es\/producto-es\/abanico-vitral-modernista\/","title":{"rendered":"ABANICO VITRAL MODERNISTA"},"content":{"rendered":"<p>Descubre la belleza \u00fanica de nuestro abanico vitral modernista, una obra maestra de colores azules y blancos que captura la esencia del estilo art\u00edstico catal\u00e1n. Esta pieza exquisita combina la tradici\u00f3n con la modernidad, creando un mosaico visual que cautiva el ojo con su elegancia y originalidad.<\/p>\n<p>El color azul noche con el color cava de contraste juegan ofreciendo un contraste arm\u00f3nico y elegante.<\/p>\n<p>Con una est\u00e9tica contempor\u00e1nea, este abanico es m\u00e1s que una simple obra de arte; es una expresi\u00f3n de creatividad y artesan\u00eda que transforma cualquier espacio en un lugar especial. Los detalles meticulosos y la combinaci\u00f3n \u00fanica de colores convierten esta pieza en una declaraci\u00f3n de distinci\u00f3n y estilo.<\/p>\n<p>El abanico es un complemento que cada vez se lleva m\u00e1s. Ha dejado de ser exclusivo de la mujer madura y cada vez se ven m\u00e1s chicas j\u00f3venes y hombres que lo utilizan como accesorio.<\/p>\n<p>Es un objeto pr\u00e1ctico para abanicarnos en momentos de calor, pero tambi\u00e9n es un objeto decorativo y de coleccionista.<\/p>\n<p>Se ha convertido en un regalo t\u00edpico por el p\u00fablico extranjero dada nuestra tradici\u00f3n cultural que nos llega de la Asia del siglo XVIII.<\/p>\n<p>Este abanico vitral modernista de seda tiene las varillas de madera de peral, muy apreciada por su calidad. Tambi\u00e9n es una madera que es resistente y ligera, no pesa y se abre y se cierra muy bien.<\/p>\n","protected":false},"excerpt":{"rendered":"<p>Abanico de seda y madera de peral con un dise\u00f1o de quebradizo azul<\/p>\n<p> Medidas 42&#215;23<\/p>\n","protected":false},"featured_media":4432,"comment_status":"closed","ping_status":"closed","template":"","meta":{"_et_pb_use_builder":"","_et_pb_old_content":"","_et_gb_content_width":""},"product_brand":[],"product_cat":[162],"product_tag":[],"class_list":{"0":"post-11380","1":"product","2":"type-product","3":"status-publish","4":"has-post-thumbnail","6":"product_cat-home-es","8":"first","9":"instock","10":"purchasable","11":"product-type-simple"},"yoast_head":"<!-- This site is optimized with the Yoast SEO plugin v27.0 - https:\/\/yoast.com\/product\/yoast-seo-wordpress\/ -->\n<title>ABANICO VITRAL MODERNISTA - Art en Seda<\/title>\n<meta name=\"description\" content=\"Descubre la belleza \u00fanica de nuestro abanico vitral modernista, de colores azules y blancos que captura la esencia del estilo art\u00edstico catal\u00e1n.\" \/>\n<meta name=\"robots\" content=\"index, follow, max-snippet:-1, max-image-preview:large, max-video-preview:-1\" \/>\n<link rel=\"canonical\" href=\"https:\/\/annaalbert.com\/es\/producto-es\/abanico-vitral-modernista\/\" \/>\n<meta property=\"og:locale\" content=\"es_ES\" \/>\n<meta property=\"og:type\" content=\"article\" \/>\n<meta property=\"og:title\" content=\"ABANICO VITRAL MODERNISTA - Art en Seda\" \/>\n<meta property=\"og:description\" content=\"Descubre la belleza \u00fanica de nuestro abanico vitral modernista, de colores azules y blancos que captura la esencia del estilo art\u00edstico catal\u00e1n.\" \/>\n<meta property=\"og:url\" content=\"https:\/\/annaalbert.com\/es\/producto-es\/abanico-vitral-modernista\/\" \/>\n<meta property=\"og:site_name\" content=\"Art en Seda\" \/>\n<meta property=\"article:modified_time\" content=\"2025-10-15T09:04:53+00:00\" \/>\n<meta property=\"og:image\" content=\"https:\/\/annaalbert.com\/wp-content\/uploads\/2019\/02\/35-1.jpg\" \/>\n\t<meta property=\"og:image:width\" content=\"500\" \/>\n\t<meta property=\"og:image:height\" content=\"600\" \/>\n\t<meta property=\"og:image:type\" content=\"image\/jpeg\" \/>\n<meta name=\"twitter:card\" content=\"summary_large_image\" \/>\n<meta name=\"twitter:label1\" content=\"Tiempo de lectura\" \/>\n\t<meta name=\"twitter:data1\" content=\"1 minuto\" \/>\n<script type=\"application\/ld+json\" class=\"yoast-schema-graph\">{\"@context\":\"https:\/\/schema.org\",\"@graph\":[{\"@type\":\"WebPage\",\"@id\":\"https:\/\/annaalbert.com\/es\/producto-es\/abanico-vitral-modernista\/\",\"url\":\"https:\/\/annaalbert.com\/es\/producto-es\/abanico-vitral-modernista\/\",\"name\":\"ABANICO VITRAL MODERNISTA - Art en Seda\",\"isPartOf\":{\"@id\":\"https:\/\/annaalbert.com\/es\/#website\"},\"primaryImageOfPage\":{\"@id\":\"https:\/\/annaalbert.com\/es\/producto-es\/abanico-vitral-modernista\/#primaryimage\"},\"image\":{\"@id\":\"https:\/\/annaalbert.com\/es\/producto-es\/abanico-vitral-modernista\/#primaryimage\"},\"thumbnailUrl\":\"https:\/\/annaalbert.com\/wp-content\/uploads\/2019\/02\/35-1.jpg\",\"datePublished\":\"2019-03-21T17:49:48+00:00\",\"dateModified\":\"2025-10-15T09:04:53+00:00\",\"description\":\"Descubre la belleza \u00fanica de nuestro abanico vitral modernista, de colores azules y blancos que captura la esencia del estilo art\u00edstico catal\u00e1n.\",\"breadcrumb\":{\"@id\":\"https:\/\/annaalbert.com\/es\/producto-es\/abanico-vitral-modernista\/#breadcrumb\"},\"inLanguage\":\"es\",\"potentialAction\":[{\"@type\":\"ReadAction\",\"target\":[\"https:\/\/annaalbert.com\/es\/producto-es\/abanico-vitral-modernista\/\"]}]},{\"@type\":\"ImageObject\",\"inLanguage\":\"es\",\"@id\":\"https:\/\/annaalbert.com\/es\/producto-es\/abanico-vitral-modernista\/#primaryimage\",\"url\":\"https:\/\/annaalbert.com\/wp-content\/uploads\/2019\/02\/35-1.jpg\",\"contentUrl\":\"https:\/\/annaalbert.com\/wp-content\/uploads\/2019\/02\/35-1.jpg\",\"width\":500,\"height\":600,\"caption\":\"ventall vitrall modernista\"},{\"@type\":\"BreadcrumbList\",\"@id\":\"https:\/\/annaalbert.com\/es\/producto-es\/abanico-vitral-modernista\/#breadcrumb\",\"itemListElement\":[{\"@type\":\"ListItem\",\"position\":1,\"name\":\"Portada\",\"item\":\"https:\/\/annaalbert.com\/es\/\"},{\"@type\":\"ListItem\",\"position\":2,\"name\":\"Tienda\",\"item\":\"https:\/\/annaalbert.com\/tienda\/\"},{\"@type\":\"ListItem\",\"position\":3,\"name\":\"ABANICO VITRAL MODERNISTA\"}]},{\"@type\":\"WebSite\",\"@id\":\"https:\/\/annaalbert.com\/es\/#website\",\"url\":\"https:\/\/annaalbert.com\/es\/\",\"name\":\"Art en Seda\",\"description\":\"Productos de seda pintada a mano, asi como cursos, talleres, experiencias por la artesana Anna Albert\",\"publisher\":{\"@id\":\"https:\/\/annaalbert.com\/es\/#organization\"},\"potentialAction\":[{\"@type\":\"SearchAction\",\"target\":{\"@type\":\"EntryPoint\",\"urlTemplate\":\"https:\/\/annaalbert.com\/es\/?s={search_term_string}\"},\"query-input\":{\"@type\":\"PropertyValueSpecification\",\"valueRequired\":true,\"valueName\":\"search_term_string\"}}],\"inLanguage\":\"es\"},{\"@type\":\"Organization\",\"@id\":\"https:\/\/annaalbert.com\/es\/#organization\",\"name\":\"Art en Seda by Anna Albert\",\"url\":\"https:\/\/annaalbert.com\/es\/\",\"logo\":{\"@type\":\"ImageObject\",\"inLanguage\":\"es\",\"@id\":\"https:\/\/annaalbert.com\/es\/#\/schema\/logo\/image\/\",\"url\":\"https:\/\/annaalbert.com\/wp-content\/uploads\/2021\/01\/horitzontal_fonsblanc-scaled.jpg\",\"contentUrl\":\"https:\/\/annaalbert.com\/wp-content\/uploads\/2021\/01\/horitzontal_fonsblanc-scaled.jpg\",\"width\":2560,\"height\":779,\"caption\":\"Art en Seda by Anna Albert\"},\"image\":{\"@id\":\"https:\/\/annaalbert.com\/es\/#\/schema\/logo\/image\/\"}}]}<\/script>\n<!-- \/ Yoast SEO plugin. -->","yoast_head_json":{"title":"ABANICO VITRAL MODERNISTA - Art en Seda","description":"Descubre la belleza \u00fanica de nuestro abanico vitral modernista, de colores azules y blancos que captura la esencia del estilo art\u00edstico catal\u00e1n.","robots":{"index":"index","follow":"follow","max-snippet":"max-snippet:-1","max-image-preview":"max-image-preview:large","max-video-preview":"max-video-preview:-1"},"canonical":"https:\/\/annaalbert.com\/es\/producto-es\/abanico-vitral-modernista\/","og_locale":"es_ES","og_type":"article","og_title":"ABANICO VITRAL MODERNISTA - Art en Seda","og_description":"Descubre la belleza \u00fanica de nuestro abanico vitral modernista, de colores azules y blancos que captura la esencia del estilo art\u00edstico catal\u00e1n.","og_url":"https:\/\/annaalbert.com\/es\/producto-es\/abanico-vitral-modernista\/","og_site_name":"Art en Seda","article_modified_time":"2025-10-15T09:04:53+00:00","og_image":[{"width":500,"height":600,"url":"https:\/\/annaalbert.com\/wp-content\/uploads\/2019\/02\/35-1.jpg","type":"image\/jpeg"}],"twitter_card":"summary_large_image","twitter_misc":{"Tiempo de lectura":"1 minuto"},"schema":{"@context":"https:\/\/schema.org","@graph":[{"@type":"WebPage","@id":"https:\/\/annaalbert.com\/es\/producto-es\/abanico-vitral-modernista\/","url":"https:\/\/annaalbert.com\/es\/producto-es\/abanico-vitral-modernista\/","name":"ABANICO VITRAL MODERNISTA - Art en Seda","isPartOf":{"@id":"https:\/\/annaalbert.com\/es\/#website"},"primaryImageOfPage":{"@id":"https:\/\/annaalbert.com\/es\/producto-es\/abanico-vitral-modernista\/#primaryimage"},"image":{"@id":"https:\/\/annaalbert.com\/es\/producto-es\/abanico-vitral-modernista\/#primaryimage"},"thumbnailUrl":"https:\/\/annaalbert.com\/wp-content\/uploads\/2019\/02\/35-1.jpg","datePublished":"2019-03-21T17:49:48+00:00","dateModified":"2025-10-15T09:04:53+00:00","description":"Descubre la belleza \u00fanica de nuestro abanico vitral modernista, de colores azules y blancos que captura la esencia del estilo art\u00edstico catal\u00e1n.","breadcrumb":{"@id":"https:\/\/annaalbert.com\/es\/producto-es\/abanico-vitral-modernista\/#breadcrumb"},"inLanguage":"es","potentialAction":[{"@type":"ReadAction","target":["https:\/\/annaalbert.com\/es\/producto-es\/abanico-vitral-modernista\/"]}]},{"@type":"ImageObject","inLanguage":"es","@id":"https:\/\/annaalbert.com\/es\/producto-es\/abanico-vitral-modernista\/#primaryimage","url":"https:\/\/annaalbert.com\/wp-content\/uploads\/2019\/02\/35-1.jpg","contentUrl":"https:\/\/annaalbert.com\/wp-content\/uploads\/2019\/02\/35-1.jpg","width":500,"height":600,"caption":"ventall vitrall modernista"},{"@type":"BreadcrumbList","@id":"https:\/\/annaalbert.com\/es\/producto-es\/abanico-vitral-modernista\/#breadcrumb","itemListElement":[{"@type":"ListItem","position":1,"name":"Portada","item":"https:\/\/annaalbert.com\/es\/"},{"@type":"ListItem","position":2,"name":"Tienda","item":"https:\/\/annaalbert.com\/tienda\/"},{"@type":"ListItem","position":3,"name":"ABANICO VITRAL MODERNISTA"}]},{"@type":"WebSite","@id":"https:\/\/annaalbert.com\/es\/#website","url":"https:\/\/annaalbert.com\/es\/","name":"Art en Seda","description":"Productos de seda pintada a mano, asi como cursos, talleres, experiencias por la artesana Anna Albert","publisher":{"@id":"https:\/\/annaalbert.com\/es\/#organization"},"potentialAction":[{"@type":"SearchAction","target":{"@type":"EntryPoint","urlTemplate":"https:\/\/annaalbert.com\/es\/?s={search_term_string}"},"query-input":{"@type":"PropertyValueSpecification","valueRequired":true,"valueName":"search_term_string"}}],"inLanguage":"es"},{"@type":"Organization","@id":"https:\/\/annaalbert.com\/es\/#organization","name":"Art en Seda by Anna Albert","url":"https:\/\/annaalbert.com\/es\/","logo":{"@type":"ImageObject","inLanguage":"es","@id":"https:\/\/annaalbert.com\/es\/#\/schema\/logo\/image\/","url":"https:\/\/annaalbert.com\/wp-content\/uploads\/2021\/01\/horitzontal_fonsblanc-scaled.jpg","contentUrl":"https:\/\/annaalbert.com\/wp-content\/uploads\/2021\/01\/horitzontal_fonsblanc-scaled.jpg","width":2560,"height":779,"caption":"Art en Seda by Anna Albert"},"image":{"@id":"https:\/\/annaalbert.com\/es\/#\/schema\/logo\/image\/"}}]}},"_links":{"self":[{"href":"https:\/\/annaalbert.com\/es\/wp-json\/wp\/v2\/product\/11380","targetHints":{"allow":["GET"]}}],"collection":[{"href":"https:\/\/annaalbert.com\/es\/wp-json\/wp\/v2\/product"}],"about":[{"href":"https:\/\/annaalbert.com\/es\/wp-json\/wp\/v2\/types\/product"}],"replies":[{"embeddable":true,"href":"https:\/\/annaalbert.com\/es\/wp-json\/wp\/v2\/comments?post=11380"}],"wp:featuredmedia":[{"embeddable":true,"href":"https:\/\/annaalbert.com\/es\/wp-json\/wp\/v2\/media\/4432"}],"wp:attachment":[{"href":"https:\/\/annaalbert.com\/es\/wp-json\/wp\/v2\/media?parent=11380"}],"wp:term":[{"taxonomy":"product_brand","embeddable":true,"href":"https:\/\/annaalbert.com\/es\/wp-json\/wp\/v2\/product_brand?post=11380"},{"taxonomy":"product_cat","embeddable":true,"href":"https:\/\/annaalbert.com\/es\/wp-json\/wp\/v2\/product_cat?post=11380"},{"taxonomy":"product_tag","embeddable":true,"href":"https:\/\/annaalbert.com\/es\/wp-json\/wp\/v2\/product_tag?post=11380"}],"curies":[{"name":"wp","href":"https:\/\/api.w.org\/{rel}","templated":true}]}}