{"id":11350,"date":"2019-03-21T17:49:48","date_gmt":"2019-03-21T17:49:48","guid":{"rendered":"https:\/\/annaalbert.com\/producto\/fular-seda-natural-parc-guell\/"},"modified":"2025-10-14T19:01:08","modified_gmt":"2025-10-14T19:01:08","slug":"fular-seda-natural-parc-guell","status":"publish","type":"product","link":"https:\/\/annaalbert.com\/es\/producto-es\/fular-seda-natural-parc-guell\/","title":{"rendered":"PA\u00d1UELO DE SEDA NATURAL PARC G\u00dcELL"},"content":{"rendered":"<p><strong>Pa\u00f1uelo de seda natural Parc G\u00fcell. <\/strong> Es m\u00e1s, concretamente, est\u00e1 inspirado en un trocito del trencad\u00eds del <strong>Drag\u00f3n del Parc G\u00fcell.<\/strong><\/p>\n<p>Descubre la elegancia aut\u00e9ntica con nuestro fular. Con colores intensos y dise\u00f1o exclusivo, esta pieza te transportar\u00e1 a la esencia art\u00edstica de Barcelona.<\/p>\n<p>Realizado con <strong>seda cr\u00eape<\/strong>, una seda con cuerpo y cayendo y, de mucha calidad. Adem\u00e1s, con esta textura suave y ligera, este fular es perfecto para todos los estilos y estaciones.<\/p>\n<p>El <strong>Parc G\u00fcell<\/strong> es un gran jard\u00edn con elementos arquitect\u00f3nicos situado en lo alto de Barcelona, a la vertiente del monte del Carmel que mira al mar, no muy lejos del Tibidabo. Fue dise\u00f1ado por el arquitecto Antoni Gaud\u00ed, m\u00e1ximo exponente del modernismo catal\u00e1n, construido entre los a\u00f1os 1900 y 1914 e inaugurado como parque p\u00fablico el 1926. Tiene una extensi\u00f3n de 17,18 hect\u00e1reas, esto hace que sea una de las obras arquitect\u00f3nicas m\u00e1s grandes del sur de Europa. Es m\u00e1s, el 1984 la UNESCO declar\u00f3 el Parque G\u00fcell Patrimonio de la Humanidad.<\/p>\n<p>El Drag\u00f3n hecho de mosaico de colores se ha convertido en el emblema del jard\u00edn y, con este fular, podemos pasear una parte de este patrimonio y lucirlo.<\/p>\n<p>Este pa\u00f1uelo de seda natural parc g\u00fcell lo he pintado a mano desde el principio hasta el final. Una pieza \u00fanica y un buen recuerdo de <strong>Barcelona<\/strong>.<\/p>\n","protected":false},"excerpt":{"rendered":"<p>Fular de seda crepe inspirado en el drag\u00f3n del Parque G\u00fcell de Barcelona<\/p>\n<p> Medidas de 150&#215;45<\/p>\n","protected":false},"featured_media":11351,"comment_status":"closed","ping_status":"closed","template":"","meta":{"_et_pb_use_builder":"","_et_pb_old_content":"","_et_gb_content_width":""},"product_brand":[],"product_cat":[162,174],"product_tag":[],"class_list":{"0":"post-11350","1":"product","2":"type-product","3":"status-publish","4":"has-post-thumbnail","6":"product_cat-home-es","7":"product_cat-fulards","9":"first","10":"instock","11":"purchasable","12":"product-type-simple"},"yoast_head":"<!-- This site is optimized with the Yoast SEO plugin v27.0 - https:\/\/yoast.com\/product\/yoast-seo-wordpress\/ -->\n<title>Pa\u00f1uelo de seda natural parc g\u00fcell - Art en Seda<\/title>\n<meta name=\"description\" content=\"Pa\u00f1uelo de seda natural parc g\u00fcell, pintado a mano e inspirado en un trocito del trencad\u00eds del Drag\u00f3n del Parc G\u00fcell de Barcelona. Un buen recuerdo de la ciudad.\" \/>\n<meta name=\"robots\" content=\"index, follow, max-snippet:-1, max-image-preview:large, max-video-preview:-1\" \/>\n<link rel=\"canonical\" href=\"https:\/\/annaalbert.com\/es\/producto-es\/fular-seda-natural-parc-guell\/\" \/>\n<meta property=\"og:locale\" content=\"es_ES\" \/>\n<meta property=\"og:type\" content=\"article\" \/>\n<meta property=\"og:title\" content=\"Pa\u00f1uelo de seda natural parc g\u00fcell - Art en Seda\" \/>\n<meta property=\"og:description\" content=\"Pa\u00f1uelo de seda natural parc g\u00fcell, pintado a mano e inspirado en un trocito del trencad\u00eds del Drag\u00f3n del Parc G\u00fcell de Barcelona. Un buen recuerdo de la ciudad.\" \/>\n<meta property=\"og:url\" content=\"https:\/\/annaalbert.com\/es\/producto-es\/fular-seda-natural-parc-guell\/\" \/>\n<meta property=\"og:site_name\" content=\"Art en Seda\" \/>\n<meta property=\"article:modified_time\" content=\"2025-10-14T19:01:08+00:00\" \/>\n<meta property=\"og:image\" content=\"https:\/\/annaalbert.com\/wp-content\/uploads\/2019\/03\/cargolsparcg.jpg\" \/>\n\t<meta property=\"og:image:width\" content=\"800\" \/>\n\t<meta property=\"og:image:height\" content=\"960\" \/>\n\t<meta property=\"og:image:type\" content=\"image\/jpeg\" \/>\n<meta name=\"twitter:card\" content=\"summary_large_image\" \/>\n<meta name=\"twitter:label1\" content=\"Tiempo de lectura\" \/>\n\t<meta name=\"twitter:data1\" content=\"1 minuto\" \/>\n<script type=\"application\/ld+json\" class=\"yoast-schema-graph\">{\"@context\":\"https:\/\/schema.org\",\"@graph\":[{\"@type\":\"WebPage\",\"@id\":\"https:\/\/annaalbert.com\/es\/producto-es\/fular-seda-natural-parc-guell\/\",\"url\":\"https:\/\/annaalbert.com\/es\/producto-es\/fular-seda-natural-parc-guell\/\",\"name\":\"Pa\u00f1uelo de seda natural parc g\u00fcell - Art en Seda\",\"isPartOf\":{\"@id\":\"https:\/\/annaalbert.com\/es\/#website\"},\"primaryImageOfPage\":{\"@id\":\"https:\/\/annaalbert.com\/es\/producto-es\/fular-seda-natural-parc-guell\/#primaryimage\"},\"image\":{\"@id\":\"https:\/\/annaalbert.com\/es\/producto-es\/fular-seda-natural-parc-guell\/#primaryimage\"},\"thumbnailUrl\":\"https:\/\/annaalbert.com\/wp-content\/uploads\/2019\/03\/cargolsparcg.jpg\",\"datePublished\":\"2019-03-21T17:49:48+00:00\",\"dateModified\":\"2025-10-14T19:01:08+00:00\",\"description\":\"Pa\u00f1uelo de seda natural parc g\u00fcell, pintado a mano e inspirado en un trocito del trencad\u00eds del Drag\u00f3n del Parc G\u00fcell de Barcelona. Un buen recuerdo de la ciudad.\",\"breadcrumb\":{\"@id\":\"https:\/\/annaalbert.com\/es\/producto-es\/fular-seda-natural-parc-guell\/#breadcrumb\"},\"inLanguage\":\"es\",\"potentialAction\":[{\"@type\":\"ReadAction\",\"target\":[\"https:\/\/annaalbert.com\/es\/producto-es\/fular-seda-natural-parc-guell\/\"]}]},{\"@type\":\"ImageObject\",\"inLanguage\":\"es\",\"@id\":\"https:\/\/annaalbert.com\/es\/producto-es\/fular-seda-natural-parc-guell\/#primaryimage\",\"url\":\"https:\/\/annaalbert.com\/wp-content\/uploads\/2019\/03\/cargolsparcg.jpg\",\"contentUrl\":\"https:\/\/annaalbert.com\/wp-content\/uploads\/2019\/03\/cargolsparcg.jpg\",\"width\":800,\"height\":960,\"caption\":\"fulard seda natural parc g\u00fcell\"},{\"@type\":\"BreadcrumbList\",\"@id\":\"https:\/\/annaalbert.com\/es\/producto-es\/fular-seda-natural-parc-guell\/#breadcrumb\",\"itemListElement\":[{\"@type\":\"ListItem\",\"position\":1,\"name\":\"Portada\",\"item\":\"https:\/\/annaalbert.com\/es\/\"},{\"@type\":\"ListItem\",\"position\":2,\"name\":\"Tienda\",\"item\":\"https:\/\/annaalbert.com\/tienda\/\"},{\"@type\":\"ListItem\",\"position\":3,\"name\":\"PA\u00d1UELO DE SEDA NATURAL PARC G\u00dcELL\"}]},{\"@type\":\"WebSite\",\"@id\":\"https:\/\/annaalbert.com\/es\/#website\",\"url\":\"https:\/\/annaalbert.com\/es\/\",\"name\":\"Art en Seda\",\"description\":\"Productos de seda pintada a mano, asi como cursos, talleres, experiencias por la artesana Anna Albert\",\"publisher\":{\"@id\":\"https:\/\/annaalbert.com\/es\/#organization\"},\"potentialAction\":[{\"@type\":\"SearchAction\",\"target\":{\"@type\":\"EntryPoint\",\"urlTemplate\":\"https:\/\/annaalbert.com\/es\/?s={search_term_string}\"},\"query-input\":{\"@type\":\"PropertyValueSpecification\",\"valueRequired\":true,\"valueName\":\"search_term_string\"}}],\"inLanguage\":\"es\"},{\"@type\":\"Organization\",\"@id\":\"https:\/\/annaalbert.com\/es\/#organization\",\"name\":\"Art en Seda by Anna Albert\",\"url\":\"https:\/\/annaalbert.com\/es\/\",\"logo\":{\"@type\":\"ImageObject\",\"inLanguage\":\"es\",\"@id\":\"https:\/\/annaalbert.com\/es\/#\/schema\/logo\/image\/\",\"url\":\"https:\/\/annaalbert.com\/wp-content\/uploads\/2021\/01\/horitzontal_fonsblanc-scaled.jpg\",\"contentUrl\":\"https:\/\/annaalbert.com\/wp-content\/uploads\/2021\/01\/horitzontal_fonsblanc-scaled.jpg\",\"width\":2560,\"height\":779,\"caption\":\"Art en Seda by Anna Albert\"},\"image\":{\"@id\":\"https:\/\/annaalbert.com\/es\/#\/schema\/logo\/image\/\"}}]}<\/script>\n<!-- \/ Yoast SEO plugin. -->","yoast_head_json":{"title":"Pa\u00f1uelo de seda natural parc g\u00fcell - Art en Seda","description":"Pa\u00f1uelo de seda natural parc g\u00fcell, pintado a mano e inspirado en un trocito del trencad\u00eds del Drag\u00f3n del Parc G\u00fcell de Barcelona. Un buen recuerdo de la ciudad.","robots":{"index":"index","follow":"follow","max-snippet":"max-snippet:-1","max-image-preview":"max-image-preview:large","max-video-preview":"max-video-preview:-1"},"canonical":"https:\/\/annaalbert.com\/es\/producto-es\/fular-seda-natural-parc-guell\/","og_locale":"es_ES","og_type":"article","og_title":"Pa\u00f1uelo de seda natural parc g\u00fcell - Art en Seda","og_description":"Pa\u00f1uelo de seda natural parc g\u00fcell, pintado a mano e inspirado en un trocito del trencad\u00eds del Drag\u00f3n del Parc G\u00fcell de Barcelona. Un buen recuerdo de la ciudad.","og_url":"https:\/\/annaalbert.com\/es\/producto-es\/fular-seda-natural-parc-guell\/","og_site_name":"Art en Seda","article_modified_time":"2025-10-14T19:01:08+00:00","og_image":[{"width":800,"height":960,"url":"https:\/\/annaalbert.com\/wp-content\/uploads\/2019\/03\/cargolsparcg.jpg","type":"image\/jpeg"}],"twitter_card":"summary_large_image","twitter_misc":{"Tiempo de lectura":"1 minuto"},"schema":{"@context":"https:\/\/schema.org","@graph":[{"@type":"WebPage","@id":"https:\/\/annaalbert.com\/es\/producto-es\/fular-seda-natural-parc-guell\/","url":"https:\/\/annaalbert.com\/es\/producto-es\/fular-seda-natural-parc-guell\/","name":"Pa\u00f1uelo de seda natural parc g\u00fcell - Art en Seda","isPartOf":{"@id":"https:\/\/annaalbert.com\/es\/#website"},"primaryImageOfPage":{"@id":"https:\/\/annaalbert.com\/es\/producto-es\/fular-seda-natural-parc-guell\/#primaryimage"},"image":{"@id":"https:\/\/annaalbert.com\/es\/producto-es\/fular-seda-natural-parc-guell\/#primaryimage"},"thumbnailUrl":"https:\/\/annaalbert.com\/wp-content\/uploads\/2019\/03\/cargolsparcg.jpg","datePublished":"2019-03-21T17:49:48+00:00","dateModified":"2025-10-14T19:01:08+00:00","description":"Pa\u00f1uelo de seda natural parc g\u00fcell, pintado a mano e inspirado en un trocito del trencad\u00eds del Drag\u00f3n del Parc G\u00fcell de Barcelona. Un buen recuerdo de la ciudad.","breadcrumb":{"@id":"https:\/\/annaalbert.com\/es\/producto-es\/fular-seda-natural-parc-guell\/#breadcrumb"},"inLanguage":"es","potentialAction":[{"@type":"ReadAction","target":["https:\/\/annaalbert.com\/es\/producto-es\/fular-seda-natural-parc-guell\/"]}]},{"@type":"ImageObject","inLanguage":"es","@id":"https:\/\/annaalbert.com\/es\/producto-es\/fular-seda-natural-parc-guell\/#primaryimage","url":"https:\/\/annaalbert.com\/wp-content\/uploads\/2019\/03\/cargolsparcg.jpg","contentUrl":"https:\/\/annaalbert.com\/wp-content\/uploads\/2019\/03\/cargolsparcg.jpg","width":800,"height":960,"caption":"fulard seda natural parc g\u00fcell"},{"@type":"BreadcrumbList","@id":"https:\/\/annaalbert.com\/es\/producto-es\/fular-seda-natural-parc-guell\/#breadcrumb","itemListElement":[{"@type":"ListItem","position":1,"name":"Portada","item":"https:\/\/annaalbert.com\/es\/"},{"@type":"ListItem","position":2,"name":"Tienda","item":"https:\/\/annaalbert.com\/tienda\/"},{"@type":"ListItem","position":3,"name":"PA\u00d1UELO DE SEDA NATURAL PARC G\u00dcELL"}]},{"@type":"WebSite","@id":"https:\/\/annaalbert.com\/es\/#website","url":"https:\/\/annaalbert.com\/es\/","name":"Art en Seda","description":"Productos de seda pintada a mano, asi como cursos, talleres, experiencias por la artesana Anna Albert","publisher":{"@id":"https:\/\/annaalbert.com\/es\/#organization"},"potentialAction":[{"@type":"SearchAction","target":{"@type":"EntryPoint","urlTemplate":"https:\/\/annaalbert.com\/es\/?s={search_term_string}"},"query-input":{"@type":"PropertyValueSpecification","valueRequired":true,"valueName":"search_term_string"}}],"inLanguage":"es"},{"@type":"Organization","@id":"https:\/\/annaalbert.com\/es\/#organization","name":"Art en Seda by Anna Albert","url":"https:\/\/annaalbert.com\/es\/","logo":{"@type":"ImageObject","inLanguage":"es","@id":"https:\/\/annaalbert.com\/es\/#\/schema\/logo\/image\/","url":"https:\/\/annaalbert.com\/wp-content\/uploads\/2021\/01\/horitzontal_fonsblanc-scaled.jpg","contentUrl":"https:\/\/annaalbert.com\/wp-content\/uploads\/2021\/01\/horitzontal_fonsblanc-scaled.jpg","width":2560,"height":779,"caption":"Art en Seda by Anna Albert"},"image":{"@id":"https:\/\/annaalbert.com\/es\/#\/schema\/logo\/image\/"}}]}},"_links":{"self":[{"href":"https:\/\/annaalbert.com\/es\/wp-json\/wp\/v2\/product\/11350","targetHints":{"allow":["GET"]}}],"collection":[{"href":"https:\/\/annaalbert.com\/es\/wp-json\/wp\/v2\/product"}],"about":[{"href":"https:\/\/annaalbert.com\/es\/wp-json\/wp\/v2\/types\/product"}],"replies":[{"embeddable":true,"href":"https:\/\/annaalbert.com\/es\/wp-json\/wp\/v2\/comments?post=11350"}],"wp:featuredmedia":[{"embeddable":true,"href":"https:\/\/annaalbert.com\/es\/wp-json\/wp\/v2\/media\/11351"}],"wp:attachment":[{"href":"https:\/\/annaalbert.com\/es\/wp-json\/wp\/v2\/media?parent=11350"}],"wp:term":[{"taxonomy":"product_brand","embeddable":true,"href":"https:\/\/annaalbert.com\/es\/wp-json\/wp\/v2\/product_brand?post=11350"},{"taxonomy":"product_cat","embeddable":true,"href":"https:\/\/annaalbert.com\/es\/wp-json\/wp\/v2\/product_cat?post=11350"},{"taxonomy":"product_tag","embeddable":true,"href":"https:\/\/annaalbert.com\/es\/wp-json\/wp\/v2\/product_tag?post=11350"}],"curies":[{"name":"wp","href":"https:\/\/api.w.org\/{rel}","templated":true}]}}