{"id":11336,"date":"2019-03-21T17:50:13","date_gmt":"2019-03-21T17:50:13","guid":{"rendered":"https:\/\/annaalbert.com\/producto\/abanico-seda-natural-mar\/"},"modified":"2025-10-15T09:02:18","modified_gmt":"2025-10-15T09:02:18","slug":"abanico-seda-natural-mar","status":"publish","type":"product","link":"https:\/\/annaalbert.com\/es\/producto-es\/abanico-seda-natural-mar\/","title":{"rendered":"ABANICO SEDA NATURAL MAR"},"content":{"rendered":"<p>Descubre la elegancia sutil de los vientos marinos con nuestro abanico de seda natural mar, en una paleta de colores inspirada en las olas que bautizan las costas. El azul turquesa te transporta a las aguas cristalinas, mientras que el azul \u00edndigo te recuerda las profundidades misteriosas. Este abanico de seda natural est\u00e1 inspirado en el mar Mediterr\u00e1neo. Transmite tranquilidad y te hace sentir como si el agua del mar te rodeara.<\/p>\n<p>Este abanico, tejido con seda natural, no solo te ofrece una experiencia refrescante en los d\u00edas calurosos, sino que tambi\u00e9n refleja la serenidad del oc\u00e9ano. La suavidad de la seda acaricia la piel, proporcionando un confort excepcional mientras te desplazas con la brisa.<\/p>\n<p>Los detalles meticulosamente elaborados de cada abanico capturan la riqueza crom\u00e1tica del mar, desde el azul claro hasta los tonos m\u00e1s profundos. Cada pieza es \u00fanica, como las olas que bailan al comp\u00e1s de la natura. Un complemento perfecto para cualquier ocasi\u00f3n, desde rom\u00e1nticas veladas hasta paseadas al lado del mar.<\/p>\n<p>Da vida a tu estilo con esta obra de arte funcional, una fusi\u00f3n de moda y natura que resalta tu elegancia con la frescura del oc\u00e9ano. El abanico de seda natural con los colores del mar es m\u00e1s que un accesorio; es una expresi\u00f3n v\u00edvida de tu individualidad, un recuerdo constante de la belleza de la natura.<\/p>\n","protected":false},"excerpt":{"rendered":"<p>Abanico de seda natural y madera peral.<\/p>\n","protected":false},"featured_media":4489,"comment_status":"closed","ping_status":"closed","template":"","meta":{"_et_pb_use_builder":"","_et_pb_old_content":"","_et_gb_content_width":""},"product_brand":[],"product_cat":[402],"product_tag":[],"class_list":{"0":"post-11336","1":"product","2":"type-product","3":"status-publish","4":"has-post-thumbnail","6":"product_cat-abanicos-es","8":"first","9":"outofstock","10":"purchasable","11":"product-type-simple"},"yoast_head":"<!-- This site is optimized with the Yoast SEO plugin v27.0 - https:\/\/yoast.com\/product\/yoast-seo-wordpress\/ -->\n<title>Abanico seda natural mar - Art en Seda<\/title>\n<meta name=\"description\" content=\"Abanico seda natural mar inspirado en el mar Mediterr\u00e1neo. Transmite tranquilidad y te hace sentir como si el agua del mar te rodeara.\" \/>\n<meta name=\"robots\" content=\"index, follow, max-snippet:-1, max-image-preview:large, max-video-preview:-1\" \/>\n<link rel=\"canonical\" href=\"https:\/\/annaalbert.com\/es\/producto-es\/abanico-seda-natural-mar\/\" \/>\n<meta property=\"og:locale\" content=\"es_ES\" \/>\n<meta property=\"og:type\" content=\"article\" \/>\n<meta property=\"og:title\" content=\"Abanico seda natural mar - Art en Seda\" \/>\n<meta property=\"og:description\" content=\"Abanico seda natural mar inspirado en el mar Mediterr\u00e1neo. Transmite tranquilidad y te hace sentir como si el agua del mar te rodeara.\" \/>\n<meta property=\"og:url\" content=\"https:\/\/annaalbert.com\/es\/producto-es\/abanico-seda-natural-mar\/\" \/>\n<meta property=\"og:site_name\" content=\"Art en Seda\" \/>\n<meta property=\"article:modified_time\" content=\"2025-10-15T09:02:18+00:00\" \/>\n<meta property=\"og:image\" content=\"https:\/\/annaalbert.com\/wp-content\/uploads\/2019\/02\/166.jpg\" \/>\n\t<meta property=\"og:image:width\" content=\"800\" \/>\n\t<meta property=\"og:image:height\" content=\"960\" \/>\n\t<meta property=\"og:image:type\" content=\"image\/jpeg\" \/>\n<meta name=\"twitter:card\" content=\"summary_large_image\" \/>\n<meta name=\"twitter:label1\" content=\"Tiempo de lectura\" \/>\n\t<meta name=\"twitter:data1\" content=\"1 minuto\" \/>\n<script type=\"application\/ld+json\" class=\"yoast-schema-graph\">{\"@context\":\"https:\/\/schema.org\",\"@graph\":[{\"@type\":\"WebPage\",\"@id\":\"https:\/\/annaalbert.com\/es\/producto-es\/abanico-seda-natural-mar\/\",\"url\":\"https:\/\/annaalbert.com\/es\/producto-es\/abanico-seda-natural-mar\/\",\"name\":\"Abanico seda natural mar - Art en Seda\",\"isPartOf\":{\"@id\":\"https:\/\/annaalbert.com\/es\/#website\"},\"primaryImageOfPage\":{\"@id\":\"https:\/\/annaalbert.com\/es\/producto-es\/abanico-seda-natural-mar\/#primaryimage\"},\"image\":{\"@id\":\"https:\/\/annaalbert.com\/es\/producto-es\/abanico-seda-natural-mar\/#primaryimage\"},\"thumbnailUrl\":\"https:\/\/annaalbert.com\/wp-content\/uploads\/2019\/02\/166.jpg\",\"datePublished\":\"2019-03-21T17:50:13+00:00\",\"dateModified\":\"2025-10-15T09:02:18+00:00\",\"description\":\"Abanico seda natural mar inspirado en el mar Mediterr\u00e1neo. Transmite tranquilidad y te hace sentir como si el agua del mar te rodeara.\",\"breadcrumb\":{\"@id\":\"https:\/\/annaalbert.com\/es\/producto-es\/abanico-seda-natural-mar\/#breadcrumb\"},\"inLanguage\":\"es\",\"potentialAction\":[{\"@type\":\"ReadAction\",\"target\":[\"https:\/\/annaalbert.com\/es\/producto-es\/abanico-seda-natural-mar\/\"]}]},{\"@type\":\"ImageObject\",\"inLanguage\":\"es\",\"@id\":\"https:\/\/annaalbert.com\/es\/producto-es\/abanico-seda-natural-mar\/#primaryimage\",\"url\":\"https:\/\/annaalbert.com\/wp-content\/uploads\/2019\/02\/166.jpg\",\"contentUrl\":\"https:\/\/annaalbert.com\/wp-content\/uploads\/2019\/02\/166.jpg\",\"width\":800,\"height\":960,\"caption\":\"ventall seda natural mar\"},{\"@type\":\"BreadcrumbList\",\"@id\":\"https:\/\/annaalbert.com\/es\/producto-es\/abanico-seda-natural-mar\/#breadcrumb\",\"itemListElement\":[{\"@type\":\"ListItem\",\"position\":1,\"name\":\"Portada\",\"item\":\"https:\/\/annaalbert.com\/es\/\"},{\"@type\":\"ListItem\",\"position\":2,\"name\":\"Tienda\",\"item\":\"https:\/\/annaalbert.com\/tienda\/\"},{\"@type\":\"ListItem\",\"position\":3,\"name\":\"ABANICO SEDA NATURAL MAR\"}]},{\"@type\":\"WebSite\",\"@id\":\"https:\/\/annaalbert.com\/es\/#website\",\"url\":\"https:\/\/annaalbert.com\/es\/\",\"name\":\"Art en Seda\",\"description\":\"Productos de seda pintada a mano, asi como cursos, talleres, experiencias por la artesana Anna Albert\",\"publisher\":{\"@id\":\"https:\/\/annaalbert.com\/es\/#organization\"},\"potentialAction\":[{\"@type\":\"SearchAction\",\"target\":{\"@type\":\"EntryPoint\",\"urlTemplate\":\"https:\/\/annaalbert.com\/es\/?s={search_term_string}\"},\"query-input\":{\"@type\":\"PropertyValueSpecification\",\"valueRequired\":true,\"valueName\":\"search_term_string\"}}],\"inLanguage\":\"es\"},{\"@type\":\"Organization\",\"@id\":\"https:\/\/annaalbert.com\/es\/#organization\",\"name\":\"Art en Seda by Anna Albert\",\"url\":\"https:\/\/annaalbert.com\/es\/\",\"logo\":{\"@type\":\"ImageObject\",\"inLanguage\":\"es\",\"@id\":\"https:\/\/annaalbert.com\/es\/#\/schema\/logo\/image\/\",\"url\":\"https:\/\/annaalbert.com\/wp-content\/uploads\/2021\/01\/horitzontal_fonsblanc-scaled.jpg\",\"contentUrl\":\"https:\/\/annaalbert.com\/wp-content\/uploads\/2021\/01\/horitzontal_fonsblanc-scaled.jpg\",\"width\":2560,\"height\":779,\"caption\":\"Art en Seda by Anna Albert\"},\"image\":{\"@id\":\"https:\/\/annaalbert.com\/es\/#\/schema\/logo\/image\/\"}}]}<\/script>\n<!-- \/ Yoast SEO plugin. -->","yoast_head_json":{"title":"Abanico seda natural mar - Art en Seda","description":"Abanico seda natural mar inspirado en el mar Mediterr\u00e1neo. Transmite tranquilidad y te hace sentir como si el agua del mar te rodeara.","robots":{"index":"index","follow":"follow","max-snippet":"max-snippet:-1","max-image-preview":"max-image-preview:large","max-video-preview":"max-video-preview:-1"},"canonical":"https:\/\/annaalbert.com\/es\/producto-es\/abanico-seda-natural-mar\/","og_locale":"es_ES","og_type":"article","og_title":"Abanico seda natural mar - Art en Seda","og_description":"Abanico seda natural mar inspirado en el mar Mediterr\u00e1neo. Transmite tranquilidad y te hace sentir como si el agua del mar te rodeara.","og_url":"https:\/\/annaalbert.com\/es\/producto-es\/abanico-seda-natural-mar\/","og_site_name":"Art en Seda","article_modified_time":"2025-10-15T09:02:18+00:00","og_image":[{"width":800,"height":960,"url":"https:\/\/annaalbert.com\/wp-content\/uploads\/2019\/02\/166.jpg","type":"image\/jpeg"}],"twitter_card":"summary_large_image","twitter_misc":{"Tiempo de lectura":"1 minuto"},"schema":{"@context":"https:\/\/schema.org","@graph":[{"@type":"WebPage","@id":"https:\/\/annaalbert.com\/es\/producto-es\/abanico-seda-natural-mar\/","url":"https:\/\/annaalbert.com\/es\/producto-es\/abanico-seda-natural-mar\/","name":"Abanico seda natural mar - Art en Seda","isPartOf":{"@id":"https:\/\/annaalbert.com\/es\/#website"},"primaryImageOfPage":{"@id":"https:\/\/annaalbert.com\/es\/producto-es\/abanico-seda-natural-mar\/#primaryimage"},"image":{"@id":"https:\/\/annaalbert.com\/es\/producto-es\/abanico-seda-natural-mar\/#primaryimage"},"thumbnailUrl":"https:\/\/annaalbert.com\/wp-content\/uploads\/2019\/02\/166.jpg","datePublished":"2019-03-21T17:50:13+00:00","dateModified":"2025-10-15T09:02:18+00:00","description":"Abanico seda natural mar inspirado en el mar Mediterr\u00e1neo. Transmite tranquilidad y te hace sentir como si el agua del mar te rodeara.","breadcrumb":{"@id":"https:\/\/annaalbert.com\/es\/producto-es\/abanico-seda-natural-mar\/#breadcrumb"},"inLanguage":"es","potentialAction":[{"@type":"ReadAction","target":["https:\/\/annaalbert.com\/es\/producto-es\/abanico-seda-natural-mar\/"]}]},{"@type":"ImageObject","inLanguage":"es","@id":"https:\/\/annaalbert.com\/es\/producto-es\/abanico-seda-natural-mar\/#primaryimage","url":"https:\/\/annaalbert.com\/wp-content\/uploads\/2019\/02\/166.jpg","contentUrl":"https:\/\/annaalbert.com\/wp-content\/uploads\/2019\/02\/166.jpg","width":800,"height":960,"caption":"ventall seda natural mar"},{"@type":"BreadcrumbList","@id":"https:\/\/annaalbert.com\/es\/producto-es\/abanico-seda-natural-mar\/#breadcrumb","itemListElement":[{"@type":"ListItem","position":1,"name":"Portada","item":"https:\/\/annaalbert.com\/es\/"},{"@type":"ListItem","position":2,"name":"Tienda","item":"https:\/\/annaalbert.com\/tienda\/"},{"@type":"ListItem","position":3,"name":"ABANICO SEDA NATURAL MAR"}]},{"@type":"WebSite","@id":"https:\/\/annaalbert.com\/es\/#website","url":"https:\/\/annaalbert.com\/es\/","name":"Art en Seda","description":"Productos de seda pintada a mano, asi como cursos, talleres, experiencias por la artesana Anna Albert","publisher":{"@id":"https:\/\/annaalbert.com\/es\/#organization"},"potentialAction":[{"@type":"SearchAction","target":{"@type":"EntryPoint","urlTemplate":"https:\/\/annaalbert.com\/es\/?s={search_term_string}"},"query-input":{"@type":"PropertyValueSpecification","valueRequired":true,"valueName":"search_term_string"}}],"inLanguage":"es"},{"@type":"Organization","@id":"https:\/\/annaalbert.com\/es\/#organization","name":"Art en Seda by Anna Albert","url":"https:\/\/annaalbert.com\/es\/","logo":{"@type":"ImageObject","inLanguage":"es","@id":"https:\/\/annaalbert.com\/es\/#\/schema\/logo\/image\/","url":"https:\/\/annaalbert.com\/wp-content\/uploads\/2021\/01\/horitzontal_fonsblanc-scaled.jpg","contentUrl":"https:\/\/annaalbert.com\/wp-content\/uploads\/2021\/01\/horitzontal_fonsblanc-scaled.jpg","width":2560,"height":779,"caption":"Art en Seda by Anna Albert"},"image":{"@id":"https:\/\/annaalbert.com\/es\/#\/schema\/logo\/image\/"}}]}},"_links":{"self":[{"href":"https:\/\/annaalbert.com\/es\/wp-json\/wp\/v2\/product\/11336","targetHints":{"allow":["GET"]}}],"collection":[{"href":"https:\/\/annaalbert.com\/es\/wp-json\/wp\/v2\/product"}],"about":[{"href":"https:\/\/annaalbert.com\/es\/wp-json\/wp\/v2\/types\/product"}],"replies":[{"embeddable":true,"href":"https:\/\/annaalbert.com\/es\/wp-json\/wp\/v2\/comments?post=11336"}],"wp:featuredmedia":[{"embeddable":true,"href":"https:\/\/annaalbert.com\/es\/wp-json\/wp\/v2\/media\/4489"}],"wp:attachment":[{"href":"https:\/\/annaalbert.com\/es\/wp-json\/wp\/v2\/media?parent=11336"}],"wp:term":[{"taxonomy":"product_brand","embeddable":true,"href":"https:\/\/annaalbert.com\/es\/wp-json\/wp\/v2\/product_brand?post=11336"},{"taxonomy":"product_cat","embeddable":true,"href":"https:\/\/annaalbert.com\/es\/wp-json\/wp\/v2\/product_cat?post=11336"},{"taxonomy":"product_tag","embeddable":true,"href":"https:\/\/annaalbert.com\/es\/wp-json\/wp\/v2\/product_tag?post=11336"}],"curies":[{"name":"wp","href":"https:\/\/api.w.org\/{rel}","templated":true}]}}