{"id":11332,"date":"2019-03-21T17:50:13","date_gmt":"2019-03-21T17:50:13","guid":{"rendered":"https:\/\/annaalbert.com\/producto\/collar-seda-natural-lila\/"},"modified":"2024-04-22T10:47:07","modified_gmt":"2024-04-22T10:47:07","slug":"collar-seda-natural-lila","status":"publish","type":"product","link":"https:\/\/annaalbert.com\/es\/producto-es\/collar-seda-natural-lila\/","title":{"rendered":"COLLAR DE SEDA NATURAL LILA"},"content":{"rendered":"<p>Descubre la elegancia sublime con nuestro collar de seda natural en un cautivador color lila. La seda, suave como una caricia, enriquece tu estilo con un toque de refinamiento excepcional.<\/p>\n<p>Este collar fusiona la finesa de la seda con la intensidad del lila, creando una obra maestra \u00fanica. Su color intenso es un homenaje a la feminidad, capturando la suavidad de la flor de lavanda.<\/p>\n<p>Con cada movimiento, la seda se despliega como un r\u00edo de suavidad alrededor de tu cuello. El encanto inigualable de esta pieza no solo resalta tu belleza, sino que tambi\u00e9n transmite una sensaci\u00f3n de lujo.<\/p>\n<p>Su tonalidad lila se adapta con elegancia a varias ocasiones, desde momentos casuales hasta acontecimientos formales. Es la joya perfecta para complementar tu ropa diaria o para destacar en una noche especial. No pesa nada y es un complemento muy atemporal. Se puede lucir como collar, como cintur\u00f3n o, tambi\u00e9n, en la cabeza.<\/p>\n<p>Cada collar es confeccionado con cuidado artesanal, asegurando su durabilidad y excelencia. Sent\u00edd la seda acariciar vuestra piel, record\u00e1ndoos constantemente de vuestra elecci\u00f3n por la calidad y el estilo.<\/p>\n<p>Este collar de seda natural lila es m\u00e1s que una joya; es una expresi\u00f3n de tu personalidad y un recordatorio constante de tu elegancia innata. Deja que la seda te rodee y eleve tu estilo a nuevas alturas.<\/p>\n<p>Pensado para una mujer atrevida, amante de los complementos coloristas o del <strong>boho style<\/strong>.<\/p>\n","protected":false},"excerpt":{"rendered":"<p>Collar de seda y piel<\/p>\n","protected":false},"featured_media":4483,"comment_status":"closed","ping_status":"closed","template":"","meta":{"_et_pb_use_builder":"","_et_pb_old_content":"","_et_gb_content_width":""},"product_brand":[],"product_cat":[334,416],"product_tag":[],"class_list":{"0":"post-11332","1":"product","2":"type-product","3":"status-publish","4":"has-post-thumbnail","6":"product_cat-collares","7":"product_cat-otros-complementos-es","9":"first","10":"instock","11":"purchasable","12":"product-type-simple"},"yoast_head":"<!-- This site is optimized with the Yoast SEO plugin v27.4 - https:\/\/yoast.com\/product\/yoast-seo-wordpress\/ -->\n<title>Collar de seda natural lila - Art en Seda<\/title>\n<meta name=\"description\" content=\"Collar de seda natural lila pensado para una mujer atrevida, amante de los complementos coloristas o del boho style. Para todas las edades\" \/>\n<meta name=\"robots\" content=\"index, follow, max-snippet:-1, max-image-preview:large, max-video-preview:-1\" \/>\n<link rel=\"canonical\" href=\"https:\/\/annaalbert.com\/es\/producto-es\/collar-seda-natural-lila\/\" \/>\n<meta property=\"og:locale\" content=\"es_ES\" \/>\n<meta property=\"og:type\" content=\"article\" \/>\n<meta property=\"og:title\" content=\"Collar de seda natural lila - Art en Seda\" \/>\n<meta property=\"og:description\" content=\"Collar de seda natural lila pensado para una mujer atrevida, amante de los complementos coloristas o del boho style. Para todas las edades\" \/>\n<meta property=\"og:url\" content=\"https:\/\/annaalbert.com\/es\/producto-es\/collar-seda-natural-lila\/\" \/>\n<meta property=\"og:site_name\" content=\"Art en Seda\" \/>\n<meta property=\"article:modified_time\" content=\"2024-04-22T10:47:07+00:00\" \/>\n<meta property=\"og:image\" content=\"https:\/\/annaalbert.com\/wp-content\/uploads\/2019\/02\/383.jpg\" \/>\n\t<meta property=\"og:image:width\" content=\"800\" \/>\n\t<meta property=\"og:image:height\" content=\"960\" \/>\n\t<meta property=\"og:image:type\" content=\"image\/jpeg\" \/>\n<meta name=\"twitter:card\" content=\"summary_large_image\" \/>\n<meta name=\"twitter:label1\" content=\"Tiempo de lectura\" \/>\n\t<meta name=\"twitter:data1\" content=\"1 minuto\" \/>\n<script type=\"application\/ld+json\" class=\"yoast-schema-graph\">{\"@context\":\"https:\\\/\\\/schema.org\",\"@graph\":[{\"@type\":\"WebPage\",\"@id\":\"https:\\\/\\\/annaalbert.com\\\/es\\\/producto-es\\\/collar-seda-natural-lila\\\/\",\"url\":\"https:\\\/\\\/annaalbert.com\\\/es\\\/producto-es\\\/collar-seda-natural-lila\\\/\",\"name\":\"Collar de seda natural lila - Art en Seda\",\"isPartOf\":{\"@id\":\"https:\\\/\\\/annaalbert.com\\\/es\\\/#website\"},\"primaryImageOfPage\":{\"@id\":\"https:\\\/\\\/annaalbert.com\\\/es\\\/producto-es\\\/collar-seda-natural-lila\\\/#primaryimage\"},\"image\":{\"@id\":\"https:\\\/\\\/annaalbert.com\\\/es\\\/producto-es\\\/collar-seda-natural-lila\\\/#primaryimage\"},\"thumbnailUrl\":\"https:\\\/\\\/annaalbert.com\\\/wp-content\\\/uploads\\\/2019\\\/02\\\/383.jpg\",\"datePublished\":\"2019-03-21T17:50:13+00:00\",\"dateModified\":\"2024-04-22T10:47:07+00:00\",\"description\":\"Collar de seda natural lila pensado para una mujer atrevida, amante de los complementos coloristas o del boho style. Para todas las edades\",\"breadcrumb\":{\"@id\":\"https:\\\/\\\/annaalbert.com\\\/es\\\/producto-es\\\/collar-seda-natural-lila\\\/#breadcrumb\"},\"inLanguage\":\"es\",\"potentialAction\":[{\"@type\":\"ReadAction\",\"target\":[\"https:\\\/\\\/annaalbert.com\\\/es\\\/producto-es\\\/collar-seda-natural-lila\\\/\"]}]},{\"@type\":\"ImageObject\",\"inLanguage\":\"es\",\"@id\":\"https:\\\/\\\/annaalbert.com\\\/es\\\/producto-es\\\/collar-seda-natural-lila\\\/#primaryimage\",\"url\":\"https:\\\/\\\/annaalbert.com\\\/wp-content\\\/uploads\\\/2019\\\/02\\\/383.jpg\",\"contentUrl\":\"https:\\\/\\\/annaalbert.com\\\/wp-content\\\/uploads\\\/2019\\\/02\\\/383.jpg\",\"width\":800,\"height\":960,\"caption\":\"collaret seda natural lila\"},{\"@type\":\"BreadcrumbList\",\"@id\":\"https:\\\/\\\/annaalbert.com\\\/es\\\/producto-es\\\/collar-seda-natural-lila\\\/#breadcrumb\",\"itemListElement\":[{\"@type\":\"ListItem\",\"position\":1,\"name\":\"Portada\",\"item\":\"https:\\\/\\\/annaalbert.com\\\/es\\\/\"},{\"@type\":\"ListItem\",\"position\":2,\"name\":\"Tienda\",\"item\":\"https:\\\/\\\/annaalbert.com\\\/tienda\\\/\"},{\"@type\":\"ListItem\",\"position\":3,\"name\":\"COLLAR DE SEDA NATURAL LILA\"}]},{\"@type\":\"WebSite\",\"@id\":\"https:\\\/\\\/annaalbert.com\\\/es\\\/#website\",\"url\":\"https:\\\/\\\/annaalbert.com\\\/es\\\/\",\"name\":\"Art en Seda\",\"description\":\"Productos de seda pintada a mano, asi como cursos, talleres, experiencias por la artesana Anna Albert\",\"publisher\":{\"@id\":\"https:\\\/\\\/annaalbert.com\\\/es\\\/#organization\"},\"potentialAction\":[{\"@type\":\"SearchAction\",\"target\":{\"@type\":\"EntryPoint\",\"urlTemplate\":\"https:\\\/\\\/annaalbert.com\\\/es\\\/?s={search_term_string}\"},\"query-input\":{\"@type\":\"PropertyValueSpecification\",\"valueRequired\":true,\"valueName\":\"search_term_string\"}}],\"inLanguage\":\"es\"},{\"@type\":\"Organization\",\"@id\":\"https:\\\/\\\/annaalbert.com\\\/es\\\/#organization\",\"name\":\"Art en Seda by Anna Albert\",\"url\":\"https:\\\/\\\/annaalbert.com\\\/es\\\/\",\"logo\":{\"@type\":\"ImageObject\",\"inLanguage\":\"es\",\"@id\":\"https:\\\/\\\/annaalbert.com\\\/es\\\/#\\\/schema\\\/logo\\\/image\\\/\",\"url\":\"https:\\\/\\\/annaalbert.com\\\/wp-content\\\/uploads\\\/2021\\\/01\\\/horitzontal_fonsblanc-scaled.jpg\",\"contentUrl\":\"https:\\\/\\\/annaalbert.com\\\/wp-content\\\/uploads\\\/2021\\\/01\\\/horitzontal_fonsblanc-scaled.jpg\",\"width\":2560,\"height\":779,\"caption\":\"Art en Seda by Anna Albert\"},\"image\":{\"@id\":\"https:\\\/\\\/annaalbert.com\\\/es\\\/#\\\/schema\\\/logo\\\/image\\\/\"}}]}<\/script>\n<!-- \/ Yoast SEO plugin. -->","yoast_head_json":{"title":"Collar de seda natural lila - Art en Seda","description":"Collar de seda natural lila pensado para una mujer atrevida, amante de los complementos coloristas o del boho style. Para todas las edades","robots":{"index":"index","follow":"follow","max-snippet":"max-snippet:-1","max-image-preview":"max-image-preview:large","max-video-preview":"max-video-preview:-1"},"canonical":"https:\/\/annaalbert.com\/es\/producto-es\/collar-seda-natural-lila\/","og_locale":"es_ES","og_type":"article","og_title":"Collar de seda natural lila - Art en Seda","og_description":"Collar de seda natural lila pensado para una mujer atrevida, amante de los complementos coloristas o del boho style. Para todas las edades","og_url":"https:\/\/annaalbert.com\/es\/producto-es\/collar-seda-natural-lila\/","og_site_name":"Art en Seda","article_modified_time":"2024-04-22T10:47:07+00:00","og_image":[{"width":800,"height":960,"url":"https:\/\/annaalbert.com\/wp-content\/uploads\/2019\/02\/383.jpg","type":"image\/jpeg"}],"twitter_card":"summary_large_image","twitter_misc":{"Tiempo de lectura":"1 minuto"},"schema":{"@context":"https:\/\/schema.org","@graph":[{"@type":"WebPage","@id":"https:\/\/annaalbert.com\/es\/producto-es\/collar-seda-natural-lila\/","url":"https:\/\/annaalbert.com\/es\/producto-es\/collar-seda-natural-lila\/","name":"Collar de seda natural lila - Art en Seda","isPartOf":{"@id":"https:\/\/annaalbert.com\/es\/#website"},"primaryImageOfPage":{"@id":"https:\/\/annaalbert.com\/es\/producto-es\/collar-seda-natural-lila\/#primaryimage"},"image":{"@id":"https:\/\/annaalbert.com\/es\/producto-es\/collar-seda-natural-lila\/#primaryimage"},"thumbnailUrl":"https:\/\/annaalbert.com\/wp-content\/uploads\/2019\/02\/383.jpg","datePublished":"2019-03-21T17:50:13+00:00","dateModified":"2024-04-22T10:47:07+00:00","description":"Collar de seda natural lila pensado para una mujer atrevida, amante de los complementos coloristas o del boho style. Para todas las edades","breadcrumb":{"@id":"https:\/\/annaalbert.com\/es\/producto-es\/collar-seda-natural-lila\/#breadcrumb"},"inLanguage":"es","potentialAction":[{"@type":"ReadAction","target":["https:\/\/annaalbert.com\/es\/producto-es\/collar-seda-natural-lila\/"]}]},{"@type":"ImageObject","inLanguage":"es","@id":"https:\/\/annaalbert.com\/es\/producto-es\/collar-seda-natural-lila\/#primaryimage","url":"https:\/\/annaalbert.com\/wp-content\/uploads\/2019\/02\/383.jpg","contentUrl":"https:\/\/annaalbert.com\/wp-content\/uploads\/2019\/02\/383.jpg","width":800,"height":960,"caption":"collaret seda natural lila"},{"@type":"BreadcrumbList","@id":"https:\/\/annaalbert.com\/es\/producto-es\/collar-seda-natural-lila\/#breadcrumb","itemListElement":[{"@type":"ListItem","position":1,"name":"Portada","item":"https:\/\/annaalbert.com\/es\/"},{"@type":"ListItem","position":2,"name":"Tienda","item":"https:\/\/annaalbert.com\/tienda\/"},{"@type":"ListItem","position":3,"name":"COLLAR DE SEDA NATURAL LILA"}]},{"@type":"WebSite","@id":"https:\/\/annaalbert.com\/es\/#website","url":"https:\/\/annaalbert.com\/es\/","name":"Art en Seda","description":"Productos de seda pintada a mano, asi como cursos, talleres, experiencias por la artesana Anna Albert","publisher":{"@id":"https:\/\/annaalbert.com\/es\/#organization"},"potentialAction":[{"@type":"SearchAction","target":{"@type":"EntryPoint","urlTemplate":"https:\/\/annaalbert.com\/es\/?s={search_term_string}"},"query-input":{"@type":"PropertyValueSpecification","valueRequired":true,"valueName":"search_term_string"}}],"inLanguage":"es"},{"@type":"Organization","@id":"https:\/\/annaalbert.com\/es\/#organization","name":"Art en Seda by Anna Albert","url":"https:\/\/annaalbert.com\/es\/","logo":{"@type":"ImageObject","inLanguage":"es","@id":"https:\/\/annaalbert.com\/es\/#\/schema\/logo\/image\/","url":"https:\/\/annaalbert.com\/wp-content\/uploads\/2021\/01\/horitzontal_fonsblanc-scaled.jpg","contentUrl":"https:\/\/annaalbert.com\/wp-content\/uploads\/2021\/01\/horitzontal_fonsblanc-scaled.jpg","width":2560,"height":779,"caption":"Art en Seda by Anna Albert"},"image":{"@id":"https:\/\/annaalbert.com\/es\/#\/schema\/logo\/image\/"}}]}},"_links":{"self":[{"href":"https:\/\/annaalbert.com\/es\/wp-json\/wp\/v2\/product\/11332","targetHints":{"allow":["GET"]}}],"collection":[{"href":"https:\/\/annaalbert.com\/es\/wp-json\/wp\/v2\/product"}],"about":[{"href":"https:\/\/annaalbert.com\/es\/wp-json\/wp\/v2\/types\/product"}],"replies":[{"embeddable":true,"href":"https:\/\/annaalbert.com\/es\/wp-json\/wp\/v2\/comments?post=11332"}],"wp:featuredmedia":[{"embeddable":true,"href":"https:\/\/annaalbert.com\/es\/wp-json\/wp\/v2\/media\/4483"}],"wp:attachment":[{"href":"https:\/\/annaalbert.com\/es\/wp-json\/wp\/v2\/media?parent=11332"}],"wp:term":[{"taxonomy":"product_brand","embeddable":true,"href":"https:\/\/annaalbert.com\/es\/wp-json\/wp\/v2\/product_brand?post=11332"},{"taxonomy":"product_cat","embeddable":true,"href":"https:\/\/annaalbert.com\/es\/wp-json\/wp\/v2\/product_cat?post=11332"},{"taxonomy":"product_tag","embeddable":true,"href":"https:\/\/annaalbert.com\/es\/wp-json\/wp\/v2\/product_tag?post=11332"}],"curies":[{"name":"wp","href":"https:\/\/api.w.org\/{rel}","templated":true}]}}