{"id":11330,"date":"2019-03-21T17:50:13","date_gmt":"2019-03-21T17:50:13","guid":{"rendered":"https:\/\/annaalbert.com\/producto\/bolso-de-otono-gaudi\/"},"modified":"2023-11-29T11:03:12","modified_gmt":"2023-11-29T11:03:12","slug":"bolso-gaudi-otono","status":"publish","type":"product","link":"https:\/\/annaalbert.com\/es\/producto-es\/bolso-gaudi-otono\/","title":{"rendered":"BOLSO GAUD\u00cd OTO\u00d1O"},"content":{"rendered":"<p>Descubre la elegancia del bolso Gaud\u00ed oto\u00f1o, una obra maestra de la moda inspirada en los colores c\u00e1lidos del oto\u00f1o. Con detalles art\u00edsticos que reflejan el estilo distintivo de Gaud\u00ed, este bolso captura el esp\u00edritu vibratorio de la temporada.<\/p>\n<p>Adem\u00e1s, las tonalidades recuerdan las hojas ca\u00eddas, siente nuestro bolso oto\u00f1o una expresi\u00f3n de la naturaleza en su plenitud. El dise\u00f1o y las texturas meticulosas te invitan a llevar un trocito de la belleza del oto\u00f1o all\u00e1 donde vayas.<\/p>\n<p>Tambi\u00e9n, los detalles arquitect\u00f3nicos del bolso celebran la genialidad de Gaud\u00ed, creando una pieza \u00fanica que combina estilo y funcionalidad. Las costuras preciosas y los acabados de primera calidad garantizan una durabilidad excepcional, haciendo de esta bolsa una inversi\u00f3n duradera en tu estilo personal.<\/p>\n<p>Con el bolso Gaud\u00ed oto\u00f1o, llevar\u00e1s una obra de arte pr\u00e1ctica que cumple con las demandas de tu vida cotidiana, sin comprometer la moda ni la expresi\u00f3n personal. Esta temporada, deja que tu estiloso bolso hable de tu apreciaci\u00f3n por la belleza atemporal y la creatividad visionaria de Gaud\u00ed.<\/p>\n<p>Experimenta la sofisticaci\u00f3n que ofrece el bolso Gaud\u00ed oto\u00f1o y deja que tu sentido de la moda resplandezca a cada paso. Para j\u00f3venes y no tanto j\u00f3venes.<\/p>\n","protected":false},"excerpt":{"rendered":"<p>Descubre la elegancia del bolso Gaud\u00ed oto\u00f1o, una obra maestra de la moda inspirada en los colores c\u00e1lidos del oto\u00f1o. Con detalles art\u00edsticos que reflejan el estilo distintivo de Gaud\u00ed, este bolso captura el esp\u00edritu vibratorio de la temporada. Adem\u00e1s, las tonalidades recuerdan las hojas ca\u00eddas, siente nuestro bolso oto\u00f1o una expresi\u00f3n de la naturaleza [&hellip;]<\/p>\n","protected":false},"featured_media":4480,"comment_status":"closed","ping_status":"closed","template":"","meta":{"_et_pb_use_builder":"","_et_pb_old_content":"","_et_gb_content_width":""},"product_brand":[],"product_cat":[162],"product_tag":[],"class_list":{"0":"post-11330","1":"product","2":"type-product","3":"status-publish","4":"has-post-thumbnail","6":"product_cat-home-es","8":"first","9":"outofstock","10":"purchasable","11":"product-type-simple"},"yoast_head":"<!-- This site is optimized with the Yoast SEO plugin v27.0 - https:\/\/yoast.com\/product\/yoast-seo-wordpress\/ -->\n<title>BOLSO GAUD\u00cd OTO\u00d1O - Art en Seda<\/title>\n<meta name=\"description\" content=\"Descubre el bolso Gaud\u00ed oto\u00f1o: estilo vibrante inspirado en la natura. Esta pieza celebra la belleza del oto\u00f1o con elegancia excepcional.\" \/>\n<meta name=\"robots\" content=\"index, follow, max-snippet:-1, max-image-preview:large, max-video-preview:-1\" \/>\n<link rel=\"canonical\" href=\"https:\/\/annaalbert.com\/es\/producto-es\/bolso-gaudi-otono\/\" \/>\n<meta property=\"og:locale\" content=\"es_ES\" \/>\n<meta property=\"og:type\" content=\"article\" \/>\n<meta property=\"og:title\" content=\"BOLSO GAUD\u00cd OTO\u00d1O - Art en Seda\" \/>\n<meta property=\"og:description\" content=\"Descubre el bolso Gaud\u00ed oto\u00f1o: estilo vibrante inspirado en la natura. Esta pieza celebra la belleza del oto\u00f1o con elegancia excepcional.\" \/>\n<meta property=\"og:url\" content=\"https:\/\/annaalbert.com\/es\/producto-es\/bolso-gaudi-otono\/\" \/>\n<meta property=\"og:site_name\" content=\"Art en Seda\" \/>\n<meta property=\"article:modified_time\" content=\"2023-11-29T11:03:12+00:00\" \/>\n<meta property=\"og:image\" content=\"https:\/\/annaalbert.com\/wp-content\/uploads\/2019\/02\/340.jpg\" \/>\n\t<meta property=\"og:image:width\" content=\"800\" \/>\n\t<meta property=\"og:image:height\" content=\"960\" \/>\n\t<meta property=\"og:image:type\" content=\"image\/jpeg\" \/>\n<meta name=\"twitter:card\" content=\"summary_large_image\" \/>\n<meta name=\"twitter:label1\" content=\"Tiempo de lectura\" \/>\n\t<meta name=\"twitter:data1\" content=\"1 minuto\" \/>\n<script type=\"application\/ld+json\" class=\"yoast-schema-graph\">{\"@context\":\"https:\/\/schema.org\",\"@graph\":[{\"@type\":\"WebPage\",\"@id\":\"https:\/\/annaalbert.com\/es\/producto-es\/bolso-gaudi-otono\/\",\"url\":\"https:\/\/annaalbert.com\/es\/producto-es\/bolso-gaudi-otono\/\",\"name\":\"BOLSO GAUD\u00cd OTO\u00d1O - Art en Seda\",\"isPartOf\":{\"@id\":\"https:\/\/annaalbert.com\/es\/#website\"},\"primaryImageOfPage\":{\"@id\":\"https:\/\/annaalbert.com\/es\/producto-es\/bolso-gaudi-otono\/#primaryimage\"},\"image\":{\"@id\":\"https:\/\/annaalbert.com\/es\/producto-es\/bolso-gaudi-otono\/#primaryimage\"},\"thumbnailUrl\":\"https:\/\/annaalbert.com\/wp-content\/uploads\/2019\/02\/340.jpg\",\"datePublished\":\"2019-03-21T17:50:13+00:00\",\"dateModified\":\"2023-11-29T11:03:12+00:00\",\"description\":\"Descubre el bolso Gaud\u00ed oto\u00f1o: estilo vibrante inspirado en la natura. Esta pieza celebra la belleza del oto\u00f1o con elegancia excepcional.\",\"breadcrumb\":{\"@id\":\"https:\/\/annaalbert.com\/es\/producto-es\/bolso-gaudi-otono\/#breadcrumb\"},\"inLanguage\":\"es\",\"potentialAction\":[{\"@type\":\"ReadAction\",\"target\":[\"https:\/\/annaalbert.com\/es\/producto-es\/bolso-gaudi-otono\/\"]}]},{\"@type\":\"ImageObject\",\"inLanguage\":\"es\",\"@id\":\"https:\/\/annaalbert.com\/es\/producto-es\/bolso-gaudi-otono\/#primaryimage\",\"url\":\"https:\/\/annaalbert.com\/wp-content\/uploads\/2019\/02\/340.jpg\",\"contentUrl\":\"https:\/\/annaalbert.com\/wp-content\/uploads\/2019\/02\/340.jpg\",\"width\":800,\"height\":960,\"caption\":\"bossa Gaud\u00ed tardor\"},{\"@type\":\"BreadcrumbList\",\"@id\":\"https:\/\/annaalbert.com\/es\/producto-es\/bolso-gaudi-otono\/#breadcrumb\",\"itemListElement\":[{\"@type\":\"ListItem\",\"position\":1,\"name\":\"Portada\",\"item\":\"https:\/\/annaalbert.com\/es\/\"},{\"@type\":\"ListItem\",\"position\":2,\"name\":\"Tienda\",\"item\":\"https:\/\/annaalbert.com\/tienda\/\"},{\"@type\":\"ListItem\",\"position\":3,\"name\":\"BOLSO GAUD\u00cd OTO\u00d1O\"}]},{\"@type\":\"WebSite\",\"@id\":\"https:\/\/annaalbert.com\/es\/#website\",\"url\":\"https:\/\/annaalbert.com\/es\/\",\"name\":\"Art en Seda\",\"description\":\"Productos de seda pintada a mano, asi como cursos, talleres, experiencias por la artesana Anna Albert\",\"publisher\":{\"@id\":\"https:\/\/annaalbert.com\/es\/#organization\"},\"potentialAction\":[{\"@type\":\"SearchAction\",\"target\":{\"@type\":\"EntryPoint\",\"urlTemplate\":\"https:\/\/annaalbert.com\/es\/?s={search_term_string}\"},\"query-input\":{\"@type\":\"PropertyValueSpecification\",\"valueRequired\":true,\"valueName\":\"search_term_string\"}}],\"inLanguage\":\"es\"},{\"@type\":\"Organization\",\"@id\":\"https:\/\/annaalbert.com\/es\/#organization\",\"name\":\"Art en Seda by Anna Albert\",\"url\":\"https:\/\/annaalbert.com\/es\/\",\"logo\":{\"@type\":\"ImageObject\",\"inLanguage\":\"es\",\"@id\":\"https:\/\/annaalbert.com\/es\/#\/schema\/logo\/image\/\",\"url\":\"https:\/\/annaalbert.com\/wp-content\/uploads\/2021\/01\/horitzontal_fonsblanc-scaled.jpg\",\"contentUrl\":\"https:\/\/annaalbert.com\/wp-content\/uploads\/2021\/01\/horitzontal_fonsblanc-scaled.jpg\",\"width\":2560,\"height\":779,\"caption\":\"Art en Seda by Anna Albert\"},\"image\":{\"@id\":\"https:\/\/annaalbert.com\/es\/#\/schema\/logo\/image\/\"}}]}<\/script>\n<!-- \/ Yoast SEO plugin. -->","yoast_head_json":{"title":"BOLSO GAUD\u00cd OTO\u00d1O - Art en Seda","description":"Descubre el bolso Gaud\u00ed oto\u00f1o: estilo vibrante inspirado en la natura. Esta pieza celebra la belleza del oto\u00f1o con elegancia excepcional.","robots":{"index":"index","follow":"follow","max-snippet":"max-snippet:-1","max-image-preview":"max-image-preview:large","max-video-preview":"max-video-preview:-1"},"canonical":"https:\/\/annaalbert.com\/es\/producto-es\/bolso-gaudi-otono\/","og_locale":"es_ES","og_type":"article","og_title":"BOLSO GAUD\u00cd OTO\u00d1O - Art en Seda","og_description":"Descubre el bolso Gaud\u00ed oto\u00f1o: estilo vibrante inspirado en la natura. Esta pieza celebra la belleza del oto\u00f1o con elegancia excepcional.","og_url":"https:\/\/annaalbert.com\/es\/producto-es\/bolso-gaudi-otono\/","og_site_name":"Art en Seda","article_modified_time":"2023-11-29T11:03:12+00:00","og_image":[{"width":800,"height":960,"url":"https:\/\/annaalbert.com\/wp-content\/uploads\/2019\/02\/340.jpg","type":"image\/jpeg"}],"twitter_card":"summary_large_image","twitter_misc":{"Tiempo de lectura":"1 minuto"},"schema":{"@context":"https:\/\/schema.org","@graph":[{"@type":"WebPage","@id":"https:\/\/annaalbert.com\/es\/producto-es\/bolso-gaudi-otono\/","url":"https:\/\/annaalbert.com\/es\/producto-es\/bolso-gaudi-otono\/","name":"BOLSO GAUD\u00cd OTO\u00d1O - Art en Seda","isPartOf":{"@id":"https:\/\/annaalbert.com\/es\/#website"},"primaryImageOfPage":{"@id":"https:\/\/annaalbert.com\/es\/producto-es\/bolso-gaudi-otono\/#primaryimage"},"image":{"@id":"https:\/\/annaalbert.com\/es\/producto-es\/bolso-gaudi-otono\/#primaryimage"},"thumbnailUrl":"https:\/\/annaalbert.com\/wp-content\/uploads\/2019\/02\/340.jpg","datePublished":"2019-03-21T17:50:13+00:00","dateModified":"2023-11-29T11:03:12+00:00","description":"Descubre el bolso Gaud\u00ed oto\u00f1o: estilo vibrante inspirado en la natura. Esta pieza celebra la belleza del oto\u00f1o con elegancia excepcional.","breadcrumb":{"@id":"https:\/\/annaalbert.com\/es\/producto-es\/bolso-gaudi-otono\/#breadcrumb"},"inLanguage":"es","potentialAction":[{"@type":"ReadAction","target":["https:\/\/annaalbert.com\/es\/producto-es\/bolso-gaudi-otono\/"]}]},{"@type":"ImageObject","inLanguage":"es","@id":"https:\/\/annaalbert.com\/es\/producto-es\/bolso-gaudi-otono\/#primaryimage","url":"https:\/\/annaalbert.com\/wp-content\/uploads\/2019\/02\/340.jpg","contentUrl":"https:\/\/annaalbert.com\/wp-content\/uploads\/2019\/02\/340.jpg","width":800,"height":960,"caption":"bossa Gaud\u00ed tardor"},{"@type":"BreadcrumbList","@id":"https:\/\/annaalbert.com\/es\/producto-es\/bolso-gaudi-otono\/#breadcrumb","itemListElement":[{"@type":"ListItem","position":1,"name":"Portada","item":"https:\/\/annaalbert.com\/es\/"},{"@type":"ListItem","position":2,"name":"Tienda","item":"https:\/\/annaalbert.com\/tienda\/"},{"@type":"ListItem","position":3,"name":"BOLSO GAUD\u00cd OTO\u00d1O"}]},{"@type":"WebSite","@id":"https:\/\/annaalbert.com\/es\/#website","url":"https:\/\/annaalbert.com\/es\/","name":"Art en Seda","description":"Productos de seda pintada a mano, asi como cursos, talleres, experiencias por la artesana Anna Albert","publisher":{"@id":"https:\/\/annaalbert.com\/es\/#organization"},"potentialAction":[{"@type":"SearchAction","target":{"@type":"EntryPoint","urlTemplate":"https:\/\/annaalbert.com\/es\/?s={search_term_string}"},"query-input":{"@type":"PropertyValueSpecification","valueRequired":true,"valueName":"search_term_string"}}],"inLanguage":"es"},{"@type":"Organization","@id":"https:\/\/annaalbert.com\/es\/#organization","name":"Art en Seda by Anna Albert","url":"https:\/\/annaalbert.com\/es\/","logo":{"@type":"ImageObject","inLanguage":"es","@id":"https:\/\/annaalbert.com\/es\/#\/schema\/logo\/image\/","url":"https:\/\/annaalbert.com\/wp-content\/uploads\/2021\/01\/horitzontal_fonsblanc-scaled.jpg","contentUrl":"https:\/\/annaalbert.com\/wp-content\/uploads\/2021\/01\/horitzontal_fonsblanc-scaled.jpg","width":2560,"height":779,"caption":"Art en Seda by Anna Albert"},"image":{"@id":"https:\/\/annaalbert.com\/es\/#\/schema\/logo\/image\/"}}]}},"_links":{"self":[{"href":"https:\/\/annaalbert.com\/es\/wp-json\/wp\/v2\/product\/11330","targetHints":{"allow":["GET"]}}],"collection":[{"href":"https:\/\/annaalbert.com\/es\/wp-json\/wp\/v2\/product"}],"about":[{"href":"https:\/\/annaalbert.com\/es\/wp-json\/wp\/v2\/types\/product"}],"replies":[{"embeddable":true,"href":"https:\/\/annaalbert.com\/es\/wp-json\/wp\/v2\/comments?post=11330"}],"wp:featuredmedia":[{"embeddable":true,"href":"https:\/\/annaalbert.com\/es\/wp-json\/wp\/v2\/media\/4480"}],"wp:attachment":[{"href":"https:\/\/annaalbert.com\/es\/wp-json\/wp\/v2\/media?parent=11330"}],"wp:term":[{"taxonomy":"product_brand","embeddable":true,"href":"https:\/\/annaalbert.com\/es\/wp-json\/wp\/v2\/product_brand?post=11330"},{"taxonomy":"product_cat","embeddable":true,"href":"https:\/\/annaalbert.com\/es\/wp-json\/wp\/v2\/product_cat?post=11330"},{"taxonomy":"product_tag","embeddable":true,"href":"https:\/\/annaalbert.com\/es\/wp-json\/wp\/v2\/product_tag?post=11330"}],"curies":[{"name":"wp","href":"https:\/\/api.w.org\/{rel}","templated":true}]}}