{"id":11305,"date":"2019-03-21T17:50:13","date_gmt":"2019-03-21T17:50:13","guid":{"rendered":"https:\/\/annaalbert.com\/producto\/flor-seda-natural-personalizada\/"},"modified":"2024-04-22T09:49:10","modified_gmt":"2024-04-22T09:49:10","slug":"flor-seda-natural-personalizada","status":"publish","type":"product","link":"https:\/\/annaalbert.com\/es\/producto-es\/flor-seda-natural-personalizada\/","title":{"rendered":"FLOR DE SEDA NATURAL PERSONALIZADA"},"content":{"rendered":"<p style=\"text-align: justify;\">Flor de seda natural personalizada. Descubre la elegancia y la suavidad de un fular como ning\u00fan otro: nuestro pa\u00f1uelo de seda personalizable. Como una flor de seda, esta pieza exquisita no solo es un complemento, sino una declaraci\u00f3n de tu propio estilo.<\/p>\n<p style=\"text-align: justify;\">Adem\u00e1s, esta flor puede ser a tu gusto. Con la posibilidad de personalizar el color seg\u00fan tu preferencia, este fular se convierte en una obra maestra \u00fanica que refleja tu gusto individual. Imag\u00ednate rodeado de una suavidad que rivaliza con la caricia de una flor de seda mientras luces un color que habla de tu personalidad.<\/p>\n<p style=\"text-align: justify;\"><strong>Es un pa\u00f1uelo de seda donde puedes crear y cumplir tu deseo.<\/strong><\/p>\n<p>Su medida es de 55&#215;55, para colgar en el cuello y hacer un nudo o para enmarcar.<\/p>\n<p style=\"text-align: justify;\">Tambi\u00e9n la puedes escoger tal cual te la presentamos, de un color liso.<\/p>\n<p style=\"text-align: justify;\">Escoge el color: negro, gris, rojo, violeta, malva, burdeos o blanco<\/p>\n<p>                          <img fetchpriority=\"high\" fetchpriority=\"high\" decoding=\"async\" class=\"alignnone wp-image-8323\" src=\"https:\/\/annaalbert.com\/wp-content\/uploads\/2019\/03\/flor-i-mocador-per-escriure.jpg\" alt=\"\" width=\"238\" height=\"286\"><\/p>\n<p style=\"text-align: justify;\"><strong>Nos env\u00edas tu texto: poema, nombres de la familia, un escrito para felicitar alguien, un texto de agradecimiento\u2026yo lo escribo a mano y te hago la flor.<\/strong><\/p>\n<p style=\"text-align: justify;\"><strong>Regalas una flor de seda natural personalizada, un pa\u00f1uelo y el escrito que t\u00fa deseas.<\/strong><\/p>\n<p style=\"text-align: justify;\">Si te gusta la idea, ahora puedes empezar a crear.<\/p>\n<p>&nbsp;<\/p>\n","protected":false},"excerpt":{"rendered":"<p><strong>Pa\u00f1uelo de seda pong\u00e9 del color que quieras.<\/strong><\/p>\n<p>Medidas 55&#215;55.<\/p>\n","protected":false},"featured_media":11306,"comment_status":"closed","ping_status":"closed","template":"","meta":{"_et_pb_use_builder":"","_et_pb_old_content":"","_et_gb_content_width":""},"product_brand":[],"product_cat":[430],"product_tag":[],"class_list":{"0":"post-11305","1":"product","2":"type-product","3":"status-publish","4":"has-post-thumbnail","6":"product_cat-flores-de-seda-es","8":"first","9":"instock","10":"purchasable","11":"product-type-variable"},"yoast_head":"<!-- This site is optimized with the Yoast SEO plugin v27.0 - https:\/\/yoast.com\/product\/yoast-seo-wordpress\/ -->\n<title>Flor de seda natural personalizada - Art en Seda<\/title>\n<meta name=\"description\" content=\"Flor de seda natural personalizada. Mide 150x45. Pieza \u00fanica pintada a mano a base de manchas de colores y presentada en forma de flor.\" \/>\n<meta name=\"robots\" content=\"index, follow, max-snippet:-1, max-image-preview:large, max-video-preview:-1\" \/>\n<link rel=\"canonical\" href=\"https:\/\/annaalbert.com\/es\/producto-es\/flor-seda-natural-personalizada\/\" \/>\n<meta property=\"og:locale\" content=\"es_ES\" \/>\n<meta property=\"og:type\" content=\"article\" \/>\n<meta property=\"og:title\" content=\"Flor de seda natural personalizada - Art en Seda\" \/>\n<meta property=\"og:description\" content=\"Flor de seda natural personalizada. Mide 150x45. Pieza \u00fanica pintada a mano a base de manchas de colores y presentada en forma de flor.\" \/>\n<meta property=\"og:url\" content=\"https:\/\/annaalbert.com\/es\/producto-es\/flor-seda-natural-personalizada\/\" \/>\n<meta property=\"og:site_name\" content=\"Art en Seda\" \/>\n<meta property=\"article:modified_time\" content=\"2024-04-22T09:49:10+00:00\" \/>\n<meta property=\"og:image\" content=\"https:\/\/annaalbert.com\/wp-content\/uploads\/2019\/03\/flor-sola-per-pintar.jpg\" \/>\n\t<meta property=\"og:image:width\" content=\"800\" \/>\n\t<meta property=\"og:image:height\" content=\"960\" \/>\n\t<meta property=\"og:image:type\" content=\"image\/jpeg\" \/>\n<meta name=\"twitter:card\" content=\"summary_large_image\" \/>\n<meta name=\"twitter:label1\" content=\"Tiempo de lectura\" \/>\n\t<meta name=\"twitter:data1\" content=\"1 minuto\" \/>\n<script type=\"application\/ld+json\" class=\"yoast-schema-graph\">{\"@context\":\"https:\/\/schema.org\",\"@graph\":[{\"@type\":\"WebPage\",\"@id\":\"https:\/\/annaalbert.com\/es\/producto-es\/flor-seda-natural-personalizada\/\",\"url\":\"https:\/\/annaalbert.com\/es\/producto-es\/flor-seda-natural-personalizada\/\",\"name\":\"Flor de seda natural personalizada - Art en Seda\",\"isPartOf\":{\"@id\":\"https:\/\/annaalbert.com\/es\/#website\"},\"primaryImageOfPage\":{\"@id\":\"https:\/\/annaalbert.com\/es\/producto-es\/flor-seda-natural-personalizada\/#primaryimage\"},\"image\":{\"@id\":\"https:\/\/annaalbert.com\/es\/producto-es\/flor-seda-natural-personalizada\/#primaryimage\"},\"thumbnailUrl\":\"https:\/\/annaalbert.com\/wp-content\/uploads\/2019\/03\/flor-sola-per-pintar.jpg\",\"datePublished\":\"2019-03-21T17:50:13+00:00\",\"dateModified\":\"2024-04-22T09:49:10+00:00\",\"description\":\"Flor de seda natural personalizada. Mide 150x45. Pieza \u00fanica pintada a mano a base de manchas de colores y presentada en forma de flor.\",\"breadcrumb\":{\"@id\":\"https:\/\/annaalbert.com\/es\/producto-es\/flor-seda-natural-personalizada\/#breadcrumb\"},\"inLanguage\":\"es\",\"potentialAction\":[{\"@type\":\"ReadAction\",\"target\":[\"https:\/\/annaalbert.com\/es\/producto-es\/flor-seda-natural-personalizada\/\"]}]},{\"@type\":\"ImageObject\",\"inLanguage\":\"es\",\"@id\":\"https:\/\/annaalbert.com\/es\/producto-es\/flor-seda-natural-personalizada\/#primaryimage\",\"url\":\"https:\/\/annaalbert.com\/wp-content\/uploads\/2019\/03\/flor-sola-per-pintar.jpg\",\"contentUrl\":\"https:\/\/annaalbert.com\/wp-content\/uploads\/2019\/03\/flor-sola-per-pintar.jpg\",\"width\":800,\"height\":960,\"caption\":\"Flor seda natural personalitzada\"},{\"@type\":\"BreadcrumbList\",\"@id\":\"https:\/\/annaalbert.com\/es\/producto-es\/flor-seda-natural-personalizada\/#breadcrumb\",\"itemListElement\":[{\"@type\":\"ListItem\",\"position\":1,\"name\":\"Portada\",\"item\":\"https:\/\/annaalbert.com\/es\/\"},{\"@type\":\"ListItem\",\"position\":2,\"name\":\"Tienda\",\"item\":\"https:\/\/annaalbert.com\/tienda\/\"},{\"@type\":\"ListItem\",\"position\":3,\"name\":\"FLOR DE SEDA NATURAL PERSONALIZADA\"}]},{\"@type\":\"WebSite\",\"@id\":\"https:\/\/annaalbert.com\/es\/#website\",\"url\":\"https:\/\/annaalbert.com\/es\/\",\"name\":\"Art en Seda\",\"description\":\"Productos de seda pintada a mano, asi como cursos, talleres, experiencias por la artesana Anna Albert\",\"publisher\":{\"@id\":\"https:\/\/annaalbert.com\/es\/#organization\"},\"potentialAction\":[{\"@type\":\"SearchAction\",\"target\":{\"@type\":\"EntryPoint\",\"urlTemplate\":\"https:\/\/annaalbert.com\/es\/?s={search_term_string}\"},\"query-input\":{\"@type\":\"PropertyValueSpecification\",\"valueRequired\":true,\"valueName\":\"search_term_string\"}}],\"inLanguage\":\"es\"},{\"@type\":\"Organization\",\"@id\":\"https:\/\/annaalbert.com\/es\/#organization\",\"name\":\"Art en Seda by Anna Albert\",\"url\":\"https:\/\/annaalbert.com\/es\/\",\"logo\":{\"@type\":\"ImageObject\",\"inLanguage\":\"es\",\"@id\":\"https:\/\/annaalbert.com\/es\/#\/schema\/logo\/image\/\",\"url\":\"https:\/\/annaalbert.com\/wp-content\/uploads\/2021\/01\/horitzontal_fonsblanc-scaled.jpg\",\"contentUrl\":\"https:\/\/annaalbert.com\/wp-content\/uploads\/2021\/01\/horitzontal_fonsblanc-scaled.jpg\",\"width\":2560,\"height\":779,\"caption\":\"Art en Seda by Anna Albert\"},\"image\":{\"@id\":\"https:\/\/annaalbert.com\/es\/#\/schema\/logo\/image\/\"}}]}<\/script>\n<!-- \/ Yoast SEO plugin. -->","yoast_head_json":{"title":"Flor de seda natural personalizada - Art en Seda","description":"Flor de seda natural personalizada. Mide 150x45. Pieza \u00fanica pintada a mano a base de manchas de colores y presentada en forma de flor.","robots":{"index":"index","follow":"follow","max-snippet":"max-snippet:-1","max-image-preview":"max-image-preview:large","max-video-preview":"max-video-preview:-1"},"canonical":"https:\/\/annaalbert.com\/es\/producto-es\/flor-seda-natural-personalizada\/","og_locale":"es_ES","og_type":"article","og_title":"Flor de seda natural personalizada - Art en Seda","og_description":"Flor de seda natural personalizada. Mide 150x45. Pieza \u00fanica pintada a mano a base de manchas de colores y presentada en forma de flor.","og_url":"https:\/\/annaalbert.com\/es\/producto-es\/flor-seda-natural-personalizada\/","og_site_name":"Art en Seda","article_modified_time":"2024-04-22T09:49:10+00:00","og_image":[{"width":800,"height":960,"url":"https:\/\/annaalbert.com\/wp-content\/uploads\/2019\/03\/flor-sola-per-pintar.jpg","type":"image\/jpeg"}],"twitter_card":"summary_large_image","twitter_misc":{"Tiempo de lectura":"1 minuto"},"schema":{"@context":"https:\/\/schema.org","@graph":[{"@type":"WebPage","@id":"https:\/\/annaalbert.com\/es\/producto-es\/flor-seda-natural-personalizada\/","url":"https:\/\/annaalbert.com\/es\/producto-es\/flor-seda-natural-personalizada\/","name":"Flor de seda natural personalizada - Art en Seda","isPartOf":{"@id":"https:\/\/annaalbert.com\/es\/#website"},"primaryImageOfPage":{"@id":"https:\/\/annaalbert.com\/es\/producto-es\/flor-seda-natural-personalizada\/#primaryimage"},"image":{"@id":"https:\/\/annaalbert.com\/es\/producto-es\/flor-seda-natural-personalizada\/#primaryimage"},"thumbnailUrl":"https:\/\/annaalbert.com\/wp-content\/uploads\/2019\/03\/flor-sola-per-pintar.jpg","datePublished":"2019-03-21T17:50:13+00:00","dateModified":"2024-04-22T09:49:10+00:00","description":"Flor de seda natural personalizada. Mide 150x45. Pieza \u00fanica pintada a mano a base de manchas de colores y presentada en forma de flor.","breadcrumb":{"@id":"https:\/\/annaalbert.com\/es\/producto-es\/flor-seda-natural-personalizada\/#breadcrumb"},"inLanguage":"es","potentialAction":[{"@type":"ReadAction","target":["https:\/\/annaalbert.com\/es\/producto-es\/flor-seda-natural-personalizada\/"]}]},{"@type":"ImageObject","inLanguage":"es","@id":"https:\/\/annaalbert.com\/es\/producto-es\/flor-seda-natural-personalizada\/#primaryimage","url":"https:\/\/annaalbert.com\/wp-content\/uploads\/2019\/03\/flor-sola-per-pintar.jpg","contentUrl":"https:\/\/annaalbert.com\/wp-content\/uploads\/2019\/03\/flor-sola-per-pintar.jpg","width":800,"height":960,"caption":"Flor seda natural personalitzada"},{"@type":"BreadcrumbList","@id":"https:\/\/annaalbert.com\/es\/producto-es\/flor-seda-natural-personalizada\/#breadcrumb","itemListElement":[{"@type":"ListItem","position":1,"name":"Portada","item":"https:\/\/annaalbert.com\/es\/"},{"@type":"ListItem","position":2,"name":"Tienda","item":"https:\/\/annaalbert.com\/tienda\/"},{"@type":"ListItem","position":3,"name":"FLOR DE SEDA NATURAL PERSONALIZADA"}]},{"@type":"WebSite","@id":"https:\/\/annaalbert.com\/es\/#website","url":"https:\/\/annaalbert.com\/es\/","name":"Art en Seda","description":"Productos de seda pintada a mano, asi como cursos, talleres, experiencias por la artesana Anna Albert","publisher":{"@id":"https:\/\/annaalbert.com\/es\/#organization"},"potentialAction":[{"@type":"SearchAction","target":{"@type":"EntryPoint","urlTemplate":"https:\/\/annaalbert.com\/es\/?s={search_term_string}"},"query-input":{"@type":"PropertyValueSpecification","valueRequired":true,"valueName":"search_term_string"}}],"inLanguage":"es"},{"@type":"Organization","@id":"https:\/\/annaalbert.com\/es\/#organization","name":"Art en Seda by Anna Albert","url":"https:\/\/annaalbert.com\/es\/","logo":{"@type":"ImageObject","inLanguage":"es","@id":"https:\/\/annaalbert.com\/es\/#\/schema\/logo\/image\/","url":"https:\/\/annaalbert.com\/wp-content\/uploads\/2021\/01\/horitzontal_fonsblanc-scaled.jpg","contentUrl":"https:\/\/annaalbert.com\/wp-content\/uploads\/2021\/01\/horitzontal_fonsblanc-scaled.jpg","width":2560,"height":779,"caption":"Art en Seda by Anna Albert"},"image":{"@id":"https:\/\/annaalbert.com\/es\/#\/schema\/logo\/image\/"}}]}},"_links":{"self":[{"href":"https:\/\/annaalbert.com\/es\/wp-json\/wp\/v2\/product\/11305","targetHints":{"allow":["GET"]}}],"collection":[{"href":"https:\/\/annaalbert.com\/es\/wp-json\/wp\/v2\/product"}],"about":[{"href":"https:\/\/annaalbert.com\/es\/wp-json\/wp\/v2\/types\/product"}],"replies":[{"embeddable":true,"href":"https:\/\/annaalbert.com\/es\/wp-json\/wp\/v2\/comments?post=11305"}],"wp:featuredmedia":[{"embeddable":true,"href":"https:\/\/annaalbert.com\/es\/wp-json\/wp\/v2\/media\/11306"}],"wp:attachment":[{"href":"https:\/\/annaalbert.com\/es\/wp-json\/wp\/v2\/media?parent=11305"}],"wp:term":[{"taxonomy":"product_brand","embeddable":true,"href":"https:\/\/annaalbert.com\/es\/wp-json\/wp\/v2\/product_brand?post=11305"},{"taxonomy":"product_cat","embeddable":true,"href":"https:\/\/annaalbert.com\/es\/wp-json\/wp\/v2\/product_cat?post=11305"},{"taxonomy":"product_tag","embeddable":true,"href":"https:\/\/annaalbert.com\/es\/wp-json\/wp\/v2\/product_tag?post=11305"}],"curies":[{"name":"wp","href":"https:\/\/api.w.org\/{rel}","templated":true}]}}