{"id":11303,"date":"2019-03-21T17:50:13","date_gmt":"2019-03-21T17:50:13","guid":{"rendered":"https:\/\/annaalbert.com\/producto\/fular-seda-natural-rojo-passion\/"},"modified":"2024-04-22T09:38:20","modified_gmt":"2024-04-22T09:38:20","slug":"fular-seda-natural-flores-rojo-pasion","status":"publish","type":"product","link":"https:\/\/annaalbert.com\/es\/producto-es\/fular-seda-natural-flores-rojo-pasion\/","title":{"rendered":"PA\u00d1UELO DE SEDA NATURAL ROJO PASI\u00d3N"},"content":{"rendered":"<h6><strong>Pa\u00f1uelo de seda natural roja con flores grandes con tonos burdeos y rojos.<\/strong><\/h6>\n<p style=\"text-align: justify;\">La seda muselina o gasa chiffon es una seda dulce, vaporosa y transparente, una caricia que envuelve el cuerpo y el alma. Refrescante en las noches de verano y c\u00e1lida en las \u00e9pocas m\u00e1s fr\u00edas.<\/p>\n<p style=\"text-align: justify;\"><strong>El color rojo es un color vivo, muy potente, es el color del deseo. Denota vitalidad, atrevimiento y seducci\u00f3n. Apropiado para una mujer segura de s\u00ed misma o para toda mujer que no quiere pasar desapercibida.<\/strong><\/p>\n<p><strong>El rojo no falla nunca<\/strong>. No te arrepentir\u00e1s. Adem\u00e1s, es una pieza exclusiva.<\/p>\n<p>Este chal de seda es ligero, suave y transparente. Una caricia para el cuerpo que te har\u00e1 sentir atractiva y bella. Y el rojo es pasi\u00f3n, el color de la energ\u00eda que nos da la fuerza para seguir adelante, con determinaci\u00f3n.<\/p>\n<p>He dibujado unas <strong>flores grandes<\/strong> en la gama de rojos. Sutil y elegante a la vez.<\/p>\n<p><strong>De medida muy generosa, ideal como complemento por un traje de fiesta o c\u00f3ctel. <\/strong><\/p>\n<p>En estas ocasiones puede quedar muy apropiado con el abanico a conjunto.<\/p>\n<p>Ideal para llevar con un traje b\u00e1sico y alguno otro <strong>toque rojo<\/strong> como unos pendientes o unos bonitos zapatos rojos.<\/p>\n<h6><strong>Quiz\u00e1s te est\u00e9s preguntando si es muy dif\u00edcil cuidar un pa\u00f1uelo de seda. Pues no.<\/strong><\/h6>\n<p>Es un <strong>complemento de moda<\/strong> que formar\u00e1 parte de tu fondo de armario y te puedo asegurar que le sacar\u00e1s mucho partido. No se ensucian mucho pero si le quieres hacer un lavado lo puedes hacer con <strong>jab\u00f3n neutro y agua fr\u00eda.<\/strong> Todav\u00eda h\u00famedo, una buena plancha del rev\u00e9s y listos!<\/p>\n<p>Otra ventaja es que la seda es intemporal completamente y esto hace que te la pongas tanto en verano como el invierno. Fresca con el calor, c\u00e1lida con el fr\u00edo.<\/p>\n<p>Y cuando te la pones, ya te digo yo que no dejar\u00e1s a nadie indiferente.<\/p>\n<p style=\"text-align: justify;\">Las flores asociadas al rojo inspiran amor y felicidad. Regalar este pa\u00f1uelo de seda natural puede ser un gesto simb\u00f3lico en fechas se\u00f1aladas de una relaci\u00f3n y, en Catalu\u00f1a, por ejemplo, tenemos el <strong>d\u00eda de Sant Jordi<\/strong> que puede ser un d\u00eda oportuno.<\/p>\n<p style=\"text-align: justify;\">Artistas de todas las \u00e9pocas se han expresado a trav\u00e9s de las flores. En <strong>Barcelona solo hay que pasear y dejarse admirar por la arquitectura modernista disfrutando de infinidad de motivos florales tanto habituales en la obra de Gaud\u00ed, que recubren fachadas, mosaicos, pinturas y vitrales.<\/strong> Estamos rodeados de flores tanto en el arte, en los tejidos, en la decoraci\u00f3n y es que las flores, son la alegr\u00eda de la natura.<\/p>\n<p style=\"text-align: justify;\">Adem\u00e1s, este pa\u00f1uelo de seda natural roja con flores grandes burdeos y rojo lo puede combinar con el <a href=\"https:\/\/annaalbert.com\/producto\/ventall-floris-passionatus\/\">ABANICO PASI\u00d3N <\/a><\/p>\n","protected":false},"excerpt":{"rendered":"<p><strong>Fular de seda muselina<\/strong> rojo con flores engamadas con el fondo.<\/p>\n<p>Medidas 180&#215;55.<\/p>\n","protected":false},"featured_media":4453,"comment_status":"closed","ping_status":"closed","template":"","meta":{"_et_pb_use_builder":"","_et_pb_old_content":"","_et_gb_content_width":""},"product_brand":[],"product_cat":[162,174],"product_tag":[],"class_list":{"0":"post-11303","1":"product","2":"type-product","3":"status-publish","4":"has-post-thumbnail","6":"product_cat-home-es","7":"product_cat-fulards","9":"first","10":"instock","11":"purchasable","12":"product-type-simple"},"yoast_head":"<!-- This site is optimized with the Yoast SEO plugin v27.0 - https:\/\/yoast.com\/product\/yoast-seo-wordpress\/ -->\n<title>Pa\u00f1uelo de seda natural roja con flores grandes - Art en Seda<\/title>\n<meta name=\"description\" content=\"Pa\u00f1uelo de seda natural roja con flores grandes burdeos y rojo. El color rojo es un color vivo, muy potente, es el color del deseo.\" \/>\n<meta name=\"robots\" content=\"index, follow, max-snippet:-1, max-image-preview:large, max-video-preview:-1\" \/>\n<link rel=\"canonical\" href=\"https:\/\/annaalbert.com\/es\/producto-es\/fular-seda-natural-flores-rojo-pasion\/\" \/>\n<meta property=\"og:locale\" content=\"es_ES\" \/>\n<meta property=\"og:type\" content=\"article\" \/>\n<meta property=\"og:title\" content=\"Pa\u00f1uelo de seda natural roja con flores grandes - Art en Seda\" \/>\n<meta property=\"og:description\" content=\"Pa\u00f1uelo de seda natural roja con flores grandes burdeos y rojo. El color rojo es un color vivo, muy potente, es el color del deseo.\" \/>\n<meta property=\"og:url\" content=\"https:\/\/annaalbert.com\/es\/producto-es\/fular-seda-natural-flores-rojo-pasion\/\" \/>\n<meta property=\"og:site_name\" content=\"Art en Seda\" \/>\n<meta property=\"article:modified_time\" content=\"2024-04-22T09:38:20+00:00\" \/>\n<meta property=\"og:image\" content=\"https:\/\/annaalbert.com\/wp-content\/uploads\/2019\/02\/85.jpg\" \/>\n\t<meta property=\"og:image:width\" content=\"800\" \/>\n\t<meta property=\"og:image:height\" content=\"960\" \/>\n\t<meta property=\"og:image:type\" content=\"image\/jpeg\" \/>\n<meta name=\"twitter:card\" content=\"summary_large_image\" \/>\n<meta name=\"twitter:label1\" content=\"Tiempo de lectura\" \/>\n\t<meta name=\"twitter:data1\" content=\"2 minutos\" \/>\n<script type=\"application\/ld+json\" class=\"yoast-schema-graph\">{\"@context\":\"https:\/\/schema.org\",\"@graph\":[{\"@type\":\"WebPage\",\"@id\":\"https:\/\/annaalbert.com\/es\/producto-es\/fular-seda-natural-flores-rojo-pasion\/\",\"url\":\"https:\/\/annaalbert.com\/es\/producto-es\/fular-seda-natural-flores-rojo-pasion\/\",\"name\":\"Pa\u00f1uelo de seda natural roja con flores grandes - Art en Seda\",\"isPartOf\":{\"@id\":\"https:\/\/annaalbert.com\/es\/#website\"},\"primaryImageOfPage\":{\"@id\":\"https:\/\/annaalbert.com\/es\/producto-es\/fular-seda-natural-flores-rojo-pasion\/#primaryimage\"},\"image\":{\"@id\":\"https:\/\/annaalbert.com\/es\/producto-es\/fular-seda-natural-flores-rojo-pasion\/#primaryimage\"},\"thumbnailUrl\":\"https:\/\/annaalbert.com\/wp-content\/uploads\/2019\/02\/85.jpg\",\"datePublished\":\"2019-03-21T17:50:13+00:00\",\"dateModified\":\"2024-04-22T09:38:20+00:00\",\"description\":\"Pa\u00f1uelo de seda natural roja con flores grandes burdeos y rojo. El color rojo es un color vivo, muy potente, es el color del deseo.\",\"breadcrumb\":{\"@id\":\"https:\/\/annaalbert.com\/es\/producto-es\/fular-seda-natural-flores-rojo-pasion\/#breadcrumb\"},\"inLanguage\":\"es\",\"potentialAction\":[{\"@type\":\"ReadAction\",\"target\":[\"https:\/\/annaalbert.com\/es\/producto-es\/fular-seda-natural-flores-rojo-pasion\/\"]}]},{\"@type\":\"ImageObject\",\"inLanguage\":\"es\",\"@id\":\"https:\/\/annaalbert.com\/es\/producto-es\/fular-seda-natural-flores-rojo-pasion\/#primaryimage\",\"url\":\"https:\/\/annaalbert.com\/wp-content\/uploads\/2019\/02\/85.jpg\",\"contentUrl\":\"https:\/\/annaalbert.com\/wp-content\/uploads\/2019\/02\/85.jpg\",\"width\":800,\"height\":960},{\"@type\":\"BreadcrumbList\",\"@id\":\"https:\/\/annaalbert.com\/es\/producto-es\/fular-seda-natural-flores-rojo-pasion\/#breadcrumb\",\"itemListElement\":[{\"@type\":\"ListItem\",\"position\":1,\"name\":\"Portada\",\"item\":\"https:\/\/annaalbert.com\/es\/\"},{\"@type\":\"ListItem\",\"position\":2,\"name\":\"Tienda\",\"item\":\"https:\/\/annaalbert.com\/tienda\/\"},{\"@type\":\"ListItem\",\"position\":3,\"name\":\"PA\u00d1UELO DE SEDA NATURAL ROJO PASI\u00d3N\"}]},{\"@type\":\"WebSite\",\"@id\":\"https:\/\/annaalbert.com\/es\/#website\",\"url\":\"https:\/\/annaalbert.com\/es\/\",\"name\":\"Art en Seda\",\"description\":\"Productos de seda pintada a mano, asi como cursos, talleres, experiencias por la artesana Anna Albert\",\"publisher\":{\"@id\":\"https:\/\/annaalbert.com\/es\/#organization\"},\"potentialAction\":[{\"@type\":\"SearchAction\",\"target\":{\"@type\":\"EntryPoint\",\"urlTemplate\":\"https:\/\/annaalbert.com\/es\/?s={search_term_string}\"},\"query-input\":{\"@type\":\"PropertyValueSpecification\",\"valueRequired\":true,\"valueName\":\"search_term_string\"}}],\"inLanguage\":\"es\"},{\"@type\":\"Organization\",\"@id\":\"https:\/\/annaalbert.com\/es\/#organization\",\"name\":\"Art en Seda by Anna Albert\",\"url\":\"https:\/\/annaalbert.com\/es\/\",\"logo\":{\"@type\":\"ImageObject\",\"inLanguage\":\"es\",\"@id\":\"https:\/\/annaalbert.com\/es\/#\/schema\/logo\/image\/\",\"url\":\"https:\/\/annaalbert.com\/wp-content\/uploads\/2021\/01\/horitzontal_fonsblanc-scaled.jpg\",\"contentUrl\":\"https:\/\/annaalbert.com\/wp-content\/uploads\/2021\/01\/horitzontal_fonsblanc-scaled.jpg\",\"width\":2560,\"height\":779,\"caption\":\"Art en Seda by Anna Albert\"},\"image\":{\"@id\":\"https:\/\/annaalbert.com\/es\/#\/schema\/logo\/image\/\"}}]}<\/script>\n<!-- \/ Yoast SEO plugin. -->","yoast_head_json":{"title":"Pa\u00f1uelo de seda natural roja con flores grandes - Art en Seda","description":"Pa\u00f1uelo de seda natural roja con flores grandes burdeos y rojo. El color rojo es un color vivo, muy potente, es el color del deseo.","robots":{"index":"index","follow":"follow","max-snippet":"max-snippet:-1","max-image-preview":"max-image-preview:large","max-video-preview":"max-video-preview:-1"},"canonical":"https:\/\/annaalbert.com\/es\/producto-es\/fular-seda-natural-flores-rojo-pasion\/","og_locale":"es_ES","og_type":"article","og_title":"Pa\u00f1uelo de seda natural roja con flores grandes - Art en Seda","og_description":"Pa\u00f1uelo de seda natural roja con flores grandes burdeos y rojo. El color rojo es un color vivo, muy potente, es el color del deseo.","og_url":"https:\/\/annaalbert.com\/es\/producto-es\/fular-seda-natural-flores-rojo-pasion\/","og_site_name":"Art en Seda","article_modified_time":"2024-04-22T09:38:20+00:00","og_image":[{"width":800,"height":960,"url":"https:\/\/annaalbert.com\/wp-content\/uploads\/2019\/02\/85.jpg","type":"image\/jpeg"}],"twitter_card":"summary_large_image","twitter_misc":{"Tiempo de lectura":"2 minutos"},"schema":{"@context":"https:\/\/schema.org","@graph":[{"@type":"WebPage","@id":"https:\/\/annaalbert.com\/es\/producto-es\/fular-seda-natural-flores-rojo-pasion\/","url":"https:\/\/annaalbert.com\/es\/producto-es\/fular-seda-natural-flores-rojo-pasion\/","name":"Pa\u00f1uelo de seda natural roja con flores grandes - Art en Seda","isPartOf":{"@id":"https:\/\/annaalbert.com\/es\/#website"},"primaryImageOfPage":{"@id":"https:\/\/annaalbert.com\/es\/producto-es\/fular-seda-natural-flores-rojo-pasion\/#primaryimage"},"image":{"@id":"https:\/\/annaalbert.com\/es\/producto-es\/fular-seda-natural-flores-rojo-pasion\/#primaryimage"},"thumbnailUrl":"https:\/\/annaalbert.com\/wp-content\/uploads\/2019\/02\/85.jpg","datePublished":"2019-03-21T17:50:13+00:00","dateModified":"2024-04-22T09:38:20+00:00","description":"Pa\u00f1uelo de seda natural roja con flores grandes burdeos y rojo. El color rojo es un color vivo, muy potente, es el color del deseo.","breadcrumb":{"@id":"https:\/\/annaalbert.com\/es\/producto-es\/fular-seda-natural-flores-rojo-pasion\/#breadcrumb"},"inLanguage":"es","potentialAction":[{"@type":"ReadAction","target":["https:\/\/annaalbert.com\/es\/producto-es\/fular-seda-natural-flores-rojo-pasion\/"]}]},{"@type":"ImageObject","inLanguage":"es","@id":"https:\/\/annaalbert.com\/es\/producto-es\/fular-seda-natural-flores-rojo-pasion\/#primaryimage","url":"https:\/\/annaalbert.com\/wp-content\/uploads\/2019\/02\/85.jpg","contentUrl":"https:\/\/annaalbert.com\/wp-content\/uploads\/2019\/02\/85.jpg","width":800,"height":960},{"@type":"BreadcrumbList","@id":"https:\/\/annaalbert.com\/es\/producto-es\/fular-seda-natural-flores-rojo-pasion\/#breadcrumb","itemListElement":[{"@type":"ListItem","position":1,"name":"Portada","item":"https:\/\/annaalbert.com\/es\/"},{"@type":"ListItem","position":2,"name":"Tienda","item":"https:\/\/annaalbert.com\/tienda\/"},{"@type":"ListItem","position":3,"name":"PA\u00d1UELO DE SEDA NATURAL ROJO PASI\u00d3N"}]},{"@type":"WebSite","@id":"https:\/\/annaalbert.com\/es\/#website","url":"https:\/\/annaalbert.com\/es\/","name":"Art en Seda","description":"Productos de seda pintada a mano, asi como cursos, talleres, experiencias por la artesana Anna Albert","publisher":{"@id":"https:\/\/annaalbert.com\/es\/#organization"},"potentialAction":[{"@type":"SearchAction","target":{"@type":"EntryPoint","urlTemplate":"https:\/\/annaalbert.com\/es\/?s={search_term_string}"},"query-input":{"@type":"PropertyValueSpecification","valueRequired":true,"valueName":"search_term_string"}}],"inLanguage":"es"},{"@type":"Organization","@id":"https:\/\/annaalbert.com\/es\/#organization","name":"Art en Seda by Anna Albert","url":"https:\/\/annaalbert.com\/es\/","logo":{"@type":"ImageObject","inLanguage":"es","@id":"https:\/\/annaalbert.com\/es\/#\/schema\/logo\/image\/","url":"https:\/\/annaalbert.com\/wp-content\/uploads\/2021\/01\/horitzontal_fonsblanc-scaled.jpg","contentUrl":"https:\/\/annaalbert.com\/wp-content\/uploads\/2021\/01\/horitzontal_fonsblanc-scaled.jpg","width":2560,"height":779,"caption":"Art en Seda by Anna Albert"},"image":{"@id":"https:\/\/annaalbert.com\/es\/#\/schema\/logo\/image\/"}}]}},"_links":{"self":[{"href":"https:\/\/annaalbert.com\/es\/wp-json\/wp\/v2\/product\/11303","targetHints":{"allow":["GET"]}}],"collection":[{"href":"https:\/\/annaalbert.com\/es\/wp-json\/wp\/v2\/product"}],"about":[{"href":"https:\/\/annaalbert.com\/es\/wp-json\/wp\/v2\/types\/product"}],"replies":[{"embeddable":true,"href":"https:\/\/annaalbert.com\/es\/wp-json\/wp\/v2\/comments?post=11303"}],"wp:featuredmedia":[{"embeddable":true,"href":"https:\/\/annaalbert.com\/es\/wp-json\/wp\/v2\/media\/4453"}],"wp:attachment":[{"href":"https:\/\/annaalbert.com\/es\/wp-json\/wp\/v2\/media?parent=11303"}],"wp:term":[{"taxonomy":"product_brand","embeddable":true,"href":"https:\/\/annaalbert.com\/es\/wp-json\/wp\/v2\/product_brand?post=11303"},{"taxonomy":"product_cat","embeddable":true,"href":"https:\/\/annaalbert.com\/es\/wp-json\/wp\/v2\/product_cat?post=11303"},{"taxonomy":"product_tag","embeddable":true,"href":"https:\/\/annaalbert.com\/es\/wp-json\/wp\/v2\/product_tag?post=11303"}],"curies":[{"name":"wp","href":"https:\/\/api.w.org\/{rel}","templated":true}]}}