{"id":11277,"date":"2019-03-21T17:50:36","date_gmt":"2019-03-21T17:50:36","guid":{"rendered":"https:\/\/annaalbert.com\/producto\/fular-seda-sostenible-parc-guell\/"},"modified":"2025-10-21T13:36:00","modified_gmt":"2025-10-21T13:36:00","slug":"fular-seda-sostenible-parc-guell","status":"publish","type":"product","link":"https:\/\/annaalbert.com\/es\/producto-es\/fular-seda-sostenible-parc-guell\/","title":{"rendered":"PA\u00d1UELO DE SEDA SOSTENIBLE PARC G\u00dcELL"},"content":{"rendered":"<p>Descubre la elegancia y la sofisticaci\u00f3n con nuestro nuevo pa\u00f1uelo de seda sostenible inspirado en el Drag\u00f3n del Parc G\u00fcell. Con un dise\u00f1o meticulosamente elaborado, esta pieza \u00fanica captura la majestuosidad y la magia del arte modernista de Barcelona.<\/p>\n<p>Nuestro fular est\u00e1 confeccionado con seda natural y sostenible, asegurando no solo un aspecto exquisito sino tambi\u00e9n una elecci\u00f3n amigable con el medio ambiente. Cada pieza es \u00fanica, con detalles artesanales que destacan nuestra dedicaci\u00f3n a la calidad y la sostenibilidad.<\/p>\n<p>El Drag\u00f3n del Parc G\u00fcell, icono arquitect\u00f3nico creado por el genio Antoni Gaud\u00ed, toma vida en este fular, transport\u00e1ndote a las tierras m\u00e1gicas del modernismo catal\u00e1n. Las tonalidades ricas y las l\u00edneas fluidas reflejan la belleza de la arquitectura, mientras que la suavidad de la seda proporciona una sensaci\u00f3n ligera y lujosa.<\/p>\n<p>Forma parte de la colecci\u00f3n de tres fulares de muselina inspirados en Gaud\u00ed.<\/p>\n<p>El fondo es del blanco de la seda y en un lado hay el trencad\u00eds de colores que contrasta completamente.<\/p>\n<p>Sutil, ligero y suave, es un fular muy atemporal y bastante neutro para abarcar todas las edades y ocasiones.<\/p>\n<p>Este pa\u00f1uelo de seda sostenible parc g\u00fcell se puede combinar con el abanico <a href=\"https:\/\/annaalbert.com\/producto\/ventall-seda-natural-parc-guell\/\">PARC G\u00dcELL BARCELONA. <\/a><\/p>\n","protected":false},"excerpt":{"rendered":"<p>Fular de seda muselina inspirado con el quebradizo del Parque G\u00fcell de Barcelona<\/p>\n<p> Medidas de 150&#215;40<\/p>\n","protected":false},"featured_media":11278,"comment_status":"closed","ping_status":"closed","template":"","meta":{"_et_pb_use_builder":"","_et_pb_old_content":"","_et_gb_content_width":""},"product_brand":[],"product_cat":[174],"product_tag":[],"class_list":{"0":"post-11277","1":"product","2":"type-product","3":"status-publish","4":"has-post-thumbnail","6":"product_cat-fulards","8":"first","9":"instock","10":"purchasable","11":"product-type-simple"},"yoast_head":"<!-- This site is optimized with the Yoast SEO plugin v27.0 - https:\/\/yoast.com\/product\/yoast-seo-wordpress\/ -->\n<title>Pa\u00f1uelo de seda sostenible parc g\u00fcell - Art en Seda<\/title>\n<meta name=\"description\" content=\"Pa\u00f1uelo de seda sostenible parc g\u00fcell Sutil, ligero y suave, es un fular muy atemporal y bastante neutro para abarcar todas las edades y ocasiones.\" \/>\n<meta name=\"robots\" content=\"index, follow, max-snippet:-1, max-image-preview:large, max-video-preview:-1\" \/>\n<link rel=\"canonical\" href=\"https:\/\/annaalbert.com\/es\/producto-es\/fular-seda-sostenible-parc-guell\/\" \/>\n<meta property=\"og:locale\" content=\"es_ES\" \/>\n<meta property=\"og:type\" content=\"article\" \/>\n<meta property=\"og:title\" content=\"Pa\u00f1uelo de seda sostenible parc g\u00fcell - Art en Seda\" \/>\n<meta property=\"og:description\" content=\"Pa\u00f1uelo de seda sostenible parc g\u00fcell Sutil, ligero y suave, es un fular muy atemporal y bastante neutro para abarcar todas las edades y ocasiones.\" \/>\n<meta property=\"og:url\" content=\"https:\/\/annaalbert.com\/es\/producto-es\/fular-seda-sostenible-parc-guell\/\" \/>\n<meta property=\"og:site_name\" content=\"Art en Seda\" \/>\n<meta property=\"article:modified_time\" content=\"2025-10-21T13:36:00+00:00\" \/>\n<meta property=\"og:image\" content=\"https:\/\/annaalbert.com\/wp-content\/uploads\/2019\/03\/2672.jpg\" \/>\n\t<meta property=\"og:image:width\" content=\"800\" \/>\n\t<meta property=\"og:image:height\" content=\"960\" \/>\n\t<meta property=\"og:image:type\" content=\"image\/jpeg\" \/>\n<meta name=\"twitter:card\" content=\"summary_large_image\" \/>\n<meta name=\"twitter:label1\" content=\"Tiempo de lectura\" \/>\n\t<meta name=\"twitter:data1\" content=\"1 minuto\" \/>\n<script type=\"application\/ld+json\" class=\"yoast-schema-graph\">{\"@context\":\"https:\/\/schema.org\",\"@graph\":[{\"@type\":\"WebPage\",\"@id\":\"https:\/\/annaalbert.com\/es\/producto-es\/fular-seda-sostenible-parc-guell\/\",\"url\":\"https:\/\/annaalbert.com\/es\/producto-es\/fular-seda-sostenible-parc-guell\/\",\"name\":\"Pa\u00f1uelo de seda sostenible parc g\u00fcell - Art en Seda\",\"isPartOf\":{\"@id\":\"https:\/\/annaalbert.com\/es\/#website\"},\"primaryImageOfPage\":{\"@id\":\"https:\/\/annaalbert.com\/es\/producto-es\/fular-seda-sostenible-parc-guell\/#primaryimage\"},\"image\":{\"@id\":\"https:\/\/annaalbert.com\/es\/producto-es\/fular-seda-sostenible-parc-guell\/#primaryimage\"},\"thumbnailUrl\":\"https:\/\/annaalbert.com\/wp-content\/uploads\/2019\/03\/2672.jpg\",\"datePublished\":\"2019-03-21T17:50:36+00:00\",\"dateModified\":\"2025-10-21T13:36:00+00:00\",\"description\":\"Pa\u00f1uelo de seda sostenible parc g\u00fcell Sutil, ligero y suave, es un fular muy atemporal y bastante neutro para abarcar todas las edades y ocasiones.\",\"breadcrumb\":{\"@id\":\"https:\/\/annaalbert.com\/es\/producto-es\/fular-seda-sostenible-parc-guell\/#breadcrumb\"},\"inLanguage\":\"es\",\"potentialAction\":[{\"@type\":\"ReadAction\",\"target\":[\"https:\/\/annaalbert.com\/es\/producto-es\/fular-seda-sostenible-parc-guell\/\"]}]},{\"@type\":\"ImageObject\",\"inLanguage\":\"es\",\"@id\":\"https:\/\/annaalbert.com\/es\/producto-es\/fular-seda-sostenible-parc-guell\/#primaryimage\",\"url\":\"https:\/\/annaalbert.com\/wp-content\/uploads\/2019\/03\/2672.jpg\",\"contentUrl\":\"https:\/\/annaalbert.com\/wp-content\/uploads\/2019\/03\/2672.jpg\",\"width\":800,\"height\":960,\"caption\":\"fulard seda sostenible parc g\u00fcell\"},{\"@type\":\"BreadcrumbList\",\"@id\":\"https:\/\/annaalbert.com\/es\/producto-es\/fular-seda-sostenible-parc-guell\/#breadcrumb\",\"itemListElement\":[{\"@type\":\"ListItem\",\"position\":1,\"name\":\"Portada\",\"item\":\"https:\/\/annaalbert.com\/es\/\"},{\"@type\":\"ListItem\",\"position\":2,\"name\":\"Tienda\",\"item\":\"https:\/\/annaalbert.com\/tienda\/\"},{\"@type\":\"ListItem\",\"position\":3,\"name\":\"PA\u00d1UELO DE SEDA SOSTENIBLE PARC G\u00dcELL\"}]},{\"@type\":\"WebSite\",\"@id\":\"https:\/\/annaalbert.com\/es\/#website\",\"url\":\"https:\/\/annaalbert.com\/es\/\",\"name\":\"Art en Seda\",\"description\":\"Productos de seda pintada a mano, asi como cursos, talleres, experiencias por la artesana Anna Albert\",\"publisher\":{\"@id\":\"https:\/\/annaalbert.com\/es\/#organization\"},\"potentialAction\":[{\"@type\":\"SearchAction\",\"target\":{\"@type\":\"EntryPoint\",\"urlTemplate\":\"https:\/\/annaalbert.com\/es\/?s={search_term_string}\"},\"query-input\":{\"@type\":\"PropertyValueSpecification\",\"valueRequired\":true,\"valueName\":\"search_term_string\"}}],\"inLanguage\":\"es\"},{\"@type\":\"Organization\",\"@id\":\"https:\/\/annaalbert.com\/es\/#organization\",\"name\":\"Art en Seda by Anna Albert\",\"url\":\"https:\/\/annaalbert.com\/es\/\",\"logo\":{\"@type\":\"ImageObject\",\"inLanguage\":\"es\",\"@id\":\"https:\/\/annaalbert.com\/es\/#\/schema\/logo\/image\/\",\"url\":\"https:\/\/annaalbert.com\/wp-content\/uploads\/2021\/01\/horitzontal_fonsblanc-scaled.jpg\",\"contentUrl\":\"https:\/\/annaalbert.com\/wp-content\/uploads\/2021\/01\/horitzontal_fonsblanc-scaled.jpg\",\"width\":2560,\"height\":779,\"caption\":\"Art en Seda by Anna Albert\"},\"image\":{\"@id\":\"https:\/\/annaalbert.com\/es\/#\/schema\/logo\/image\/\"}}]}<\/script>\n<!-- \/ Yoast SEO plugin. -->","yoast_head_json":{"title":"Pa\u00f1uelo de seda sostenible parc g\u00fcell - Art en Seda","description":"Pa\u00f1uelo de seda sostenible parc g\u00fcell Sutil, ligero y suave, es un fular muy atemporal y bastante neutro para abarcar todas las edades y ocasiones.","robots":{"index":"index","follow":"follow","max-snippet":"max-snippet:-1","max-image-preview":"max-image-preview:large","max-video-preview":"max-video-preview:-1"},"canonical":"https:\/\/annaalbert.com\/es\/producto-es\/fular-seda-sostenible-parc-guell\/","og_locale":"es_ES","og_type":"article","og_title":"Pa\u00f1uelo de seda sostenible parc g\u00fcell - Art en Seda","og_description":"Pa\u00f1uelo de seda sostenible parc g\u00fcell Sutil, ligero y suave, es un fular muy atemporal y bastante neutro para abarcar todas las edades y ocasiones.","og_url":"https:\/\/annaalbert.com\/es\/producto-es\/fular-seda-sostenible-parc-guell\/","og_site_name":"Art en Seda","article_modified_time":"2025-10-21T13:36:00+00:00","og_image":[{"width":800,"height":960,"url":"https:\/\/annaalbert.com\/wp-content\/uploads\/2019\/03\/2672.jpg","type":"image\/jpeg"}],"twitter_card":"summary_large_image","twitter_misc":{"Tiempo de lectura":"1 minuto"},"schema":{"@context":"https:\/\/schema.org","@graph":[{"@type":"WebPage","@id":"https:\/\/annaalbert.com\/es\/producto-es\/fular-seda-sostenible-parc-guell\/","url":"https:\/\/annaalbert.com\/es\/producto-es\/fular-seda-sostenible-parc-guell\/","name":"Pa\u00f1uelo de seda sostenible parc g\u00fcell - Art en Seda","isPartOf":{"@id":"https:\/\/annaalbert.com\/es\/#website"},"primaryImageOfPage":{"@id":"https:\/\/annaalbert.com\/es\/producto-es\/fular-seda-sostenible-parc-guell\/#primaryimage"},"image":{"@id":"https:\/\/annaalbert.com\/es\/producto-es\/fular-seda-sostenible-parc-guell\/#primaryimage"},"thumbnailUrl":"https:\/\/annaalbert.com\/wp-content\/uploads\/2019\/03\/2672.jpg","datePublished":"2019-03-21T17:50:36+00:00","dateModified":"2025-10-21T13:36:00+00:00","description":"Pa\u00f1uelo de seda sostenible parc g\u00fcell Sutil, ligero y suave, es un fular muy atemporal y bastante neutro para abarcar todas las edades y ocasiones.","breadcrumb":{"@id":"https:\/\/annaalbert.com\/es\/producto-es\/fular-seda-sostenible-parc-guell\/#breadcrumb"},"inLanguage":"es","potentialAction":[{"@type":"ReadAction","target":["https:\/\/annaalbert.com\/es\/producto-es\/fular-seda-sostenible-parc-guell\/"]}]},{"@type":"ImageObject","inLanguage":"es","@id":"https:\/\/annaalbert.com\/es\/producto-es\/fular-seda-sostenible-parc-guell\/#primaryimage","url":"https:\/\/annaalbert.com\/wp-content\/uploads\/2019\/03\/2672.jpg","contentUrl":"https:\/\/annaalbert.com\/wp-content\/uploads\/2019\/03\/2672.jpg","width":800,"height":960,"caption":"fulard seda sostenible parc g\u00fcell"},{"@type":"BreadcrumbList","@id":"https:\/\/annaalbert.com\/es\/producto-es\/fular-seda-sostenible-parc-guell\/#breadcrumb","itemListElement":[{"@type":"ListItem","position":1,"name":"Portada","item":"https:\/\/annaalbert.com\/es\/"},{"@type":"ListItem","position":2,"name":"Tienda","item":"https:\/\/annaalbert.com\/tienda\/"},{"@type":"ListItem","position":3,"name":"PA\u00d1UELO DE SEDA SOSTENIBLE PARC G\u00dcELL"}]},{"@type":"WebSite","@id":"https:\/\/annaalbert.com\/es\/#website","url":"https:\/\/annaalbert.com\/es\/","name":"Art en Seda","description":"Productos de seda pintada a mano, asi como cursos, talleres, experiencias por la artesana Anna Albert","publisher":{"@id":"https:\/\/annaalbert.com\/es\/#organization"},"potentialAction":[{"@type":"SearchAction","target":{"@type":"EntryPoint","urlTemplate":"https:\/\/annaalbert.com\/es\/?s={search_term_string}"},"query-input":{"@type":"PropertyValueSpecification","valueRequired":true,"valueName":"search_term_string"}}],"inLanguage":"es"},{"@type":"Organization","@id":"https:\/\/annaalbert.com\/es\/#organization","name":"Art en Seda by Anna Albert","url":"https:\/\/annaalbert.com\/es\/","logo":{"@type":"ImageObject","inLanguage":"es","@id":"https:\/\/annaalbert.com\/es\/#\/schema\/logo\/image\/","url":"https:\/\/annaalbert.com\/wp-content\/uploads\/2021\/01\/horitzontal_fonsblanc-scaled.jpg","contentUrl":"https:\/\/annaalbert.com\/wp-content\/uploads\/2021\/01\/horitzontal_fonsblanc-scaled.jpg","width":2560,"height":779,"caption":"Art en Seda by Anna Albert"},"image":{"@id":"https:\/\/annaalbert.com\/es\/#\/schema\/logo\/image\/"}}]}},"_links":{"self":[{"href":"https:\/\/annaalbert.com\/es\/wp-json\/wp\/v2\/product\/11277","targetHints":{"allow":["GET"]}}],"collection":[{"href":"https:\/\/annaalbert.com\/es\/wp-json\/wp\/v2\/product"}],"about":[{"href":"https:\/\/annaalbert.com\/es\/wp-json\/wp\/v2\/types\/product"}],"replies":[{"embeddable":true,"href":"https:\/\/annaalbert.com\/es\/wp-json\/wp\/v2\/comments?post=11277"}],"wp:featuredmedia":[{"embeddable":true,"href":"https:\/\/annaalbert.com\/es\/wp-json\/wp\/v2\/media\/11278"}],"wp:attachment":[{"href":"https:\/\/annaalbert.com\/es\/wp-json\/wp\/v2\/media?parent=11277"}],"wp:term":[{"taxonomy":"product_brand","embeddable":true,"href":"https:\/\/annaalbert.com\/es\/wp-json\/wp\/v2\/product_brand?post=11277"},{"taxonomy":"product_cat","embeddable":true,"href":"https:\/\/annaalbert.com\/es\/wp-json\/wp\/v2\/product_cat?post=11277"},{"taxonomy":"product_tag","embeddable":true,"href":"https:\/\/annaalbert.com\/es\/wp-json\/wp\/v2\/product_tag?post=11277"}],"curies":[{"name":"wp","href":"https:\/\/api.w.org\/{rel}","templated":true}]}}