{"id":11273,"date":"2019-03-21T17:50:36","date_gmt":"2019-03-21T17:50:36","guid":{"rendered":"https:\/\/annaalbert.com\/producto\/fular-seda-natural-lineas-pincel\/"},"modified":"2025-10-21T13:35:16","modified_gmt":"2025-10-21T13:35:16","slug":"fular-seda-natural-lineas-pincel","status":"publish","type":"product","link":"https:\/\/annaalbert.com\/es\/producto-es\/fular-seda-natural-lineas-pincel\/","title":{"rendered":"PA\u00d1UELO DE SEDA NATURAL DE L\u00cdNEAS CON PINCEL"},"content":{"rendered":"<p>Descubre la elegancia y la suavidad con nuestro extraordinario pa\u00f1uelo de seda natural de l\u00edneas. Con su textura ligera y sedosa, esta pieza exquisita es m\u00e1s que un simple accesorio; es una expresi\u00f3n de tu personalidad \u00fanica.<\/p>\n<p>El fular est\u00e1 confeccionado con seda natural de la m\u00e1s alta calidad, ofreciendo una experiencia de tacto inigualable. Las l\u00edneas de colores intensos y variados que adornan el fular crean un juego de tonalidades que destacan su belleza intr\u00ednseca. Ya sea que lo lleves de manera casual o para una ocasi\u00f3n especial, esta pieza se convierte en una declaraci\u00f3n de buen gusto y estilo refinado.<\/p>\n<p>Pinceladas de todos los colores creando mezclas y texturas. Pa\u00f1uelo de 180&#215;45.<\/p>\n<p><strong>He escogido la seda crep porque los colores responden con una intensidad considerable.<\/strong><\/p>\n<p>Con nuestra atenci\u00f3n meticulosa a los detalles, el pa\u00f1uelo de seda natural no solo es un complemento de moda, sino tambi\u00e9n una obra de arte. Las l\u00edneas de colores est\u00e1n dise\u00f1adas para complementarse entre ellas, ofreciendo una armon\u00eda visual que captura la mirada de todo el mundo a tu alrededor. Este fular es la manera perfecta de realzar tu vestimenta y destacar tu elegancia \u00fanica. Fular intemporal y apropiado en cualquier edad, para llevar como fular, cintur\u00f3n, o incluso ligado en la cabeza.<\/p>\n<p>Este fular de seda de colores se puede combinar con el <a href=\"https:\/\/annaalbert.com\/producto\/ventall-seda-natural-linies-pinzell\/\">ABANICO PINCELADAS DE COLORES<\/a> o con el <a href=\"https:\/\/annaalbert.com\/producto\/ventall-seda-natural-arc-iris\/\">VENTALL ARCO IRIS<\/a><\/p>\n","protected":false},"excerpt":{"rendered":"<p>Fular de seda crepe con pinceladas de todos los colores.<\/p>\n<p> Medidas 180&#215;45.<\/p>\n","protected":false},"featured_media":11274,"comment_status":"closed","ping_status":"closed","template":"","meta":{"_et_pb_use_builder":"","_et_pb_old_content":"","_et_gb_content_width":""},"product_brand":[],"product_cat":[174],"product_tag":[462,464,463],"class_list":{"0":"post-11273","1":"product","2":"type-product","3":"status-publish","4":"has-post-thumbnail","6":"product_cat-fulards","7":"product_tag-abanico","8":"product_tag-abanico-de-seda","9":"product_tag-colores","11":"first","12":"instock","13":"purchasable","14":"product-type-simple"},"yoast_head":"<!-- This site is optimized with the Yoast SEO plugin v27.0 - https:\/\/yoast.com\/product\/yoast-seo-wordpress\/ -->\n<title>Pa\u00f1uelo de seda natural de l\u00edneas - Art en Seda<\/title>\n<meta name=\"description\" content=\"Pa\u00f1uelo de seda natural de l\u00edneas intemporal y apropiado a cualquier edad, para llevar como fular, cintur\u00f3n, o incluso ligado en la cabeza.\" \/>\n<meta name=\"robots\" content=\"index, follow, max-snippet:-1, max-image-preview:large, max-video-preview:-1\" \/>\n<link rel=\"canonical\" href=\"https:\/\/annaalbert.com\/es\/producto-es\/fular-seda-natural-lineas-pincel\/\" \/>\n<meta property=\"og:locale\" content=\"es_ES\" \/>\n<meta property=\"og:type\" content=\"article\" \/>\n<meta property=\"og:title\" content=\"Pa\u00f1uelo de seda natural de l\u00edneas - Art en Seda\" \/>\n<meta property=\"og:description\" content=\"Pa\u00f1uelo de seda natural de l\u00edneas intemporal y apropiado a cualquier edad, para llevar como fular, cintur\u00f3n, o incluso ligado en la cabeza.\" \/>\n<meta property=\"og:url\" content=\"https:\/\/annaalbert.com\/es\/producto-es\/fular-seda-natural-lineas-pincel\/\" \/>\n<meta property=\"og:site_name\" content=\"Art en Seda\" \/>\n<meta property=\"article:modified_time\" content=\"2025-10-21T13:35:16+00:00\" \/>\n<meta property=\"og:image\" content=\"https:\/\/annaalbert.com\/wp-content\/uploads\/2019\/03\/pinzellades1.jpg\" \/>\n\t<meta property=\"og:image:width\" content=\"800\" \/>\n\t<meta property=\"og:image:height\" content=\"960\" \/>\n\t<meta property=\"og:image:type\" content=\"image\/jpeg\" \/>\n<meta name=\"twitter:card\" content=\"summary_large_image\" \/>\n<meta name=\"twitter:label1\" content=\"Tiempo de lectura\" \/>\n\t<meta name=\"twitter:data1\" content=\"1 minuto\" \/>\n<script type=\"application\/ld+json\" class=\"yoast-schema-graph\">{\"@context\":\"https:\/\/schema.org\",\"@graph\":[{\"@type\":\"WebPage\",\"@id\":\"https:\/\/annaalbert.com\/es\/producto-es\/fular-seda-natural-lineas-pincel\/\",\"url\":\"https:\/\/annaalbert.com\/es\/producto-es\/fular-seda-natural-lineas-pincel\/\",\"name\":\"Pa\u00f1uelo de seda natural de l\u00edneas - Art en Seda\",\"isPartOf\":{\"@id\":\"https:\/\/annaalbert.com\/es\/#website\"},\"primaryImageOfPage\":{\"@id\":\"https:\/\/annaalbert.com\/es\/producto-es\/fular-seda-natural-lineas-pincel\/#primaryimage\"},\"image\":{\"@id\":\"https:\/\/annaalbert.com\/es\/producto-es\/fular-seda-natural-lineas-pincel\/#primaryimage\"},\"thumbnailUrl\":\"https:\/\/annaalbert.com\/wp-content\/uploads\/2019\/03\/pinzellades1.jpg\",\"datePublished\":\"2019-03-21T17:50:36+00:00\",\"dateModified\":\"2025-10-21T13:35:16+00:00\",\"description\":\"Pa\u00f1uelo de seda natural de l\u00edneas intemporal y apropiado a cualquier edad, para llevar como fular, cintur\u00f3n, o incluso ligado en la cabeza.\",\"breadcrumb\":{\"@id\":\"https:\/\/annaalbert.com\/es\/producto-es\/fular-seda-natural-lineas-pincel\/#breadcrumb\"},\"inLanguage\":\"es\",\"potentialAction\":[{\"@type\":\"ReadAction\",\"target\":[\"https:\/\/annaalbert.com\/es\/producto-es\/fular-seda-natural-lineas-pincel\/\"]}]},{\"@type\":\"ImageObject\",\"inLanguage\":\"es\",\"@id\":\"https:\/\/annaalbert.com\/es\/producto-es\/fular-seda-natural-lineas-pincel\/#primaryimage\",\"url\":\"https:\/\/annaalbert.com\/wp-content\/uploads\/2019\/03\/pinzellades1.jpg\",\"contentUrl\":\"https:\/\/annaalbert.com\/wp-content\/uploads\/2019\/03\/pinzellades1.jpg\",\"width\":800,\"height\":960,\"caption\":\"fulard seda natural l\u00ednies\"},{\"@type\":\"BreadcrumbList\",\"@id\":\"https:\/\/annaalbert.com\/es\/producto-es\/fular-seda-natural-lineas-pincel\/#breadcrumb\",\"itemListElement\":[{\"@type\":\"ListItem\",\"position\":1,\"name\":\"Portada\",\"item\":\"https:\/\/annaalbert.com\/es\/\"},{\"@type\":\"ListItem\",\"position\":2,\"name\":\"Tienda\",\"item\":\"https:\/\/annaalbert.com\/tienda\/\"},{\"@type\":\"ListItem\",\"position\":3,\"name\":\"PA\u00d1UELO DE SEDA NATURAL DE L\u00cdNEAS CON PINCEL\"}]},{\"@type\":\"WebSite\",\"@id\":\"https:\/\/annaalbert.com\/es\/#website\",\"url\":\"https:\/\/annaalbert.com\/es\/\",\"name\":\"Art en Seda\",\"description\":\"Productos de seda pintada a mano, asi como cursos, talleres, experiencias por la artesana Anna Albert\",\"publisher\":{\"@id\":\"https:\/\/annaalbert.com\/es\/#organization\"},\"potentialAction\":[{\"@type\":\"SearchAction\",\"target\":{\"@type\":\"EntryPoint\",\"urlTemplate\":\"https:\/\/annaalbert.com\/es\/?s={search_term_string}\"},\"query-input\":{\"@type\":\"PropertyValueSpecification\",\"valueRequired\":true,\"valueName\":\"search_term_string\"}}],\"inLanguage\":\"es\"},{\"@type\":\"Organization\",\"@id\":\"https:\/\/annaalbert.com\/es\/#organization\",\"name\":\"Art en Seda by Anna Albert\",\"url\":\"https:\/\/annaalbert.com\/es\/\",\"logo\":{\"@type\":\"ImageObject\",\"inLanguage\":\"es\",\"@id\":\"https:\/\/annaalbert.com\/es\/#\/schema\/logo\/image\/\",\"url\":\"https:\/\/annaalbert.com\/wp-content\/uploads\/2021\/01\/horitzontal_fonsblanc-scaled.jpg\",\"contentUrl\":\"https:\/\/annaalbert.com\/wp-content\/uploads\/2021\/01\/horitzontal_fonsblanc-scaled.jpg\",\"width\":2560,\"height\":779,\"caption\":\"Art en Seda by Anna Albert\"},\"image\":{\"@id\":\"https:\/\/annaalbert.com\/es\/#\/schema\/logo\/image\/\"}}]}<\/script>\n<!-- \/ Yoast SEO plugin. -->","yoast_head_json":{"title":"Pa\u00f1uelo de seda natural de l\u00edneas - Art en Seda","description":"Pa\u00f1uelo de seda natural de l\u00edneas intemporal y apropiado a cualquier edad, para llevar como fular, cintur\u00f3n, o incluso ligado en la cabeza.","robots":{"index":"index","follow":"follow","max-snippet":"max-snippet:-1","max-image-preview":"max-image-preview:large","max-video-preview":"max-video-preview:-1"},"canonical":"https:\/\/annaalbert.com\/es\/producto-es\/fular-seda-natural-lineas-pincel\/","og_locale":"es_ES","og_type":"article","og_title":"Pa\u00f1uelo de seda natural de l\u00edneas - Art en Seda","og_description":"Pa\u00f1uelo de seda natural de l\u00edneas intemporal y apropiado a cualquier edad, para llevar como fular, cintur\u00f3n, o incluso ligado en la cabeza.","og_url":"https:\/\/annaalbert.com\/es\/producto-es\/fular-seda-natural-lineas-pincel\/","og_site_name":"Art en Seda","article_modified_time":"2025-10-21T13:35:16+00:00","og_image":[{"width":800,"height":960,"url":"https:\/\/annaalbert.com\/wp-content\/uploads\/2019\/03\/pinzellades1.jpg","type":"image\/jpeg"}],"twitter_card":"summary_large_image","twitter_misc":{"Tiempo de lectura":"1 minuto"},"schema":{"@context":"https:\/\/schema.org","@graph":[{"@type":"WebPage","@id":"https:\/\/annaalbert.com\/es\/producto-es\/fular-seda-natural-lineas-pincel\/","url":"https:\/\/annaalbert.com\/es\/producto-es\/fular-seda-natural-lineas-pincel\/","name":"Pa\u00f1uelo de seda natural de l\u00edneas - Art en Seda","isPartOf":{"@id":"https:\/\/annaalbert.com\/es\/#website"},"primaryImageOfPage":{"@id":"https:\/\/annaalbert.com\/es\/producto-es\/fular-seda-natural-lineas-pincel\/#primaryimage"},"image":{"@id":"https:\/\/annaalbert.com\/es\/producto-es\/fular-seda-natural-lineas-pincel\/#primaryimage"},"thumbnailUrl":"https:\/\/annaalbert.com\/wp-content\/uploads\/2019\/03\/pinzellades1.jpg","datePublished":"2019-03-21T17:50:36+00:00","dateModified":"2025-10-21T13:35:16+00:00","description":"Pa\u00f1uelo de seda natural de l\u00edneas intemporal y apropiado a cualquier edad, para llevar como fular, cintur\u00f3n, o incluso ligado en la cabeza.","breadcrumb":{"@id":"https:\/\/annaalbert.com\/es\/producto-es\/fular-seda-natural-lineas-pincel\/#breadcrumb"},"inLanguage":"es","potentialAction":[{"@type":"ReadAction","target":["https:\/\/annaalbert.com\/es\/producto-es\/fular-seda-natural-lineas-pincel\/"]}]},{"@type":"ImageObject","inLanguage":"es","@id":"https:\/\/annaalbert.com\/es\/producto-es\/fular-seda-natural-lineas-pincel\/#primaryimage","url":"https:\/\/annaalbert.com\/wp-content\/uploads\/2019\/03\/pinzellades1.jpg","contentUrl":"https:\/\/annaalbert.com\/wp-content\/uploads\/2019\/03\/pinzellades1.jpg","width":800,"height":960,"caption":"fulard seda natural l\u00ednies"},{"@type":"BreadcrumbList","@id":"https:\/\/annaalbert.com\/es\/producto-es\/fular-seda-natural-lineas-pincel\/#breadcrumb","itemListElement":[{"@type":"ListItem","position":1,"name":"Portada","item":"https:\/\/annaalbert.com\/es\/"},{"@type":"ListItem","position":2,"name":"Tienda","item":"https:\/\/annaalbert.com\/tienda\/"},{"@type":"ListItem","position":3,"name":"PA\u00d1UELO DE SEDA NATURAL DE L\u00cdNEAS CON PINCEL"}]},{"@type":"WebSite","@id":"https:\/\/annaalbert.com\/es\/#website","url":"https:\/\/annaalbert.com\/es\/","name":"Art en Seda","description":"Productos de seda pintada a mano, asi como cursos, talleres, experiencias por la artesana Anna Albert","publisher":{"@id":"https:\/\/annaalbert.com\/es\/#organization"},"potentialAction":[{"@type":"SearchAction","target":{"@type":"EntryPoint","urlTemplate":"https:\/\/annaalbert.com\/es\/?s={search_term_string}"},"query-input":{"@type":"PropertyValueSpecification","valueRequired":true,"valueName":"search_term_string"}}],"inLanguage":"es"},{"@type":"Organization","@id":"https:\/\/annaalbert.com\/es\/#organization","name":"Art en Seda by Anna Albert","url":"https:\/\/annaalbert.com\/es\/","logo":{"@type":"ImageObject","inLanguage":"es","@id":"https:\/\/annaalbert.com\/es\/#\/schema\/logo\/image\/","url":"https:\/\/annaalbert.com\/wp-content\/uploads\/2021\/01\/horitzontal_fonsblanc-scaled.jpg","contentUrl":"https:\/\/annaalbert.com\/wp-content\/uploads\/2021\/01\/horitzontal_fonsblanc-scaled.jpg","width":2560,"height":779,"caption":"Art en Seda by Anna Albert"},"image":{"@id":"https:\/\/annaalbert.com\/es\/#\/schema\/logo\/image\/"}}]}},"_links":{"self":[{"href":"https:\/\/annaalbert.com\/es\/wp-json\/wp\/v2\/product\/11273","targetHints":{"allow":["GET"]}}],"collection":[{"href":"https:\/\/annaalbert.com\/es\/wp-json\/wp\/v2\/product"}],"about":[{"href":"https:\/\/annaalbert.com\/es\/wp-json\/wp\/v2\/types\/product"}],"replies":[{"embeddable":true,"href":"https:\/\/annaalbert.com\/es\/wp-json\/wp\/v2\/comments?post=11273"}],"wp:featuredmedia":[{"embeddable":true,"href":"https:\/\/annaalbert.com\/es\/wp-json\/wp\/v2\/media\/11274"}],"wp:attachment":[{"href":"https:\/\/annaalbert.com\/es\/wp-json\/wp\/v2\/media?parent=11273"}],"wp:term":[{"taxonomy":"product_brand","embeddable":true,"href":"https:\/\/annaalbert.com\/es\/wp-json\/wp\/v2\/product_brand?post=11273"},{"taxonomy":"product_cat","embeddable":true,"href":"https:\/\/annaalbert.com\/es\/wp-json\/wp\/v2\/product_cat?post=11273"},{"taxonomy":"product_tag","embeddable":true,"href":"https:\/\/annaalbert.com\/es\/wp-json\/wp\/v2\/product_tag?post=11273"}],"curies":[{"name":"wp","href":"https:\/\/api.w.org\/{rel}","templated":true}]}}