{"id":11271,"date":"2019-03-21T17:50:36","date_gmt":"2019-03-21T17:50:36","guid":{"rendered":"https:\/\/annaalbert.com\/producto\/abanico-seda-natural-flores-azules\/"},"modified":"2025-10-15T09:00:38","modified_gmt":"2025-10-15T09:00:38","slug":"abanico-seda-natural-flores-azules","status":"publish","type":"product","link":"https:\/\/annaalbert.com\/es\/producto-es\/abanico-seda-natural-flores-azules\/","title":{"rendered":"ABANICO DE SEDA NATURAL DE FLORES AZULES"},"content":{"rendered":"<p style=\"text-align: justify;\"><strong>Este abanico lleno de flores azules inspira serenidad.<\/strong><\/p>\n<p style=\"text-align: justify;\">En primer lugar, hay dos contrastes de moratones, uno de ultramar intenso precioso y el otro p\u00e1lido y suave que respira calma y armon\u00eda. Los mismos colores del fondo son los de las flores, una combinaci\u00f3n perfecta.<\/p>\n<p style=\"text-align: justify;\"><strong>Abanico de seda natural de flores azules ideal tanto para vestir como para ir con texanos y no dejar de ir elegante.<\/strong><\/p>\n<p style=\"text-align: justify;\">En segundo lugar, es una combinaci\u00f3n perfecta con el fular que lleva su nombre.<\/p>\n<p style=\"text-align: justify;\">El abanico es un <strong>complemento<\/strong> que cada vez se lleva m\u00e1s. Ha dejado de ser exclusivo de la mujer madura y cada vez se ven m\u00e1s chicas j\u00f3venes y hombres que lo utilizan como accesorio.<\/p>\n<p style=\"text-align: justify;\"><strong>Es un objeto pr\u00e1ctico para abanicarnos en momentos de calor pero tambi\u00e9n es un objeto decorativo y de coleccionista.<\/strong><\/p>\n<p style=\"text-align: justify;\">Se ha convertido en un regalo t\u00edpico por el p\u00fablico extranjero dada nuestra tradici\u00f3n cultural que nos llega de la Asia del siglo XVIII.<\/p>\n<p style=\"text-align: justify;\">En tercer lugar, este abanico de seda tiene las varillas de madera de peral, muy apreciada por su calidad.<\/p>\n<p style=\"text-align: justify;\"><strong>Es una madera robusta y liviana, que no pesa y se abre y cierra muy bien.<\/strong><\/p>\n<p style=\"text-align: justify;\">Un abanico de estas caracter\u00edsticas es laborioso de realizar. Primero se pinta la seda a mano, se fija el color a alta temperatura, se lava, se tiene que almidonar para poder plisar y montar las varillas. Y todo, se hace artesanalmente.<\/p>\n<p style=\"text-align: justify;\">Este abanico de seda natural de flores azules se puede combinar con el <a href=\"http:\/\/annaalbert.com\/artenseda\/ca\/mocadors\/6-fulard-acqua-flowers.html\">FULAR<\/a> <a href=\"https:\/\/annaalbert.com\/producto\/fulard-acqua-flowers-2\/\">ACQUA<\/a> <a href=\"http:\/\/annaalbert.com\/artenseda\/ca\/mocadors\/6-fulard-acqua-flowers.html\">FLOWERS<\/a> y el <a href=\"https:\/\/annaalbert.com\/producto\/fulard-floris-acqua\/\">FULAR FLORIS ACQUA<\/a><\/p>\n<p style=\"text-align: justify;\">\n","protected":false},"excerpt":{"rendered":"<p><strong>Abanico de seda y madera de peral<\/strong> con flores azul <strong>ultrama<\/strong> r y azul pastel.<\/p>\n<p> Medidas 42&#215;23.<\/p>\n","protected":false},"featured_media":4549,"comment_status":"closed","ping_status":"closed","template":"","meta":{"_et_pb_use_builder":"","_et_pb_old_content":"","_et_gb_content_width":""},"product_brand":[],"product_cat":[402],"product_tag":[],"class_list":{"0":"post-11271","1":"product","2":"type-product","3":"status-publish","4":"has-post-thumbnail","6":"product_cat-abanicos-es","8":"first","9":"outofstock","10":"purchasable","11":"product-type-simple"},"yoast_head":"<!-- This site is optimized with the Yoast SEO plugin v27.0 - https:\/\/yoast.com\/product\/yoast-seo-wordpress\/ -->\n<title>Abanico de seda natural de flores azules - Art en Seda<\/title>\n<meta name=\"description\" content=\"Abanico de seda natural de flores azules que inspira serenidad. Ideal tanto para vestir como para ir con tejanos y no dejar de ir elegante.\" \/>\n<meta name=\"robots\" content=\"index, follow, max-snippet:-1, max-image-preview:large, max-video-preview:-1\" \/>\n<link rel=\"canonical\" href=\"https:\/\/annaalbert.com\/es\/producto-es\/abanico-seda-natural-flores-azules\/\" \/>\n<meta property=\"og:locale\" content=\"es_ES\" \/>\n<meta property=\"og:type\" content=\"article\" \/>\n<meta property=\"og:title\" content=\"Abanico de seda natural de flores azules - Art en Seda\" \/>\n<meta property=\"og:description\" content=\"Abanico de seda natural de flores azules que inspira serenidad. Ideal tanto para vestir como para ir con tejanos y no dejar de ir elegante.\" \/>\n<meta property=\"og:url\" content=\"https:\/\/annaalbert.com\/es\/producto-es\/abanico-seda-natural-flores-azules\/\" \/>\n<meta property=\"og:site_name\" content=\"Art en Seda\" \/>\n<meta property=\"article:modified_time\" content=\"2025-10-15T09:00:38+00:00\" \/>\n<meta property=\"og:image\" content=\"https:\/\/annaalbert.com\/wp-content\/uploads\/2019\/02\/163.jpg\" \/>\n\t<meta property=\"og:image:width\" content=\"800\" \/>\n\t<meta property=\"og:image:height\" content=\"960\" \/>\n\t<meta property=\"og:image:type\" content=\"image\/jpeg\" \/>\n<meta name=\"twitter:card\" content=\"summary_large_image\" \/>\n<meta name=\"twitter:label1\" content=\"Tiempo de lectura\" \/>\n\t<meta name=\"twitter:data1\" content=\"1 minuto\" \/>\n<script type=\"application\/ld+json\" class=\"yoast-schema-graph\">{\"@context\":\"https:\/\/schema.org\",\"@graph\":[{\"@type\":\"WebPage\",\"@id\":\"https:\/\/annaalbert.com\/es\/producto-es\/abanico-seda-natural-flores-azules\/\",\"url\":\"https:\/\/annaalbert.com\/es\/producto-es\/abanico-seda-natural-flores-azules\/\",\"name\":\"Abanico de seda natural de flores azules - Art en Seda\",\"isPartOf\":{\"@id\":\"https:\/\/annaalbert.com\/es\/#website\"},\"primaryImageOfPage\":{\"@id\":\"https:\/\/annaalbert.com\/es\/producto-es\/abanico-seda-natural-flores-azules\/#primaryimage\"},\"image\":{\"@id\":\"https:\/\/annaalbert.com\/es\/producto-es\/abanico-seda-natural-flores-azules\/#primaryimage\"},\"thumbnailUrl\":\"https:\/\/annaalbert.com\/wp-content\/uploads\/2019\/02\/163.jpg\",\"datePublished\":\"2019-03-21T17:50:36+00:00\",\"dateModified\":\"2025-10-15T09:00:38+00:00\",\"description\":\"Abanico de seda natural de flores azules que inspira serenidad. Ideal tanto para vestir como para ir con tejanos y no dejar de ir elegante.\",\"breadcrumb\":{\"@id\":\"https:\/\/annaalbert.com\/es\/producto-es\/abanico-seda-natural-flores-azules\/#breadcrumb\"},\"inLanguage\":\"es\",\"potentialAction\":[{\"@type\":\"ReadAction\",\"target\":[\"https:\/\/annaalbert.com\/es\/producto-es\/abanico-seda-natural-flores-azules\/\"]}]},{\"@type\":\"ImageObject\",\"inLanguage\":\"es\",\"@id\":\"https:\/\/annaalbert.com\/es\/producto-es\/abanico-seda-natural-flores-azules\/#primaryimage\",\"url\":\"https:\/\/annaalbert.com\/wp-content\/uploads\/2019\/02\/163.jpg\",\"contentUrl\":\"https:\/\/annaalbert.com\/wp-content\/uploads\/2019\/02\/163.jpg\",\"width\":800,\"height\":960,\"caption\":\"ventall seda natural flors blaves\"},{\"@type\":\"BreadcrumbList\",\"@id\":\"https:\/\/annaalbert.com\/es\/producto-es\/abanico-seda-natural-flores-azules\/#breadcrumb\",\"itemListElement\":[{\"@type\":\"ListItem\",\"position\":1,\"name\":\"Portada\",\"item\":\"https:\/\/annaalbert.com\/es\/\"},{\"@type\":\"ListItem\",\"position\":2,\"name\":\"Tienda\",\"item\":\"https:\/\/annaalbert.com\/tienda\/\"},{\"@type\":\"ListItem\",\"position\":3,\"name\":\"ABANICO DE SEDA NATURAL DE FLORES AZULES\"}]},{\"@type\":\"WebSite\",\"@id\":\"https:\/\/annaalbert.com\/es\/#website\",\"url\":\"https:\/\/annaalbert.com\/es\/\",\"name\":\"Art en Seda\",\"description\":\"Productos de seda pintada a mano, asi como cursos, talleres, experiencias por la artesana Anna Albert\",\"publisher\":{\"@id\":\"https:\/\/annaalbert.com\/es\/#organization\"},\"potentialAction\":[{\"@type\":\"SearchAction\",\"target\":{\"@type\":\"EntryPoint\",\"urlTemplate\":\"https:\/\/annaalbert.com\/es\/?s={search_term_string}\"},\"query-input\":{\"@type\":\"PropertyValueSpecification\",\"valueRequired\":true,\"valueName\":\"search_term_string\"}}],\"inLanguage\":\"es\"},{\"@type\":\"Organization\",\"@id\":\"https:\/\/annaalbert.com\/es\/#organization\",\"name\":\"Art en Seda by Anna Albert\",\"url\":\"https:\/\/annaalbert.com\/es\/\",\"logo\":{\"@type\":\"ImageObject\",\"inLanguage\":\"es\",\"@id\":\"https:\/\/annaalbert.com\/es\/#\/schema\/logo\/image\/\",\"url\":\"https:\/\/annaalbert.com\/wp-content\/uploads\/2021\/01\/horitzontal_fonsblanc-scaled.jpg\",\"contentUrl\":\"https:\/\/annaalbert.com\/wp-content\/uploads\/2021\/01\/horitzontal_fonsblanc-scaled.jpg\",\"width\":2560,\"height\":779,\"caption\":\"Art en Seda by Anna Albert\"},\"image\":{\"@id\":\"https:\/\/annaalbert.com\/es\/#\/schema\/logo\/image\/\"}}]}<\/script>\n<!-- \/ Yoast SEO plugin. -->","yoast_head_json":{"title":"Abanico de seda natural de flores azules - Art en Seda","description":"Abanico de seda natural de flores azules que inspira serenidad. Ideal tanto para vestir como para ir con tejanos y no dejar de ir elegante.","robots":{"index":"index","follow":"follow","max-snippet":"max-snippet:-1","max-image-preview":"max-image-preview:large","max-video-preview":"max-video-preview:-1"},"canonical":"https:\/\/annaalbert.com\/es\/producto-es\/abanico-seda-natural-flores-azules\/","og_locale":"es_ES","og_type":"article","og_title":"Abanico de seda natural de flores azules - Art en Seda","og_description":"Abanico de seda natural de flores azules que inspira serenidad. Ideal tanto para vestir como para ir con tejanos y no dejar de ir elegante.","og_url":"https:\/\/annaalbert.com\/es\/producto-es\/abanico-seda-natural-flores-azules\/","og_site_name":"Art en Seda","article_modified_time":"2025-10-15T09:00:38+00:00","og_image":[{"width":800,"height":960,"url":"https:\/\/annaalbert.com\/wp-content\/uploads\/2019\/02\/163.jpg","type":"image\/jpeg"}],"twitter_card":"summary_large_image","twitter_misc":{"Tiempo de lectura":"1 minuto"},"schema":{"@context":"https:\/\/schema.org","@graph":[{"@type":"WebPage","@id":"https:\/\/annaalbert.com\/es\/producto-es\/abanico-seda-natural-flores-azules\/","url":"https:\/\/annaalbert.com\/es\/producto-es\/abanico-seda-natural-flores-azules\/","name":"Abanico de seda natural de flores azules - Art en Seda","isPartOf":{"@id":"https:\/\/annaalbert.com\/es\/#website"},"primaryImageOfPage":{"@id":"https:\/\/annaalbert.com\/es\/producto-es\/abanico-seda-natural-flores-azules\/#primaryimage"},"image":{"@id":"https:\/\/annaalbert.com\/es\/producto-es\/abanico-seda-natural-flores-azules\/#primaryimage"},"thumbnailUrl":"https:\/\/annaalbert.com\/wp-content\/uploads\/2019\/02\/163.jpg","datePublished":"2019-03-21T17:50:36+00:00","dateModified":"2025-10-15T09:00:38+00:00","description":"Abanico de seda natural de flores azules que inspira serenidad. Ideal tanto para vestir como para ir con tejanos y no dejar de ir elegante.","breadcrumb":{"@id":"https:\/\/annaalbert.com\/es\/producto-es\/abanico-seda-natural-flores-azules\/#breadcrumb"},"inLanguage":"es","potentialAction":[{"@type":"ReadAction","target":["https:\/\/annaalbert.com\/es\/producto-es\/abanico-seda-natural-flores-azules\/"]}]},{"@type":"ImageObject","inLanguage":"es","@id":"https:\/\/annaalbert.com\/es\/producto-es\/abanico-seda-natural-flores-azules\/#primaryimage","url":"https:\/\/annaalbert.com\/wp-content\/uploads\/2019\/02\/163.jpg","contentUrl":"https:\/\/annaalbert.com\/wp-content\/uploads\/2019\/02\/163.jpg","width":800,"height":960,"caption":"ventall seda natural flors blaves"},{"@type":"BreadcrumbList","@id":"https:\/\/annaalbert.com\/es\/producto-es\/abanico-seda-natural-flores-azules\/#breadcrumb","itemListElement":[{"@type":"ListItem","position":1,"name":"Portada","item":"https:\/\/annaalbert.com\/es\/"},{"@type":"ListItem","position":2,"name":"Tienda","item":"https:\/\/annaalbert.com\/tienda\/"},{"@type":"ListItem","position":3,"name":"ABANICO DE SEDA NATURAL DE FLORES AZULES"}]},{"@type":"WebSite","@id":"https:\/\/annaalbert.com\/es\/#website","url":"https:\/\/annaalbert.com\/es\/","name":"Art en Seda","description":"Productos de seda pintada a mano, asi como cursos, talleres, experiencias por la artesana Anna Albert","publisher":{"@id":"https:\/\/annaalbert.com\/es\/#organization"},"potentialAction":[{"@type":"SearchAction","target":{"@type":"EntryPoint","urlTemplate":"https:\/\/annaalbert.com\/es\/?s={search_term_string}"},"query-input":{"@type":"PropertyValueSpecification","valueRequired":true,"valueName":"search_term_string"}}],"inLanguage":"es"},{"@type":"Organization","@id":"https:\/\/annaalbert.com\/es\/#organization","name":"Art en Seda by Anna Albert","url":"https:\/\/annaalbert.com\/es\/","logo":{"@type":"ImageObject","inLanguage":"es","@id":"https:\/\/annaalbert.com\/es\/#\/schema\/logo\/image\/","url":"https:\/\/annaalbert.com\/wp-content\/uploads\/2021\/01\/horitzontal_fonsblanc-scaled.jpg","contentUrl":"https:\/\/annaalbert.com\/wp-content\/uploads\/2021\/01\/horitzontal_fonsblanc-scaled.jpg","width":2560,"height":779,"caption":"Art en Seda by Anna Albert"},"image":{"@id":"https:\/\/annaalbert.com\/es\/#\/schema\/logo\/image\/"}}]}},"_links":{"self":[{"href":"https:\/\/annaalbert.com\/es\/wp-json\/wp\/v2\/product\/11271","targetHints":{"allow":["GET"]}}],"collection":[{"href":"https:\/\/annaalbert.com\/es\/wp-json\/wp\/v2\/product"}],"about":[{"href":"https:\/\/annaalbert.com\/es\/wp-json\/wp\/v2\/types\/product"}],"replies":[{"embeddable":true,"href":"https:\/\/annaalbert.com\/es\/wp-json\/wp\/v2\/comments?post=11271"}],"wp:featuredmedia":[{"embeddable":true,"href":"https:\/\/annaalbert.com\/es\/wp-json\/wp\/v2\/media\/4549"}],"wp:attachment":[{"href":"https:\/\/annaalbert.com\/es\/wp-json\/wp\/v2\/media?parent=11271"}],"wp:term":[{"taxonomy":"product_brand","embeddable":true,"href":"https:\/\/annaalbert.com\/es\/wp-json\/wp\/v2\/product_brand?post=11271"},{"taxonomy":"product_cat","embeddable":true,"href":"https:\/\/annaalbert.com\/es\/wp-json\/wp\/v2\/product_cat?post=11271"},{"taxonomy":"product_tag","embeddable":true,"href":"https:\/\/annaalbert.com\/es\/wp-json\/wp\/v2\/product_tag?post=11271"}],"curies":[{"name":"wp","href":"https:\/\/api.w.org\/{rel}","templated":true}]}}