{"id":11259,"date":"2019-03-21T17:50:36","date_gmt":"2019-03-21T17:50:36","guid":{"rendered":"https:\/\/annaalbert.com\/producto\/fular-seda-natural-flores-blanco\/"},"modified":"2025-10-21T13:33:29","modified_gmt":"2025-10-21T13:33:29","slug":"fular-seda-natural-flores-blanco","status":"publish","type":"product","link":"https:\/\/annaalbert.com\/es\/producto-es\/fular-seda-natural-flores-blanco\/","title":{"rendered":"PA\u00d1UELO DE SEDA NATURAL DE FLORES BLANCO"},"content":{"rendered":"<p>Pa\u00f1uelo de seda natural de flores blanco. Pieza \u00fanica pintada a mano.<\/p>\n<p style=\"text-align: justify;\">La \u00e9poca m\u00e1s apreciada por este pa\u00f1uelo es la primavera-verano. Aun as\u00ed complementa muy bien ligado en el cuello en oto\u00f1o-invierno y da mucha luz a la cara cuando vamos vestidos con colores m\u00e1s bien oscuros.<\/p>\n<p style=\"text-align: justify;\"><strong>Lo he realizado con seda muselina porque es una seda suave y vaporosa, una caricia por el cuerpo y el alma. Refrescante a las noches de verano y c\u00e1lida para los d\u00edas m\u00e1s fr\u00edos.<\/strong><\/p>\n<p style=\"text-align: justify;\">Me encanta pintar flores de colores que inspiran alegr\u00eda y bienestar. Flores que juegan y se esparcen por toda la superficie del pa\u00f1uelo como s\u00ed de una danza se tratara. Adem\u00e1s, color y m\u00e1s color contrasta con el blanco que tiene luz propia y el dorado de los perfiles.<\/p>\n<p style=\"text-align: justify;\">Artistas de todas las \u00e9pocas se han expresado a trav\u00e9s de las flores. <strong>En Barcelona solo hay que pasear y dejarse admirar por la arquitectura modernista disfrutando de infinidad de motivos florales tanto habituales en la obra de Gaud\u00ed, que recubren fachadas, mosaicos, pinturas y vitrales.<\/strong><\/p>\n<p style=\"text-align: justify;\">Estamos rodeados de flores tanto en el arte, como en los tejidos, en la decoraci\u00f3n, y es que las flores son la alegr\u00eda de la natura. Pasear por un campo de flores emana todo tipo de olores perfumadas y es un latido para todos los sentidos.<\/p>\n<p style=\"text-align: justify;\">Adem\u00e1s, este pa\u00f1uelo de seda natural de flores blanco se puede combinar con el <a href=\"https:\/\/annaalbert.com\/producto\/ventall-seda-natural-flors-grans\/\">\u00abABANICO EXOTIC FLOWERS\u00bb<\/a> y el <a href=\"https:\/\/annaalbert.com\/producto\/ventall-seda-natural-flors-colors\/\">\u00abABANICO COLORFUL FLOWERS\u00bb<\/a>.<\/p>\n","protected":false},"excerpt":{"rendered":"<p><strong>Fular de seda muselina<\/strong> de color blanco con flores de todos los colores.<\/p>\n<p> Medidas de 150&#215;40.<\/p>\n","protected":false},"featured_media":4534,"comment_status":"closed","ping_status":"closed","template":"","meta":{"_et_pb_use_builder":"","_et_pb_old_content":"","_et_gb_content_width":""},"product_brand":[],"product_cat":[174],"product_tag":[],"class_list":{"0":"post-11259","1":"product","2":"type-product","3":"status-publish","4":"has-post-thumbnail","6":"product_cat-fulards","8":"first","9":"instock","10":"purchasable","11":"product-type-simple"},"yoast_head":"<!-- This site is optimized with the Yoast SEO plugin v27.0 - https:\/\/yoast.com\/product\/yoast-seo-wordpress\/ -->\n<title>Pa\u00f1uelo de seda natural de flores blanco - Art en Seda<\/title>\n<meta name=\"description\" content=\"Pa\u00f1uelo de seda natural de flores blanco que recuerdan la primavera. Pieza \u00fanica pintada a mano hecha con seda muselina. Ligero, elegante y sensual.\" \/>\n<meta name=\"robots\" content=\"index, follow, max-snippet:-1, max-image-preview:large, max-video-preview:-1\" \/>\n<link rel=\"canonical\" href=\"https:\/\/annaalbert.com\/es\/producto-es\/fular-seda-natural-flores-blanco\/\" \/>\n<meta property=\"og:locale\" content=\"es_ES\" \/>\n<meta property=\"og:type\" content=\"article\" \/>\n<meta property=\"og:title\" content=\"Pa\u00f1uelo de seda natural de flores blanco - Art en Seda\" \/>\n<meta property=\"og:description\" content=\"Pa\u00f1uelo de seda natural de flores blanco que recuerdan la primavera. Pieza \u00fanica pintada a mano hecha con seda muselina. Ligero, elegante y sensual.\" \/>\n<meta property=\"og:url\" content=\"https:\/\/annaalbert.com\/es\/producto-es\/fular-seda-natural-flores-blanco\/\" \/>\n<meta property=\"og:site_name\" content=\"Art en Seda\" \/>\n<meta property=\"article:modified_time\" content=\"2025-10-21T13:33:29+00:00\" \/>\n<meta property=\"og:image\" content=\"https:\/\/annaalbert.com\/wp-content\/uploads\/2019\/02\/128.jpg\" \/>\n\t<meta property=\"og:image:width\" content=\"800\" \/>\n\t<meta property=\"og:image:height\" content=\"960\" \/>\n\t<meta property=\"og:image:type\" content=\"image\/jpeg\" \/>\n<meta name=\"twitter:card\" content=\"summary_large_image\" \/>\n<meta name=\"twitter:label1\" content=\"Tiempo de lectura\" \/>\n\t<meta name=\"twitter:data1\" content=\"1 minuto\" \/>\n<script type=\"application\/ld+json\" class=\"yoast-schema-graph\">{\"@context\":\"https:\/\/schema.org\",\"@graph\":[{\"@type\":\"WebPage\",\"@id\":\"https:\/\/annaalbert.com\/es\/producto-es\/fular-seda-natural-flores-blanco\/\",\"url\":\"https:\/\/annaalbert.com\/es\/producto-es\/fular-seda-natural-flores-blanco\/\",\"name\":\"Pa\u00f1uelo de seda natural de flores blanco - Art en Seda\",\"isPartOf\":{\"@id\":\"https:\/\/annaalbert.com\/es\/#website\"},\"primaryImageOfPage\":{\"@id\":\"https:\/\/annaalbert.com\/es\/producto-es\/fular-seda-natural-flores-blanco\/#primaryimage\"},\"image\":{\"@id\":\"https:\/\/annaalbert.com\/es\/producto-es\/fular-seda-natural-flores-blanco\/#primaryimage\"},\"thumbnailUrl\":\"https:\/\/annaalbert.com\/wp-content\/uploads\/2019\/02\/128.jpg\",\"datePublished\":\"2019-03-21T17:50:36+00:00\",\"dateModified\":\"2025-10-21T13:33:29+00:00\",\"description\":\"Pa\u00f1uelo de seda natural de flores blanco que recuerdan la primavera. Pieza \u00fanica pintada a mano hecha con seda muselina. Ligero, elegante y sensual.\",\"breadcrumb\":{\"@id\":\"https:\/\/annaalbert.com\/es\/producto-es\/fular-seda-natural-flores-blanco\/#breadcrumb\"},\"inLanguage\":\"es\",\"potentialAction\":[{\"@type\":\"ReadAction\",\"target\":[\"https:\/\/annaalbert.com\/es\/producto-es\/fular-seda-natural-flores-blanco\/\"]}]},{\"@type\":\"ImageObject\",\"inLanguage\":\"es\",\"@id\":\"https:\/\/annaalbert.com\/es\/producto-es\/fular-seda-natural-flores-blanco\/#primaryimage\",\"url\":\"https:\/\/annaalbert.com\/wp-content\/uploads\/2019\/02\/128.jpg\",\"contentUrl\":\"https:\/\/annaalbert.com\/wp-content\/uploads\/2019\/02\/128.jpg\",\"width\":800,\"height\":960,\"caption\":\"fulard seda natural flors blanc\"},{\"@type\":\"BreadcrumbList\",\"@id\":\"https:\/\/annaalbert.com\/es\/producto-es\/fular-seda-natural-flores-blanco\/#breadcrumb\",\"itemListElement\":[{\"@type\":\"ListItem\",\"position\":1,\"name\":\"Portada\",\"item\":\"https:\/\/annaalbert.com\/es\/\"},{\"@type\":\"ListItem\",\"position\":2,\"name\":\"Tienda\",\"item\":\"https:\/\/annaalbert.com\/tienda\/\"},{\"@type\":\"ListItem\",\"position\":3,\"name\":\"PA\u00d1UELO DE SEDA NATURAL DE FLORES BLANCO\"}]},{\"@type\":\"WebSite\",\"@id\":\"https:\/\/annaalbert.com\/es\/#website\",\"url\":\"https:\/\/annaalbert.com\/es\/\",\"name\":\"Art en Seda\",\"description\":\"Productos de seda pintada a mano, asi como cursos, talleres, experiencias por la artesana Anna Albert\",\"publisher\":{\"@id\":\"https:\/\/annaalbert.com\/es\/#organization\"},\"potentialAction\":[{\"@type\":\"SearchAction\",\"target\":{\"@type\":\"EntryPoint\",\"urlTemplate\":\"https:\/\/annaalbert.com\/es\/?s={search_term_string}\"},\"query-input\":{\"@type\":\"PropertyValueSpecification\",\"valueRequired\":true,\"valueName\":\"search_term_string\"}}],\"inLanguage\":\"es\"},{\"@type\":\"Organization\",\"@id\":\"https:\/\/annaalbert.com\/es\/#organization\",\"name\":\"Art en Seda by Anna Albert\",\"url\":\"https:\/\/annaalbert.com\/es\/\",\"logo\":{\"@type\":\"ImageObject\",\"inLanguage\":\"es\",\"@id\":\"https:\/\/annaalbert.com\/es\/#\/schema\/logo\/image\/\",\"url\":\"https:\/\/annaalbert.com\/wp-content\/uploads\/2021\/01\/horitzontal_fonsblanc-scaled.jpg\",\"contentUrl\":\"https:\/\/annaalbert.com\/wp-content\/uploads\/2021\/01\/horitzontal_fonsblanc-scaled.jpg\",\"width\":2560,\"height\":779,\"caption\":\"Art en Seda by Anna Albert\"},\"image\":{\"@id\":\"https:\/\/annaalbert.com\/es\/#\/schema\/logo\/image\/\"}}]}<\/script>\n<!-- \/ Yoast SEO plugin. -->","yoast_head_json":{"title":"Pa\u00f1uelo de seda natural de flores blanco - Art en Seda","description":"Pa\u00f1uelo de seda natural de flores blanco que recuerdan la primavera. Pieza \u00fanica pintada a mano hecha con seda muselina. Ligero, elegante y sensual.","robots":{"index":"index","follow":"follow","max-snippet":"max-snippet:-1","max-image-preview":"max-image-preview:large","max-video-preview":"max-video-preview:-1"},"canonical":"https:\/\/annaalbert.com\/es\/producto-es\/fular-seda-natural-flores-blanco\/","og_locale":"es_ES","og_type":"article","og_title":"Pa\u00f1uelo de seda natural de flores blanco - Art en Seda","og_description":"Pa\u00f1uelo de seda natural de flores blanco que recuerdan la primavera. Pieza \u00fanica pintada a mano hecha con seda muselina. Ligero, elegante y sensual.","og_url":"https:\/\/annaalbert.com\/es\/producto-es\/fular-seda-natural-flores-blanco\/","og_site_name":"Art en Seda","article_modified_time":"2025-10-21T13:33:29+00:00","og_image":[{"width":800,"height":960,"url":"https:\/\/annaalbert.com\/wp-content\/uploads\/2019\/02\/128.jpg","type":"image\/jpeg"}],"twitter_card":"summary_large_image","twitter_misc":{"Tiempo de lectura":"1 minuto"},"schema":{"@context":"https:\/\/schema.org","@graph":[{"@type":"WebPage","@id":"https:\/\/annaalbert.com\/es\/producto-es\/fular-seda-natural-flores-blanco\/","url":"https:\/\/annaalbert.com\/es\/producto-es\/fular-seda-natural-flores-blanco\/","name":"Pa\u00f1uelo de seda natural de flores blanco - Art en Seda","isPartOf":{"@id":"https:\/\/annaalbert.com\/es\/#website"},"primaryImageOfPage":{"@id":"https:\/\/annaalbert.com\/es\/producto-es\/fular-seda-natural-flores-blanco\/#primaryimage"},"image":{"@id":"https:\/\/annaalbert.com\/es\/producto-es\/fular-seda-natural-flores-blanco\/#primaryimage"},"thumbnailUrl":"https:\/\/annaalbert.com\/wp-content\/uploads\/2019\/02\/128.jpg","datePublished":"2019-03-21T17:50:36+00:00","dateModified":"2025-10-21T13:33:29+00:00","description":"Pa\u00f1uelo de seda natural de flores blanco que recuerdan la primavera. Pieza \u00fanica pintada a mano hecha con seda muselina. Ligero, elegante y sensual.","breadcrumb":{"@id":"https:\/\/annaalbert.com\/es\/producto-es\/fular-seda-natural-flores-blanco\/#breadcrumb"},"inLanguage":"es","potentialAction":[{"@type":"ReadAction","target":["https:\/\/annaalbert.com\/es\/producto-es\/fular-seda-natural-flores-blanco\/"]}]},{"@type":"ImageObject","inLanguage":"es","@id":"https:\/\/annaalbert.com\/es\/producto-es\/fular-seda-natural-flores-blanco\/#primaryimage","url":"https:\/\/annaalbert.com\/wp-content\/uploads\/2019\/02\/128.jpg","contentUrl":"https:\/\/annaalbert.com\/wp-content\/uploads\/2019\/02\/128.jpg","width":800,"height":960,"caption":"fulard seda natural flors blanc"},{"@type":"BreadcrumbList","@id":"https:\/\/annaalbert.com\/es\/producto-es\/fular-seda-natural-flores-blanco\/#breadcrumb","itemListElement":[{"@type":"ListItem","position":1,"name":"Portada","item":"https:\/\/annaalbert.com\/es\/"},{"@type":"ListItem","position":2,"name":"Tienda","item":"https:\/\/annaalbert.com\/tienda\/"},{"@type":"ListItem","position":3,"name":"PA\u00d1UELO DE SEDA NATURAL DE FLORES BLANCO"}]},{"@type":"WebSite","@id":"https:\/\/annaalbert.com\/es\/#website","url":"https:\/\/annaalbert.com\/es\/","name":"Art en Seda","description":"Productos de seda pintada a mano, asi como cursos, talleres, experiencias por la artesana Anna Albert","publisher":{"@id":"https:\/\/annaalbert.com\/es\/#organization"},"potentialAction":[{"@type":"SearchAction","target":{"@type":"EntryPoint","urlTemplate":"https:\/\/annaalbert.com\/es\/?s={search_term_string}"},"query-input":{"@type":"PropertyValueSpecification","valueRequired":true,"valueName":"search_term_string"}}],"inLanguage":"es"},{"@type":"Organization","@id":"https:\/\/annaalbert.com\/es\/#organization","name":"Art en Seda by Anna Albert","url":"https:\/\/annaalbert.com\/es\/","logo":{"@type":"ImageObject","inLanguage":"es","@id":"https:\/\/annaalbert.com\/es\/#\/schema\/logo\/image\/","url":"https:\/\/annaalbert.com\/wp-content\/uploads\/2021\/01\/horitzontal_fonsblanc-scaled.jpg","contentUrl":"https:\/\/annaalbert.com\/wp-content\/uploads\/2021\/01\/horitzontal_fonsblanc-scaled.jpg","width":2560,"height":779,"caption":"Art en Seda by Anna Albert"},"image":{"@id":"https:\/\/annaalbert.com\/es\/#\/schema\/logo\/image\/"}}]}},"_links":{"self":[{"href":"https:\/\/annaalbert.com\/es\/wp-json\/wp\/v2\/product\/11259","targetHints":{"allow":["GET"]}}],"collection":[{"href":"https:\/\/annaalbert.com\/es\/wp-json\/wp\/v2\/product"}],"about":[{"href":"https:\/\/annaalbert.com\/es\/wp-json\/wp\/v2\/types\/product"}],"replies":[{"embeddable":true,"href":"https:\/\/annaalbert.com\/es\/wp-json\/wp\/v2\/comments?post=11259"}],"wp:featuredmedia":[{"embeddable":true,"href":"https:\/\/annaalbert.com\/es\/wp-json\/wp\/v2\/media\/4534"}],"wp:attachment":[{"href":"https:\/\/annaalbert.com\/es\/wp-json\/wp\/v2\/media?parent=11259"}],"wp:term":[{"taxonomy":"product_brand","embeddable":true,"href":"https:\/\/annaalbert.com\/es\/wp-json\/wp\/v2\/product_brand?post=11259"},{"taxonomy":"product_cat","embeddable":true,"href":"https:\/\/annaalbert.com\/es\/wp-json\/wp\/v2\/product_cat?post=11259"},{"taxonomy":"product_tag","embeddable":true,"href":"https:\/\/annaalbert.com\/es\/wp-json\/wp\/v2\/product_tag?post=11259"}],"curies":[{"name":"wp","href":"https:\/\/api.w.org\/{rel}","templated":true}]}}