{"id":11257,"date":"2019-03-21T17:50:36","date_gmt":"2019-03-21T17:50:36","guid":{"rendered":"https:\/\/annaalbert.com\/producto\/buff-seda-natural-flores-marrones\/"},"modified":"2024-04-09T15:04:55","modified_gmt":"2024-04-09T15:04:55","slug":"buff-seda-natural-flores-marrones","status":"publish","type":"product","link":"https:\/\/annaalbert.com\/es\/producto-es\/buff-seda-natural-flores-marrones\/","title":{"rendered":"BUFF DE SEDA NATURAL DE FLORES MARRONES"},"content":{"rendered":"<p>Descubre la elegancia y la suavidad excepcionales con nuestro buff de seda natural de flores marrones. Cada pieza es una obra de arte \u00fanica, donde la seda se convierte en un lienzo que captura la belleza de la natura con flores en varios tonos de marr\u00f3n.<\/p>\n<p>Este buff de seda no solo te proporciona una sensaci\u00f3n lujosa al tacto, sino que tambi\u00e9n es una expresi\u00f3n de tu personalidad refinada. Las flores meticulosamente pintadas en tonos marrones ofrecen una combinaci\u00f3n de calidez y elegancia que cumple las expectativas de los amantes de la moda con gusto exquisito.<\/p>\n<p>Imag\u00ednate lucir esta pieza en cualquier ocasi\u00f3n: desde encuentros casuales hasta acontecimientos especiales. Las flores en marr\u00f3n terroso mantienen un equilibrio sutil, a\u00f1adiendo un toque de sofisticaci\u00f3n sin perder la naturalidad que inspira la misma natura.<\/p>\n<p>La seda natural, con su textura ligera y transpirable, te permite llevar este buff con comodidad durante todo el a\u00f1o. Es la fusi\u00f3n perfecta entre la moda y el confort, ofreciendo una experiencia de puerto \u00fanicamente tuya.<\/p>\n<p>Aqu\u00ed lo presentamos de forma innovadora mezclando polar y seda pintada a mano, encontrando el punto de equilibrio al calentar y lucir un complemento colorista original.<\/p>\n<p>Adem\u00e1s, nos permite llevarlo de diferentes maneras, unas m\u00e1s deporte, otros m\u00e1s para vestir. Este buff de seda natural de flores marrones est\u00e1 pensado para gente joven y no tan joven.<\/p>\n","protected":false},"excerpt":{"rendered":"<p>Buff de polar de color beis y seda pintada con flores marrones<\/p>\n","protected":false},"featured_media":4531,"comment_status":"closed","ping_status":"closed","template":"","meta":{"_et_pb_use_builder":"","_et_pb_old_content":"","_et_gb_content_width":""},"product_brand":[],"product_cat":[417,416],"product_tag":[],"class_list":{"0":"post-11257","1":"product","2":"type-product","3":"status-publish","4":"has-post-thumbnail","6":"product_cat-buff-es","7":"product_cat-otros-complementos-es","9":"first","10":"instock","11":"purchasable","12":"product-type-simple"},"yoast_head":"<!-- This site is optimized with the Yoast SEO plugin v27.0 - https:\/\/yoast.com\/product\/yoast-seo-wordpress\/ -->\n<title>Buff de seda natural de flores marrones - Art en Seda<\/title>\n<meta name=\"description\" content=\"Buff de seda natural de flores marrones \u00fatil y pr\u00e1ctico en tiempo de fr\u00edo. Nos permite llevarlo de diferentes maneras, tanto para deporte como para vestir.\" \/>\n<meta name=\"robots\" content=\"index, follow, max-snippet:-1, max-image-preview:large, max-video-preview:-1\" \/>\n<link rel=\"canonical\" href=\"https:\/\/annaalbert.com\/es\/producto-es\/buff-seda-natural-flores-marrones\/\" \/>\n<meta property=\"og:locale\" content=\"es_ES\" \/>\n<meta property=\"og:type\" content=\"article\" \/>\n<meta property=\"og:title\" content=\"Buff de seda natural de flores marrones - Art en Seda\" \/>\n<meta property=\"og:description\" content=\"Buff de seda natural de flores marrones \u00fatil y pr\u00e1ctico en tiempo de fr\u00edo. Nos permite llevarlo de diferentes maneras, tanto para deporte como para vestir.\" \/>\n<meta property=\"og:url\" content=\"https:\/\/annaalbert.com\/es\/producto-es\/buff-seda-natural-flores-marrones\/\" \/>\n<meta property=\"og:site_name\" content=\"Art en Seda\" \/>\n<meta property=\"article:modified_time\" content=\"2024-04-09T15:04:55+00:00\" \/>\n<meta property=\"og:image\" content=\"https:\/\/annaalbert.com\/wp-content\/uploads\/2019\/02\/438.jpg\" \/>\n\t<meta property=\"og:image:width\" content=\"800\" \/>\n\t<meta property=\"og:image:height\" content=\"960\" \/>\n\t<meta property=\"og:image:type\" content=\"image\/jpeg\" \/>\n<meta name=\"twitter:card\" content=\"summary_large_image\" \/>\n<meta name=\"twitter:label1\" content=\"Tiempo de lectura\" \/>\n\t<meta name=\"twitter:data1\" content=\"1 minuto\" \/>\n<script type=\"application\/ld+json\" class=\"yoast-schema-graph\">{\"@context\":\"https:\/\/schema.org\",\"@graph\":[{\"@type\":\"WebPage\",\"@id\":\"https:\/\/annaalbert.com\/es\/producto-es\/buff-seda-natural-flores-marrones\/\",\"url\":\"https:\/\/annaalbert.com\/es\/producto-es\/buff-seda-natural-flores-marrones\/\",\"name\":\"Buff de seda natural de flores marrones - Art en Seda\",\"isPartOf\":{\"@id\":\"https:\/\/annaalbert.com\/es\/#website\"},\"primaryImageOfPage\":{\"@id\":\"https:\/\/annaalbert.com\/es\/producto-es\/buff-seda-natural-flores-marrones\/#primaryimage\"},\"image\":{\"@id\":\"https:\/\/annaalbert.com\/es\/producto-es\/buff-seda-natural-flores-marrones\/#primaryimage\"},\"thumbnailUrl\":\"https:\/\/annaalbert.com\/wp-content\/uploads\/2019\/02\/438.jpg\",\"datePublished\":\"2019-03-21T17:50:36+00:00\",\"dateModified\":\"2024-04-09T15:04:55+00:00\",\"description\":\"Buff de seda natural de flores marrones \u00fatil y pr\u00e1ctico en tiempo de fr\u00edo. Nos permite llevarlo de diferentes maneras, tanto para deporte como para vestir.\",\"breadcrumb\":{\"@id\":\"https:\/\/annaalbert.com\/es\/producto-es\/buff-seda-natural-flores-marrones\/#breadcrumb\"},\"inLanguage\":\"es\",\"potentialAction\":[{\"@type\":\"ReadAction\",\"target\":[\"https:\/\/annaalbert.com\/es\/producto-es\/buff-seda-natural-flores-marrones\/\"]}]},{\"@type\":\"ImageObject\",\"inLanguage\":\"es\",\"@id\":\"https:\/\/annaalbert.com\/es\/producto-es\/buff-seda-natural-flores-marrones\/#primaryimage\",\"url\":\"https:\/\/annaalbert.com\/wp-content\/uploads\/2019\/02\/438.jpg\",\"contentUrl\":\"https:\/\/annaalbert.com\/wp-content\/uploads\/2019\/02\/438.jpg\",\"width\":800,\"height\":960,\"caption\":\"Buff seda natural flors marrones\"},{\"@type\":\"BreadcrumbList\",\"@id\":\"https:\/\/annaalbert.com\/es\/producto-es\/buff-seda-natural-flores-marrones\/#breadcrumb\",\"itemListElement\":[{\"@type\":\"ListItem\",\"position\":1,\"name\":\"Portada\",\"item\":\"https:\/\/annaalbert.com\/es\/\"},{\"@type\":\"ListItem\",\"position\":2,\"name\":\"Tienda\",\"item\":\"https:\/\/annaalbert.com\/tienda\/\"},{\"@type\":\"ListItem\",\"position\":3,\"name\":\"BUFF DE SEDA NATURAL DE FLORES MARRONES\"}]},{\"@type\":\"WebSite\",\"@id\":\"https:\/\/annaalbert.com\/es\/#website\",\"url\":\"https:\/\/annaalbert.com\/es\/\",\"name\":\"Art en Seda\",\"description\":\"Productos de seda pintada a mano, asi como cursos, talleres, experiencias por la artesana Anna Albert\",\"publisher\":{\"@id\":\"https:\/\/annaalbert.com\/es\/#organization\"},\"potentialAction\":[{\"@type\":\"SearchAction\",\"target\":{\"@type\":\"EntryPoint\",\"urlTemplate\":\"https:\/\/annaalbert.com\/es\/?s={search_term_string}\"},\"query-input\":{\"@type\":\"PropertyValueSpecification\",\"valueRequired\":true,\"valueName\":\"search_term_string\"}}],\"inLanguage\":\"es\"},{\"@type\":\"Organization\",\"@id\":\"https:\/\/annaalbert.com\/es\/#organization\",\"name\":\"Art en Seda by Anna Albert\",\"url\":\"https:\/\/annaalbert.com\/es\/\",\"logo\":{\"@type\":\"ImageObject\",\"inLanguage\":\"es\",\"@id\":\"https:\/\/annaalbert.com\/es\/#\/schema\/logo\/image\/\",\"url\":\"https:\/\/annaalbert.com\/wp-content\/uploads\/2021\/01\/horitzontal_fonsblanc-scaled.jpg\",\"contentUrl\":\"https:\/\/annaalbert.com\/wp-content\/uploads\/2021\/01\/horitzontal_fonsblanc-scaled.jpg\",\"width\":2560,\"height\":779,\"caption\":\"Art en Seda by Anna Albert\"},\"image\":{\"@id\":\"https:\/\/annaalbert.com\/es\/#\/schema\/logo\/image\/\"}}]}<\/script>\n<!-- \/ Yoast SEO plugin. -->","yoast_head_json":{"title":"Buff de seda natural de flores marrones - Art en Seda","description":"Buff de seda natural de flores marrones \u00fatil y pr\u00e1ctico en tiempo de fr\u00edo. Nos permite llevarlo de diferentes maneras, tanto para deporte como para vestir.","robots":{"index":"index","follow":"follow","max-snippet":"max-snippet:-1","max-image-preview":"max-image-preview:large","max-video-preview":"max-video-preview:-1"},"canonical":"https:\/\/annaalbert.com\/es\/producto-es\/buff-seda-natural-flores-marrones\/","og_locale":"es_ES","og_type":"article","og_title":"Buff de seda natural de flores marrones - Art en Seda","og_description":"Buff de seda natural de flores marrones \u00fatil y pr\u00e1ctico en tiempo de fr\u00edo. Nos permite llevarlo de diferentes maneras, tanto para deporte como para vestir.","og_url":"https:\/\/annaalbert.com\/es\/producto-es\/buff-seda-natural-flores-marrones\/","og_site_name":"Art en Seda","article_modified_time":"2024-04-09T15:04:55+00:00","og_image":[{"width":800,"height":960,"url":"https:\/\/annaalbert.com\/wp-content\/uploads\/2019\/02\/438.jpg","type":"image\/jpeg"}],"twitter_card":"summary_large_image","twitter_misc":{"Tiempo de lectura":"1 minuto"},"schema":{"@context":"https:\/\/schema.org","@graph":[{"@type":"WebPage","@id":"https:\/\/annaalbert.com\/es\/producto-es\/buff-seda-natural-flores-marrones\/","url":"https:\/\/annaalbert.com\/es\/producto-es\/buff-seda-natural-flores-marrones\/","name":"Buff de seda natural de flores marrones - Art en Seda","isPartOf":{"@id":"https:\/\/annaalbert.com\/es\/#website"},"primaryImageOfPage":{"@id":"https:\/\/annaalbert.com\/es\/producto-es\/buff-seda-natural-flores-marrones\/#primaryimage"},"image":{"@id":"https:\/\/annaalbert.com\/es\/producto-es\/buff-seda-natural-flores-marrones\/#primaryimage"},"thumbnailUrl":"https:\/\/annaalbert.com\/wp-content\/uploads\/2019\/02\/438.jpg","datePublished":"2019-03-21T17:50:36+00:00","dateModified":"2024-04-09T15:04:55+00:00","description":"Buff de seda natural de flores marrones \u00fatil y pr\u00e1ctico en tiempo de fr\u00edo. Nos permite llevarlo de diferentes maneras, tanto para deporte como para vestir.","breadcrumb":{"@id":"https:\/\/annaalbert.com\/es\/producto-es\/buff-seda-natural-flores-marrones\/#breadcrumb"},"inLanguage":"es","potentialAction":[{"@type":"ReadAction","target":["https:\/\/annaalbert.com\/es\/producto-es\/buff-seda-natural-flores-marrones\/"]}]},{"@type":"ImageObject","inLanguage":"es","@id":"https:\/\/annaalbert.com\/es\/producto-es\/buff-seda-natural-flores-marrones\/#primaryimage","url":"https:\/\/annaalbert.com\/wp-content\/uploads\/2019\/02\/438.jpg","contentUrl":"https:\/\/annaalbert.com\/wp-content\/uploads\/2019\/02\/438.jpg","width":800,"height":960,"caption":"Buff seda natural flors marrones"},{"@type":"BreadcrumbList","@id":"https:\/\/annaalbert.com\/es\/producto-es\/buff-seda-natural-flores-marrones\/#breadcrumb","itemListElement":[{"@type":"ListItem","position":1,"name":"Portada","item":"https:\/\/annaalbert.com\/es\/"},{"@type":"ListItem","position":2,"name":"Tienda","item":"https:\/\/annaalbert.com\/tienda\/"},{"@type":"ListItem","position":3,"name":"BUFF DE SEDA NATURAL DE FLORES MARRONES"}]},{"@type":"WebSite","@id":"https:\/\/annaalbert.com\/es\/#website","url":"https:\/\/annaalbert.com\/es\/","name":"Art en Seda","description":"Productos de seda pintada a mano, asi como cursos, talleres, experiencias por la artesana Anna Albert","publisher":{"@id":"https:\/\/annaalbert.com\/es\/#organization"},"potentialAction":[{"@type":"SearchAction","target":{"@type":"EntryPoint","urlTemplate":"https:\/\/annaalbert.com\/es\/?s={search_term_string}"},"query-input":{"@type":"PropertyValueSpecification","valueRequired":true,"valueName":"search_term_string"}}],"inLanguage":"es"},{"@type":"Organization","@id":"https:\/\/annaalbert.com\/es\/#organization","name":"Art en Seda by Anna Albert","url":"https:\/\/annaalbert.com\/es\/","logo":{"@type":"ImageObject","inLanguage":"es","@id":"https:\/\/annaalbert.com\/es\/#\/schema\/logo\/image\/","url":"https:\/\/annaalbert.com\/wp-content\/uploads\/2021\/01\/horitzontal_fonsblanc-scaled.jpg","contentUrl":"https:\/\/annaalbert.com\/wp-content\/uploads\/2021\/01\/horitzontal_fonsblanc-scaled.jpg","width":2560,"height":779,"caption":"Art en Seda by Anna Albert"},"image":{"@id":"https:\/\/annaalbert.com\/es\/#\/schema\/logo\/image\/"}}]}},"_links":{"self":[{"href":"https:\/\/annaalbert.com\/es\/wp-json\/wp\/v2\/product\/11257","targetHints":{"allow":["GET"]}}],"collection":[{"href":"https:\/\/annaalbert.com\/es\/wp-json\/wp\/v2\/product"}],"about":[{"href":"https:\/\/annaalbert.com\/es\/wp-json\/wp\/v2\/types\/product"}],"replies":[{"embeddable":true,"href":"https:\/\/annaalbert.com\/es\/wp-json\/wp\/v2\/comments?post=11257"}],"wp:featuredmedia":[{"embeddable":true,"href":"https:\/\/annaalbert.com\/es\/wp-json\/wp\/v2\/media\/4531"}],"wp:attachment":[{"href":"https:\/\/annaalbert.com\/es\/wp-json\/wp\/v2\/media?parent=11257"}],"wp:term":[{"taxonomy":"product_brand","embeddable":true,"href":"https:\/\/annaalbert.com\/es\/wp-json\/wp\/v2\/product_brand?post=11257"},{"taxonomy":"product_cat","embeddable":true,"href":"https:\/\/annaalbert.com\/es\/wp-json\/wp\/v2\/product_cat?post=11257"},{"taxonomy":"product_tag","embeddable":true,"href":"https:\/\/annaalbert.com\/es\/wp-json\/wp\/v2\/product_tag?post=11257"}],"curies":[{"name":"wp","href":"https:\/\/api.w.org\/{rel}","templated":true}]}}