{"id":11256,"date":"2019-03-21T17:50:36","date_gmt":"2019-03-21T17:50:36","guid":{"rendered":"https:\/\/annaalbert.com\/producto\/abanico-seda-natural-hojas-otono\/"},"modified":"2025-10-15T08:54:58","modified_gmt":"2025-10-15T08:54:58","slug":"abanico-seda-natural-hojas-otono","status":"publish","type":"product","link":"https:\/\/annaalbert.com\/es\/producto-es\/abanico-seda-natural-hojas-otono\/","title":{"rendered":"ABANICO SEDA NATURAL HOJAS OTO\u00d1O"},"content":{"rendered":"<p>Este abanico seda natural hojas oto\u00f1o y de madera de peral est\u00e1 inspirado con el <strong>oto\u00f1o y las hojas<\/strong> de los plataneros que caen invadiendo las calles. Nace concretamente de una \u00e9poca que paseaba a menudo por la Riera de <strong>Arenys de Munt<\/strong>, en el Maresme (Barcelona), una riera arenosa llena de estos \u00e1rboles a ambos lados.<\/p>\n<p>El abanico es un complemento que cada vez se lleva m\u00e1s. Ha dejado de ser exclusivo de la mujer madura y cada vez se ven m\u00e1s chicas j\u00f3venes y hombres que lo utilizan como accesorio.<\/p>\n<p>Tambi\u00e9n es un objeto pr\u00e1ctico para abanicarnos en momentos de calor pero tambi\u00e9n es un objeto decorativo y de coleccionista.<\/p>\n<p>Adem\u00e1s, se ha convertido en un regalo t\u00edpico por el p\u00fablico extranjero dada nuestra tradici\u00f3n cultural que nos llega de la Asia del siglo XVIII.<\/p>\n<p>Este abanico seda natural hojas oto\u00f1o tiene las varillas de madera de peral, muy apreciada por su calidad.<\/p>\n<p>Es m\u00e1s, esta madera es resistente y ligera, no pesa y se abre y se cierra muy bien.<\/p>\n<p>Un abanico de estas caracter\u00edsticas es laborioso de realizar. Primero se pinta la seda a mano, se fija el color a alta temperatura, se lava, se tiene que almidonar para poder plisar y montar las varillas. Y todo, se hace <strong>artesanalmente<\/strong>.<\/p>\n","protected":false},"excerpt":{"rendered":"<p>Abanico de seda y madera de peral con hojas de oto\u00f1o.<\/p>\n<p> Medidas de 42&#215;23.<\/p>\n","protected":false},"featured_media":4528,"comment_status":"closed","ping_status":"closed","template":"","meta":{"_et_pb_use_builder":"","_et_pb_old_content":"","_et_gb_content_width":""},"product_brand":[],"product_cat":[402],"product_tag":[],"class_list":{"0":"post-11256","1":"product","2":"type-product","3":"status-publish","4":"has-post-thumbnail","6":"product_cat-abanicos-es","8":"first","9":"outofstock","10":"purchasable","11":"product-type-simple"},"yoast_head":"<!-- This site is optimized with the Yoast SEO plugin v27.0 - https:\/\/yoast.com\/product\/yoast-seo-wordpress\/ -->\n<title>Abanico seda natural hojas oto\u00f1o - Art en Seda<\/title>\n<meta name=\"description\" content=\"Abanico seda natural hojas oto\u00f1o artesanal. Inspirado en el oto\u00f1o y las hojas de los plataneros que caen invadiendo las calles.\" \/>\n<meta name=\"robots\" content=\"index, follow, max-snippet:-1, max-image-preview:large, max-video-preview:-1\" \/>\n<link rel=\"canonical\" href=\"https:\/\/annaalbert.com\/es\/producto-es\/abanico-seda-natural-hojas-otono\/\" \/>\n<meta property=\"og:locale\" content=\"es_ES\" \/>\n<meta property=\"og:type\" content=\"article\" \/>\n<meta property=\"og:title\" content=\"Abanico seda natural hojas oto\u00f1o - Art en Seda\" \/>\n<meta property=\"og:description\" content=\"Abanico seda natural hojas oto\u00f1o artesanal. Inspirado en el oto\u00f1o y las hojas de los plataneros que caen invadiendo las calles.\" \/>\n<meta property=\"og:url\" content=\"https:\/\/annaalbert.com\/es\/producto-es\/abanico-seda-natural-hojas-otono\/\" \/>\n<meta property=\"og:site_name\" content=\"Art en Seda\" \/>\n<meta property=\"article:modified_time\" content=\"2025-10-15T08:54:58+00:00\" \/>\n<meta property=\"og:image\" content=\"https:\/\/annaalbert.com\/wp-content\/uploads\/2019\/02\/36-1.jpg\" \/>\n\t<meta property=\"og:image:width\" content=\"500\" \/>\n\t<meta property=\"og:image:height\" content=\"600\" \/>\n\t<meta property=\"og:image:type\" content=\"image\/jpeg\" \/>\n<meta name=\"twitter:card\" content=\"summary_large_image\" \/>\n<meta name=\"twitter:label1\" content=\"Tiempo de lectura\" \/>\n\t<meta name=\"twitter:data1\" content=\"1 minuto\" \/>\n<script type=\"application\/ld+json\" class=\"yoast-schema-graph\">{\"@context\":\"https:\/\/schema.org\",\"@graph\":[{\"@type\":\"WebPage\",\"@id\":\"https:\/\/annaalbert.com\/es\/producto-es\/abanico-seda-natural-hojas-otono\/\",\"url\":\"https:\/\/annaalbert.com\/es\/producto-es\/abanico-seda-natural-hojas-otono\/\",\"name\":\"Abanico seda natural hojas oto\u00f1o - Art en Seda\",\"isPartOf\":{\"@id\":\"https:\/\/annaalbert.com\/es\/#website\"},\"primaryImageOfPage\":{\"@id\":\"https:\/\/annaalbert.com\/es\/producto-es\/abanico-seda-natural-hojas-otono\/#primaryimage\"},\"image\":{\"@id\":\"https:\/\/annaalbert.com\/es\/producto-es\/abanico-seda-natural-hojas-otono\/#primaryimage\"},\"thumbnailUrl\":\"https:\/\/annaalbert.com\/wp-content\/uploads\/2019\/02\/36-1.jpg\",\"datePublished\":\"2019-03-21T17:50:36+00:00\",\"dateModified\":\"2025-10-15T08:54:58+00:00\",\"description\":\"Abanico seda natural hojas oto\u00f1o artesanal. Inspirado en el oto\u00f1o y las hojas de los plataneros que caen invadiendo las calles.\",\"breadcrumb\":{\"@id\":\"https:\/\/annaalbert.com\/es\/producto-es\/abanico-seda-natural-hojas-otono\/#breadcrumb\"},\"inLanguage\":\"es\",\"potentialAction\":[{\"@type\":\"ReadAction\",\"target\":[\"https:\/\/annaalbert.com\/es\/producto-es\/abanico-seda-natural-hojas-otono\/\"]}]},{\"@type\":\"ImageObject\",\"inLanguage\":\"es\",\"@id\":\"https:\/\/annaalbert.com\/es\/producto-es\/abanico-seda-natural-hojas-otono\/#primaryimage\",\"url\":\"https:\/\/annaalbert.com\/wp-content\/uploads\/2019\/02\/36-1.jpg\",\"contentUrl\":\"https:\/\/annaalbert.com\/wp-content\/uploads\/2019\/02\/36-1.jpg\",\"width\":500,\"height\":600,\"caption\":\"ventall seda natural fulles tardor\"},{\"@type\":\"BreadcrumbList\",\"@id\":\"https:\/\/annaalbert.com\/es\/producto-es\/abanico-seda-natural-hojas-otono\/#breadcrumb\",\"itemListElement\":[{\"@type\":\"ListItem\",\"position\":1,\"name\":\"Portada\",\"item\":\"https:\/\/annaalbert.com\/es\/\"},{\"@type\":\"ListItem\",\"position\":2,\"name\":\"Tienda\",\"item\":\"https:\/\/annaalbert.com\/tienda\/\"},{\"@type\":\"ListItem\",\"position\":3,\"name\":\"ABANICO SEDA NATURAL HOJAS OTO\u00d1O\"}]},{\"@type\":\"WebSite\",\"@id\":\"https:\/\/annaalbert.com\/es\/#website\",\"url\":\"https:\/\/annaalbert.com\/es\/\",\"name\":\"Art en Seda\",\"description\":\"Productos de seda pintada a mano, asi como cursos, talleres, experiencias por la artesana Anna Albert\",\"publisher\":{\"@id\":\"https:\/\/annaalbert.com\/es\/#organization\"},\"potentialAction\":[{\"@type\":\"SearchAction\",\"target\":{\"@type\":\"EntryPoint\",\"urlTemplate\":\"https:\/\/annaalbert.com\/es\/?s={search_term_string}\"},\"query-input\":{\"@type\":\"PropertyValueSpecification\",\"valueRequired\":true,\"valueName\":\"search_term_string\"}}],\"inLanguage\":\"es\"},{\"@type\":\"Organization\",\"@id\":\"https:\/\/annaalbert.com\/es\/#organization\",\"name\":\"Art en Seda by Anna Albert\",\"url\":\"https:\/\/annaalbert.com\/es\/\",\"logo\":{\"@type\":\"ImageObject\",\"inLanguage\":\"es\",\"@id\":\"https:\/\/annaalbert.com\/es\/#\/schema\/logo\/image\/\",\"url\":\"https:\/\/annaalbert.com\/wp-content\/uploads\/2021\/01\/horitzontal_fonsblanc-scaled.jpg\",\"contentUrl\":\"https:\/\/annaalbert.com\/wp-content\/uploads\/2021\/01\/horitzontal_fonsblanc-scaled.jpg\",\"width\":2560,\"height\":779,\"caption\":\"Art en Seda by Anna Albert\"},\"image\":{\"@id\":\"https:\/\/annaalbert.com\/es\/#\/schema\/logo\/image\/\"}}]}<\/script>\n<!-- \/ Yoast SEO plugin. -->","yoast_head_json":{"title":"Abanico seda natural hojas oto\u00f1o - Art en Seda","description":"Abanico seda natural hojas oto\u00f1o artesanal. Inspirado en el oto\u00f1o y las hojas de los plataneros que caen invadiendo las calles.","robots":{"index":"index","follow":"follow","max-snippet":"max-snippet:-1","max-image-preview":"max-image-preview:large","max-video-preview":"max-video-preview:-1"},"canonical":"https:\/\/annaalbert.com\/es\/producto-es\/abanico-seda-natural-hojas-otono\/","og_locale":"es_ES","og_type":"article","og_title":"Abanico seda natural hojas oto\u00f1o - Art en Seda","og_description":"Abanico seda natural hojas oto\u00f1o artesanal. Inspirado en el oto\u00f1o y las hojas de los plataneros que caen invadiendo las calles.","og_url":"https:\/\/annaalbert.com\/es\/producto-es\/abanico-seda-natural-hojas-otono\/","og_site_name":"Art en Seda","article_modified_time":"2025-10-15T08:54:58+00:00","og_image":[{"width":500,"height":600,"url":"https:\/\/annaalbert.com\/wp-content\/uploads\/2019\/02\/36-1.jpg","type":"image\/jpeg"}],"twitter_card":"summary_large_image","twitter_misc":{"Tiempo de lectura":"1 minuto"},"schema":{"@context":"https:\/\/schema.org","@graph":[{"@type":"WebPage","@id":"https:\/\/annaalbert.com\/es\/producto-es\/abanico-seda-natural-hojas-otono\/","url":"https:\/\/annaalbert.com\/es\/producto-es\/abanico-seda-natural-hojas-otono\/","name":"Abanico seda natural hojas oto\u00f1o - Art en Seda","isPartOf":{"@id":"https:\/\/annaalbert.com\/es\/#website"},"primaryImageOfPage":{"@id":"https:\/\/annaalbert.com\/es\/producto-es\/abanico-seda-natural-hojas-otono\/#primaryimage"},"image":{"@id":"https:\/\/annaalbert.com\/es\/producto-es\/abanico-seda-natural-hojas-otono\/#primaryimage"},"thumbnailUrl":"https:\/\/annaalbert.com\/wp-content\/uploads\/2019\/02\/36-1.jpg","datePublished":"2019-03-21T17:50:36+00:00","dateModified":"2025-10-15T08:54:58+00:00","description":"Abanico seda natural hojas oto\u00f1o artesanal. Inspirado en el oto\u00f1o y las hojas de los plataneros que caen invadiendo las calles.","breadcrumb":{"@id":"https:\/\/annaalbert.com\/es\/producto-es\/abanico-seda-natural-hojas-otono\/#breadcrumb"},"inLanguage":"es","potentialAction":[{"@type":"ReadAction","target":["https:\/\/annaalbert.com\/es\/producto-es\/abanico-seda-natural-hojas-otono\/"]}]},{"@type":"ImageObject","inLanguage":"es","@id":"https:\/\/annaalbert.com\/es\/producto-es\/abanico-seda-natural-hojas-otono\/#primaryimage","url":"https:\/\/annaalbert.com\/wp-content\/uploads\/2019\/02\/36-1.jpg","contentUrl":"https:\/\/annaalbert.com\/wp-content\/uploads\/2019\/02\/36-1.jpg","width":500,"height":600,"caption":"ventall seda natural fulles tardor"},{"@type":"BreadcrumbList","@id":"https:\/\/annaalbert.com\/es\/producto-es\/abanico-seda-natural-hojas-otono\/#breadcrumb","itemListElement":[{"@type":"ListItem","position":1,"name":"Portada","item":"https:\/\/annaalbert.com\/es\/"},{"@type":"ListItem","position":2,"name":"Tienda","item":"https:\/\/annaalbert.com\/tienda\/"},{"@type":"ListItem","position":3,"name":"ABANICO SEDA NATURAL HOJAS OTO\u00d1O"}]},{"@type":"WebSite","@id":"https:\/\/annaalbert.com\/es\/#website","url":"https:\/\/annaalbert.com\/es\/","name":"Art en Seda","description":"Productos de seda pintada a mano, asi como cursos, talleres, experiencias por la artesana Anna Albert","publisher":{"@id":"https:\/\/annaalbert.com\/es\/#organization"},"potentialAction":[{"@type":"SearchAction","target":{"@type":"EntryPoint","urlTemplate":"https:\/\/annaalbert.com\/es\/?s={search_term_string}"},"query-input":{"@type":"PropertyValueSpecification","valueRequired":true,"valueName":"search_term_string"}}],"inLanguage":"es"},{"@type":"Organization","@id":"https:\/\/annaalbert.com\/es\/#organization","name":"Art en Seda by Anna Albert","url":"https:\/\/annaalbert.com\/es\/","logo":{"@type":"ImageObject","inLanguage":"es","@id":"https:\/\/annaalbert.com\/es\/#\/schema\/logo\/image\/","url":"https:\/\/annaalbert.com\/wp-content\/uploads\/2021\/01\/horitzontal_fonsblanc-scaled.jpg","contentUrl":"https:\/\/annaalbert.com\/wp-content\/uploads\/2021\/01\/horitzontal_fonsblanc-scaled.jpg","width":2560,"height":779,"caption":"Art en Seda by Anna Albert"},"image":{"@id":"https:\/\/annaalbert.com\/es\/#\/schema\/logo\/image\/"}}]}},"_links":{"self":[{"href":"https:\/\/annaalbert.com\/es\/wp-json\/wp\/v2\/product\/11256","targetHints":{"allow":["GET"]}}],"collection":[{"href":"https:\/\/annaalbert.com\/es\/wp-json\/wp\/v2\/product"}],"about":[{"href":"https:\/\/annaalbert.com\/es\/wp-json\/wp\/v2\/types\/product"}],"replies":[{"embeddable":true,"href":"https:\/\/annaalbert.com\/es\/wp-json\/wp\/v2\/comments?post=11256"}],"wp:featuredmedia":[{"embeddable":true,"href":"https:\/\/annaalbert.com\/es\/wp-json\/wp\/v2\/media\/4528"}],"wp:attachment":[{"href":"https:\/\/annaalbert.com\/es\/wp-json\/wp\/v2\/media?parent=11256"}],"wp:term":[{"taxonomy":"product_brand","embeddable":true,"href":"https:\/\/annaalbert.com\/es\/wp-json\/wp\/v2\/product_brand?post=11256"},{"taxonomy":"product_cat","embeddable":true,"href":"https:\/\/annaalbert.com\/es\/wp-json\/wp\/v2\/product_cat?post=11256"},{"taxonomy":"product_tag","embeddable":true,"href":"https:\/\/annaalbert.com\/es\/wp-json\/wp\/v2\/product_tag?post=11256"}],"curies":[{"name":"wp","href":"https:\/\/api.w.org\/{rel}","templated":true}]}}