{"id":11250,"date":"2019-03-21T17:50:36","date_gmt":"2019-03-21T17:50:36","guid":{"rendered":"https:\/\/annaalbert.com\/producto\/bolsa-de-colores-gaudi\/"},"modified":"2023-11-10T12:33:53","modified_gmt":"2023-11-10T12:33:53","slug":"bolso-gaudi-colores","status":"publish","type":"product","link":"https:\/\/annaalbert.com\/es\/producto-es\/bolso-gaudi-colores\/","title":{"rendered":"BOLSO GAUD\u00cd COLORES"},"content":{"rendered":"<p>Descubre la magia del bolso gaud\u00ed colores, inspirado en el arte incomparable de Antonio Gaud\u00ed. Con una paleta de colores vibrantes y un dise\u00f1o \u00fanico, esta bolsa captura la esencia del modernismo catal\u00e1n en cada punto.<\/p>\n<p>Nuestro homenaje a Gaud\u00ed se manifiesta en los detalles intrincantes que adornan esta pieza. Los patrones geom\u00e9tricos se entrelazan con elegancia, reflejando la genialidad arquitect\u00f3nica que defini\u00f3 la Barcelona modernista. Cada color evoca los tonos ricos presentes a las ic\u00f3nicas obras de Gaud\u00ed como la Sagrada Familia y el Parque G\u00fcell.<\/p>\n<p>El bolso gaud\u00ed colores es m\u00e1s que un simple accesorio; es una expresi\u00f3n de tu admiraci\u00f3n por el arte y la cultura catalana. Fabricada con materiales de primera calidad, esta bolsa es ligera y duradera, perfecta para acompa\u00f1arte en tus aventuras diarias con estilo.<\/p>\n<p>Adem\u00e1s de ser una obra de arte port\u00e1til, nuestra bolsa tambi\u00e9n destaca por su funcionalidad. Con una estructura muy dise\u00f1ada, es ideal para organizar tus pertenencias con facilidad, sin sacrificar el estilo.<\/p>\n<p>Descubre la fusi\u00f3n perfecta entre arte y moda con nuestra bolsa inspirada en Gaud\u00ed. No solo llevar\u00e1s contigo un trocito de Barcelona, sino que tambi\u00e9n lucir\u00e1s una pieza \u00fanica que captura el esp\u00edritu indomable del arte catal\u00e1n. Apuesta por la distinci\u00f3n y deja que esta bolsa sea tu testigo personal de la belleza eterna de la obra de Gaud\u00ed.<\/p>\n","protected":false},"excerpt":{"rendered":"<p>Descubre la magia del bolso gaud\u00ed colores, inspirado en el arte incomparable de Antonio Gaud\u00ed. Con una paleta de colores vibrantes y un dise\u00f1o \u00fanico, esta bolsa captura la esencia del modernismo catal\u00e1n en cada punto. Nuestro homenaje a Gaud\u00ed se manifiesta en los detalles intrincantes que adornan esta pieza. Los patrones geom\u00e9tricos se entrelazan [&hellip;]<\/p>\n","protected":false},"featured_media":4519,"comment_status":"closed","ping_status":"closed","template":"","meta":{"_et_pb_use_builder":"","_et_pb_old_content":"","_et_gb_content_width":""},"product_brand":[],"product_cat":[162],"product_tag":[],"class_list":{"0":"post-11250","1":"product","2":"type-product","3":"status-publish","4":"has-post-thumbnail","6":"product_cat-home-es","8":"first","9":"outofstock","10":"purchasable","11":"product-type-simple"},"yoast_head":"<!-- This site is optimized with the Yoast SEO plugin v27.0 - https:\/\/yoast.com\/product\/yoast-seo-wordpress\/ -->\n<title>BOLSO GAUD\u00cd COLORES - Art en Seda<\/title>\n<meta name=\"description\" content=\"\u00bfTe encanta Gaud\u00ed y querr\u00edas llevar su arte en todas partes? Con este bolso gaud\u00ed colores sentir\u00e1s que formas parte de su arte.\" \/>\n<meta name=\"robots\" content=\"index, follow, max-snippet:-1, max-image-preview:large, max-video-preview:-1\" \/>\n<link rel=\"canonical\" href=\"https:\/\/annaalbert.com\/es\/producto-es\/bolso-gaudi-colores\/\" \/>\n<meta property=\"og:locale\" content=\"es_ES\" \/>\n<meta property=\"og:type\" content=\"article\" \/>\n<meta property=\"og:title\" content=\"BOLSO GAUD\u00cd COLORES - Art en Seda\" \/>\n<meta property=\"og:description\" content=\"\u00bfTe encanta Gaud\u00ed y querr\u00edas llevar su arte en todas partes? Con este bolso gaud\u00ed colores sentir\u00e1s que formas parte de su arte.\" \/>\n<meta property=\"og:url\" content=\"https:\/\/annaalbert.com\/es\/producto-es\/bolso-gaudi-colores\/\" \/>\n<meta property=\"og:site_name\" content=\"Art en Seda\" \/>\n<meta property=\"article:modified_time\" content=\"2023-11-10T12:33:53+00:00\" \/>\n<meta property=\"og:image\" content=\"https:\/\/annaalbert.com\/wp-content\/uploads\/2019\/02\/349.jpg\" \/>\n\t<meta property=\"og:image:width\" content=\"800\" \/>\n\t<meta property=\"og:image:height\" content=\"960\" \/>\n\t<meta property=\"og:image:type\" content=\"image\/jpeg\" \/>\n<meta name=\"twitter:card\" content=\"summary_large_image\" \/>\n<meta name=\"twitter:label1\" content=\"Tiempo de lectura\" \/>\n\t<meta name=\"twitter:data1\" content=\"1 minuto\" \/>\n<script type=\"application\/ld+json\" class=\"yoast-schema-graph\">{\"@context\":\"https:\/\/schema.org\",\"@graph\":[{\"@type\":\"WebPage\",\"@id\":\"https:\/\/annaalbert.com\/es\/producto-es\/bolso-gaudi-colores\/\",\"url\":\"https:\/\/annaalbert.com\/es\/producto-es\/bolso-gaudi-colores\/\",\"name\":\"BOLSO GAUD\u00cd COLORES - Art en Seda\",\"isPartOf\":{\"@id\":\"https:\/\/annaalbert.com\/es\/#website\"},\"primaryImageOfPage\":{\"@id\":\"https:\/\/annaalbert.com\/es\/producto-es\/bolso-gaudi-colores\/#primaryimage\"},\"image\":{\"@id\":\"https:\/\/annaalbert.com\/es\/producto-es\/bolso-gaudi-colores\/#primaryimage\"},\"thumbnailUrl\":\"https:\/\/annaalbert.com\/wp-content\/uploads\/2019\/02\/349.jpg\",\"datePublished\":\"2019-03-21T17:50:36+00:00\",\"dateModified\":\"2023-11-10T12:33:53+00:00\",\"description\":\"\u00bfTe encanta Gaud\u00ed y querr\u00edas llevar su arte en todas partes? Con este bolso gaud\u00ed colores sentir\u00e1s que formas parte de su arte.\",\"breadcrumb\":{\"@id\":\"https:\/\/annaalbert.com\/es\/producto-es\/bolso-gaudi-colores\/#breadcrumb\"},\"inLanguage\":\"es\",\"potentialAction\":[{\"@type\":\"ReadAction\",\"target\":[\"https:\/\/annaalbert.com\/es\/producto-es\/bolso-gaudi-colores\/\"]}]},{\"@type\":\"ImageObject\",\"inLanguage\":\"es\",\"@id\":\"https:\/\/annaalbert.com\/es\/producto-es\/bolso-gaudi-colores\/#primaryimage\",\"url\":\"https:\/\/annaalbert.com\/wp-content\/uploads\/2019\/02\/349.jpg\",\"contentUrl\":\"https:\/\/annaalbert.com\/wp-content\/uploads\/2019\/02\/349.jpg\",\"width\":800,\"height\":960,\"caption\":\"bossa gaud\u00ed colors\"},{\"@type\":\"BreadcrumbList\",\"@id\":\"https:\/\/annaalbert.com\/es\/producto-es\/bolso-gaudi-colores\/#breadcrumb\",\"itemListElement\":[{\"@type\":\"ListItem\",\"position\":1,\"name\":\"Portada\",\"item\":\"https:\/\/annaalbert.com\/es\/\"},{\"@type\":\"ListItem\",\"position\":2,\"name\":\"Tienda\",\"item\":\"https:\/\/annaalbert.com\/tienda\/\"},{\"@type\":\"ListItem\",\"position\":3,\"name\":\"BOLSO GAUD\u00cd COLORES\"}]},{\"@type\":\"WebSite\",\"@id\":\"https:\/\/annaalbert.com\/es\/#website\",\"url\":\"https:\/\/annaalbert.com\/es\/\",\"name\":\"Art en Seda\",\"description\":\"Productos de seda pintada a mano, asi como cursos, talleres, experiencias por la artesana Anna Albert\",\"publisher\":{\"@id\":\"https:\/\/annaalbert.com\/es\/#organization\"},\"potentialAction\":[{\"@type\":\"SearchAction\",\"target\":{\"@type\":\"EntryPoint\",\"urlTemplate\":\"https:\/\/annaalbert.com\/es\/?s={search_term_string}\"},\"query-input\":{\"@type\":\"PropertyValueSpecification\",\"valueRequired\":true,\"valueName\":\"search_term_string\"}}],\"inLanguage\":\"es\"},{\"@type\":\"Organization\",\"@id\":\"https:\/\/annaalbert.com\/es\/#organization\",\"name\":\"Art en Seda by Anna Albert\",\"url\":\"https:\/\/annaalbert.com\/es\/\",\"logo\":{\"@type\":\"ImageObject\",\"inLanguage\":\"es\",\"@id\":\"https:\/\/annaalbert.com\/es\/#\/schema\/logo\/image\/\",\"url\":\"https:\/\/annaalbert.com\/wp-content\/uploads\/2021\/01\/horitzontal_fonsblanc-scaled.jpg\",\"contentUrl\":\"https:\/\/annaalbert.com\/wp-content\/uploads\/2021\/01\/horitzontal_fonsblanc-scaled.jpg\",\"width\":2560,\"height\":779,\"caption\":\"Art en Seda by Anna Albert\"},\"image\":{\"@id\":\"https:\/\/annaalbert.com\/es\/#\/schema\/logo\/image\/\"}}]}<\/script>\n<!-- \/ Yoast SEO plugin. -->","yoast_head_json":{"title":"BOLSO GAUD\u00cd COLORES - Art en Seda","description":"\u00bfTe encanta Gaud\u00ed y querr\u00edas llevar su arte en todas partes? Con este bolso gaud\u00ed colores sentir\u00e1s que formas parte de su arte.","robots":{"index":"index","follow":"follow","max-snippet":"max-snippet:-1","max-image-preview":"max-image-preview:large","max-video-preview":"max-video-preview:-1"},"canonical":"https:\/\/annaalbert.com\/es\/producto-es\/bolso-gaudi-colores\/","og_locale":"es_ES","og_type":"article","og_title":"BOLSO GAUD\u00cd COLORES - Art en Seda","og_description":"\u00bfTe encanta Gaud\u00ed y querr\u00edas llevar su arte en todas partes? Con este bolso gaud\u00ed colores sentir\u00e1s que formas parte de su arte.","og_url":"https:\/\/annaalbert.com\/es\/producto-es\/bolso-gaudi-colores\/","og_site_name":"Art en Seda","article_modified_time":"2023-11-10T12:33:53+00:00","og_image":[{"width":800,"height":960,"url":"https:\/\/annaalbert.com\/wp-content\/uploads\/2019\/02\/349.jpg","type":"image\/jpeg"}],"twitter_card":"summary_large_image","twitter_misc":{"Tiempo de lectura":"1 minuto"},"schema":{"@context":"https:\/\/schema.org","@graph":[{"@type":"WebPage","@id":"https:\/\/annaalbert.com\/es\/producto-es\/bolso-gaudi-colores\/","url":"https:\/\/annaalbert.com\/es\/producto-es\/bolso-gaudi-colores\/","name":"BOLSO GAUD\u00cd COLORES - Art en Seda","isPartOf":{"@id":"https:\/\/annaalbert.com\/es\/#website"},"primaryImageOfPage":{"@id":"https:\/\/annaalbert.com\/es\/producto-es\/bolso-gaudi-colores\/#primaryimage"},"image":{"@id":"https:\/\/annaalbert.com\/es\/producto-es\/bolso-gaudi-colores\/#primaryimage"},"thumbnailUrl":"https:\/\/annaalbert.com\/wp-content\/uploads\/2019\/02\/349.jpg","datePublished":"2019-03-21T17:50:36+00:00","dateModified":"2023-11-10T12:33:53+00:00","description":"\u00bfTe encanta Gaud\u00ed y querr\u00edas llevar su arte en todas partes? Con este bolso gaud\u00ed colores sentir\u00e1s que formas parte de su arte.","breadcrumb":{"@id":"https:\/\/annaalbert.com\/es\/producto-es\/bolso-gaudi-colores\/#breadcrumb"},"inLanguage":"es","potentialAction":[{"@type":"ReadAction","target":["https:\/\/annaalbert.com\/es\/producto-es\/bolso-gaudi-colores\/"]}]},{"@type":"ImageObject","inLanguage":"es","@id":"https:\/\/annaalbert.com\/es\/producto-es\/bolso-gaudi-colores\/#primaryimage","url":"https:\/\/annaalbert.com\/wp-content\/uploads\/2019\/02\/349.jpg","contentUrl":"https:\/\/annaalbert.com\/wp-content\/uploads\/2019\/02\/349.jpg","width":800,"height":960,"caption":"bossa gaud\u00ed colors"},{"@type":"BreadcrumbList","@id":"https:\/\/annaalbert.com\/es\/producto-es\/bolso-gaudi-colores\/#breadcrumb","itemListElement":[{"@type":"ListItem","position":1,"name":"Portada","item":"https:\/\/annaalbert.com\/es\/"},{"@type":"ListItem","position":2,"name":"Tienda","item":"https:\/\/annaalbert.com\/tienda\/"},{"@type":"ListItem","position":3,"name":"BOLSO GAUD\u00cd COLORES"}]},{"@type":"WebSite","@id":"https:\/\/annaalbert.com\/es\/#website","url":"https:\/\/annaalbert.com\/es\/","name":"Art en Seda","description":"Productos de seda pintada a mano, asi como cursos, talleres, experiencias por la artesana Anna Albert","publisher":{"@id":"https:\/\/annaalbert.com\/es\/#organization"},"potentialAction":[{"@type":"SearchAction","target":{"@type":"EntryPoint","urlTemplate":"https:\/\/annaalbert.com\/es\/?s={search_term_string}"},"query-input":{"@type":"PropertyValueSpecification","valueRequired":true,"valueName":"search_term_string"}}],"inLanguage":"es"},{"@type":"Organization","@id":"https:\/\/annaalbert.com\/es\/#organization","name":"Art en Seda by Anna Albert","url":"https:\/\/annaalbert.com\/es\/","logo":{"@type":"ImageObject","inLanguage":"es","@id":"https:\/\/annaalbert.com\/es\/#\/schema\/logo\/image\/","url":"https:\/\/annaalbert.com\/wp-content\/uploads\/2021\/01\/horitzontal_fonsblanc-scaled.jpg","contentUrl":"https:\/\/annaalbert.com\/wp-content\/uploads\/2021\/01\/horitzontal_fonsblanc-scaled.jpg","width":2560,"height":779,"caption":"Art en Seda by Anna Albert"},"image":{"@id":"https:\/\/annaalbert.com\/es\/#\/schema\/logo\/image\/"}}]}},"_links":{"self":[{"href":"https:\/\/annaalbert.com\/es\/wp-json\/wp\/v2\/product\/11250","targetHints":{"allow":["GET"]}}],"collection":[{"href":"https:\/\/annaalbert.com\/es\/wp-json\/wp\/v2\/product"}],"about":[{"href":"https:\/\/annaalbert.com\/es\/wp-json\/wp\/v2\/types\/product"}],"replies":[{"embeddable":true,"href":"https:\/\/annaalbert.com\/es\/wp-json\/wp\/v2\/comments?post=11250"}],"wp:featuredmedia":[{"embeddable":true,"href":"https:\/\/annaalbert.com\/es\/wp-json\/wp\/v2\/media\/4519"}],"wp:attachment":[{"href":"https:\/\/annaalbert.com\/es\/wp-json\/wp\/v2\/media?parent=11250"}],"wp:term":[{"taxonomy":"product_brand","embeddable":true,"href":"https:\/\/annaalbert.com\/es\/wp-json\/wp\/v2\/product_brand?post=11250"},{"taxonomy":"product_cat","embeddable":true,"href":"https:\/\/annaalbert.com\/es\/wp-json\/wp\/v2\/product_cat?post=11250"},{"taxonomy":"product_tag","embeddable":true,"href":"https:\/\/annaalbert.com\/es\/wp-json\/wp\/v2\/product_tag?post=11250"}],"curies":[{"name":"wp","href":"https:\/\/api.w.org\/{rel}","templated":true}]}}