{"id":11236,"date":"2019-03-21T17:51:02","date_gmt":"2019-03-21T17:51:02","guid":{"rendered":"https:\/\/annaalbert.com\/producto\/abanico-seda-natural-sagrada-familia\/"},"modified":"2025-10-15T08:52:06","modified_gmt":"2025-10-15T08:52:06","slug":"abanico-seda-natural-sagrada-familia","status":"publish","type":"product","link":"https:\/\/annaalbert.com\/es\/producto-es\/abanico-seda-natural-sagrada-familia\/","title":{"rendered":"ABANICO SEDA NATURAL SAGRADA FAMILIA"},"content":{"rendered":"<p>Abanico seda natural Sagrada Familia.<\/p>\n<p>Descubre la elegancia y la sofisticaci\u00f3n en cada giro con nuestro abanico de seda natural, una obra maestra inspirada en la majestuosa Sagrada Familia de Barcelona. Su dise\u00f1o exquisito captura la magnificencia de la arquitectura modernista de Gaud\u00ed, fusionando la naturaleza con la divinidad<\/p>\n<p>Adem\u00e1s, este abanico exquisito es mucho m\u00e1s que una simple herramienta para combatir el calor. Es una obra de arte funcional, que te transportar\u00e1 a las volutas y las formas sinuosas del templo m\u00e1s ic\u00f3nico de Barcelona.<\/p>\n<p>Nuestra pieza est\u00e1 adornada con caracoles de estilo modernista, cada uno elaborado con precisi\u00f3n artesanal para complementar la belleza de la seda. Es m\u00e1s, estos detalles exquisitos representan la fusi\u00f3n de la naturaleza y el arte, capturando el esp\u00edritu innovador y visionario de la \u00e9poca modernista.<\/p>\n<p>As\u00ed mismo, este abanico de seda natural es el acompa\u00f1amiento perfecto para cualquier ocasi\u00f3n, ya sea una paseada en el parque o una velada elegante. Es una expresi\u00f3n de distinci\u00f3n y gusto refinado, fusionando la tradici\u00f3n artesanal con la modernidad.<\/p>\n<p>D\u00e9jate seducir por la gracia y el esplendor de este abanico excepcional. Experimenta la fusi\u00f3n del arte, la moda y la cultura en un solo objeto, transport\u00e1ndote a la esencia misma de la Sagrada Familia con cada movimiento elegante.<\/p>\n","protected":false},"excerpt":{"rendered":"<p>Abanico de seda y madera peral.<\/p>\n","protected":false},"featured_media":4615,"comment_status":"closed","ping_status":"closed","template":"","meta":{"_et_pb_use_builder":"","_et_pb_old_content":"","_et_gb_content_width":""},"product_brand":[],"product_cat":[402],"product_tag":[],"class_list":{"0":"post-11236","1":"product","2":"type-product","3":"status-publish","4":"has-post-thumbnail","6":"product_cat-abanicos-es","8":"first","9":"instock","10":"purchasable","11":"product-type-simple"},"yoast_head":"<!-- This site is optimized with the Yoast SEO plugin v27.4 - https:\/\/yoast.com\/product\/yoast-seo-wordpress\/ -->\n<title>Abanico seda natural Sagrada Familia - Art en Seda<\/title>\n<meta name=\"description\" content=\"Abanico seda natural Sagrada Familia que se complementa con caracoles de estilo modernista. Pieza \u00fanica de colores vivos que te hacen sentir poderosa.\" \/>\n<meta name=\"robots\" content=\"index, follow, max-snippet:-1, max-image-preview:large, max-video-preview:-1\" \/>\n<link rel=\"canonical\" href=\"https:\/\/annaalbert.com\/es\/producto-es\/abanico-seda-natural-sagrada-familia\/\" \/>\n<meta property=\"og:locale\" content=\"es_ES\" \/>\n<meta property=\"og:type\" content=\"article\" \/>\n<meta property=\"og:title\" content=\"Abanico seda natural Sagrada Familia - Art en Seda\" \/>\n<meta property=\"og:description\" content=\"Abanico seda natural Sagrada Familia que se complementa con caracoles de estilo modernista. Pieza \u00fanica de colores vivos que te hacen sentir poderosa.\" \/>\n<meta property=\"og:url\" content=\"https:\/\/annaalbert.com\/es\/producto-es\/abanico-seda-natural-sagrada-familia\/\" \/>\n<meta property=\"og:site_name\" content=\"Art en Seda\" \/>\n<meta property=\"article:modified_time\" content=\"2025-10-15T08:52:06+00:00\" \/>\n<meta property=\"og:image\" content=\"https:\/\/annaalbert.com\/wp-content\/uploads\/2019\/02\/150.jpg\" \/>\n\t<meta property=\"og:image:width\" content=\"800\" \/>\n\t<meta property=\"og:image:height\" content=\"960\" \/>\n\t<meta property=\"og:image:type\" content=\"image\/jpeg\" \/>\n<meta name=\"twitter:card\" content=\"summary_large_image\" \/>\n<meta name=\"twitter:label1\" content=\"Tiempo de lectura\" \/>\n\t<meta name=\"twitter:data1\" content=\"1 minuto\" \/>\n<script type=\"application\/ld+json\" class=\"yoast-schema-graph\">{\"@context\":\"https:\\\/\\\/schema.org\",\"@graph\":[{\"@type\":\"WebPage\",\"@id\":\"https:\\\/\\\/annaalbert.com\\\/es\\\/producto-es\\\/abanico-seda-natural-sagrada-familia\\\/\",\"url\":\"https:\\\/\\\/annaalbert.com\\\/es\\\/producto-es\\\/abanico-seda-natural-sagrada-familia\\\/\",\"name\":\"Abanico seda natural Sagrada Familia - Art en Seda\",\"isPartOf\":{\"@id\":\"https:\\\/\\\/annaalbert.com\\\/es\\\/#website\"},\"primaryImageOfPage\":{\"@id\":\"https:\\\/\\\/annaalbert.com\\\/es\\\/producto-es\\\/abanico-seda-natural-sagrada-familia\\\/#primaryimage\"},\"image\":{\"@id\":\"https:\\\/\\\/annaalbert.com\\\/es\\\/producto-es\\\/abanico-seda-natural-sagrada-familia\\\/#primaryimage\"},\"thumbnailUrl\":\"https:\\\/\\\/annaalbert.com\\\/wp-content\\\/uploads\\\/2019\\\/02\\\/150.jpg\",\"datePublished\":\"2019-03-21T17:51:02+00:00\",\"dateModified\":\"2025-10-15T08:52:06+00:00\",\"description\":\"Abanico seda natural Sagrada Familia que se complementa con caracoles de estilo modernista. Pieza \u00fanica de colores vivos que te hacen sentir poderosa.\",\"breadcrumb\":{\"@id\":\"https:\\\/\\\/annaalbert.com\\\/es\\\/producto-es\\\/abanico-seda-natural-sagrada-familia\\\/#breadcrumb\"},\"inLanguage\":\"es\",\"potentialAction\":[{\"@type\":\"ReadAction\",\"target\":[\"https:\\\/\\\/annaalbert.com\\\/es\\\/producto-es\\\/abanico-seda-natural-sagrada-familia\\\/\"]}]},{\"@type\":\"ImageObject\",\"inLanguage\":\"es\",\"@id\":\"https:\\\/\\\/annaalbert.com\\\/es\\\/producto-es\\\/abanico-seda-natural-sagrada-familia\\\/#primaryimage\",\"url\":\"https:\\\/\\\/annaalbert.com\\\/wp-content\\\/uploads\\\/2019\\\/02\\\/150.jpg\",\"contentUrl\":\"https:\\\/\\\/annaalbert.com\\\/wp-content\\\/uploads\\\/2019\\\/02\\\/150.jpg\",\"width\":800,\"height\":960,\"caption\":\"ventall seda natural sagrada fam\u00edlia\"},{\"@type\":\"BreadcrumbList\",\"@id\":\"https:\\\/\\\/annaalbert.com\\\/es\\\/producto-es\\\/abanico-seda-natural-sagrada-familia\\\/#breadcrumb\",\"itemListElement\":[{\"@type\":\"ListItem\",\"position\":1,\"name\":\"Portada\",\"item\":\"https:\\\/\\\/annaalbert.com\\\/es\\\/\"},{\"@type\":\"ListItem\",\"position\":2,\"name\":\"Tienda\",\"item\":\"https:\\\/\\\/annaalbert.com\\\/tienda\\\/\"},{\"@type\":\"ListItem\",\"position\":3,\"name\":\"ABANICO SEDA NATURAL SAGRADA FAMILIA\"}]},{\"@type\":\"WebSite\",\"@id\":\"https:\\\/\\\/annaalbert.com\\\/es\\\/#website\",\"url\":\"https:\\\/\\\/annaalbert.com\\\/es\\\/\",\"name\":\"Art en Seda\",\"description\":\"Productos de seda pintada a mano, asi como cursos, talleres, experiencias por la artesana Anna Albert\",\"publisher\":{\"@id\":\"https:\\\/\\\/annaalbert.com\\\/es\\\/#organization\"},\"potentialAction\":[{\"@type\":\"SearchAction\",\"target\":{\"@type\":\"EntryPoint\",\"urlTemplate\":\"https:\\\/\\\/annaalbert.com\\\/es\\\/?s={search_term_string}\"},\"query-input\":{\"@type\":\"PropertyValueSpecification\",\"valueRequired\":true,\"valueName\":\"search_term_string\"}}],\"inLanguage\":\"es\"},{\"@type\":\"Organization\",\"@id\":\"https:\\\/\\\/annaalbert.com\\\/es\\\/#organization\",\"name\":\"Art en Seda by Anna Albert\",\"url\":\"https:\\\/\\\/annaalbert.com\\\/es\\\/\",\"logo\":{\"@type\":\"ImageObject\",\"inLanguage\":\"es\",\"@id\":\"https:\\\/\\\/annaalbert.com\\\/es\\\/#\\\/schema\\\/logo\\\/image\\\/\",\"url\":\"https:\\\/\\\/annaalbert.com\\\/wp-content\\\/uploads\\\/2021\\\/01\\\/horitzontal_fonsblanc-scaled.jpg\",\"contentUrl\":\"https:\\\/\\\/annaalbert.com\\\/wp-content\\\/uploads\\\/2021\\\/01\\\/horitzontal_fonsblanc-scaled.jpg\",\"width\":2560,\"height\":779,\"caption\":\"Art en Seda by Anna Albert\"},\"image\":{\"@id\":\"https:\\\/\\\/annaalbert.com\\\/es\\\/#\\\/schema\\\/logo\\\/image\\\/\"}}]}<\/script>\n<!-- \/ Yoast SEO plugin. -->","yoast_head_json":{"title":"Abanico seda natural Sagrada Familia - Art en Seda","description":"Abanico seda natural Sagrada Familia que se complementa con caracoles de estilo modernista. Pieza \u00fanica de colores vivos que te hacen sentir poderosa.","robots":{"index":"index","follow":"follow","max-snippet":"max-snippet:-1","max-image-preview":"max-image-preview:large","max-video-preview":"max-video-preview:-1"},"canonical":"https:\/\/annaalbert.com\/es\/producto-es\/abanico-seda-natural-sagrada-familia\/","og_locale":"es_ES","og_type":"article","og_title":"Abanico seda natural Sagrada Familia - Art en Seda","og_description":"Abanico seda natural Sagrada Familia que se complementa con caracoles de estilo modernista. Pieza \u00fanica de colores vivos que te hacen sentir poderosa.","og_url":"https:\/\/annaalbert.com\/es\/producto-es\/abanico-seda-natural-sagrada-familia\/","og_site_name":"Art en Seda","article_modified_time":"2025-10-15T08:52:06+00:00","og_image":[{"width":800,"height":960,"url":"https:\/\/annaalbert.com\/wp-content\/uploads\/2019\/02\/150.jpg","type":"image\/jpeg"}],"twitter_card":"summary_large_image","twitter_misc":{"Tiempo de lectura":"1 minuto"},"schema":{"@context":"https:\/\/schema.org","@graph":[{"@type":"WebPage","@id":"https:\/\/annaalbert.com\/es\/producto-es\/abanico-seda-natural-sagrada-familia\/","url":"https:\/\/annaalbert.com\/es\/producto-es\/abanico-seda-natural-sagrada-familia\/","name":"Abanico seda natural Sagrada Familia - Art en Seda","isPartOf":{"@id":"https:\/\/annaalbert.com\/es\/#website"},"primaryImageOfPage":{"@id":"https:\/\/annaalbert.com\/es\/producto-es\/abanico-seda-natural-sagrada-familia\/#primaryimage"},"image":{"@id":"https:\/\/annaalbert.com\/es\/producto-es\/abanico-seda-natural-sagrada-familia\/#primaryimage"},"thumbnailUrl":"https:\/\/annaalbert.com\/wp-content\/uploads\/2019\/02\/150.jpg","datePublished":"2019-03-21T17:51:02+00:00","dateModified":"2025-10-15T08:52:06+00:00","description":"Abanico seda natural Sagrada Familia que se complementa con caracoles de estilo modernista. Pieza \u00fanica de colores vivos que te hacen sentir poderosa.","breadcrumb":{"@id":"https:\/\/annaalbert.com\/es\/producto-es\/abanico-seda-natural-sagrada-familia\/#breadcrumb"},"inLanguage":"es","potentialAction":[{"@type":"ReadAction","target":["https:\/\/annaalbert.com\/es\/producto-es\/abanico-seda-natural-sagrada-familia\/"]}]},{"@type":"ImageObject","inLanguage":"es","@id":"https:\/\/annaalbert.com\/es\/producto-es\/abanico-seda-natural-sagrada-familia\/#primaryimage","url":"https:\/\/annaalbert.com\/wp-content\/uploads\/2019\/02\/150.jpg","contentUrl":"https:\/\/annaalbert.com\/wp-content\/uploads\/2019\/02\/150.jpg","width":800,"height":960,"caption":"ventall seda natural sagrada fam\u00edlia"},{"@type":"BreadcrumbList","@id":"https:\/\/annaalbert.com\/es\/producto-es\/abanico-seda-natural-sagrada-familia\/#breadcrumb","itemListElement":[{"@type":"ListItem","position":1,"name":"Portada","item":"https:\/\/annaalbert.com\/es\/"},{"@type":"ListItem","position":2,"name":"Tienda","item":"https:\/\/annaalbert.com\/tienda\/"},{"@type":"ListItem","position":3,"name":"ABANICO SEDA NATURAL SAGRADA FAMILIA"}]},{"@type":"WebSite","@id":"https:\/\/annaalbert.com\/es\/#website","url":"https:\/\/annaalbert.com\/es\/","name":"Art en Seda","description":"Productos de seda pintada a mano, asi como cursos, talleres, experiencias por la artesana Anna Albert","publisher":{"@id":"https:\/\/annaalbert.com\/es\/#organization"},"potentialAction":[{"@type":"SearchAction","target":{"@type":"EntryPoint","urlTemplate":"https:\/\/annaalbert.com\/es\/?s={search_term_string}"},"query-input":{"@type":"PropertyValueSpecification","valueRequired":true,"valueName":"search_term_string"}}],"inLanguage":"es"},{"@type":"Organization","@id":"https:\/\/annaalbert.com\/es\/#organization","name":"Art en Seda by Anna Albert","url":"https:\/\/annaalbert.com\/es\/","logo":{"@type":"ImageObject","inLanguage":"es","@id":"https:\/\/annaalbert.com\/es\/#\/schema\/logo\/image\/","url":"https:\/\/annaalbert.com\/wp-content\/uploads\/2021\/01\/horitzontal_fonsblanc-scaled.jpg","contentUrl":"https:\/\/annaalbert.com\/wp-content\/uploads\/2021\/01\/horitzontal_fonsblanc-scaled.jpg","width":2560,"height":779,"caption":"Art en Seda by Anna Albert"},"image":{"@id":"https:\/\/annaalbert.com\/es\/#\/schema\/logo\/image\/"}}]}},"_links":{"self":[{"href":"https:\/\/annaalbert.com\/es\/wp-json\/wp\/v2\/product\/11236","targetHints":{"allow":["GET"]}}],"collection":[{"href":"https:\/\/annaalbert.com\/es\/wp-json\/wp\/v2\/product"}],"about":[{"href":"https:\/\/annaalbert.com\/es\/wp-json\/wp\/v2\/types\/product"}],"replies":[{"embeddable":true,"href":"https:\/\/annaalbert.com\/es\/wp-json\/wp\/v2\/comments?post=11236"}],"wp:featuredmedia":[{"embeddable":true,"href":"https:\/\/annaalbert.com\/es\/wp-json\/wp\/v2\/media\/4615"}],"wp:attachment":[{"href":"https:\/\/annaalbert.com\/es\/wp-json\/wp\/v2\/media?parent=11236"}],"wp:term":[{"taxonomy":"product_brand","embeddable":true,"href":"https:\/\/annaalbert.com\/es\/wp-json\/wp\/v2\/product_brand?post=11236"},{"taxonomy":"product_cat","embeddable":true,"href":"https:\/\/annaalbert.com\/es\/wp-json\/wp\/v2\/product_cat?post=11236"},{"taxonomy":"product_tag","embeddable":true,"href":"https:\/\/annaalbert.com\/es\/wp-json\/wp\/v2\/product_tag?post=11236"}],"curies":[{"name":"wp","href":"https:\/\/api.w.org\/{rel}","templated":true}]}}