{"id":11218,"date":"2019-03-21T17:51:02","date_gmt":"2019-03-21T17:51:02","guid":{"rendered":"https:\/\/annaalbert.com\/producto\/chal-seda-natural-flores\/"},"modified":"2025-10-21T16:14:46","modified_gmt":"2025-10-21T16:14:46","slug":"chal-seda-natural-flores","status":"publish","type":"product","link":"https:\/\/annaalbert.com\/es\/producto-es\/chal-seda-natural-flores\/","title":{"rendered":"CHAL SEDA NATURAL FLORES"},"content":{"rendered":"<p><strong>Descubre la Elegancia Exquisita con el Chal de Seda Natural Con Flores Pintadas<\/strong><\/p>\n<p>El chal de seda natural con flores pintadas es una obra maestra que fusiona la delicadeza de la seda con la vivacidad de la natura. Es una pieza \u00fanica, creada con precisi\u00f3n y artesan\u00eda para aportar una dosis de elegancia a cada ocasi\u00f3n. Cada flor pintada a mano representa el esplendor de la primavera, capturada en una tela ligera y suave.<\/p>\n<p>Con una paleta de colores exquisita, este chal transporta la esencia de la primavera en todo el a\u00f1o. Las flores, con sus detalles sutiles y vibrantes, dan vida a la seda, creando una obra de arte port\u00e1til. Este chal es mucho m\u00e1s que una pieza de vestuario; es una expresi\u00f3n de la belleza natural y un testigo del arte artesano.<\/p>\n<p style=\"text-align: justify;\"><strong>Este campo de flores todo colorido y lleno de fantas\u00eda es un canto en primavera.<\/strong><\/p>\n<p style=\"text-align: justify;\">Inspirado en el gesto impresionista pero con un trazo muy personal.<\/p>\n<p style=\"text-align: justify;\"><strong>Una medida de chal muy grande, para envolver una mujer alta y tambi\u00e9n con personalidad.<\/strong><\/p>\n<p>D\u00e9jate cautivar por el encanto natural y el esplendor de la seda con este chal, una obra de arte que resalta la belleza de la natura y eleva cualquier estilo con un toque de distinci\u00f3n.<\/p>\n<p>Adem\u00e1s, este chal se puede combinar con el <a href=\"https:\/\/annaalbert.com\/producto\/ventall-fusta-seda-natural-flors\/\">ABANICO FLORES IMPRESIONISTAS<\/a><\/p>\n","protected":false},"excerpt":{"rendered":"<p>Chal de <strong>seda pong\u00e9<\/strong> pintado de flores impresionistas.<\/p>\n<p> Medidas de 180&#215;90.<\/p>\n","protected":false},"featured_media":11219,"comment_status":"closed","ping_status":"closed","template":"","meta":{"_et_pb_use_builder":"","_et_pb_old_content":"","_et_gb_content_width":""},"product_brand":[],"product_cat":[174],"product_tag":[],"class_list":{"0":"post-11218","1":"product","2":"type-product","3":"status-publish","4":"has-post-thumbnail","6":"product_cat-fulards","8":"first","9":"outofstock","10":"purchasable","11":"product-type-simple"},"yoast_head":"<!-- This site is optimized with the Yoast SEO plugin v27.0 - https:\/\/yoast.com\/product\/yoast-seo-wordpress\/ -->\n<title>Chal seda natural flores - Art en Seda<\/title>\n<meta name=\"description\" content=\"Chal seda natural flores inspirado con la gestualidad impresionista pero con un trazo muy personal. Para envolver una mujer alta y con personalidad.\" \/>\n<meta name=\"robots\" content=\"index, follow, max-snippet:-1, max-image-preview:large, max-video-preview:-1\" \/>\n<link rel=\"canonical\" href=\"https:\/\/annaalbert.com\/es\/producto-es\/chal-seda-natural-flores\/\" \/>\n<meta property=\"og:locale\" content=\"es_ES\" \/>\n<meta property=\"og:type\" content=\"article\" \/>\n<meta property=\"og:title\" content=\"Chal seda natural flores - Art en Seda\" \/>\n<meta property=\"og:description\" content=\"Chal seda natural flores inspirado con la gestualidad impresionista pero con un trazo muy personal. Para envolver una mujer alta y con personalidad.\" \/>\n<meta property=\"og:url\" content=\"https:\/\/annaalbert.com\/es\/producto-es\/chal-seda-natural-flores\/\" \/>\n<meta property=\"og:site_name\" content=\"Art en Seda\" \/>\n<meta property=\"article:modified_time\" content=\"2025-10-21T16:14:46+00:00\" \/>\n<meta property=\"og:image\" content=\"https:\/\/annaalbert.com\/wp-content\/uploads\/2019\/03\/xal-imp.jpg\" \/>\n\t<meta property=\"og:image:width\" content=\"800\" \/>\n\t<meta property=\"og:image:height\" content=\"960\" \/>\n\t<meta property=\"og:image:type\" content=\"image\/jpeg\" \/>\n<meta name=\"twitter:card\" content=\"summary_large_image\" \/>\n<meta name=\"twitter:label1\" content=\"Tiempo de lectura\" \/>\n\t<meta name=\"twitter:data1\" content=\"1 minuto\" \/>\n<script type=\"application\/ld+json\" class=\"yoast-schema-graph\">{\"@context\":\"https:\/\/schema.org\",\"@graph\":[{\"@type\":\"WebPage\",\"@id\":\"https:\/\/annaalbert.com\/es\/producto-es\/chal-seda-natural-flores\/\",\"url\":\"https:\/\/annaalbert.com\/es\/producto-es\/chal-seda-natural-flores\/\",\"name\":\"Chal seda natural flores - Art en Seda\",\"isPartOf\":{\"@id\":\"https:\/\/annaalbert.com\/es\/#website\"},\"primaryImageOfPage\":{\"@id\":\"https:\/\/annaalbert.com\/es\/producto-es\/chal-seda-natural-flores\/#primaryimage\"},\"image\":{\"@id\":\"https:\/\/annaalbert.com\/es\/producto-es\/chal-seda-natural-flores\/#primaryimage\"},\"thumbnailUrl\":\"https:\/\/annaalbert.com\/wp-content\/uploads\/2019\/03\/xal-imp.jpg\",\"datePublished\":\"2019-03-21T17:51:02+00:00\",\"dateModified\":\"2025-10-21T16:14:46+00:00\",\"description\":\"Chal seda natural flores inspirado con la gestualidad impresionista pero con un trazo muy personal. Para envolver una mujer alta y con personalidad.\",\"breadcrumb\":{\"@id\":\"https:\/\/annaalbert.com\/es\/producto-es\/chal-seda-natural-flores\/#breadcrumb\"},\"inLanguage\":\"es\",\"potentialAction\":[{\"@type\":\"ReadAction\",\"target\":[\"https:\/\/annaalbert.com\/es\/producto-es\/chal-seda-natural-flores\/\"]}]},{\"@type\":\"ImageObject\",\"inLanguage\":\"es\",\"@id\":\"https:\/\/annaalbert.com\/es\/producto-es\/chal-seda-natural-flores\/#primaryimage\",\"url\":\"https:\/\/annaalbert.com\/wp-content\/uploads\/2019\/03\/xal-imp.jpg\",\"contentUrl\":\"https:\/\/annaalbert.com\/wp-content\/uploads\/2019\/03\/xal-imp.jpg\",\"width\":800,\"height\":960,\"caption\":\"xal seda natural flors\"},{\"@type\":\"BreadcrumbList\",\"@id\":\"https:\/\/annaalbert.com\/es\/producto-es\/chal-seda-natural-flores\/#breadcrumb\",\"itemListElement\":[{\"@type\":\"ListItem\",\"position\":1,\"name\":\"Portada\",\"item\":\"https:\/\/annaalbert.com\/es\/\"},{\"@type\":\"ListItem\",\"position\":2,\"name\":\"Tienda\",\"item\":\"https:\/\/annaalbert.com\/tienda\/\"},{\"@type\":\"ListItem\",\"position\":3,\"name\":\"CHAL SEDA NATURAL FLORES\"}]},{\"@type\":\"WebSite\",\"@id\":\"https:\/\/annaalbert.com\/es\/#website\",\"url\":\"https:\/\/annaalbert.com\/es\/\",\"name\":\"Art en Seda\",\"description\":\"Productos de seda pintada a mano, asi como cursos, talleres, experiencias por la artesana Anna Albert\",\"publisher\":{\"@id\":\"https:\/\/annaalbert.com\/es\/#organization\"},\"potentialAction\":[{\"@type\":\"SearchAction\",\"target\":{\"@type\":\"EntryPoint\",\"urlTemplate\":\"https:\/\/annaalbert.com\/es\/?s={search_term_string}\"},\"query-input\":{\"@type\":\"PropertyValueSpecification\",\"valueRequired\":true,\"valueName\":\"search_term_string\"}}],\"inLanguage\":\"es\"},{\"@type\":\"Organization\",\"@id\":\"https:\/\/annaalbert.com\/es\/#organization\",\"name\":\"Art en Seda by Anna Albert\",\"url\":\"https:\/\/annaalbert.com\/es\/\",\"logo\":{\"@type\":\"ImageObject\",\"inLanguage\":\"es\",\"@id\":\"https:\/\/annaalbert.com\/es\/#\/schema\/logo\/image\/\",\"url\":\"https:\/\/annaalbert.com\/wp-content\/uploads\/2021\/01\/horitzontal_fonsblanc-scaled.jpg\",\"contentUrl\":\"https:\/\/annaalbert.com\/wp-content\/uploads\/2021\/01\/horitzontal_fonsblanc-scaled.jpg\",\"width\":2560,\"height\":779,\"caption\":\"Art en Seda by Anna Albert\"},\"image\":{\"@id\":\"https:\/\/annaalbert.com\/es\/#\/schema\/logo\/image\/\"}}]}<\/script>\n<!-- \/ Yoast SEO plugin. -->","yoast_head_json":{"title":"Chal seda natural flores - Art en Seda","description":"Chal seda natural flores inspirado con la gestualidad impresionista pero con un trazo muy personal. Para envolver una mujer alta y con personalidad.","robots":{"index":"index","follow":"follow","max-snippet":"max-snippet:-1","max-image-preview":"max-image-preview:large","max-video-preview":"max-video-preview:-1"},"canonical":"https:\/\/annaalbert.com\/es\/producto-es\/chal-seda-natural-flores\/","og_locale":"es_ES","og_type":"article","og_title":"Chal seda natural flores - Art en Seda","og_description":"Chal seda natural flores inspirado con la gestualidad impresionista pero con un trazo muy personal. Para envolver una mujer alta y con personalidad.","og_url":"https:\/\/annaalbert.com\/es\/producto-es\/chal-seda-natural-flores\/","og_site_name":"Art en Seda","article_modified_time":"2025-10-21T16:14:46+00:00","og_image":[{"width":800,"height":960,"url":"https:\/\/annaalbert.com\/wp-content\/uploads\/2019\/03\/xal-imp.jpg","type":"image\/jpeg"}],"twitter_card":"summary_large_image","twitter_misc":{"Tiempo de lectura":"1 minuto"},"schema":{"@context":"https:\/\/schema.org","@graph":[{"@type":"WebPage","@id":"https:\/\/annaalbert.com\/es\/producto-es\/chal-seda-natural-flores\/","url":"https:\/\/annaalbert.com\/es\/producto-es\/chal-seda-natural-flores\/","name":"Chal seda natural flores - Art en Seda","isPartOf":{"@id":"https:\/\/annaalbert.com\/es\/#website"},"primaryImageOfPage":{"@id":"https:\/\/annaalbert.com\/es\/producto-es\/chal-seda-natural-flores\/#primaryimage"},"image":{"@id":"https:\/\/annaalbert.com\/es\/producto-es\/chal-seda-natural-flores\/#primaryimage"},"thumbnailUrl":"https:\/\/annaalbert.com\/wp-content\/uploads\/2019\/03\/xal-imp.jpg","datePublished":"2019-03-21T17:51:02+00:00","dateModified":"2025-10-21T16:14:46+00:00","description":"Chal seda natural flores inspirado con la gestualidad impresionista pero con un trazo muy personal. Para envolver una mujer alta y con personalidad.","breadcrumb":{"@id":"https:\/\/annaalbert.com\/es\/producto-es\/chal-seda-natural-flores\/#breadcrumb"},"inLanguage":"es","potentialAction":[{"@type":"ReadAction","target":["https:\/\/annaalbert.com\/es\/producto-es\/chal-seda-natural-flores\/"]}]},{"@type":"ImageObject","inLanguage":"es","@id":"https:\/\/annaalbert.com\/es\/producto-es\/chal-seda-natural-flores\/#primaryimage","url":"https:\/\/annaalbert.com\/wp-content\/uploads\/2019\/03\/xal-imp.jpg","contentUrl":"https:\/\/annaalbert.com\/wp-content\/uploads\/2019\/03\/xal-imp.jpg","width":800,"height":960,"caption":"xal seda natural flors"},{"@type":"BreadcrumbList","@id":"https:\/\/annaalbert.com\/es\/producto-es\/chal-seda-natural-flores\/#breadcrumb","itemListElement":[{"@type":"ListItem","position":1,"name":"Portada","item":"https:\/\/annaalbert.com\/es\/"},{"@type":"ListItem","position":2,"name":"Tienda","item":"https:\/\/annaalbert.com\/tienda\/"},{"@type":"ListItem","position":3,"name":"CHAL SEDA NATURAL FLORES"}]},{"@type":"WebSite","@id":"https:\/\/annaalbert.com\/es\/#website","url":"https:\/\/annaalbert.com\/es\/","name":"Art en Seda","description":"Productos de seda pintada a mano, asi como cursos, talleres, experiencias por la artesana Anna Albert","publisher":{"@id":"https:\/\/annaalbert.com\/es\/#organization"},"potentialAction":[{"@type":"SearchAction","target":{"@type":"EntryPoint","urlTemplate":"https:\/\/annaalbert.com\/es\/?s={search_term_string}"},"query-input":{"@type":"PropertyValueSpecification","valueRequired":true,"valueName":"search_term_string"}}],"inLanguage":"es"},{"@type":"Organization","@id":"https:\/\/annaalbert.com\/es\/#organization","name":"Art en Seda by Anna Albert","url":"https:\/\/annaalbert.com\/es\/","logo":{"@type":"ImageObject","inLanguage":"es","@id":"https:\/\/annaalbert.com\/es\/#\/schema\/logo\/image\/","url":"https:\/\/annaalbert.com\/wp-content\/uploads\/2021\/01\/horitzontal_fonsblanc-scaled.jpg","contentUrl":"https:\/\/annaalbert.com\/wp-content\/uploads\/2021\/01\/horitzontal_fonsblanc-scaled.jpg","width":2560,"height":779,"caption":"Art en Seda by Anna Albert"},"image":{"@id":"https:\/\/annaalbert.com\/es\/#\/schema\/logo\/image\/"}}]}},"_links":{"self":[{"href":"https:\/\/annaalbert.com\/es\/wp-json\/wp\/v2\/product\/11218","targetHints":{"allow":["GET"]}}],"collection":[{"href":"https:\/\/annaalbert.com\/es\/wp-json\/wp\/v2\/product"}],"about":[{"href":"https:\/\/annaalbert.com\/es\/wp-json\/wp\/v2\/types\/product"}],"replies":[{"embeddable":true,"href":"https:\/\/annaalbert.com\/es\/wp-json\/wp\/v2\/comments?post=11218"}],"wp:featuredmedia":[{"embeddable":true,"href":"https:\/\/annaalbert.com\/es\/wp-json\/wp\/v2\/media\/11219"}],"wp:attachment":[{"href":"https:\/\/annaalbert.com\/es\/wp-json\/wp\/v2\/media?parent=11218"}],"wp:term":[{"taxonomy":"product_brand","embeddable":true,"href":"https:\/\/annaalbert.com\/es\/wp-json\/wp\/v2\/product_brand?post=11218"},{"taxonomy":"product_cat","embeddable":true,"href":"https:\/\/annaalbert.com\/es\/wp-json\/wp\/v2\/product_cat?post=11218"},{"taxonomy":"product_tag","embeddable":true,"href":"https:\/\/annaalbert.com\/es\/wp-json\/wp\/v2\/product_tag?post=11218"}],"curies":[{"name":"wp","href":"https:\/\/api.w.org\/{rel}","templated":true}]}}