{"id":11216,"date":"2019-03-21T17:51:02","date_gmt":"2019-03-21T17:51:02","guid":{"rendered":"https:\/\/annaalbert.com\/producto\/fular-seda-natural-flores-verdes\/"},"modified":"2025-10-14T08:21:54","modified_gmt":"2025-10-14T08:21:54","slug":"fular-seda-natural-flores-verdes","status":"publish","type":"product","link":"https:\/\/annaalbert.com\/es\/producto-es\/fular-seda-natural-flores-verdes\/","title":{"rendered":"PA\u00d1UELO DE SEDA NATURAL DE FLORES VERDES"},"content":{"rendered":"<p style=\"text-align: justify;\"><strong>Pa\u00f1uelo<\/strong> de seda natural de flores verdes discreto y elegante hecho con seda cr\u00eape que le da calidad y cuerpo.<\/p>\n<p>La seda, noble y delicada, se convierte en un testigo de la elegancia y lo fino en este fascinante fular adornado con la belleza eterna de las flores verdes pintadas a mano. Cada trozo de seda es una obra de arte, fusionando la suavidad de la natura con la maestr\u00eda artesanal. Es m\u00e1s que una simple prenda de ropa; es una expresi\u00f3n viva de la belleza que nos rodea.<\/p>\n<p style=\"text-align: justify;\"><strong>Por eso, est\u00e1 pensado para la mujer que busca un complemento de moda exclusivo y diferente.<\/strong><\/p>\n<p style=\"text-align: justify;\">Por un lado, una fiesta de flores peque\u00f1as que juegan con los dos colores del fondo y, al otro lado, el detalle de unas cu\u00e1ntas flores que equilibran el conjunto.<\/p>\n<p style=\"text-align: justify;\">Adem\u00e1s, hay dos contrastes de verdes, uno de oscuro y el otro p\u00e1lido y suave que respira calma y armon\u00eda. Y es que la natura busca su propio equilibrio y aqu\u00ed nos lo brinda en forma de complemento de moda para envolver una mujer con personalidad.<\/p>\n<p style=\"text-align: justify;\">Artistas de todas las \u00e9pocas se han inspirado con las flores. En mi caso, el modernismo floral ha sido un referente que me acompa\u00f1a y desde el cual fluye mucha de mi inspiraci\u00f3n.<\/p>\n<p style=\"text-align: justify;\"><strong>Natura, color y fantas\u00eda se encuentran en esta obra y nos invitan a disfrutar del que nos rodea.<\/strong><\/p>\n<p style=\"text-align: justify;\">Este pa\u00f1uelo de seda natural de flores verdes se puede combinar con el <a href=\"https:\/\/annaalbert.com\/producto\/ventall-seda-natural-flors-verdes\/\">ABANICO ESMERALDA<\/a> <\/p>\n","protected":false},"excerpt":{"rendered":"<p><strong>Fular de seda cr\u00eap<\/strong> con motivos florales con colores verde oscuro y esmeralda.<\/p>\n<p> Medidas de 180&#215;45.<\/p>\n","protected":false},"featured_media":10625,"comment_status":"closed","ping_status":"closed","template":"","meta":{"_et_pb_use_builder":"","_et_pb_old_content":"","_et_gb_content_width":""},"product_brand":[],"product_cat":[174],"product_tag":[],"class_list":{"0":"post-11216","1":"product","2":"type-product","3":"status-publish","4":"has-post-thumbnail","6":"product_cat-fulards","8":"first","9":"instock","10":"purchasable","11":"product-type-simple"},"yoast_head":"<!-- This site is optimized with the Yoast SEO plugin v27.0 - https:\/\/yoast.com\/product\/yoast-seo-wordpress\/ -->\n<title>Pa\u00f1uelo de seda natural de flores verdes - Art en Seda<\/title>\n<meta name=\"description\" content=\"Pa\u00f1uelo de seda natural de flores verdes discreto y elegante, pensado para la mujer que busca un complemento de moda exclusivo y diferente.\" \/>\n<meta name=\"robots\" content=\"index, follow, max-snippet:-1, max-image-preview:large, max-video-preview:-1\" \/>\n<link rel=\"canonical\" href=\"https:\/\/annaalbert.com\/es\/producto-es\/fular-seda-natural-flores-verdes\/\" \/>\n<meta property=\"og:locale\" content=\"es_ES\" \/>\n<meta property=\"og:type\" content=\"article\" \/>\n<meta property=\"og:title\" content=\"Pa\u00f1uelo de seda natural de flores verdes - Art en Seda\" \/>\n<meta property=\"og:description\" content=\"Pa\u00f1uelo de seda natural de flores verdes discreto y elegante, pensado para la mujer que busca un complemento de moda exclusivo y diferente.\" \/>\n<meta property=\"og:url\" content=\"https:\/\/annaalbert.com\/es\/producto-es\/fular-seda-natural-flores-verdes\/\" \/>\n<meta property=\"og:site_name\" content=\"Art en Seda\" \/>\n<meta property=\"article:modified_time\" content=\"2025-10-14T08:21:54+00:00\" \/>\n<meta property=\"og:image\" content=\"https:\/\/annaalbert.com\/wp-content\/uploads\/2019\/03\/2916.jpg\" \/>\n\t<meta property=\"og:image:width\" content=\"800\" \/>\n\t<meta property=\"og:image:height\" content=\"960\" \/>\n\t<meta property=\"og:image:type\" content=\"image\/jpeg\" \/>\n<meta name=\"twitter:card\" content=\"summary_large_image\" \/>\n<meta name=\"twitter:label1\" content=\"Tiempo de lectura\" \/>\n\t<meta name=\"twitter:data1\" content=\"1 minuto\" \/>\n<script type=\"application\/ld+json\" class=\"yoast-schema-graph\">{\"@context\":\"https:\/\/schema.org\",\"@graph\":[{\"@type\":\"WebPage\",\"@id\":\"https:\/\/annaalbert.com\/es\/producto-es\/fular-seda-natural-flores-verdes\/\",\"url\":\"https:\/\/annaalbert.com\/es\/producto-es\/fular-seda-natural-flores-verdes\/\",\"name\":\"Pa\u00f1uelo de seda natural de flores verdes - Art en Seda\",\"isPartOf\":{\"@id\":\"https:\/\/annaalbert.com\/es\/#website\"},\"primaryImageOfPage\":{\"@id\":\"https:\/\/annaalbert.com\/es\/producto-es\/fular-seda-natural-flores-verdes\/#primaryimage\"},\"image\":{\"@id\":\"https:\/\/annaalbert.com\/es\/producto-es\/fular-seda-natural-flores-verdes\/#primaryimage\"},\"thumbnailUrl\":\"https:\/\/annaalbert.com\/wp-content\/uploads\/2019\/03\/2916.jpg\",\"datePublished\":\"2019-03-21T17:51:02+00:00\",\"dateModified\":\"2025-10-14T08:21:54+00:00\",\"description\":\"Pa\u00f1uelo de seda natural de flores verdes discreto y elegante, pensado para la mujer que busca un complemento de moda exclusivo y diferente.\",\"breadcrumb\":{\"@id\":\"https:\/\/annaalbert.com\/es\/producto-es\/fular-seda-natural-flores-verdes\/#breadcrumb\"},\"inLanguage\":\"es\",\"potentialAction\":[{\"@type\":\"ReadAction\",\"target\":[\"https:\/\/annaalbert.com\/es\/producto-es\/fular-seda-natural-flores-verdes\/\"]}]},{\"@type\":\"ImageObject\",\"inLanguage\":\"es\",\"@id\":\"https:\/\/annaalbert.com\/es\/producto-es\/fular-seda-natural-flores-verdes\/#primaryimage\",\"url\":\"https:\/\/annaalbert.com\/wp-content\/uploads\/2019\/03\/2916.jpg\",\"contentUrl\":\"https:\/\/annaalbert.com\/wp-content\/uploads\/2019\/03\/2916.jpg\",\"width\":800,\"height\":960,\"caption\":\"fulard seda natural flors verdes\"},{\"@type\":\"BreadcrumbList\",\"@id\":\"https:\/\/annaalbert.com\/es\/producto-es\/fular-seda-natural-flores-verdes\/#breadcrumb\",\"itemListElement\":[{\"@type\":\"ListItem\",\"position\":1,\"name\":\"Portada\",\"item\":\"https:\/\/annaalbert.com\/es\/\"},{\"@type\":\"ListItem\",\"position\":2,\"name\":\"Tienda\",\"item\":\"https:\/\/annaalbert.com\/tienda\/\"},{\"@type\":\"ListItem\",\"position\":3,\"name\":\"PA\u00d1UELO DE SEDA NATURAL DE FLORES VERDES\"}]},{\"@type\":\"WebSite\",\"@id\":\"https:\/\/annaalbert.com\/es\/#website\",\"url\":\"https:\/\/annaalbert.com\/es\/\",\"name\":\"Art en Seda\",\"description\":\"Productos de seda pintada a mano, asi como cursos, talleres, experiencias por la artesana Anna Albert\",\"publisher\":{\"@id\":\"https:\/\/annaalbert.com\/es\/#organization\"},\"potentialAction\":[{\"@type\":\"SearchAction\",\"target\":{\"@type\":\"EntryPoint\",\"urlTemplate\":\"https:\/\/annaalbert.com\/es\/?s={search_term_string}\"},\"query-input\":{\"@type\":\"PropertyValueSpecification\",\"valueRequired\":true,\"valueName\":\"search_term_string\"}}],\"inLanguage\":\"es\"},{\"@type\":\"Organization\",\"@id\":\"https:\/\/annaalbert.com\/es\/#organization\",\"name\":\"Art en Seda by Anna Albert\",\"url\":\"https:\/\/annaalbert.com\/es\/\",\"logo\":{\"@type\":\"ImageObject\",\"inLanguage\":\"es\",\"@id\":\"https:\/\/annaalbert.com\/es\/#\/schema\/logo\/image\/\",\"url\":\"https:\/\/annaalbert.com\/wp-content\/uploads\/2021\/01\/horitzontal_fonsblanc-scaled.jpg\",\"contentUrl\":\"https:\/\/annaalbert.com\/wp-content\/uploads\/2021\/01\/horitzontal_fonsblanc-scaled.jpg\",\"width\":2560,\"height\":779,\"caption\":\"Art en Seda by Anna Albert\"},\"image\":{\"@id\":\"https:\/\/annaalbert.com\/es\/#\/schema\/logo\/image\/\"}}]}<\/script>\n<!-- \/ Yoast SEO plugin. -->","yoast_head_json":{"title":"Pa\u00f1uelo de seda natural de flores verdes - Art en Seda","description":"Pa\u00f1uelo de seda natural de flores verdes discreto y elegante, pensado para la mujer que busca un complemento de moda exclusivo y diferente.","robots":{"index":"index","follow":"follow","max-snippet":"max-snippet:-1","max-image-preview":"max-image-preview:large","max-video-preview":"max-video-preview:-1"},"canonical":"https:\/\/annaalbert.com\/es\/producto-es\/fular-seda-natural-flores-verdes\/","og_locale":"es_ES","og_type":"article","og_title":"Pa\u00f1uelo de seda natural de flores verdes - Art en Seda","og_description":"Pa\u00f1uelo de seda natural de flores verdes discreto y elegante, pensado para la mujer que busca un complemento de moda exclusivo y diferente.","og_url":"https:\/\/annaalbert.com\/es\/producto-es\/fular-seda-natural-flores-verdes\/","og_site_name":"Art en Seda","article_modified_time":"2025-10-14T08:21:54+00:00","og_image":[{"width":800,"height":960,"url":"https:\/\/annaalbert.com\/wp-content\/uploads\/2019\/03\/2916.jpg","type":"image\/jpeg"}],"twitter_card":"summary_large_image","twitter_misc":{"Tiempo de lectura":"1 minuto"},"schema":{"@context":"https:\/\/schema.org","@graph":[{"@type":"WebPage","@id":"https:\/\/annaalbert.com\/es\/producto-es\/fular-seda-natural-flores-verdes\/","url":"https:\/\/annaalbert.com\/es\/producto-es\/fular-seda-natural-flores-verdes\/","name":"Pa\u00f1uelo de seda natural de flores verdes - Art en Seda","isPartOf":{"@id":"https:\/\/annaalbert.com\/es\/#website"},"primaryImageOfPage":{"@id":"https:\/\/annaalbert.com\/es\/producto-es\/fular-seda-natural-flores-verdes\/#primaryimage"},"image":{"@id":"https:\/\/annaalbert.com\/es\/producto-es\/fular-seda-natural-flores-verdes\/#primaryimage"},"thumbnailUrl":"https:\/\/annaalbert.com\/wp-content\/uploads\/2019\/03\/2916.jpg","datePublished":"2019-03-21T17:51:02+00:00","dateModified":"2025-10-14T08:21:54+00:00","description":"Pa\u00f1uelo de seda natural de flores verdes discreto y elegante, pensado para la mujer que busca un complemento de moda exclusivo y diferente.","breadcrumb":{"@id":"https:\/\/annaalbert.com\/es\/producto-es\/fular-seda-natural-flores-verdes\/#breadcrumb"},"inLanguage":"es","potentialAction":[{"@type":"ReadAction","target":["https:\/\/annaalbert.com\/es\/producto-es\/fular-seda-natural-flores-verdes\/"]}]},{"@type":"ImageObject","inLanguage":"es","@id":"https:\/\/annaalbert.com\/es\/producto-es\/fular-seda-natural-flores-verdes\/#primaryimage","url":"https:\/\/annaalbert.com\/wp-content\/uploads\/2019\/03\/2916.jpg","contentUrl":"https:\/\/annaalbert.com\/wp-content\/uploads\/2019\/03\/2916.jpg","width":800,"height":960,"caption":"fulard seda natural flors verdes"},{"@type":"BreadcrumbList","@id":"https:\/\/annaalbert.com\/es\/producto-es\/fular-seda-natural-flores-verdes\/#breadcrumb","itemListElement":[{"@type":"ListItem","position":1,"name":"Portada","item":"https:\/\/annaalbert.com\/es\/"},{"@type":"ListItem","position":2,"name":"Tienda","item":"https:\/\/annaalbert.com\/tienda\/"},{"@type":"ListItem","position":3,"name":"PA\u00d1UELO DE SEDA NATURAL DE FLORES VERDES"}]},{"@type":"WebSite","@id":"https:\/\/annaalbert.com\/es\/#website","url":"https:\/\/annaalbert.com\/es\/","name":"Art en Seda","description":"Productos de seda pintada a mano, asi como cursos, talleres, experiencias por la artesana Anna Albert","publisher":{"@id":"https:\/\/annaalbert.com\/es\/#organization"},"potentialAction":[{"@type":"SearchAction","target":{"@type":"EntryPoint","urlTemplate":"https:\/\/annaalbert.com\/es\/?s={search_term_string}"},"query-input":{"@type":"PropertyValueSpecification","valueRequired":true,"valueName":"search_term_string"}}],"inLanguage":"es"},{"@type":"Organization","@id":"https:\/\/annaalbert.com\/es\/#organization","name":"Art en Seda by Anna Albert","url":"https:\/\/annaalbert.com\/es\/","logo":{"@type":"ImageObject","inLanguage":"es","@id":"https:\/\/annaalbert.com\/es\/#\/schema\/logo\/image\/","url":"https:\/\/annaalbert.com\/wp-content\/uploads\/2021\/01\/horitzontal_fonsblanc-scaled.jpg","contentUrl":"https:\/\/annaalbert.com\/wp-content\/uploads\/2021\/01\/horitzontal_fonsblanc-scaled.jpg","width":2560,"height":779,"caption":"Art en Seda by Anna Albert"},"image":{"@id":"https:\/\/annaalbert.com\/es\/#\/schema\/logo\/image\/"}}]}},"_links":{"self":[{"href":"https:\/\/annaalbert.com\/es\/wp-json\/wp\/v2\/product\/11216","targetHints":{"allow":["GET"]}}],"collection":[{"href":"https:\/\/annaalbert.com\/es\/wp-json\/wp\/v2\/product"}],"about":[{"href":"https:\/\/annaalbert.com\/es\/wp-json\/wp\/v2\/types\/product"}],"replies":[{"embeddable":true,"href":"https:\/\/annaalbert.com\/es\/wp-json\/wp\/v2\/comments?post=11216"}],"wp:featuredmedia":[{"embeddable":true,"href":"https:\/\/annaalbert.com\/es\/wp-json\/wp\/v2\/media\/10625"}],"wp:attachment":[{"href":"https:\/\/annaalbert.com\/es\/wp-json\/wp\/v2\/media?parent=11216"}],"wp:term":[{"taxonomy":"product_brand","embeddable":true,"href":"https:\/\/annaalbert.com\/es\/wp-json\/wp\/v2\/product_brand?post=11216"},{"taxonomy":"product_cat","embeddable":true,"href":"https:\/\/annaalbert.com\/es\/wp-json\/wp\/v2\/product_cat?post=11216"},{"taxonomy":"product_tag","embeddable":true,"href":"https:\/\/annaalbert.com\/es\/wp-json\/wp\/v2\/product_tag?post=11216"}],"curies":[{"name":"wp","href":"https:\/\/api.w.org\/{rel}","templated":true}]}}