{"id":11214,"date":"2019-03-21T17:51:02","date_gmt":"2019-03-21T17:51:02","guid":{"rendered":"https:\/\/annaalbert.com\/producto\/bolso-mujer-algodon-sedas-pequena\/"},"modified":"2023-11-08T09:51:33","modified_gmt":"2023-11-08T09:51:33","slug":"bolso-mujer-algodon-sedas-pequena","status":"publish","type":"product","link":"https:\/\/annaalbert.com\/es\/producto-es\/bolso-mujer-algodon-sedas-pequena\/","title":{"rendered":"BOLSO MUJER ALGOD\u00d3N SEDAS PEQUE\u00d1A"},"content":{"rendered":"<p>Bolso mujer algod\u00f3n sedas peque\u00f1a.<\/p>\n<p>Esta bolsita tiene una medida ideal para llevar el m\u00f3vil, las llaves y la cartera. Adem\u00e1s, la puedes utilizar tanto el d\u00eda a d\u00eda como en noches especiales.<\/p>\n<p>El delante es un estampado de algod\u00f3n donde he cosido diferentes tipos de sedas pintadas, lanas de colores, cintas de seda tambi\u00e9n pintadas y algunas otras filigranas jugando con las texturas, las formas y los colores. Toda la colecci\u00f3n se inspira con las formas de los caracoles modernistas, y se mezclan texturas de sedas como si fueran peque\u00f1os trencad\u00edses o formas onduladas. Cosidos con puntos de bordados diferentes, algunos con puntas, otras con botones o varias fantas\u00edas.<\/p>\n<p>Adem\u00e1s, la parte de \u00faltima y el asa larga son de loneta negra. Las asas acaban con un nudo a ambos lados, de forma que se puede acortar con facilidad si se necesita.<\/p>\n<p>El interior viene forrado y lleva un bolsillo.<\/p>\n<p>Lleva dos etiquetas, una interior y una colgada de la cremallera con un escrito donde certifica que est\u00e1s ante una pieza \u00fanica mimada con todos los detalles por la autora.<\/p>\n<p>El bolso mujer algod\u00f3n sedas peque\u00f1o es un complemento original y \u00fatil pensado para gustar a la mujer que busca accesorios exclusivos. \u00a1Pieza \u00fanica!<\/p>\n","protected":false},"excerpt":{"rendered":"<p>Bolso de algod\u00f3n y sedas<\/p>\n<p>Medida peque\u00f1a 20x16cm<\/p>\n","protected":false},"featured_media":4585,"comment_status":"closed","ping_status":"closed","template":"","meta":{"_et_pb_use_builder":"","_et_pb_old_content":"","_et_gb_content_width":""},"product_brand":[],"product_cat":[358],"product_tag":[],"class_list":{"0":"post-11214","1":"product","2":"type-product","3":"status-publish","4":"has-post-thumbnail","6":"product_cat-bolsos-es-2","8":"first","9":"outofstock","10":"purchasable","11":"product-type-simple"},"yoast_head":"<!-- This site is optimized with the Yoast SEO plugin v27.4 - https:\/\/yoast.com\/product\/yoast-seo-wordpress\/ -->\n<title>Bolso mujer algod\u00f3n sedas peque\u00f1a - Art en Seda<\/title>\n<meta name=\"description\" content=\"Bolso mujer algod\u00f3n sedas peque\u00f1a, complemento original y \u00fatil pensado para gustar a la mujer que busca accesorios exclusivos. \u00a1Pieza \u00fanica!\" \/>\n<meta name=\"robots\" content=\"index, follow, max-snippet:-1, max-image-preview:large, max-video-preview:-1\" \/>\n<link rel=\"canonical\" href=\"https:\/\/annaalbert.com\/es\/producto-es\/bolso-mujer-algodon-sedas-pequena\/\" \/>\n<meta property=\"og:locale\" content=\"es_ES\" \/>\n<meta property=\"og:type\" content=\"article\" \/>\n<meta property=\"og:title\" content=\"Bolso mujer algod\u00f3n sedas peque\u00f1a - Art en Seda\" \/>\n<meta property=\"og:description\" content=\"Bolso mujer algod\u00f3n sedas peque\u00f1a, complemento original y \u00fatil pensado para gustar a la mujer que busca accesorios exclusivos. \u00a1Pieza \u00fanica!\" \/>\n<meta property=\"og:url\" content=\"https:\/\/annaalbert.com\/es\/producto-es\/bolso-mujer-algodon-sedas-pequena\/\" \/>\n<meta property=\"og:site_name\" content=\"Art en Seda\" \/>\n<meta property=\"article:modified_time\" content=\"2023-11-08T09:51:33+00:00\" \/>\n<meta property=\"og:image\" content=\"https:\/\/annaalbert.com\/wp-content\/uploads\/2019\/02\/247.jpg\" \/>\n\t<meta property=\"og:image:width\" content=\"800\" \/>\n\t<meta property=\"og:image:height\" content=\"960\" \/>\n\t<meta property=\"og:image:type\" content=\"image\/jpeg\" \/>\n<meta name=\"twitter:card\" content=\"summary_large_image\" \/>\n<meta name=\"twitter:label1\" content=\"Tiempo de lectura\" \/>\n\t<meta name=\"twitter:data1\" content=\"1 minuto\" \/>\n<script type=\"application\/ld+json\" class=\"yoast-schema-graph\">{\"@context\":\"https:\\\/\\\/schema.org\",\"@graph\":[{\"@type\":\"WebPage\",\"@id\":\"https:\\\/\\\/annaalbert.com\\\/es\\\/producto-es\\\/bolso-mujer-algodon-sedas-pequena\\\/\",\"url\":\"https:\\\/\\\/annaalbert.com\\\/es\\\/producto-es\\\/bolso-mujer-algodon-sedas-pequena\\\/\",\"name\":\"Bolso mujer algod\u00f3n sedas peque\u00f1a - Art en Seda\",\"isPartOf\":{\"@id\":\"https:\\\/\\\/annaalbert.com\\\/es\\\/#website\"},\"primaryImageOfPage\":{\"@id\":\"https:\\\/\\\/annaalbert.com\\\/es\\\/producto-es\\\/bolso-mujer-algodon-sedas-pequena\\\/#primaryimage\"},\"image\":{\"@id\":\"https:\\\/\\\/annaalbert.com\\\/es\\\/producto-es\\\/bolso-mujer-algodon-sedas-pequena\\\/#primaryimage\"},\"thumbnailUrl\":\"https:\\\/\\\/annaalbert.com\\\/wp-content\\\/uploads\\\/2019\\\/02\\\/247.jpg\",\"datePublished\":\"2019-03-21T17:51:02+00:00\",\"dateModified\":\"2023-11-08T09:51:33+00:00\",\"description\":\"Bolso mujer algod\u00f3n sedas peque\u00f1a, complemento original y \u00fatil pensado para gustar a la mujer que busca accesorios exclusivos. \u00a1Pieza \u00fanica!\",\"breadcrumb\":{\"@id\":\"https:\\\/\\\/annaalbert.com\\\/es\\\/producto-es\\\/bolso-mujer-algodon-sedas-pequena\\\/#breadcrumb\"},\"inLanguage\":\"es\",\"potentialAction\":[{\"@type\":\"ReadAction\",\"target\":[\"https:\\\/\\\/annaalbert.com\\\/es\\\/producto-es\\\/bolso-mujer-algodon-sedas-pequena\\\/\"]}]},{\"@type\":\"ImageObject\",\"inLanguage\":\"es\",\"@id\":\"https:\\\/\\\/annaalbert.com\\\/es\\\/producto-es\\\/bolso-mujer-algodon-sedas-pequena\\\/#primaryimage\",\"url\":\"https:\\\/\\\/annaalbert.com\\\/wp-content\\\/uploads\\\/2019\\\/02\\\/247.jpg\",\"contentUrl\":\"https:\\\/\\\/annaalbert.com\\\/wp-content\\\/uploads\\\/2019\\\/02\\\/247.jpg\",\"width\":800,\"height\":960,\"caption\":\"bossa dona cot\u00f3 sedes petita\"},{\"@type\":\"BreadcrumbList\",\"@id\":\"https:\\\/\\\/annaalbert.com\\\/es\\\/producto-es\\\/bolso-mujer-algodon-sedas-pequena\\\/#breadcrumb\",\"itemListElement\":[{\"@type\":\"ListItem\",\"position\":1,\"name\":\"Portada\",\"item\":\"https:\\\/\\\/annaalbert.com\\\/es\\\/\"},{\"@type\":\"ListItem\",\"position\":2,\"name\":\"Tienda\",\"item\":\"https:\\\/\\\/annaalbert.com\\\/tienda\\\/\"},{\"@type\":\"ListItem\",\"position\":3,\"name\":\"BOLSO MUJER ALGOD\u00d3N SEDAS PEQUE\u00d1A\"}]},{\"@type\":\"WebSite\",\"@id\":\"https:\\\/\\\/annaalbert.com\\\/es\\\/#website\",\"url\":\"https:\\\/\\\/annaalbert.com\\\/es\\\/\",\"name\":\"Art en Seda\",\"description\":\"Productos de seda pintada a mano, asi como cursos, talleres, experiencias por la artesana Anna Albert\",\"publisher\":{\"@id\":\"https:\\\/\\\/annaalbert.com\\\/es\\\/#organization\"},\"potentialAction\":[{\"@type\":\"SearchAction\",\"target\":{\"@type\":\"EntryPoint\",\"urlTemplate\":\"https:\\\/\\\/annaalbert.com\\\/es\\\/?s={search_term_string}\"},\"query-input\":{\"@type\":\"PropertyValueSpecification\",\"valueRequired\":true,\"valueName\":\"search_term_string\"}}],\"inLanguage\":\"es\"},{\"@type\":\"Organization\",\"@id\":\"https:\\\/\\\/annaalbert.com\\\/es\\\/#organization\",\"name\":\"Art en Seda by Anna Albert\",\"url\":\"https:\\\/\\\/annaalbert.com\\\/es\\\/\",\"logo\":{\"@type\":\"ImageObject\",\"inLanguage\":\"es\",\"@id\":\"https:\\\/\\\/annaalbert.com\\\/es\\\/#\\\/schema\\\/logo\\\/image\\\/\",\"url\":\"https:\\\/\\\/annaalbert.com\\\/wp-content\\\/uploads\\\/2021\\\/01\\\/horitzontal_fonsblanc-scaled.jpg\",\"contentUrl\":\"https:\\\/\\\/annaalbert.com\\\/wp-content\\\/uploads\\\/2021\\\/01\\\/horitzontal_fonsblanc-scaled.jpg\",\"width\":2560,\"height\":779,\"caption\":\"Art en Seda by Anna Albert\"},\"image\":{\"@id\":\"https:\\\/\\\/annaalbert.com\\\/es\\\/#\\\/schema\\\/logo\\\/image\\\/\"}}]}<\/script>\n<!-- \/ Yoast SEO plugin. -->","yoast_head_json":{"title":"Bolso mujer algod\u00f3n sedas peque\u00f1a - Art en Seda","description":"Bolso mujer algod\u00f3n sedas peque\u00f1a, complemento original y \u00fatil pensado para gustar a la mujer que busca accesorios exclusivos. \u00a1Pieza \u00fanica!","robots":{"index":"index","follow":"follow","max-snippet":"max-snippet:-1","max-image-preview":"max-image-preview:large","max-video-preview":"max-video-preview:-1"},"canonical":"https:\/\/annaalbert.com\/es\/producto-es\/bolso-mujer-algodon-sedas-pequena\/","og_locale":"es_ES","og_type":"article","og_title":"Bolso mujer algod\u00f3n sedas peque\u00f1a - Art en Seda","og_description":"Bolso mujer algod\u00f3n sedas peque\u00f1a, complemento original y \u00fatil pensado para gustar a la mujer que busca accesorios exclusivos. \u00a1Pieza \u00fanica!","og_url":"https:\/\/annaalbert.com\/es\/producto-es\/bolso-mujer-algodon-sedas-pequena\/","og_site_name":"Art en Seda","article_modified_time":"2023-11-08T09:51:33+00:00","og_image":[{"width":800,"height":960,"url":"https:\/\/annaalbert.com\/wp-content\/uploads\/2019\/02\/247.jpg","type":"image\/jpeg"}],"twitter_card":"summary_large_image","twitter_misc":{"Tiempo de lectura":"1 minuto"},"schema":{"@context":"https:\/\/schema.org","@graph":[{"@type":"WebPage","@id":"https:\/\/annaalbert.com\/es\/producto-es\/bolso-mujer-algodon-sedas-pequena\/","url":"https:\/\/annaalbert.com\/es\/producto-es\/bolso-mujer-algodon-sedas-pequena\/","name":"Bolso mujer algod\u00f3n sedas peque\u00f1a - Art en Seda","isPartOf":{"@id":"https:\/\/annaalbert.com\/es\/#website"},"primaryImageOfPage":{"@id":"https:\/\/annaalbert.com\/es\/producto-es\/bolso-mujer-algodon-sedas-pequena\/#primaryimage"},"image":{"@id":"https:\/\/annaalbert.com\/es\/producto-es\/bolso-mujer-algodon-sedas-pequena\/#primaryimage"},"thumbnailUrl":"https:\/\/annaalbert.com\/wp-content\/uploads\/2019\/02\/247.jpg","datePublished":"2019-03-21T17:51:02+00:00","dateModified":"2023-11-08T09:51:33+00:00","description":"Bolso mujer algod\u00f3n sedas peque\u00f1a, complemento original y \u00fatil pensado para gustar a la mujer que busca accesorios exclusivos. \u00a1Pieza \u00fanica!","breadcrumb":{"@id":"https:\/\/annaalbert.com\/es\/producto-es\/bolso-mujer-algodon-sedas-pequena\/#breadcrumb"},"inLanguage":"es","potentialAction":[{"@type":"ReadAction","target":["https:\/\/annaalbert.com\/es\/producto-es\/bolso-mujer-algodon-sedas-pequena\/"]}]},{"@type":"ImageObject","inLanguage":"es","@id":"https:\/\/annaalbert.com\/es\/producto-es\/bolso-mujer-algodon-sedas-pequena\/#primaryimage","url":"https:\/\/annaalbert.com\/wp-content\/uploads\/2019\/02\/247.jpg","contentUrl":"https:\/\/annaalbert.com\/wp-content\/uploads\/2019\/02\/247.jpg","width":800,"height":960,"caption":"bossa dona cot\u00f3 sedes petita"},{"@type":"BreadcrumbList","@id":"https:\/\/annaalbert.com\/es\/producto-es\/bolso-mujer-algodon-sedas-pequena\/#breadcrumb","itemListElement":[{"@type":"ListItem","position":1,"name":"Portada","item":"https:\/\/annaalbert.com\/es\/"},{"@type":"ListItem","position":2,"name":"Tienda","item":"https:\/\/annaalbert.com\/tienda\/"},{"@type":"ListItem","position":3,"name":"BOLSO MUJER ALGOD\u00d3N SEDAS PEQUE\u00d1A"}]},{"@type":"WebSite","@id":"https:\/\/annaalbert.com\/es\/#website","url":"https:\/\/annaalbert.com\/es\/","name":"Art en Seda","description":"Productos de seda pintada a mano, asi como cursos, talleres, experiencias por la artesana Anna Albert","publisher":{"@id":"https:\/\/annaalbert.com\/es\/#organization"},"potentialAction":[{"@type":"SearchAction","target":{"@type":"EntryPoint","urlTemplate":"https:\/\/annaalbert.com\/es\/?s={search_term_string}"},"query-input":{"@type":"PropertyValueSpecification","valueRequired":true,"valueName":"search_term_string"}}],"inLanguage":"es"},{"@type":"Organization","@id":"https:\/\/annaalbert.com\/es\/#organization","name":"Art en Seda by Anna Albert","url":"https:\/\/annaalbert.com\/es\/","logo":{"@type":"ImageObject","inLanguage":"es","@id":"https:\/\/annaalbert.com\/es\/#\/schema\/logo\/image\/","url":"https:\/\/annaalbert.com\/wp-content\/uploads\/2021\/01\/horitzontal_fonsblanc-scaled.jpg","contentUrl":"https:\/\/annaalbert.com\/wp-content\/uploads\/2021\/01\/horitzontal_fonsblanc-scaled.jpg","width":2560,"height":779,"caption":"Art en Seda by Anna Albert"},"image":{"@id":"https:\/\/annaalbert.com\/es\/#\/schema\/logo\/image\/"}}]}},"_links":{"self":[{"href":"https:\/\/annaalbert.com\/es\/wp-json\/wp\/v2\/product\/11214","targetHints":{"allow":["GET"]}}],"collection":[{"href":"https:\/\/annaalbert.com\/es\/wp-json\/wp\/v2\/product"}],"about":[{"href":"https:\/\/annaalbert.com\/es\/wp-json\/wp\/v2\/types\/product"}],"replies":[{"embeddable":true,"href":"https:\/\/annaalbert.com\/es\/wp-json\/wp\/v2\/comments?post=11214"}],"wp:featuredmedia":[{"embeddable":true,"href":"https:\/\/annaalbert.com\/es\/wp-json\/wp\/v2\/media\/4585"}],"wp:attachment":[{"href":"https:\/\/annaalbert.com\/es\/wp-json\/wp\/v2\/media?parent=11214"}],"wp:term":[{"taxonomy":"product_brand","embeddable":true,"href":"https:\/\/annaalbert.com\/es\/wp-json\/wp\/v2\/product_brand?post=11214"},{"taxonomy":"product_cat","embeddable":true,"href":"https:\/\/annaalbert.com\/es\/wp-json\/wp\/v2\/product_cat?post=11214"},{"taxonomy":"product_tag","embeddable":true,"href":"https:\/\/annaalbert.com\/es\/wp-json\/wp\/v2\/product_tag?post=11214"}],"curies":[{"name":"wp","href":"https:\/\/api.w.org\/{rel}","templated":true}]}}