{"id":11210,"date":"2019-03-21T17:51:02","date_gmt":"2019-03-21T17:51:02","guid":{"rendered":"https:\/\/annaalbert.com\/producto\/fular-seda-natural-cataluna\/"},"modified":"2024-04-03T11:01:25","modified_gmt":"2024-04-03T11:01:25","slug":"fular-seda-natural-cataluna","status":"publish","type":"product","link":"https:\/\/annaalbert.com\/es\/producto-es\/fular-seda-natural-cataluna\/","title":{"rendered":"PA\u00d1UELO DE SEDA NATURAL CATALU\u00d1A"},"content":{"rendered":"<p><strong>Pa\u00f1uelo de seda natural Catalu\u00f1a, de contenido patri\u00f3tico, inspirado con la bandera catalana y con el himno nacional de Catalu\u00f1a, dos s\u00edmbolos nacionales.<\/strong><\/p>\n<p>A lo largo del fulard hay seis veces el Senyera, dos a cada lado y dos centrales de forma desigual. Seis se\u00f1eras para seis estrofas de cuatro versos de Els Segadors y, en cada barra, hay escrito un verso.<\/p>\n<p><strong>Es m\u00e1s, el himno hace un llamamiento para defender la libertad de la tierra. Su origen data de la Guerra de los Segadores, en el siglo XVII.<\/strong><\/p>\n<p>Por una parte, la letra actual es de Emili Guanyavents y data de 1897. As\u00ed mismo, se utilizan elementos de tradici\u00f3n oral que ya hab\u00eda recogido anteriormente el escritor y fil\u00f3sofo Manuel Mil\u00e0 y Fontanals el 1882. Finalmente, la versi\u00f3n musical es de Francesc Ali\u00f3, que la compuso el 1892.<\/p>\n<p><strong>Fondo amarillo y barras o \u00abfajas\u00bb de color rojo.<\/strong><\/p>\n<p>Como resultado, es un fular pensado por la mujer atrevida con colores o que simplemente se identifique con su contenido y lo quiera lucir.<\/p>\n<p>Els Segadors<\/p>\n<p>Catalunya triomfant,<br \/>\ntornar\u00e0 a ser rica i plena.<br \/>\nEndarrere aquesta gent<br \/>\ntan ufana i tan superba.<\/p>\n<p><!-- [if !supportLineBreakNewLine]--><!--[endif]-->\u00a1Bon cop de fal\u00e7!<br \/>\nBon cop de fal\u00e7, Defensors de la terra!<br \/>\n\u00a1Bon cop de fal\u00e7!<\/p>\n<p>Ara \u00e9s hora, segadors.<br \/>\nAra \u00e9s hora d&#8217;estar alerta.<br \/>\nPer quan vingui un altre juny<br \/>\nesmolem ben b\u00e9 les eines.<\/p>\n<p>\u00a1Bon cop de fal\u00e7!<br \/>\nBon cop de fal\u00e7, Defensors de la terra!<br \/>\n\u00a1Bon cop de fal\u00e7!<\/p>\n<p>Que tremoli l&#8217;enemic<br \/>\nen veient la nostra ensenya.<br \/>\nCom fem caure espigues d&#8217;or,<br \/>\nquan conv\u00e9 seguem cadenes.<\/p>\n<p>\u00a1Bon cop de fal\u00e7!<br \/>\nBon cop de fal\u00e7, Defensors de la terra!<br \/>\n\u00a1Bon cop de fal\u00e7!<\/p>\n","protected":false},"excerpt":{"rendered":"<p><strong>Fular de seda muselina amarillo con la Senyera y el himno de los Segadores.<\/strong><\/p>\n<p>Medidas 180&#215;55.<\/p>\n","protected":false},"featured_media":11211,"comment_status":"closed","ping_status":"closed","template":"","meta":{"_et_pb_use_builder":"","_et_pb_old_content":"","_et_gb_content_width":""},"product_brand":[],"product_cat":[174],"product_tag":[],"class_list":{"0":"post-11210","1":"product","2":"type-product","3":"status-publish","4":"has-post-thumbnail","6":"product_cat-fulards","8":"first","9":"instock","10":"purchasable","11":"product-type-simple"},"yoast_head":"<!-- This site is optimized with the Yoast SEO plugin v27.0 - https:\/\/yoast.com\/product\/yoast-seo-wordpress\/ -->\n<title>Pa\u00f1uelo de seda natural Catalu\u00f1a - Art en Seda<\/title>\n<meta name=\"description\" content=\"Pa\u00f1uelo de seda natural Catalu\u00f1a de contenido patri\u00f3tico, inspirado en la bandera catalana y en el himno nacional de Catalu\u00f1a, dos s\u00edmbolos nacionales.\" \/>\n<meta name=\"robots\" content=\"index, follow, max-snippet:-1, max-image-preview:large, max-video-preview:-1\" \/>\n<link rel=\"canonical\" href=\"https:\/\/annaalbert.com\/es\/producto-es\/fular-seda-natural-cataluna\/\" \/>\n<meta property=\"og:locale\" content=\"es_ES\" \/>\n<meta property=\"og:type\" content=\"article\" \/>\n<meta property=\"og:title\" content=\"Pa\u00f1uelo de seda natural Catalu\u00f1a - Art en Seda\" \/>\n<meta property=\"og:description\" content=\"Pa\u00f1uelo de seda natural Catalu\u00f1a de contenido patri\u00f3tico, inspirado en la bandera catalana y en el himno nacional de Catalu\u00f1a, dos s\u00edmbolos nacionales.\" \/>\n<meta property=\"og:url\" content=\"https:\/\/annaalbert.com\/es\/producto-es\/fular-seda-natural-cataluna\/\" \/>\n<meta property=\"og:site_name\" content=\"Art en Seda\" \/>\n<meta property=\"article:modified_time\" content=\"2024-04-03T11:01:25+00:00\" \/>\n<meta property=\"og:image\" content=\"https:\/\/annaalbert.com\/wp-content\/uploads\/2019\/03\/2969.jpg\" \/>\n\t<meta property=\"og:image:width\" content=\"800\" \/>\n\t<meta property=\"og:image:height\" content=\"960\" \/>\n\t<meta property=\"og:image:type\" content=\"image\/jpeg\" \/>\n<meta name=\"twitter:card\" content=\"summary_large_image\" \/>\n<meta name=\"twitter:label1\" content=\"Tiempo de lectura\" \/>\n\t<meta name=\"twitter:data1\" content=\"1 minuto\" \/>\n<script type=\"application\/ld+json\" class=\"yoast-schema-graph\">{\"@context\":\"https:\/\/schema.org\",\"@graph\":[{\"@type\":\"WebPage\",\"@id\":\"https:\/\/annaalbert.com\/es\/producto-es\/fular-seda-natural-cataluna\/\",\"url\":\"https:\/\/annaalbert.com\/es\/producto-es\/fular-seda-natural-cataluna\/\",\"name\":\"Pa\u00f1uelo de seda natural Catalu\u00f1a - Art en Seda\",\"isPartOf\":{\"@id\":\"https:\/\/annaalbert.com\/es\/#website\"},\"primaryImageOfPage\":{\"@id\":\"https:\/\/annaalbert.com\/es\/producto-es\/fular-seda-natural-cataluna\/#primaryimage\"},\"image\":{\"@id\":\"https:\/\/annaalbert.com\/es\/producto-es\/fular-seda-natural-cataluna\/#primaryimage\"},\"thumbnailUrl\":\"https:\/\/annaalbert.com\/wp-content\/uploads\/2019\/03\/2969.jpg\",\"datePublished\":\"2019-03-21T17:51:02+00:00\",\"dateModified\":\"2024-04-03T11:01:25+00:00\",\"description\":\"Pa\u00f1uelo de seda natural Catalu\u00f1a de contenido patri\u00f3tico, inspirado en la bandera catalana y en el himno nacional de Catalu\u00f1a, dos s\u00edmbolos nacionales.\",\"breadcrumb\":{\"@id\":\"https:\/\/annaalbert.com\/es\/producto-es\/fular-seda-natural-cataluna\/#breadcrumb\"},\"inLanguage\":\"es\",\"potentialAction\":[{\"@type\":\"ReadAction\",\"target\":[\"https:\/\/annaalbert.com\/es\/producto-es\/fular-seda-natural-cataluna\/\"]}]},{\"@type\":\"ImageObject\",\"inLanguage\":\"es\",\"@id\":\"https:\/\/annaalbert.com\/es\/producto-es\/fular-seda-natural-cataluna\/#primaryimage\",\"url\":\"https:\/\/annaalbert.com\/wp-content\/uploads\/2019\/03\/2969.jpg\",\"contentUrl\":\"https:\/\/annaalbert.com\/wp-content\/uploads\/2019\/03\/2969.jpg\",\"width\":800,\"height\":960},{\"@type\":\"BreadcrumbList\",\"@id\":\"https:\/\/annaalbert.com\/es\/producto-es\/fular-seda-natural-cataluna\/#breadcrumb\",\"itemListElement\":[{\"@type\":\"ListItem\",\"position\":1,\"name\":\"Portada\",\"item\":\"https:\/\/annaalbert.com\/es\/\"},{\"@type\":\"ListItem\",\"position\":2,\"name\":\"Tienda\",\"item\":\"https:\/\/annaalbert.com\/tienda\/\"},{\"@type\":\"ListItem\",\"position\":3,\"name\":\"PA\u00d1UELO DE SEDA NATURAL CATALU\u00d1A\"}]},{\"@type\":\"WebSite\",\"@id\":\"https:\/\/annaalbert.com\/es\/#website\",\"url\":\"https:\/\/annaalbert.com\/es\/\",\"name\":\"Art en Seda\",\"description\":\"Productos de seda pintada a mano, asi como cursos, talleres, experiencias por la artesana Anna Albert\",\"publisher\":{\"@id\":\"https:\/\/annaalbert.com\/es\/#organization\"},\"potentialAction\":[{\"@type\":\"SearchAction\",\"target\":{\"@type\":\"EntryPoint\",\"urlTemplate\":\"https:\/\/annaalbert.com\/es\/?s={search_term_string}\"},\"query-input\":{\"@type\":\"PropertyValueSpecification\",\"valueRequired\":true,\"valueName\":\"search_term_string\"}}],\"inLanguage\":\"es\"},{\"@type\":\"Organization\",\"@id\":\"https:\/\/annaalbert.com\/es\/#organization\",\"name\":\"Art en Seda by Anna Albert\",\"url\":\"https:\/\/annaalbert.com\/es\/\",\"logo\":{\"@type\":\"ImageObject\",\"inLanguage\":\"es\",\"@id\":\"https:\/\/annaalbert.com\/es\/#\/schema\/logo\/image\/\",\"url\":\"https:\/\/annaalbert.com\/wp-content\/uploads\/2021\/01\/horitzontal_fonsblanc-scaled.jpg\",\"contentUrl\":\"https:\/\/annaalbert.com\/wp-content\/uploads\/2021\/01\/horitzontal_fonsblanc-scaled.jpg\",\"width\":2560,\"height\":779,\"caption\":\"Art en Seda by Anna Albert\"},\"image\":{\"@id\":\"https:\/\/annaalbert.com\/es\/#\/schema\/logo\/image\/\"}}]}<\/script>\n<!-- \/ Yoast SEO plugin. -->","yoast_head_json":{"title":"Pa\u00f1uelo de seda natural Catalu\u00f1a - Art en Seda","description":"Pa\u00f1uelo de seda natural Catalu\u00f1a de contenido patri\u00f3tico, inspirado en la bandera catalana y en el himno nacional de Catalu\u00f1a, dos s\u00edmbolos nacionales.","robots":{"index":"index","follow":"follow","max-snippet":"max-snippet:-1","max-image-preview":"max-image-preview:large","max-video-preview":"max-video-preview:-1"},"canonical":"https:\/\/annaalbert.com\/es\/producto-es\/fular-seda-natural-cataluna\/","og_locale":"es_ES","og_type":"article","og_title":"Pa\u00f1uelo de seda natural Catalu\u00f1a - Art en Seda","og_description":"Pa\u00f1uelo de seda natural Catalu\u00f1a de contenido patri\u00f3tico, inspirado en la bandera catalana y en el himno nacional de Catalu\u00f1a, dos s\u00edmbolos nacionales.","og_url":"https:\/\/annaalbert.com\/es\/producto-es\/fular-seda-natural-cataluna\/","og_site_name":"Art en Seda","article_modified_time":"2024-04-03T11:01:25+00:00","og_image":[{"width":800,"height":960,"url":"https:\/\/annaalbert.com\/wp-content\/uploads\/2019\/03\/2969.jpg","type":"image\/jpeg"}],"twitter_card":"summary_large_image","twitter_misc":{"Tiempo de lectura":"1 minuto"},"schema":{"@context":"https:\/\/schema.org","@graph":[{"@type":"WebPage","@id":"https:\/\/annaalbert.com\/es\/producto-es\/fular-seda-natural-cataluna\/","url":"https:\/\/annaalbert.com\/es\/producto-es\/fular-seda-natural-cataluna\/","name":"Pa\u00f1uelo de seda natural Catalu\u00f1a - Art en Seda","isPartOf":{"@id":"https:\/\/annaalbert.com\/es\/#website"},"primaryImageOfPage":{"@id":"https:\/\/annaalbert.com\/es\/producto-es\/fular-seda-natural-cataluna\/#primaryimage"},"image":{"@id":"https:\/\/annaalbert.com\/es\/producto-es\/fular-seda-natural-cataluna\/#primaryimage"},"thumbnailUrl":"https:\/\/annaalbert.com\/wp-content\/uploads\/2019\/03\/2969.jpg","datePublished":"2019-03-21T17:51:02+00:00","dateModified":"2024-04-03T11:01:25+00:00","description":"Pa\u00f1uelo de seda natural Catalu\u00f1a de contenido patri\u00f3tico, inspirado en la bandera catalana y en el himno nacional de Catalu\u00f1a, dos s\u00edmbolos nacionales.","breadcrumb":{"@id":"https:\/\/annaalbert.com\/es\/producto-es\/fular-seda-natural-cataluna\/#breadcrumb"},"inLanguage":"es","potentialAction":[{"@type":"ReadAction","target":["https:\/\/annaalbert.com\/es\/producto-es\/fular-seda-natural-cataluna\/"]}]},{"@type":"ImageObject","inLanguage":"es","@id":"https:\/\/annaalbert.com\/es\/producto-es\/fular-seda-natural-cataluna\/#primaryimage","url":"https:\/\/annaalbert.com\/wp-content\/uploads\/2019\/03\/2969.jpg","contentUrl":"https:\/\/annaalbert.com\/wp-content\/uploads\/2019\/03\/2969.jpg","width":800,"height":960},{"@type":"BreadcrumbList","@id":"https:\/\/annaalbert.com\/es\/producto-es\/fular-seda-natural-cataluna\/#breadcrumb","itemListElement":[{"@type":"ListItem","position":1,"name":"Portada","item":"https:\/\/annaalbert.com\/es\/"},{"@type":"ListItem","position":2,"name":"Tienda","item":"https:\/\/annaalbert.com\/tienda\/"},{"@type":"ListItem","position":3,"name":"PA\u00d1UELO DE SEDA NATURAL CATALU\u00d1A"}]},{"@type":"WebSite","@id":"https:\/\/annaalbert.com\/es\/#website","url":"https:\/\/annaalbert.com\/es\/","name":"Art en Seda","description":"Productos de seda pintada a mano, asi como cursos, talleres, experiencias por la artesana Anna Albert","publisher":{"@id":"https:\/\/annaalbert.com\/es\/#organization"},"potentialAction":[{"@type":"SearchAction","target":{"@type":"EntryPoint","urlTemplate":"https:\/\/annaalbert.com\/es\/?s={search_term_string}"},"query-input":{"@type":"PropertyValueSpecification","valueRequired":true,"valueName":"search_term_string"}}],"inLanguage":"es"},{"@type":"Organization","@id":"https:\/\/annaalbert.com\/es\/#organization","name":"Art en Seda by Anna Albert","url":"https:\/\/annaalbert.com\/es\/","logo":{"@type":"ImageObject","inLanguage":"es","@id":"https:\/\/annaalbert.com\/es\/#\/schema\/logo\/image\/","url":"https:\/\/annaalbert.com\/wp-content\/uploads\/2021\/01\/horitzontal_fonsblanc-scaled.jpg","contentUrl":"https:\/\/annaalbert.com\/wp-content\/uploads\/2021\/01\/horitzontal_fonsblanc-scaled.jpg","width":2560,"height":779,"caption":"Art en Seda by Anna Albert"},"image":{"@id":"https:\/\/annaalbert.com\/es\/#\/schema\/logo\/image\/"}}]}},"_links":{"self":[{"href":"https:\/\/annaalbert.com\/es\/wp-json\/wp\/v2\/product\/11210","targetHints":{"allow":["GET"]}}],"collection":[{"href":"https:\/\/annaalbert.com\/es\/wp-json\/wp\/v2\/product"}],"about":[{"href":"https:\/\/annaalbert.com\/es\/wp-json\/wp\/v2\/types\/product"}],"replies":[{"embeddable":true,"href":"https:\/\/annaalbert.com\/es\/wp-json\/wp\/v2\/comments?post=11210"}],"wp:featuredmedia":[{"embeddable":true,"href":"https:\/\/annaalbert.com\/es\/wp-json\/wp\/v2\/media\/11211"}],"wp:attachment":[{"href":"https:\/\/annaalbert.com\/es\/wp-json\/wp\/v2\/media?parent=11210"}],"wp:term":[{"taxonomy":"product_brand","embeddable":true,"href":"https:\/\/annaalbert.com\/es\/wp-json\/wp\/v2\/product_brand?post=11210"},{"taxonomy":"product_cat","embeddable":true,"href":"https:\/\/annaalbert.com\/es\/wp-json\/wp\/v2\/product_cat?post=11210"},{"taxonomy":"product_tag","embeddable":true,"href":"https:\/\/annaalbert.com\/es\/wp-json\/wp\/v2\/product_tag?post=11210"}],"curies":[{"name":"wp","href":"https:\/\/api.w.org\/{rel}","templated":true}]}}