{"id":11200,"date":"2019-03-21T17:51:02","date_gmt":"2019-03-21T17:51:02","guid":{"rendered":"https:\/\/annaalbert.com\/producto\/fular-seda-natural-flores-azules\/"},"modified":"2025-10-17T13:07:56","modified_gmt":"2025-10-17T13:07:56","slug":"fular-seda-natural-flores-azules","status":"publish","type":"product","link":"https:\/\/annaalbert.com\/es\/producto-es\/fular-seda-natural-flores-azules\/","title":{"rendered":"FULAR SEDA NATURAL FLORES AZULES"},"content":{"rendered":"<p><strong>Fular seda natural flores azules discreto y elegante hecho con seda cr\u00eape que le da calidad y cuerpo.<\/strong><\/p>\n<p>Dise\u00f1ado para mujeres que buscan un accesorio de moda exclusivo y diferente.<\/p>\n<p>Por un lado, una fiesta de flores peque\u00f1as que juegan con los dos colores del fondo. Por otro lado, el detalle de unas cu\u00e1ntas flores que equilibran el conjunto.<\/p>\n<p>Dos contrastes de moratones, uno de ultramar intenso precioso y el otro p\u00e1lido y suave que respira calma y armon\u00eda. <strong>Y es que la natura busca su propio equilibrio y aqu\u00ed nos lo brinda en forma de complemento de moda para envolver una mujer con personalidad. <\/strong>La seda, desde tiempo inmemorial, ha sido reverenciada como un tejido noble. Adem\u00e1s, nuestro fular no es una excepci\u00f3n; confeccionado con las fibras m\u00e1s puras, ofrece una suavidad excepcional al tacto.<\/p>\n<p>Artistas de todas las \u00e9pocas se han inspirado con las flores. En este caso, el modernismo floral ha sido un referente que me acompa\u00f1a y desde el cual fluye mucha de mi inspiraci\u00f3n.<\/p>\n<p><strong>Natura, color y fantas\u00eda se encuentran en esta obra y nos invitan a disfrutar del que nos rodea.<\/strong><\/p>\n<p>Adem\u00e1s, este fular seda natural flores azules se puede combinar con el <a href=\"https:\/\/annaalbert.com\/producto\/ventall-seda-natural-flors-blaves\/\">ABANICO ACQUA FLOWERS<\/a><strong>.<\/strong><\/p>\n","protected":false},"excerpt":{"rendered":"<p><strong>Fular de seda cr\u00eape con motivos de flores de color azul ultramar y pastel.<\/strong><\/p>\n<p> Medidas de 180&#215;45.<\/p>\n","protected":false},"featured_media":11201,"comment_status":"closed","ping_status":"closed","template":"","meta":{"_et_pb_use_builder":"","_et_pb_old_content":"","_et_gb_content_width":""},"product_brand":[],"product_cat":[174],"product_tag":[],"class_list":{"0":"post-11200","1":"product","2":"type-product","3":"status-publish","4":"has-post-thumbnail","6":"product_cat-fulards","8":"first","9":"outofstock","10":"purchasable","11":"product-type-simple"},"yoast_head":"<!-- This site is optimized with the Yoast SEO plugin v27.0 - https:\/\/yoast.com\/product\/yoast-seo-wordpress\/ -->\n<title>Fular seda natural flores azules - Art en Seda<\/title>\n<meta name=\"description\" content=\"Fular seda natural flores azules pensado para la mujer que busca un complemento de moda exclusivo y diferente. Natura, color y fantas\u00eda nos invitan a disfrutarlo.\" \/>\n<meta name=\"robots\" content=\"index, follow, max-snippet:-1, max-image-preview:large, max-video-preview:-1\" \/>\n<link rel=\"canonical\" href=\"https:\/\/annaalbert.com\/es\/producto-es\/fular-seda-natural-flores-azules\/\" \/>\n<meta property=\"og:locale\" content=\"es_ES\" \/>\n<meta property=\"og:type\" content=\"article\" \/>\n<meta property=\"og:title\" content=\"Fular seda natural flores azules - Art en Seda\" \/>\n<meta property=\"og:description\" content=\"Fular seda natural flores azules pensado para la mujer que busca un complemento de moda exclusivo y diferente. Natura, color y fantas\u00eda nos invitan a disfrutarlo.\" \/>\n<meta property=\"og:url\" content=\"https:\/\/annaalbert.com\/es\/producto-es\/fular-seda-natural-flores-azules\/\" \/>\n<meta property=\"og:site_name\" content=\"Art en Seda\" \/>\n<meta property=\"article:modified_time\" content=\"2025-10-17T13:07:56+00:00\" \/>\n<meta property=\"og:image\" content=\"https:\/\/annaalbert.com\/wp-content\/uploads\/2019\/03\/2751-1.jpg\" \/>\n\t<meta property=\"og:image:width\" content=\"800\" \/>\n\t<meta property=\"og:image:height\" content=\"960\" \/>\n\t<meta property=\"og:image:type\" content=\"image\/jpeg\" \/>\n<meta name=\"twitter:card\" content=\"summary_large_image\" \/>\n<meta name=\"twitter:label1\" content=\"Tiempo de lectura\" \/>\n\t<meta name=\"twitter:data1\" content=\"1 minuto\" \/>\n<script type=\"application\/ld+json\" class=\"yoast-schema-graph\">{\"@context\":\"https:\/\/schema.org\",\"@graph\":[{\"@type\":\"WebPage\",\"@id\":\"https:\/\/annaalbert.com\/es\/producto-es\/fular-seda-natural-flores-azules\/\",\"url\":\"https:\/\/annaalbert.com\/es\/producto-es\/fular-seda-natural-flores-azules\/\",\"name\":\"Fular seda natural flores azules - Art en Seda\",\"isPartOf\":{\"@id\":\"https:\/\/annaalbert.com\/es\/#website\"},\"primaryImageOfPage\":{\"@id\":\"https:\/\/annaalbert.com\/es\/producto-es\/fular-seda-natural-flores-azules\/#primaryimage\"},\"image\":{\"@id\":\"https:\/\/annaalbert.com\/es\/producto-es\/fular-seda-natural-flores-azules\/#primaryimage\"},\"thumbnailUrl\":\"https:\/\/annaalbert.com\/wp-content\/uploads\/2019\/03\/2751-1.jpg\",\"datePublished\":\"2019-03-21T17:51:02+00:00\",\"dateModified\":\"2025-10-17T13:07:56+00:00\",\"description\":\"Fular seda natural flores azules pensado para la mujer que busca un complemento de moda exclusivo y diferente. Natura, color y fantas\u00eda nos invitan a disfrutarlo.\",\"breadcrumb\":{\"@id\":\"https:\/\/annaalbert.com\/es\/producto-es\/fular-seda-natural-flores-azules\/#breadcrumb\"},\"inLanguage\":\"es\",\"potentialAction\":[{\"@type\":\"ReadAction\",\"target\":[\"https:\/\/annaalbert.com\/es\/producto-es\/fular-seda-natural-flores-azules\/\"]}]},{\"@type\":\"ImageObject\",\"inLanguage\":\"es\",\"@id\":\"https:\/\/annaalbert.com\/es\/producto-es\/fular-seda-natural-flores-azules\/#primaryimage\",\"url\":\"https:\/\/annaalbert.com\/wp-content\/uploads\/2019\/03\/2751-1.jpg\",\"contentUrl\":\"https:\/\/annaalbert.com\/wp-content\/uploads\/2019\/03\/2751-1.jpg\",\"width\":800,\"height\":960,\"caption\":\"fulard seda natural flors blaves\"},{\"@type\":\"BreadcrumbList\",\"@id\":\"https:\/\/annaalbert.com\/es\/producto-es\/fular-seda-natural-flores-azules\/#breadcrumb\",\"itemListElement\":[{\"@type\":\"ListItem\",\"position\":1,\"name\":\"Portada\",\"item\":\"https:\/\/annaalbert.com\/es\/\"},{\"@type\":\"ListItem\",\"position\":2,\"name\":\"Tienda\",\"item\":\"https:\/\/annaalbert.com\/tienda\/\"},{\"@type\":\"ListItem\",\"position\":3,\"name\":\"FULAR SEDA NATURAL FLORES AZULES\"}]},{\"@type\":\"WebSite\",\"@id\":\"https:\/\/annaalbert.com\/es\/#website\",\"url\":\"https:\/\/annaalbert.com\/es\/\",\"name\":\"Art en Seda\",\"description\":\"Productos de seda pintada a mano, asi como cursos, talleres, experiencias por la artesana Anna Albert\",\"publisher\":{\"@id\":\"https:\/\/annaalbert.com\/es\/#organization\"},\"potentialAction\":[{\"@type\":\"SearchAction\",\"target\":{\"@type\":\"EntryPoint\",\"urlTemplate\":\"https:\/\/annaalbert.com\/es\/?s={search_term_string}\"},\"query-input\":{\"@type\":\"PropertyValueSpecification\",\"valueRequired\":true,\"valueName\":\"search_term_string\"}}],\"inLanguage\":\"es\"},{\"@type\":\"Organization\",\"@id\":\"https:\/\/annaalbert.com\/es\/#organization\",\"name\":\"Art en Seda by Anna Albert\",\"url\":\"https:\/\/annaalbert.com\/es\/\",\"logo\":{\"@type\":\"ImageObject\",\"inLanguage\":\"es\",\"@id\":\"https:\/\/annaalbert.com\/es\/#\/schema\/logo\/image\/\",\"url\":\"https:\/\/annaalbert.com\/wp-content\/uploads\/2021\/01\/horitzontal_fonsblanc-scaled.jpg\",\"contentUrl\":\"https:\/\/annaalbert.com\/wp-content\/uploads\/2021\/01\/horitzontal_fonsblanc-scaled.jpg\",\"width\":2560,\"height\":779,\"caption\":\"Art en Seda by Anna Albert\"},\"image\":{\"@id\":\"https:\/\/annaalbert.com\/es\/#\/schema\/logo\/image\/\"}}]}<\/script>\n<!-- \/ Yoast SEO plugin. -->","yoast_head_json":{"title":"Fular seda natural flores azules - Art en Seda","description":"Fular seda natural flores azules pensado para la mujer que busca un complemento de moda exclusivo y diferente. Natura, color y fantas\u00eda nos invitan a disfrutarlo.","robots":{"index":"index","follow":"follow","max-snippet":"max-snippet:-1","max-image-preview":"max-image-preview:large","max-video-preview":"max-video-preview:-1"},"canonical":"https:\/\/annaalbert.com\/es\/producto-es\/fular-seda-natural-flores-azules\/","og_locale":"es_ES","og_type":"article","og_title":"Fular seda natural flores azules - Art en Seda","og_description":"Fular seda natural flores azules pensado para la mujer que busca un complemento de moda exclusivo y diferente. Natura, color y fantas\u00eda nos invitan a disfrutarlo.","og_url":"https:\/\/annaalbert.com\/es\/producto-es\/fular-seda-natural-flores-azules\/","og_site_name":"Art en Seda","article_modified_time":"2025-10-17T13:07:56+00:00","og_image":[{"width":800,"height":960,"url":"https:\/\/annaalbert.com\/wp-content\/uploads\/2019\/03\/2751-1.jpg","type":"image\/jpeg"}],"twitter_card":"summary_large_image","twitter_misc":{"Tiempo de lectura":"1 minuto"},"schema":{"@context":"https:\/\/schema.org","@graph":[{"@type":"WebPage","@id":"https:\/\/annaalbert.com\/es\/producto-es\/fular-seda-natural-flores-azules\/","url":"https:\/\/annaalbert.com\/es\/producto-es\/fular-seda-natural-flores-azules\/","name":"Fular seda natural flores azules - Art en Seda","isPartOf":{"@id":"https:\/\/annaalbert.com\/es\/#website"},"primaryImageOfPage":{"@id":"https:\/\/annaalbert.com\/es\/producto-es\/fular-seda-natural-flores-azules\/#primaryimage"},"image":{"@id":"https:\/\/annaalbert.com\/es\/producto-es\/fular-seda-natural-flores-azules\/#primaryimage"},"thumbnailUrl":"https:\/\/annaalbert.com\/wp-content\/uploads\/2019\/03\/2751-1.jpg","datePublished":"2019-03-21T17:51:02+00:00","dateModified":"2025-10-17T13:07:56+00:00","description":"Fular seda natural flores azules pensado para la mujer que busca un complemento de moda exclusivo y diferente. Natura, color y fantas\u00eda nos invitan a disfrutarlo.","breadcrumb":{"@id":"https:\/\/annaalbert.com\/es\/producto-es\/fular-seda-natural-flores-azules\/#breadcrumb"},"inLanguage":"es","potentialAction":[{"@type":"ReadAction","target":["https:\/\/annaalbert.com\/es\/producto-es\/fular-seda-natural-flores-azules\/"]}]},{"@type":"ImageObject","inLanguage":"es","@id":"https:\/\/annaalbert.com\/es\/producto-es\/fular-seda-natural-flores-azules\/#primaryimage","url":"https:\/\/annaalbert.com\/wp-content\/uploads\/2019\/03\/2751-1.jpg","contentUrl":"https:\/\/annaalbert.com\/wp-content\/uploads\/2019\/03\/2751-1.jpg","width":800,"height":960,"caption":"fulard seda natural flors blaves"},{"@type":"BreadcrumbList","@id":"https:\/\/annaalbert.com\/es\/producto-es\/fular-seda-natural-flores-azules\/#breadcrumb","itemListElement":[{"@type":"ListItem","position":1,"name":"Portada","item":"https:\/\/annaalbert.com\/es\/"},{"@type":"ListItem","position":2,"name":"Tienda","item":"https:\/\/annaalbert.com\/tienda\/"},{"@type":"ListItem","position":3,"name":"FULAR SEDA NATURAL FLORES AZULES"}]},{"@type":"WebSite","@id":"https:\/\/annaalbert.com\/es\/#website","url":"https:\/\/annaalbert.com\/es\/","name":"Art en Seda","description":"Productos de seda pintada a mano, asi como cursos, talleres, experiencias por la artesana Anna Albert","publisher":{"@id":"https:\/\/annaalbert.com\/es\/#organization"},"potentialAction":[{"@type":"SearchAction","target":{"@type":"EntryPoint","urlTemplate":"https:\/\/annaalbert.com\/es\/?s={search_term_string}"},"query-input":{"@type":"PropertyValueSpecification","valueRequired":true,"valueName":"search_term_string"}}],"inLanguage":"es"},{"@type":"Organization","@id":"https:\/\/annaalbert.com\/es\/#organization","name":"Art en Seda by Anna Albert","url":"https:\/\/annaalbert.com\/es\/","logo":{"@type":"ImageObject","inLanguage":"es","@id":"https:\/\/annaalbert.com\/es\/#\/schema\/logo\/image\/","url":"https:\/\/annaalbert.com\/wp-content\/uploads\/2021\/01\/horitzontal_fonsblanc-scaled.jpg","contentUrl":"https:\/\/annaalbert.com\/wp-content\/uploads\/2021\/01\/horitzontal_fonsblanc-scaled.jpg","width":2560,"height":779,"caption":"Art en Seda by Anna Albert"},"image":{"@id":"https:\/\/annaalbert.com\/es\/#\/schema\/logo\/image\/"}}]}},"_links":{"self":[{"href":"https:\/\/annaalbert.com\/es\/wp-json\/wp\/v2\/product\/11200","targetHints":{"allow":["GET"]}}],"collection":[{"href":"https:\/\/annaalbert.com\/es\/wp-json\/wp\/v2\/product"}],"about":[{"href":"https:\/\/annaalbert.com\/es\/wp-json\/wp\/v2\/types\/product"}],"replies":[{"embeddable":true,"href":"https:\/\/annaalbert.com\/es\/wp-json\/wp\/v2\/comments?post=11200"}],"wp:featuredmedia":[{"embeddable":true,"href":"https:\/\/annaalbert.com\/es\/wp-json\/wp\/v2\/media\/11201"}],"wp:attachment":[{"href":"https:\/\/annaalbert.com\/es\/wp-json\/wp\/v2\/media?parent=11200"}],"wp:term":[{"taxonomy":"product_brand","embeddable":true,"href":"https:\/\/annaalbert.com\/es\/wp-json\/wp\/v2\/product_brand?post=11200"},{"taxonomy":"product_cat","embeddable":true,"href":"https:\/\/annaalbert.com\/es\/wp-json\/wp\/v2\/product_cat?post=11200"},{"taxonomy":"product_tag","embeddable":true,"href":"https:\/\/annaalbert.com\/es\/wp-json\/wp\/v2\/product_tag?post=11200"}],"curies":[{"name":"wp","href":"https:\/\/api.w.org\/{rel}","templated":true}]}}