{"id":11192,"date":"2019-03-21T17:51:37","date_gmt":"2019-03-21T17:51:37","guid":{"rendered":"https:\/\/annaalbert.com\/producto\/tardes-de-seda-ninos\/"},"modified":"2023-10-31T15:55:36","modified_gmt":"2023-10-31T15:55:36","slug":"tardes-de-seda-ninos","status":"publish","type":"product","link":"https:\/\/annaalbert.com\/es\/producto-es\/tardes-de-seda-ninos\/","title":{"rendered":"TARDES DE SEDA NI\u00d1OS"},"content":{"rendered":"<p>\u00a1Descubre el universo de la seda natural con nuestro apasionante taller tardes de seda ni\u00f1os! Os invitamos a participar en una experiencia \u00fanica donde los m\u00e1s peque\u00f1os tendr\u00e1n la oportunidad de explorar la magia de la seda mientras aprenden a pintar y crear su propia pieza de seda personalizada.<\/p>\n<p>En este taller interactivo y enriquecedor, los participantes descubrir\u00e1n todo el proceso de creaci\u00f3n de un producto de seda natural. Desde el inicio hasta el producto final, los ni\u00f1os experimentar\u00e1n con los colores, las texturas y las t\u00e9cnicas art\u00edsticas para expresar su creatividad en un objeto \u00fanico y original.<\/p>\n<p>Aprender\u00e1n sobre los diferentes tipos de seda y como este material exquisito se convierte en un producto acabado, convirti\u00e9ndose en peque\u00f1os artistas textiles.<\/p>\n<p>Este taller tardas de seda ni\u00f1os no solo fomenta la creatividad y la expresi\u00f3n art\u00edstica, sino tambi\u00e9n nos adentra en el mundo de la sostenibilidad. La seda natural es un material ecol\u00f3gico y sostenible, y los ni\u00f1os aprender\u00e1n la importancia de valorar y preservar este recurso natural.<\/p>\n<p>Al final del taller, cada ni\u00f1o se ir\u00e1 con su creaci\u00f3n propia, una pieza \u00fanica que refleja su imaginaci\u00f3n y habilidades art\u00edsticas. Adem\u00e1s, llevar\u00e1n a casa conocimientos nuevos y un recuerdo inolvidable de una experiencia fascinante.<\/p>\n<p>\u00a1No dej\u00e9is pasar la oportunidad de inspirar a vuestros hijos en este apasionante taller!<\/p>\n","protected":false},"excerpt":{"rendered":"<p>\u00a1Descubre el universo de la seda natural con nuestro apasionante taller tardes de seda ni\u00f1os! Os invitamos a participar en una experiencia \u00fanica donde los m\u00e1s peque\u00f1os tendr\u00e1n la oportunidad de explorar la magia de la seda mientras aprenden a pintar y crear su propia pieza de seda personalizada. En este taller interactivo y enriquecedor, [&hellip;]<\/p>\n","protected":false},"featured_media":5137,"comment_status":"closed","ping_status":"closed","template":"","meta":{"_et_pb_use_builder":"","_et_pb_old_content":"","_et_gb_content_width":""},"product_brand":[],"product_cat":[450],"product_tag":[],"class_list":{"0":"post-11192","1":"product","2":"type-product","3":"status-publish","4":"has-post-thumbnail","6":"product_cat-cursos-es","8":"first","9":"instock","10":"purchasable","11":"product-type-simple"},"yoast_head":"<!-- This site is optimized with the Yoast SEO plugin v27.0 - https:\/\/yoast.com\/product\/yoast-seo-wordpress\/ -->\n<title>TARDES DE SEDA NI\u00d1OS - Art en Seda<\/title>\n<meta name=\"description\" content=\"\u00bfA tu hijo o hija le interesa el arte de pintar? En este taller tardes de seda ni\u00f1os har\u00e1n los primeros pasos hacia ser unos artesanos \u00fanicos.\" \/>\n<meta name=\"robots\" content=\"index, follow, max-snippet:-1, max-image-preview:large, max-video-preview:-1\" \/>\n<link rel=\"canonical\" href=\"https:\/\/annaalbert.com\/es\/producto-es\/tardes-de-seda-ninos\/\" \/>\n<meta property=\"og:locale\" content=\"es_ES\" \/>\n<meta property=\"og:type\" content=\"article\" \/>\n<meta property=\"og:title\" content=\"TARDES DE SEDA NI\u00d1OS - Art en Seda\" \/>\n<meta property=\"og:description\" content=\"\u00bfA tu hijo o hija le interesa el arte de pintar? En este taller tardes de seda ni\u00f1os har\u00e1n los primeros pasos hacia ser unos artesanos \u00fanicos.\" \/>\n<meta property=\"og:url\" content=\"https:\/\/annaalbert.com\/es\/producto-es\/tardes-de-seda-ninos\/\" \/>\n<meta property=\"og:site_name\" content=\"Art en Seda\" \/>\n<meta property=\"article:modified_time\" content=\"2023-10-31T15:55:36+00:00\" \/>\n<meta property=\"og:image\" content=\"https:\/\/annaalbert.com\/wp-content\/uploads\/2019\/02\/14.jpg\" \/>\n\t<meta property=\"og:image:width\" content=\"870\" \/>\n\t<meta property=\"og:image:height\" content=\"588\" \/>\n\t<meta property=\"og:image:type\" content=\"image\/jpeg\" \/>\n<meta name=\"twitter:card\" content=\"summary_large_image\" \/>\n<meta name=\"twitter:label1\" content=\"Tiempo de lectura\" \/>\n\t<meta name=\"twitter:data1\" content=\"1 minuto\" \/>\n<script type=\"application\/ld+json\" class=\"yoast-schema-graph\">{\"@context\":\"https:\/\/schema.org\",\"@graph\":[{\"@type\":\"WebPage\",\"@id\":\"https:\/\/annaalbert.com\/es\/producto-es\/tardes-de-seda-ninos\/\",\"url\":\"https:\/\/annaalbert.com\/es\/producto-es\/tardes-de-seda-ninos\/\",\"name\":\"TARDES DE SEDA NI\u00d1OS - Art en Seda\",\"isPartOf\":{\"@id\":\"https:\/\/annaalbert.com\/es\/#website\"},\"primaryImageOfPage\":{\"@id\":\"https:\/\/annaalbert.com\/es\/producto-es\/tardes-de-seda-ninos\/#primaryimage\"},\"image\":{\"@id\":\"https:\/\/annaalbert.com\/es\/producto-es\/tardes-de-seda-ninos\/#primaryimage\"},\"thumbnailUrl\":\"https:\/\/annaalbert.com\/wp-content\/uploads\/2019\/02\/14.jpg\",\"datePublished\":\"2019-03-21T17:51:37+00:00\",\"dateModified\":\"2023-10-31T15:55:36+00:00\",\"description\":\"\u00bfA tu hijo o hija le interesa el arte de pintar? En este taller tardes de seda ni\u00f1os har\u00e1n los primeros pasos hacia ser unos artesanos \u00fanicos.\",\"breadcrumb\":{\"@id\":\"https:\/\/annaalbert.com\/es\/producto-es\/tardes-de-seda-ninos\/#breadcrumb\"},\"inLanguage\":\"es\",\"potentialAction\":[{\"@type\":\"ReadAction\",\"target\":[\"https:\/\/annaalbert.com\/es\/producto-es\/tardes-de-seda-ninos\/\"]}]},{\"@type\":\"ImageObject\",\"inLanguage\":\"es\",\"@id\":\"https:\/\/annaalbert.com\/es\/producto-es\/tardes-de-seda-ninos\/#primaryimage\",\"url\":\"https:\/\/annaalbert.com\/wp-content\/uploads\/2019\/02\/14.jpg\",\"contentUrl\":\"https:\/\/annaalbert.com\/wp-content\/uploads\/2019\/02\/14.jpg\",\"width\":870,\"height\":588,\"caption\":\"taller de seda nens\"},{\"@type\":\"BreadcrumbList\",\"@id\":\"https:\/\/annaalbert.com\/es\/producto-es\/tardes-de-seda-ninos\/#breadcrumb\",\"itemListElement\":[{\"@type\":\"ListItem\",\"position\":1,\"name\":\"Portada\",\"item\":\"https:\/\/annaalbert.com\/es\/\"},{\"@type\":\"ListItem\",\"position\":2,\"name\":\"Tienda\",\"item\":\"https:\/\/annaalbert.com\/tienda\/\"},{\"@type\":\"ListItem\",\"position\":3,\"name\":\"TARDES DE SEDA NI\u00d1OS\"}]},{\"@type\":\"WebSite\",\"@id\":\"https:\/\/annaalbert.com\/es\/#website\",\"url\":\"https:\/\/annaalbert.com\/es\/\",\"name\":\"Art en Seda\",\"description\":\"Productos de seda pintada a mano, asi como cursos, talleres, experiencias por la artesana Anna Albert\",\"publisher\":{\"@id\":\"https:\/\/annaalbert.com\/es\/#organization\"},\"potentialAction\":[{\"@type\":\"SearchAction\",\"target\":{\"@type\":\"EntryPoint\",\"urlTemplate\":\"https:\/\/annaalbert.com\/es\/?s={search_term_string}\"},\"query-input\":{\"@type\":\"PropertyValueSpecification\",\"valueRequired\":true,\"valueName\":\"search_term_string\"}}],\"inLanguage\":\"es\"},{\"@type\":\"Organization\",\"@id\":\"https:\/\/annaalbert.com\/es\/#organization\",\"name\":\"Art en Seda by Anna Albert\",\"url\":\"https:\/\/annaalbert.com\/es\/\",\"logo\":{\"@type\":\"ImageObject\",\"inLanguage\":\"es\",\"@id\":\"https:\/\/annaalbert.com\/es\/#\/schema\/logo\/image\/\",\"url\":\"https:\/\/annaalbert.com\/wp-content\/uploads\/2021\/01\/horitzontal_fonsblanc-scaled.jpg\",\"contentUrl\":\"https:\/\/annaalbert.com\/wp-content\/uploads\/2021\/01\/horitzontal_fonsblanc-scaled.jpg\",\"width\":2560,\"height\":779,\"caption\":\"Art en Seda by Anna Albert\"},\"image\":{\"@id\":\"https:\/\/annaalbert.com\/es\/#\/schema\/logo\/image\/\"}}]}<\/script>\n<!-- \/ Yoast SEO plugin. -->","yoast_head_json":{"title":"TARDES DE SEDA NI\u00d1OS - Art en Seda","description":"\u00bfA tu hijo o hija le interesa el arte de pintar? En este taller tardes de seda ni\u00f1os har\u00e1n los primeros pasos hacia ser unos artesanos \u00fanicos.","robots":{"index":"index","follow":"follow","max-snippet":"max-snippet:-1","max-image-preview":"max-image-preview:large","max-video-preview":"max-video-preview:-1"},"canonical":"https:\/\/annaalbert.com\/es\/producto-es\/tardes-de-seda-ninos\/","og_locale":"es_ES","og_type":"article","og_title":"TARDES DE SEDA NI\u00d1OS - Art en Seda","og_description":"\u00bfA tu hijo o hija le interesa el arte de pintar? En este taller tardes de seda ni\u00f1os har\u00e1n los primeros pasos hacia ser unos artesanos \u00fanicos.","og_url":"https:\/\/annaalbert.com\/es\/producto-es\/tardes-de-seda-ninos\/","og_site_name":"Art en Seda","article_modified_time":"2023-10-31T15:55:36+00:00","og_image":[{"width":870,"height":588,"url":"https:\/\/annaalbert.com\/wp-content\/uploads\/2019\/02\/14.jpg","type":"image\/jpeg"}],"twitter_card":"summary_large_image","twitter_misc":{"Tiempo de lectura":"1 minuto"},"schema":{"@context":"https:\/\/schema.org","@graph":[{"@type":"WebPage","@id":"https:\/\/annaalbert.com\/es\/producto-es\/tardes-de-seda-ninos\/","url":"https:\/\/annaalbert.com\/es\/producto-es\/tardes-de-seda-ninos\/","name":"TARDES DE SEDA NI\u00d1OS - Art en Seda","isPartOf":{"@id":"https:\/\/annaalbert.com\/es\/#website"},"primaryImageOfPage":{"@id":"https:\/\/annaalbert.com\/es\/producto-es\/tardes-de-seda-ninos\/#primaryimage"},"image":{"@id":"https:\/\/annaalbert.com\/es\/producto-es\/tardes-de-seda-ninos\/#primaryimage"},"thumbnailUrl":"https:\/\/annaalbert.com\/wp-content\/uploads\/2019\/02\/14.jpg","datePublished":"2019-03-21T17:51:37+00:00","dateModified":"2023-10-31T15:55:36+00:00","description":"\u00bfA tu hijo o hija le interesa el arte de pintar? En este taller tardes de seda ni\u00f1os har\u00e1n los primeros pasos hacia ser unos artesanos \u00fanicos.","breadcrumb":{"@id":"https:\/\/annaalbert.com\/es\/producto-es\/tardes-de-seda-ninos\/#breadcrumb"},"inLanguage":"es","potentialAction":[{"@type":"ReadAction","target":["https:\/\/annaalbert.com\/es\/producto-es\/tardes-de-seda-ninos\/"]}]},{"@type":"ImageObject","inLanguage":"es","@id":"https:\/\/annaalbert.com\/es\/producto-es\/tardes-de-seda-ninos\/#primaryimage","url":"https:\/\/annaalbert.com\/wp-content\/uploads\/2019\/02\/14.jpg","contentUrl":"https:\/\/annaalbert.com\/wp-content\/uploads\/2019\/02\/14.jpg","width":870,"height":588,"caption":"taller de seda nens"},{"@type":"BreadcrumbList","@id":"https:\/\/annaalbert.com\/es\/producto-es\/tardes-de-seda-ninos\/#breadcrumb","itemListElement":[{"@type":"ListItem","position":1,"name":"Portada","item":"https:\/\/annaalbert.com\/es\/"},{"@type":"ListItem","position":2,"name":"Tienda","item":"https:\/\/annaalbert.com\/tienda\/"},{"@type":"ListItem","position":3,"name":"TARDES DE SEDA NI\u00d1OS"}]},{"@type":"WebSite","@id":"https:\/\/annaalbert.com\/es\/#website","url":"https:\/\/annaalbert.com\/es\/","name":"Art en Seda","description":"Productos de seda pintada a mano, asi como cursos, talleres, experiencias por la artesana Anna Albert","publisher":{"@id":"https:\/\/annaalbert.com\/es\/#organization"},"potentialAction":[{"@type":"SearchAction","target":{"@type":"EntryPoint","urlTemplate":"https:\/\/annaalbert.com\/es\/?s={search_term_string}"},"query-input":{"@type":"PropertyValueSpecification","valueRequired":true,"valueName":"search_term_string"}}],"inLanguage":"es"},{"@type":"Organization","@id":"https:\/\/annaalbert.com\/es\/#organization","name":"Art en Seda by Anna Albert","url":"https:\/\/annaalbert.com\/es\/","logo":{"@type":"ImageObject","inLanguage":"es","@id":"https:\/\/annaalbert.com\/es\/#\/schema\/logo\/image\/","url":"https:\/\/annaalbert.com\/wp-content\/uploads\/2021\/01\/horitzontal_fonsblanc-scaled.jpg","contentUrl":"https:\/\/annaalbert.com\/wp-content\/uploads\/2021\/01\/horitzontal_fonsblanc-scaled.jpg","width":2560,"height":779,"caption":"Art en Seda by Anna Albert"},"image":{"@id":"https:\/\/annaalbert.com\/es\/#\/schema\/logo\/image\/"}}]}},"_links":{"self":[{"href":"https:\/\/annaalbert.com\/es\/wp-json\/wp\/v2\/product\/11192","targetHints":{"allow":["GET"]}}],"collection":[{"href":"https:\/\/annaalbert.com\/es\/wp-json\/wp\/v2\/product"}],"about":[{"href":"https:\/\/annaalbert.com\/es\/wp-json\/wp\/v2\/types\/product"}],"replies":[{"embeddable":true,"href":"https:\/\/annaalbert.com\/es\/wp-json\/wp\/v2\/comments?post=11192"}],"wp:featuredmedia":[{"embeddable":true,"href":"https:\/\/annaalbert.com\/es\/wp-json\/wp\/v2\/media\/5137"}],"wp:attachment":[{"href":"https:\/\/annaalbert.com\/es\/wp-json\/wp\/v2\/media?parent=11192"}],"wp:term":[{"taxonomy":"product_brand","embeddable":true,"href":"https:\/\/annaalbert.com\/es\/wp-json\/wp\/v2\/product_brand?post=11192"},{"taxonomy":"product_cat","embeddable":true,"href":"https:\/\/annaalbert.com\/es\/wp-json\/wp\/v2\/product_cat?post=11192"},{"taxonomy":"product_tag","embeddable":true,"href":"https:\/\/annaalbert.com\/es\/wp-json\/wp\/v2\/product_tag?post=11192"}],"curies":[{"name":"wp","href":"https:\/\/api.w.org\/{rel}","templated":true}]}}