{"id":11190,"date":"2019-03-21T17:51:37","date_gmt":"2019-03-21T17:51:37","guid":{"rendered":"https:\/\/annaalbert.com\/producto\/tardes-de-seda-adultos\/"},"modified":"2023-10-31T14:46:03","modified_gmt":"2023-10-31T14:46:03","slug":"tardes-de-seda-adultos","status":"publish","type":"product","link":"https:\/\/annaalbert.com\/es\/producto-es\/tardes-de-seda-adultos\/","title":{"rendered":"TARDES DE SEDA ADULTOS"},"content":{"rendered":"<h2>Tardes de seda para adultos<\/h2>\n<p>Ap\u00fantate a nuestro curso tardes de seda adultos y descubre el arte exquisito de crear tu propio fular de seda natural. Ven y aprovecha esta oportunidad \u00fanica para aprender t\u00e9cnicas tradicionales y contempor\u00e1neas de la seda con nuestros maestros artesanos.<\/p>\n<p>La seda natural es un material lujoso que cautiva por su suavidad y elegancia. En este curso, tendr\u00e1s la oportunidad de inmergirte en el mundo fascinante de la seda, desde la selecci\u00f3n de los materiales hasta la finalizaci\u00f3n de una pieza \u00fanica y personalizada.<\/p>\n<p>Durante las sesiones del curso, aprender\u00e1s a preparar la seda, aplicar tintes naturales y crear dise\u00f1os art\u00edsticos. Cada participante podr\u00e1 experimentar y dar libertad a su creatividad para producir un fular \u00fanico y personal.<\/p>\n<p>Nuestro ambiente de clase es acogedor y amigable, ideal para adultos con pasi\u00f3n por el arte y la moda. Cada alumno recibir\u00e1 atenci\u00f3n personalizada de nuestros maestros expertos.<\/p>\n<p>Adem\u00e1s, este curso no solo te ense\u00f1ar\u00e1 a crear un fular de seda, sino que te proporcionar\u00e1 conocimientos pr\u00e1cticos sobre la historia de la seda, sus aplicaciones y curiosidades sobre este noble material.<\/p>\n<div class=\"flex-1 overflow-hidden\">\n<div class=\"react-scroll-to-bottom--css-sdfpu-79elbk h-full\">\n<div class=\"react-scroll-to-bottom--css-sdfpu-1n7m0yu\">\n<div class=\"flex flex-col text-sm gizmo:pb-9 dark:bg-gray-800 gizmo:dark:bg-transparent\">\n<div class=\"group w-full text-token-text-primary border-b border-black\/10 gizmo:border-0 dark:border-gray-900\/50 gizmo:dark:border-0 bg-gray-50 gizmo:bg-transparent dark:bg-[#444654] gizmo:dark:bg-transparent\" data-testid=\"conversation-turn-5\">\n<div class=\"p-4 gizmo:py-2 justify-center text-base md:gap-6 md:py-6 m-auto\">\n<div class=\"flex flex-1 gap-4 text-base mx-auto md:gap-6 gizmo:gap-3 gizmo:md:px-5 gizmo:lg:px-1 gizmo:xl:px-5 md:max-w-2xl lg:max-w-[38rem] gizmo:md:max-w-3xl gizmo:lg:max-w-[40rem] gizmo:xl:max-w-[48rem] xl:max-w-3xl }\">\n<div class=\"relative flex w-[calc(100%-50px)] flex-col gizmo:w-full lg:w-[calc(100%-115px)] agent-turn\">\n<div class=\"flex-col gap-1 md:gap-3\">\n<div class=\"flex flex-grow flex-col gap-3 max-w-full\">\n<div class=\"min-h-[20px] flex flex-col items-start gap-3 whitespace-pre-wrap break-words overflow-x-auto\" data-message-author-role=\"assistant\" data-message-id=\"c024907a-9e17-40f9-9ac0-7d6e375bd49a\">\n<div class=\"markdown prose w-full break-words dark:prose-invert light\">\n<p>Un fular de seda hecho a medida puede ser el complemento perfecto para tu propia colecci\u00f3n de moda o incluso una idea original para un regalo especial para alg\u00fan ser querido.<\/p>\n<p>No dejes pasar esta oportunidad de despertar tu creatividad y conectar con el mundo elegante de la seda. Ap\u00fantate ahora en nuestro curso y empieza el viaje hacia la creaci\u00f3n de tu propio fular de seda personalizado.<\/p>\n<\/div>\n<\/div>\n<\/div>\n<\/div>\n<\/div>\n<\/div>\n<\/div>\n<\/div>\n<\/div>\n<\/div>\n<\/div>\n<\/div>\n<p>&nbsp;<\/p>\n","protected":false},"excerpt":{"rendered":"<p class=\"s5\">QU\u00c9: Grupo abierto para experimentar y aprender a pintar seda. Conocer\u00e1s los tipos de seda y las diferentes t\u00e9cnicas y reservas para pintarla<\/p>\n<p class=\"s5\">QUI\u00c9N: Adultos con ganas de aprender. No necesitas tener conocimientos previos<\/p>\n<p class=\"s5\">COMO: Itinerario personalizado seg\u00fan las necesidades e inquietudes de cada persona.<\/p>\n<p class=\"s5\">CU\u00c1NDO: Ven los mi\u00e9rcoles que quieras de 5h a 7h<\/p>\n","protected":false},"featured_media":4660,"comment_status":"closed","ping_status":"closed","template":"","meta":{"_et_pb_use_builder":"","_et_pb_old_content":"","_et_gb_content_width":""},"product_brand":[],"product_cat":[450],"product_tag":[],"class_list":{"0":"post-11190","1":"product","2":"type-product","3":"status-publish","4":"has-post-thumbnail","6":"product_cat-cursos-es","8":"first","9":"instock","10":"purchasable","11":"product-type-simple"},"yoast_head":"<!-- This site is optimized with the Yoast SEO plugin v27.0 - https:\/\/yoast.com\/product\/yoast-seo-wordpress\/ -->\n<title>TARDES DE SEDA ADULTOS - Art en Seda<\/title>\n<meta name=\"description\" content=\"Tardes de seda adultos: Ap\u00fantate a nuestro curso exclusivo para adultos y descubre el arte exquisito de crear tu propio fular de seda natural.\" \/>\n<meta name=\"robots\" content=\"index, follow, max-snippet:-1, max-image-preview:large, max-video-preview:-1\" \/>\n<link rel=\"canonical\" href=\"https:\/\/annaalbert.com\/es\/producto-es\/tardes-de-seda-adultos\/\" \/>\n<meta property=\"og:locale\" content=\"es_ES\" \/>\n<meta property=\"og:type\" content=\"article\" \/>\n<meta property=\"og:title\" content=\"TARDES DE SEDA ADULTOS - Art en Seda\" \/>\n<meta property=\"og:description\" content=\"Tardes de seda adultos: Ap\u00fantate a nuestro curso exclusivo para adultos y descubre el arte exquisito de crear tu propio fular de seda natural.\" \/>\n<meta property=\"og:url\" content=\"https:\/\/annaalbert.com\/es\/producto-es\/tardes-de-seda-adultos\/\" \/>\n<meta property=\"og:site_name\" content=\"Art en Seda\" \/>\n<meta property=\"article:modified_time\" content=\"2023-10-31T14:46:03+00:00\" \/>\n<meta property=\"og:image\" content=\"https:\/\/annaalbert.com\/wp-content\/uploads\/2019\/03\/foto-per-blog1.jpg\" \/>\n\t<meta property=\"og:image:width\" content=\"870\" \/>\n\t<meta property=\"og:image:height\" content=\"588\" \/>\n\t<meta property=\"og:image:type\" content=\"image\/jpeg\" \/>\n<meta name=\"twitter:card\" content=\"summary_large_image\" \/>\n<meta name=\"twitter:label1\" content=\"Tiempo de lectura\" \/>\n\t<meta name=\"twitter:data1\" content=\"1 minuto\" \/>\n<script type=\"application\/ld+json\" class=\"yoast-schema-graph\">{\"@context\":\"https:\/\/schema.org\",\"@graph\":[{\"@type\":\"WebPage\",\"@id\":\"https:\/\/annaalbert.com\/es\/producto-es\/tardes-de-seda-adultos\/\",\"url\":\"https:\/\/annaalbert.com\/es\/producto-es\/tardes-de-seda-adultos\/\",\"name\":\"TARDES DE SEDA ADULTOS - Art en Seda\",\"isPartOf\":{\"@id\":\"https:\/\/annaalbert.com\/es\/#website\"},\"primaryImageOfPage\":{\"@id\":\"https:\/\/annaalbert.com\/es\/producto-es\/tardes-de-seda-adultos\/#primaryimage\"},\"image\":{\"@id\":\"https:\/\/annaalbert.com\/es\/producto-es\/tardes-de-seda-adultos\/#primaryimage\"},\"thumbnailUrl\":\"https:\/\/annaalbert.com\/wp-content\/uploads\/2019\/03\/foto-per-blog1.jpg\",\"datePublished\":\"2019-03-21T17:51:37+00:00\",\"dateModified\":\"2023-10-31T14:46:03+00:00\",\"description\":\"Tardes de seda adultos: Ap\u00fantate a nuestro curso exclusivo para adultos y descubre el arte exquisito de crear tu propio fular de seda natural.\",\"breadcrumb\":{\"@id\":\"https:\/\/annaalbert.com\/es\/producto-es\/tardes-de-seda-adultos\/#breadcrumb\"},\"inLanguage\":\"es\",\"potentialAction\":[{\"@type\":\"ReadAction\",\"target\":[\"https:\/\/annaalbert.com\/es\/producto-es\/tardes-de-seda-adultos\/\"]}]},{\"@type\":\"ImageObject\",\"inLanguage\":\"es\",\"@id\":\"https:\/\/annaalbert.com\/es\/producto-es\/tardes-de-seda-adultos\/#primaryimage\",\"url\":\"https:\/\/annaalbert.com\/wp-content\/uploads\/2019\/03\/foto-per-blog1.jpg\",\"contentUrl\":\"https:\/\/annaalbert.com\/wp-content\/uploads\/2019\/03\/foto-per-blog1.jpg\",\"width\":870,\"height\":588,\"caption\":\"tardes de seda adults\"},{\"@type\":\"BreadcrumbList\",\"@id\":\"https:\/\/annaalbert.com\/es\/producto-es\/tardes-de-seda-adultos\/#breadcrumb\",\"itemListElement\":[{\"@type\":\"ListItem\",\"position\":1,\"name\":\"Portada\",\"item\":\"https:\/\/annaalbert.com\/es\/\"},{\"@type\":\"ListItem\",\"position\":2,\"name\":\"Tienda\",\"item\":\"https:\/\/annaalbert.com\/tienda\/\"},{\"@type\":\"ListItem\",\"position\":3,\"name\":\"TARDES DE SEDA ADULTOS\"}]},{\"@type\":\"WebSite\",\"@id\":\"https:\/\/annaalbert.com\/es\/#website\",\"url\":\"https:\/\/annaalbert.com\/es\/\",\"name\":\"Art en Seda\",\"description\":\"Productos de seda pintada a mano, asi como cursos, talleres, experiencias por la artesana Anna Albert\",\"publisher\":{\"@id\":\"https:\/\/annaalbert.com\/es\/#organization\"},\"potentialAction\":[{\"@type\":\"SearchAction\",\"target\":{\"@type\":\"EntryPoint\",\"urlTemplate\":\"https:\/\/annaalbert.com\/es\/?s={search_term_string}\"},\"query-input\":{\"@type\":\"PropertyValueSpecification\",\"valueRequired\":true,\"valueName\":\"search_term_string\"}}],\"inLanguage\":\"es\"},{\"@type\":\"Organization\",\"@id\":\"https:\/\/annaalbert.com\/es\/#organization\",\"name\":\"Art en Seda by Anna Albert\",\"url\":\"https:\/\/annaalbert.com\/es\/\",\"logo\":{\"@type\":\"ImageObject\",\"inLanguage\":\"es\",\"@id\":\"https:\/\/annaalbert.com\/es\/#\/schema\/logo\/image\/\",\"url\":\"https:\/\/annaalbert.com\/wp-content\/uploads\/2021\/01\/horitzontal_fonsblanc-scaled.jpg\",\"contentUrl\":\"https:\/\/annaalbert.com\/wp-content\/uploads\/2021\/01\/horitzontal_fonsblanc-scaled.jpg\",\"width\":2560,\"height\":779,\"caption\":\"Art en Seda by Anna Albert\"},\"image\":{\"@id\":\"https:\/\/annaalbert.com\/es\/#\/schema\/logo\/image\/\"}}]}<\/script>\n<!-- \/ Yoast SEO plugin. -->","yoast_head_json":{"title":"TARDES DE SEDA ADULTOS - Art en Seda","description":"Tardes de seda adultos: Ap\u00fantate a nuestro curso exclusivo para adultos y descubre el arte exquisito de crear tu propio fular de seda natural.","robots":{"index":"index","follow":"follow","max-snippet":"max-snippet:-1","max-image-preview":"max-image-preview:large","max-video-preview":"max-video-preview:-1"},"canonical":"https:\/\/annaalbert.com\/es\/producto-es\/tardes-de-seda-adultos\/","og_locale":"es_ES","og_type":"article","og_title":"TARDES DE SEDA ADULTOS - Art en Seda","og_description":"Tardes de seda adultos: Ap\u00fantate a nuestro curso exclusivo para adultos y descubre el arte exquisito de crear tu propio fular de seda natural.","og_url":"https:\/\/annaalbert.com\/es\/producto-es\/tardes-de-seda-adultos\/","og_site_name":"Art en Seda","article_modified_time":"2023-10-31T14:46:03+00:00","og_image":[{"width":870,"height":588,"url":"https:\/\/annaalbert.com\/wp-content\/uploads\/2019\/03\/foto-per-blog1.jpg","type":"image\/jpeg"}],"twitter_card":"summary_large_image","twitter_misc":{"Tiempo de lectura":"1 minuto"},"schema":{"@context":"https:\/\/schema.org","@graph":[{"@type":"WebPage","@id":"https:\/\/annaalbert.com\/es\/producto-es\/tardes-de-seda-adultos\/","url":"https:\/\/annaalbert.com\/es\/producto-es\/tardes-de-seda-adultos\/","name":"TARDES DE SEDA ADULTOS - Art en Seda","isPartOf":{"@id":"https:\/\/annaalbert.com\/es\/#website"},"primaryImageOfPage":{"@id":"https:\/\/annaalbert.com\/es\/producto-es\/tardes-de-seda-adultos\/#primaryimage"},"image":{"@id":"https:\/\/annaalbert.com\/es\/producto-es\/tardes-de-seda-adultos\/#primaryimage"},"thumbnailUrl":"https:\/\/annaalbert.com\/wp-content\/uploads\/2019\/03\/foto-per-blog1.jpg","datePublished":"2019-03-21T17:51:37+00:00","dateModified":"2023-10-31T14:46:03+00:00","description":"Tardes de seda adultos: Ap\u00fantate a nuestro curso exclusivo para adultos y descubre el arte exquisito de crear tu propio fular de seda natural.","breadcrumb":{"@id":"https:\/\/annaalbert.com\/es\/producto-es\/tardes-de-seda-adultos\/#breadcrumb"},"inLanguage":"es","potentialAction":[{"@type":"ReadAction","target":["https:\/\/annaalbert.com\/es\/producto-es\/tardes-de-seda-adultos\/"]}]},{"@type":"ImageObject","inLanguage":"es","@id":"https:\/\/annaalbert.com\/es\/producto-es\/tardes-de-seda-adultos\/#primaryimage","url":"https:\/\/annaalbert.com\/wp-content\/uploads\/2019\/03\/foto-per-blog1.jpg","contentUrl":"https:\/\/annaalbert.com\/wp-content\/uploads\/2019\/03\/foto-per-blog1.jpg","width":870,"height":588,"caption":"tardes de seda adults"},{"@type":"BreadcrumbList","@id":"https:\/\/annaalbert.com\/es\/producto-es\/tardes-de-seda-adultos\/#breadcrumb","itemListElement":[{"@type":"ListItem","position":1,"name":"Portada","item":"https:\/\/annaalbert.com\/es\/"},{"@type":"ListItem","position":2,"name":"Tienda","item":"https:\/\/annaalbert.com\/tienda\/"},{"@type":"ListItem","position":3,"name":"TARDES DE SEDA ADULTOS"}]},{"@type":"WebSite","@id":"https:\/\/annaalbert.com\/es\/#website","url":"https:\/\/annaalbert.com\/es\/","name":"Art en Seda","description":"Productos de seda pintada a mano, asi como cursos, talleres, experiencias por la artesana Anna Albert","publisher":{"@id":"https:\/\/annaalbert.com\/es\/#organization"},"potentialAction":[{"@type":"SearchAction","target":{"@type":"EntryPoint","urlTemplate":"https:\/\/annaalbert.com\/es\/?s={search_term_string}"},"query-input":{"@type":"PropertyValueSpecification","valueRequired":true,"valueName":"search_term_string"}}],"inLanguage":"es"},{"@type":"Organization","@id":"https:\/\/annaalbert.com\/es\/#organization","name":"Art en Seda by Anna Albert","url":"https:\/\/annaalbert.com\/es\/","logo":{"@type":"ImageObject","inLanguage":"es","@id":"https:\/\/annaalbert.com\/es\/#\/schema\/logo\/image\/","url":"https:\/\/annaalbert.com\/wp-content\/uploads\/2021\/01\/horitzontal_fonsblanc-scaled.jpg","contentUrl":"https:\/\/annaalbert.com\/wp-content\/uploads\/2021\/01\/horitzontal_fonsblanc-scaled.jpg","width":2560,"height":779,"caption":"Art en Seda by Anna Albert"},"image":{"@id":"https:\/\/annaalbert.com\/es\/#\/schema\/logo\/image\/"}}]}},"_links":{"self":[{"href":"https:\/\/annaalbert.com\/es\/wp-json\/wp\/v2\/product\/11190","targetHints":{"allow":["GET"]}}],"collection":[{"href":"https:\/\/annaalbert.com\/es\/wp-json\/wp\/v2\/product"}],"about":[{"href":"https:\/\/annaalbert.com\/es\/wp-json\/wp\/v2\/types\/product"}],"replies":[{"embeddable":true,"href":"https:\/\/annaalbert.com\/es\/wp-json\/wp\/v2\/comments?post=11190"}],"wp:featuredmedia":[{"embeddable":true,"href":"https:\/\/annaalbert.com\/es\/wp-json\/wp\/v2\/media\/4660"}],"wp:attachment":[{"href":"https:\/\/annaalbert.com\/es\/wp-json\/wp\/v2\/media?parent=11190"}],"wp:term":[{"taxonomy":"product_brand","embeddable":true,"href":"https:\/\/annaalbert.com\/es\/wp-json\/wp\/v2\/product_brand?post=11190"},{"taxonomy":"product_cat","embeddable":true,"href":"https:\/\/annaalbert.com\/es\/wp-json\/wp\/v2\/product_cat?post=11190"},{"taxonomy":"product_tag","embeddable":true,"href":"https:\/\/annaalbert.com\/es\/wp-json\/wp\/v2\/product_tag?post=11190"}],"curies":[{"name":"wp","href":"https:\/\/api.w.org\/{rel}","templated":true}]}}