{"id":11188,"date":"2019-03-21T17:51:37","date_gmt":"2019-03-21T17:51:37","guid":{"rendered":"https:\/\/annaalbert.com\/producto\/fular-poemas-miquel-marti-i-pol\/"},"modified":"2023-10-31T11:06:12","modified_gmt":"2023-10-31T11:06:12","slug":"fular-poemas-miquel-marti-pol","status":"publish","type":"product","link":"https:\/\/annaalbert.com\/es\/producto-es\/fular-poemas-miquel-marti-pol\/","title":{"rendered":"FULAR POEMAS MIQUEL MART\u00cd I POL"},"content":{"rendered":"<p><strong>Los Tejidos de la Natura: El Fular Poemas de Miquel Mart\u00ed i Pol<\/strong><\/p>\n<p>En el coraz\u00f3n de la poes\u00eda surgida del coraz\u00f3n de Catalu\u00f1a, Miquel Mart\u00ed i Pol teji\u00f3 versos que ahora se convierten en hilos de seda, en un homenaje vivo a su memoria y al legado literario de la tierra. Este fular de seda natural captura la esencia del poeta, transformando las palabras en un tejido art\u00edstico de pura elegancia.<\/p>\n<p>Este fular, hecho a mano con seda de una calidad excepcional, captura la vibraci\u00f3n c\u00e1lida y acogedora que todo el mundo desea tener cerca. Adem\u00e1s, se convierte en una expresi\u00f3n de la poes\u00eda de Miquel Mart\u00ed i Pol, transport\u00e1ndonos a un mundo de sensibilidad.<\/p>\n<p>Sea para la jornada cotidiana o para acontecimientos especiales, esta pieza \u00fanica da una elegancia serena y un toque literario a cualquier estilo. Cada vez que te ligues este fular, te conectar\u00e1s con la belleza de la cultura catalana y con la profundidad de las palabras del poeta.<\/p>\n<p>El fular de seda de Miquel Mart\u00ed i Pol es m\u00e1s que una prenda de ropa; es una oda a la sensibilidad po\u00e9tica, una obra de arte que acontece un homenaje tangible en la vida y a la literatura, llevando con elegancia la marca indeleble de uno de los grandes escritores de nuestra historia.<\/p>\n","protected":false},"excerpt":{"rendered":"<p>Los Tejidos de la Natura: El Fular Poemas de Miquel Mart\u00ed i Pol En el coraz\u00f3n de la poes\u00eda surgida del coraz\u00f3n de Catalu\u00f1a, Miquel Mart\u00ed i Pol teji\u00f3 versos que ahora se convierten en hilos de seda, en un homenaje vivo a su memoria y al legado literario de la tierra. Este fular de [&hellip;]<\/p>\n","protected":false},"featured_media":4657,"comment_status":"closed","ping_status":"closed","template":"","meta":{"_et_pb_use_builder":"","_et_pb_old_content":"","_et_gb_content_width":""},"product_brand":[],"product_cat":[162],"product_tag":[],"class_list":{"0":"post-11188","1":"product","2":"type-product","3":"status-publish","4":"has-post-thumbnail","6":"product_cat-home-es","8":"first","9":"outofstock","10":"purchasable","11":"product-type-simple"},"yoast_head":"<!-- This site is optimized with the Yoast SEO plugin v27.4 - https:\/\/yoast.com\/product\/yoast-seo-wordpress\/ -->\n<title>FULAR POEMAS MIQUEL MART\u00cd I POL - Art en Seda<\/title>\n<meta name=\"description\" content=\"\u00bfOs gustan los poemas y querr\u00edais llevarlos en todas partes? \u00a1Con este fular tendr\u00e9is plasmados poemas del famoso poeta Miquel Mart\u00ed i Pol!\" \/>\n<meta name=\"robots\" content=\"index, follow, max-snippet:-1, max-image-preview:large, max-video-preview:-1\" \/>\n<link rel=\"canonical\" href=\"https:\/\/annaalbert.com\/es\/producto-es\/fular-poemas-miquel-marti-pol\/\" \/>\n<meta property=\"og:locale\" content=\"es_ES\" \/>\n<meta property=\"og:type\" content=\"article\" \/>\n<meta property=\"og:title\" content=\"FULAR POEMAS MIQUEL MART\u00cd I POL - Art en Seda\" \/>\n<meta property=\"og:description\" content=\"\u00bfOs gustan los poemas y querr\u00edais llevarlos en todas partes? \u00a1Con este fular tendr\u00e9is plasmados poemas del famoso poeta Miquel Mart\u00ed i Pol!\" \/>\n<meta property=\"og:url\" content=\"https:\/\/annaalbert.com\/es\/producto-es\/fular-poemas-miquel-marti-pol\/\" \/>\n<meta property=\"og:site_name\" content=\"Art en Seda\" \/>\n<meta property=\"article:modified_time\" content=\"2023-10-31T11:06:12+00:00\" \/>\n<meta property=\"og:image\" content=\"https:\/\/annaalbert.com\/wp-content\/uploads\/2019\/02\/266.jpg\" \/>\n\t<meta property=\"og:image:width\" content=\"800\" \/>\n\t<meta property=\"og:image:height\" content=\"960\" \/>\n\t<meta property=\"og:image:type\" content=\"image\/jpeg\" \/>\n<meta name=\"twitter:card\" content=\"summary_large_image\" \/>\n<meta name=\"twitter:label1\" content=\"Tiempo de lectura\" \/>\n\t<meta name=\"twitter:data1\" content=\"1 minuto\" \/>\n<script type=\"application\/ld+json\" class=\"yoast-schema-graph\">{\"@context\":\"https:\\\/\\\/schema.org\",\"@graph\":[{\"@type\":\"WebPage\",\"@id\":\"https:\\\/\\\/annaalbert.com\\\/es\\\/producto-es\\\/fular-poemas-miquel-marti-pol\\\/\",\"url\":\"https:\\\/\\\/annaalbert.com\\\/es\\\/producto-es\\\/fular-poemas-miquel-marti-pol\\\/\",\"name\":\"FULAR POEMAS MIQUEL MART\u00cd I POL - Art en Seda\",\"isPartOf\":{\"@id\":\"https:\\\/\\\/annaalbert.com\\\/es\\\/#website\"},\"primaryImageOfPage\":{\"@id\":\"https:\\\/\\\/annaalbert.com\\\/es\\\/producto-es\\\/fular-poemas-miquel-marti-pol\\\/#primaryimage\"},\"image\":{\"@id\":\"https:\\\/\\\/annaalbert.com\\\/es\\\/producto-es\\\/fular-poemas-miquel-marti-pol\\\/#primaryimage\"},\"thumbnailUrl\":\"https:\\\/\\\/annaalbert.com\\\/wp-content\\\/uploads\\\/2019\\\/02\\\/266.jpg\",\"datePublished\":\"2019-03-21T17:51:37+00:00\",\"dateModified\":\"2023-10-31T11:06:12+00:00\",\"description\":\"\u00bfOs gustan los poemas y querr\u00edais llevarlos en todas partes? \u00a1Con este fular tendr\u00e9is plasmados poemas del famoso poeta Miquel Mart\u00ed i Pol!\",\"breadcrumb\":{\"@id\":\"https:\\\/\\\/annaalbert.com\\\/es\\\/producto-es\\\/fular-poemas-miquel-marti-pol\\\/#breadcrumb\"},\"inLanguage\":\"es\",\"potentialAction\":[{\"@type\":\"ReadAction\",\"target\":[\"https:\\\/\\\/annaalbert.com\\\/es\\\/producto-es\\\/fular-poemas-miquel-marti-pol\\\/\"]}]},{\"@type\":\"ImageObject\",\"inLanguage\":\"es\",\"@id\":\"https:\\\/\\\/annaalbert.com\\\/es\\\/producto-es\\\/fular-poemas-miquel-marti-pol\\\/#primaryimage\",\"url\":\"https:\\\/\\\/annaalbert.com\\\/wp-content\\\/uploads\\\/2019\\\/02\\\/266.jpg\",\"contentUrl\":\"https:\\\/\\\/annaalbert.com\\\/wp-content\\\/uploads\\\/2019\\\/02\\\/266.jpg\",\"width\":800,\"height\":960,\"caption\":\"fulard poemes\"},{\"@type\":\"BreadcrumbList\",\"@id\":\"https:\\\/\\\/annaalbert.com\\\/es\\\/producto-es\\\/fular-poemas-miquel-marti-pol\\\/#breadcrumb\",\"itemListElement\":[{\"@type\":\"ListItem\",\"position\":1,\"name\":\"Portada\",\"item\":\"https:\\\/\\\/annaalbert.com\\\/es\\\/\"},{\"@type\":\"ListItem\",\"position\":2,\"name\":\"Tienda\",\"item\":\"https:\\\/\\\/annaalbert.com\\\/tienda\\\/\"},{\"@type\":\"ListItem\",\"position\":3,\"name\":\"FULAR POEMAS MIQUEL MART\u00cd I POL\"}]},{\"@type\":\"WebSite\",\"@id\":\"https:\\\/\\\/annaalbert.com\\\/es\\\/#website\",\"url\":\"https:\\\/\\\/annaalbert.com\\\/es\\\/\",\"name\":\"Art en Seda\",\"description\":\"Productos de seda pintada a mano, asi como cursos, talleres, experiencias por la artesana Anna Albert\",\"publisher\":{\"@id\":\"https:\\\/\\\/annaalbert.com\\\/es\\\/#organization\"},\"potentialAction\":[{\"@type\":\"SearchAction\",\"target\":{\"@type\":\"EntryPoint\",\"urlTemplate\":\"https:\\\/\\\/annaalbert.com\\\/es\\\/?s={search_term_string}\"},\"query-input\":{\"@type\":\"PropertyValueSpecification\",\"valueRequired\":true,\"valueName\":\"search_term_string\"}}],\"inLanguage\":\"es\"},{\"@type\":\"Organization\",\"@id\":\"https:\\\/\\\/annaalbert.com\\\/es\\\/#organization\",\"name\":\"Art en Seda by Anna Albert\",\"url\":\"https:\\\/\\\/annaalbert.com\\\/es\\\/\",\"logo\":{\"@type\":\"ImageObject\",\"inLanguage\":\"es\",\"@id\":\"https:\\\/\\\/annaalbert.com\\\/es\\\/#\\\/schema\\\/logo\\\/image\\\/\",\"url\":\"https:\\\/\\\/annaalbert.com\\\/wp-content\\\/uploads\\\/2021\\\/01\\\/horitzontal_fonsblanc-scaled.jpg\",\"contentUrl\":\"https:\\\/\\\/annaalbert.com\\\/wp-content\\\/uploads\\\/2021\\\/01\\\/horitzontal_fonsblanc-scaled.jpg\",\"width\":2560,\"height\":779,\"caption\":\"Art en Seda by Anna Albert\"},\"image\":{\"@id\":\"https:\\\/\\\/annaalbert.com\\\/es\\\/#\\\/schema\\\/logo\\\/image\\\/\"}}]}<\/script>\n<!-- \/ Yoast SEO plugin. -->","yoast_head_json":{"title":"FULAR POEMAS MIQUEL MART\u00cd I POL - Art en Seda","description":"\u00bfOs gustan los poemas y querr\u00edais llevarlos en todas partes? \u00a1Con este fular tendr\u00e9is plasmados poemas del famoso poeta Miquel Mart\u00ed i Pol!","robots":{"index":"index","follow":"follow","max-snippet":"max-snippet:-1","max-image-preview":"max-image-preview:large","max-video-preview":"max-video-preview:-1"},"canonical":"https:\/\/annaalbert.com\/es\/producto-es\/fular-poemas-miquel-marti-pol\/","og_locale":"es_ES","og_type":"article","og_title":"FULAR POEMAS MIQUEL MART\u00cd I POL - Art en Seda","og_description":"\u00bfOs gustan los poemas y querr\u00edais llevarlos en todas partes? \u00a1Con este fular tendr\u00e9is plasmados poemas del famoso poeta Miquel Mart\u00ed i Pol!","og_url":"https:\/\/annaalbert.com\/es\/producto-es\/fular-poemas-miquel-marti-pol\/","og_site_name":"Art en Seda","article_modified_time":"2023-10-31T11:06:12+00:00","og_image":[{"width":800,"height":960,"url":"https:\/\/annaalbert.com\/wp-content\/uploads\/2019\/02\/266.jpg","type":"image\/jpeg"}],"twitter_card":"summary_large_image","twitter_misc":{"Tiempo de lectura":"1 minuto"},"schema":{"@context":"https:\/\/schema.org","@graph":[{"@type":"WebPage","@id":"https:\/\/annaalbert.com\/es\/producto-es\/fular-poemas-miquel-marti-pol\/","url":"https:\/\/annaalbert.com\/es\/producto-es\/fular-poemas-miquel-marti-pol\/","name":"FULAR POEMAS MIQUEL MART\u00cd I POL - Art en Seda","isPartOf":{"@id":"https:\/\/annaalbert.com\/es\/#website"},"primaryImageOfPage":{"@id":"https:\/\/annaalbert.com\/es\/producto-es\/fular-poemas-miquel-marti-pol\/#primaryimage"},"image":{"@id":"https:\/\/annaalbert.com\/es\/producto-es\/fular-poemas-miquel-marti-pol\/#primaryimage"},"thumbnailUrl":"https:\/\/annaalbert.com\/wp-content\/uploads\/2019\/02\/266.jpg","datePublished":"2019-03-21T17:51:37+00:00","dateModified":"2023-10-31T11:06:12+00:00","description":"\u00bfOs gustan los poemas y querr\u00edais llevarlos en todas partes? \u00a1Con este fular tendr\u00e9is plasmados poemas del famoso poeta Miquel Mart\u00ed i Pol!","breadcrumb":{"@id":"https:\/\/annaalbert.com\/es\/producto-es\/fular-poemas-miquel-marti-pol\/#breadcrumb"},"inLanguage":"es","potentialAction":[{"@type":"ReadAction","target":["https:\/\/annaalbert.com\/es\/producto-es\/fular-poemas-miquel-marti-pol\/"]}]},{"@type":"ImageObject","inLanguage":"es","@id":"https:\/\/annaalbert.com\/es\/producto-es\/fular-poemas-miquel-marti-pol\/#primaryimage","url":"https:\/\/annaalbert.com\/wp-content\/uploads\/2019\/02\/266.jpg","contentUrl":"https:\/\/annaalbert.com\/wp-content\/uploads\/2019\/02\/266.jpg","width":800,"height":960,"caption":"fulard poemes"},{"@type":"BreadcrumbList","@id":"https:\/\/annaalbert.com\/es\/producto-es\/fular-poemas-miquel-marti-pol\/#breadcrumb","itemListElement":[{"@type":"ListItem","position":1,"name":"Portada","item":"https:\/\/annaalbert.com\/es\/"},{"@type":"ListItem","position":2,"name":"Tienda","item":"https:\/\/annaalbert.com\/tienda\/"},{"@type":"ListItem","position":3,"name":"FULAR POEMAS MIQUEL MART\u00cd I POL"}]},{"@type":"WebSite","@id":"https:\/\/annaalbert.com\/es\/#website","url":"https:\/\/annaalbert.com\/es\/","name":"Art en Seda","description":"Productos de seda pintada a mano, asi como cursos, talleres, experiencias por la artesana Anna Albert","publisher":{"@id":"https:\/\/annaalbert.com\/es\/#organization"},"potentialAction":[{"@type":"SearchAction","target":{"@type":"EntryPoint","urlTemplate":"https:\/\/annaalbert.com\/es\/?s={search_term_string}"},"query-input":{"@type":"PropertyValueSpecification","valueRequired":true,"valueName":"search_term_string"}}],"inLanguage":"es"},{"@type":"Organization","@id":"https:\/\/annaalbert.com\/es\/#organization","name":"Art en Seda by Anna Albert","url":"https:\/\/annaalbert.com\/es\/","logo":{"@type":"ImageObject","inLanguage":"es","@id":"https:\/\/annaalbert.com\/es\/#\/schema\/logo\/image\/","url":"https:\/\/annaalbert.com\/wp-content\/uploads\/2021\/01\/horitzontal_fonsblanc-scaled.jpg","contentUrl":"https:\/\/annaalbert.com\/wp-content\/uploads\/2021\/01\/horitzontal_fonsblanc-scaled.jpg","width":2560,"height":779,"caption":"Art en Seda by Anna Albert"},"image":{"@id":"https:\/\/annaalbert.com\/es\/#\/schema\/logo\/image\/"}}]}},"_links":{"self":[{"href":"https:\/\/annaalbert.com\/es\/wp-json\/wp\/v2\/product\/11188","targetHints":{"allow":["GET"]}}],"collection":[{"href":"https:\/\/annaalbert.com\/es\/wp-json\/wp\/v2\/product"}],"about":[{"href":"https:\/\/annaalbert.com\/es\/wp-json\/wp\/v2\/types\/product"}],"replies":[{"embeddable":true,"href":"https:\/\/annaalbert.com\/es\/wp-json\/wp\/v2\/comments?post=11188"}],"wp:featuredmedia":[{"embeddable":true,"href":"https:\/\/annaalbert.com\/es\/wp-json\/wp\/v2\/media\/4657"}],"wp:attachment":[{"href":"https:\/\/annaalbert.com\/es\/wp-json\/wp\/v2\/media?parent=11188"}],"wp:term":[{"taxonomy":"product_brand","embeddable":true,"href":"https:\/\/annaalbert.com\/es\/wp-json\/wp\/v2\/product_brand?post=11188"},{"taxonomy":"product_cat","embeddable":true,"href":"https:\/\/annaalbert.com\/es\/wp-json\/wp\/v2\/product_cat?post=11188"},{"taxonomy":"product_tag","embeddable":true,"href":"https:\/\/annaalbert.com\/es\/wp-json\/wp\/v2\/product_tag?post=11188"}],"curies":[{"name":"wp","href":"https:\/\/api.w.org\/{rel}","templated":true}]}}