{"id":11176,"date":"2019-03-21T17:51:37","date_gmt":"2019-03-21T17:51:37","guid":{"rendered":"https:\/\/annaalbert.com\/producto\/fular-seda-natural-flores-turquesa\/"},"modified":"2023-10-30T16:48:13","modified_gmt":"2023-10-30T16:48:13","slug":"fular-seda-natural-flores-turquesa","status":"publish","type":"product","link":"https:\/\/annaalbert.com\/es\/producto-es\/fular-seda-natural-flores-turquesa\/","title":{"rendered":"FULAR SEDA NATURAL FLORES TURQUESA"},"content":{"rendered":"<p style=\"text-align: justify;\"><strong>Fular seda natural flores turquesa de medida muy generosa, ideal como complemento por un traje de fiesta o cocktail.<\/strong><\/p>\n<p style=\"text-align: justify;\">Este fular de seda tambi\u00e9n complementa perfectamente tu outfit casual wear. Adem\u00e1s, con el abanico de las mismas flores y colores queda un conjunto espectacular.<\/p>\n<p style=\"text-align: justify;\"><strong>Lo he realizado con seda muselina o gasa chiffon porque es una seda dulce, vaporosa y transparente, una caricia que envuelve el cuerpo y el alma<\/strong>. Refrescante en las noches de verano y c\u00e1lida en las \u00e9pocas m\u00e1s fr\u00edas.<\/p>\n<p style=\"text-align: justify;\">El color verde turquesa o esmeralda es un color que nos evoca en el mar paradis\u00edaco, a aguas c\u00e1lidas y transparentes y da sensaci\u00f3n de profundidad.<\/p>\n<p style=\"text-align: justify;\"><strong>Dejarse mimar por este fular seda natural flores turquesa puede ser muy placiente para nuestros sentidos.<\/strong><\/p>\n<p style=\"text-align: justify;\">Las flores est\u00e1n engamadas con el fondo y en el centro he puesto un verde m\u00e1s oscuro para jugar con el contraste.<\/p>\n<p style=\"text-align: justify;\">Me encanta pintar flores y este dise\u00f1o concretamente es un cl\u00e1sico en mi trayectoria creativa.<\/p>\n<p style=\"text-align: justify;\">Artistas de todas las \u00e9pocas se han expresado a trav\u00e9s de las flores. En <strong>Barcelona<\/strong> solo hay que pasearse y dejarse admirar por la <strong>arquitectura modernista<\/strong> disfrutando de infinidad de motivos florales tanto habituales en la <strong>obra de Gaud\u00ed<\/strong>, que recubren fachadas, <strong>mosaicos, pinturas y vitrales.<\/strong><\/p>\n<p style=\"text-align: justify;\">Estamos rodeados de flores tanto en el arte, en los tejidos, en la decoraci\u00f3n y es que las flores, son la alegr\u00eda de la natura.<\/p>\n","protected":false},"excerpt":{"rendered":"<p>Fular de <strong>seda muselina<\/strong> de color verde turquesa o esmeralda y flores engamadas con el fondo.<\/p>\n<p>Medida de 180X55.<\/p>\n","protected":false},"featured_media":11177,"comment_status":"closed","ping_status":"closed","template":"","meta":{"_et_pb_use_builder":"","_et_pb_old_content":"","_et_gb_content_width":""},"product_brand":[],"product_cat":[174],"product_tag":[],"class_list":{"0":"post-11176","1":"product","2":"type-product","3":"status-publish","4":"has-post-thumbnail","6":"product_cat-fulards","8":"first","9":"outofstock","10":"purchasable","11":"product-type-simple"},"yoast_head":"<!-- This site is optimized with the Yoast SEO plugin v27.4 - https:\/\/yoast.com\/product\/yoast-seo-wordpress\/ -->\n<title>Fular seda natural flores turquesa - Art en Seda<\/title>\n<meta name=\"description\" content=\"Fular seda natural flores turquesa ideal como complemento para un traje de fiesta o c\u00f3ctel, pero que tambi\u00e9n complementa con tu outfit casual wear.\" \/>\n<meta name=\"robots\" content=\"index, follow, max-snippet:-1, max-image-preview:large, max-video-preview:-1\" \/>\n<link rel=\"canonical\" href=\"https:\/\/annaalbert.com\/es\/producto-es\/fular-seda-natural-flores-turquesa\/\" \/>\n<meta property=\"og:locale\" content=\"es_ES\" \/>\n<meta property=\"og:type\" content=\"article\" \/>\n<meta property=\"og:title\" content=\"Fular seda natural flores turquesa - Art en Seda\" \/>\n<meta property=\"og:description\" content=\"Fular seda natural flores turquesa ideal como complemento para un traje de fiesta o c\u00f3ctel, pero que tambi\u00e9n complementa con tu outfit casual wear.\" \/>\n<meta property=\"og:url\" content=\"https:\/\/annaalbert.com\/es\/producto-es\/fular-seda-natural-flores-turquesa\/\" \/>\n<meta property=\"og:site_name\" content=\"Art en Seda\" \/>\n<meta property=\"article:modified_time\" content=\"2023-10-30T16:48:13+00:00\" \/>\n<meta property=\"og:image\" content=\"https:\/\/annaalbert.com\/wp-content\/uploads\/2019\/03\/IMG_0166.jpg\" \/>\n\t<meta property=\"og:image:width\" content=\"800\" \/>\n\t<meta property=\"og:image:height\" content=\"960\" \/>\n\t<meta property=\"og:image:type\" content=\"image\/jpeg\" \/>\n<meta name=\"twitter:card\" content=\"summary_large_image\" \/>\n<meta name=\"twitter:label1\" content=\"Tiempo de lectura\" \/>\n\t<meta name=\"twitter:data1\" content=\"1 minuto\" \/>\n<script type=\"application\/ld+json\" class=\"yoast-schema-graph\">{\"@context\":\"https:\\\/\\\/schema.org\",\"@graph\":[{\"@type\":\"WebPage\",\"@id\":\"https:\\\/\\\/annaalbert.com\\\/es\\\/producto-es\\\/fular-seda-natural-flores-turquesa\\\/\",\"url\":\"https:\\\/\\\/annaalbert.com\\\/es\\\/producto-es\\\/fular-seda-natural-flores-turquesa\\\/\",\"name\":\"Fular seda natural flores turquesa - Art en Seda\",\"isPartOf\":{\"@id\":\"https:\\\/\\\/annaalbert.com\\\/es\\\/#website\"},\"primaryImageOfPage\":{\"@id\":\"https:\\\/\\\/annaalbert.com\\\/es\\\/producto-es\\\/fular-seda-natural-flores-turquesa\\\/#primaryimage\"},\"image\":{\"@id\":\"https:\\\/\\\/annaalbert.com\\\/es\\\/producto-es\\\/fular-seda-natural-flores-turquesa\\\/#primaryimage\"},\"thumbnailUrl\":\"https:\\\/\\\/annaalbert.com\\\/wp-content\\\/uploads\\\/2019\\\/03\\\/IMG_0166.jpg\",\"datePublished\":\"2019-03-21T17:51:37+00:00\",\"dateModified\":\"2023-10-30T16:48:13+00:00\",\"description\":\"Fular seda natural flores turquesa ideal como complemento para un traje de fiesta o c\u00f3ctel, pero que tambi\u00e9n complementa con tu outfit casual wear.\",\"breadcrumb\":{\"@id\":\"https:\\\/\\\/annaalbert.com\\\/es\\\/producto-es\\\/fular-seda-natural-flores-turquesa\\\/#breadcrumb\"},\"inLanguage\":\"es\",\"potentialAction\":[{\"@type\":\"ReadAction\",\"target\":[\"https:\\\/\\\/annaalbert.com\\\/es\\\/producto-es\\\/fular-seda-natural-flores-turquesa\\\/\"]}]},{\"@type\":\"ImageObject\",\"inLanguage\":\"es\",\"@id\":\"https:\\\/\\\/annaalbert.com\\\/es\\\/producto-es\\\/fular-seda-natural-flores-turquesa\\\/#primaryimage\",\"url\":\"https:\\\/\\\/annaalbert.com\\\/wp-content\\\/uploads\\\/2019\\\/03\\\/IMG_0166.jpg\",\"contentUrl\":\"https:\\\/\\\/annaalbert.com\\\/wp-content\\\/uploads\\\/2019\\\/03\\\/IMG_0166.jpg\",\"width\":800,\"height\":960,\"caption\":\"fulard seda natural flors turquesa\"},{\"@type\":\"BreadcrumbList\",\"@id\":\"https:\\\/\\\/annaalbert.com\\\/es\\\/producto-es\\\/fular-seda-natural-flores-turquesa\\\/#breadcrumb\",\"itemListElement\":[{\"@type\":\"ListItem\",\"position\":1,\"name\":\"Portada\",\"item\":\"https:\\\/\\\/annaalbert.com\\\/es\\\/\"},{\"@type\":\"ListItem\",\"position\":2,\"name\":\"Tienda\",\"item\":\"https:\\\/\\\/annaalbert.com\\\/tienda\\\/\"},{\"@type\":\"ListItem\",\"position\":3,\"name\":\"FULAR SEDA NATURAL FLORES TURQUESA\"}]},{\"@type\":\"WebSite\",\"@id\":\"https:\\\/\\\/annaalbert.com\\\/es\\\/#website\",\"url\":\"https:\\\/\\\/annaalbert.com\\\/es\\\/\",\"name\":\"Art en Seda\",\"description\":\"Productos de seda pintada a mano, asi como cursos, talleres, experiencias por la artesana Anna Albert\",\"publisher\":{\"@id\":\"https:\\\/\\\/annaalbert.com\\\/es\\\/#organization\"},\"potentialAction\":[{\"@type\":\"SearchAction\",\"target\":{\"@type\":\"EntryPoint\",\"urlTemplate\":\"https:\\\/\\\/annaalbert.com\\\/es\\\/?s={search_term_string}\"},\"query-input\":{\"@type\":\"PropertyValueSpecification\",\"valueRequired\":true,\"valueName\":\"search_term_string\"}}],\"inLanguage\":\"es\"},{\"@type\":\"Organization\",\"@id\":\"https:\\\/\\\/annaalbert.com\\\/es\\\/#organization\",\"name\":\"Art en Seda by Anna Albert\",\"url\":\"https:\\\/\\\/annaalbert.com\\\/es\\\/\",\"logo\":{\"@type\":\"ImageObject\",\"inLanguage\":\"es\",\"@id\":\"https:\\\/\\\/annaalbert.com\\\/es\\\/#\\\/schema\\\/logo\\\/image\\\/\",\"url\":\"https:\\\/\\\/annaalbert.com\\\/wp-content\\\/uploads\\\/2021\\\/01\\\/horitzontal_fonsblanc-scaled.jpg\",\"contentUrl\":\"https:\\\/\\\/annaalbert.com\\\/wp-content\\\/uploads\\\/2021\\\/01\\\/horitzontal_fonsblanc-scaled.jpg\",\"width\":2560,\"height\":779,\"caption\":\"Art en Seda by Anna Albert\"},\"image\":{\"@id\":\"https:\\\/\\\/annaalbert.com\\\/es\\\/#\\\/schema\\\/logo\\\/image\\\/\"}}]}<\/script>\n<!-- \/ Yoast SEO plugin. -->","yoast_head_json":{"title":"Fular seda natural flores turquesa - Art en Seda","description":"Fular seda natural flores turquesa ideal como complemento para un traje de fiesta o c\u00f3ctel, pero que tambi\u00e9n complementa con tu outfit casual wear.","robots":{"index":"index","follow":"follow","max-snippet":"max-snippet:-1","max-image-preview":"max-image-preview:large","max-video-preview":"max-video-preview:-1"},"canonical":"https:\/\/annaalbert.com\/es\/producto-es\/fular-seda-natural-flores-turquesa\/","og_locale":"es_ES","og_type":"article","og_title":"Fular seda natural flores turquesa - Art en Seda","og_description":"Fular seda natural flores turquesa ideal como complemento para un traje de fiesta o c\u00f3ctel, pero que tambi\u00e9n complementa con tu outfit casual wear.","og_url":"https:\/\/annaalbert.com\/es\/producto-es\/fular-seda-natural-flores-turquesa\/","og_site_name":"Art en Seda","article_modified_time":"2023-10-30T16:48:13+00:00","og_image":[{"width":800,"height":960,"url":"https:\/\/annaalbert.com\/wp-content\/uploads\/2019\/03\/IMG_0166.jpg","type":"image\/jpeg"}],"twitter_card":"summary_large_image","twitter_misc":{"Tiempo de lectura":"1 minuto"},"schema":{"@context":"https:\/\/schema.org","@graph":[{"@type":"WebPage","@id":"https:\/\/annaalbert.com\/es\/producto-es\/fular-seda-natural-flores-turquesa\/","url":"https:\/\/annaalbert.com\/es\/producto-es\/fular-seda-natural-flores-turquesa\/","name":"Fular seda natural flores turquesa - Art en Seda","isPartOf":{"@id":"https:\/\/annaalbert.com\/es\/#website"},"primaryImageOfPage":{"@id":"https:\/\/annaalbert.com\/es\/producto-es\/fular-seda-natural-flores-turquesa\/#primaryimage"},"image":{"@id":"https:\/\/annaalbert.com\/es\/producto-es\/fular-seda-natural-flores-turquesa\/#primaryimage"},"thumbnailUrl":"https:\/\/annaalbert.com\/wp-content\/uploads\/2019\/03\/IMG_0166.jpg","datePublished":"2019-03-21T17:51:37+00:00","dateModified":"2023-10-30T16:48:13+00:00","description":"Fular seda natural flores turquesa ideal como complemento para un traje de fiesta o c\u00f3ctel, pero que tambi\u00e9n complementa con tu outfit casual wear.","breadcrumb":{"@id":"https:\/\/annaalbert.com\/es\/producto-es\/fular-seda-natural-flores-turquesa\/#breadcrumb"},"inLanguage":"es","potentialAction":[{"@type":"ReadAction","target":["https:\/\/annaalbert.com\/es\/producto-es\/fular-seda-natural-flores-turquesa\/"]}]},{"@type":"ImageObject","inLanguage":"es","@id":"https:\/\/annaalbert.com\/es\/producto-es\/fular-seda-natural-flores-turquesa\/#primaryimage","url":"https:\/\/annaalbert.com\/wp-content\/uploads\/2019\/03\/IMG_0166.jpg","contentUrl":"https:\/\/annaalbert.com\/wp-content\/uploads\/2019\/03\/IMG_0166.jpg","width":800,"height":960,"caption":"fulard seda natural flors turquesa"},{"@type":"BreadcrumbList","@id":"https:\/\/annaalbert.com\/es\/producto-es\/fular-seda-natural-flores-turquesa\/#breadcrumb","itemListElement":[{"@type":"ListItem","position":1,"name":"Portada","item":"https:\/\/annaalbert.com\/es\/"},{"@type":"ListItem","position":2,"name":"Tienda","item":"https:\/\/annaalbert.com\/tienda\/"},{"@type":"ListItem","position":3,"name":"FULAR SEDA NATURAL FLORES TURQUESA"}]},{"@type":"WebSite","@id":"https:\/\/annaalbert.com\/es\/#website","url":"https:\/\/annaalbert.com\/es\/","name":"Art en Seda","description":"Productos de seda pintada a mano, asi como cursos, talleres, experiencias por la artesana Anna Albert","publisher":{"@id":"https:\/\/annaalbert.com\/es\/#organization"},"potentialAction":[{"@type":"SearchAction","target":{"@type":"EntryPoint","urlTemplate":"https:\/\/annaalbert.com\/es\/?s={search_term_string}"},"query-input":{"@type":"PropertyValueSpecification","valueRequired":true,"valueName":"search_term_string"}}],"inLanguage":"es"},{"@type":"Organization","@id":"https:\/\/annaalbert.com\/es\/#organization","name":"Art en Seda by Anna Albert","url":"https:\/\/annaalbert.com\/es\/","logo":{"@type":"ImageObject","inLanguage":"es","@id":"https:\/\/annaalbert.com\/es\/#\/schema\/logo\/image\/","url":"https:\/\/annaalbert.com\/wp-content\/uploads\/2021\/01\/horitzontal_fonsblanc-scaled.jpg","contentUrl":"https:\/\/annaalbert.com\/wp-content\/uploads\/2021\/01\/horitzontal_fonsblanc-scaled.jpg","width":2560,"height":779,"caption":"Art en Seda by Anna Albert"},"image":{"@id":"https:\/\/annaalbert.com\/es\/#\/schema\/logo\/image\/"}}]}},"_links":{"self":[{"href":"https:\/\/annaalbert.com\/es\/wp-json\/wp\/v2\/product\/11176","targetHints":{"allow":["GET"]}}],"collection":[{"href":"https:\/\/annaalbert.com\/es\/wp-json\/wp\/v2\/product"}],"about":[{"href":"https:\/\/annaalbert.com\/es\/wp-json\/wp\/v2\/types\/product"}],"replies":[{"embeddable":true,"href":"https:\/\/annaalbert.com\/es\/wp-json\/wp\/v2\/comments?post=11176"}],"wp:featuredmedia":[{"embeddable":true,"href":"https:\/\/annaalbert.com\/es\/wp-json\/wp\/v2\/media\/11177"}],"wp:attachment":[{"href":"https:\/\/annaalbert.com\/es\/wp-json\/wp\/v2\/media?parent=11176"}],"wp:term":[{"taxonomy":"product_brand","embeddable":true,"href":"https:\/\/annaalbert.com\/es\/wp-json\/wp\/v2\/product_brand?post=11176"},{"taxonomy":"product_cat","embeddable":true,"href":"https:\/\/annaalbert.com\/es\/wp-json\/wp\/v2\/product_cat?post=11176"},{"taxonomy":"product_tag","embeddable":true,"href":"https:\/\/annaalbert.com\/es\/wp-json\/wp\/v2\/product_tag?post=11176"}],"curies":[{"name":"wp","href":"https:\/\/api.w.org\/{rel}","templated":true}]}}