{"id":11172,"date":"2019-03-21T17:51:37","date_gmt":"2019-03-21T17:51:37","guid":{"rendered":"https:\/\/annaalbert.com\/producto\/fular-seda-natural-flores-fucsia\/"},"modified":"2025-12-09T14:22:53","modified_gmt":"2025-12-09T14:22:53","slug":"fular-seda-natural-flores-fucsia","status":"publish","type":"product","link":"https:\/\/annaalbert.com\/es\/producto-es\/fular-seda-natural-flores-fucsia\/","title":{"rendered":"PA\u00d1UELO DE SEDA NATURAL DE FLORES FUCSIA"},"content":{"rendered":"<p>Pa\u00f1uelo de seda natural de flores fucsia.<\/p>\n<p style=\"text-align: justify;\"><strong>En primer lugar, el color fucsia es un color lleno de energ\u00eda y personalidad. Denota vitalidad y entusiasmo y es un color muy femenino que tiene impl\u00edcito un pellizco de glamur.<\/strong><\/p>\n<p style=\"text-align: justify;\">Este pa\u00f1uelo de seda natural de flores fucsia de medida muy generosa, es ideal como complemento por un traje de fiesta o c\u00f3ctel.<\/p>\n<p style=\"text-align: justify;\">En estas ocasiones puede ser muy apropiado con el abanico a conjunto.<\/p>\n<p style=\"text-align: justify;\">En segundo lugar, este pa\u00f1uelo tambi\u00e9n complementa perfectamente tu outfit casual wear y le da un punto ex\u00f3tico.<\/p>\n<p style=\"text-align: justify;\">Adem\u00e1s, la seda muselina o gaza xiffon es una seda dulce, vaporosa y transparente, una caricia que envuelve el cuerpo y el alma. Refrescante en las noches de verano y c\u00e1lida en las \u00e9pocas m\u00e1s fr\u00edas.<\/p>\n<p style=\"text-align: justify;\">Dejarse mimar por este ramo de fucsias puede ser muy placiente para nuestros sentidos.<\/p>\n<p style=\"text-align: justify;\"><strong>Las flores inspiran vida y son un regalo de la natura que nos rodea.<\/strong><\/p>\n<p style=\"text-align: justify;\">Artistas de todas las \u00e9pocas se han expresado a trav\u00e9s de las flores. En <strong>Barcelona<\/strong> solo hay que pasear y dejarse admirar por la <strong>arquitectura modernista<\/strong> disfrutando de infinidad de motivos florales tanto habituales en la obra de Gaud\u00ed, que recubren fachadas, mosaicos, pinturas y vitrales.<\/p>\n<p style=\"text-align: justify;\">Estamos rodeados de flores tanto en el arte, en los tejidos, en la decoraci\u00f3n y es que las flores, son la alegr\u00eda de la natura.<\/p>\n<p style=\"text-align: justify;\">En \u00faltimo lugar, este pa\u00f1uelo fucsia con flores de color burdeos se puede combinar con el <a href=\"https:\/\/annaalbert.com\/producto\/ventall-seda-natural-flors-fucsia\/\">ABANICO FLORIS VITALIS<\/a>.<\/p>\n","protected":false},"excerpt":{"rendered":"<p><strong>Fular de seda muselina de color fucsia y flores engamadas con el fondo.<\/strong><\/p>\n<p> Medida de 180&#215;55.<\/p>\n","protected":false},"featured_media":12472,"comment_status":"closed","ping_status":"closed","template":"","meta":{"_et_pb_use_builder":"","_et_pb_old_content":"","_et_gb_content_width":""},"product_brand":[],"product_cat":[174],"product_tag":[],"class_list":{"0":"post-11172","1":"product","2":"type-product","3":"status-publish","4":"has-post-thumbnail","6":"product_cat-fulards","8":"first","9":"instock","10":"purchasable","11":"product-type-simple"},"yoast_head":"<!-- This site is optimized with the Yoast SEO plugin v27.0 - https:\/\/yoast.com\/product\/yoast-seo-wordpress\/ -->\n<title>Pa\u00f1uelo de seda natural de flores fucsia - Art en Seda<\/title>\n<meta name=\"description\" content=\"Pa\u00f1uelo de seda natural de flores fucsia lleno de energ\u00eda y personalidad. Denota vitalidad y entusiasmo y un pellizco de glamur.\" \/>\n<meta name=\"robots\" content=\"index, follow, max-snippet:-1, max-image-preview:large, max-video-preview:-1\" \/>\n<link rel=\"canonical\" href=\"https:\/\/annaalbert.com\/es\/producto-es\/fular-seda-natural-flores-fucsia\/\" \/>\n<meta property=\"og:locale\" content=\"es_ES\" \/>\n<meta property=\"og:type\" content=\"article\" \/>\n<meta property=\"og:title\" content=\"Pa\u00f1uelo de seda natural de flores fucsia - Art en Seda\" \/>\n<meta property=\"og:description\" content=\"Pa\u00f1uelo de seda natural de flores fucsia lleno de energ\u00eda y personalidad. Denota vitalidad y entusiasmo y un pellizco de glamur.\" \/>\n<meta property=\"og:url\" content=\"https:\/\/annaalbert.com\/es\/producto-es\/fular-seda-natural-flores-fucsia\/\" \/>\n<meta property=\"og:site_name\" content=\"Art en Seda\" \/>\n<meta property=\"article:modified_time\" content=\"2025-12-09T14:22:53+00:00\" \/>\n<meta property=\"og:image\" content=\"https:\/\/annaalbert.com\/wp-content\/uploads\/2019\/03\/80-2.jpg\" \/>\n\t<meta property=\"og:image:width\" content=\"800\" \/>\n\t<meta property=\"og:image:height\" content=\"960\" \/>\n\t<meta property=\"og:image:type\" content=\"image\/jpeg\" \/>\n<meta name=\"twitter:card\" content=\"summary_large_image\" \/>\n<meta name=\"twitter:label1\" content=\"Tiempo de lectura\" \/>\n\t<meta name=\"twitter:data1\" content=\"1 minuto\" \/>\n<script type=\"application\/ld+json\" class=\"yoast-schema-graph\">{\"@context\":\"https:\/\/schema.org\",\"@graph\":[{\"@type\":\"WebPage\",\"@id\":\"https:\/\/annaalbert.com\/es\/producto-es\/fular-seda-natural-flores-fucsia\/\",\"url\":\"https:\/\/annaalbert.com\/es\/producto-es\/fular-seda-natural-flores-fucsia\/\",\"name\":\"Pa\u00f1uelo de seda natural de flores fucsia - Art en Seda\",\"isPartOf\":{\"@id\":\"https:\/\/annaalbert.com\/es\/#website\"},\"primaryImageOfPage\":{\"@id\":\"https:\/\/annaalbert.com\/es\/producto-es\/fular-seda-natural-flores-fucsia\/#primaryimage\"},\"image\":{\"@id\":\"https:\/\/annaalbert.com\/es\/producto-es\/fular-seda-natural-flores-fucsia\/#primaryimage\"},\"thumbnailUrl\":\"https:\/\/annaalbert.com\/wp-content\/uploads\/2019\/03\/80-2.jpg\",\"datePublished\":\"2019-03-21T17:51:37+00:00\",\"dateModified\":\"2025-12-09T14:22:53+00:00\",\"description\":\"Pa\u00f1uelo de seda natural de flores fucsia lleno de energ\u00eda y personalidad. Denota vitalidad y entusiasmo y un pellizco de glamur.\",\"breadcrumb\":{\"@id\":\"https:\/\/annaalbert.com\/es\/producto-es\/fular-seda-natural-flores-fucsia\/#breadcrumb\"},\"inLanguage\":\"es\",\"potentialAction\":[{\"@type\":\"ReadAction\",\"target\":[\"https:\/\/annaalbert.com\/es\/producto-es\/fular-seda-natural-flores-fucsia\/\"]}]},{\"@type\":\"ImageObject\",\"inLanguage\":\"es\",\"@id\":\"https:\/\/annaalbert.com\/es\/producto-es\/fular-seda-natural-flores-fucsia\/#primaryimage\",\"url\":\"https:\/\/annaalbert.com\/wp-content\/uploads\/2019\/03\/80-2.jpg\",\"contentUrl\":\"https:\/\/annaalbert.com\/wp-content\/uploads\/2019\/03\/80-2.jpg\",\"width\":800,\"height\":960,\"caption\":\"flors fucsia\"},{\"@type\":\"BreadcrumbList\",\"@id\":\"https:\/\/annaalbert.com\/es\/producto-es\/fular-seda-natural-flores-fucsia\/#breadcrumb\",\"itemListElement\":[{\"@type\":\"ListItem\",\"position\":1,\"name\":\"Portada\",\"item\":\"https:\/\/annaalbert.com\/es\/\"},{\"@type\":\"ListItem\",\"position\":2,\"name\":\"Tienda\",\"item\":\"https:\/\/annaalbert.com\/tienda\/\"},{\"@type\":\"ListItem\",\"position\":3,\"name\":\"PA\u00d1UELO DE SEDA NATURAL DE FLORES FUCSIA\"}]},{\"@type\":\"WebSite\",\"@id\":\"https:\/\/annaalbert.com\/es\/#website\",\"url\":\"https:\/\/annaalbert.com\/es\/\",\"name\":\"Art en Seda\",\"description\":\"Productos de seda pintada a mano, asi como cursos, talleres, experiencias por la artesana Anna Albert\",\"publisher\":{\"@id\":\"https:\/\/annaalbert.com\/es\/#organization\"},\"potentialAction\":[{\"@type\":\"SearchAction\",\"target\":{\"@type\":\"EntryPoint\",\"urlTemplate\":\"https:\/\/annaalbert.com\/es\/?s={search_term_string}\"},\"query-input\":{\"@type\":\"PropertyValueSpecification\",\"valueRequired\":true,\"valueName\":\"search_term_string\"}}],\"inLanguage\":\"es\"},{\"@type\":\"Organization\",\"@id\":\"https:\/\/annaalbert.com\/es\/#organization\",\"name\":\"Art en Seda by Anna Albert\",\"url\":\"https:\/\/annaalbert.com\/es\/\",\"logo\":{\"@type\":\"ImageObject\",\"inLanguage\":\"es\",\"@id\":\"https:\/\/annaalbert.com\/es\/#\/schema\/logo\/image\/\",\"url\":\"https:\/\/annaalbert.com\/wp-content\/uploads\/2021\/01\/horitzontal_fonsblanc-scaled.jpg\",\"contentUrl\":\"https:\/\/annaalbert.com\/wp-content\/uploads\/2021\/01\/horitzontal_fonsblanc-scaled.jpg\",\"width\":2560,\"height\":779,\"caption\":\"Art en Seda by Anna Albert\"},\"image\":{\"@id\":\"https:\/\/annaalbert.com\/es\/#\/schema\/logo\/image\/\"}}]}<\/script>\n<!-- \/ Yoast SEO plugin. -->","yoast_head_json":{"title":"Pa\u00f1uelo de seda natural de flores fucsia - Art en Seda","description":"Pa\u00f1uelo de seda natural de flores fucsia lleno de energ\u00eda y personalidad. Denota vitalidad y entusiasmo y un pellizco de glamur.","robots":{"index":"index","follow":"follow","max-snippet":"max-snippet:-1","max-image-preview":"max-image-preview:large","max-video-preview":"max-video-preview:-1"},"canonical":"https:\/\/annaalbert.com\/es\/producto-es\/fular-seda-natural-flores-fucsia\/","og_locale":"es_ES","og_type":"article","og_title":"Pa\u00f1uelo de seda natural de flores fucsia - Art en Seda","og_description":"Pa\u00f1uelo de seda natural de flores fucsia lleno de energ\u00eda y personalidad. Denota vitalidad y entusiasmo y un pellizco de glamur.","og_url":"https:\/\/annaalbert.com\/es\/producto-es\/fular-seda-natural-flores-fucsia\/","og_site_name":"Art en Seda","article_modified_time":"2025-12-09T14:22:53+00:00","og_image":[{"width":800,"height":960,"url":"https:\/\/annaalbert.com\/wp-content\/uploads\/2019\/03\/80-2.jpg","type":"image\/jpeg"}],"twitter_card":"summary_large_image","twitter_misc":{"Tiempo de lectura":"1 minuto"},"schema":{"@context":"https:\/\/schema.org","@graph":[{"@type":"WebPage","@id":"https:\/\/annaalbert.com\/es\/producto-es\/fular-seda-natural-flores-fucsia\/","url":"https:\/\/annaalbert.com\/es\/producto-es\/fular-seda-natural-flores-fucsia\/","name":"Pa\u00f1uelo de seda natural de flores fucsia - Art en Seda","isPartOf":{"@id":"https:\/\/annaalbert.com\/es\/#website"},"primaryImageOfPage":{"@id":"https:\/\/annaalbert.com\/es\/producto-es\/fular-seda-natural-flores-fucsia\/#primaryimage"},"image":{"@id":"https:\/\/annaalbert.com\/es\/producto-es\/fular-seda-natural-flores-fucsia\/#primaryimage"},"thumbnailUrl":"https:\/\/annaalbert.com\/wp-content\/uploads\/2019\/03\/80-2.jpg","datePublished":"2019-03-21T17:51:37+00:00","dateModified":"2025-12-09T14:22:53+00:00","description":"Pa\u00f1uelo de seda natural de flores fucsia lleno de energ\u00eda y personalidad. Denota vitalidad y entusiasmo y un pellizco de glamur.","breadcrumb":{"@id":"https:\/\/annaalbert.com\/es\/producto-es\/fular-seda-natural-flores-fucsia\/#breadcrumb"},"inLanguage":"es","potentialAction":[{"@type":"ReadAction","target":["https:\/\/annaalbert.com\/es\/producto-es\/fular-seda-natural-flores-fucsia\/"]}]},{"@type":"ImageObject","inLanguage":"es","@id":"https:\/\/annaalbert.com\/es\/producto-es\/fular-seda-natural-flores-fucsia\/#primaryimage","url":"https:\/\/annaalbert.com\/wp-content\/uploads\/2019\/03\/80-2.jpg","contentUrl":"https:\/\/annaalbert.com\/wp-content\/uploads\/2019\/03\/80-2.jpg","width":800,"height":960,"caption":"flors fucsia"},{"@type":"BreadcrumbList","@id":"https:\/\/annaalbert.com\/es\/producto-es\/fular-seda-natural-flores-fucsia\/#breadcrumb","itemListElement":[{"@type":"ListItem","position":1,"name":"Portada","item":"https:\/\/annaalbert.com\/es\/"},{"@type":"ListItem","position":2,"name":"Tienda","item":"https:\/\/annaalbert.com\/tienda\/"},{"@type":"ListItem","position":3,"name":"PA\u00d1UELO DE SEDA NATURAL DE FLORES FUCSIA"}]},{"@type":"WebSite","@id":"https:\/\/annaalbert.com\/es\/#website","url":"https:\/\/annaalbert.com\/es\/","name":"Art en Seda","description":"Productos de seda pintada a mano, asi como cursos, talleres, experiencias por la artesana Anna Albert","publisher":{"@id":"https:\/\/annaalbert.com\/es\/#organization"},"potentialAction":[{"@type":"SearchAction","target":{"@type":"EntryPoint","urlTemplate":"https:\/\/annaalbert.com\/es\/?s={search_term_string}"},"query-input":{"@type":"PropertyValueSpecification","valueRequired":true,"valueName":"search_term_string"}}],"inLanguage":"es"},{"@type":"Organization","@id":"https:\/\/annaalbert.com\/es\/#organization","name":"Art en Seda by Anna Albert","url":"https:\/\/annaalbert.com\/es\/","logo":{"@type":"ImageObject","inLanguage":"es","@id":"https:\/\/annaalbert.com\/es\/#\/schema\/logo\/image\/","url":"https:\/\/annaalbert.com\/wp-content\/uploads\/2021\/01\/horitzontal_fonsblanc-scaled.jpg","contentUrl":"https:\/\/annaalbert.com\/wp-content\/uploads\/2021\/01\/horitzontal_fonsblanc-scaled.jpg","width":2560,"height":779,"caption":"Art en Seda by Anna Albert"},"image":{"@id":"https:\/\/annaalbert.com\/es\/#\/schema\/logo\/image\/"}}]}},"_links":{"self":[{"href":"https:\/\/annaalbert.com\/es\/wp-json\/wp\/v2\/product\/11172","targetHints":{"allow":["GET"]}}],"collection":[{"href":"https:\/\/annaalbert.com\/es\/wp-json\/wp\/v2\/product"}],"about":[{"href":"https:\/\/annaalbert.com\/es\/wp-json\/wp\/v2\/types\/product"}],"replies":[{"embeddable":true,"href":"https:\/\/annaalbert.com\/es\/wp-json\/wp\/v2\/comments?post=11172"}],"wp:featuredmedia":[{"embeddable":true,"href":"https:\/\/annaalbert.com\/es\/wp-json\/wp\/v2\/media\/12472"}],"wp:attachment":[{"href":"https:\/\/annaalbert.com\/es\/wp-json\/wp\/v2\/media?parent=11172"}],"wp:term":[{"taxonomy":"product_brand","embeddable":true,"href":"https:\/\/annaalbert.com\/es\/wp-json\/wp\/v2\/product_brand?post=11172"},{"taxonomy":"product_cat","embeddable":true,"href":"https:\/\/annaalbert.com\/es\/wp-json\/wp\/v2\/product_cat?post=11172"},{"taxonomy":"product_tag","embeddable":true,"href":"https:\/\/annaalbert.com\/es\/wp-json\/wp\/v2\/product_tag?post=11172"}],"curies":[{"name":"wp","href":"https:\/\/api.w.org\/{rel}","templated":true}]}}