{"id":11168,"date":"2019-03-21T17:51:37","date_gmt":"2019-03-21T17:51:37","guid":{"rendered":"https:\/\/annaalbert.com\/producto\/chal-seda-natural-caracoles-moderno\/"},"modified":"2023-10-30T16:19:46","modified_gmt":"2023-10-30T16:19:46","slug":"chal-seda-natural-caracoles-moderno","status":"publish","type":"product","link":"https:\/\/annaalbert.com\/es\/producto-es\/chal-seda-natural-caracoles-moderno\/","title":{"rendered":"CHAL SEDA NATURAL CARACOLES MODERNO"},"content":{"rendered":"<p>Chal seda natural caracoles moderno.<\/p>\n<p>Este chal seda natural caracoles moderno tan espectacular lo he realizado con una seda que tiene una excelente calidad. Adem\u00e1s, la calidad de la seda natural ofrece durabilidad y resistencia, asegurando que esta pieza perdure como una joya intemporal a lo largo del tiempo.<\/p>\n<p>Tiene cuerpo, pero con un punto de transparencia y, su textura y ca\u00edda, es realmente un lujo.<\/p>\n<p>Un dise\u00f1o que es un cl\u00e1sico en mi trayectoria. Inspirado en el modernismo, he estado pintando estos caracoles peque\u00f1os y m\u00e1s grandes con gran cuidado y dedicaci\u00f3n.<\/p>\n<p>Burdeos y granate dividen el fondo tambi\u00e9n pintado pincel.<\/p>\n<p>Colores que respiran elegancia, serenidad y una pizca de seducci\u00f3n.<\/p>\n<p>Sea que quieras destacar tu elegancia o simplemente a\u00f1adir un toque de color en tu d\u00eda a d\u00eda, nuestro fular de seda natural abstracto es la elecci\u00f3n perfecta. Deja que esta obra de arte te acompa\u00f1e y te permita expresar tu individualidad y estilo \u00fanico en cada movimiento y en cada ocasi\u00f3n. Este fular no solo es un complemento de moda, sino una expresi\u00f3n de tu aut\u00e9ntica esencia.. Con el abanico a conjunto combina a la perfecci\u00f3n. Clica aqu\u00ed si quieres ver el <a href=\"https:\/\/annaalbert.com\/producto\/ventall-seda-natural-cargols\/\">ABANICO LUJO MODERNISTA<\/a><\/p>\n<p>Este chal tiene el privilegio de que la perfumista Esperan\u00e7a Cases, de la marca El Petit jard\u00ed, le haya dedicado un acuerdo de perfume, todo un lujo que completa esta obra.<\/p>\n","protected":false},"excerpt":{"rendered":"<p>Chal de seda satinada de georgette con caracoles modernistas.<\/p>\n<p>Medidas 180&#215;90.<\/p>\n","protected":false},"featured_media":11169,"comment_status":"closed","ping_status":"closed","template":"","meta":{"_et_pb_use_builder":"","_et_pb_old_content":"","_et_gb_content_width":""},"product_brand":[],"product_cat":[174],"product_tag":[],"class_list":{"0":"post-11168","1":"product","2":"type-product","3":"status-publish","4":"has-post-thumbnail","6":"product_cat-fulards","8":"first","9":"outofstock","10":"purchasable","11":"product-type-simple"},"yoast_head":"<!-- This site is optimized with the Yoast SEO plugin v27.0 - https:\/\/yoast.com\/product\/yoast-seo-wordpress\/ -->\n<title>Chal seda natural caracoles moderno - Art en Seda<\/title>\n<meta name=\"description\" content=\"Chal seda natural caracoles moderno de colores que respiran elegancia, serenidad y un pellizco de seducci\u00f3n. Dise\u00f1ado para mostrar en una ocasi\u00f3n especial.\" \/>\n<meta name=\"robots\" content=\"index, follow, max-snippet:-1, max-image-preview:large, max-video-preview:-1\" \/>\n<link rel=\"canonical\" href=\"https:\/\/annaalbert.com\/es\/producto-es\/chal-seda-natural-caracoles-moderno\/\" \/>\n<meta property=\"og:locale\" content=\"es_ES\" \/>\n<meta property=\"og:type\" content=\"article\" \/>\n<meta property=\"og:title\" content=\"Chal seda natural caracoles moderno - Art en Seda\" \/>\n<meta property=\"og:description\" content=\"Chal seda natural caracoles moderno de colores que respiran elegancia, serenidad y un pellizco de seducci\u00f3n. Dise\u00f1ado para mostrar en una ocasi\u00f3n especial.\" \/>\n<meta property=\"og:url\" content=\"https:\/\/annaalbert.com\/es\/producto-es\/chal-seda-natural-caracoles-moderno\/\" \/>\n<meta property=\"og:site_name\" content=\"Art en Seda\" \/>\n<meta property=\"article:modified_time\" content=\"2023-10-30T16:19:46+00:00\" \/>\n<meta property=\"og:image\" content=\"https:\/\/annaalbert.com\/wp-content\/uploads\/2019\/03\/xal-luxe-modernista-3.jpg\" \/>\n\t<meta property=\"og:image:width\" content=\"800\" \/>\n\t<meta property=\"og:image:height\" content=\"960\" \/>\n\t<meta property=\"og:image:type\" content=\"image\/jpeg\" \/>\n<meta name=\"twitter:card\" content=\"summary_large_image\" \/>\n<meta name=\"twitter:label1\" content=\"Tiempo de lectura\" \/>\n\t<meta name=\"twitter:data1\" content=\"1 minuto\" \/>\n<script type=\"application\/ld+json\" class=\"yoast-schema-graph\">{\"@context\":\"https:\/\/schema.org\",\"@graph\":[{\"@type\":\"WebPage\",\"@id\":\"https:\/\/annaalbert.com\/es\/producto-es\/chal-seda-natural-caracoles-moderno\/\",\"url\":\"https:\/\/annaalbert.com\/es\/producto-es\/chal-seda-natural-caracoles-moderno\/\",\"name\":\"Chal seda natural caracoles moderno - Art en Seda\",\"isPartOf\":{\"@id\":\"https:\/\/annaalbert.com\/es\/#website\"},\"primaryImageOfPage\":{\"@id\":\"https:\/\/annaalbert.com\/es\/producto-es\/chal-seda-natural-caracoles-moderno\/#primaryimage\"},\"image\":{\"@id\":\"https:\/\/annaalbert.com\/es\/producto-es\/chal-seda-natural-caracoles-moderno\/#primaryimage\"},\"thumbnailUrl\":\"https:\/\/annaalbert.com\/wp-content\/uploads\/2019\/03\/xal-luxe-modernista-3.jpg\",\"datePublished\":\"2019-03-21T17:51:37+00:00\",\"dateModified\":\"2023-10-30T16:19:46+00:00\",\"description\":\"Chal seda natural caracoles moderno de colores que respiran elegancia, serenidad y un pellizco de seducci\u00f3n. Dise\u00f1ado para mostrar en una ocasi\u00f3n especial.\",\"breadcrumb\":{\"@id\":\"https:\/\/annaalbert.com\/es\/producto-es\/chal-seda-natural-caracoles-moderno\/#breadcrumb\"},\"inLanguage\":\"es\",\"potentialAction\":[{\"@type\":\"ReadAction\",\"target\":[\"https:\/\/annaalbert.com\/es\/producto-es\/chal-seda-natural-caracoles-moderno\/\"]}]},{\"@type\":\"ImageObject\",\"inLanguage\":\"es\",\"@id\":\"https:\/\/annaalbert.com\/es\/producto-es\/chal-seda-natural-caracoles-moderno\/#primaryimage\",\"url\":\"https:\/\/annaalbert.com\/wp-content\/uploads\/2019\/03\/xal-luxe-modernista-3.jpg\",\"contentUrl\":\"https:\/\/annaalbert.com\/wp-content\/uploads\/2019\/03\/xal-luxe-modernista-3.jpg\",\"width\":800,\"height\":960,\"caption\":\"xal seda natural cargols modern\"},{\"@type\":\"BreadcrumbList\",\"@id\":\"https:\/\/annaalbert.com\/es\/producto-es\/chal-seda-natural-caracoles-moderno\/#breadcrumb\",\"itemListElement\":[{\"@type\":\"ListItem\",\"position\":1,\"name\":\"Portada\",\"item\":\"https:\/\/annaalbert.com\/es\/\"},{\"@type\":\"ListItem\",\"position\":2,\"name\":\"Tienda\",\"item\":\"https:\/\/annaalbert.com\/tienda\/\"},{\"@type\":\"ListItem\",\"position\":3,\"name\":\"CHAL SEDA NATURAL CARACOLES MODERNO\"}]},{\"@type\":\"WebSite\",\"@id\":\"https:\/\/annaalbert.com\/es\/#website\",\"url\":\"https:\/\/annaalbert.com\/es\/\",\"name\":\"Art en Seda\",\"description\":\"Productos de seda pintada a mano, asi como cursos, talleres, experiencias por la artesana Anna Albert\",\"publisher\":{\"@id\":\"https:\/\/annaalbert.com\/es\/#organization\"},\"potentialAction\":[{\"@type\":\"SearchAction\",\"target\":{\"@type\":\"EntryPoint\",\"urlTemplate\":\"https:\/\/annaalbert.com\/es\/?s={search_term_string}\"},\"query-input\":{\"@type\":\"PropertyValueSpecification\",\"valueRequired\":true,\"valueName\":\"search_term_string\"}}],\"inLanguage\":\"es\"},{\"@type\":\"Organization\",\"@id\":\"https:\/\/annaalbert.com\/es\/#organization\",\"name\":\"Art en Seda by Anna Albert\",\"url\":\"https:\/\/annaalbert.com\/es\/\",\"logo\":{\"@type\":\"ImageObject\",\"inLanguage\":\"es\",\"@id\":\"https:\/\/annaalbert.com\/es\/#\/schema\/logo\/image\/\",\"url\":\"https:\/\/annaalbert.com\/wp-content\/uploads\/2021\/01\/horitzontal_fonsblanc-scaled.jpg\",\"contentUrl\":\"https:\/\/annaalbert.com\/wp-content\/uploads\/2021\/01\/horitzontal_fonsblanc-scaled.jpg\",\"width\":2560,\"height\":779,\"caption\":\"Art en Seda by Anna Albert\"},\"image\":{\"@id\":\"https:\/\/annaalbert.com\/es\/#\/schema\/logo\/image\/\"}}]}<\/script>\n<!-- \/ Yoast SEO plugin. -->","yoast_head_json":{"title":"Chal seda natural caracoles moderno - Art en Seda","description":"Chal seda natural caracoles moderno de colores que respiran elegancia, serenidad y un pellizco de seducci\u00f3n. Dise\u00f1ado para mostrar en una ocasi\u00f3n especial.","robots":{"index":"index","follow":"follow","max-snippet":"max-snippet:-1","max-image-preview":"max-image-preview:large","max-video-preview":"max-video-preview:-1"},"canonical":"https:\/\/annaalbert.com\/es\/producto-es\/chal-seda-natural-caracoles-moderno\/","og_locale":"es_ES","og_type":"article","og_title":"Chal seda natural caracoles moderno - Art en Seda","og_description":"Chal seda natural caracoles moderno de colores que respiran elegancia, serenidad y un pellizco de seducci\u00f3n. Dise\u00f1ado para mostrar en una ocasi\u00f3n especial.","og_url":"https:\/\/annaalbert.com\/es\/producto-es\/chal-seda-natural-caracoles-moderno\/","og_site_name":"Art en Seda","article_modified_time":"2023-10-30T16:19:46+00:00","og_image":[{"width":800,"height":960,"url":"https:\/\/annaalbert.com\/wp-content\/uploads\/2019\/03\/xal-luxe-modernista-3.jpg","type":"image\/jpeg"}],"twitter_card":"summary_large_image","twitter_misc":{"Tiempo de lectura":"1 minuto"},"schema":{"@context":"https:\/\/schema.org","@graph":[{"@type":"WebPage","@id":"https:\/\/annaalbert.com\/es\/producto-es\/chal-seda-natural-caracoles-moderno\/","url":"https:\/\/annaalbert.com\/es\/producto-es\/chal-seda-natural-caracoles-moderno\/","name":"Chal seda natural caracoles moderno - Art en Seda","isPartOf":{"@id":"https:\/\/annaalbert.com\/es\/#website"},"primaryImageOfPage":{"@id":"https:\/\/annaalbert.com\/es\/producto-es\/chal-seda-natural-caracoles-moderno\/#primaryimage"},"image":{"@id":"https:\/\/annaalbert.com\/es\/producto-es\/chal-seda-natural-caracoles-moderno\/#primaryimage"},"thumbnailUrl":"https:\/\/annaalbert.com\/wp-content\/uploads\/2019\/03\/xal-luxe-modernista-3.jpg","datePublished":"2019-03-21T17:51:37+00:00","dateModified":"2023-10-30T16:19:46+00:00","description":"Chal seda natural caracoles moderno de colores que respiran elegancia, serenidad y un pellizco de seducci\u00f3n. Dise\u00f1ado para mostrar en una ocasi\u00f3n especial.","breadcrumb":{"@id":"https:\/\/annaalbert.com\/es\/producto-es\/chal-seda-natural-caracoles-moderno\/#breadcrumb"},"inLanguage":"es","potentialAction":[{"@type":"ReadAction","target":["https:\/\/annaalbert.com\/es\/producto-es\/chal-seda-natural-caracoles-moderno\/"]}]},{"@type":"ImageObject","inLanguage":"es","@id":"https:\/\/annaalbert.com\/es\/producto-es\/chal-seda-natural-caracoles-moderno\/#primaryimage","url":"https:\/\/annaalbert.com\/wp-content\/uploads\/2019\/03\/xal-luxe-modernista-3.jpg","contentUrl":"https:\/\/annaalbert.com\/wp-content\/uploads\/2019\/03\/xal-luxe-modernista-3.jpg","width":800,"height":960,"caption":"xal seda natural cargols modern"},{"@type":"BreadcrumbList","@id":"https:\/\/annaalbert.com\/es\/producto-es\/chal-seda-natural-caracoles-moderno\/#breadcrumb","itemListElement":[{"@type":"ListItem","position":1,"name":"Portada","item":"https:\/\/annaalbert.com\/es\/"},{"@type":"ListItem","position":2,"name":"Tienda","item":"https:\/\/annaalbert.com\/tienda\/"},{"@type":"ListItem","position":3,"name":"CHAL SEDA NATURAL CARACOLES MODERNO"}]},{"@type":"WebSite","@id":"https:\/\/annaalbert.com\/es\/#website","url":"https:\/\/annaalbert.com\/es\/","name":"Art en Seda","description":"Productos de seda pintada a mano, asi como cursos, talleres, experiencias por la artesana Anna Albert","publisher":{"@id":"https:\/\/annaalbert.com\/es\/#organization"},"potentialAction":[{"@type":"SearchAction","target":{"@type":"EntryPoint","urlTemplate":"https:\/\/annaalbert.com\/es\/?s={search_term_string}"},"query-input":{"@type":"PropertyValueSpecification","valueRequired":true,"valueName":"search_term_string"}}],"inLanguage":"es"},{"@type":"Organization","@id":"https:\/\/annaalbert.com\/es\/#organization","name":"Art en Seda by Anna Albert","url":"https:\/\/annaalbert.com\/es\/","logo":{"@type":"ImageObject","inLanguage":"es","@id":"https:\/\/annaalbert.com\/es\/#\/schema\/logo\/image\/","url":"https:\/\/annaalbert.com\/wp-content\/uploads\/2021\/01\/horitzontal_fonsblanc-scaled.jpg","contentUrl":"https:\/\/annaalbert.com\/wp-content\/uploads\/2021\/01\/horitzontal_fonsblanc-scaled.jpg","width":2560,"height":779,"caption":"Art en Seda by Anna Albert"},"image":{"@id":"https:\/\/annaalbert.com\/es\/#\/schema\/logo\/image\/"}}]}},"_links":{"self":[{"href":"https:\/\/annaalbert.com\/es\/wp-json\/wp\/v2\/product\/11168","targetHints":{"allow":["GET"]}}],"collection":[{"href":"https:\/\/annaalbert.com\/es\/wp-json\/wp\/v2\/product"}],"about":[{"href":"https:\/\/annaalbert.com\/es\/wp-json\/wp\/v2\/types\/product"}],"replies":[{"embeddable":true,"href":"https:\/\/annaalbert.com\/es\/wp-json\/wp\/v2\/comments?post=11168"}],"wp:featuredmedia":[{"embeddable":true,"href":"https:\/\/annaalbert.com\/es\/wp-json\/wp\/v2\/media\/11169"}],"wp:attachment":[{"href":"https:\/\/annaalbert.com\/es\/wp-json\/wp\/v2\/media?parent=11168"}],"wp:term":[{"taxonomy":"product_brand","embeddable":true,"href":"https:\/\/annaalbert.com\/es\/wp-json\/wp\/v2\/product_brand?post=11168"},{"taxonomy":"product_cat","embeddable":true,"href":"https:\/\/annaalbert.com\/es\/wp-json\/wp\/v2\/product_cat?post=11168"},{"taxonomy":"product_tag","embeddable":true,"href":"https:\/\/annaalbert.com\/es\/wp-json\/wp\/v2\/product_tag?post=11168"}],"curies":[{"name":"wp","href":"https:\/\/api.w.org\/{rel}","templated":true}]}}