{"id":11158,"date":"2019-03-21T17:51:37","date_gmt":"2019-03-21T17:51:37","guid":{"rendered":"https:\/\/annaalbert.com\/producto\/fular-seda-natural-sagrada-familia\/"},"modified":"2025-10-17T13:07:55","modified_gmt":"2025-10-17T13:07:55","slug":"fular-seda-natural-sagrada-familia","status":"publish","type":"product","link":"https:\/\/annaalbert.com\/es\/producto-es\/fular-seda-natural-sagrada-familia\/","title":{"rendered":"PA\u00d1UELO DE SEDA NATURAL SAGRADA FAMILIA"},"content":{"rendered":"<p>Pa\u00f1uelo de seda natural Sagrada Familia. Formas de caracol tan t\u00edpicas de la arquitectura modernista de Gaud\u00ed. Concretamente las escalas de caracol de la <strong>Sagrada Familia de Barcelona<\/strong>. Formas de espiral donde se entrev\u00e9n los pelda\u00f1os pintados de diferentes colores y que se armonizan unos con los otros dando sentido al conjunto.<\/p>\n<p>En primer lugar, el fular ha sido confeccionado con seda natural de la m\u00e1s alta calidad, este fular es mucho m\u00e1s que una simple prenda de ropa; es una expresi\u00f3n de la riqueza cultural y art\u00edstica de la ciudad.<\/p>\n<p>Este dise\u00f1o es muy personal y un cl\u00e1sico dentro de mi obra. Medidas de 150x45cm.<\/p>\n<p>En segundo lugar, el fular es sutil, ligero y suave, muy intemporal y bastante neutro por todas las edades. Con una medida perfecta para m\u00faltiples estilos de vestir, este fular de seda es vers\u00e1til y elegante. Ya sea como accesorios para el d\u00eda a d\u00eda o para acontecimientos especiales, aporta un toque de sofisticaci\u00f3n a cualquier conjunto.<\/p>\n<p>En \u00faltimo lugar, el fondo blanco contrasta con los colores que hay a ambos lados del pa\u00f1uelo.<\/p>\n<p>Este pa\u00f1uelo de seda natural Sagrada Familia se puede combinar con el <strong>abanico<\/strong> <a href=\"https:\/\/annaalbert.com\/producto\/ventall-seda-natural-sagrada-famlia\/\">SAGRADA FAMILIA<\/a><\/p>\n<p>Lo he presentado en varias ocasiones plegado como flor de seda, lo cual resulta muy espectacular. Ya sea como regalo o para un uso personal, esta pieza excepcional es un recuerdo constante de la grandeza art\u00edstica que se encuentra en la ciudad.<\/p>\n","protected":false},"excerpt":{"rendered":"<p>Fular de seda muselina de 150&#215;45 con caracoles modernistas.<\/p>\n","protected":false},"featured_media":11159,"comment_status":"closed","ping_status":"closed","template":"","meta":{"_et_pb_use_builder":"","_et_pb_old_content":"","_et_gb_content_width":""},"product_brand":[],"product_cat":[174],"product_tag":[457,456,455],"class_list":{"0":"post-11158","1":"product","2":"type-product","3":"status-publish","4":"has-post-thumbnail","6":"product_cat-fulards","7":"product_tag-arquitectura-modernista-es","8":"product_tag-escalas-de-caracol","9":"product_tag-sagrada-familia-es","11":"first","12":"instock","13":"purchasable","14":"product-type-simple"},"yoast_head":"<!-- This site is optimized with the Yoast SEO plugin v27.0 - https:\/\/yoast.com\/product\/yoast-seo-wordpress\/ -->\n<title>Pa\u00f1uelo de seda natural Sagrada Familia - Art en Seda<\/title>\n<meta name=\"description\" content=\"Pa\u00f1uelo de seda natural Sagrada Familia, inspirado en las escalas de caracol de la Sagrada Familia de Barcelona. Para todas las edades y ocasiones.\" \/>\n<meta name=\"robots\" content=\"index, follow, max-snippet:-1, max-image-preview:large, max-video-preview:-1\" \/>\n<link rel=\"canonical\" href=\"https:\/\/annaalbert.com\/es\/producto-es\/fular-seda-natural-sagrada-familia\/\" \/>\n<meta property=\"og:locale\" content=\"es_ES\" \/>\n<meta property=\"og:type\" content=\"article\" \/>\n<meta property=\"og:title\" content=\"Pa\u00f1uelo de seda natural Sagrada Familia - Art en Seda\" \/>\n<meta property=\"og:description\" content=\"Pa\u00f1uelo de seda natural Sagrada Familia, inspirado en las escalas de caracol de la Sagrada Familia de Barcelona. Para todas las edades y ocasiones.\" \/>\n<meta property=\"og:url\" content=\"https:\/\/annaalbert.com\/es\/producto-es\/fular-seda-natural-sagrada-familia\/\" \/>\n<meta property=\"og:site_name\" content=\"Art en Seda\" \/>\n<meta property=\"article:modified_time\" content=\"2025-10-17T13:07:55+00:00\" \/>\n<meta property=\"og:image\" content=\"https:\/\/annaalbert.com\/wp-content\/uploads\/2019\/03\/2721.jpg\" \/>\n\t<meta property=\"og:image:width\" content=\"800\" \/>\n\t<meta property=\"og:image:height\" content=\"960\" \/>\n\t<meta property=\"og:image:type\" content=\"image\/jpeg\" \/>\n<meta name=\"twitter:card\" content=\"summary_large_image\" \/>\n<meta name=\"twitter:label1\" content=\"Tiempo de lectura\" \/>\n\t<meta name=\"twitter:data1\" content=\"1 minuto\" \/>\n<script type=\"application\/ld+json\" class=\"yoast-schema-graph\">{\"@context\":\"https:\/\/schema.org\",\"@graph\":[{\"@type\":\"WebPage\",\"@id\":\"https:\/\/annaalbert.com\/es\/producto-es\/fular-seda-natural-sagrada-familia\/\",\"url\":\"https:\/\/annaalbert.com\/es\/producto-es\/fular-seda-natural-sagrada-familia\/\",\"name\":\"Pa\u00f1uelo de seda natural Sagrada Familia - Art en Seda\",\"isPartOf\":{\"@id\":\"https:\/\/annaalbert.com\/es\/#website\"},\"primaryImageOfPage\":{\"@id\":\"https:\/\/annaalbert.com\/es\/producto-es\/fular-seda-natural-sagrada-familia\/#primaryimage\"},\"image\":{\"@id\":\"https:\/\/annaalbert.com\/es\/producto-es\/fular-seda-natural-sagrada-familia\/#primaryimage\"},\"thumbnailUrl\":\"https:\/\/annaalbert.com\/wp-content\/uploads\/2019\/03\/2721.jpg\",\"datePublished\":\"2019-03-21T17:51:37+00:00\",\"dateModified\":\"2025-10-17T13:07:55+00:00\",\"description\":\"Pa\u00f1uelo de seda natural Sagrada Familia, inspirado en las escalas de caracol de la Sagrada Familia de Barcelona. Para todas las edades y ocasiones.\",\"breadcrumb\":{\"@id\":\"https:\/\/annaalbert.com\/es\/producto-es\/fular-seda-natural-sagrada-familia\/#breadcrumb\"},\"inLanguage\":\"es\",\"potentialAction\":[{\"@type\":\"ReadAction\",\"target\":[\"https:\/\/annaalbert.com\/es\/producto-es\/fular-seda-natural-sagrada-familia\/\"]}]},{\"@type\":\"ImageObject\",\"inLanguage\":\"es\",\"@id\":\"https:\/\/annaalbert.com\/es\/producto-es\/fular-seda-natural-sagrada-familia\/#primaryimage\",\"url\":\"https:\/\/annaalbert.com\/wp-content\/uploads\/2019\/03\/2721.jpg\",\"contentUrl\":\"https:\/\/annaalbert.com\/wp-content\/uploads\/2019\/03\/2721.jpg\",\"width\":800,\"height\":960,\"caption\":\"fulard seda natural Sagrada Fam\u00edlia\"},{\"@type\":\"BreadcrumbList\",\"@id\":\"https:\/\/annaalbert.com\/es\/producto-es\/fular-seda-natural-sagrada-familia\/#breadcrumb\",\"itemListElement\":[{\"@type\":\"ListItem\",\"position\":1,\"name\":\"Portada\",\"item\":\"https:\/\/annaalbert.com\/es\/\"},{\"@type\":\"ListItem\",\"position\":2,\"name\":\"Tienda\",\"item\":\"https:\/\/annaalbert.com\/tienda\/\"},{\"@type\":\"ListItem\",\"position\":3,\"name\":\"PA\u00d1UELO DE SEDA NATURAL SAGRADA FAMILIA\"}]},{\"@type\":\"WebSite\",\"@id\":\"https:\/\/annaalbert.com\/es\/#website\",\"url\":\"https:\/\/annaalbert.com\/es\/\",\"name\":\"Art en Seda\",\"description\":\"Productos de seda pintada a mano, asi como cursos, talleres, experiencias por la artesana Anna Albert\",\"publisher\":{\"@id\":\"https:\/\/annaalbert.com\/es\/#organization\"},\"potentialAction\":[{\"@type\":\"SearchAction\",\"target\":{\"@type\":\"EntryPoint\",\"urlTemplate\":\"https:\/\/annaalbert.com\/es\/?s={search_term_string}\"},\"query-input\":{\"@type\":\"PropertyValueSpecification\",\"valueRequired\":true,\"valueName\":\"search_term_string\"}}],\"inLanguage\":\"es\"},{\"@type\":\"Organization\",\"@id\":\"https:\/\/annaalbert.com\/es\/#organization\",\"name\":\"Art en Seda by Anna Albert\",\"url\":\"https:\/\/annaalbert.com\/es\/\",\"logo\":{\"@type\":\"ImageObject\",\"inLanguage\":\"es\",\"@id\":\"https:\/\/annaalbert.com\/es\/#\/schema\/logo\/image\/\",\"url\":\"https:\/\/annaalbert.com\/wp-content\/uploads\/2021\/01\/horitzontal_fonsblanc-scaled.jpg\",\"contentUrl\":\"https:\/\/annaalbert.com\/wp-content\/uploads\/2021\/01\/horitzontal_fonsblanc-scaled.jpg\",\"width\":2560,\"height\":779,\"caption\":\"Art en Seda by Anna Albert\"},\"image\":{\"@id\":\"https:\/\/annaalbert.com\/es\/#\/schema\/logo\/image\/\"}}]}<\/script>\n<!-- \/ Yoast SEO plugin. -->","yoast_head_json":{"title":"Pa\u00f1uelo de seda natural Sagrada Familia - Art en Seda","description":"Pa\u00f1uelo de seda natural Sagrada Familia, inspirado en las escalas de caracol de la Sagrada Familia de Barcelona. Para todas las edades y ocasiones.","robots":{"index":"index","follow":"follow","max-snippet":"max-snippet:-1","max-image-preview":"max-image-preview:large","max-video-preview":"max-video-preview:-1"},"canonical":"https:\/\/annaalbert.com\/es\/producto-es\/fular-seda-natural-sagrada-familia\/","og_locale":"es_ES","og_type":"article","og_title":"Pa\u00f1uelo de seda natural Sagrada Familia - Art en Seda","og_description":"Pa\u00f1uelo de seda natural Sagrada Familia, inspirado en las escalas de caracol de la Sagrada Familia de Barcelona. Para todas las edades y ocasiones.","og_url":"https:\/\/annaalbert.com\/es\/producto-es\/fular-seda-natural-sagrada-familia\/","og_site_name":"Art en Seda","article_modified_time":"2025-10-17T13:07:55+00:00","og_image":[{"width":800,"height":960,"url":"https:\/\/annaalbert.com\/wp-content\/uploads\/2019\/03\/2721.jpg","type":"image\/jpeg"}],"twitter_card":"summary_large_image","twitter_misc":{"Tiempo de lectura":"1 minuto"},"schema":{"@context":"https:\/\/schema.org","@graph":[{"@type":"WebPage","@id":"https:\/\/annaalbert.com\/es\/producto-es\/fular-seda-natural-sagrada-familia\/","url":"https:\/\/annaalbert.com\/es\/producto-es\/fular-seda-natural-sagrada-familia\/","name":"Pa\u00f1uelo de seda natural Sagrada Familia - Art en Seda","isPartOf":{"@id":"https:\/\/annaalbert.com\/es\/#website"},"primaryImageOfPage":{"@id":"https:\/\/annaalbert.com\/es\/producto-es\/fular-seda-natural-sagrada-familia\/#primaryimage"},"image":{"@id":"https:\/\/annaalbert.com\/es\/producto-es\/fular-seda-natural-sagrada-familia\/#primaryimage"},"thumbnailUrl":"https:\/\/annaalbert.com\/wp-content\/uploads\/2019\/03\/2721.jpg","datePublished":"2019-03-21T17:51:37+00:00","dateModified":"2025-10-17T13:07:55+00:00","description":"Pa\u00f1uelo de seda natural Sagrada Familia, inspirado en las escalas de caracol de la Sagrada Familia de Barcelona. Para todas las edades y ocasiones.","breadcrumb":{"@id":"https:\/\/annaalbert.com\/es\/producto-es\/fular-seda-natural-sagrada-familia\/#breadcrumb"},"inLanguage":"es","potentialAction":[{"@type":"ReadAction","target":["https:\/\/annaalbert.com\/es\/producto-es\/fular-seda-natural-sagrada-familia\/"]}]},{"@type":"ImageObject","inLanguage":"es","@id":"https:\/\/annaalbert.com\/es\/producto-es\/fular-seda-natural-sagrada-familia\/#primaryimage","url":"https:\/\/annaalbert.com\/wp-content\/uploads\/2019\/03\/2721.jpg","contentUrl":"https:\/\/annaalbert.com\/wp-content\/uploads\/2019\/03\/2721.jpg","width":800,"height":960,"caption":"fulard seda natural Sagrada Fam\u00edlia"},{"@type":"BreadcrumbList","@id":"https:\/\/annaalbert.com\/es\/producto-es\/fular-seda-natural-sagrada-familia\/#breadcrumb","itemListElement":[{"@type":"ListItem","position":1,"name":"Portada","item":"https:\/\/annaalbert.com\/es\/"},{"@type":"ListItem","position":2,"name":"Tienda","item":"https:\/\/annaalbert.com\/tienda\/"},{"@type":"ListItem","position":3,"name":"PA\u00d1UELO DE SEDA NATURAL SAGRADA FAMILIA"}]},{"@type":"WebSite","@id":"https:\/\/annaalbert.com\/es\/#website","url":"https:\/\/annaalbert.com\/es\/","name":"Art en Seda","description":"Productos de seda pintada a mano, asi como cursos, talleres, experiencias por la artesana Anna Albert","publisher":{"@id":"https:\/\/annaalbert.com\/es\/#organization"},"potentialAction":[{"@type":"SearchAction","target":{"@type":"EntryPoint","urlTemplate":"https:\/\/annaalbert.com\/es\/?s={search_term_string}"},"query-input":{"@type":"PropertyValueSpecification","valueRequired":true,"valueName":"search_term_string"}}],"inLanguage":"es"},{"@type":"Organization","@id":"https:\/\/annaalbert.com\/es\/#organization","name":"Art en Seda by Anna Albert","url":"https:\/\/annaalbert.com\/es\/","logo":{"@type":"ImageObject","inLanguage":"es","@id":"https:\/\/annaalbert.com\/es\/#\/schema\/logo\/image\/","url":"https:\/\/annaalbert.com\/wp-content\/uploads\/2021\/01\/horitzontal_fonsblanc-scaled.jpg","contentUrl":"https:\/\/annaalbert.com\/wp-content\/uploads\/2021\/01\/horitzontal_fonsblanc-scaled.jpg","width":2560,"height":779,"caption":"Art en Seda by Anna Albert"},"image":{"@id":"https:\/\/annaalbert.com\/es\/#\/schema\/logo\/image\/"}}]}},"_links":{"self":[{"href":"https:\/\/annaalbert.com\/es\/wp-json\/wp\/v2\/product\/11158","targetHints":{"allow":["GET"]}}],"collection":[{"href":"https:\/\/annaalbert.com\/es\/wp-json\/wp\/v2\/product"}],"about":[{"href":"https:\/\/annaalbert.com\/es\/wp-json\/wp\/v2\/types\/product"}],"replies":[{"embeddable":true,"href":"https:\/\/annaalbert.com\/es\/wp-json\/wp\/v2\/comments?post=11158"}],"wp:featuredmedia":[{"embeddable":true,"href":"https:\/\/annaalbert.com\/es\/wp-json\/wp\/v2\/media\/11159"}],"wp:attachment":[{"href":"https:\/\/annaalbert.com\/es\/wp-json\/wp\/v2\/media?parent=11158"}],"wp:term":[{"taxonomy":"product_brand","embeddable":true,"href":"https:\/\/annaalbert.com\/es\/wp-json\/wp\/v2\/product_brand?post=11158"},{"taxonomy":"product_cat","embeddable":true,"href":"https:\/\/annaalbert.com\/es\/wp-json\/wp\/v2\/product_cat?post=11158"},{"taxonomy":"product_tag","embeddable":true,"href":"https:\/\/annaalbert.com\/es\/wp-json\/wp\/v2\/product_tag?post=11158"}],"curies":[{"name":"wp","href":"https:\/\/api.w.org\/{rel}","templated":true}]}}