{"id":11150,"date":"2019-03-21T17:51:37","date_gmt":"2019-03-21T17:51:37","guid":{"rendered":"https:\/\/annaalbert.com\/producto\/fular-seda-natural-caracoles-negro\/"},"modified":"2026-02-14T10:24:35","modified_gmt":"2026-02-14T10:24:35","slug":"fular-seda-natural-caracoles-negro","status":"publish","type":"product","link":"https:\/\/annaalbert.com\/es\/producto-es\/fular-seda-natural-caracoles-negro\/","title":{"rendered":"PA\u00d1UELO DE SEDA NATURAL DE CARACOLES NEGRO"},"content":{"rendered":"<p>Pa\u00f1uelo de seda natural de caracoles negro con dise\u00f1o dorado. Caracoles de diferentes medidas dibujados con dorado.<\/p>\n<p>De medida generosa ideal para lucir una noche especial como complemento de cualquier traje. Para tu outfit de fiesta completa la elegancia y discreci\u00f3n de la mujer m\u00e1s exigente y fashion.<\/p>\n<p>Este pa\u00f1uelo de seda natural de caracoles negro se ha realizado con muselina, una seda suave y transparente que acaricia el cuerpo de quien lo desea. Es m\u00e1s, su confecci\u00f3n meticulosa revela detalles exquisitos que demuestran la artesan\u00eda y la atenci\u00f3n al por menor.<\/p>\n<p>Adem\u00e1s, su versatilidad transciende las estaciones. Durante los meses m\u00e1s c\u00e1lidos, este fular proporciona frescura sin renunciar a la elegancia. En invierno, se convierte en un escudo delicado contra el fr\u00edo, aportando una sensaci\u00f3n reconfortante a la piel.<\/p>\n<p>Despu\u00e9s, el color negro es un b\u00e1sico para todos los p\u00fablicos y un color obligado a cualquier fondo de armario. Evoca al misterio y siempre es elegante, convirtiendo el fular en un complemento vers\u00e1til para todas las ocasiones.<\/p>\n<p>Los caracoles de color oro se han hecho uno a un a mano y, el contraste del dorado le da el equilibrio y la subtilidad que lo caracteriza.<\/p>\n<p>Finalmente, el dise\u00f1o nace de sintetizar dos influencias que han te\u00f1ido mi trayectoria art\u00edstica: la obra de los contempor\u00e1neos Gustav Klimt y Antonio Gaud\u00ed.<\/p>\n<p>Este pa\u00f1uelo de seda natural negro con dise\u00f1o dorado puedes pedir que te lo personalice con un nombre o una frase para dedicar a la persona amada.<\/p>\n","protected":false},"excerpt":{"rendered":"<p>Pa\u00f1uelo de seda natural de caracoles negro con dise\u00f1o dorado. Caracoles de diferentes medidas dibujados con dorado. De medida generosa ideal para lucir una noche especial como complemento de cualquier traje. Para tu outfit de fiesta completa la elegancia y discreci\u00f3n de la mujer m\u00e1s exigente y fashion. Este pa\u00f1uelo de seda natural de caracoles [&hellip;]<\/p>\n","protected":false},"featured_media":4627,"comment_status":"closed","ping_status":"closed","template":"","meta":{"_et_pb_use_builder":"","_et_pb_old_content":"","_et_gb_content_width":""},"product_brand":[],"product_cat":[174],"product_tag":[],"class_list":{"0":"post-11150","1":"product","2":"type-product","3":"status-publish","4":"has-post-thumbnail","6":"product_cat-fulards","8":"first","9":"instock","10":"purchasable","11":"product-type-simple"},"yoast_head":"<!-- This site is optimized with the Yoast SEO plugin v27.0 - https:\/\/yoast.com\/product\/yoast-seo-wordpress\/ -->\n<title>Pa\u00f1uelo de seda natural de caracoles negro - Art en Seda<\/title>\n<meta name=\"description\" content=\"Pa\u00f1uelo de seda natural de caracoles negro pintado a mano, inspirado en el modernismo de Gaud\u00ed. Personalizable con un nombre o una frase para dedicarlo a alguien.\" \/>\n<meta name=\"robots\" content=\"index, follow, max-snippet:-1, max-image-preview:large, max-video-preview:-1\" \/>\n<link rel=\"canonical\" href=\"https:\/\/annaalbert.com\/es\/producto-es\/fular-seda-natural-caracoles-negro\/\" \/>\n<meta property=\"og:locale\" content=\"es_ES\" \/>\n<meta property=\"og:type\" content=\"article\" \/>\n<meta property=\"og:title\" content=\"Pa\u00f1uelo de seda natural de caracoles negro - Art en Seda\" \/>\n<meta property=\"og:description\" content=\"Pa\u00f1uelo de seda natural de caracoles negro pintado a mano, inspirado en el modernismo de Gaud\u00ed. Personalizable con un nombre o una frase para dedicarlo a alguien.\" \/>\n<meta property=\"og:url\" content=\"https:\/\/annaalbert.com\/es\/producto-es\/fular-seda-natural-caracoles-negro\/\" \/>\n<meta property=\"og:site_name\" content=\"Art en Seda\" \/>\n<meta property=\"article:modified_time\" content=\"2026-02-14T10:24:35+00:00\" \/>\n<meta property=\"og:image\" content=\"https:\/\/annaalbert.com\/wp-content\/uploads\/2019\/02\/320.jpg\" \/>\n\t<meta property=\"og:image:width\" content=\"800\" \/>\n\t<meta property=\"og:image:height\" content=\"960\" \/>\n\t<meta property=\"og:image:type\" content=\"image\/jpeg\" \/>\n<meta name=\"twitter:card\" content=\"summary_large_image\" \/>\n<meta name=\"twitter:label1\" content=\"Tiempo de lectura\" \/>\n\t<meta name=\"twitter:data1\" content=\"1 minuto\" \/>\n<script type=\"application\/ld+json\" class=\"yoast-schema-graph\">{\"@context\":\"https:\/\/schema.org\",\"@graph\":[{\"@type\":\"WebPage\",\"@id\":\"https:\/\/annaalbert.com\/es\/producto-es\/fular-seda-natural-caracoles-negro\/\",\"url\":\"https:\/\/annaalbert.com\/es\/producto-es\/fular-seda-natural-caracoles-negro\/\",\"name\":\"Pa\u00f1uelo de seda natural de caracoles negro - Art en Seda\",\"isPartOf\":{\"@id\":\"https:\/\/annaalbert.com\/es\/#website\"},\"primaryImageOfPage\":{\"@id\":\"https:\/\/annaalbert.com\/es\/producto-es\/fular-seda-natural-caracoles-negro\/#primaryimage\"},\"image\":{\"@id\":\"https:\/\/annaalbert.com\/es\/producto-es\/fular-seda-natural-caracoles-negro\/#primaryimage\"},\"thumbnailUrl\":\"https:\/\/annaalbert.com\/wp-content\/uploads\/2019\/02\/320.jpg\",\"datePublished\":\"2019-03-21T17:51:37+00:00\",\"dateModified\":\"2026-02-14T10:24:35+00:00\",\"description\":\"Pa\u00f1uelo de seda natural de caracoles negro pintado a mano, inspirado en el modernismo de Gaud\u00ed. Personalizable con un nombre o una frase para dedicarlo a alguien.\",\"breadcrumb\":{\"@id\":\"https:\/\/annaalbert.com\/es\/producto-es\/fular-seda-natural-caracoles-negro\/#breadcrumb\"},\"inLanguage\":\"es\",\"potentialAction\":[{\"@type\":\"ReadAction\",\"target\":[\"https:\/\/annaalbert.com\/es\/producto-es\/fular-seda-natural-caracoles-negro\/\"]}]},{\"@type\":\"ImageObject\",\"inLanguage\":\"es\",\"@id\":\"https:\/\/annaalbert.com\/es\/producto-es\/fular-seda-natural-caracoles-negro\/#primaryimage\",\"url\":\"https:\/\/annaalbert.com\/wp-content\/uploads\/2019\/02\/320.jpg\",\"contentUrl\":\"https:\/\/annaalbert.com\/wp-content\/uploads\/2019\/02\/320.jpg\",\"width\":800,\"height\":960,\"caption\":\"Fulard seda natural cargols negre\"},{\"@type\":\"BreadcrumbList\",\"@id\":\"https:\/\/annaalbert.com\/es\/producto-es\/fular-seda-natural-caracoles-negro\/#breadcrumb\",\"itemListElement\":[{\"@type\":\"ListItem\",\"position\":1,\"name\":\"Portada\",\"item\":\"https:\/\/annaalbert.com\/es\/\"},{\"@type\":\"ListItem\",\"position\":2,\"name\":\"Tienda\",\"item\":\"https:\/\/annaalbert.com\/tienda\/\"},{\"@type\":\"ListItem\",\"position\":3,\"name\":\"PA\u00d1UELO DE SEDA NATURAL DE CARACOLES NEGRO\"}]},{\"@type\":\"WebSite\",\"@id\":\"https:\/\/annaalbert.com\/es\/#website\",\"url\":\"https:\/\/annaalbert.com\/es\/\",\"name\":\"Art en Seda\",\"description\":\"Productos de seda pintada a mano, asi como cursos, talleres, experiencias por la artesana Anna Albert\",\"publisher\":{\"@id\":\"https:\/\/annaalbert.com\/es\/#organization\"},\"potentialAction\":[{\"@type\":\"SearchAction\",\"target\":{\"@type\":\"EntryPoint\",\"urlTemplate\":\"https:\/\/annaalbert.com\/es\/?s={search_term_string}\"},\"query-input\":{\"@type\":\"PropertyValueSpecification\",\"valueRequired\":true,\"valueName\":\"search_term_string\"}}],\"inLanguage\":\"es\"},{\"@type\":\"Organization\",\"@id\":\"https:\/\/annaalbert.com\/es\/#organization\",\"name\":\"Art en Seda by Anna Albert\",\"url\":\"https:\/\/annaalbert.com\/es\/\",\"logo\":{\"@type\":\"ImageObject\",\"inLanguage\":\"es\",\"@id\":\"https:\/\/annaalbert.com\/es\/#\/schema\/logo\/image\/\",\"url\":\"https:\/\/annaalbert.com\/wp-content\/uploads\/2021\/01\/horitzontal_fonsblanc-scaled.jpg\",\"contentUrl\":\"https:\/\/annaalbert.com\/wp-content\/uploads\/2021\/01\/horitzontal_fonsblanc-scaled.jpg\",\"width\":2560,\"height\":779,\"caption\":\"Art en Seda by Anna Albert\"},\"image\":{\"@id\":\"https:\/\/annaalbert.com\/es\/#\/schema\/logo\/image\/\"}}]}<\/script>\n<!-- \/ Yoast SEO plugin. -->","yoast_head_json":{"title":"Pa\u00f1uelo de seda natural de caracoles negro - Art en Seda","description":"Pa\u00f1uelo de seda natural de caracoles negro pintado a mano, inspirado en el modernismo de Gaud\u00ed. Personalizable con un nombre o una frase para dedicarlo a alguien.","robots":{"index":"index","follow":"follow","max-snippet":"max-snippet:-1","max-image-preview":"max-image-preview:large","max-video-preview":"max-video-preview:-1"},"canonical":"https:\/\/annaalbert.com\/es\/producto-es\/fular-seda-natural-caracoles-negro\/","og_locale":"es_ES","og_type":"article","og_title":"Pa\u00f1uelo de seda natural de caracoles negro - Art en Seda","og_description":"Pa\u00f1uelo de seda natural de caracoles negro pintado a mano, inspirado en el modernismo de Gaud\u00ed. Personalizable con un nombre o una frase para dedicarlo a alguien.","og_url":"https:\/\/annaalbert.com\/es\/producto-es\/fular-seda-natural-caracoles-negro\/","og_site_name":"Art en Seda","article_modified_time":"2026-02-14T10:24:35+00:00","og_image":[{"width":800,"height":960,"url":"https:\/\/annaalbert.com\/wp-content\/uploads\/2019\/02\/320.jpg","type":"image\/jpeg"}],"twitter_card":"summary_large_image","twitter_misc":{"Tiempo de lectura":"1 minuto"},"schema":{"@context":"https:\/\/schema.org","@graph":[{"@type":"WebPage","@id":"https:\/\/annaalbert.com\/es\/producto-es\/fular-seda-natural-caracoles-negro\/","url":"https:\/\/annaalbert.com\/es\/producto-es\/fular-seda-natural-caracoles-negro\/","name":"Pa\u00f1uelo de seda natural de caracoles negro - Art en Seda","isPartOf":{"@id":"https:\/\/annaalbert.com\/es\/#website"},"primaryImageOfPage":{"@id":"https:\/\/annaalbert.com\/es\/producto-es\/fular-seda-natural-caracoles-negro\/#primaryimage"},"image":{"@id":"https:\/\/annaalbert.com\/es\/producto-es\/fular-seda-natural-caracoles-negro\/#primaryimage"},"thumbnailUrl":"https:\/\/annaalbert.com\/wp-content\/uploads\/2019\/02\/320.jpg","datePublished":"2019-03-21T17:51:37+00:00","dateModified":"2026-02-14T10:24:35+00:00","description":"Pa\u00f1uelo de seda natural de caracoles negro pintado a mano, inspirado en el modernismo de Gaud\u00ed. Personalizable con un nombre o una frase para dedicarlo a alguien.","breadcrumb":{"@id":"https:\/\/annaalbert.com\/es\/producto-es\/fular-seda-natural-caracoles-negro\/#breadcrumb"},"inLanguage":"es","potentialAction":[{"@type":"ReadAction","target":["https:\/\/annaalbert.com\/es\/producto-es\/fular-seda-natural-caracoles-negro\/"]}]},{"@type":"ImageObject","inLanguage":"es","@id":"https:\/\/annaalbert.com\/es\/producto-es\/fular-seda-natural-caracoles-negro\/#primaryimage","url":"https:\/\/annaalbert.com\/wp-content\/uploads\/2019\/02\/320.jpg","contentUrl":"https:\/\/annaalbert.com\/wp-content\/uploads\/2019\/02\/320.jpg","width":800,"height":960,"caption":"Fulard seda natural cargols negre"},{"@type":"BreadcrumbList","@id":"https:\/\/annaalbert.com\/es\/producto-es\/fular-seda-natural-caracoles-negro\/#breadcrumb","itemListElement":[{"@type":"ListItem","position":1,"name":"Portada","item":"https:\/\/annaalbert.com\/es\/"},{"@type":"ListItem","position":2,"name":"Tienda","item":"https:\/\/annaalbert.com\/tienda\/"},{"@type":"ListItem","position":3,"name":"PA\u00d1UELO DE SEDA NATURAL DE CARACOLES NEGRO"}]},{"@type":"WebSite","@id":"https:\/\/annaalbert.com\/es\/#website","url":"https:\/\/annaalbert.com\/es\/","name":"Art en Seda","description":"Productos de seda pintada a mano, asi como cursos, talleres, experiencias por la artesana Anna Albert","publisher":{"@id":"https:\/\/annaalbert.com\/es\/#organization"},"potentialAction":[{"@type":"SearchAction","target":{"@type":"EntryPoint","urlTemplate":"https:\/\/annaalbert.com\/es\/?s={search_term_string}"},"query-input":{"@type":"PropertyValueSpecification","valueRequired":true,"valueName":"search_term_string"}}],"inLanguage":"es"},{"@type":"Organization","@id":"https:\/\/annaalbert.com\/es\/#organization","name":"Art en Seda by Anna Albert","url":"https:\/\/annaalbert.com\/es\/","logo":{"@type":"ImageObject","inLanguage":"es","@id":"https:\/\/annaalbert.com\/es\/#\/schema\/logo\/image\/","url":"https:\/\/annaalbert.com\/wp-content\/uploads\/2021\/01\/horitzontal_fonsblanc-scaled.jpg","contentUrl":"https:\/\/annaalbert.com\/wp-content\/uploads\/2021\/01\/horitzontal_fonsblanc-scaled.jpg","width":2560,"height":779,"caption":"Art en Seda by Anna Albert"},"image":{"@id":"https:\/\/annaalbert.com\/es\/#\/schema\/logo\/image\/"}}]}},"_links":{"self":[{"href":"https:\/\/annaalbert.com\/es\/wp-json\/wp\/v2\/product\/11150","targetHints":{"allow":["GET"]}}],"collection":[{"href":"https:\/\/annaalbert.com\/es\/wp-json\/wp\/v2\/product"}],"about":[{"href":"https:\/\/annaalbert.com\/es\/wp-json\/wp\/v2\/types\/product"}],"replies":[{"embeddable":true,"href":"https:\/\/annaalbert.com\/es\/wp-json\/wp\/v2\/comments?post=11150"}],"wp:featuredmedia":[{"embeddable":true,"href":"https:\/\/annaalbert.com\/es\/wp-json\/wp\/v2\/media\/4627"}],"wp:attachment":[{"href":"https:\/\/annaalbert.com\/es\/wp-json\/wp\/v2\/media?parent=11150"}],"wp:term":[{"taxonomy":"product_brand","embeddable":true,"href":"https:\/\/annaalbert.com\/es\/wp-json\/wp\/v2\/product_brand?post=11150"},{"taxonomy":"product_cat","embeddable":true,"href":"https:\/\/annaalbert.com\/es\/wp-json\/wp\/v2\/product_cat?post=11150"},{"taxonomy":"product_tag","embeddable":true,"href":"https:\/\/annaalbert.com\/es\/wp-json\/wp\/v2\/product_tag?post=11150"}],"curies":[{"name":"wp","href":"https:\/\/api.w.org\/{rel}","templated":true}]}}