{"id":11144,"date":"2019-03-21T17:52:01","date_gmt":"2019-03-21T17:52:01","guid":{"rendered":"https:\/\/annaalbert.com\/producto\/hazte-un-abanico\/"},"modified":"2023-10-30T14:36:29","modified_gmt":"2023-10-30T14:36:29","slug":"hazte-un-abanico","status":"publish","type":"product","link":"https:\/\/annaalbert.com\/es\/producto-es\/hazte-un-abanico\/","title":{"rendered":"HAZTE UN ABANICO"},"content":{"rendered":"<p>Este curso es una oportunidad excepcional para explorar el arte fascinante de trabajar con seda natural y crear un abanico \u00fanico y bello con tus propias manos. La seda, reconocida por su suavidad y elegancia, te invita a sumergirte en un mundo de colores vibrantes y texturas exquisitas.<\/p>\n<p>Durante esta experiencia, tendr\u00e1s la oportunidad de aprender a crear un abanico con detalles delicados y personalizados. Una experta artesana te ense\u00f1ar\u00e1 paso a paso todo el proceso de creaci\u00f3n de un abanico excepcional.<\/p>\n<p>Este curso no solo ofrece una inmersi\u00f3n en el arte de trabajar la seda, sino que tambi\u00e9n proporciona un espacio para tu creatividad y expresi\u00f3n personal. Podr\u00e1s experimentar con patrones, colores y dise\u00f1os para crear un abanico que refleje tu propia estil\u00edstica y gustos individuales.<\/p>\n<p>Adem\u00e1s, este curso es adecuado para personas de todos los niveles, desde los principiantes hasta los m\u00e1s experimentados. La combinaci\u00f3n de conocimientos te\u00f3ricos y pr\u00e1cticos te asegura una experiencia enriquecedora y satisfactoria. As\u00ed como la creaci\u00f3n de una obra de arte funcional con seda natural, que podr\u00e1s llevar con orgullo o incluso regalar como regalo \u00fanico y especial.<\/p>\n<p>\u00a1No dejes pasar esta oportunidad para descubrir el encanto de trabajar con seda y crear un abanico excepcional que cautivar\u00e1 la mirada de todo el mundo!<\/p>\n","protected":false},"excerpt":{"rendered":"<p>Este curso es una oportunidad excepcional para explorar el arte fascinante de trabajar con seda natural y crear un abanico \u00fanico y bello con tus propias manos. La seda, reconocida por su suavidad y elegancia, te invita a sumergirte en un mundo de colores vibrantes y texturas exquisitas. Durante esta experiencia, tendr\u00e1s la oportunidad de [&hellip;]<\/p>\n","protected":false},"featured_media":4133,"comment_status":"closed","ping_status":"closed","template":"","meta":{"_et_pb_use_builder":"","_et_pb_old_content":"","_et_gb_content_width":""},"product_brand":[],"product_cat":[189],"product_tag":[],"class_list":{"0":"post-11144","1":"product","2":"type-product","3":"status-publish","4":"has-post-thumbnail","6":"product_cat-talleresdiy","8":"first","9":"instock","10":"purchasable","11":"product-type-simple"},"yoast_head":"<!-- This site is optimized with the Yoast SEO plugin v27.0 - https:\/\/yoast.com\/product\/yoast-seo-wordpress\/ -->\n<title>HAZTE UN ABANICO - Art en Seda<\/title>\n<meta name=\"description\" content=\"\u00bfQuieres hacerte un abanico de seda natural, pero no sabes por donde empezar? \u00a1En este curso lo podr\u00e1s hacer! \u00a1Y no hace falta experiencia previa!\" \/>\n<meta name=\"robots\" content=\"index, follow, max-snippet:-1, max-image-preview:large, max-video-preview:-1\" \/>\n<link rel=\"canonical\" href=\"https:\/\/annaalbert.com\/es\/producto-es\/hazte-un-abanico\/\" \/>\n<meta property=\"og:locale\" content=\"es_ES\" \/>\n<meta property=\"og:type\" content=\"article\" \/>\n<meta property=\"og:title\" content=\"HAZTE UN ABANICO - Art en Seda\" \/>\n<meta property=\"og:description\" content=\"\u00bfQuieres hacerte un abanico de seda natural, pero no sabes por donde empezar? \u00a1En este curso lo podr\u00e1s hacer! \u00a1Y no hace falta experiencia previa!\" \/>\n<meta property=\"og:url\" content=\"https:\/\/annaalbert.com\/es\/producto-es\/hazte-un-abanico\/\" \/>\n<meta property=\"og:site_name\" content=\"Art en Seda\" \/>\n<meta property=\"article:modified_time\" content=\"2023-10-30T14:36:29+00:00\" \/>\n<meta property=\"og:image\" content=\"https:\/\/annaalbert.com\/wp-content\/uploads\/2019\/02\/18.jpg\" \/>\n\t<meta property=\"og:image:width\" content=\"870\" \/>\n\t<meta property=\"og:image:height\" content=\"588\" \/>\n\t<meta property=\"og:image:type\" content=\"image\/jpeg\" \/>\n<meta name=\"twitter:card\" content=\"summary_large_image\" \/>\n<meta name=\"twitter:label1\" content=\"Tiempo de lectura\" \/>\n\t<meta name=\"twitter:data1\" content=\"1 minuto\" \/>\n<script type=\"application\/ld+json\" class=\"yoast-schema-graph\">{\"@context\":\"https:\/\/schema.org\",\"@graph\":[{\"@type\":\"WebPage\",\"@id\":\"https:\/\/annaalbert.com\/es\/producto-es\/hazte-un-abanico\/\",\"url\":\"https:\/\/annaalbert.com\/es\/producto-es\/hazte-un-abanico\/\",\"name\":\"HAZTE UN ABANICO - Art en Seda\",\"isPartOf\":{\"@id\":\"https:\/\/annaalbert.com\/es\/#website\"},\"primaryImageOfPage\":{\"@id\":\"https:\/\/annaalbert.com\/es\/producto-es\/hazte-un-abanico\/#primaryimage\"},\"image\":{\"@id\":\"https:\/\/annaalbert.com\/es\/producto-es\/hazte-un-abanico\/#primaryimage\"},\"thumbnailUrl\":\"https:\/\/annaalbert.com\/wp-content\/uploads\/2019\/02\/18.jpg\",\"datePublished\":\"2019-03-21T17:52:01+00:00\",\"dateModified\":\"2023-10-30T14:36:29+00:00\",\"description\":\"\u00bfQuieres hacerte un abanico de seda natural, pero no sabes por donde empezar? \u00a1En este curso lo podr\u00e1s hacer! \u00a1Y no hace falta experiencia previa!\",\"breadcrumb\":{\"@id\":\"https:\/\/annaalbert.com\/es\/producto-es\/hazte-un-abanico\/#breadcrumb\"},\"inLanguage\":\"es\",\"potentialAction\":[{\"@type\":\"ReadAction\",\"target\":[\"https:\/\/annaalbert.com\/es\/producto-es\/hazte-un-abanico\/\"]}]},{\"@type\":\"ImageObject\",\"inLanguage\":\"es\",\"@id\":\"https:\/\/annaalbert.com\/es\/producto-es\/hazte-un-abanico\/#primaryimage\",\"url\":\"https:\/\/annaalbert.com\/wp-content\/uploads\/2019\/02\/18.jpg\",\"contentUrl\":\"https:\/\/annaalbert.com\/wp-content\/uploads\/2019\/02\/18.jpg\",\"width\":870,\"height\":588,\"caption\":\"ventall\"},{\"@type\":\"BreadcrumbList\",\"@id\":\"https:\/\/annaalbert.com\/es\/producto-es\/hazte-un-abanico\/#breadcrumb\",\"itemListElement\":[{\"@type\":\"ListItem\",\"position\":1,\"name\":\"Portada\",\"item\":\"https:\/\/annaalbert.com\/es\/\"},{\"@type\":\"ListItem\",\"position\":2,\"name\":\"Tienda\",\"item\":\"https:\/\/annaalbert.com\/tienda\/\"},{\"@type\":\"ListItem\",\"position\":3,\"name\":\"HAZTE UN ABANICO\"}]},{\"@type\":\"WebSite\",\"@id\":\"https:\/\/annaalbert.com\/es\/#website\",\"url\":\"https:\/\/annaalbert.com\/es\/\",\"name\":\"Art en Seda\",\"description\":\"Productos de seda pintada a mano, asi como cursos, talleres, experiencias por la artesana Anna Albert\",\"publisher\":{\"@id\":\"https:\/\/annaalbert.com\/es\/#organization\"},\"potentialAction\":[{\"@type\":\"SearchAction\",\"target\":{\"@type\":\"EntryPoint\",\"urlTemplate\":\"https:\/\/annaalbert.com\/es\/?s={search_term_string}\"},\"query-input\":{\"@type\":\"PropertyValueSpecification\",\"valueRequired\":true,\"valueName\":\"search_term_string\"}}],\"inLanguage\":\"es\"},{\"@type\":\"Organization\",\"@id\":\"https:\/\/annaalbert.com\/es\/#organization\",\"name\":\"Art en Seda by Anna Albert\",\"url\":\"https:\/\/annaalbert.com\/es\/\",\"logo\":{\"@type\":\"ImageObject\",\"inLanguage\":\"es\",\"@id\":\"https:\/\/annaalbert.com\/es\/#\/schema\/logo\/image\/\",\"url\":\"https:\/\/annaalbert.com\/wp-content\/uploads\/2021\/01\/horitzontal_fonsblanc-scaled.jpg\",\"contentUrl\":\"https:\/\/annaalbert.com\/wp-content\/uploads\/2021\/01\/horitzontal_fonsblanc-scaled.jpg\",\"width\":2560,\"height\":779,\"caption\":\"Art en Seda by Anna Albert\"},\"image\":{\"@id\":\"https:\/\/annaalbert.com\/es\/#\/schema\/logo\/image\/\"}}]}<\/script>\n<!-- \/ Yoast SEO plugin. -->","yoast_head_json":{"title":"HAZTE UN ABANICO - Art en Seda","description":"\u00bfQuieres hacerte un abanico de seda natural, pero no sabes por donde empezar? \u00a1En este curso lo podr\u00e1s hacer! \u00a1Y no hace falta experiencia previa!","robots":{"index":"index","follow":"follow","max-snippet":"max-snippet:-1","max-image-preview":"max-image-preview:large","max-video-preview":"max-video-preview:-1"},"canonical":"https:\/\/annaalbert.com\/es\/producto-es\/hazte-un-abanico\/","og_locale":"es_ES","og_type":"article","og_title":"HAZTE UN ABANICO - Art en Seda","og_description":"\u00bfQuieres hacerte un abanico de seda natural, pero no sabes por donde empezar? \u00a1En este curso lo podr\u00e1s hacer! \u00a1Y no hace falta experiencia previa!","og_url":"https:\/\/annaalbert.com\/es\/producto-es\/hazte-un-abanico\/","og_site_name":"Art en Seda","article_modified_time":"2023-10-30T14:36:29+00:00","og_image":[{"width":870,"height":588,"url":"https:\/\/annaalbert.com\/wp-content\/uploads\/2019\/02\/18.jpg","type":"image\/jpeg"}],"twitter_card":"summary_large_image","twitter_misc":{"Tiempo de lectura":"1 minuto"},"schema":{"@context":"https:\/\/schema.org","@graph":[{"@type":"WebPage","@id":"https:\/\/annaalbert.com\/es\/producto-es\/hazte-un-abanico\/","url":"https:\/\/annaalbert.com\/es\/producto-es\/hazte-un-abanico\/","name":"HAZTE UN ABANICO - Art en Seda","isPartOf":{"@id":"https:\/\/annaalbert.com\/es\/#website"},"primaryImageOfPage":{"@id":"https:\/\/annaalbert.com\/es\/producto-es\/hazte-un-abanico\/#primaryimage"},"image":{"@id":"https:\/\/annaalbert.com\/es\/producto-es\/hazte-un-abanico\/#primaryimage"},"thumbnailUrl":"https:\/\/annaalbert.com\/wp-content\/uploads\/2019\/02\/18.jpg","datePublished":"2019-03-21T17:52:01+00:00","dateModified":"2023-10-30T14:36:29+00:00","description":"\u00bfQuieres hacerte un abanico de seda natural, pero no sabes por donde empezar? \u00a1En este curso lo podr\u00e1s hacer! \u00a1Y no hace falta experiencia previa!","breadcrumb":{"@id":"https:\/\/annaalbert.com\/es\/producto-es\/hazte-un-abanico\/#breadcrumb"},"inLanguage":"es","potentialAction":[{"@type":"ReadAction","target":["https:\/\/annaalbert.com\/es\/producto-es\/hazte-un-abanico\/"]}]},{"@type":"ImageObject","inLanguage":"es","@id":"https:\/\/annaalbert.com\/es\/producto-es\/hazte-un-abanico\/#primaryimage","url":"https:\/\/annaalbert.com\/wp-content\/uploads\/2019\/02\/18.jpg","contentUrl":"https:\/\/annaalbert.com\/wp-content\/uploads\/2019\/02\/18.jpg","width":870,"height":588,"caption":"ventall"},{"@type":"BreadcrumbList","@id":"https:\/\/annaalbert.com\/es\/producto-es\/hazte-un-abanico\/#breadcrumb","itemListElement":[{"@type":"ListItem","position":1,"name":"Portada","item":"https:\/\/annaalbert.com\/es\/"},{"@type":"ListItem","position":2,"name":"Tienda","item":"https:\/\/annaalbert.com\/tienda\/"},{"@type":"ListItem","position":3,"name":"HAZTE UN ABANICO"}]},{"@type":"WebSite","@id":"https:\/\/annaalbert.com\/es\/#website","url":"https:\/\/annaalbert.com\/es\/","name":"Art en Seda","description":"Productos de seda pintada a mano, asi como cursos, talleres, experiencias por la artesana Anna Albert","publisher":{"@id":"https:\/\/annaalbert.com\/es\/#organization"},"potentialAction":[{"@type":"SearchAction","target":{"@type":"EntryPoint","urlTemplate":"https:\/\/annaalbert.com\/es\/?s={search_term_string}"},"query-input":{"@type":"PropertyValueSpecification","valueRequired":true,"valueName":"search_term_string"}}],"inLanguage":"es"},{"@type":"Organization","@id":"https:\/\/annaalbert.com\/es\/#organization","name":"Art en Seda by Anna Albert","url":"https:\/\/annaalbert.com\/es\/","logo":{"@type":"ImageObject","inLanguage":"es","@id":"https:\/\/annaalbert.com\/es\/#\/schema\/logo\/image\/","url":"https:\/\/annaalbert.com\/wp-content\/uploads\/2021\/01\/horitzontal_fonsblanc-scaled.jpg","contentUrl":"https:\/\/annaalbert.com\/wp-content\/uploads\/2021\/01\/horitzontal_fonsblanc-scaled.jpg","width":2560,"height":779,"caption":"Art en Seda by Anna Albert"},"image":{"@id":"https:\/\/annaalbert.com\/es\/#\/schema\/logo\/image\/"}}]}},"_links":{"self":[{"href":"https:\/\/annaalbert.com\/es\/wp-json\/wp\/v2\/product\/11144","targetHints":{"allow":["GET"]}}],"collection":[{"href":"https:\/\/annaalbert.com\/es\/wp-json\/wp\/v2\/product"}],"about":[{"href":"https:\/\/annaalbert.com\/es\/wp-json\/wp\/v2\/types\/product"}],"replies":[{"embeddable":true,"href":"https:\/\/annaalbert.com\/es\/wp-json\/wp\/v2\/comments?post=11144"}],"wp:featuredmedia":[{"embeddable":true,"href":"https:\/\/annaalbert.com\/es\/wp-json\/wp\/v2\/media\/4133"}],"wp:attachment":[{"href":"https:\/\/annaalbert.com\/es\/wp-json\/wp\/v2\/media?parent=11144"}],"wp:term":[{"taxonomy":"product_brand","embeddable":true,"href":"https:\/\/annaalbert.com\/es\/wp-json\/wp\/v2\/product_brand?post=11144"},{"taxonomy":"product_cat","embeddable":true,"href":"https:\/\/annaalbert.com\/es\/wp-json\/wp\/v2\/product_cat?post=11144"},{"taxonomy":"product_tag","embeddable":true,"href":"https:\/\/annaalbert.com\/es\/wp-json\/wp\/v2\/product_tag?post=11144"}],"curies":[{"name":"wp","href":"https:\/\/api.w.org\/{rel}","templated":true}]}}