{"id":11142,"date":"2019-03-21T17:52:01","date_gmt":"2019-03-21T17:52:01","guid":{"rendered":"https:\/\/annaalbert.com\/producto\/hazte-un-collar\/"},"modified":"2025-09-09T15:11:35","modified_gmt":"2025-09-09T15:11:35","slug":"hazte-un-collar","status":"publish","type":"product","link":"https:\/\/annaalbert.com\/es\/producto-es\/hazte-un-collar\/","title":{"rendered":"HAZTE UN COLLAR"},"content":{"rendered":"<h2><strong>Descubre el Arte de la Seda en tu Propio Collar Exclusivo!<\/strong><\/h2>\n<p>Bienvenido en el curso que te invita a explorar la magia de la seda natural. Ven y profundiza en el maravilloso mundo de la creaci\u00f3n de joyas textiles. Este programa de aprendizaje te abre las puertas al arte ancestral de trabajar con seda para crear un collar \u00fanico y exclusivo, hecho a mano por t\u00fa mismo.<\/p>\n<p>En este curso descubrir\u00e1s como aplicar colores y texturas a la seda para crear efectos visuales cautivadores y personificar tu propia expresi\u00f3n art\u00edstica en cada hilo.<\/p>\n<p>Adem\u00e1s, una experta te acompa\u00f1ar\u00e1 paso a paso en este viaje creativo. Compartir\u00e1 consejos y trucos que te ayudar\u00e1n a desarrollar habilidades excepcionales en el uso de la seda. A medida que avances, ver\u00e1s como tu collar toma forma, convirti\u00e9ndose en una obra de arte que refleja tu imaginaci\u00f3n y talento.<\/p>\n<p>Adem\u00e1s del aprendizaje t\u00e9cnico, este curso fomenta la creatividad y la confianza en tus capacidades art\u00edsticas. Te invitamos a conectar con otros estudiantes, compartir inspiraciones y celebrar la belleza de la seda en un ambiente acogedor y enriquecedor.<\/p>\n<p>Al final del curso, no solo llevar\u00e1s a casa un collar exquisito creado por t\u00fa, sino tambi\u00e9n conocimientos duraderos y una pasi\u00f3n renovada por la creaci\u00f3n artesanal. \u00danete a nosotros y descubre el placer de transformar la seda en una joya \u00fanica, llena de significado y elegancia. S\u00e9 el maestro de tu propia creaci\u00f3n y deja que la seda revele tu historia al mundo.<\/p>\n","protected":false},"excerpt":{"rendered":"<p>Descubre el Arte de la Seda en tu Propio Collar Exclusivo! Bienvenido en el curso que te invita a explorar la magia de la seda natural. Ven y profundiza en el maravilloso mundo de la creaci\u00f3n de joyas textiles. Este programa de aprendizaje te abre las puertas al arte ancestral de trabajar con seda para [&hellip;]<\/p>\n","protected":false},"featured_media":4196,"comment_status":"closed","ping_status":"closed","template":"","meta":{"_et_pb_use_builder":"","_et_pb_old_content":"","_et_gb_content_width":""},"product_brand":[],"product_cat":[189],"product_tag":[],"class_list":{"0":"post-11142","1":"product","2":"type-product","3":"status-publish","4":"has-post-thumbnail","6":"product_cat-talleresdiy","8":"first","9":"instock","10":"purchasable","11":"product-type-simple"},"yoast_head":"<!-- This site is optimized with the Yoast SEO plugin v27.0 - https:\/\/yoast.com\/product\/yoast-seo-wordpress\/ -->\n<title>HAZTE UN COLLAR - Art en Seda<\/title>\n<meta name=\"description\" content=\"\u00bfTe gustar\u00eda hacerte un collar de seda natural, pero no sabes por donde empezar? \u00a1Inscr\u00edbete en este curso! \u00a1No hace falta experiencia previa!\" \/>\n<meta name=\"robots\" content=\"index, follow, max-snippet:-1, max-image-preview:large, max-video-preview:-1\" \/>\n<link rel=\"canonical\" href=\"https:\/\/annaalbert.com\/es\/producto-es\/hazte-un-collar\/\" \/>\n<meta property=\"og:locale\" content=\"es_ES\" \/>\n<meta property=\"og:type\" content=\"article\" \/>\n<meta property=\"og:title\" content=\"HAZTE UN COLLAR - Art en Seda\" \/>\n<meta property=\"og:description\" content=\"\u00bfTe gustar\u00eda hacerte un collar de seda natural, pero no sabes por donde empezar? \u00a1Inscr\u00edbete en este curso! \u00a1No hace falta experiencia previa!\" \/>\n<meta property=\"og:url\" content=\"https:\/\/annaalbert.com\/es\/producto-es\/hazte-un-collar\/\" \/>\n<meta property=\"og:site_name\" content=\"Art en Seda\" \/>\n<meta property=\"article:modified_time\" content=\"2025-09-09T15:11:35+00:00\" \/>\n<meta property=\"og:image\" content=\"https:\/\/annaalbert.com\/wp-content\/uploads\/2019\/03\/collarets.jpg\" \/>\n\t<meta property=\"og:image:width\" content=\"870\" \/>\n\t<meta property=\"og:image:height\" content=\"588\" \/>\n\t<meta property=\"og:image:type\" content=\"image\/jpeg\" \/>\n<meta name=\"twitter:card\" content=\"summary_large_image\" \/>\n<meta name=\"twitter:label1\" content=\"Tiempo de lectura\" \/>\n\t<meta name=\"twitter:data1\" content=\"1 minuto\" \/>\n<script type=\"application\/ld+json\" class=\"yoast-schema-graph\">{\"@context\":\"https:\/\/schema.org\",\"@graph\":[{\"@type\":\"WebPage\",\"@id\":\"https:\/\/annaalbert.com\/es\/producto-es\/hazte-un-collar\/\",\"url\":\"https:\/\/annaalbert.com\/es\/producto-es\/hazte-un-collar\/\",\"name\":\"HAZTE UN COLLAR - Art en Seda\",\"isPartOf\":{\"@id\":\"https:\/\/annaalbert.com\/es\/#website\"},\"primaryImageOfPage\":{\"@id\":\"https:\/\/annaalbert.com\/es\/producto-es\/hazte-un-collar\/#primaryimage\"},\"image\":{\"@id\":\"https:\/\/annaalbert.com\/es\/producto-es\/hazte-un-collar\/#primaryimage\"},\"thumbnailUrl\":\"https:\/\/annaalbert.com\/wp-content\/uploads\/2019\/03\/collarets.jpg\",\"datePublished\":\"2019-03-21T17:52:01+00:00\",\"dateModified\":\"2025-09-09T15:11:35+00:00\",\"description\":\"\u00bfTe gustar\u00eda hacerte un collar de seda natural, pero no sabes por donde empezar? \u00a1Inscr\u00edbete en este curso! \u00a1No hace falta experiencia previa!\",\"breadcrumb\":{\"@id\":\"https:\/\/annaalbert.com\/es\/producto-es\/hazte-un-collar\/#breadcrumb\"},\"inLanguage\":\"es\",\"potentialAction\":[{\"@type\":\"ReadAction\",\"target\":[\"https:\/\/annaalbert.com\/es\/producto-es\/hazte-un-collar\/\"]}]},{\"@type\":\"ImageObject\",\"inLanguage\":\"es\",\"@id\":\"https:\/\/annaalbert.com\/es\/producto-es\/hazte-un-collar\/#primaryimage\",\"url\":\"https:\/\/annaalbert.com\/wp-content\/uploads\/2019\/03\/collarets.jpg\",\"contentUrl\":\"https:\/\/annaalbert.com\/wp-content\/uploads\/2019\/03\/collarets.jpg\",\"width\":870,\"height\":588,\"caption\":\"collaret\"},{\"@type\":\"BreadcrumbList\",\"@id\":\"https:\/\/annaalbert.com\/es\/producto-es\/hazte-un-collar\/#breadcrumb\",\"itemListElement\":[{\"@type\":\"ListItem\",\"position\":1,\"name\":\"Portada\",\"item\":\"https:\/\/annaalbert.com\/es\/\"},{\"@type\":\"ListItem\",\"position\":2,\"name\":\"Tienda\",\"item\":\"https:\/\/annaalbert.com\/tienda\/\"},{\"@type\":\"ListItem\",\"position\":3,\"name\":\"HAZTE UN COLLAR\"}]},{\"@type\":\"WebSite\",\"@id\":\"https:\/\/annaalbert.com\/es\/#website\",\"url\":\"https:\/\/annaalbert.com\/es\/\",\"name\":\"Art en Seda\",\"description\":\"Productos de seda pintada a mano, asi como cursos, talleres, experiencias por la artesana Anna Albert\",\"publisher\":{\"@id\":\"https:\/\/annaalbert.com\/es\/#organization\"},\"potentialAction\":[{\"@type\":\"SearchAction\",\"target\":{\"@type\":\"EntryPoint\",\"urlTemplate\":\"https:\/\/annaalbert.com\/es\/?s={search_term_string}\"},\"query-input\":{\"@type\":\"PropertyValueSpecification\",\"valueRequired\":true,\"valueName\":\"search_term_string\"}}],\"inLanguage\":\"es\"},{\"@type\":\"Organization\",\"@id\":\"https:\/\/annaalbert.com\/es\/#organization\",\"name\":\"Art en Seda by Anna Albert\",\"url\":\"https:\/\/annaalbert.com\/es\/\",\"logo\":{\"@type\":\"ImageObject\",\"inLanguage\":\"es\",\"@id\":\"https:\/\/annaalbert.com\/es\/#\/schema\/logo\/image\/\",\"url\":\"https:\/\/annaalbert.com\/wp-content\/uploads\/2021\/01\/horitzontal_fonsblanc-scaled.jpg\",\"contentUrl\":\"https:\/\/annaalbert.com\/wp-content\/uploads\/2021\/01\/horitzontal_fonsblanc-scaled.jpg\",\"width\":2560,\"height\":779,\"caption\":\"Art en Seda by Anna Albert\"},\"image\":{\"@id\":\"https:\/\/annaalbert.com\/es\/#\/schema\/logo\/image\/\"}}]}<\/script>\n<!-- \/ Yoast SEO plugin. -->","yoast_head_json":{"title":"HAZTE UN COLLAR - Art en Seda","description":"\u00bfTe gustar\u00eda hacerte un collar de seda natural, pero no sabes por donde empezar? \u00a1Inscr\u00edbete en este curso! \u00a1No hace falta experiencia previa!","robots":{"index":"index","follow":"follow","max-snippet":"max-snippet:-1","max-image-preview":"max-image-preview:large","max-video-preview":"max-video-preview:-1"},"canonical":"https:\/\/annaalbert.com\/es\/producto-es\/hazte-un-collar\/","og_locale":"es_ES","og_type":"article","og_title":"HAZTE UN COLLAR - Art en Seda","og_description":"\u00bfTe gustar\u00eda hacerte un collar de seda natural, pero no sabes por donde empezar? \u00a1Inscr\u00edbete en este curso! \u00a1No hace falta experiencia previa!","og_url":"https:\/\/annaalbert.com\/es\/producto-es\/hazte-un-collar\/","og_site_name":"Art en Seda","article_modified_time":"2025-09-09T15:11:35+00:00","og_image":[{"width":870,"height":588,"url":"https:\/\/annaalbert.com\/wp-content\/uploads\/2019\/03\/collarets.jpg","type":"image\/jpeg"}],"twitter_card":"summary_large_image","twitter_misc":{"Tiempo de lectura":"1 minuto"},"schema":{"@context":"https:\/\/schema.org","@graph":[{"@type":"WebPage","@id":"https:\/\/annaalbert.com\/es\/producto-es\/hazte-un-collar\/","url":"https:\/\/annaalbert.com\/es\/producto-es\/hazte-un-collar\/","name":"HAZTE UN COLLAR - Art en Seda","isPartOf":{"@id":"https:\/\/annaalbert.com\/es\/#website"},"primaryImageOfPage":{"@id":"https:\/\/annaalbert.com\/es\/producto-es\/hazte-un-collar\/#primaryimage"},"image":{"@id":"https:\/\/annaalbert.com\/es\/producto-es\/hazte-un-collar\/#primaryimage"},"thumbnailUrl":"https:\/\/annaalbert.com\/wp-content\/uploads\/2019\/03\/collarets.jpg","datePublished":"2019-03-21T17:52:01+00:00","dateModified":"2025-09-09T15:11:35+00:00","description":"\u00bfTe gustar\u00eda hacerte un collar de seda natural, pero no sabes por donde empezar? \u00a1Inscr\u00edbete en este curso! \u00a1No hace falta experiencia previa!","breadcrumb":{"@id":"https:\/\/annaalbert.com\/es\/producto-es\/hazte-un-collar\/#breadcrumb"},"inLanguage":"es","potentialAction":[{"@type":"ReadAction","target":["https:\/\/annaalbert.com\/es\/producto-es\/hazte-un-collar\/"]}]},{"@type":"ImageObject","inLanguage":"es","@id":"https:\/\/annaalbert.com\/es\/producto-es\/hazte-un-collar\/#primaryimage","url":"https:\/\/annaalbert.com\/wp-content\/uploads\/2019\/03\/collarets.jpg","contentUrl":"https:\/\/annaalbert.com\/wp-content\/uploads\/2019\/03\/collarets.jpg","width":870,"height":588,"caption":"collaret"},{"@type":"BreadcrumbList","@id":"https:\/\/annaalbert.com\/es\/producto-es\/hazte-un-collar\/#breadcrumb","itemListElement":[{"@type":"ListItem","position":1,"name":"Portada","item":"https:\/\/annaalbert.com\/es\/"},{"@type":"ListItem","position":2,"name":"Tienda","item":"https:\/\/annaalbert.com\/tienda\/"},{"@type":"ListItem","position":3,"name":"HAZTE UN COLLAR"}]},{"@type":"WebSite","@id":"https:\/\/annaalbert.com\/es\/#website","url":"https:\/\/annaalbert.com\/es\/","name":"Art en Seda","description":"Productos de seda pintada a mano, asi como cursos, talleres, experiencias por la artesana Anna Albert","publisher":{"@id":"https:\/\/annaalbert.com\/es\/#organization"},"potentialAction":[{"@type":"SearchAction","target":{"@type":"EntryPoint","urlTemplate":"https:\/\/annaalbert.com\/es\/?s={search_term_string}"},"query-input":{"@type":"PropertyValueSpecification","valueRequired":true,"valueName":"search_term_string"}}],"inLanguage":"es"},{"@type":"Organization","@id":"https:\/\/annaalbert.com\/es\/#organization","name":"Art en Seda by Anna Albert","url":"https:\/\/annaalbert.com\/es\/","logo":{"@type":"ImageObject","inLanguage":"es","@id":"https:\/\/annaalbert.com\/es\/#\/schema\/logo\/image\/","url":"https:\/\/annaalbert.com\/wp-content\/uploads\/2021\/01\/horitzontal_fonsblanc-scaled.jpg","contentUrl":"https:\/\/annaalbert.com\/wp-content\/uploads\/2021\/01\/horitzontal_fonsblanc-scaled.jpg","width":2560,"height":779,"caption":"Art en Seda by Anna Albert"},"image":{"@id":"https:\/\/annaalbert.com\/es\/#\/schema\/logo\/image\/"}}]}},"_links":{"self":[{"href":"https:\/\/annaalbert.com\/es\/wp-json\/wp\/v2\/product\/11142","targetHints":{"allow":["GET"]}}],"collection":[{"href":"https:\/\/annaalbert.com\/es\/wp-json\/wp\/v2\/product"}],"about":[{"href":"https:\/\/annaalbert.com\/es\/wp-json\/wp\/v2\/types\/product"}],"replies":[{"embeddable":true,"href":"https:\/\/annaalbert.com\/es\/wp-json\/wp\/v2\/comments?post=11142"}],"wp:featuredmedia":[{"embeddable":true,"href":"https:\/\/annaalbert.com\/es\/wp-json\/wp\/v2\/media\/4196"}],"wp:attachment":[{"href":"https:\/\/annaalbert.com\/es\/wp-json\/wp\/v2\/media?parent=11142"}],"wp:term":[{"taxonomy":"product_brand","embeddable":true,"href":"https:\/\/annaalbert.com\/es\/wp-json\/wp\/v2\/product_brand?post=11142"},{"taxonomy":"product_cat","embeddable":true,"href":"https:\/\/annaalbert.com\/es\/wp-json\/wp\/v2\/product_cat?post=11142"},{"taxonomy":"product_tag","embeddable":true,"href":"https:\/\/annaalbert.com\/es\/wp-json\/wp\/v2\/product_tag?post=11142"}],"curies":[{"name":"wp","href":"https:\/\/api.w.org\/{rel}","templated":true}]}}