{"id":11140,"date":"2019-03-21T17:52:01","date_gmt":"2019-03-21T17:52:01","guid":{"rendered":"https:\/\/annaalbert.com\/producto\/party-silk-gimcana\/"},"modified":"2023-10-26T16:00:57","modified_gmt":"2023-10-26T16:00:57","slug":"party-silk-gincana","status":"publish","type":"product","link":"https:\/\/annaalbert.com\/es\/producto-es\/party-silk-gincana\/","title":{"rendered":"GINCANA PARTY SILK"},"content":{"rendered":"<h6><strong>Gincana party silk<\/strong><\/h6>\n<p>Organiza una gincana de fiesta de cumplea\u00f1os diferente potenciando la creatividad de los m\u00e1s peque\u00f1os. \u00bfQue os parecer\u00eda soplar las velas entre sedas y diversi\u00f3n?<\/p>\n<p>La magia de la seda natural llega a los m\u00e1s peque\u00f1os con nuestra emocionante gincana tem\u00e1tica. Os invitamos a explorar un mundo de texturas suaves, colores brillantes e historias fascinantes en un acontecimiento pensado especialmente para ni\u00f1os peque\u00f1os. La gincana sobre seda natural es una oportunidad \u00fanica para ellos de aprender y divertirse a la vez.<\/p>\n<p>Aprendiendo desde un contexto de fantas\u00eda la historia del origen de la seda y disfrutando de los gusanos de seda. Habr\u00e1 que superar unas pruebas para poder pintar sobre este apoyo m\u00e1gico y nos llevaremos nuestra obra de arte.<\/p>\n<p>Para grupos de ni\u00f1os. Las actividades est\u00e1n dise\u00f1adas con cuidado para estimular la curiosidad y la creatividad de los ni\u00f1os. Podr\u00e1n tocar y experimentar con diferentes tipos de seda natural, creando sus propias obras de arte.<\/p>\n<p>Cumplir a\u00f1os es especial y pasarlo con los mejores amigos ni te lo explico! Pero si adem\u00e1s de pasarlo pipa y divertirte pintando sobre un apoyo nuevo, qu\u00e9 m\u00e1s se puede pedir?<\/p>\n<p>Los ni\u00f1os estar\u00e1n a cargo de una o dos personas expertas en artes pl\u00e1sticas y tituladas en actividades de ocio. La gincana sobre seda natural es una experiencia \u00fanica que combina aprendizaje y diversi\u00f3n de la manera m\u00e1s emocionante. Es una oportunidad maravillosa para los ni\u00f1os peque\u00f1os de conectar con la belleza y la historia de la seda, y a la vez desarrollar habilidades art\u00edsticas y creativas.<\/p>\n<p>3h de gincana, t\u00fa eliges el d\u00eda.<\/p>\n<p>20\u20ac por persona, M\u00ednimo 10 ni\u00f1os.<\/p>\n","protected":false},"excerpt":{"rendered":"<p>Gincana party silk Organiza una gincana de fiesta de cumplea\u00f1os diferente potenciando la creatividad de los m\u00e1s peque\u00f1os. \u00bfQue os parecer\u00eda soplar las velas entre sedas y diversi\u00f3n? La magia de la seda natural llega a los m\u00e1s peque\u00f1os con nuestra emocionante gincana tem\u00e1tica. Os invitamos a explorar un mundo de texturas suaves, colores brillantes [&hellip;]<\/p>\n","protected":false},"featured_media":5054,"comment_status":"closed","ping_status":"closed","template":"","meta":{"_et_pb_use_builder":"","_et_pb_old_content":"","_et_gb_content_width":""},"product_brand":[],"product_cat":[451],"product_tag":[],"class_list":{"0":"post-11140","1":"product","2":"type-product","3":"status-publish","4":"has-post-thumbnail","6":"product_cat-experiencias","8":"first","9":"instock","10":"purchasable","11":"product-type-simple"},"yoast_head":"<!-- This site is optimized with the Yoast SEO plugin v27.0 - https:\/\/yoast.com\/product\/yoast-seo-wordpress\/ -->\n<title>GINCANA PARTY SILK - Art en Seda<\/title>\n<meta name=\"description\" content=\"\u00bfQuieres una gincana sobre la seda natural por el tuyos alumnos? \u00a1Ap\u00fantalo y ya ver\u00e1s como sacar\u00e1 el peque\u00f1o artista que lleva dentro!\" \/>\n<meta name=\"robots\" content=\"index, follow, max-snippet:-1, max-image-preview:large, max-video-preview:-1\" \/>\n<link rel=\"canonical\" href=\"https:\/\/annaalbert.com\/es\/producto-es\/party-silk-gincana\/\" \/>\n<meta property=\"og:locale\" content=\"es_ES\" \/>\n<meta property=\"og:type\" content=\"article\" \/>\n<meta property=\"og:title\" content=\"GINCANA PARTY SILK - Art en Seda\" \/>\n<meta property=\"og:description\" content=\"\u00bfQuieres una gincana sobre la seda natural por el tuyos alumnos? \u00a1Ap\u00fantalo y ya ver\u00e1s como sacar\u00e1 el peque\u00f1o artista que lleva dentro!\" \/>\n<meta property=\"og:url\" content=\"https:\/\/annaalbert.com\/es\/producto-es\/party-silk-gincana\/\" \/>\n<meta property=\"og:site_name\" content=\"Art en Seda\" \/>\n<meta property=\"article:modified_time\" content=\"2023-10-26T16:00:57+00:00\" \/>\n<meta property=\"og:image\" content=\"https:\/\/annaalbert.com\/wp-content\/uploads\/2015\/05\/Showroom.JPG\" \/>\n\t<meta property=\"og:image:width\" content=\"640\" \/>\n\t<meta property=\"og:image:height\" content=\"480\" \/>\n\t<meta property=\"og:image:type\" content=\"image\/jpeg\" \/>\n<meta name=\"twitter:card\" content=\"summary_large_image\" \/>\n<meta name=\"twitter:label1\" content=\"Tiempo de lectura\" \/>\n\t<meta name=\"twitter:data1\" content=\"2 minutos\" \/>\n<script type=\"application\/ld+json\" class=\"yoast-schema-graph\">{\"@context\":\"https:\/\/schema.org\",\"@graph\":[{\"@type\":\"WebPage\",\"@id\":\"https:\/\/annaalbert.com\/es\/producto-es\/party-silk-gincana\/\",\"url\":\"https:\/\/annaalbert.com\/es\/producto-es\/party-silk-gincana\/\",\"name\":\"GINCANA PARTY SILK - Art en Seda\",\"isPartOf\":{\"@id\":\"https:\/\/annaalbert.com\/es\/#website\"},\"primaryImageOfPage\":{\"@id\":\"https:\/\/annaalbert.com\/es\/producto-es\/party-silk-gincana\/#primaryimage\"},\"image\":{\"@id\":\"https:\/\/annaalbert.com\/es\/producto-es\/party-silk-gincana\/#primaryimage\"},\"thumbnailUrl\":\"https:\/\/annaalbert.com\/wp-content\/uploads\/2015\/05\/Showroom.JPG\",\"datePublished\":\"2019-03-21T17:52:01+00:00\",\"dateModified\":\"2023-10-26T16:00:57+00:00\",\"description\":\"\u00bfQuieres una gincana sobre la seda natural por el tuyos alumnos? \u00a1Ap\u00fantalo y ya ver\u00e1s como sacar\u00e1 el peque\u00f1o artista que lleva dentro!\",\"breadcrumb\":{\"@id\":\"https:\/\/annaalbert.com\/es\/producto-es\/party-silk-gincana\/#breadcrumb\"},\"inLanguage\":\"es\",\"potentialAction\":[{\"@type\":\"ReadAction\",\"target\":[\"https:\/\/annaalbert.com\/es\/producto-es\/party-silk-gincana\/\"]}]},{\"@type\":\"ImageObject\",\"inLanguage\":\"es\",\"@id\":\"https:\/\/annaalbert.com\/es\/producto-es\/party-silk-gincana\/#primaryimage\",\"url\":\"https:\/\/annaalbert.com\/wp-content\/uploads\/2015\/05\/Showroom.JPG\",\"contentUrl\":\"https:\/\/annaalbert.com\/wp-content\/uploads\/2015\/05\/Showroom.JPG\",\"width\":640,\"height\":480},{\"@type\":\"BreadcrumbList\",\"@id\":\"https:\/\/annaalbert.com\/es\/producto-es\/party-silk-gincana\/#breadcrumb\",\"itemListElement\":[{\"@type\":\"ListItem\",\"position\":1,\"name\":\"Portada\",\"item\":\"https:\/\/annaalbert.com\/es\/\"},{\"@type\":\"ListItem\",\"position\":2,\"name\":\"Tienda\",\"item\":\"https:\/\/annaalbert.com\/tienda\/\"},{\"@type\":\"ListItem\",\"position\":3,\"name\":\"GINCANA PARTY SILK\"}]},{\"@type\":\"WebSite\",\"@id\":\"https:\/\/annaalbert.com\/es\/#website\",\"url\":\"https:\/\/annaalbert.com\/es\/\",\"name\":\"Art en Seda\",\"description\":\"Productos de seda pintada a mano, asi como cursos, talleres, experiencias por la artesana Anna Albert\",\"publisher\":{\"@id\":\"https:\/\/annaalbert.com\/es\/#organization\"},\"potentialAction\":[{\"@type\":\"SearchAction\",\"target\":{\"@type\":\"EntryPoint\",\"urlTemplate\":\"https:\/\/annaalbert.com\/es\/?s={search_term_string}\"},\"query-input\":{\"@type\":\"PropertyValueSpecification\",\"valueRequired\":true,\"valueName\":\"search_term_string\"}}],\"inLanguage\":\"es\"},{\"@type\":\"Organization\",\"@id\":\"https:\/\/annaalbert.com\/es\/#organization\",\"name\":\"Art en Seda by Anna Albert\",\"url\":\"https:\/\/annaalbert.com\/es\/\",\"logo\":{\"@type\":\"ImageObject\",\"inLanguage\":\"es\",\"@id\":\"https:\/\/annaalbert.com\/es\/#\/schema\/logo\/image\/\",\"url\":\"https:\/\/annaalbert.com\/wp-content\/uploads\/2021\/01\/horitzontal_fonsblanc-scaled.jpg\",\"contentUrl\":\"https:\/\/annaalbert.com\/wp-content\/uploads\/2021\/01\/horitzontal_fonsblanc-scaled.jpg\",\"width\":2560,\"height\":779,\"caption\":\"Art en Seda by Anna Albert\"},\"image\":{\"@id\":\"https:\/\/annaalbert.com\/es\/#\/schema\/logo\/image\/\"}}]}<\/script>\n<!-- \/ Yoast SEO plugin. -->","yoast_head_json":{"title":"GINCANA PARTY SILK - Art en Seda","description":"\u00bfQuieres una gincana sobre la seda natural por el tuyos alumnos? \u00a1Ap\u00fantalo y ya ver\u00e1s como sacar\u00e1 el peque\u00f1o artista que lleva dentro!","robots":{"index":"index","follow":"follow","max-snippet":"max-snippet:-1","max-image-preview":"max-image-preview:large","max-video-preview":"max-video-preview:-1"},"canonical":"https:\/\/annaalbert.com\/es\/producto-es\/party-silk-gincana\/","og_locale":"es_ES","og_type":"article","og_title":"GINCANA PARTY SILK - Art en Seda","og_description":"\u00bfQuieres una gincana sobre la seda natural por el tuyos alumnos? \u00a1Ap\u00fantalo y ya ver\u00e1s como sacar\u00e1 el peque\u00f1o artista que lleva dentro!","og_url":"https:\/\/annaalbert.com\/es\/producto-es\/party-silk-gincana\/","og_site_name":"Art en Seda","article_modified_time":"2023-10-26T16:00:57+00:00","og_image":[{"width":640,"height":480,"url":"https:\/\/annaalbert.com\/wp-content\/uploads\/2015\/05\/Showroom.JPG","type":"image\/jpeg"}],"twitter_card":"summary_large_image","twitter_misc":{"Tiempo de lectura":"2 minutos"},"schema":{"@context":"https:\/\/schema.org","@graph":[{"@type":"WebPage","@id":"https:\/\/annaalbert.com\/es\/producto-es\/party-silk-gincana\/","url":"https:\/\/annaalbert.com\/es\/producto-es\/party-silk-gincana\/","name":"GINCANA PARTY SILK - Art en Seda","isPartOf":{"@id":"https:\/\/annaalbert.com\/es\/#website"},"primaryImageOfPage":{"@id":"https:\/\/annaalbert.com\/es\/producto-es\/party-silk-gincana\/#primaryimage"},"image":{"@id":"https:\/\/annaalbert.com\/es\/producto-es\/party-silk-gincana\/#primaryimage"},"thumbnailUrl":"https:\/\/annaalbert.com\/wp-content\/uploads\/2015\/05\/Showroom.JPG","datePublished":"2019-03-21T17:52:01+00:00","dateModified":"2023-10-26T16:00:57+00:00","description":"\u00bfQuieres una gincana sobre la seda natural por el tuyos alumnos? \u00a1Ap\u00fantalo y ya ver\u00e1s como sacar\u00e1 el peque\u00f1o artista que lleva dentro!","breadcrumb":{"@id":"https:\/\/annaalbert.com\/es\/producto-es\/party-silk-gincana\/#breadcrumb"},"inLanguage":"es","potentialAction":[{"@type":"ReadAction","target":["https:\/\/annaalbert.com\/es\/producto-es\/party-silk-gincana\/"]}]},{"@type":"ImageObject","inLanguage":"es","@id":"https:\/\/annaalbert.com\/es\/producto-es\/party-silk-gincana\/#primaryimage","url":"https:\/\/annaalbert.com\/wp-content\/uploads\/2015\/05\/Showroom.JPG","contentUrl":"https:\/\/annaalbert.com\/wp-content\/uploads\/2015\/05\/Showroom.JPG","width":640,"height":480},{"@type":"BreadcrumbList","@id":"https:\/\/annaalbert.com\/es\/producto-es\/party-silk-gincana\/#breadcrumb","itemListElement":[{"@type":"ListItem","position":1,"name":"Portada","item":"https:\/\/annaalbert.com\/es\/"},{"@type":"ListItem","position":2,"name":"Tienda","item":"https:\/\/annaalbert.com\/tienda\/"},{"@type":"ListItem","position":3,"name":"GINCANA PARTY SILK"}]},{"@type":"WebSite","@id":"https:\/\/annaalbert.com\/es\/#website","url":"https:\/\/annaalbert.com\/es\/","name":"Art en Seda","description":"Productos de seda pintada a mano, asi como cursos, talleres, experiencias por la artesana Anna Albert","publisher":{"@id":"https:\/\/annaalbert.com\/es\/#organization"},"potentialAction":[{"@type":"SearchAction","target":{"@type":"EntryPoint","urlTemplate":"https:\/\/annaalbert.com\/es\/?s={search_term_string}"},"query-input":{"@type":"PropertyValueSpecification","valueRequired":true,"valueName":"search_term_string"}}],"inLanguage":"es"},{"@type":"Organization","@id":"https:\/\/annaalbert.com\/es\/#organization","name":"Art en Seda by Anna Albert","url":"https:\/\/annaalbert.com\/es\/","logo":{"@type":"ImageObject","inLanguage":"es","@id":"https:\/\/annaalbert.com\/es\/#\/schema\/logo\/image\/","url":"https:\/\/annaalbert.com\/wp-content\/uploads\/2021\/01\/horitzontal_fonsblanc-scaled.jpg","contentUrl":"https:\/\/annaalbert.com\/wp-content\/uploads\/2021\/01\/horitzontal_fonsblanc-scaled.jpg","width":2560,"height":779,"caption":"Art en Seda by Anna Albert"},"image":{"@id":"https:\/\/annaalbert.com\/es\/#\/schema\/logo\/image\/"}}]}},"_links":{"self":[{"href":"https:\/\/annaalbert.com\/es\/wp-json\/wp\/v2\/product\/11140","targetHints":{"allow":["GET"]}}],"collection":[{"href":"https:\/\/annaalbert.com\/es\/wp-json\/wp\/v2\/product"}],"about":[{"href":"https:\/\/annaalbert.com\/es\/wp-json\/wp\/v2\/types\/product"}],"replies":[{"embeddable":true,"href":"https:\/\/annaalbert.com\/es\/wp-json\/wp\/v2\/comments?post=11140"}],"wp:featuredmedia":[{"embeddable":true,"href":"https:\/\/annaalbert.com\/es\/wp-json\/wp\/v2\/media\/5054"}],"wp:attachment":[{"href":"https:\/\/annaalbert.com\/es\/wp-json\/wp\/v2\/media?parent=11140"}],"wp:term":[{"taxonomy":"product_brand","embeddable":true,"href":"https:\/\/annaalbert.com\/es\/wp-json\/wp\/v2\/product_brand?post=11140"},{"taxonomy":"product_cat","embeddable":true,"href":"https:\/\/annaalbert.com\/es\/wp-json\/wp\/v2\/product_cat?post=11140"},{"taxonomy":"product_tag","embeddable":true,"href":"https:\/\/annaalbert.com\/es\/wp-json\/wp\/v2\/product_tag?post=11140"}],"curies":[{"name":"wp","href":"https:\/\/api.w.org\/{rel}","templated":true}]}}