{"id":11138,"date":"2019-03-21T17:52:01","date_gmt":"2019-03-21T17:52:01","guid":{"rendered":"https:\/\/annaalbert.com\/producto\/party-silk-pequenos-artistas\/"},"modified":"2023-10-26T15:43:41","modified_gmt":"2023-10-26T15:43:41","slug":"party-silk-pequenas-artistas","status":"publish","type":"product","link":"https:\/\/annaalbert.com\/es\/producto-es\/party-silk-pequenas-artistas\/","title":{"rendered":"PARTY SILK PEQUE\u00d1AS ARTISTAS"},"content":{"rendered":"<p>\u00a1Descubre la magia de la pintura sobre seda natural en nuestro taller exclusivo para peque\u00f1as artistas! Si eres una joven artista con ganas de crear y experimentar, este es tu espacio perfecto.<\/p>\n<p>Este taller de pintura sobre seda natural es un viaje emocionante a trav\u00e9s del mundo de los colores, la creatividad y la seda. Las participantes tendr\u00e1n la oportunidad de explorar su imaginaci\u00f3n y crear obras de arte \u00fanicas. La seda natural es un apoyo extraordinario para la pintura, puesto que absorbe los colores de una manera especial, creando efectos \u00fanicos y brillantes.<\/p>\n<p>Una experta altamente cualificada guiar\u00e1 a las artistas a trav\u00e9s de las diferentes t\u00e9cnicas de pintura sobre seda. Aprender\u00e1n como mezclar colores, crear degradados y dise\u00f1ar sus propios patrones. Cada participante saldr\u00e1 del taller con su dise\u00f1o de seda natural completamente personalizado.<\/p>\n<p>Esta experiencia no solo fomentar\u00e1 su creatividad, sino que tambi\u00e9n mejorar\u00e1 su coordinaci\u00f3n, paciencia y habilidades art\u00edsticas. Es una oportunidad perfecta por ellas expresarse a trav\u00e9s del arte y desarrollar su autoestima.<\/p>\n<p>No busques m\u00e1s, nuestro taller de pintura sobre seda natural es la actividad perfecta por aquellas peque\u00f1as artistas que quieren crear, aprender y divertirse a la vez. Reservad ahora y dejad que exploren el mundo de la seda y la pintura de una manera \u00fanica e inolvidable. \u00a1Os esperamos!<\/p>\n","protected":false},"excerpt":{"rendered":"<p>\u00a1Descubre la magia de la pintura sobre seda natural en nuestro taller exclusivo para peque\u00f1as artistas! Si eres una joven artista con ganas de crear y experimentar, este es tu espacio perfecto. Este taller de pintura sobre seda natural es un viaje emocionante a trav\u00e9s del mundo de los colores, la creatividad y la seda. [&hellip;]<\/p>\n","protected":false},"featured_media":4686,"comment_status":"closed","ping_status":"closed","template":"","meta":{"_et_pb_use_builder":"","_et_pb_old_content":"","_et_gb_content_width":""},"product_brand":[],"product_cat":[451],"product_tag":[],"class_list":{"0":"post-11138","1":"product","2":"type-product","3":"status-publish","4":"has-post-thumbnail","6":"product_cat-experiencias","8":"first","9":"instock","10":"purchasable","11":"product-type-simple"},"yoast_head":"<!-- This site is optimized with the Yoast SEO plugin v27.0 - https:\/\/yoast.com\/product\/yoast-seo-wordpress\/ -->\n<title>PARTY SILK PEQUE\u00d1AS ARTISTAS - Art en Seda<\/title>\n<meta name=\"description\" content=\"\u00bfQuieres que tus hijas aprendan de una manera divertida sobre el mundo de la seda y la pintura sobre ella? \u00a1Saca sus peque\u00f1as artistas con este curso!\" \/>\n<meta name=\"robots\" content=\"index, follow, max-snippet:-1, max-image-preview:large, max-video-preview:-1\" \/>\n<link rel=\"canonical\" href=\"https:\/\/annaalbert.com\/es\/producto-es\/party-silk-pequenas-artistas\/\" \/>\n<meta property=\"og:locale\" content=\"es_ES\" \/>\n<meta property=\"og:type\" content=\"article\" \/>\n<meta property=\"og:title\" content=\"PARTY SILK PEQUE\u00d1AS ARTISTAS - Art en Seda\" \/>\n<meta property=\"og:description\" content=\"\u00bfQuieres que tus hijas aprendan de una manera divertida sobre el mundo de la seda y la pintura sobre ella? \u00a1Saca sus peque\u00f1as artistas con este curso!\" \/>\n<meta property=\"og:url\" content=\"https:\/\/annaalbert.com\/es\/producto-es\/party-silk-pequenas-artistas\/\" \/>\n<meta property=\"og:site_name\" content=\"Art en Seda\" \/>\n<meta property=\"article:modified_time\" content=\"2023-10-26T15:43:41+00:00\" \/>\n<meta property=\"og:image\" content=\"https:\/\/annaalbert.com\/wp-content\/uploads\/2019\/03\/foto-masnou16-e1552066533999.jpg\" \/>\n\t<meta property=\"og:image:width\" content=\"725\" \/>\n\t<meta property=\"og:image:height\" content=\"490\" \/>\n\t<meta property=\"og:image:type\" content=\"image\/jpeg\" \/>\n<meta name=\"twitter:card\" content=\"summary_large_image\" \/>\n<meta name=\"twitter:label1\" content=\"Tiempo de lectura\" \/>\n\t<meta name=\"twitter:data1\" content=\"1 minuto\" \/>\n<script type=\"application\/ld+json\" class=\"yoast-schema-graph\">{\"@context\":\"https:\/\/schema.org\",\"@graph\":[{\"@type\":\"WebPage\",\"@id\":\"https:\/\/annaalbert.com\/es\/producto-es\/party-silk-pequenas-artistas\/\",\"url\":\"https:\/\/annaalbert.com\/es\/producto-es\/party-silk-pequenas-artistas\/\",\"name\":\"PARTY SILK PEQUE\u00d1AS ARTISTAS - Art en Seda\",\"isPartOf\":{\"@id\":\"https:\/\/annaalbert.com\/es\/#website\"},\"primaryImageOfPage\":{\"@id\":\"https:\/\/annaalbert.com\/es\/producto-es\/party-silk-pequenas-artistas\/#primaryimage\"},\"image\":{\"@id\":\"https:\/\/annaalbert.com\/es\/producto-es\/party-silk-pequenas-artistas\/#primaryimage\"},\"thumbnailUrl\":\"https:\/\/annaalbert.com\/wp-content\/uploads\/2019\/03\/foto-masnou16-e1552066533999.jpg\",\"datePublished\":\"2019-03-21T17:52:01+00:00\",\"dateModified\":\"2023-10-26T15:43:41+00:00\",\"description\":\"\u00bfQuieres que tus hijas aprendan de una manera divertida sobre el mundo de la seda y la pintura sobre ella? \u00a1Saca sus peque\u00f1as artistas con este curso!\",\"breadcrumb\":{\"@id\":\"https:\/\/annaalbert.com\/es\/producto-es\/party-silk-pequenas-artistas\/#breadcrumb\"},\"inLanguage\":\"es\",\"potentialAction\":[{\"@type\":\"ReadAction\",\"target\":[\"https:\/\/annaalbert.com\/es\/producto-es\/party-silk-pequenas-artistas\/\"]}]},{\"@type\":\"ImageObject\",\"inLanguage\":\"es\",\"@id\":\"https:\/\/annaalbert.com\/es\/producto-es\/party-silk-pequenas-artistas\/#primaryimage\",\"url\":\"https:\/\/annaalbert.com\/wp-content\/uploads\/2019\/03\/foto-masnou16-e1552066533999.jpg\",\"contentUrl\":\"https:\/\/annaalbert.com\/wp-content\/uploads\/2019\/03\/foto-masnou16-e1552066533999.jpg\",\"width\":725,\"height\":490,\"caption\":\"petites artistes\"},{\"@type\":\"BreadcrumbList\",\"@id\":\"https:\/\/annaalbert.com\/es\/producto-es\/party-silk-pequenas-artistas\/#breadcrumb\",\"itemListElement\":[{\"@type\":\"ListItem\",\"position\":1,\"name\":\"Portada\",\"item\":\"https:\/\/annaalbert.com\/es\/\"},{\"@type\":\"ListItem\",\"position\":2,\"name\":\"Tienda\",\"item\":\"https:\/\/annaalbert.com\/tienda\/\"},{\"@type\":\"ListItem\",\"position\":3,\"name\":\"PARTY SILK PEQUE\u00d1AS ARTISTAS\"}]},{\"@type\":\"WebSite\",\"@id\":\"https:\/\/annaalbert.com\/es\/#website\",\"url\":\"https:\/\/annaalbert.com\/es\/\",\"name\":\"Art en Seda\",\"description\":\"Productos de seda pintada a mano, asi como cursos, talleres, experiencias por la artesana Anna Albert\",\"publisher\":{\"@id\":\"https:\/\/annaalbert.com\/es\/#organization\"},\"potentialAction\":[{\"@type\":\"SearchAction\",\"target\":{\"@type\":\"EntryPoint\",\"urlTemplate\":\"https:\/\/annaalbert.com\/es\/?s={search_term_string}\"},\"query-input\":{\"@type\":\"PropertyValueSpecification\",\"valueRequired\":true,\"valueName\":\"search_term_string\"}}],\"inLanguage\":\"es\"},{\"@type\":\"Organization\",\"@id\":\"https:\/\/annaalbert.com\/es\/#organization\",\"name\":\"Art en Seda by Anna Albert\",\"url\":\"https:\/\/annaalbert.com\/es\/\",\"logo\":{\"@type\":\"ImageObject\",\"inLanguage\":\"es\",\"@id\":\"https:\/\/annaalbert.com\/es\/#\/schema\/logo\/image\/\",\"url\":\"https:\/\/annaalbert.com\/wp-content\/uploads\/2021\/01\/horitzontal_fonsblanc-scaled.jpg\",\"contentUrl\":\"https:\/\/annaalbert.com\/wp-content\/uploads\/2021\/01\/horitzontal_fonsblanc-scaled.jpg\",\"width\":2560,\"height\":779,\"caption\":\"Art en Seda by Anna Albert\"},\"image\":{\"@id\":\"https:\/\/annaalbert.com\/es\/#\/schema\/logo\/image\/\"}}]}<\/script>\n<!-- \/ Yoast SEO plugin. -->","yoast_head_json":{"title":"PARTY SILK PEQUE\u00d1AS ARTISTAS - Art en Seda","description":"\u00bfQuieres que tus hijas aprendan de una manera divertida sobre el mundo de la seda y la pintura sobre ella? \u00a1Saca sus peque\u00f1as artistas con este curso!","robots":{"index":"index","follow":"follow","max-snippet":"max-snippet:-1","max-image-preview":"max-image-preview:large","max-video-preview":"max-video-preview:-1"},"canonical":"https:\/\/annaalbert.com\/es\/producto-es\/party-silk-pequenas-artistas\/","og_locale":"es_ES","og_type":"article","og_title":"PARTY SILK PEQUE\u00d1AS ARTISTAS - Art en Seda","og_description":"\u00bfQuieres que tus hijas aprendan de una manera divertida sobre el mundo de la seda y la pintura sobre ella? \u00a1Saca sus peque\u00f1as artistas con este curso!","og_url":"https:\/\/annaalbert.com\/es\/producto-es\/party-silk-pequenas-artistas\/","og_site_name":"Art en Seda","article_modified_time":"2023-10-26T15:43:41+00:00","og_image":[{"width":725,"height":490,"url":"https:\/\/annaalbert.com\/wp-content\/uploads\/2019\/03\/foto-masnou16-e1552066533999.jpg","type":"image\/jpeg"}],"twitter_card":"summary_large_image","twitter_misc":{"Tiempo de lectura":"1 minuto"},"schema":{"@context":"https:\/\/schema.org","@graph":[{"@type":"WebPage","@id":"https:\/\/annaalbert.com\/es\/producto-es\/party-silk-pequenas-artistas\/","url":"https:\/\/annaalbert.com\/es\/producto-es\/party-silk-pequenas-artistas\/","name":"PARTY SILK PEQUE\u00d1AS ARTISTAS - Art en Seda","isPartOf":{"@id":"https:\/\/annaalbert.com\/es\/#website"},"primaryImageOfPage":{"@id":"https:\/\/annaalbert.com\/es\/producto-es\/party-silk-pequenas-artistas\/#primaryimage"},"image":{"@id":"https:\/\/annaalbert.com\/es\/producto-es\/party-silk-pequenas-artistas\/#primaryimage"},"thumbnailUrl":"https:\/\/annaalbert.com\/wp-content\/uploads\/2019\/03\/foto-masnou16-e1552066533999.jpg","datePublished":"2019-03-21T17:52:01+00:00","dateModified":"2023-10-26T15:43:41+00:00","description":"\u00bfQuieres que tus hijas aprendan de una manera divertida sobre el mundo de la seda y la pintura sobre ella? \u00a1Saca sus peque\u00f1as artistas con este curso!","breadcrumb":{"@id":"https:\/\/annaalbert.com\/es\/producto-es\/party-silk-pequenas-artistas\/#breadcrumb"},"inLanguage":"es","potentialAction":[{"@type":"ReadAction","target":["https:\/\/annaalbert.com\/es\/producto-es\/party-silk-pequenas-artistas\/"]}]},{"@type":"ImageObject","inLanguage":"es","@id":"https:\/\/annaalbert.com\/es\/producto-es\/party-silk-pequenas-artistas\/#primaryimage","url":"https:\/\/annaalbert.com\/wp-content\/uploads\/2019\/03\/foto-masnou16-e1552066533999.jpg","contentUrl":"https:\/\/annaalbert.com\/wp-content\/uploads\/2019\/03\/foto-masnou16-e1552066533999.jpg","width":725,"height":490,"caption":"petites artistes"},{"@type":"BreadcrumbList","@id":"https:\/\/annaalbert.com\/es\/producto-es\/party-silk-pequenas-artistas\/#breadcrumb","itemListElement":[{"@type":"ListItem","position":1,"name":"Portada","item":"https:\/\/annaalbert.com\/es\/"},{"@type":"ListItem","position":2,"name":"Tienda","item":"https:\/\/annaalbert.com\/tienda\/"},{"@type":"ListItem","position":3,"name":"PARTY SILK PEQUE\u00d1AS ARTISTAS"}]},{"@type":"WebSite","@id":"https:\/\/annaalbert.com\/es\/#website","url":"https:\/\/annaalbert.com\/es\/","name":"Art en Seda","description":"Productos de seda pintada a mano, asi como cursos, talleres, experiencias por la artesana Anna Albert","publisher":{"@id":"https:\/\/annaalbert.com\/es\/#organization"},"potentialAction":[{"@type":"SearchAction","target":{"@type":"EntryPoint","urlTemplate":"https:\/\/annaalbert.com\/es\/?s={search_term_string}"},"query-input":{"@type":"PropertyValueSpecification","valueRequired":true,"valueName":"search_term_string"}}],"inLanguage":"es"},{"@type":"Organization","@id":"https:\/\/annaalbert.com\/es\/#organization","name":"Art en Seda by Anna Albert","url":"https:\/\/annaalbert.com\/es\/","logo":{"@type":"ImageObject","inLanguage":"es","@id":"https:\/\/annaalbert.com\/es\/#\/schema\/logo\/image\/","url":"https:\/\/annaalbert.com\/wp-content\/uploads\/2021\/01\/horitzontal_fonsblanc-scaled.jpg","contentUrl":"https:\/\/annaalbert.com\/wp-content\/uploads\/2021\/01\/horitzontal_fonsblanc-scaled.jpg","width":2560,"height":779,"caption":"Art en Seda by Anna Albert"},"image":{"@id":"https:\/\/annaalbert.com\/es\/#\/schema\/logo\/image\/"}}]}},"_links":{"self":[{"href":"https:\/\/annaalbert.com\/es\/wp-json\/wp\/v2\/product\/11138","targetHints":{"allow":["GET"]}}],"collection":[{"href":"https:\/\/annaalbert.com\/es\/wp-json\/wp\/v2\/product"}],"about":[{"href":"https:\/\/annaalbert.com\/es\/wp-json\/wp\/v2\/types\/product"}],"replies":[{"embeddable":true,"href":"https:\/\/annaalbert.com\/es\/wp-json\/wp\/v2\/comments?post=11138"}],"wp:featuredmedia":[{"embeddable":true,"href":"https:\/\/annaalbert.com\/es\/wp-json\/wp\/v2\/media\/4686"}],"wp:attachment":[{"href":"https:\/\/annaalbert.com\/es\/wp-json\/wp\/v2\/media?parent=11138"}],"wp:term":[{"taxonomy":"product_brand","embeddable":true,"href":"https:\/\/annaalbert.com\/es\/wp-json\/wp\/v2\/product_brand?post=11138"},{"taxonomy":"product_cat","embeddable":true,"href":"https:\/\/annaalbert.com\/es\/wp-json\/wp\/v2\/product_cat?post=11138"},{"taxonomy":"product_tag","embeddable":true,"href":"https:\/\/annaalbert.com\/es\/wp-json\/wp\/v2\/product_tag?post=11138"}],"curies":[{"name":"wp","href":"https:\/\/api.w.org\/{rel}","templated":true}]}}