{"id":11136,"date":"2019-03-21T17:52:01","date_gmt":"2019-03-21T17:52:01","guid":{"rendered":"https:\/\/annaalbert.com\/producto\/casal-semana-santa\/"},"modified":"2023-10-26T15:27:14","modified_gmt":"2023-10-26T15:27:14","slug":"casal-semana-santa","status":"publish","type":"product","link":"https:\/\/annaalbert.com\/es\/producto-es\/casal-semana-santa\/","title":{"rendered":"CASAL SEMANA SANTA"},"content":{"rendered":"<h6><strong>Casal semana santa<\/strong><\/h6>\n<p><strong>Explorando los Secretos de la Seda Natural<\/strong><\/p>\n<p>La Semana Santa es un momento perfecto para el aprendizaje y la diversi\u00f3n, y que mejor manera de disfrutar de estos d\u00edas que inmersos en el mundo fascinante de la seda natural? Nuestro casal ofrece una oportunidad \u00fanica para ni\u00f1os y adultos de todas las edades para descubrir los secretos de esta maravillosa fibra y su producci\u00f3n.<\/p>\n<p><strong>Aprender Observando y Haciendo<\/strong><\/p>\n<p>Los gusanos de seda son nuestros peque\u00f1os maestros de la natura, y los participantes podr\u00e1n entender como producen sus hilos de seda. Ser\u00e1 una experiencia did\u00e1ctica y entretenida para toda la familia.<\/p>\n<p><strong>Creaci\u00f3n Art\u00edstica en Seda Natural<\/strong><\/p>\n<p>No solo se aprender\u00e1 sobre los gusanos de seda y su producci\u00f3n de seda natural, sino que tambi\u00e9n puedes experimentar con la creaci\u00f3n art\u00edstica en seda. Tambi\u00e9n, tus propias obras de arte en seda te permitir\u00e1n expresar tu creatividad y llevarte a casa una pieza \u00fanica de tu propia creaci\u00f3n.<\/p>\n<p><strong>Actividades Divertidas para Todos<\/strong><\/p>\n<p>Nuestro casal de semana santa incluye una amplia gama de actividades en el taller de pintura sobre seda. \u00a1Adem\u00e1s, el aprendizaje es una aventura en s\u00ed mismo!<\/p>\n<p><strong>Reserva Hoy Mismo<\/strong><\/p>\n<p>No pierdas la oportunidad de explorar el mundo de la seda natural y su magia esta Semana Santa. Adem\u00e1s, las plazas son limitadas, as\u00ed que reserva hoy mismo y disfruta de una experiencia educativa y divertida que recordar\u00e1s por siempre jam\u00e1s.<\/p>\n<p>Ven con nosotros y ad\u00e9ntrate en el universo de la seda natural estas vacaciones de Semana Santa. Una experiencia que combina el aprendizaje con la creatividad, y que dejar\u00e1 huella en tu alma. No lo dudes m\u00e1s y \u00fanete a nosotros para vivir esta aventura \u00fanica. \u00a1Te esperamos!<\/p>\n","protected":false},"excerpt":{"rendered":"<p>Casal semana santa Explorando los Secretos de la Seda Natural La Semana Santa es un momento perfecto para el aprendizaje y la diversi\u00f3n, y que mejor manera de disfrutar de estos d\u00edas que inmersos en el mundo fascinante de la seda natural? Nuestro casal ofrece una oportunidad \u00fanica para ni\u00f1os y adultos de todas las [&hellip;]<\/p>\n","protected":false},"featured_media":4681,"comment_status":"closed","ping_status":"closed","template":"","meta":{"_et_pb_use_builder":"","_et_pb_old_content":"","_et_gb_content_width":""},"product_brand":[],"product_cat":[451],"product_tag":[],"class_list":{"0":"post-11136","1":"product","2":"type-product","3":"status-publish","4":"has-post-thumbnail","6":"product_cat-experiencias","8":"first","9":"instock","10":"purchasable","11":"product-type-simple"},"yoast_head":"<!-- This site is optimized with the Yoast SEO plugin v27.0 - https:\/\/yoast.com\/product\/yoast-seo-wordpress\/ -->\n<title>CASAL SEMANA SANTA - Art en Seda<\/title>\n<meta name=\"description\" content=\"\u00bfQuieres saber todo de la creaci\u00f3n de la seda y pintar sobre ella? \u00a1En el Casal Semana Santa podr\u00e9is! \u00a1Para todas las edades y no hace falta experiencia!\" \/>\n<meta name=\"robots\" content=\"index, follow, max-snippet:-1, max-image-preview:large, max-video-preview:-1\" \/>\n<link rel=\"canonical\" href=\"https:\/\/annaalbert.com\/es\/producto-es\/casal-semana-santa\/\" \/>\n<meta property=\"og:locale\" content=\"es_ES\" \/>\n<meta property=\"og:type\" content=\"article\" \/>\n<meta property=\"og:title\" content=\"CASAL SEMANA SANTA - Art en Seda\" \/>\n<meta property=\"og:description\" content=\"\u00bfQuieres saber todo de la creaci\u00f3n de la seda y pintar sobre ella? \u00a1En el Casal Semana Santa podr\u00e9is! \u00a1Para todas las edades y no hace falta experiencia!\" \/>\n<meta property=\"og:url\" content=\"https:\/\/annaalbert.com\/es\/producto-es\/casal-semana-santa\/\" \/>\n<meta property=\"og:site_name\" content=\"Art en Seda\" \/>\n<meta property=\"article:modified_time\" content=\"2023-10-26T15:27:14+00:00\" \/>\n<meta property=\"og:image\" content=\"https:\/\/annaalbert.com\/wp-content\/uploads\/2019\/03\/ccc.jpg\" \/>\n\t<meta property=\"og:image:width\" content=\"870\" \/>\n\t<meta property=\"og:image:height\" content=\"588\" \/>\n\t<meta property=\"og:image:type\" content=\"image\/jpeg\" \/>\n<meta name=\"twitter:card\" content=\"summary_large_image\" \/>\n<meta name=\"twitter:label1\" content=\"Tiempo de lectura\" \/>\n\t<meta name=\"twitter:data1\" content=\"2 minutos\" \/>\n<script type=\"application\/ld+json\" class=\"yoast-schema-graph\">{\"@context\":\"https:\/\/schema.org\",\"@graph\":[{\"@type\":\"WebPage\",\"@id\":\"https:\/\/annaalbert.com\/es\/producto-es\/casal-semana-santa\/\",\"url\":\"https:\/\/annaalbert.com\/es\/producto-es\/casal-semana-santa\/\",\"name\":\"CASAL SEMANA SANTA - Art en Seda\",\"isPartOf\":{\"@id\":\"https:\/\/annaalbert.com\/es\/#website\"},\"primaryImageOfPage\":{\"@id\":\"https:\/\/annaalbert.com\/es\/producto-es\/casal-semana-santa\/#primaryimage\"},\"image\":{\"@id\":\"https:\/\/annaalbert.com\/es\/producto-es\/casal-semana-santa\/#primaryimage\"},\"thumbnailUrl\":\"https:\/\/annaalbert.com\/wp-content\/uploads\/2019\/03\/ccc.jpg\",\"datePublished\":\"2019-03-21T17:52:01+00:00\",\"dateModified\":\"2023-10-26T15:27:14+00:00\",\"description\":\"\u00bfQuieres saber todo de la creaci\u00f3n de la seda y pintar sobre ella? \u00a1En el Casal Semana Santa podr\u00e9is! \u00a1Para todas las edades y no hace falta experiencia!\",\"breadcrumb\":{\"@id\":\"https:\/\/annaalbert.com\/es\/producto-es\/casal-semana-santa\/#breadcrumb\"},\"inLanguage\":\"es\",\"potentialAction\":[{\"@type\":\"ReadAction\",\"target\":[\"https:\/\/annaalbert.com\/es\/producto-es\/casal-semana-santa\/\"]}]},{\"@type\":\"ImageObject\",\"inLanguage\":\"es\",\"@id\":\"https:\/\/annaalbert.com\/es\/producto-es\/casal-semana-santa\/#primaryimage\",\"url\":\"https:\/\/annaalbert.com\/wp-content\/uploads\/2019\/03\/ccc.jpg\",\"contentUrl\":\"https:\/\/annaalbert.com\/wp-content\/uploads\/2019\/03\/ccc.jpg\",\"width\":870,\"height\":588,\"caption\":\"casalet setmana santa\"},{\"@type\":\"BreadcrumbList\",\"@id\":\"https:\/\/annaalbert.com\/es\/producto-es\/casal-semana-santa\/#breadcrumb\",\"itemListElement\":[{\"@type\":\"ListItem\",\"position\":1,\"name\":\"Portada\",\"item\":\"https:\/\/annaalbert.com\/es\/\"},{\"@type\":\"ListItem\",\"position\":2,\"name\":\"Tienda\",\"item\":\"https:\/\/annaalbert.com\/tienda\/\"},{\"@type\":\"ListItem\",\"position\":3,\"name\":\"CASAL SEMANA SANTA\"}]},{\"@type\":\"WebSite\",\"@id\":\"https:\/\/annaalbert.com\/es\/#website\",\"url\":\"https:\/\/annaalbert.com\/es\/\",\"name\":\"Art en Seda\",\"description\":\"Productos de seda pintada a mano, asi como cursos, talleres, experiencias por la artesana Anna Albert\",\"publisher\":{\"@id\":\"https:\/\/annaalbert.com\/es\/#organization\"},\"potentialAction\":[{\"@type\":\"SearchAction\",\"target\":{\"@type\":\"EntryPoint\",\"urlTemplate\":\"https:\/\/annaalbert.com\/es\/?s={search_term_string}\"},\"query-input\":{\"@type\":\"PropertyValueSpecification\",\"valueRequired\":true,\"valueName\":\"search_term_string\"}}],\"inLanguage\":\"es\"},{\"@type\":\"Organization\",\"@id\":\"https:\/\/annaalbert.com\/es\/#organization\",\"name\":\"Art en Seda by Anna Albert\",\"url\":\"https:\/\/annaalbert.com\/es\/\",\"logo\":{\"@type\":\"ImageObject\",\"inLanguage\":\"es\",\"@id\":\"https:\/\/annaalbert.com\/es\/#\/schema\/logo\/image\/\",\"url\":\"https:\/\/annaalbert.com\/wp-content\/uploads\/2021\/01\/horitzontal_fonsblanc-scaled.jpg\",\"contentUrl\":\"https:\/\/annaalbert.com\/wp-content\/uploads\/2021\/01\/horitzontal_fonsblanc-scaled.jpg\",\"width\":2560,\"height\":779,\"caption\":\"Art en Seda by Anna Albert\"},\"image\":{\"@id\":\"https:\/\/annaalbert.com\/es\/#\/schema\/logo\/image\/\"}}]}<\/script>\n<!-- \/ Yoast SEO plugin. -->","yoast_head_json":{"title":"CASAL SEMANA SANTA - Art en Seda","description":"\u00bfQuieres saber todo de la creaci\u00f3n de la seda y pintar sobre ella? \u00a1En el Casal Semana Santa podr\u00e9is! \u00a1Para todas las edades y no hace falta experiencia!","robots":{"index":"index","follow":"follow","max-snippet":"max-snippet:-1","max-image-preview":"max-image-preview:large","max-video-preview":"max-video-preview:-1"},"canonical":"https:\/\/annaalbert.com\/es\/producto-es\/casal-semana-santa\/","og_locale":"es_ES","og_type":"article","og_title":"CASAL SEMANA SANTA - Art en Seda","og_description":"\u00bfQuieres saber todo de la creaci\u00f3n de la seda y pintar sobre ella? \u00a1En el Casal Semana Santa podr\u00e9is! \u00a1Para todas las edades y no hace falta experiencia!","og_url":"https:\/\/annaalbert.com\/es\/producto-es\/casal-semana-santa\/","og_site_name":"Art en Seda","article_modified_time":"2023-10-26T15:27:14+00:00","og_image":[{"width":870,"height":588,"url":"https:\/\/annaalbert.com\/wp-content\/uploads\/2019\/03\/ccc.jpg","type":"image\/jpeg"}],"twitter_card":"summary_large_image","twitter_misc":{"Tiempo de lectura":"2 minutos"},"schema":{"@context":"https:\/\/schema.org","@graph":[{"@type":"WebPage","@id":"https:\/\/annaalbert.com\/es\/producto-es\/casal-semana-santa\/","url":"https:\/\/annaalbert.com\/es\/producto-es\/casal-semana-santa\/","name":"CASAL SEMANA SANTA - Art en Seda","isPartOf":{"@id":"https:\/\/annaalbert.com\/es\/#website"},"primaryImageOfPage":{"@id":"https:\/\/annaalbert.com\/es\/producto-es\/casal-semana-santa\/#primaryimage"},"image":{"@id":"https:\/\/annaalbert.com\/es\/producto-es\/casal-semana-santa\/#primaryimage"},"thumbnailUrl":"https:\/\/annaalbert.com\/wp-content\/uploads\/2019\/03\/ccc.jpg","datePublished":"2019-03-21T17:52:01+00:00","dateModified":"2023-10-26T15:27:14+00:00","description":"\u00bfQuieres saber todo de la creaci\u00f3n de la seda y pintar sobre ella? \u00a1En el Casal Semana Santa podr\u00e9is! \u00a1Para todas las edades y no hace falta experiencia!","breadcrumb":{"@id":"https:\/\/annaalbert.com\/es\/producto-es\/casal-semana-santa\/#breadcrumb"},"inLanguage":"es","potentialAction":[{"@type":"ReadAction","target":["https:\/\/annaalbert.com\/es\/producto-es\/casal-semana-santa\/"]}]},{"@type":"ImageObject","inLanguage":"es","@id":"https:\/\/annaalbert.com\/es\/producto-es\/casal-semana-santa\/#primaryimage","url":"https:\/\/annaalbert.com\/wp-content\/uploads\/2019\/03\/ccc.jpg","contentUrl":"https:\/\/annaalbert.com\/wp-content\/uploads\/2019\/03\/ccc.jpg","width":870,"height":588,"caption":"casalet setmana santa"},{"@type":"BreadcrumbList","@id":"https:\/\/annaalbert.com\/es\/producto-es\/casal-semana-santa\/#breadcrumb","itemListElement":[{"@type":"ListItem","position":1,"name":"Portada","item":"https:\/\/annaalbert.com\/es\/"},{"@type":"ListItem","position":2,"name":"Tienda","item":"https:\/\/annaalbert.com\/tienda\/"},{"@type":"ListItem","position":3,"name":"CASAL SEMANA SANTA"}]},{"@type":"WebSite","@id":"https:\/\/annaalbert.com\/es\/#website","url":"https:\/\/annaalbert.com\/es\/","name":"Art en Seda","description":"Productos de seda pintada a mano, asi como cursos, talleres, experiencias por la artesana Anna Albert","publisher":{"@id":"https:\/\/annaalbert.com\/es\/#organization"},"potentialAction":[{"@type":"SearchAction","target":{"@type":"EntryPoint","urlTemplate":"https:\/\/annaalbert.com\/es\/?s={search_term_string}"},"query-input":{"@type":"PropertyValueSpecification","valueRequired":true,"valueName":"search_term_string"}}],"inLanguage":"es"},{"@type":"Organization","@id":"https:\/\/annaalbert.com\/es\/#organization","name":"Art en Seda by Anna Albert","url":"https:\/\/annaalbert.com\/es\/","logo":{"@type":"ImageObject","inLanguage":"es","@id":"https:\/\/annaalbert.com\/es\/#\/schema\/logo\/image\/","url":"https:\/\/annaalbert.com\/wp-content\/uploads\/2021\/01\/horitzontal_fonsblanc-scaled.jpg","contentUrl":"https:\/\/annaalbert.com\/wp-content\/uploads\/2021\/01\/horitzontal_fonsblanc-scaled.jpg","width":2560,"height":779,"caption":"Art en Seda by Anna Albert"},"image":{"@id":"https:\/\/annaalbert.com\/es\/#\/schema\/logo\/image\/"}}]}},"_links":{"self":[{"href":"https:\/\/annaalbert.com\/es\/wp-json\/wp\/v2\/product\/11136","targetHints":{"allow":["GET"]}}],"collection":[{"href":"https:\/\/annaalbert.com\/es\/wp-json\/wp\/v2\/product"}],"about":[{"href":"https:\/\/annaalbert.com\/es\/wp-json\/wp\/v2\/types\/product"}],"replies":[{"embeddable":true,"href":"https:\/\/annaalbert.com\/es\/wp-json\/wp\/v2\/comments?post=11136"}],"wp:featuredmedia":[{"embeddable":true,"href":"https:\/\/annaalbert.com\/es\/wp-json\/wp\/v2\/media\/4681"}],"wp:attachment":[{"href":"https:\/\/annaalbert.com\/es\/wp-json\/wp\/v2\/media?parent=11136"}],"wp:term":[{"taxonomy":"product_brand","embeddable":true,"href":"https:\/\/annaalbert.com\/es\/wp-json\/wp\/v2\/product_brand?post=11136"},{"taxonomy":"product_cat","embeddable":true,"href":"https:\/\/annaalbert.com\/es\/wp-json\/wp\/v2\/product_cat?post=11136"},{"taxonomy":"product_tag","embeddable":true,"href":"https:\/\/annaalbert.com\/es\/wp-json\/wp\/v2\/product_tag?post=11136"}],"curies":[{"name":"wp","href":"https:\/\/api.w.org\/{rel}","templated":true}]}}