{"id":10906,"date":"2019-03-21T17:51:02","date_gmt":"2019-03-21T17:51:02","guid":{"rendered":"https:\/\/annaalbert.com\/producto\/fular-seda-natural-flores-burdeos\/"},"modified":"2025-10-21T13:32:26","modified_gmt":"2025-10-21T13:32:26","slug":"fular-seda-natural-flores-burdeos","status":"publish","type":"product","link":"https:\/\/annaalbert.com\/es\/producto-es\/fular-seda-natural-flores-burdeos\/","title":{"rendered":"PA\u00d1UELO DE SEDA NATURAL DE FLORES BURDEOS"},"content":{"rendered":"<p>Pa\u00f1uelo de seda natural de flores burdeos.<\/p>\n<p>Este <strong>pa\u00f1uelo de seda natural de flores burdeos<\/strong> est\u00e1 pensado para una mujer atrevida pero elegante.<\/p>\n<p>Ya sea para una ocasi\u00f3n especial o para el uso diario, este fular se convierte en un s\u00edmbolo de buen gusto y refinamiento. Es la fusi\u00f3n perfecta entre arte y moda, una obra de arte que se despliega cuando se lleva y cautiva las miradas con su propia historia de belleza y elegancia.<\/p>\n<p>Adem\u00e1s, est\u00e1 hecho con <strong>seda crep<\/strong> para darle luz y fuerza a los colores y disfrutar de este tejido con cuerpo y cayendo.<\/p>\n<p>Los dos colores del fondo, pintados a pincel, dan fuerza y personalidad a las flores pintadas con ambos colores. El burdeos inspira serenidad y tiene una connotaci\u00f3n m\u00e1s conservadora y equilibra suavemente, un rojo activo y salvaje.<\/p>\n<p>Flores grandes que van de lado a lado del fular, acompa\u00f1adas de hojas pintadas con dos tonalidades de verde y que nos recuerdan que la natura est\u00e1 llena de vida.<\/p>\n<p>Puedo entender a tantos de artistas de todas las \u00e9pocas que se han dejado llevar por la magia de las flores en su obra. En mi caso, el modernismo floral ha sido un referente que me acompa\u00f1a y desde el cual fluye mucha de mi inspiraci\u00f3n.<\/p>\n<p>Natura, color y fantas\u00eda se encuentran en esta obra y nos invitan a disfrutar del que nos rodea.<\/p>\n<p>&nbsp;<\/p>\n","protected":false},"excerpt":{"rendered":"<p>Fular de seda crepe con flores burdeos y rojo y fondo de los dos colores<\/p>\n<p> Medidas de 150cm<\/p>\n","protected":false},"featured_media":10907,"comment_status":"closed","ping_status":"closed","template":"","meta":{"_et_pb_use_builder":"","_et_pb_old_content":"","_et_gb_content_width":""},"product_brand":[],"product_cat":[174],"product_tag":[],"class_list":{"0":"post-10906","1":"product","2":"type-product","3":"status-publish","4":"has-post-thumbnail","6":"product_cat-fulards","8":"first","9":"instock","10":"purchasable","11":"product-type-simple"},"yoast_head":"<!-- This site is optimized with the Yoast SEO plugin v27.0 - https:\/\/yoast.com\/product\/yoast-seo-wordpress\/ -->\n<title>PA\u00d1UELO DE SEDA NATURAL DE FLORES BURDEOS - Art en Seda<\/title>\n<meta name=\"description\" content=\"Pa\u00f1uelo de seda natural de flores burdeos pensado para una mujer atrevida pero elegante. Para varias ocasiones y no deja indiferente al espectador.\" \/>\n<meta name=\"robots\" content=\"index, follow, max-snippet:-1, max-image-preview:large, max-video-preview:-1\" \/>\n<link rel=\"canonical\" href=\"https:\/\/annaalbert.com\/es\/producto-es\/fular-seda-natural-flores-burdeos\/\" \/>\n<meta property=\"og:locale\" content=\"es_ES\" \/>\n<meta property=\"og:type\" content=\"article\" \/>\n<meta property=\"og:title\" content=\"PA\u00d1UELO DE SEDA NATURAL DE FLORES BURDEOS - Art en Seda\" \/>\n<meta property=\"og:description\" content=\"Pa\u00f1uelo de seda natural de flores burdeos pensado para una mujer atrevida pero elegante. Para varias ocasiones y no deja indiferente al espectador.\" \/>\n<meta property=\"og:url\" content=\"https:\/\/annaalbert.com\/es\/producto-es\/fular-seda-natural-flores-burdeos\/\" \/>\n<meta property=\"og:site_name\" content=\"Art en Seda\" \/>\n<meta property=\"article:modified_time\" content=\"2025-10-21T13:32:26+00:00\" \/>\n<meta property=\"og:image\" content=\"https:\/\/annaalbert.com\/wp-content\/uploads\/2019\/03\/2867-1.jpg\" \/>\n\t<meta property=\"og:image:width\" content=\"800\" \/>\n\t<meta property=\"og:image:height\" content=\"960\" \/>\n\t<meta property=\"og:image:type\" content=\"image\/jpeg\" \/>\n<meta name=\"twitter:card\" content=\"summary_large_image\" \/>\n<meta name=\"twitter:label1\" content=\"Tiempo de lectura\" \/>\n\t<meta name=\"twitter:data1\" content=\"1 minuto\" \/>\n<script type=\"application\/ld+json\" class=\"yoast-schema-graph\">{\"@context\":\"https:\/\/schema.org\",\"@graph\":[{\"@type\":\"WebPage\",\"@id\":\"https:\/\/annaalbert.com\/es\/producto-es\/fular-seda-natural-flores-burdeos\/\",\"url\":\"https:\/\/annaalbert.com\/es\/producto-es\/fular-seda-natural-flores-burdeos\/\",\"name\":\"PA\u00d1UELO DE SEDA NATURAL DE FLORES BURDEOS - Art en Seda\",\"isPartOf\":{\"@id\":\"https:\/\/annaalbert.com\/es\/#website\"},\"primaryImageOfPage\":{\"@id\":\"https:\/\/annaalbert.com\/es\/producto-es\/fular-seda-natural-flores-burdeos\/#primaryimage\"},\"image\":{\"@id\":\"https:\/\/annaalbert.com\/es\/producto-es\/fular-seda-natural-flores-burdeos\/#primaryimage\"},\"thumbnailUrl\":\"https:\/\/annaalbert.com\/wp-content\/uploads\/2019\/03\/2867-1.jpg\",\"datePublished\":\"2019-03-21T17:51:02+00:00\",\"dateModified\":\"2025-10-21T13:32:26+00:00\",\"description\":\"Pa\u00f1uelo de seda natural de flores burdeos pensado para una mujer atrevida pero elegante. Para varias ocasiones y no deja indiferente al espectador.\",\"breadcrumb\":{\"@id\":\"https:\/\/annaalbert.com\/es\/producto-es\/fular-seda-natural-flores-burdeos\/#breadcrumb\"},\"inLanguage\":\"es\",\"potentialAction\":[{\"@type\":\"ReadAction\",\"target\":[\"https:\/\/annaalbert.com\/es\/producto-es\/fular-seda-natural-flores-burdeos\/\"]}]},{\"@type\":\"ImageObject\",\"inLanguage\":\"es\",\"@id\":\"https:\/\/annaalbert.com\/es\/producto-es\/fular-seda-natural-flores-burdeos\/#primaryimage\",\"url\":\"https:\/\/annaalbert.com\/wp-content\/uploads\/2019\/03\/2867-1.jpg\",\"contentUrl\":\"https:\/\/annaalbert.com\/wp-content\/uploads\/2019\/03\/2867-1.jpg\",\"width\":800,\"height\":960,\"caption\":\"fulard seda natural flors burdeus\"},{\"@type\":\"BreadcrumbList\",\"@id\":\"https:\/\/annaalbert.com\/es\/producto-es\/fular-seda-natural-flores-burdeos\/#breadcrumb\",\"itemListElement\":[{\"@type\":\"ListItem\",\"position\":1,\"name\":\"Portada\",\"item\":\"https:\/\/annaalbert.com\/es\/\"},{\"@type\":\"ListItem\",\"position\":2,\"name\":\"Tienda\",\"item\":\"https:\/\/annaalbert.com\/tienda\/\"},{\"@type\":\"ListItem\",\"position\":3,\"name\":\"PA\u00d1UELO DE SEDA NATURAL DE FLORES BURDEOS\"}]},{\"@type\":\"WebSite\",\"@id\":\"https:\/\/annaalbert.com\/es\/#website\",\"url\":\"https:\/\/annaalbert.com\/es\/\",\"name\":\"Art en Seda\",\"description\":\"Productos de seda pintada a mano, asi como cursos, talleres, experiencias por la artesana Anna Albert\",\"publisher\":{\"@id\":\"https:\/\/annaalbert.com\/es\/#organization\"},\"potentialAction\":[{\"@type\":\"SearchAction\",\"target\":{\"@type\":\"EntryPoint\",\"urlTemplate\":\"https:\/\/annaalbert.com\/es\/?s={search_term_string}\"},\"query-input\":{\"@type\":\"PropertyValueSpecification\",\"valueRequired\":true,\"valueName\":\"search_term_string\"}}],\"inLanguage\":\"es\"},{\"@type\":\"Organization\",\"@id\":\"https:\/\/annaalbert.com\/es\/#organization\",\"name\":\"Art en Seda by Anna Albert\",\"url\":\"https:\/\/annaalbert.com\/es\/\",\"logo\":{\"@type\":\"ImageObject\",\"inLanguage\":\"es\",\"@id\":\"https:\/\/annaalbert.com\/es\/#\/schema\/logo\/image\/\",\"url\":\"https:\/\/annaalbert.com\/wp-content\/uploads\/2021\/01\/horitzontal_fonsblanc-scaled.jpg\",\"contentUrl\":\"https:\/\/annaalbert.com\/wp-content\/uploads\/2021\/01\/horitzontal_fonsblanc-scaled.jpg\",\"width\":2560,\"height\":779,\"caption\":\"Art en Seda by Anna Albert\"},\"image\":{\"@id\":\"https:\/\/annaalbert.com\/es\/#\/schema\/logo\/image\/\"}}]}<\/script>\n<!-- \/ Yoast SEO plugin. -->","yoast_head_json":{"title":"PA\u00d1UELO DE SEDA NATURAL DE FLORES BURDEOS - Art en Seda","description":"Pa\u00f1uelo de seda natural de flores burdeos pensado para una mujer atrevida pero elegante. Para varias ocasiones y no deja indiferente al espectador.","robots":{"index":"index","follow":"follow","max-snippet":"max-snippet:-1","max-image-preview":"max-image-preview:large","max-video-preview":"max-video-preview:-1"},"canonical":"https:\/\/annaalbert.com\/es\/producto-es\/fular-seda-natural-flores-burdeos\/","og_locale":"es_ES","og_type":"article","og_title":"PA\u00d1UELO DE SEDA NATURAL DE FLORES BURDEOS - Art en Seda","og_description":"Pa\u00f1uelo de seda natural de flores burdeos pensado para una mujer atrevida pero elegante. Para varias ocasiones y no deja indiferente al espectador.","og_url":"https:\/\/annaalbert.com\/es\/producto-es\/fular-seda-natural-flores-burdeos\/","og_site_name":"Art en Seda","article_modified_time":"2025-10-21T13:32:26+00:00","og_image":[{"width":800,"height":960,"url":"https:\/\/annaalbert.com\/wp-content\/uploads\/2019\/03\/2867-1.jpg","type":"image\/jpeg"}],"twitter_card":"summary_large_image","twitter_misc":{"Tiempo de lectura":"1 minuto"},"schema":{"@context":"https:\/\/schema.org","@graph":[{"@type":"WebPage","@id":"https:\/\/annaalbert.com\/es\/producto-es\/fular-seda-natural-flores-burdeos\/","url":"https:\/\/annaalbert.com\/es\/producto-es\/fular-seda-natural-flores-burdeos\/","name":"PA\u00d1UELO DE SEDA NATURAL DE FLORES BURDEOS - Art en Seda","isPartOf":{"@id":"https:\/\/annaalbert.com\/es\/#website"},"primaryImageOfPage":{"@id":"https:\/\/annaalbert.com\/es\/producto-es\/fular-seda-natural-flores-burdeos\/#primaryimage"},"image":{"@id":"https:\/\/annaalbert.com\/es\/producto-es\/fular-seda-natural-flores-burdeos\/#primaryimage"},"thumbnailUrl":"https:\/\/annaalbert.com\/wp-content\/uploads\/2019\/03\/2867-1.jpg","datePublished":"2019-03-21T17:51:02+00:00","dateModified":"2025-10-21T13:32:26+00:00","description":"Pa\u00f1uelo de seda natural de flores burdeos pensado para una mujer atrevida pero elegante. Para varias ocasiones y no deja indiferente al espectador.","breadcrumb":{"@id":"https:\/\/annaalbert.com\/es\/producto-es\/fular-seda-natural-flores-burdeos\/#breadcrumb"},"inLanguage":"es","potentialAction":[{"@type":"ReadAction","target":["https:\/\/annaalbert.com\/es\/producto-es\/fular-seda-natural-flores-burdeos\/"]}]},{"@type":"ImageObject","inLanguage":"es","@id":"https:\/\/annaalbert.com\/es\/producto-es\/fular-seda-natural-flores-burdeos\/#primaryimage","url":"https:\/\/annaalbert.com\/wp-content\/uploads\/2019\/03\/2867-1.jpg","contentUrl":"https:\/\/annaalbert.com\/wp-content\/uploads\/2019\/03\/2867-1.jpg","width":800,"height":960,"caption":"fulard seda natural flors burdeus"},{"@type":"BreadcrumbList","@id":"https:\/\/annaalbert.com\/es\/producto-es\/fular-seda-natural-flores-burdeos\/#breadcrumb","itemListElement":[{"@type":"ListItem","position":1,"name":"Portada","item":"https:\/\/annaalbert.com\/es\/"},{"@type":"ListItem","position":2,"name":"Tienda","item":"https:\/\/annaalbert.com\/tienda\/"},{"@type":"ListItem","position":3,"name":"PA\u00d1UELO DE SEDA NATURAL DE FLORES BURDEOS"}]},{"@type":"WebSite","@id":"https:\/\/annaalbert.com\/es\/#website","url":"https:\/\/annaalbert.com\/es\/","name":"Art en Seda","description":"Productos de seda pintada a mano, asi como cursos, talleres, experiencias por la artesana Anna Albert","publisher":{"@id":"https:\/\/annaalbert.com\/es\/#organization"},"potentialAction":[{"@type":"SearchAction","target":{"@type":"EntryPoint","urlTemplate":"https:\/\/annaalbert.com\/es\/?s={search_term_string}"},"query-input":{"@type":"PropertyValueSpecification","valueRequired":true,"valueName":"search_term_string"}}],"inLanguage":"es"},{"@type":"Organization","@id":"https:\/\/annaalbert.com\/es\/#organization","name":"Art en Seda by Anna Albert","url":"https:\/\/annaalbert.com\/es\/","logo":{"@type":"ImageObject","inLanguage":"es","@id":"https:\/\/annaalbert.com\/es\/#\/schema\/logo\/image\/","url":"https:\/\/annaalbert.com\/wp-content\/uploads\/2021\/01\/horitzontal_fonsblanc-scaled.jpg","contentUrl":"https:\/\/annaalbert.com\/wp-content\/uploads\/2021\/01\/horitzontal_fonsblanc-scaled.jpg","width":2560,"height":779,"caption":"Art en Seda by Anna Albert"},"image":{"@id":"https:\/\/annaalbert.com\/es\/#\/schema\/logo\/image\/"}}]}},"_links":{"self":[{"href":"https:\/\/annaalbert.com\/es\/wp-json\/wp\/v2\/product\/10906","targetHints":{"allow":["GET"]}}],"collection":[{"href":"https:\/\/annaalbert.com\/es\/wp-json\/wp\/v2\/product"}],"about":[{"href":"https:\/\/annaalbert.com\/es\/wp-json\/wp\/v2\/types\/product"}],"replies":[{"embeddable":true,"href":"https:\/\/annaalbert.com\/es\/wp-json\/wp\/v2\/comments?post=10906"}],"wp:featuredmedia":[{"embeddable":true,"href":"https:\/\/annaalbert.com\/es\/wp-json\/wp\/v2\/media\/10907"}],"wp:attachment":[{"href":"https:\/\/annaalbert.com\/es\/wp-json\/wp\/v2\/media?parent=10906"}],"wp:term":[{"taxonomy":"product_brand","embeddable":true,"href":"https:\/\/annaalbert.com\/es\/wp-json\/wp\/v2\/product_brand?post=10906"},{"taxonomy":"product_cat","embeddable":true,"href":"https:\/\/annaalbert.com\/es\/wp-json\/wp\/v2\/product_cat?post=10906"},{"taxonomy":"product_tag","embeddable":true,"href":"https:\/\/annaalbert.com\/es\/wp-json\/wp\/v2\/product_tag?post=10906"}],"curies":[{"name":"wp","href":"https:\/\/api.w.org\/{rel}","templated":true}]}}