{"id":10903,"date":"2020-04-16T23:12:03","date_gmt":"2020-04-16T23:12:03","guid":{"rendered":"https:\/\/annaalbert.com\/producto\/flor-seda-natural-amarilla\/"},"modified":"2024-04-03T09:14:54","modified_gmt":"2024-04-03T09:14:54","slug":"flor-seda-natural-amarilla","status":"publish","type":"product","link":"https:\/\/annaalbert.com\/es\/producto-es\/flor-seda-natural-amarilla\/","title":{"rendered":"FLOR DE SEDA NATURAL AMARILLA"},"content":{"rendered":"<p>Flor de seda natural amarilla. Descubre la elegancia y la sofisticaci\u00f3n con nuestro espectacular pa\u00f1uelo de seda natural amarillo. Esta pieza exclusiva es mucho m\u00e1s que una simple prenda de ropa; es una declaraci\u00f3n de gusto y estilo.<\/p>\n<p>Pa\u00f1uelo de seda muselina de color amarillo. Mide 150&#215;45, de seda vaporosa y suave, una caricia para el cuerpo.<\/p>\n<p>El color amarillo es sin\u00f3nimo de joya, felicidad y vitalidad. Este fular amarillo iluminar\u00e1 tu estilo personal y a\u00f1adir\u00e1 un toque de resplandor a tus conjuntos. Sea cual sea tu estilo, el fular amarillo se combina perfectamente con una gran variedad de ropa, desde trajes elegantes hasta conjuntos m\u00e1s casuales. Adem\u00e1s, su versatilidad te permite utilizarlo en todas las estaciones.<\/p>\n<p>Esta flor de seda natural amarilla es un modelo abstracto a base de manchas de colores y muy combinable para cualquier outfit casual.<\/p>\n<p>Es el fular m\u00e1s multifunci\u00f3n que tengo y lo dispongo de muchos colores diferentes.<\/p>\n<p>Tambi\u00e9n se puede llevado tanto en verano como pareo, de cintur\u00f3n, en la cabeza, entre los cabellos haciendo una trenza como en el cuello a pleno invierno.<\/p>\n<p>Este pa\u00f1uelo de seda muselina de color amarillo se presenta envuelto c\u00f3mo si fuera una flor. No esperes m\u00e1s para a\u00f1adir esta joya a tu colecci\u00f3n de moda. Eleva tu estilo con nuestro fular de seda amarilla y deja que tu elegancia brille en cada momento de tu vida.<\/p>\n<p>&nbsp;<\/p>\n<p>&nbsp;<\/p>\n","protected":false},"excerpt":{"rendered":"<p>Pa\u00f1uelo de seda muselina pintada con con tonos amarillos<\/p>\n<p>Medidas de 150&#215;45<\/p>\n<p>&nbsp;<\/p>\n","protected":false},"featured_media":8345,"comment_status":"closed","ping_status":"closed","template":"","meta":{"_et_pb_use_builder":"","_et_pb_old_content":"","_et_gb_content_width":""},"product_brand":[],"product_cat":[430],"product_tag":[448,186,434],"class_list":{"0":"post-10903","1":"product","2":"type-product","3":"status-publish","4":"has-post-thumbnail","6":"product_cat-flores-de-seda-es","7":"product_tag-fular-amarillo-panuelo-de-seda","8":"product_tag-fulard-de-seda","9":"product_tag-panuelo-de-cuello","11":"first","12":"instock","13":"taxable","14":"shipping-taxable","15":"purchasable","16":"product-type-simple"},"yoast_head":"<!-- This site is optimized with the Yoast SEO plugin v27.0 - https:\/\/yoast.com\/product\/yoast-seo-wordpress\/ -->\n<title>Flor de seda natural amarilla - Art en Seda<\/title>\n<meta name=\"description\" content=\"Flor de seda natural amarilla. Medida de 150x45. Pieza \u00fanica pintada a pincel a base de manchas de color amarillo. Presentado en forma de flor.\" \/>\n<meta name=\"robots\" content=\"index, follow, max-snippet:-1, max-image-preview:large, max-video-preview:-1\" \/>\n<link rel=\"canonical\" href=\"https:\/\/annaalbert.com\/es\/producto-es\/flor-seda-natural-amarilla\/\" \/>\n<meta property=\"og:locale\" content=\"es_ES\" \/>\n<meta property=\"og:type\" content=\"article\" \/>\n<meta property=\"og:title\" content=\"Flor de seda natural amarilla - Art en Seda\" \/>\n<meta property=\"og:description\" content=\"Flor de seda natural amarilla. Medida de 150x45. Pieza \u00fanica pintada a pincel a base de manchas de color amarillo. Presentado en forma de flor.\" \/>\n<meta property=\"og:url\" content=\"https:\/\/annaalbert.com\/es\/producto-es\/flor-seda-natural-amarilla\/\" \/>\n<meta property=\"og:site_name\" content=\"Art en Seda\" \/>\n<meta property=\"article:modified_time\" content=\"2024-04-03T09:14:54+00:00\" \/>\n<meta property=\"og:image\" content=\"https:\/\/annaalbert.com\/wp-content\/uploads\/2020\/04\/rosa-groga-1.jpg\" \/>\n\t<meta property=\"og:image:width\" content=\"800\" \/>\n\t<meta property=\"og:image:height\" content=\"960\" \/>\n\t<meta property=\"og:image:type\" content=\"image\/jpeg\" \/>\n<meta name=\"twitter:card\" content=\"summary_large_image\" \/>\n<meta name=\"twitter:label1\" content=\"Tiempo de lectura\" \/>\n\t<meta name=\"twitter:data1\" content=\"1 minuto\" \/>\n<script type=\"application\/ld+json\" class=\"yoast-schema-graph\">{\"@context\":\"https:\/\/schema.org\",\"@graph\":[{\"@type\":\"WebPage\",\"@id\":\"https:\/\/annaalbert.com\/es\/producto-es\/flor-seda-natural-amarilla\/\",\"url\":\"https:\/\/annaalbert.com\/es\/producto-es\/flor-seda-natural-amarilla\/\",\"name\":\"Flor de seda natural amarilla - Art en Seda\",\"isPartOf\":{\"@id\":\"https:\/\/annaalbert.com\/es\/#website\"},\"primaryImageOfPage\":{\"@id\":\"https:\/\/annaalbert.com\/es\/producto-es\/flor-seda-natural-amarilla\/#primaryimage\"},\"image\":{\"@id\":\"https:\/\/annaalbert.com\/es\/producto-es\/flor-seda-natural-amarilla\/#primaryimage\"},\"thumbnailUrl\":\"https:\/\/annaalbert.com\/wp-content\/uploads\/2020\/04\/rosa-groga-1.jpg\",\"datePublished\":\"2020-04-16T23:12:03+00:00\",\"dateModified\":\"2024-04-03T09:14:54+00:00\",\"description\":\"Flor de seda natural amarilla. Medida de 150x45. Pieza \u00fanica pintada a pincel a base de manchas de color amarillo. Presentado en forma de flor.\",\"breadcrumb\":{\"@id\":\"https:\/\/annaalbert.com\/es\/producto-es\/flor-seda-natural-amarilla\/#breadcrumb\"},\"inLanguage\":\"es\",\"potentialAction\":[{\"@type\":\"ReadAction\",\"target\":[\"https:\/\/annaalbert.com\/es\/producto-es\/flor-seda-natural-amarilla\/\"]}]},{\"@type\":\"ImageObject\",\"inLanguage\":\"es\",\"@id\":\"https:\/\/annaalbert.com\/es\/producto-es\/flor-seda-natural-amarilla\/#primaryimage\",\"url\":\"https:\/\/annaalbert.com\/wp-content\/uploads\/2020\/04\/rosa-groga-1.jpg\",\"contentUrl\":\"https:\/\/annaalbert.com\/wp-content\/uploads\/2020\/04\/rosa-groga-1.jpg\",\"width\":800,\"height\":960,\"caption\":\"Flor seda natural groga\"},{\"@type\":\"BreadcrumbList\",\"@id\":\"https:\/\/annaalbert.com\/es\/producto-es\/flor-seda-natural-amarilla\/#breadcrumb\",\"itemListElement\":[{\"@type\":\"ListItem\",\"position\":1,\"name\":\"Portada\",\"item\":\"https:\/\/annaalbert.com\/es\/\"},{\"@type\":\"ListItem\",\"position\":2,\"name\":\"Tienda\",\"item\":\"https:\/\/annaalbert.com\/tienda\/\"},{\"@type\":\"ListItem\",\"position\":3,\"name\":\"FLOR DE SEDA NATURAL AMARILLA\"}]},{\"@type\":\"WebSite\",\"@id\":\"https:\/\/annaalbert.com\/es\/#website\",\"url\":\"https:\/\/annaalbert.com\/es\/\",\"name\":\"Art en Seda\",\"description\":\"Productos de seda pintada a mano, asi como cursos, talleres, experiencias por la artesana Anna Albert\",\"publisher\":{\"@id\":\"https:\/\/annaalbert.com\/es\/#organization\"},\"potentialAction\":[{\"@type\":\"SearchAction\",\"target\":{\"@type\":\"EntryPoint\",\"urlTemplate\":\"https:\/\/annaalbert.com\/es\/?s={search_term_string}\"},\"query-input\":{\"@type\":\"PropertyValueSpecification\",\"valueRequired\":true,\"valueName\":\"search_term_string\"}}],\"inLanguage\":\"es\"},{\"@type\":\"Organization\",\"@id\":\"https:\/\/annaalbert.com\/es\/#organization\",\"name\":\"Art en Seda by Anna Albert\",\"url\":\"https:\/\/annaalbert.com\/es\/\",\"logo\":{\"@type\":\"ImageObject\",\"inLanguage\":\"es\",\"@id\":\"https:\/\/annaalbert.com\/es\/#\/schema\/logo\/image\/\",\"url\":\"https:\/\/annaalbert.com\/wp-content\/uploads\/2021\/01\/horitzontal_fonsblanc-scaled.jpg\",\"contentUrl\":\"https:\/\/annaalbert.com\/wp-content\/uploads\/2021\/01\/horitzontal_fonsblanc-scaled.jpg\",\"width\":2560,\"height\":779,\"caption\":\"Art en Seda by Anna Albert\"},\"image\":{\"@id\":\"https:\/\/annaalbert.com\/es\/#\/schema\/logo\/image\/\"}}]}<\/script>\n<!-- \/ Yoast SEO plugin. -->","yoast_head_json":{"title":"Flor de seda natural amarilla - Art en Seda","description":"Flor de seda natural amarilla. Medida de 150x45. Pieza \u00fanica pintada a pincel a base de manchas de color amarillo. Presentado en forma de flor.","robots":{"index":"index","follow":"follow","max-snippet":"max-snippet:-1","max-image-preview":"max-image-preview:large","max-video-preview":"max-video-preview:-1"},"canonical":"https:\/\/annaalbert.com\/es\/producto-es\/flor-seda-natural-amarilla\/","og_locale":"es_ES","og_type":"article","og_title":"Flor de seda natural amarilla - Art en Seda","og_description":"Flor de seda natural amarilla. Medida de 150x45. Pieza \u00fanica pintada a pincel a base de manchas de color amarillo. Presentado en forma de flor.","og_url":"https:\/\/annaalbert.com\/es\/producto-es\/flor-seda-natural-amarilla\/","og_site_name":"Art en Seda","article_modified_time":"2024-04-03T09:14:54+00:00","og_image":[{"width":800,"height":960,"url":"https:\/\/annaalbert.com\/wp-content\/uploads\/2020\/04\/rosa-groga-1.jpg","type":"image\/jpeg"}],"twitter_card":"summary_large_image","twitter_misc":{"Tiempo de lectura":"1 minuto"},"schema":{"@context":"https:\/\/schema.org","@graph":[{"@type":"WebPage","@id":"https:\/\/annaalbert.com\/es\/producto-es\/flor-seda-natural-amarilla\/","url":"https:\/\/annaalbert.com\/es\/producto-es\/flor-seda-natural-amarilla\/","name":"Flor de seda natural amarilla - Art en Seda","isPartOf":{"@id":"https:\/\/annaalbert.com\/es\/#website"},"primaryImageOfPage":{"@id":"https:\/\/annaalbert.com\/es\/producto-es\/flor-seda-natural-amarilla\/#primaryimage"},"image":{"@id":"https:\/\/annaalbert.com\/es\/producto-es\/flor-seda-natural-amarilla\/#primaryimage"},"thumbnailUrl":"https:\/\/annaalbert.com\/wp-content\/uploads\/2020\/04\/rosa-groga-1.jpg","datePublished":"2020-04-16T23:12:03+00:00","dateModified":"2024-04-03T09:14:54+00:00","description":"Flor de seda natural amarilla. Medida de 150x45. Pieza \u00fanica pintada a pincel a base de manchas de color amarillo. Presentado en forma de flor.","breadcrumb":{"@id":"https:\/\/annaalbert.com\/es\/producto-es\/flor-seda-natural-amarilla\/#breadcrumb"},"inLanguage":"es","potentialAction":[{"@type":"ReadAction","target":["https:\/\/annaalbert.com\/es\/producto-es\/flor-seda-natural-amarilla\/"]}]},{"@type":"ImageObject","inLanguage":"es","@id":"https:\/\/annaalbert.com\/es\/producto-es\/flor-seda-natural-amarilla\/#primaryimage","url":"https:\/\/annaalbert.com\/wp-content\/uploads\/2020\/04\/rosa-groga-1.jpg","contentUrl":"https:\/\/annaalbert.com\/wp-content\/uploads\/2020\/04\/rosa-groga-1.jpg","width":800,"height":960,"caption":"Flor seda natural groga"},{"@type":"BreadcrumbList","@id":"https:\/\/annaalbert.com\/es\/producto-es\/flor-seda-natural-amarilla\/#breadcrumb","itemListElement":[{"@type":"ListItem","position":1,"name":"Portada","item":"https:\/\/annaalbert.com\/es\/"},{"@type":"ListItem","position":2,"name":"Tienda","item":"https:\/\/annaalbert.com\/tienda\/"},{"@type":"ListItem","position":3,"name":"FLOR DE SEDA NATURAL AMARILLA"}]},{"@type":"WebSite","@id":"https:\/\/annaalbert.com\/es\/#website","url":"https:\/\/annaalbert.com\/es\/","name":"Art en Seda","description":"Productos de seda pintada a mano, asi como cursos, talleres, experiencias por la artesana Anna Albert","publisher":{"@id":"https:\/\/annaalbert.com\/es\/#organization"},"potentialAction":[{"@type":"SearchAction","target":{"@type":"EntryPoint","urlTemplate":"https:\/\/annaalbert.com\/es\/?s={search_term_string}"},"query-input":{"@type":"PropertyValueSpecification","valueRequired":true,"valueName":"search_term_string"}}],"inLanguage":"es"},{"@type":"Organization","@id":"https:\/\/annaalbert.com\/es\/#organization","name":"Art en Seda by Anna Albert","url":"https:\/\/annaalbert.com\/es\/","logo":{"@type":"ImageObject","inLanguage":"es","@id":"https:\/\/annaalbert.com\/es\/#\/schema\/logo\/image\/","url":"https:\/\/annaalbert.com\/wp-content\/uploads\/2021\/01\/horitzontal_fonsblanc-scaled.jpg","contentUrl":"https:\/\/annaalbert.com\/wp-content\/uploads\/2021\/01\/horitzontal_fonsblanc-scaled.jpg","width":2560,"height":779,"caption":"Art en Seda by Anna Albert"},"image":{"@id":"https:\/\/annaalbert.com\/es\/#\/schema\/logo\/image\/"}}]}},"_links":{"self":[{"href":"https:\/\/annaalbert.com\/es\/wp-json\/wp\/v2\/product\/10903","targetHints":{"allow":["GET"]}}],"collection":[{"href":"https:\/\/annaalbert.com\/es\/wp-json\/wp\/v2\/product"}],"about":[{"href":"https:\/\/annaalbert.com\/es\/wp-json\/wp\/v2\/types\/product"}],"replies":[{"embeddable":true,"href":"https:\/\/annaalbert.com\/es\/wp-json\/wp\/v2\/comments?post=10903"}],"wp:featuredmedia":[{"embeddable":true,"href":"https:\/\/annaalbert.com\/es\/wp-json\/wp\/v2\/media\/8345"}],"wp:attachment":[{"href":"https:\/\/annaalbert.com\/es\/wp-json\/wp\/v2\/media?parent=10903"}],"wp:term":[{"taxonomy":"product_brand","embeddable":true,"href":"https:\/\/annaalbert.com\/es\/wp-json\/wp\/v2\/product_brand?post=10903"},{"taxonomy":"product_cat","embeddable":true,"href":"https:\/\/annaalbert.com\/es\/wp-json\/wp\/v2\/product_cat?post=10903"},{"taxonomy":"product_tag","embeddable":true,"href":"https:\/\/annaalbert.com\/es\/wp-json\/wp\/v2\/product_tag?post=10903"}],"curies":[{"name":"wp","href":"https:\/\/api.w.org\/{rel}","templated":true}]}}